{"id":4512,"date":"2024-04-17T13:49:52","date_gmt":"2024-04-17T13:49:52","guid":{"rendered":"https:\/\/skaitytaknyga.lt\/?post_type=product&#038;p=4512"},"modified":"2026-03-18T15:00:19","modified_gmt":"2026-03-18T13:00:19","slug":"lietuvos-garbes-kodas-zenklai-istorija-ir-zmones","status":"publish","type":"product","link":"https:\/\/skaitytaknyga.lt\/en\/produktas\/lietuvos-garbes-kodas-zenklai-istorija-ir-zmones\/","title":{"rendered":"Lietuvos garb\u0117s kodas. \u017denklai, istorija ir \u017emon\u0117s"},"content":{"rendered":"<p>Tai knyga apie \u017emones, nuo XVIII am\u017eiaus iki \u0161i\u0173 dien\u0173 atlikusius svarb\u0173 vaidmen\u012f Lietuvos visuomen\u0117je. Tos asmenyb\u0117s buvo atitinkamai pripa\u017e\u012fstamos tuometini\u0173 valstybini\u0173 strukt\u016br\u0173: Abiej\u0173 Taut\u0173 Respublikos, v\u0117liau bendr\u0105 valstyb\u0119 pasidalijusios Rusijos imperijos, po Vasario 16-osios susik\u016brusios Lietuvos Respublikos. Vienintelis pilietini\u0173 nuopeln\u0173 pripa\u017einimas tada buvo asmens apdovanojimas ordinu.<\/p>\n<p>Dauguma \u010dia pateikiam\u0173 s\u0105ra\u0161\u0173 skelbiami pirm\u0105 kart\u0105. Ypa\u010d unikalus apdovanot\u0173j\u0173 Laisv\u0117s kovos kry\u017eiumi s\u0105ra\u0161as \u2013 kai, okupacijai sunaikinus Lietuvos valstyb\u0119, jos vardu kovotojus ir j\u0173 pagalbininkus \u012fvertino pasiprie\u0161inimo vadovyb\u0117. Tada nuopeln\u0173 \u017eenklai net nebuvo pagaminti, ta\u010diau partizanai stropiai fiksavo valstyb\u0117s gyn\u0117j\u0173 pavardes dokumentuose.<\/p>\n<p>Sausio 13-osios aukos ir Medinink\u0173 didvyriai \u017eymi naujos valstyb\u0117s \u017eingsnius. \u0160ia knyga tariamas \u017eodis \u0161iandieninei kartai: \u0161alies elitas yra ne tie, kurie garsiausiai \u0161aukia ar gali dosniai apmok\u0117ti savo reklam\u0105. Elitas \u2013 tai tos asmenyb\u0117s, kurios savo talentu, pasiaukojamu darbu, didvyri\u0161kumu kuria ateities valstyb\u0119. Jie yra pavyzdys mums. J\u0173 vardai ir veidai verti to, kad mes juos prisimintume.<\/p>\n","protected":false},"excerpt":{"rendered":"<p>Tai knyga apie \u017emones, nuo XVIII am\u017eiaus iki \u0161i\u0173 dien\u0173 atlikusius svarb\u0173 vaidmen\u012f Lietuvos visuomen\u0117je. Tos asmenyb\u0117s buvo atitinkamai pripa\u017e\u012fstamos tuometini\u0173 valstybini\u0173 strukt\u016br\u0173: Abiej\u0173 Taut\u0173 Respublikos, v\u0117liau bendr\u0105 valstyb\u0119 pasidalijusios Rusijos imperijos, po Vasario 16-osios susik\u016brusios Lietuvos Respublikos. Vienintelis pilietini\u0173 nuopeln\u0173 pripa\u017einimas tada buvo asmens apdovanojimas ordinu.<\/p>\n<p>Dauguma \u010dia pateikiam\u0173 s\u0105ra\u0161\u0173 skelbiami pirm\u0105 kart\u0105. Ypa\u010d unikalus apdovanot\u0173j\u0173 Laisv\u0117s kovos kry\u017eiumi s\u0105ra\u0161as \u2013 kai, okupacijai sunaikinus Lietuvos valstyb\u0119, jos vardu kovotojus ir j\u0173 pagalbininkus \u012fvertino pasiprie\u0161inimo vadovyb\u0117. Tada nuopeln\u0173 \u017eenklai net nebuvo pagaminti, ta\u010diau partizanai stropiai fiksavo valstyb\u0117s gyn\u0117j\u0173 pavardes dokumentuose.<\/p>\n<p>Sausio 13-osios aukos ir Medinink\u0173 didvyriai \u017eymi naujos valstyb\u0117s \u017eingsnius. \u0160ia knyga tariamas \u017eodis \u0161iandieninei kartai: \u0161alies elitas yra ne tie, kurie garsiausiai \u0161aukia ar gali dosniai apmok\u0117ti savo reklam\u0105. Elitas \u2013 tai tos asmenyb\u0117s, kurios savo talentu, pasiaukojamu darbu, didvyri\u0161kumu kuria ateities valstyb\u0119. Jie yra pavyzdys mums. J\u0173 vardai ir veidai verti to, kad mes juos prisimintume.<\/p>\n","protected":false},"featured_media":4553,"comment_status":"closed","ping_status":"closed","template":"","meta":{"_acf_changed":false,"site-sidebar-layout":"default","site-content-layout":"","ast-site-content-layout":"default","site-content-style":"default","site-sidebar-style":"default","ast-global-header-display":"","ast-banner-title-visibility":"","ast-main-header-display":"","ast-hfb-above-header-display":"","ast-hfb-below-header-display":"","ast-hfb-mobile-header-display":"","site-post-title":"","ast-breadcrumbs-content":"","ast-featured-img":"","footer-sml-layout":"","ast-disable-related-posts":"","theme-transparent-header-meta":"","adv-header-id-meta":"","stick-header-meta":"","header-above-stick-meta":"","header-main-stick-meta":"","header-below-stick-meta":"","astra-migrate-meta-layouts":"default","ast-page-background-enabled":"default","ast-page-background-meta":{"desktop":{"background-color":"","background-image":"","background-repeat":"repeat","background-position":"center center","background-size":"auto","background-attachment":"scroll","background-type":"","background-media":"","overlay-type":"","overlay-color":"","overlay-opacity":"","overlay-gradient":""},"tablet":{"background-color":"","background-image":"","background-repeat":"repeat","background-position":"center center","background-size":"auto","background-attachment":"scroll","background-type":"","background-media":"","overlay-type":"","overlay-color":"","overlay-opacity":"","overlay-gradient":""},"mobile":{"background-color":"","background-image":"","background-repeat":"repeat","background-position":"center center","background-size":"auto","background-attachment":"scroll","background-type":"","background-media":"","overlay-type":"","overlay-color":"","overlay-opacity":"","overlay-gradient":""}},"ast-content-background-meta":{"desktop":{"background-color":"var(--ast-global-color-4)","background-image":"","background-repeat":"repeat","background-position":"center center","background-size":"auto","background-attachment":"scroll","background-type":"","background-media":"","overlay-type":"","overlay-color":"","overlay-opacity":"","overlay-gradient":""},"tablet":{"background-color":"var(--ast-global-color-4)","background-image":"","background-repeat":"repeat","background-position":"center center","background-size":"auto","background-attachment":"scroll","background-type":"","background-media":"","overlay-type":"","overlay-color":"","overlay-opacity":"","overlay-gradient":""},"mobile":{"background-color":"var(--ast-global-color-4)","background-image":"","background-repeat":"repeat","background-position":"center center","background-size":"auto","background-attachment":"scroll","background-type":"","background-media":"","overlay-type":"","overlay-color":"","overlay-opacity":"","overlay-gradient":""}}},"product_brand":[],"product_cat":[33,174,9862],"product_tag":[],"class_list":{"0":"post-4512","1":"product","2":"type-product","3":"status-publish","4":"has-post-thumbnail","6":"product_cat-biografijos","7":"product_cat-istorija-ir-politologija","8":"product_cat-lietuvos-istorija","9":"pa_leidimo-metai-714","10":"desktop-align-left","11":"tablet-align-left","12":"mobile-align-left","14":"first","15":"instock","16":"shipping-taxable","17":"purchasable","18":"product-type-simple"},"acf":[],"yoast_head":"<!-- This site is optimized with the Yoast SEO plugin v27.4 - https:\/\/yoast.com\/product\/yoast-seo-wordpress\/ -->\n<title>Lietuvos garb\u0117s kodas. \u017denklai, istorija ir \u017emon\u0117s<\/title>\n<meta name=\"description\" content=\"Tai knyga apie \u017emones, nuo XVIII am\u017eiaus iki \u0161i\u0173 dien\u0173 atlikusius svarb\u0173 vaidmen\u012f Lietuvos visuomen\u0117je. Tos asmenyb\u0117s buvo atitinkamai pripa\u017e\u012fstamos tuometini\u0173 valstybini\u0173 strukt\u016br\u0173: Abiej\u0173 Taut\u0173 Respublikos, v\u0117liau bendr\u0105 valstyb\u0119 pasidalijusios Rusijos imperijos, po Vasario 16-osios susik\u016brusios Lietuvos Respublikos. Vienintelis pilietini\u0173 nuopeln\u0173 pripa\u017einimas tada buvo asmens apdovanojimas ordinu.  Dauguma \u010dia pateikiam\u0173 s\u0105ra\u0161\u0173 skelbiami pirm\u0105 kart\u0105. Ypa\u010d unikalus apdovanot\u0173j\u0173 Laisv\u0117s kovos kry\u017eiumi s\u0105ra\u0161as \u2013 kai, okupacijai sunaikinus Lietuvos valstyb\u0119, jos vardu kovotojus ir j\u0173 pagalbininkus \u012fvertino pasiprie\u0161inimo vadovyb\u0117. Tada nuopeln\u0173 \u017eenklai net nebuvo pagaminti, ta\u010diau partizanai stropiai fiksavo valstyb\u0117s gyn\u0117j\u0173 pavardes dokumentuose.  Sausio 13-osios aukos ir Medinink\u0173 didvyriai \u017eymi naujos valstyb\u0117s \u017eingsnius. \u0160ia knyga tariamas \u017eodis \u0161iandieninei kartai: \u0161alies elitas yra ne tie, kurie garsiausiai \u0161aukia ar gali dosniai apmok\u0117ti savo reklam\u0105. Elitas \u2013 tai tos asmenyb\u0117s, kurios savo talentu, pasiaukojamu darbu, didvyri\u0161kumu kuria ateities valstyb\u0119. Jie yra pavyzdys mums. J\u0173 vardai ir veidai verti to, kad mes juos prisimintume.\" \/>\n<meta name=\"robots\" content=\"index, follow, max-snippet:-1, max-image-preview:large, max-video-preview:-1\" \/>\n<link rel=\"canonical\" href=\"https:\/\/skaitytaknyga.lt\/en\/produktas\/lietuvos-garbes-kodas-zenklai-istorija-ir-zmones\/\" \/>\n<meta property=\"og:locale\" content=\"en_GB\" \/>\n<meta property=\"og:locale:alternate\" content=\"lt_LT\" \/>\n<meta property=\"og:type\" content=\"article\" \/>\n<meta property=\"og:title\" content=\"Lietuvos garb\u0117s kodas. \u017denklai, istorija ir \u017emon\u0117s\" \/>\n<meta property=\"og:description\" content=\"Tai knyga apie \u017emones, nuo XVIII am\u017eiaus iki \u0161i\u0173 dien\u0173 atlikusius svarb\u0173 vaidmen\u012f Lietuvos visuomen\u0117je. Tos asmenyb\u0117s buvo atitinkamai pripa\u017e\u012fstamos tuometini\u0173 valstybini\u0173 strukt\u016br\u0173: Abiej\u0173 Taut\u0173 Respublikos, v\u0117liau bendr\u0105 valstyb\u0119 pasidalijusios Rusijos imperijos, po Vasario 16-osios susik\u016brusios Lietuvos Respublikos. Vienintelis pilietini\u0173 nuopeln\u0173 pripa\u017einimas tada buvo asmens apdovanojimas ordinu.  Dauguma \u010dia pateikiam\u0173 s\u0105ra\u0161\u0173 skelbiami pirm\u0105 kart\u0105. Ypa\u010d unikalus apdovanot\u0173j\u0173 Laisv\u0117s kovos kry\u017eiumi s\u0105ra\u0161as \u2013 kai, okupacijai sunaikinus Lietuvos valstyb\u0119, jos vardu kovotojus ir j\u0173 pagalbininkus \u012fvertino pasiprie\u0161inimo vadovyb\u0117. Tada nuopeln\u0173 \u017eenklai net nebuvo pagaminti, ta\u010diau partizanai stropiai fiksavo valstyb\u0117s gyn\u0117j\u0173 pavardes dokumentuose.  Sausio 13-osios aukos ir Medinink\u0173 didvyriai \u017eymi naujos valstyb\u0117s \u017eingsnius. \u0160ia knyga tariamas \u017eodis \u0161iandieninei kartai: \u0161alies elitas yra ne tie, kurie garsiausiai \u0161aukia ar gali dosniai apmok\u0117ti savo reklam\u0105. Elitas \u2013 tai tos asmenyb\u0117s, kurios savo talentu, pasiaukojamu darbu, didvyri\u0161kumu kuria ateities valstyb\u0119. Jie yra pavyzdys mums. J\u0173 vardai ir veidai verti to, kad mes juos prisimintume.\" \/>\n<meta property=\"og:url\" content=\"https:\/\/skaitytaknyga.lt\/en\/produktas\/lietuvos-garbes-kodas-zenklai-istorija-ir-zmones\/\" \/>\n<meta property=\"og:site_name\" content=\"Skaitytaknyga\" \/>\n<meta property=\"article:publisher\" content=\"https:\/\/www.facebook.com\/skaitytaknyga\/\" \/>\n<meta property=\"article:modified_time\" content=\"2026-03-18T13:00:19+00:00\" \/>\n<meta property=\"og:image\" content=\"https:\/\/skaitytaknyga.lt\/wp-content\/uploads\/2024\/04\/vasara23-2.jpg\" \/>\n\t<meta property=\"og:image:width\" content=\"313\" \/>\n\t<meta property=\"og:image:height\" content=\"430\" \/>\n\t<meta property=\"og:image:type\" content=\"image\/jpeg\" \/>\n<meta name=\"twitter:card\" content=\"summary_large_image\" \/>\n<meta name=\"twitter:label1\" content=\"Estimated reading time\" \/>\n\t<meta name=\"twitter:data1\" content=\"1 minute\" \/>\n<script type=\"application\/ld+json\" class=\"yoast-schema-graph\">{\"@context\":\"https:\\\/\\\/schema.org\",\"@graph\":[{\"@type\":\"WebPage\",\"@id\":\"https:\\\/\\\/skaitytaknyga.lt\\\/produktas\\\/lietuvos-garbes-kodas-zenklai-istorija-ir-zmones\\\/\",\"url\":\"https:\\\/\\\/skaitytaknyga.lt\\\/produktas\\\/lietuvos-garbes-kodas-zenklai-istorija-ir-zmones\\\/\",\"name\":\"Lietuvos garb\u0117s kodas. \u017denklai, istorija ir \u017emon\u0117s\",\"isPartOf\":{\"@id\":\"https:\\\/\\\/skaitytaknyga.lt\\\/#website\"},\"primaryImageOfPage\":{\"@id\":\"https:\\\/\\\/skaitytaknyga.lt\\\/produktas\\\/lietuvos-garbes-kodas-zenklai-istorija-ir-zmones\\\/#primaryimage\"},\"image\":{\"@id\":\"https:\\\/\\\/skaitytaknyga.lt\\\/produktas\\\/lietuvos-garbes-kodas-zenklai-istorija-ir-zmones\\\/#primaryimage\"},\"thumbnailUrl\":\"https:\\\/\\\/skaitytaknyga.lt\\\/wp-content\\\/uploads\\\/2024\\\/04\\\/vasara23-2.jpg\",\"datePublished\":\"2024-04-17T13:49:52+00:00\",\"dateModified\":\"2026-03-18T13:00:19+00:00\",\"description\":\"Tai knyga apie \u017emones, nuo XVIII am\u017eiaus iki \u0161i\u0173 dien\u0173 atlikusius svarb\u0173 vaidmen\u012f Lietuvos visuomen\u0117je. Tos asmenyb\u0117s buvo atitinkamai pripa\u017e\u012fstamos tuometini\u0173 valstybini\u0173 strukt\u016br\u0173: Abiej\u0173 Taut\u0173 Respublikos, v\u0117liau bendr\u0105 valstyb\u0119 pasidalijusios Rusijos imperijos, po Vasario 16-osios susik\u016brusios Lietuvos Respublikos. Vienintelis pilietini\u0173 nuopeln\u0173 pripa\u017einimas tada buvo asmens apdovanojimas ordinu. Dauguma \u010dia pateikiam\u0173 s\u0105ra\u0161\u0173 skelbiami pirm\u0105 kart\u0105. Ypa\u010d unikalus apdovanot\u0173j\u0173 Laisv\u0117s kovos kry\u017eiumi s\u0105ra\u0161as \u2013 kai, okupacijai sunaikinus Lietuvos valstyb\u0119, jos vardu kovotojus ir j\u0173 pagalbininkus \u012fvertino pasiprie\u0161inimo vadovyb\u0117. Tada nuopeln\u0173 \u017eenklai net nebuvo pagaminti, ta\u010diau partizanai stropiai fiksavo valstyb\u0117s gyn\u0117j\u0173 pavardes dokumentuose. Sausio 13-osios aukos ir Medinink\u0173 didvyriai \u017eymi naujos valstyb\u0117s \u017eingsnius. \u0160ia knyga tariamas \u017eodis \u0161iandieninei kartai: \u0161alies elitas yra ne tie, kurie garsiausiai \u0161aukia ar gali dosniai apmok\u0117ti savo reklam\u0105. Elitas \u2013 tai tos asmenyb\u0117s, kurios savo talentu, pasiaukojamu darbu, didvyri\u0161kumu kuria ateities valstyb\u0119. Jie yra pavyzdys mums. J\u0173 vardai ir veidai verti to, kad mes juos prisimintume.\",\"breadcrumb\":{\"@id\":\"https:\\\/\\\/skaitytaknyga.lt\\\/produktas\\\/lietuvos-garbes-kodas-zenklai-istorija-ir-zmones\\\/#breadcrumb\"},\"inLanguage\":\"en-GB\",\"potentialAction\":[{\"@type\":\"ReadAction\",\"target\":[\"https:\\\/\\\/skaitytaknyga.lt\\\/produktas\\\/lietuvos-garbes-kodas-zenklai-istorija-ir-zmones\\\/\"]}]},{\"@type\":\"ImageObject\",\"inLanguage\":\"en-GB\",\"@id\":\"https:\\\/\\\/skaitytaknyga.lt\\\/produktas\\\/lietuvos-garbes-kodas-zenklai-istorija-ir-zmones\\\/#primaryimage\",\"url\":\"https:\\\/\\\/skaitytaknyga.lt\\\/wp-content\\\/uploads\\\/2024\\\/04\\\/vasara23-2.jpg\",\"contentUrl\":\"https:\\\/\\\/skaitytaknyga.lt\\\/wp-content\\\/uploads\\\/2024\\\/04\\\/vasara23-2.jpg\",\"width\":313,\"height\":430},{\"@type\":\"BreadcrumbList\",\"@id\":\"https:\\\/\\\/skaitytaknyga.lt\\\/produktas\\\/lietuvos-garbes-kodas-zenklai-istorija-ir-zmones\\\/#breadcrumb\",\"itemListElement\":[{\"@type\":\"ListItem\",\"position\":1,\"name\":\"Home\",\"item\":\"https:\\\/\\\/skaitytaknyga.lt\\\/\"},{\"@type\":\"ListItem\",\"position\":2,\"name\":\"Parduotuv\u0117\",\"item\":\"https:\\\/\\\/skaitytaknyga.lt\\\/knygu-parduotuve\\\/\"},{\"@type\":\"ListItem\",\"position\":3,\"name\":\"Lietuvos garb\u0117s kodas. \u017denklai, istorija ir \u017emon\u0117s\"}]},{\"@type\":\"WebSite\",\"@id\":\"https:\\\/\\\/skaitytaknyga.lt\\\/#website\",\"url\":\"https:\\\/\\\/skaitytaknyga.lt\\\/\",\"name\":\"skaitytaknyga.lt\",\"description\":\"Skaitytaknyga.lt \u2013 tai ma\u017eas \u0161eimos verslas, kuris prasid\u0117jo nuo meil\u0117s knygoms ir siekio i\u0161gelb\u0117ti knygas nuo likimo prie konteinerio. Kas vienam nereikalingas daiktas \u2013 kitam lobis, o mes esame tarpininkai, kurie padeda abiems tapti laimingesniems ???? \u017dinome kaip nelengva i\u0161gyventi ma\u017eiems verslams, tad nuo \u0161iol, \u010dia rasite ir kit\u0173, ma\u017e\u0173 \u0161eim\u0173 versl\u0173, rank\u0173 darbo, dovan\u0173 sau ir artimiesiems.\",\"publisher\":{\"@id\":\"https:\\\/\\\/skaitytaknyga.lt\\\/#organization\"},\"potentialAction\":[{\"@type\":\"SearchAction\",\"target\":{\"@type\":\"EntryPoint\",\"urlTemplate\":\"https:\\\/\\\/skaitytaknyga.lt\\\/?s={search_term_string}\"},\"query-input\":{\"@type\":\"PropertyValueSpecification\",\"valueRequired\":true,\"valueName\":\"search_term_string\"}}],\"inLanguage\":\"en-GB\"},{\"@type\":\"Organization\",\"@id\":\"https:\\\/\\\/skaitytaknyga.lt\\\/#organization\",\"name\":\"skaitytaknyga.lt\",\"url\":\"https:\\\/\\\/skaitytaknyga.lt\\\/\",\"logo\":{\"@type\":\"ImageObject\",\"inLanguage\":\"en-GB\",\"@id\":\"https:\\\/\\\/skaitytaknyga.lt\\\/#\\\/schema\\\/logo\\\/image\\\/\",\"url\":\"https:\\\/\\\/skaitytaknyga.lt\\\/wp-content\\\/uploads\\\/2024\\\/05\\\/cropped-cropped-cropped-02_00843_jt3bggkj1j3HLc7SyY6rEUpg.jpeg\",\"contentUrl\":\"https:\\\/\\\/skaitytaknyga.lt\\\/wp-content\\\/uploads\\\/2024\\\/05\\\/cropped-cropped-cropped-02_00843_jt3bggkj1j3HLc7SyY6rEUpg.jpeg\",\"width\":1600,\"height\":1600,\"caption\":\"skaitytaknyga.lt\"},\"image\":{\"@id\":\"https:\\\/\\\/skaitytaknyga.lt\\\/#\\\/schema\\\/logo\\\/image\\\/\"},\"sameAs\":[\"https:\\\/\\\/www.facebook.com\\\/skaitytaknyga\\\/\"]}]}<\/script>\n<!-- \/ Yoast SEO plugin. -->","yoast_head_json":{"title":"Lietuvos garb\u0117s kodas. \u017denklai, istorija ir \u017emon\u0117s","description":"Tai knyga apie \u017emones, nuo XVIII am\u017eiaus iki \u0161i\u0173 dien\u0173 atlikusius svarb\u0173 vaidmen\u012f Lietuvos visuomen\u0117je. Tos asmenyb\u0117s buvo atitinkamai pripa\u017e\u012fstamos tuometini\u0173 valstybini\u0173 strukt\u016br\u0173: Abiej\u0173 Taut\u0173 Respublikos, v\u0117liau bendr\u0105 valstyb\u0119 pasidalijusios Rusijos imperijos, po Vasario 16-osios susik\u016brusios Lietuvos Respublikos. Vienintelis pilietini\u0173 nuopeln\u0173 pripa\u017einimas tada buvo asmens apdovanojimas ordinu.  Dauguma \u010dia pateikiam\u0173 s\u0105ra\u0161\u0173 skelbiami pirm\u0105 kart\u0105. Ypa\u010d unikalus apdovanot\u0173j\u0173 Laisv\u0117s kovos kry\u017eiumi s\u0105ra\u0161as \u2013 kai, okupacijai sunaikinus Lietuvos valstyb\u0119, jos vardu kovotojus ir j\u0173 pagalbininkus \u012fvertino pasiprie\u0161inimo vadovyb\u0117. Tada nuopeln\u0173 \u017eenklai net nebuvo pagaminti, ta\u010diau partizanai stropiai fiksavo valstyb\u0117s gyn\u0117j\u0173 pavardes dokumentuose.  Sausio 13-osios aukos ir Medinink\u0173 didvyriai \u017eymi naujos valstyb\u0117s \u017eingsnius. \u0160ia knyga tariamas \u017eodis \u0161iandieninei kartai: \u0161alies elitas yra ne tie, kurie garsiausiai \u0161aukia ar gali dosniai apmok\u0117ti savo reklam\u0105. Elitas \u2013 tai tos asmenyb\u0117s, kurios savo talentu, pasiaukojamu darbu, didvyri\u0161kumu kuria ateities valstyb\u0119. Jie yra pavyzdys mums. J\u0173 vardai ir veidai verti to, kad mes juos prisimintume.","robots":{"index":"index","follow":"follow","max-snippet":"max-snippet:-1","max-image-preview":"max-image-preview:large","max-video-preview":"max-video-preview:-1"},"canonical":"https:\/\/skaitytaknyga.lt\/en\/produktas\/lietuvos-garbes-kodas-zenklai-istorija-ir-zmones\/","og_locale":"en_GB","og_type":"article","og_title":"[:lt]Lietuvos garb\u0117s kodas. \u017denklai, istorija ir \u017emon\u0117s[:] - Skaitytaknyga","og_description":"Tai knyga apie \u017emones, nuo XVIII am\u017eiaus iki \u0161i\u0173 dien\u0173 atlikusius svarb\u0173 vaidmen\u012f Lietuvos visuomen\u0117je. Tos asmenyb\u0117s buvo atitinkamai pripa\u017e\u012fstamos tuometini\u0173 valstybini\u0173 strukt\u016br\u0173: Abiej\u0173 Taut\u0173 Respublikos, v\u0117liau bendr\u0105 valstyb\u0119 pasidalijusios Rusijos imperijos, po Vasario 16-osios susik\u016brusios Lietuvos Respublikos. Vienintelis pilietini\u0173 nuopeln\u0173 pripa\u017einimas tada buvo asmens apdovanojimas ordinu.  Dauguma \u010dia pateikiam\u0173 s\u0105ra\u0161\u0173 skelbiami pirm\u0105 kart\u0105. Ypa\u010d unikalus apdovanot\u0173j\u0173 Laisv\u0117s kovos kry\u017eiumi s\u0105ra\u0161as \u2013 kai, okupacijai sunaikinus Lietuvos valstyb\u0119, jos vardu kovotojus ir j\u0173 pagalbininkus \u012fvertino pasiprie\u0161inimo vadovyb\u0117. Tada nuopeln\u0173 \u017eenklai net nebuvo pagaminti, ta\u010diau partizanai stropiai fiksavo valstyb\u0117s gyn\u0117j\u0173 pavardes dokumentuose.  Sausio 13-osios aukos ir Medinink\u0173 didvyriai \u017eymi naujos valstyb\u0117s \u017eingsnius. \u0160ia knyga tariamas \u017eodis \u0161iandieninei kartai: \u0161alies elitas yra ne tie, kurie garsiausiai \u0161aukia ar gali dosniai apmok\u0117ti savo reklam\u0105. Elitas \u2013 tai tos asmenyb\u0117s, kurios savo talentu, pasiaukojamu darbu, didvyri\u0161kumu kuria ateities valstyb\u0119. Jie yra pavyzdys mums. J\u0173 vardai ir veidai verti to, kad mes juos prisimintume.","og_url":"https:\/\/skaitytaknyga.lt\/en\/produktas\/lietuvos-garbes-kodas-zenklai-istorija-ir-zmones\/","og_site_name":"Skaitytaknyga","article_publisher":"https:\/\/www.facebook.com\/skaitytaknyga\/","article_modified_time":"2026-03-18T13:00:19+00:00","og_image":[{"width":313,"height":430,"url":"https:\/\/skaitytaknyga.lt\/wp-content\/uploads\/2024\/04\/vasara23-2.jpg","type":"image\/jpeg"}],"twitter_card":"summary_large_image","twitter_misc":{"Estimated reading time":"1 minute"},"schema":{"@context":"https:\/\/schema.org","@graph":[{"@type":"WebPage","@id":"https:\/\/skaitytaknyga.lt\/produktas\/lietuvos-garbes-kodas-zenklai-istorija-ir-zmones\/","url":"https:\/\/skaitytaknyga.lt\/produktas\/lietuvos-garbes-kodas-zenklai-istorija-ir-zmones\/","name":"Lietuvos garb\u0117s kodas. \u017denklai, istorija ir \u017emon\u0117s","isPartOf":{"@id":"https:\/\/skaitytaknyga.lt\/#website"},"primaryImageOfPage":{"@id":"https:\/\/skaitytaknyga.lt\/produktas\/lietuvos-garbes-kodas-zenklai-istorija-ir-zmones\/#primaryimage"},"image":{"@id":"https:\/\/skaitytaknyga.lt\/produktas\/lietuvos-garbes-kodas-zenklai-istorija-ir-zmones\/#primaryimage"},"thumbnailUrl":"https:\/\/skaitytaknyga.lt\/wp-content\/uploads\/2024\/04\/vasara23-2.jpg","datePublished":"2024-04-17T13:49:52+00:00","dateModified":"2026-03-18T13:00:19+00:00","description":"Tai knyga apie \u017emones, nuo XVIII am\u017eiaus iki \u0161i\u0173 dien\u0173 atlikusius svarb\u0173 vaidmen\u012f Lietuvos visuomen\u0117je. Tos asmenyb\u0117s buvo atitinkamai pripa\u017e\u012fstamos tuometini\u0173 valstybini\u0173 strukt\u016br\u0173: Abiej\u0173 Taut\u0173 Respublikos, v\u0117liau bendr\u0105 valstyb\u0119 pasidalijusios Rusijos imperijos, po Vasario 16-osios susik\u016brusios Lietuvos Respublikos. Vienintelis pilietini\u0173 nuopeln\u0173 pripa\u017einimas tada buvo asmens apdovanojimas ordinu. Dauguma \u010dia pateikiam\u0173 s\u0105ra\u0161\u0173 skelbiami pirm\u0105 kart\u0105. Ypa\u010d unikalus apdovanot\u0173j\u0173 Laisv\u0117s kovos kry\u017eiumi s\u0105ra\u0161as \u2013 kai, okupacijai sunaikinus Lietuvos valstyb\u0119, jos vardu kovotojus ir j\u0173 pagalbininkus \u012fvertino pasiprie\u0161inimo vadovyb\u0117. Tada nuopeln\u0173 \u017eenklai net nebuvo pagaminti, ta\u010diau partizanai stropiai fiksavo valstyb\u0117s gyn\u0117j\u0173 pavardes dokumentuose. Sausio 13-osios aukos ir Medinink\u0173 didvyriai \u017eymi naujos valstyb\u0117s \u017eingsnius. \u0160ia knyga tariamas \u017eodis \u0161iandieninei kartai: \u0161alies elitas yra ne tie, kurie garsiausiai \u0161aukia ar gali dosniai apmok\u0117ti savo reklam\u0105. Elitas \u2013 tai tos asmenyb\u0117s, kurios savo talentu, pasiaukojamu darbu, didvyri\u0161kumu kuria ateities valstyb\u0119. Jie yra pavyzdys mums. J\u0173 vardai ir veidai verti to, kad mes juos prisimintume.","breadcrumb":{"@id":"https:\/\/skaitytaknyga.lt\/produktas\/lietuvos-garbes-kodas-zenklai-istorija-ir-zmones\/#breadcrumb"},"inLanguage":"en-GB","potentialAction":[{"@type":"ReadAction","target":["https:\/\/skaitytaknyga.lt\/produktas\/lietuvos-garbes-kodas-zenklai-istorija-ir-zmones\/"]}]},{"@type":"ImageObject","inLanguage":"en-GB","@id":"https:\/\/skaitytaknyga.lt\/produktas\/lietuvos-garbes-kodas-zenklai-istorija-ir-zmones\/#primaryimage","url":"https:\/\/skaitytaknyga.lt\/wp-content\/uploads\/2024\/04\/vasara23-2.jpg","contentUrl":"https:\/\/skaitytaknyga.lt\/wp-content\/uploads\/2024\/04\/vasara23-2.jpg","width":313,"height":430},{"@type":"BreadcrumbList","@id":"https:\/\/skaitytaknyga.lt\/produktas\/lietuvos-garbes-kodas-zenklai-istorija-ir-zmones\/#breadcrumb","itemListElement":[{"@type":"ListItem","position":1,"name":"Home","item":"https:\/\/skaitytaknyga.lt\/"},{"@type":"ListItem","position":2,"name":"Parduotuv\u0117","item":"https:\/\/skaitytaknyga.lt\/knygu-parduotuve\/"},{"@type":"ListItem","position":3,"name":"Lietuvos garb\u0117s kodas. \u017denklai, istorija ir \u017emon\u0117s"}]},{"@type":"WebSite","@id":"https:\/\/skaitytaknyga.lt\/#website","url":"https:\/\/skaitytaknyga.lt\/","name":"skaitytaknyga.lt","description":"Skaitytaknyga.lt \u2013 tai ma\u017eas \u0161eimos verslas, kuris prasid\u0117jo nuo meil\u0117s knygoms ir siekio i\u0161gelb\u0117ti knygas nuo likimo prie konteinerio. Kas vienam nereikalingas daiktas \u2013 kitam lobis, o mes esame tarpininkai, kurie padeda abiems tapti laimingesniems ???? \u017dinome kaip nelengva i\u0161gyventi ma\u017eiems verslams, tad nuo \u0161iol, \u010dia rasite ir kit\u0173, ma\u017e\u0173 \u0161eim\u0173 versl\u0173, rank\u0173 darbo, dovan\u0173 sau ir artimiesiems.","publisher":{"@id":"https:\/\/skaitytaknyga.lt\/#organization"},"potentialAction":[{"@type":"SearchAction","target":{"@type":"EntryPoint","urlTemplate":"https:\/\/skaitytaknyga.lt\/?s={search_term_string}"},"query-input":{"@type":"PropertyValueSpecification","valueRequired":true,"valueName":"search_term_string"}}],"inLanguage":"en-GB"},{"@type":"Organization","@id":"https:\/\/skaitytaknyga.lt\/#organization","name":"skaitytaknyga.lt","url":"https:\/\/skaitytaknyga.lt\/","logo":{"@type":"ImageObject","inLanguage":"en-GB","@id":"https:\/\/skaitytaknyga.lt\/#\/schema\/logo\/image\/","url":"https:\/\/skaitytaknyga.lt\/wp-content\/uploads\/2024\/05\/cropped-cropped-cropped-02_00843_jt3bggkj1j3HLc7SyY6rEUpg.jpeg","contentUrl":"https:\/\/skaitytaknyga.lt\/wp-content\/uploads\/2024\/05\/cropped-cropped-cropped-02_00843_jt3bggkj1j3HLc7SyY6rEUpg.jpeg","width":1600,"height":1600,"caption":"skaitytaknyga.lt"},"image":{"@id":"https:\/\/skaitytaknyga.lt\/#\/schema\/logo\/image\/"},"sameAs":["https:\/\/www.facebook.com\/skaitytaknyga\/"]}]}},"_links":{"self":[{"href":"https:\/\/skaitytaknyga.lt\/en\/wp-json\/wp\/v2\/product\/4512","targetHints":{"allow":["GET"]}}],"collection":[{"href":"https:\/\/skaitytaknyga.lt\/en\/wp-json\/wp\/v2\/product"}],"about":[{"href":"https:\/\/skaitytaknyga.lt\/en\/wp-json\/wp\/v2\/types\/product"}],"replies":[{"embeddable":true,"href":"https:\/\/skaitytaknyga.lt\/en\/wp-json\/wp\/v2\/comments?post=4512"}],"wp:featuredmedia":[{"embeddable":true,"href":"https:\/\/skaitytaknyga.lt\/en\/wp-json\/wp\/v2\/media\/4553"}],"wp:attachment":[{"href":"https:\/\/skaitytaknyga.lt\/en\/wp-json\/wp\/v2\/media?parent=4512"}],"wp:term":[{"taxonomy":"product_brand","embeddable":true,"href":"https:\/\/skaitytaknyga.lt\/en\/wp-json\/wp\/v2\/product_brand?post=4512"},{"taxonomy":"product_cat","embeddable":true,"href":"https:\/\/skaitytaknyga.lt\/en\/wp-json\/wp\/v2\/product_cat?post=4512"},{"taxonomy":"product_tag","embeddable":true,"href":"https:\/\/skaitytaknyga.lt\/en\/wp-json\/wp\/v2\/product_tag?post=4512"}],"curies":[{"name":"wp","href":"https:\/\/api.w.org\/{rel}","templated":true}]}}