{"id":4492,"date":"2024-04-17T13:49:28","date_gmt":"2024-04-17T13:49:28","guid":{"rendered":"https:\/\/skaitytaknyga.lt\/?post_type=product&#038;p=4492"},"modified":"2024-05-03T07:25:27","modified_gmt":"2024-05-03T07:25:27","slug":"prane-dunduliene-duona-lietuviu-buityje-ir-paprociuose","status":"publish","type":"product","link":"https:\/\/skaitytaknyga.lt\/en\/produktas\/prane-dunduliene-duona-lietuviu-buityje-ir-paprociuose\/","title":{"rendered":"Pran\u0117 Dundulien\u0117 \u201eDuona lietuvi\u0173 buityje ir papro\u010diuose\u201c"},"content":{"rendered":"<p>\u017dinoma m\u016bs\u0173 tautos istorik\u0117 ir etnograf\u0117\u00a0<strong>Pran\u0117 Dundulien\u0117<\/strong>, remdamasi lietuvi\u0173 etnografija ir kitais \u0161altiniais, pirm\u0105 kart\u0105 taip nuosekliai ir i\u0161samiai pasakoja apie duonos reik\u0161m\u0119 tautos buityje ir istorijoje, jai rei\u0161kiam\u0105 pagarb\u0105, apra\u0161o s\u0117jos, rugiapj\u016bt\u0117s, k\u016blimo, duonos kepimo paro\u010dius, pateikia patarli\u0173 ir prie\u017eod\u017ei\u0173. Leidinys iliustruotas. Skiriama jaunimui. Kalbos duomenys ir apeig\u0173 papro\u010diai rodo, kad lietuviai duon\u0105 valg\u0117 nuo labai sen\u0173 laik\u0173. Ji pla\u010diai minima seniausiuose liaudies k\u016brybos \u017eanruose: smulkiojoje tautosakoje, sutartin\u0117se, sakm\u0117se, tik\u0117jimuose, kalendorin\u0117se ir agrarin\u0117se apeigose ir kitur. Sen\u0173 senov\u0117je duona buvo suasmeninta ir sudievinta. Remdamasi lietuvi\u0173 etnografijos ir kitais \u0161altiniais, autor\u0117 \u0161ioje knygoje i\u0161samiai pasakoja apie duonos viet\u0105 tautos buityje ir pagarbos jai i\u0161rai\u0161k\u0105 \u012fvairiose \u017eemdirbi\u0173 apeigose.<\/p>\n","protected":false},"excerpt":{"rendered":"<p>\u017dinoma m\u016bs\u0173 tautos istorik\u0117 ir etnograf\u0117\u00a0<strong>Pran\u0117 Dundulien\u0117<\/strong>, remdamasi lietuvi\u0173 etnografija ir kitais \u0161altiniais, pirm\u0105 kart\u0105 taip nuosekliai ir i\u0161samiai pasakoja apie duonos reik\u0161m\u0119 tautos buityje ir istorijoje, jai rei\u0161kiam\u0105 pagarb\u0105, apra\u0161o s\u0117jos, rugiapj\u016bt\u0117s, k\u016blimo, duonos kepimo paro\u010dius, pateikia patarli\u0173 ir prie\u017eod\u017ei\u0173. Leidinys iliustruotas. Skiriama jaunimui. Kalbos duomenys ir apeig\u0173 papro\u010diai rodo, kad lietuviai duon\u0105 valg\u0117 nuo labai sen\u0173 laik\u0173. Ji pla\u010diai minima seniausiuose liaudies k\u016brybos \u017eanruose: smulkiojoje tautosakoje, sutartin\u0117se, sakm\u0117se, tik\u0117jimuose, kalendorin\u0117se ir agrarin\u0117se apeigose ir kitur. Sen\u0173 senov\u0117je duona buvo suasmeninta ir sudievinta. Remdamasi lietuvi\u0173 etnografijos ir kitais \u0161altiniais, autor\u0117 \u0161ioje knygoje i\u0161samiai pasakoja apie duonos viet\u0105 tautos buityje ir pagarbos jai i\u0161rai\u0161k\u0105 \u012fvairiose \u017eemdirbi\u0173 apeigose.<\/p>\n","protected":false},"featured_media":4549,"comment_status":"closed","ping_status":"closed","template":"","meta":{"_acf_changed":false,"site-sidebar-layout":"default","site-content-layout":"","ast-site-content-layout":"default","site-content-style":"default","site-sidebar-style":"default","ast-global-header-display":"","ast-banner-title-visibility":"","ast-main-header-display":"","ast-hfb-above-header-display":"","ast-hfb-below-header-display":"","ast-hfb-mobile-header-display":"","site-post-title":"","ast-breadcrumbs-content":"","ast-featured-img":"","footer-sml-layout":"","ast-disable-related-posts":"","theme-transparent-header-meta":"","adv-header-id-meta":"","stick-header-meta":"","header-above-stick-meta":"","header-main-stick-meta":"","header-below-stick-meta":"","astra-migrate-meta-layouts":"default","ast-page-background-enabled":"default","ast-page-background-meta":{"desktop":{"background-color":"","background-image":"","background-repeat":"repeat","background-position":"center center","background-size":"auto","background-attachment":"scroll","background-type":"","background-media":"","overlay-type":"","overlay-color":"","overlay-opacity":"","overlay-gradient":""},"tablet":{"background-color":"","background-image":"","background-repeat":"repeat","background-position":"center center","background-size":"auto","background-attachment":"scroll","background-type":"","background-media":"","overlay-type":"","overlay-color":"","overlay-opacity":"","overlay-gradient":""},"mobile":{"background-color":"","background-image":"","background-repeat":"repeat","background-position":"center center","background-size":"auto","background-attachment":"scroll","background-type":"","background-media":"","overlay-type":"","overlay-color":"","overlay-opacity":"","overlay-gradient":""}},"ast-content-background-meta":{"desktop":{"background-color":"var(--ast-global-color-4)","background-image":"","background-repeat":"repeat","background-position":"center center","background-size":"auto","background-attachment":"scroll","background-type":"","background-media":"","overlay-type":"","overlay-color":"","overlay-opacity":"","overlay-gradient":""},"tablet":{"background-color":"var(--ast-global-color-4)","background-image":"","background-repeat":"repeat","background-position":"center center","background-size":"auto","background-attachment":"scroll","background-type":"","background-media":"","overlay-type":"","overlay-color":"","overlay-opacity":"","overlay-gradient":""},"mobile":{"background-color":"var(--ast-global-color-4)","background-image":"","background-repeat":"repeat","background-position":"center center","background-size":"auto","background-attachment":"scroll","background-type":"","background-media":"","overlay-type":"","overlay-color":"","overlay-opacity":"","overlay-gradient":""}}},"product_brand":[],"product_cat":[174],"product_tag":[],"class_list":{"0":"post-4492","1":"product","2":"type-product","3":"status-publish","4":"has-post-thumbnail","6":"product_cat-istorija-ir-politologija","7":"pa_leidimo-metai-680","8":"desktop-align-left","9":"tablet-align-left","10":"mobile-align-left","12":"first","13":"instock","14":"shipping-taxable","15":"purchasable","16":"product-type-simple"},"acf":[],"yoast_head":"<!-- This site is optimized with the Yoast SEO plugin v27.0 - https:\/\/yoast.com\/product\/yoast-seo-wordpress\/ -->\n<title>Pran\u0117 Dundulien\u0117 \u201eDuona lietuvi\u0173 buityje ir papro\u010diuose\u201c - Skaitytaknyga<\/title>\n<meta name=\"description\" content=\"\u017dinoma m\u016bs\u0173 tautos istorik\u0117 ir etnograf\u0117\u00a0Pran\u0117 Dundulien\u0117, remdamasi lietuvi\u0173 etnografija ir kitais \u0161altiniais, pirm\u0105 kart\u0105 taip nuosekliai ir i\u0161samiai pasakoja apie duonos reik\u0161m\u0119 tautos buityje ir istorijoje, jai rei\u0161kiam\u0105 pagarb\u0105, apra\u0161o s\u0117jos, rugiapj\u016bt\u0117s, k\u016blimo, duonos kepimo paro\u010dius, pateikia patarli\u0173 ir prie\u017eod\u017ei\u0173. Leidinys iliustruotas. Skiriama jaunimui. Kalbos duomenys ir apeig\u0173 papro\u010diai rodo, kad lietuviai duon\u0105 valg\u0117 nuo labai sen\u0173 laik\u0173. Ji pla\u010diai minima seniausiuose liaudies k\u016brybos \u017eanruose: smulkiojoje tautosakoje, sutartin\u0117se, sakm\u0117se, tik\u0117jimuose, kalendorin\u0117se ir agrarin\u0117se apeigose ir kitur. Sen\u0173 senov\u0117je duona buvo suasmeninta ir sudievinta. Remdamasi lietuvi\u0173 etnografijos ir kitais \u0161altiniais, autor\u0117 \u0161ioje knygoje i\u0161samiai pasakoja apie duonos viet\u0105 tautos buityje ir pagarbos jai i\u0161rai\u0161k\u0105 \u012fvairiose \u017eemdirbi\u0173 apeigose.\" \/>\n<meta name=\"robots\" content=\"index, follow, max-snippet:-1, max-image-preview:large, max-video-preview:-1\" \/>\n<link rel=\"canonical\" href=\"https:\/\/skaitytaknyga.lt\/en\/produktas\/prane-dunduliene-duona-lietuviu-buityje-ir-paprociuose\/\" \/>\n<meta property=\"og:locale\" content=\"en_GB\" \/>\n<meta property=\"og:locale:alternate\" content=\"lt_LT\" \/>\n<meta property=\"og:type\" content=\"article\" \/>\n<meta property=\"og:title\" content=\"Pran\u0117 Dundulien\u0117 \u201eDuona lietuvi\u0173 buityje ir papro\u010diuose\u201c - Skaitytaknyga\" \/>\n<meta property=\"og:description\" content=\"\u017dinoma m\u016bs\u0173 tautos istorik\u0117 ir etnograf\u0117\u00a0Pran\u0117 Dundulien\u0117, remdamasi lietuvi\u0173 etnografija ir kitais \u0161altiniais, pirm\u0105 kart\u0105 taip nuosekliai ir i\u0161samiai pasakoja apie duonos reik\u0161m\u0119 tautos buityje ir istorijoje, jai rei\u0161kiam\u0105 pagarb\u0105, apra\u0161o s\u0117jos, rugiapj\u016bt\u0117s, k\u016blimo, duonos kepimo paro\u010dius, pateikia patarli\u0173 ir prie\u017eod\u017ei\u0173. Leidinys iliustruotas. Skiriama jaunimui. Kalbos duomenys ir apeig\u0173 papro\u010diai rodo, kad lietuviai duon\u0105 valg\u0117 nuo labai sen\u0173 laik\u0173. Ji pla\u010diai minima seniausiuose liaudies k\u016brybos \u017eanruose: smulkiojoje tautosakoje, sutartin\u0117se, sakm\u0117se, tik\u0117jimuose, kalendorin\u0117se ir agrarin\u0117se apeigose ir kitur. Sen\u0173 senov\u0117je duona buvo suasmeninta ir sudievinta. Remdamasi lietuvi\u0173 etnografijos ir kitais \u0161altiniais, autor\u0117 \u0161ioje knygoje i\u0161samiai pasakoja apie duonos viet\u0105 tautos buityje ir pagarbos jai i\u0161rai\u0161k\u0105 \u012fvairiose \u017eemdirbi\u0173 apeigose.\" \/>\n<meta property=\"og:url\" content=\"https:\/\/skaitytaknyga.lt\/en\/produktas\/prane-dunduliene-duona-lietuviu-buityje-ir-paprociuose\/\" \/>\n<meta property=\"og:site_name\" content=\"Skaitytaknyga\" \/>\n<meta property=\"article:publisher\" content=\"https:\/\/www.facebook.com\/skaitytaknyga\/\" \/>\n<meta property=\"article:modified_time\" content=\"2024-05-03T07:25:27+00:00\" \/>\n<meta property=\"og:image\" content=\"https:\/\/skaitytaknyga.lt\/wp-content\/uploads\/2024\/04\/1522750156_Scan_03-04-2018_1153.jpg\" \/>\n\t<meta property=\"og:image:width\" content=\"301\" \/>\n\t<meta property=\"og:image:height\" content=\"430\" \/>\n\t<meta property=\"og:image:type\" content=\"image\/jpeg\" \/>\n<meta name=\"twitter:card\" content=\"summary_large_image\" \/>\n<meta name=\"twitter:label1\" content=\"Estimated reading time\" \/>\n\t<meta name=\"twitter:data1\" content=\"1 minute\" \/>\n<script type=\"application\/ld+json\" class=\"yoast-schema-graph\">{\"@context\":\"https:\/\/schema.org\",\"@graph\":[{\"@type\":\"WebPage\",\"@id\":\"https:\/\/skaitytaknyga.lt\/produktas\/prane-dunduliene-duona-lietuviu-buityje-ir-paprociuose\/\",\"url\":\"https:\/\/skaitytaknyga.lt\/produktas\/prane-dunduliene-duona-lietuviu-buityje-ir-paprociuose\/\",\"name\":\"Pran\u0117 Dundulien\u0117 \u201eDuona lietuvi\u0173 buityje ir papro\u010diuose\u201c - Skaitytaknyga\",\"isPartOf\":{\"@id\":\"https:\/\/skaitytaknyga.lt\/#website\"},\"primaryImageOfPage\":{\"@id\":\"https:\/\/skaitytaknyga.lt\/produktas\/prane-dunduliene-duona-lietuviu-buityje-ir-paprociuose\/#primaryimage\"},\"image\":{\"@id\":\"https:\/\/skaitytaknyga.lt\/produktas\/prane-dunduliene-duona-lietuviu-buityje-ir-paprociuose\/#primaryimage\"},\"thumbnailUrl\":\"https:\/\/skaitytaknyga.lt\/wp-content\/uploads\/2024\/04\/1522750156_Scan_03-04-2018_1153.jpg\",\"datePublished\":\"2024-04-17T13:49:28+00:00\",\"dateModified\":\"2024-05-03T07:25:27+00:00\",\"description\":\"\u017dinoma m\u016bs\u0173 tautos istorik\u0117 ir etnograf\u0117\u00a0Pran\u0117 Dundulien\u0117, remdamasi lietuvi\u0173 etnografija ir kitais \u0161altiniais, pirm\u0105 kart\u0105 taip nuosekliai ir i\u0161samiai pasakoja apie duonos reik\u0161m\u0119 tautos buityje ir istorijoje, jai rei\u0161kiam\u0105 pagarb\u0105, apra\u0161o s\u0117jos, rugiapj\u016bt\u0117s, k\u016blimo, duonos kepimo paro\u010dius, pateikia patarli\u0173 ir prie\u017eod\u017ei\u0173. Leidinys iliustruotas. Skiriama jaunimui. Kalbos duomenys ir apeig\u0173 papro\u010diai rodo, kad lietuviai duon\u0105 valg\u0117 nuo labai sen\u0173 laik\u0173. Ji pla\u010diai minima seniausiuose liaudies k\u016brybos \u017eanruose: smulkiojoje tautosakoje, sutartin\u0117se, sakm\u0117se, tik\u0117jimuose, kalendorin\u0117se ir agrarin\u0117se apeigose ir kitur. Sen\u0173 senov\u0117je duona buvo suasmeninta ir sudievinta. Remdamasi lietuvi\u0173 etnografijos ir kitais \u0161altiniais, autor\u0117 \u0161ioje knygoje i\u0161samiai pasakoja apie duonos viet\u0105 tautos buityje ir pagarbos jai i\u0161rai\u0161k\u0105 \u012fvairiose \u017eemdirbi\u0173 apeigose.\",\"breadcrumb\":{\"@id\":\"https:\/\/skaitytaknyga.lt\/produktas\/prane-dunduliene-duona-lietuviu-buityje-ir-paprociuose\/#breadcrumb\"},\"inLanguage\":\"en-GB\",\"potentialAction\":[{\"@type\":\"ReadAction\",\"target\":[\"https:\/\/skaitytaknyga.lt\/produktas\/prane-dunduliene-duona-lietuviu-buityje-ir-paprociuose\/\"]}]},{\"@type\":\"ImageObject\",\"inLanguage\":\"en-GB\",\"@id\":\"https:\/\/skaitytaknyga.lt\/produktas\/prane-dunduliene-duona-lietuviu-buityje-ir-paprociuose\/#primaryimage\",\"url\":\"https:\/\/skaitytaknyga.lt\/wp-content\/uploads\/2024\/04\/1522750156_Scan_03-04-2018_1153.jpg\",\"contentUrl\":\"https:\/\/skaitytaknyga.lt\/wp-content\/uploads\/2024\/04\/1522750156_Scan_03-04-2018_1153.jpg\",\"width\":301,\"height\":430},{\"@type\":\"BreadcrumbList\",\"@id\":\"https:\/\/skaitytaknyga.lt\/produktas\/prane-dunduliene-duona-lietuviu-buityje-ir-paprociuose\/#breadcrumb\",\"itemListElement\":[{\"@type\":\"ListItem\",\"position\":1,\"name\":\"Home\",\"item\":\"https:\/\/skaitytaknyga.lt\/\"},{\"@type\":\"ListItem\",\"position\":2,\"name\":\"Parduotuv\u0117\",\"item\":\"https:\/\/skaitytaknyga.lt\/knygu-parduotuve\/\"},{\"@type\":\"ListItem\",\"position\":3,\"name\":\"Pran\u0117 Dundulien\u0117 \u201eDuona lietuvi\u0173 buityje ir papro\u010diuose\u201c\"}]},{\"@type\":\"WebSite\",\"@id\":\"https:\/\/skaitytaknyga.lt\/#website\",\"url\":\"https:\/\/skaitytaknyga.lt\/\",\"name\":\"skaitytaknyga.lt\",\"description\":\"Skaitytaknyga.lt \u2013 tai ma\u017eas \u0161eimos verslas, kuris prasid\u0117jo nuo meil\u0117s knygoms ir siekio i\u0161gelb\u0117ti knygas nuo likimo prie konteinerio. Kas vienam nereikalingas daiktas \u2013 kitam lobis, o mes esame tarpininkai, kurie padeda abiems tapti laimingesniems ???? \u017dinome kaip nelengva i\u0161gyventi ma\u017eiems verslams, tad nuo \u0161iol, \u010dia rasite ir kit\u0173, ma\u017e\u0173 \u0161eim\u0173 versl\u0173, rank\u0173 darbo, dovan\u0173 sau ir artimiesiems.\",\"publisher\":{\"@id\":\"https:\/\/skaitytaknyga.lt\/#organization\"},\"potentialAction\":[{\"@type\":\"SearchAction\",\"target\":{\"@type\":\"EntryPoint\",\"urlTemplate\":\"https:\/\/skaitytaknyga.lt\/?s={search_term_string}\"},\"query-input\":{\"@type\":\"PropertyValueSpecification\",\"valueRequired\":true,\"valueName\":\"search_term_string\"}}],\"inLanguage\":\"en-GB\"},{\"@type\":\"Organization\",\"@id\":\"https:\/\/skaitytaknyga.lt\/#organization\",\"name\":\"skaitytaknyga.lt\",\"url\":\"https:\/\/skaitytaknyga.lt\/\",\"logo\":{\"@type\":\"ImageObject\",\"inLanguage\":\"en-GB\",\"@id\":\"https:\/\/skaitytaknyga.lt\/#\/schema\/logo\/image\/\",\"url\":\"https:\/\/skaitytaknyga.lt\/wp-content\/uploads\/2024\/05\/cropped-cropped-cropped-02_00843_jt3bggkj1j3HLc7SyY6rEUpg.jpeg\",\"contentUrl\":\"https:\/\/skaitytaknyga.lt\/wp-content\/uploads\/2024\/05\/cropped-cropped-cropped-02_00843_jt3bggkj1j3HLc7SyY6rEUpg.jpeg\",\"width\":1600,\"height\":1600,\"caption\":\"skaitytaknyga.lt\"},\"image\":{\"@id\":\"https:\/\/skaitytaknyga.lt\/#\/schema\/logo\/image\/\"},\"sameAs\":[\"https:\/\/www.facebook.com\/skaitytaknyga\/\"]}]}<\/script>\n<!-- \/ Yoast SEO plugin. -->","yoast_head_json":{"title":"Pran\u0117 Dundulien\u0117 \u201eDuona lietuvi\u0173 buityje ir papro\u010diuose\u201c - Skaitytaknyga","description":"\u017dinoma m\u016bs\u0173 tautos istorik\u0117 ir etnograf\u0117\u00a0Pran\u0117 Dundulien\u0117, remdamasi lietuvi\u0173 etnografija ir kitais \u0161altiniais, pirm\u0105 kart\u0105 taip nuosekliai ir i\u0161samiai pasakoja apie duonos reik\u0161m\u0119 tautos buityje ir istorijoje, jai rei\u0161kiam\u0105 pagarb\u0105, apra\u0161o s\u0117jos, rugiapj\u016bt\u0117s, k\u016blimo, duonos kepimo paro\u010dius, pateikia patarli\u0173 ir prie\u017eod\u017ei\u0173. Leidinys iliustruotas. Skiriama jaunimui. Kalbos duomenys ir apeig\u0173 papro\u010diai rodo, kad lietuviai duon\u0105 valg\u0117 nuo labai sen\u0173 laik\u0173. Ji pla\u010diai minima seniausiuose liaudies k\u016brybos \u017eanruose: smulkiojoje tautosakoje, sutartin\u0117se, sakm\u0117se, tik\u0117jimuose, kalendorin\u0117se ir agrarin\u0117se apeigose ir kitur. Sen\u0173 senov\u0117je duona buvo suasmeninta ir sudievinta. Remdamasi lietuvi\u0173 etnografijos ir kitais \u0161altiniais, autor\u0117 \u0161ioje knygoje i\u0161samiai pasakoja apie duonos viet\u0105 tautos buityje ir pagarbos jai i\u0161rai\u0161k\u0105 \u012fvairiose \u017eemdirbi\u0173 apeigose.","robots":{"index":"index","follow":"follow","max-snippet":"max-snippet:-1","max-image-preview":"max-image-preview:large","max-video-preview":"max-video-preview:-1"},"canonical":"https:\/\/skaitytaknyga.lt\/en\/produktas\/prane-dunduliene-duona-lietuviu-buityje-ir-paprociuose\/","og_locale":"en_GB","og_type":"article","og_title":"Pran\u0117 Dundulien\u0117 \u201eDuona lietuvi\u0173 buityje ir papro\u010diuose\u201c - Skaitytaknyga","og_description":"\u017dinoma m\u016bs\u0173 tautos istorik\u0117 ir etnograf\u0117\u00a0Pran\u0117 Dundulien\u0117, remdamasi lietuvi\u0173 etnografija ir kitais \u0161altiniais, pirm\u0105 kart\u0105 taip nuosekliai ir i\u0161samiai pasakoja apie duonos reik\u0161m\u0119 tautos buityje ir istorijoje, jai rei\u0161kiam\u0105 pagarb\u0105, apra\u0161o s\u0117jos, rugiapj\u016bt\u0117s, k\u016blimo, duonos kepimo paro\u010dius, pateikia patarli\u0173 ir prie\u017eod\u017ei\u0173. Leidinys iliustruotas. Skiriama jaunimui. Kalbos duomenys ir apeig\u0173 papro\u010diai rodo, kad lietuviai duon\u0105 valg\u0117 nuo labai sen\u0173 laik\u0173. Ji pla\u010diai minima seniausiuose liaudies k\u016brybos \u017eanruose: smulkiojoje tautosakoje, sutartin\u0117se, sakm\u0117se, tik\u0117jimuose, kalendorin\u0117se ir agrarin\u0117se apeigose ir kitur. Sen\u0173 senov\u0117je duona buvo suasmeninta ir sudievinta. Remdamasi lietuvi\u0173 etnografijos ir kitais \u0161altiniais, autor\u0117 \u0161ioje knygoje i\u0161samiai pasakoja apie duonos viet\u0105 tautos buityje ir pagarbos jai i\u0161rai\u0161k\u0105 \u012fvairiose \u017eemdirbi\u0173 apeigose.","og_url":"https:\/\/skaitytaknyga.lt\/en\/produktas\/prane-dunduliene-duona-lietuviu-buityje-ir-paprociuose\/","og_site_name":"Skaitytaknyga","article_publisher":"https:\/\/www.facebook.com\/skaitytaknyga\/","article_modified_time":"2024-05-03T07:25:27+00:00","og_image":[{"width":301,"height":430,"url":"https:\/\/skaitytaknyga.lt\/wp-content\/uploads\/2024\/04\/1522750156_Scan_03-04-2018_1153.jpg","type":"image\/jpeg"}],"twitter_card":"summary_large_image","twitter_misc":{"Estimated reading time":"1 minute"},"schema":{"@context":"https:\/\/schema.org","@graph":[{"@type":"WebPage","@id":"https:\/\/skaitytaknyga.lt\/produktas\/prane-dunduliene-duona-lietuviu-buityje-ir-paprociuose\/","url":"https:\/\/skaitytaknyga.lt\/produktas\/prane-dunduliene-duona-lietuviu-buityje-ir-paprociuose\/","name":"Pran\u0117 Dundulien\u0117 \u201eDuona lietuvi\u0173 buityje ir papro\u010diuose\u201c - Skaitytaknyga","isPartOf":{"@id":"https:\/\/skaitytaknyga.lt\/#website"},"primaryImageOfPage":{"@id":"https:\/\/skaitytaknyga.lt\/produktas\/prane-dunduliene-duona-lietuviu-buityje-ir-paprociuose\/#primaryimage"},"image":{"@id":"https:\/\/skaitytaknyga.lt\/produktas\/prane-dunduliene-duona-lietuviu-buityje-ir-paprociuose\/#primaryimage"},"thumbnailUrl":"https:\/\/skaitytaknyga.lt\/wp-content\/uploads\/2024\/04\/1522750156_Scan_03-04-2018_1153.jpg","datePublished":"2024-04-17T13:49:28+00:00","dateModified":"2024-05-03T07:25:27+00:00","description":"\u017dinoma m\u016bs\u0173 tautos istorik\u0117 ir etnograf\u0117\u00a0Pran\u0117 Dundulien\u0117, remdamasi lietuvi\u0173 etnografija ir kitais \u0161altiniais, pirm\u0105 kart\u0105 taip nuosekliai ir i\u0161samiai pasakoja apie duonos reik\u0161m\u0119 tautos buityje ir istorijoje, jai rei\u0161kiam\u0105 pagarb\u0105, apra\u0161o s\u0117jos, rugiapj\u016bt\u0117s, k\u016blimo, duonos kepimo paro\u010dius, pateikia patarli\u0173 ir prie\u017eod\u017ei\u0173. Leidinys iliustruotas. Skiriama jaunimui. Kalbos duomenys ir apeig\u0173 papro\u010diai rodo, kad lietuviai duon\u0105 valg\u0117 nuo labai sen\u0173 laik\u0173. Ji pla\u010diai minima seniausiuose liaudies k\u016brybos \u017eanruose: smulkiojoje tautosakoje, sutartin\u0117se, sakm\u0117se, tik\u0117jimuose, kalendorin\u0117se ir agrarin\u0117se apeigose ir kitur. Sen\u0173 senov\u0117je duona buvo suasmeninta ir sudievinta. Remdamasi lietuvi\u0173 etnografijos ir kitais \u0161altiniais, autor\u0117 \u0161ioje knygoje i\u0161samiai pasakoja apie duonos viet\u0105 tautos buityje ir pagarbos jai i\u0161rai\u0161k\u0105 \u012fvairiose \u017eemdirbi\u0173 apeigose.","breadcrumb":{"@id":"https:\/\/skaitytaknyga.lt\/produktas\/prane-dunduliene-duona-lietuviu-buityje-ir-paprociuose\/#breadcrumb"},"inLanguage":"en-GB","potentialAction":[{"@type":"ReadAction","target":["https:\/\/skaitytaknyga.lt\/produktas\/prane-dunduliene-duona-lietuviu-buityje-ir-paprociuose\/"]}]},{"@type":"ImageObject","inLanguage":"en-GB","@id":"https:\/\/skaitytaknyga.lt\/produktas\/prane-dunduliene-duona-lietuviu-buityje-ir-paprociuose\/#primaryimage","url":"https:\/\/skaitytaknyga.lt\/wp-content\/uploads\/2024\/04\/1522750156_Scan_03-04-2018_1153.jpg","contentUrl":"https:\/\/skaitytaknyga.lt\/wp-content\/uploads\/2024\/04\/1522750156_Scan_03-04-2018_1153.jpg","width":301,"height":430},{"@type":"BreadcrumbList","@id":"https:\/\/skaitytaknyga.lt\/produktas\/prane-dunduliene-duona-lietuviu-buityje-ir-paprociuose\/#breadcrumb","itemListElement":[{"@type":"ListItem","position":1,"name":"Home","item":"https:\/\/skaitytaknyga.lt\/"},{"@type":"ListItem","position":2,"name":"Parduotuv\u0117","item":"https:\/\/skaitytaknyga.lt\/knygu-parduotuve\/"},{"@type":"ListItem","position":3,"name":"Pran\u0117 Dundulien\u0117 \u201eDuona lietuvi\u0173 buityje ir papro\u010diuose\u201c"}]},{"@type":"WebSite","@id":"https:\/\/skaitytaknyga.lt\/#website","url":"https:\/\/skaitytaknyga.lt\/","name":"skaitytaknyga.lt","description":"Skaitytaknyga.lt \u2013 tai ma\u017eas \u0161eimos verslas, kuris prasid\u0117jo nuo meil\u0117s knygoms ir siekio i\u0161gelb\u0117ti knygas nuo likimo prie konteinerio. Kas vienam nereikalingas daiktas \u2013 kitam lobis, o mes esame tarpininkai, kurie padeda abiems tapti laimingesniems ???? \u017dinome kaip nelengva i\u0161gyventi ma\u017eiems verslams, tad nuo \u0161iol, \u010dia rasite ir kit\u0173, ma\u017e\u0173 \u0161eim\u0173 versl\u0173, rank\u0173 darbo, dovan\u0173 sau ir artimiesiems.","publisher":{"@id":"https:\/\/skaitytaknyga.lt\/#organization"},"potentialAction":[{"@type":"SearchAction","target":{"@type":"EntryPoint","urlTemplate":"https:\/\/skaitytaknyga.lt\/?s={search_term_string}"},"query-input":{"@type":"PropertyValueSpecification","valueRequired":true,"valueName":"search_term_string"}}],"inLanguage":"en-GB"},{"@type":"Organization","@id":"https:\/\/skaitytaknyga.lt\/#organization","name":"skaitytaknyga.lt","url":"https:\/\/skaitytaknyga.lt\/","logo":{"@type":"ImageObject","inLanguage":"en-GB","@id":"https:\/\/skaitytaknyga.lt\/#\/schema\/logo\/image\/","url":"https:\/\/skaitytaknyga.lt\/wp-content\/uploads\/2024\/05\/cropped-cropped-cropped-02_00843_jt3bggkj1j3HLc7SyY6rEUpg.jpeg","contentUrl":"https:\/\/skaitytaknyga.lt\/wp-content\/uploads\/2024\/05\/cropped-cropped-cropped-02_00843_jt3bggkj1j3HLc7SyY6rEUpg.jpeg","width":1600,"height":1600,"caption":"skaitytaknyga.lt"},"image":{"@id":"https:\/\/skaitytaknyga.lt\/#\/schema\/logo\/image\/"},"sameAs":["https:\/\/www.facebook.com\/skaitytaknyga\/"]}]}},"_links":{"self":[{"href":"https:\/\/skaitytaknyga.lt\/en\/wp-json\/wp\/v2\/product\/4492","targetHints":{"allow":["GET"]}}],"collection":[{"href":"https:\/\/skaitytaknyga.lt\/en\/wp-json\/wp\/v2\/product"}],"about":[{"href":"https:\/\/skaitytaknyga.lt\/en\/wp-json\/wp\/v2\/types\/product"}],"replies":[{"embeddable":true,"href":"https:\/\/skaitytaknyga.lt\/en\/wp-json\/wp\/v2\/comments?post=4492"}],"wp:featuredmedia":[{"embeddable":true,"href":"https:\/\/skaitytaknyga.lt\/en\/wp-json\/wp\/v2\/media\/4549"}],"wp:attachment":[{"href":"https:\/\/skaitytaknyga.lt\/en\/wp-json\/wp\/v2\/media?parent=4492"}],"wp:term":[{"taxonomy":"product_brand","embeddable":true,"href":"https:\/\/skaitytaknyga.lt\/en\/wp-json\/wp\/v2\/product_brand?post=4492"},{"taxonomy":"product_cat","embeddable":true,"href":"https:\/\/skaitytaknyga.lt\/en\/wp-json\/wp\/v2\/product_cat?post=4492"},{"taxonomy":"product_tag","embeddable":true,"href":"https:\/\/skaitytaknyga.lt\/en\/wp-json\/wp\/v2\/product_tag?post=4492"}],"curies":[{"name":"wp","href":"https:\/\/api.w.org\/{rel}","templated":true}]}}