{"id":4481,"date":"2024-04-17T13:49:28","date_gmt":"2024-04-17T13:49:28","guid":{"rendered":"https:\/\/skaitytaknyga.lt\/?post_type=product&#038;p=4481"},"modified":"2026-02-18T13:50:23","modified_gmt":"2026-02-18T11:50:23","slug":"c-rovelli-laiko-tvarka","status":"publish","type":"product","link":"https:\/\/skaitytaknyga.lt\/en\/produktas\/c-rovelli-laiko-tvarka\/","title":{"rendered":"C. Rovelli \u201eLaiko tvarka\u201c"},"content":{"rendered":"<p>Ital\u0173 fizikas ir ra\u0161ytojas CARLO ROVELLI, i\u0161gars\u0117j\u0119s bestseleriu\u00a0<em>Septynios trumpos fizikos pamokos<\/em>\u00a0(\u201eTyto alba\u201c, 2016) naujoje savo knygoje\u00a0<em>Laiko tvarka<\/em>\u00a0leid\u017eiasi \u012f unikali\u0105 kelion\u0119, skirt\u0105 bene did\u017eiausiai Visatos paslap\u010diai \u2013 laikui.<\/p>\n<p>Ar laikas teka viena kryptimi ir vienodai visiems? Ne: kalnuose jis lekia spar\u010diau, o lygumoje sruvena l\u0117\u010diau d\u0117l \u017dem\u0117s traukos. Ar vis dar galioja klasikinis laiko skirstymas \u012f praeit\u012f, dabart\u012f ir ateit\u012f? Bendroji reliatyvumo teorija ir kvantin\u0117 gravitacija, kurios vienas did\u017eiausi\u0173 autoritet\u0173 mokslo pasaulyje yra Carlo Rovelli, linkusios ir \u0161i\u0105 triad\u0105 per\u017ei\u016br\u0117ti i\u0161 naujo: praeitis ir ateitis nebesuprie\u0161inamos, o patikimiausia atrod\u017eiusi dabartis fizikos po\u017ei\u016briu pradingsta apskritai.<\/p>\n<p><strong>Laikas<\/strong>\u00a0\u2013 tai misterija, nei\u0161vengiamai palie\u010dianti ir \u012ftraukianti visus. Jis lieka paslaptimi ne tik fizikos profanams, bet ir mokslininkams. Tod\u0117l C. Rovelli pasakojimas skirtas visiems \u2012 tiek skaitytojui, pasiry\u017eusiam leistis \u012f visi\u0161kai nauj\u0105 kosmini\u0173 d\u0117sni\u0173 ir tolim\u0173j\u0173 galaktik\u0173 pasaul\u012f, tiek fizikos teorijos \u017einovui.<\/p>\n","protected":false},"excerpt":{"rendered":"<p>Ital\u0173 fizikas ir ra\u0161ytojas CARLO ROVELLI, i\u0161gars\u0117j\u0119s bestseleriu\u00a0<em>Septynios trumpos fizikos pamokos<\/em>\u00a0(\u201eTyto alba\u201c, 2016) naujoje savo knygoje\u00a0<em>Laiko tvarka<\/em>\u00a0leid\u017eiasi \u012f unikali\u0105 kelion\u0119, skirt\u0105 bene did\u017eiausiai Visatos paslap\u010diai \u2013 laikui.<\/p>\n<p>Ar laikas teka viena kryptimi ir vienodai visiems? Ne: kalnuose jis lekia spar\u010diau, o lygumoje sruvena l\u0117\u010diau d\u0117l \u017dem\u0117s traukos. Ar vis dar galioja klasikinis laiko skirstymas \u012f praeit\u012f, dabart\u012f ir ateit\u012f? Bendroji reliatyvumo teorija ir kvantin\u0117 gravitacija, kurios vienas did\u017eiausi\u0173 autoritet\u0173 mokslo pasaulyje yra Carlo Rovelli, linkusios ir \u0161i\u0105 triad\u0105 per\u017ei\u016br\u0117ti i\u0161 naujo: praeitis ir ateitis nebesuprie\u0161inamos, o patikimiausia atrod\u017eiusi dabartis fizikos po\u017ei\u016briu pradingsta apskritai.<\/p>\n<p><strong>Laikas<\/strong>\u00a0\u2013 tai misterija, nei\u0161vengiamai palie\u010dianti ir \u012ftraukianti visus. Jis lieka paslaptimi ne tik fizikos profanams, bet ir mokslininkams. Tod\u0117l C. Rovelli pasakojimas skirtas visiems \u2012 tiek skaitytojui, pasiry\u017eusiam leistis \u012f visi\u0161kai nauj\u0105 kosmini\u0173 d\u0117sni\u0173 ir tolim\u0173j\u0173 galaktik\u0173 pasaul\u012f, tiek fizikos teorijos \u017einovui.<\/p>\n","protected":false},"featured_media":0,"comment_status":"closed","ping_status":"closed","template":"","meta":{"_acf_changed":false,"site-sidebar-layout":"default","site-content-layout":"","ast-site-content-layout":"default","site-content-style":"default","site-sidebar-style":"default","ast-global-header-display":"","ast-banner-title-visibility":"","ast-main-header-display":"","ast-hfb-above-header-display":"","ast-hfb-below-header-display":"","ast-hfb-mobile-header-display":"","site-post-title":"","ast-breadcrumbs-content":"","ast-featured-img":"","footer-sml-layout":"","ast-disable-related-posts":"","theme-transparent-header-meta":"default","adv-header-id-meta":"","stick-header-meta":"","header-above-stick-meta":"","header-main-stick-meta":"","header-below-stick-meta":"","astra-migrate-meta-layouts":"set","ast-page-background-enabled":"default","ast-page-background-meta":{"desktop":{"background-color":"","background-image":"","background-repeat":"repeat","background-position":"center center","background-size":"auto","background-attachment":"scroll","background-type":"","background-media":"","overlay-type":"","overlay-color":"","overlay-opacity":"","overlay-gradient":""},"tablet":{"background-color":"","background-image":"","background-repeat":"repeat","background-position":"center center","background-size":"auto","background-attachment":"scroll","background-type":"","background-media":"","overlay-type":"","overlay-color":"","overlay-opacity":"","overlay-gradient":""},"mobile":{"background-color":"","background-image":"","background-repeat":"repeat","background-position":"center center","background-size":"auto","background-attachment":"scroll","background-type":"","background-media":"","overlay-type":"","overlay-color":"","overlay-opacity":"","overlay-gradient":""}},"ast-content-background-meta":{"desktop":{"background-color":"var(--ast-global-color-4)","background-image":"","background-repeat":"repeat","background-position":"center center","background-size":"auto","background-attachment":"scroll","background-type":"","background-media":"","overlay-type":"","overlay-color":"","overlay-opacity":"","overlay-gradient":""},"tablet":{"background-color":"var(--ast-global-color-4)","background-image":"","background-repeat":"repeat","background-position":"center center","background-size":"auto","background-attachment":"scroll","background-type":"","background-media":"","overlay-type":"","overlay-color":"","overlay-opacity":"","overlay-gradient":""},"mobile":{"background-color":"var(--ast-global-color-4)","background-image":"","background-repeat":"repeat","background-position":"center center","background-size":"auto","background-attachment":"scroll","background-type":"","background-media":"","overlay-type":"","overlay-color":"","overlay-opacity":"","overlay-gradient":""}}},"product_brand":[],"product_cat":[269],"product_tag":[],"class_list":{"0":"post-4481","1":"product","2":"type-product","3":"status-publish","5":"product_cat-gamtos-mokslai","6":"pa_leidimo-metai-607","7":"pa_virselis-kietas","8":"desktop-align-left","9":"tablet-align-left","10":"mobile-align-left","12":"first","13":"instock","14":"shipping-taxable","15":"purchasable","16":"product-type-simple"},"acf":[],"yoast_head":"<!-- This site is optimized with the Yoast SEO plugin v27.0 - https:\/\/yoast.com\/product\/yoast-seo-wordpress\/ -->\n<title>C. Rovelli \u201eLaiko tvarka\u201c<\/title>\n<meta name=\"description\" content=\"Ital\u0173 fizikas ir ra\u0161ytojas CARLO ROVELLI, i\u0161gars\u0117j\u0119s bestseleriu\u00a0Septynios trumpos fizikos pamokos\u00a0(\u201eTyto alba\u201c, 2016) naujoje savo knygoje\u00a0Laiko tvarka\u00a0leid\u017eiasi \u012f unikali\u0105 kelion\u0119, skirt\u0105 bene did\u017eiausiai Visatos paslap\u010diai \u2013 laikui.  Ar laikas teka viena kryptimi ir vienodai visiems? Ne: kalnuose jis lekia spar\u010diau, o lygumoje sruvena l\u0117\u010diau d\u0117l \u017dem\u0117s traukos. Ar vis dar galioja klasikinis laiko skirstymas \u012f praeit\u012f, dabart\u012f ir ateit\u012f? Bendroji reliatyvumo teorija ir kvantin\u0117 gravitacija, kurios vienas did\u017eiausi\u0173 autoritet\u0173 mokslo pasaulyje yra Carlo Rovelli, linkusios ir \u0161i\u0105 triad\u0105 per\u017ei\u016br\u0117ti i\u0161 naujo: praeitis ir ateitis nebesuprie\u0161inamos, o patikimiausia atrod\u017eiusi dabartis fizikos po\u017ei\u016briu pradingsta apskritai.  Laikas\u00a0\u2013 tai misterija, nei\u0161vengiamai palie\u010dianti ir \u012ftraukianti visus. Jis lieka paslaptimi ne tik fizikos profanams, bet ir mokslininkams. Tod\u0117l C. Rovelli pasakojimas skirtas visiems \u2012 tiek skaitytojui, pasiry\u017eusiam leistis \u012f visi\u0161kai nauj\u0105 kosmini\u0173 d\u0117sni\u0173 ir tolim\u0173j\u0173 galaktik\u0173 pasaul\u012f, tiek fizikos teorijos \u017einovui.\" \/>\n<meta name=\"robots\" content=\"index, follow, max-snippet:-1, max-image-preview:large, max-video-preview:-1\" \/>\n<link rel=\"canonical\" href=\"https:\/\/skaitytaknyga.lt\/en\/produktas\/c-rovelli-laiko-tvarka\/\" \/>\n<meta property=\"og:locale\" content=\"en_GB\" \/>\n<meta property=\"og:locale:alternate\" content=\"lt_LT\" \/>\n<meta property=\"og:type\" content=\"article\" \/>\n<meta property=\"og:title\" content=\"C. Rovelli \u201eLaiko tvarka\u201c\" \/>\n<meta property=\"og:description\" content=\"Ital\u0173 fizikas ir ra\u0161ytojas CARLO ROVELLI, i\u0161gars\u0117j\u0119s bestseleriu\u00a0Septynios trumpos fizikos pamokos\u00a0(\u201eTyto alba\u201c, 2016) naujoje savo knygoje\u00a0Laiko tvarka\u00a0leid\u017eiasi \u012f unikali\u0105 kelion\u0119, skirt\u0105 bene did\u017eiausiai Visatos paslap\u010diai \u2013 laikui.  Ar laikas teka viena kryptimi ir vienodai visiems? Ne: kalnuose jis lekia spar\u010diau, o lygumoje sruvena l\u0117\u010diau d\u0117l \u017dem\u0117s traukos. Ar vis dar galioja klasikinis laiko skirstymas \u012f praeit\u012f, dabart\u012f ir ateit\u012f? Bendroji reliatyvumo teorija ir kvantin\u0117 gravitacija, kurios vienas did\u017eiausi\u0173 autoritet\u0173 mokslo pasaulyje yra Carlo Rovelli, linkusios ir \u0161i\u0105 triad\u0105 per\u017ei\u016br\u0117ti i\u0161 naujo: praeitis ir ateitis nebesuprie\u0161inamos, o patikimiausia atrod\u017eiusi dabartis fizikos po\u017ei\u016briu pradingsta apskritai.  Laikas\u00a0\u2013 tai misterija, nei\u0161vengiamai palie\u010dianti ir \u012ftraukianti visus. Jis lieka paslaptimi ne tik fizikos profanams, bet ir mokslininkams. Tod\u0117l C. Rovelli pasakojimas skirtas visiems \u2012 tiek skaitytojui, pasiry\u017eusiam leistis \u012f visi\u0161kai nauj\u0105 kosmini\u0173 d\u0117sni\u0173 ir tolim\u0173j\u0173 galaktik\u0173 pasaul\u012f, tiek fizikos teorijos \u017einovui.\" \/>\n<meta property=\"og:url\" content=\"https:\/\/skaitytaknyga.lt\/en\/produktas\/c-rovelli-laiko-tvarka\/\" \/>\n<meta property=\"og:site_name\" content=\"Skaitytaknyga\" \/>\n<meta property=\"article:publisher\" content=\"https:\/\/www.facebook.com\/skaitytaknyga\/\" \/>\n<meta property=\"article:modified_time\" content=\"2026-02-18T11:50:23+00:00\" \/>\n<meta property=\"og:image\" content=\"https:\/\/skaitytaknyga.lt\/wp-content\/uploads\/2024\/07\/skaitytaknyga.png\" \/>\n\t<meta property=\"og:image:width\" content=\"747\" \/>\n\t<meta property=\"og:image:height\" content=\"496\" \/>\n\t<meta property=\"og:image:type\" content=\"image\/png\" \/>\n<meta name=\"twitter:card\" content=\"summary_large_image\" \/>\n<meta name=\"twitter:label1\" content=\"Estimated reading time\" \/>\n\t<meta name=\"twitter:data1\" content=\"1 minute\" \/>\n<script type=\"application\/ld+json\" class=\"yoast-schema-graph\">{\"@context\":\"https:\/\/schema.org\",\"@graph\":[{\"@type\":\"WebPage\",\"@id\":\"https:\/\/skaitytaknyga.lt\/produktas\/c-rovelli-laiko-tvarka\/\",\"url\":\"https:\/\/skaitytaknyga.lt\/produktas\/c-rovelli-laiko-tvarka\/\",\"name\":\"C. Rovelli \u201eLaiko tvarka\u201c\",\"isPartOf\":{\"@id\":\"https:\/\/skaitytaknyga.lt\/#website\"},\"datePublished\":\"2024-04-17T13:49:28+00:00\",\"dateModified\":\"2026-02-18T11:50:23+00:00\",\"description\":\"Ital\u0173 fizikas ir ra\u0161ytojas CARLO ROVELLI, i\u0161gars\u0117j\u0119s bestseleriu\u00a0Septynios trumpos fizikos pamokos\u00a0(\u201eTyto alba\u201c, 2016) naujoje savo knygoje\u00a0Laiko tvarka\u00a0leid\u017eiasi \u012f unikali\u0105 kelion\u0119, skirt\u0105 bene did\u017eiausiai Visatos paslap\u010diai \u2013 laikui. Ar laikas teka viena kryptimi ir vienodai visiems? Ne: kalnuose jis lekia spar\u010diau, o lygumoje sruvena l\u0117\u010diau d\u0117l \u017dem\u0117s traukos. Ar vis dar galioja klasikinis laiko skirstymas \u012f praeit\u012f, dabart\u012f ir ateit\u012f? Bendroji reliatyvumo teorija ir kvantin\u0117 gravitacija, kurios vienas did\u017eiausi\u0173 autoritet\u0173 mokslo pasaulyje yra Carlo Rovelli, linkusios ir \u0161i\u0105 triad\u0105 per\u017ei\u016br\u0117ti i\u0161 naujo: praeitis ir ateitis nebesuprie\u0161inamos, o patikimiausia atrod\u017eiusi dabartis fizikos po\u017ei\u016briu pradingsta apskritai. Laikas\u00a0\u2013 tai misterija, nei\u0161vengiamai palie\u010dianti ir \u012ftraukianti visus. Jis lieka paslaptimi ne tik fizikos profanams, bet ir mokslininkams. Tod\u0117l C. Rovelli pasakojimas skirtas visiems \u2012 tiek skaitytojui, pasiry\u017eusiam leistis \u012f visi\u0161kai nauj\u0105 kosmini\u0173 d\u0117sni\u0173 ir tolim\u0173j\u0173 galaktik\u0173 pasaul\u012f, tiek fizikos teorijos \u017einovui.\",\"breadcrumb\":{\"@id\":\"https:\/\/skaitytaknyga.lt\/produktas\/c-rovelli-laiko-tvarka\/#breadcrumb\"},\"inLanguage\":\"en-GB\",\"potentialAction\":[{\"@type\":\"ReadAction\",\"target\":[\"https:\/\/skaitytaknyga.lt\/produktas\/c-rovelli-laiko-tvarka\/\"]}]},{\"@type\":\"BreadcrumbList\",\"@id\":\"https:\/\/skaitytaknyga.lt\/produktas\/c-rovelli-laiko-tvarka\/#breadcrumb\",\"itemListElement\":[{\"@type\":\"ListItem\",\"position\":1,\"name\":\"Home\",\"item\":\"https:\/\/skaitytaknyga.lt\/\"},{\"@type\":\"ListItem\",\"position\":2,\"name\":\"Parduotuv\u0117\",\"item\":\"https:\/\/skaitytaknyga.lt\/knygu-parduotuve\/\"},{\"@type\":\"ListItem\",\"position\":3,\"name\":\"C. Rovelli \u201eLaiko tvarka\u201c\"}]},{\"@type\":\"WebSite\",\"@id\":\"https:\/\/skaitytaknyga.lt\/#website\",\"url\":\"https:\/\/skaitytaknyga.lt\/\",\"name\":\"skaitytaknyga.lt\",\"description\":\"Skaitytaknyga.lt \u2013 tai ma\u017eas \u0161eimos verslas, kuris prasid\u0117jo nuo meil\u0117s knygoms ir siekio i\u0161gelb\u0117ti knygas nuo likimo prie konteinerio. Kas vienam nereikalingas daiktas \u2013 kitam lobis, o mes esame tarpininkai, kurie padeda abiems tapti laimingesniems ???? \u017dinome kaip nelengva i\u0161gyventi ma\u017eiems verslams, tad nuo \u0161iol, \u010dia rasite ir kit\u0173, ma\u017e\u0173 \u0161eim\u0173 versl\u0173, rank\u0173 darbo, dovan\u0173 sau ir artimiesiems.\",\"publisher\":{\"@id\":\"https:\/\/skaitytaknyga.lt\/#organization\"},\"potentialAction\":[{\"@type\":\"SearchAction\",\"target\":{\"@type\":\"EntryPoint\",\"urlTemplate\":\"https:\/\/skaitytaknyga.lt\/?s={search_term_string}\"},\"query-input\":{\"@type\":\"PropertyValueSpecification\",\"valueRequired\":true,\"valueName\":\"search_term_string\"}}],\"inLanguage\":\"en-GB\"},{\"@type\":\"Organization\",\"@id\":\"https:\/\/skaitytaknyga.lt\/#organization\",\"name\":\"skaitytaknyga.lt\",\"url\":\"https:\/\/skaitytaknyga.lt\/\",\"logo\":{\"@type\":\"ImageObject\",\"inLanguage\":\"en-GB\",\"@id\":\"https:\/\/skaitytaknyga.lt\/#\/schema\/logo\/image\/\",\"url\":\"https:\/\/skaitytaknyga.lt\/wp-content\/uploads\/2024\/05\/cropped-cropped-cropped-02_00843_jt3bggkj1j3HLc7SyY6rEUpg.jpeg\",\"contentUrl\":\"https:\/\/skaitytaknyga.lt\/wp-content\/uploads\/2024\/05\/cropped-cropped-cropped-02_00843_jt3bggkj1j3HLc7SyY6rEUpg.jpeg\",\"width\":1600,\"height\":1600,\"caption\":\"skaitytaknyga.lt\"},\"image\":{\"@id\":\"https:\/\/skaitytaknyga.lt\/#\/schema\/logo\/image\/\"},\"sameAs\":[\"https:\/\/www.facebook.com\/skaitytaknyga\/\"]}]}<\/script>\n<!-- \/ Yoast SEO plugin. -->","yoast_head_json":{"title":"C. Rovelli \u201eLaiko tvarka\u201c","description":"Ital\u0173 fizikas ir ra\u0161ytojas CARLO ROVELLI, i\u0161gars\u0117j\u0119s bestseleriu\u00a0Septynios trumpos fizikos pamokos\u00a0(\u201eTyto alba\u201c, 2016) naujoje savo knygoje\u00a0Laiko tvarka\u00a0leid\u017eiasi \u012f unikali\u0105 kelion\u0119, skirt\u0105 bene did\u017eiausiai Visatos paslap\u010diai \u2013 laikui.  Ar laikas teka viena kryptimi ir vienodai visiems? Ne: kalnuose jis lekia spar\u010diau, o lygumoje sruvena l\u0117\u010diau d\u0117l \u017dem\u0117s traukos. Ar vis dar galioja klasikinis laiko skirstymas \u012f praeit\u012f, dabart\u012f ir ateit\u012f? Bendroji reliatyvumo teorija ir kvantin\u0117 gravitacija, kurios vienas did\u017eiausi\u0173 autoritet\u0173 mokslo pasaulyje yra Carlo Rovelli, linkusios ir \u0161i\u0105 triad\u0105 per\u017ei\u016br\u0117ti i\u0161 naujo: praeitis ir ateitis nebesuprie\u0161inamos, o patikimiausia atrod\u017eiusi dabartis fizikos po\u017ei\u016briu pradingsta apskritai.  Laikas\u00a0\u2013 tai misterija, nei\u0161vengiamai palie\u010dianti ir \u012ftraukianti visus. Jis lieka paslaptimi ne tik fizikos profanams, bet ir mokslininkams. Tod\u0117l C. Rovelli pasakojimas skirtas visiems \u2012 tiek skaitytojui, pasiry\u017eusiam leistis \u012f visi\u0161kai nauj\u0105 kosmini\u0173 d\u0117sni\u0173 ir tolim\u0173j\u0173 galaktik\u0173 pasaul\u012f, tiek fizikos teorijos \u017einovui.","robots":{"index":"index","follow":"follow","max-snippet":"max-snippet:-1","max-image-preview":"max-image-preview:large","max-video-preview":"max-video-preview:-1"},"canonical":"https:\/\/skaitytaknyga.lt\/en\/produktas\/c-rovelli-laiko-tvarka\/","og_locale":"en_GB","og_type":"article","og_title":"[:lt]C. Rovelli \u201eLaiko tvarka\u201c[:] - Skaitytaknyga","og_description":"Ital\u0173 fizikas ir ra\u0161ytojas CARLO ROVELLI, i\u0161gars\u0117j\u0119s bestseleriu\u00a0Septynios trumpos fizikos pamokos\u00a0(\u201eTyto alba\u201c, 2016) naujoje savo knygoje\u00a0Laiko tvarka\u00a0leid\u017eiasi \u012f unikali\u0105 kelion\u0119, skirt\u0105 bene did\u017eiausiai Visatos paslap\u010diai \u2013 laikui.  Ar laikas teka viena kryptimi ir vienodai visiems? Ne: kalnuose jis lekia spar\u010diau, o lygumoje sruvena l\u0117\u010diau d\u0117l \u017dem\u0117s traukos. Ar vis dar galioja klasikinis laiko skirstymas \u012f praeit\u012f, dabart\u012f ir ateit\u012f? Bendroji reliatyvumo teorija ir kvantin\u0117 gravitacija, kurios vienas did\u017eiausi\u0173 autoritet\u0173 mokslo pasaulyje yra Carlo Rovelli, linkusios ir \u0161i\u0105 triad\u0105 per\u017ei\u016br\u0117ti i\u0161 naujo: praeitis ir ateitis nebesuprie\u0161inamos, o patikimiausia atrod\u017eiusi dabartis fizikos po\u017ei\u016briu pradingsta apskritai.  Laikas\u00a0\u2013 tai misterija, nei\u0161vengiamai palie\u010dianti ir \u012ftraukianti visus. Jis lieka paslaptimi ne tik fizikos profanams, bet ir mokslininkams. Tod\u0117l C. Rovelli pasakojimas skirtas visiems \u2012 tiek skaitytojui, pasiry\u017eusiam leistis \u012f visi\u0161kai nauj\u0105 kosmini\u0173 d\u0117sni\u0173 ir tolim\u0173j\u0173 galaktik\u0173 pasaul\u012f, tiek fizikos teorijos \u017einovui.","og_url":"https:\/\/skaitytaknyga.lt\/en\/produktas\/c-rovelli-laiko-tvarka\/","og_site_name":"Skaitytaknyga","article_publisher":"https:\/\/www.facebook.com\/skaitytaknyga\/","article_modified_time":"2026-02-18T11:50:23+00:00","og_image":[{"width":747,"height":496,"url":"https:\/\/skaitytaknyga.lt\/wp-content\/uploads\/2024\/07\/skaitytaknyga.png","type":"image\/png"}],"twitter_card":"summary_large_image","twitter_misc":{"Estimated reading time":"1 minute"},"schema":{"@context":"https:\/\/schema.org","@graph":[{"@type":"WebPage","@id":"https:\/\/skaitytaknyga.lt\/produktas\/c-rovelli-laiko-tvarka\/","url":"https:\/\/skaitytaknyga.lt\/produktas\/c-rovelli-laiko-tvarka\/","name":"C. Rovelli \u201eLaiko tvarka\u201c","isPartOf":{"@id":"https:\/\/skaitytaknyga.lt\/#website"},"datePublished":"2024-04-17T13:49:28+00:00","dateModified":"2026-02-18T11:50:23+00:00","description":"Ital\u0173 fizikas ir ra\u0161ytojas CARLO ROVELLI, i\u0161gars\u0117j\u0119s bestseleriu\u00a0Septynios trumpos fizikos pamokos\u00a0(\u201eTyto alba\u201c, 2016) naujoje savo knygoje\u00a0Laiko tvarka\u00a0leid\u017eiasi \u012f unikali\u0105 kelion\u0119, skirt\u0105 bene did\u017eiausiai Visatos paslap\u010diai \u2013 laikui. Ar laikas teka viena kryptimi ir vienodai visiems? Ne: kalnuose jis lekia spar\u010diau, o lygumoje sruvena l\u0117\u010diau d\u0117l \u017dem\u0117s traukos. Ar vis dar galioja klasikinis laiko skirstymas \u012f praeit\u012f, dabart\u012f ir ateit\u012f? Bendroji reliatyvumo teorija ir kvantin\u0117 gravitacija, kurios vienas did\u017eiausi\u0173 autoritet\u0173 mokslo pasaulyje yra Carlo Rovelli, linkusios ir \u0161i\u0105 triad\u0105 per\u017ei\u016br\u0117ti i\u0161 naujo: praeitis ir ateitis nebesuprie\u0161inamos, o patikimiausia atrod\u017eiusi dabartis fizikos po\u017ei\u016briu pradingsta apskritai. Laikas\u00a0\u2013 tai misterija, nei\u0161vengiamai palie\u010dianti ir \u012ftraukianti visus. Jis lieka paslaptimi ne tik fizikos profanams, bet ir mokslininkams. Tod\u0117l C. Rovelli pasakojimas skirtas visiems \u2012 tiek skaitytojui, pasiry\u017eusiam leistis \u012f visi\u0161kai nauj\u0105 kosmini\u0173 d\u0117sni\u0173 ir tolim\u0173j\u0173 galaktik\u0173 pasaul\u012f, tiek fizikos teorijos \u017einovui.","breadcrumb":{"@id":"https:\/\/skaitytaknyga.lt\/produktas\/c-rovelli-laiko-tvarka\/#breadcrumb"},"inLanguage":"en-GB","potentialAction":[{"@type":"ReadAction","target":["https:\/\/skaitytaknyga.lt\/produktas\/c-rovelli-laiko-tvarka\/"]}]},{"@type":"BreadcrumbList","@id":"https:\/\/skaitytaknyga.lt\/produktas\/c-rovelli-laiko-tvarka\/#breadcrumb","itemListElement":[{"@type":"ListItem","position":1,"name":"Home","item":"https:\/\/skaitytaknyga.lt\/"},{"@type":"ListItem","position":2,"name":"Parduotuv\u0117","item":"https:\/\/skaitytaknyga.lt\/knygu-parduotuve\/"},{"@type":"ListItem","position":3,"name":"C. Rovelli \u201eLaiko tvarka\u201c"}]},{"@type":"WebSite","@id":"https:\/\/skaitytaknyga.lt\/#website","url":"https:\/\/skaitytaknyga.lt\/","name":"skaitytaknyga.lt","description":"Skaitytaknyga.lt \u2013 tai ma\u017eas \u0161eimos verslas, kuris prasid\u0117jo nuo meil\u0117s knygoms ir siekio i\u0161gelb\u0117ti knygas nuo likimo prie konteinerio. Kas vienam nereikalingas daiktas \u2013 kitam lobis, o mes esame tarpininkai, kurie padeda abiems tapti laimingesniems ???? \u017dinome kaip nelengva i\u0161gyventi ma\u017eiems verslams, tad nuo \u0161iol, \u010dia rasite ir kit\u0173, ma\u017e\u0173 \u0161eim\u0173 versl\u0173, rank\u0173 darbo, dovan\u0173 sau ir artimiesiems.","publisher":{"@id":"https:\/\/skaitytaknyga.lt\/#organization"},"potentialAction":[{"@type":"SearchAction","target":{"@type":"EntryPoint","urlTemplate":"https:\/\/skaitytaknyga.lt\/?s={search_term_string}"},"query-input":{"@type":"PropertyValueSpecification","valueRequired":true,"valueName":"search_term_string"}}],"inLanguage":"en-GB"},{"@type":"Organization","@id":"https:\/\/skaitytaknyga.lt\/#organization","name":"skaitytaknyga.lt","url":"https:\/\/skaitytaknyga.lt\/","logo":{"@type":"ImageObject","inLanguage":"en-GB","@id":"https:\/\/skaitytaknyga.lt\/#\/schema\/logo\/image\/","url":"https:\/\/skaitytaknyga.lt\/wp-content\/uploads\/2024\/05\/cropped-cropped-cropped-02_00843_jt3bggkj1j3HLc7SyY6rEUpg.jpeg","contentUrl":"https:\/\/skaitytaknyga.lt\/wp-content\/uploads\/2024\/05\/cropped-cropped-cropped-02_00843_jt3bggkj1j3HLc7SyY6rEUpg.jpeg","width":1600,"height":1600,"caption":"skaitytaknyga.lt"},"image":{"@id":"https:\/\/skaitytaknyga.lt\/#\/schema\/logo\/image\/"},"sameAs":["https:\/\/www.facebook.com\/skaitytaknyga\/"]}]}},"_links":{"self":[{"href":"https:\/\/skaitytaknyga.lt\/en\/wp-json\/wp\/v2\/product\/4481","targetHints":{"allow":["GET"]}}],"collection":[{"href":"https:\/\/skaitytaknyga.lt\/en\/wp-json\/wp\/v2\/product"}],"about":[{"href":"https:\/\/skaitytaknyga.lt\/en\/wp-json\/wp\/v2\/types\/product"}],"replies":[{"embeddable":true,"href":"https:\/\/skaitytaknyga.lt\/en\/wp-json\/wp\/v2\/comments?post=4481"}],"wp:attachment":[{"href":"https:\/\/skaitytaknyga.lt\/en\/wp-json\/wp\/v2\/media?parent=4481"}],"wp:term":[{"taxonomy":"product_brand","embeddable":true,"href":"https:\/\/skaitytaknyga.lt\/en\/wp-json\/wp\/v2\/product_brand?post=4481"},{"taxonomy":"product_cat","embeddable":true,"href":"https:\/\/skaitytaknyga.lt\/en\/wp-json\/wp\/v2\/product_cat?post=4481"},{"taxonomy":"product_tag","embeddable":true,"href":"https:\/\/skaitytaknyga.lt\/en\/wp-json\/wp\/v2\/product_tag?post=4481"}],"curies":[{"name":"wp","href":"https:\/\/api.w.org\/{rel}","templated":true}]}}