{"id":4460,"date":"2024-04-17T13:49:04","date_gmt":"2024-04-17T13:49:04","guid":{"rendered":"https:\/\/skaitytaknyga.lt\/?post_type=product&#038;p=4460"},"modified":"2026-03-05T15:58:11","modified_gmt":"2026-03-05T13:58:11","slug":"joy-fielding-bloga-dukte","status":"publish","type":"product","link":"https:\/\/skaitytaknyga.lt\/en\/produktas\/joy-fielding-bloga-dukte\/","title":{"rendered":"Bloga dukt\u0117"},"content":{"rendered":"<p>Kaip atskirti mel\u0105, kuriuo norisi tik\u0117ti, nuo tiesos, kurios ver\u010diau ne\u017einoti?<\/p>\n<p>I\u0161girdusi \u0161iurpi\u0105 \u017eini\u0105, kad t\u0117vas, jauna jo \u017emona ir dvylikamet\u0117 podukra buvo sunkiai su\u017eeisti per ginkluot\u0105 apipl\u0117\u0161im\u0105, Robina priversta gr\u012f\u017eti \u012f gimt\u0105j\u012f miest\u0105, i\u0161 kurio steng\u0117si pab\u0117gti kuo toliau. T\u0117vo valdingumas, arogancija ir nuolatin\u0117 nei\u0161tikimyb\u0117, mamos liga ir mirtis, nevykusiai susiklost\u0119 sesers ir brolio likimai suskald\u0117 \u0161eim\u0105. Robin\u0105 vis dar kankina kalt\u0117, panikos priepuoliai ir nepasitik\u0117jimas mylimu vyru.<\/p>\n<p>Kol ligonin\u0117je t\u0117vas kovoja u\u017e savo gyvyb\u0119, o policija nes\u0117kmingai bando ai\u0161kintis nusikalt\u0117li\u0173 tapatybes, Robina bando atkurti santykius su artimaisiais. Bet&#8230;<\/p>\n<p>\u0160ioje \u0161eimoje visi turi k\u0105 sl\u0117pti.<br \/>\nIr jaunoji t\u0117vo \u017emona Tara.<br \/>\nIr pagie\u017eingoji Robinos sesuo Melanija.<br \/>\nIr jaun\u0117lis j\u0173 brolis Alekas.<br \/>\nIr net autistas Melanijos s\u016bnus Landonas&#8230;<\/p>\n","protected":false},"excerpt":{"rendered":"<p>Psicholog\u0117 i\u0161 Los And\u017eelo priversta gr\u012f\u017eti \u012f gimt\u0105j\u012f miestel\u012f, kur ka\u017ekada jos \u0161eim\u0105 i\u0161tiko tragedija. Knyga\u00a0<b>\u201eBloga dukt\u0117\u201c<\/b>\u00a0&#8211; tai ne tik \u017emog\u017eudyst\u0117s istorija, bet ir skaudi moters kelion\u0117 \u012f praeit\u012f.<\/p>\n<p>Kai Robina i\u0161girsta sesers Melani balso prane\u0161im\u0105, jos \u0161irdis, rodos i\u0161\u0161oksta i\u0161 kr\u016btin\u0117s, o mintys ima bla\u0161kytis sukeldamos tikr\u0105 panikos priepuol\u012f. Melani \u017einut\u0117 trumpa: j\u0173 t\u0117vas, pamot\u0117 ir j\u0173dviej\u0173 dukra pa\u0161auti ir kritin\u0117s b\u016bkl\u0117s guli ligonin\u0117je.<\/p>\n<p>Neatsitiktinai \u017einut\u0117 pasiekia Robin\u0105 Los And\u017eele \u2013 gimt\u0105j\u012f Red Blaf\u0105 ji paliko prie\u0161 penkis metus. Tuomet Robinos t\u0117vas ved\u0117 geriausi\u0105 jos vaikyst\u0117s draug\u0119, su kuria romanti\u0161ki ry\u0161iai siejo ir Robinos brol\u012f. Nor\u0117dama pab\u0117gti nuo \u0161ios nes\u0105mon\u0117s, ji i\u0161vyko \u012f Los And\u017eel\u0105, kur jau pora met\u0173 dirba terapeute. Ir \u0161tai &#8211; sesers \u017einut\u0117. Praeitis, deja, da\u017eniausiai mus pasiveja.<\/p>\n<p>Dabar ji turi gr\u012f\u017eti \u012f \u0161eim\u0105, kuri\u0105 paliko. Kol jos t\u0117vas kovoja su mirtimi, Robina bando suprasti, ar tai buvo tik paprastas \u012fsilau\u017eimas. Jai kyla \u012ftarimas, kad visi \u2013 nuo nuolat suirzusios sesers ir jos autisto s\u016bnaus iki buvusios geriausios draug\u0117s Taros, i\u0161tek\u0117jusios u\u017e Robinos t\u0117vo &#8211; turi paslap\u010di\u0173 ir \u017eino ka\u017ek\u0105 daugiau. Galiausiai, jie visi atsidurs did\u017eiulio pavojaus akivaizdoje.<\/p>\n","protected":false},"featured_media":4506,"comment_status":"closed","ping_status":"closed","template":"","meta":{"_acf_changed":false,"site-sidebar-layout":"default","site-content-layout":"","ast-site-content-layout":"default","site-content-style":"default","site-sidebar-style":"default","ast-global-header-display":"","ast-banner-title-visibility":"","ast-main-header-display":"","ast-hfb-above-header-display":"","ast-hfb-below-header-display":"","ast-hfb-mobile-header-display":"","site-post-title":"","ast-breadcrumbs-content":"","ast-featured-img":"","footer-sml-layout":"","ast-disable-related-posts":"","theme-transparent-header-meta":"","adv-header-id-meta":"","stick-header-meta":"","header-above-stick-meta":"","header-main-stick-meta":"","header-below-stick-meta":"","astra-migrate-meta-layouts":"default","ast-page-background-enabled":"default","ast-page-background-meta":{"desktop":{"background-color":"","background-image":"","background-repeat":"repeat","background-position":"center center","background-size":"auto","background-attachment":"scroll","background-type":"","background-media":"","overlay-type":"","overlay-color":"","overlay-opacity":"","overlay-gradient":""},"tablet":{"background-color":"","background-image":"","background-repeat":"repeat","background-position":"center center","background-size":"auto","background-attachment":"scroll","background-type":"","background-media":"","overlay-type":"","overlay-color":"","overlay-opacity":"","overlay-gradient":""},"mobile":{"background-color":"","background-image":"","background-repeat":"repeat","background-position":"center center","background-size":"auto","background-attachment":"scroll","background-type":"","background-media":"","overlay-type":"","overlay-color":"","overlay-opacity":"","overlay-gradient":""}},"ast-content-background-meta":{"desktop":{"background-color":"var(--ast-global-color-4)","background-image":"","background-repeat":"repeat","background-position":"center center","background-size":"auto","background-attachment":"scroll","background-type":"","background-media":"","overlay-type":"","overlay-color":"","overlay-opacity":"","overlay-gradient":""},"tablet":{"background-color":"var(--ast-global-color-4)","background-image":"","background-repeat":"repeat","background-position":"center center","background-size":"auto","background-attachment":"scroll","background-type":"","background-media":"","overlay-type":"","overlay-color":"","overlay-opacity":"","overlay-gradient":""},"mobile":{"background-color":"var(--ast-global-color-4)","background-image":"","background-repeat":"repeat","background-position":"center center","background-size":"auto","background-attachment":"scroll","background-type":"","background-media":"","overlay-type":"","overlay-color":"","overlay-opacity":"","overlay-gradient":""}}},"product_brand":[],"product_cat":[9580],"product_tag":[],"class_list":{"0":"post-4460","1":"product","2":"type-product","3":"status-publish","4":"has-post-thumbnail","6":"product_cat-psichologiniai-detektyvai","7":"desktop-align-left","8":"tablet-align-left","9":"mobile-align-left","11":"first","12":"instock","13":"shipping-taxable","14":"purchasable","15":"product-type-simple"},"acf":[],"yoast_head":"<!-- This site is optimized with the Yoast SEO plugin v27.0 - https:\/\/yoast.com\/product\/yoast-seo-wordpress\/ -->\n<title>Bloga dukt\u0117<\/title>\n<meta name=\"description\" content=\"Psicholog\u0117 i\u0161 Los And\u017eelo priversta gr\u012f\u017eti \u012f gimt\u0105j\u012f miestel\u012f, kur ka\u017ekada jos \u0161eim\u0105 i\u0161tiko tragedija. Knyga\u00a0\u201eBloga dukt\u0117\u201c\u00a0- tai ne tik \u017emog\u017eudyst\u0117s istorija, bet ir skaudi moters kelion\u0117 \u012f praeit\u012f.  Kai Robina i\u0161girsta sesers Melani balso prane\u0161im\u0105, jos \u0161irdis, rodos i\u0161\u0161oksta i\u0161 kr\u016btin\u0117s, o mintys ima bla\u0161kytis sukeldamos tikr\u0105 panikos priepuol\u012f. Melani \u017einut\u0117 trumpa: j\u0173 t\u0117vas, pamot\u0117 ir j\u0173dviej\u0173 dukra pa\u0161auti ir kritin\u0117s b\u016bkl\u0117s guli ligonin\u0117je.  Neatsitiktinai \u017einut\u0117 pasiekia Robin\u0105 Los And\u017eele \u2013 gimt\u0105j\u012f Red Blaf\u0105 ji paliko prie\u0161 penkis metus. Tuomet Robinos t\u0117vas ved\u0117 geriausi\u0105 jos vaikyst\u0117s draug\u0119, su kuria romanti\u0161ki ry\u0161iai siejo ir Robinos brol\u012f. Nor\u0117dama pab\u0117gti nuo \u0161ios nes\u0105mon\u0117s, ji i\u0161vyko \u012f Los And\u017eel\u0105, kur jau pora met\u0173 dirba terapeute. Ir \u0161tai - sesers \u017einut\u0117. Praeitis, deja, da\u017eniausiai mus pasiveja.  Dabar ji turi gr\u012f\u017eti \u012f \u0161eim\u0105, kuri\u0105 paliko. Kol jos t\u0117vas kovoja su mirtimi, Robina bando suprasti, ar tai buvo tik paprastas \u012fsilau\u017eimas. Jai kyla \u012ftarimas, kad visi \u2013 nuo nuolat suirzusios sesers ir jos autisto s\u016bnaus iki buvusios geriausios draug\u0117s Taros, i\u0161tek\u0117jusios u\u017e Robinos t\u0117vo - turi paslap\u010di\u0173 ir \u017eino ka\u017ek\u0105 daugiau. Galiausiai, jie visi atsidurs did\u017eiulio pavojaus akivaizdoje.\" \/>\n<meta name=\"robots\" content=\"index, follow, max-snippet:-1, max-image-preview:large, max-video-preview:-1\" \/>\n<link rel=\"canonical\" href=\"https:\/\/skaitytaknyga.lt\/en\/produktas\/joy-fielding-bloga-dukte\/\" \/>\n<meta property=\"og:locale\" content=\"en_GB\" \/>\n<meta property=\"og:locale:alternate\" content=\"lt_LT\" \/>\n<meta property=\"og:type\" content=\"article\" \/>\n<meta property=\"og:title\" content=\"Bloga dukt\u0117\" \/>\n<meta property=\"og:description\" content=\"Psicholog\u0117 i\u0161 Los And\u017eelo priversta gr\u012f\u017eti \u012f gimt\u0105j\u012f miestel\u012f, kur ka\u017ekada jos \u0161eim\u0105 i\u0161tiko tragedija. Knyga\u00a0\u201eBloga dukt\u0117\u201c\u00a0- tai ne tik \u017emog\u017eudyst\u0117s istorija, bet ir skaudi moters kelion\u0117 \u012f praeit\u012f.  Kai Robina i\u0161girsta sesers Melani balso prane\u0161im\u0105, jos \u0161irdis, rodos i\u0161\u0161oksta i\u0161 kr\u016btin\u0117s, o mintys ima bla\u0161kytis sukeldamos tikr\u0105 panikos priepuol\u012f. Melani \u017einut\u0117 trumpa: j\u0173 t\u0117vas, pamot\u0117 ir j\u0173dviej\u0173 dukra pa\u0161auti ir kritin\u0117s b\u016bkl\u0117s guli ligonin\u0117je.  Neatsitiktinai \u017einut\u0117 pasiekia Robin\u0105 Los And\u017eele \u2013 gimt\u0105j\u012f Red Blaf\u0105 ji paliko prie\u0161 penkis metus. Tuomet Robinos t\u0117vas ved\u0117 geriausi\u0105 jos vaikyst\u0117s draug\u0119, su kuria romanti\u0161ki ry\u0161iai siejo ir Robinos brol\u012f. Nor\u0117dama pab\u0117gti nuo \u0161ios nes\u0105mon\u0117s, ji i\u0161vyko \u012f Los And\u017eel\u0105, kur jau pora met\u0173 dirba terapeute. Ir \u0161tai - sesers \u017einut\u0117. Praeitis, deja, da\u017eniausiai mus pasiveja.  Dabar ji turi gr\u012f\u017eti \u012f \u0161eim\u0105, kuri\u0105 paliko. Kol jos t\u0117vas kovoja su mirtimi, Robina bando suprasti, ar tai buvo tik paprastas \u012fsilau\u017eimas. Jai kyla \u012ftarimas, kad visi \u2013 nuo nuolat suirzusios sesers ir jos autisto s\u016bnaus iki buvusios geriausios draug\u0117s Taros, i\u0161tek\u0117jusios u\u017e Robinos t\u0117vo - turi paslap\u010di\u0173 ir \u017eino ka\u017ek\u0105 daugiau. Galiausiai, jie visi atsidurs did\u017eiulio pavojaus akivaizdoje.\" \/>\n<meta property=\"og:url\" content=\"https:\/\/skaitytaknyga.lt\/en\/produktas\/joy-fielding-bloga-dukte\/\" \/>\n<meta property=\"og:site_name\" content=\"Skaitytaknyga\" \/>\n<meta property=\"article:publisher\" content=\"https:\/\/www.facebook.com\/skaitytaknyga\/\" \/>\n<meta property=\"article:modified_time\" content=\"2026-03-05T13:58:11+00:00\" \/>\n<meta property=\"og:image\" content=\"https:\/\/skaitytaknyga.lt\/wp-content\/uploads\/2024\/04\/image_822.jpg\" \/>\n\t<meta property=\"og:image:width\" content=\"409\" \/>\n\t<meta property=\"og:image:height\" content=\"610\" \/>\n\t<meta property=\"og:image:type\" content=\"image\/jpeg\" \/>\n<meta name=\"twitter:card\" content=\"summary_large_image\" \/>\n<meta name=\"twitter:label1\" content=\"Estimated reading time\" \/>\n\t<meta name=\"twitter:data1\" content=\"1 minute\" \/>\n<script type=\"application\/ld+json\" class=\"yoast-schema-graph\">{\"@context\":\"https:\/\/schema.org\",\"@graph\":[{\"@type\":\"WebPage\",\"@id\":\"https:\/\/skaitytaknyga.lt\/produktas\/joy-fielding-bloga-dukte\/\",\"url\":\"https:\/\/skaitytaknyga.lt\/produktas\/joy-fielding-bloga-dukte\/\",\"name\":\"Bloga dukt\u0117\",\"isPartOf\":{\"@id\":\"https:\/\/skaitytaknyga.lt\/#website\"},\"primaryImageOfPage\":{\"@id\":\"https:\/\/skaitytaknyga.lt\/produktas\/joy-fielding-bloga-dukte\/#primaryimage\"},\"image\":{\"@id\":\"https:\/\/skaitytaknyga.lt\/produktas\/joy-fielding-bloga-dukte\/#primaryimage\"},\"thumbnailUrl\":\"https:\/\/skaitytaknyga.lt\/wp-content\/uploads\/2024\/04\/image_822.jpg\",\"datePublished\":\"2024-04-17T13:49:04+00:00\",\"dateModified\":\"2026-03-05T13:58:11+00:00\",\"description\":\"Psicholog\u0117 i\u0161 Los And\u017eelo priversta gr\u012f\u017eti \u012f gimt\u0105j\u012f miestel\u012f, kur ka\u017ekada jos \u0161eim\u0105 i\u0161tiko tragedija. Knyga\u00a0\u201eBloga dukt\u0117\u201c\u00a0- tai ne tik \u017emog\u017eudyst\u0117s istorija, bet ir skaudi moters kelion\u0117 \u012f praeit\u012f. Kai Robina i\u0161girsta sesers Melani balso prane\u0161im\u0105, jos \u0161irdis, rodos i\u0161\u0161oksta i\u0161 kr\u016btin\u0117s, o mintys ima bla\u0161kytis sukeldamos tikr\u0105 panikos priepuol\u012f. Melani \u017einut\u0117 trumpa: j\u0173 t\u0117vas, pamot\u0117 ir j\u0173dviej\u0173 dukra pa\u0161auti ir kritin\u0117s b\u016bkl\u0117s guli ligonin\u0117je. Neatsitiktinai \u017einut\u0117 pasiekia Robin\u0105 Los And\u017eele \u2013 gimt\u0105j\u012f Red Blaf\u0105 ji paliko prie\u0161 penkis metus. Tuomet Robinos t\u0117vas ved\u0117 geriausi\u0105 jos vaikyst\u0117s draug\u0119, su kuria romanti\u0161ki ry\u0161iai siejo ir Robinos brol\u012f. Nor\u0117dama pab\u0117gti nuo \u0161ios nes\u0105mon\u0117s, ji i\u0161vyko \u012f Los And\u017eel\u0105, kur jau pora met\u0173 dirba terapeute. Ir \u0161tai - sesers \u017einut\u0117. Praeitis, deja, da\u017eniausiai mus pasiveja. Dabar ji turi gr\u012f\u017eti \u012f \u0161eim\u0105, kuri\u0105 paliko. Kol jos t\u0117vas kovoja su mirtimi, Robina bando suprasti, ar tai buvo tik paprastas \u012fsilau\u017eimas. Jai kyla \u012ftarimas, kad visi \u2013 nuo nuolat suirzusios sesers ir jos autisto s\u016bnaus iki buvusios geriausios draug\u0117s Taros, i\u0161tek\u0117jusios u\u017e Robinos t\u0117vo - turi paslap\u010di\u0173 ir \u017eino ka\u017ek\u0105 daugiau. Galiausiai, jie visi atsidurs did\u017eiulio pavojaus akivaizdoje.\",\"breadcrumb\":{\"@id\":\"https:\/\/skaitytaknyga.lt\/produktas\/joy-fielding-bloga-dukte\/#breadcrumb\"},\"inLanguage\":\"en-GB\",\"potentialAction\":[{\"@type\":\"ReadAction\",\"target\":[\"https:\/\/skaitytaknyga.lt\/produktas\/joy-fielding-bloga-dukte\/\"]}]},{\"@type\":\"ImageObject\",\"inLanguage\":\"en-GB\",\"@id\":\"https:\/\/skaitytaknyga.lt\/produktas\/joy-fielding-bloga-dukte\/#primaryimage\",\"url\":\"https:\/\/skaitytaknyga.lt\/wp-content\/uploads\/2024\/04\/image_822.jpg\",\"contentUrl\":\"https:\/\/skaitytaknyga.lt\/wp-content\/uploads\/2024\/04\/image_822.jpg\",\"width\":409,\"height\":610},{\"@type\":\"BreadcrumbList\",\"@id\":\"https:\/\/skaitytaknyga.lt\/produktas\/joy-fielding-bloga-dukte\/#breadcrumb\",\"itemListElement\":[{\"@type\":\"ListItem\",\"position\":1,\"name\":\"Home\",\"item\":\"https:\/\/skaitytaknyga.lt\/\"},{\"@type\":\"ListItem\",\"position\":2,\"name\":\"Parduotuv\u0117\",\"item\":\"https:\/\/skaitytaknyga.lt\/knygu-parduotuve\/\"},{\"@type\":\"ListItem\",\"position\":3,\"name\":\"Bloga dukt\u0117\"}]},{\"@type\":\"WebSite\",\"@id\":\"https:\/\/skaitytaknyga.lt\/#website\",\"url\":\"https:\/\/skaitytaknyga.lt\/\",\"name\":\"skaitytaknyga.lt\",\"description\":\"Skaitytaknyga.lt \u2013 tai ma\u017eas \u0161eimos verslas, kuris prasid\u0117jo nuo meil\u0117s knygoms ir siekio i\u0161gelb\u0117ti knygas nuo likimo prie konteinerio. Kas vienam nereikalingas daiktas \u2013 kitam lobis, o mes esame tarpininkai, kurie padeda abiems tapti laimingesniems ???? \u017dinome kaip nelengva i\u0161gyventi ma\u017eiems verslams, tad nuo \u0161iol, \u010dia rasite ir kit\u0173, ma\u017e\u0173 \u0161eim\u0173 versl\u0173, rank\u0173 darbo, dovan\u0173 sau ir artimiesiems.\",\"publisher\":{\"@id\":\"https:\/\/skaitytaknyga.lt\/#organization\"},\"potentialAction\":[{\"@type\":\"SearchAction\",\"target\":{\"@type\":\"EntryPoint\",\"urlTemplate\":\"https:\/\/skaitytaknyga.lt\/?s={search_term_string}\"},\"query-input\":{\"@type\":\"PropertyValueSpecification\",\"valueRequired\":true,\"valueName\":\"search_term_string\"}}],\"inLanguage\":\"en-GB\"},{\"@type\":\"Organization\",\"@id\":\"https:\/\/skaitytaknyga.lt\/#organization\",\"name\":\"skaitytaknyga.lt\",\"url\":\"https:\/\/skaitytaknyga.lt\/\",\"logo\":{\"@type\":\"ImageObject\",\"inLanguage\":\"en-GB\",\"@id\":\"https:\/\/skaitytaknyga.lt\/#\/schema\/logo\/image\/\",\"url\":\"https:\/\/skaitytaknyga.lt\/wp-content\/uploads\/2024\/05\/cropped-cropped-cropped-02_00843_jt3bggkj1j3HLc7SyY6rEUpg.jpeg\",\"contentUrl\":\"https:\/\/skaitytaknyga.lt\/wp-content\/uploads\/2024\/05\/cropped-cropped-cropped-02_00843_jt3bggkj1j3HLc7SyY6rEUpg.jpeg\",\"width\":1600,\"height\":1600,\"caption\":\"skaitytaknyga.lt\"},\"image\":{\"@id\":\"https:\/\/skaitytaknyga.lt\/#\/schema\/logo\/image\/\"},\"sameAs\":[\"https:\/\/www.facebook.com\/skaitytaknyga\/\"]}]}<\/script>\n<!-- \/ Yoast SEO plugin. -->","yoast_head_json":{"title":"Bloga dukt\u0117","description":"Psicholog\u0117 i\u0161 Los And\u017eelo priversta gr\u012f\u017eti \u012f gimt\u0105j\u012f miestel\u012f, kur ka\u017ekada jos \u0161eim\u0105 i\u0161tiko tragedija. Knyga\u00a0\u201eBloga dukt\u0117\u201c\u00a0- tai ne tik \u017emog\u017eudyst\u0117s istorija, bet ir skaudi moters kelion\u0117 \u012f praeit\u012f.  Kai Robina i\u0161girsta sesers Melani balso prane\u0161im\u0105, jos \u0161irdis, rodos i\u0161\u0161oksta i\u0161 kr\u016btin\u0117s, o mintys ima bla\u0161kytis sukeldamos tikr\u0105 panikos priepuol\u012f. Melani \u017einut\u0117 trumpa: j\u0173 t\u0117vas, pamot\u0117 ir j\u0173dviej\u0173 dukra pa\u0161auti ir kritin\u0117s b\u016bkl\u0117s guli ligonin\u0117je.  Neatsitiktinai \u017einut\u0117 pasiekia Robin\u0105 Los And\u017eele \u2013 gimt\u0105j\u012f Red Blaf\u0105 ji paliko prie\u0161 penkis metus. Tuomet Robinos t\u0117vas ved\u0117 geriausi\u0105 jos vaikyst\u0117s draug\u0119, su kuria romanti\u0161ki ry\u0161iai siejo ir Robinos brol\u012f. Nor\u0117dama pab\u0117gti nuo \u0161ios nes\u0105mon\u0117s, ji i\u0161vyko \u012f Los And\u017eel\u0105, kur jau pora met\u0173 dirba terapeute. Ir \u0161tai - sesers \u017einut\u0117. Praeitis, deja, da\u017eniausiai mus pasiveja.  Dabar ji turi gr\u012f\u017eti \u012f \u0161eim\u0105, kuri\u0105 paliko. Kol jos t\u0117vas kovoja su mirtimi, Robina bando suprasti, ar tai buvo tik paprastas \u012fsilau\u017eimas. Jai kyla \u012ftarimas, kad visi \u2013 nuo nuolat suirzusios sesers ir jos autisto s\u016bnaus iki buvusios geriausios draug\u0117s Taros, i\u0161tek\u0117jusios u\u017e Robinos t\u0117vo - turi paslap\u010di\u0173 ir \u017eino ka\u017ek\u0105 daugiau. Galiausiai, jie visi atsidurs did\u017eiulio pavojaus akivaizdoje.","robots":{"index":"index","follow":"follow","max-snippet":"max-snippet:-1","max-image-preview":"max-image-preview:large","max-video-preview":"max-video-preview:-1"},"canonical":"https:\/\/skaitytaknyga.lt\/en\/produktas\/joy-fielding-bloga-dukte\/","og_locale":"en_GB","og_type":"article","og_title":"[:lt]Bloga dukt\u0117[:] - Skaitytaknyga","og_description":"Psicholog\u0117 i\u0161 Los And\u017eelo priversta gr\u012f\u017eti \u012f gimt\u0105j\u012f miestel\u012f, kur ka\u017ekada jos \u0161eim\u0105 i\u0161tiko tragedija. Knyga\u00a0\u201eBloga dukt\u0117\u201c\u00a0- tai ne tik \u017emog\u017eudyst\u0117s istorija, bet ir skaudi moters kelion\u0117 \u012f praeit\u012f.  Kai Robina i\u0161girsta sesers Melani balso prane\u0161im\u0105, jos \u0161irdis, rodos i\u0161\u0161oksta i\u0161 kr\u016btin\u0117s, o mintys ima bla\u0161kytis sukeldamos tikr\u0105 panikos priepuol\u012f. Melani \u017einut\u0117 trumpa: j\u0173 t\u0117vas, pamot\u0117 ir j\u0173dviej\u0173 dukra pa\u0161auti ir kritin\u0117s b\u016bkl\u0117s guli ligonin\u0117je.  Neatsitiktinai \u017einut\u0117 pasiekia Robin\u0105 Los And\u017eele \u2013 gimt\u0105j\u012f Red Blaf\u0105 ji paliko prie\u0161 penkis metus. Tuomet Robinos t\u0117vas ved\u0117 geriausi\u0105 jos vaikyst\u0117s draug\u0119, su kuria romanti\u0161ki ry\u0161iai siejo ir Robinos brol\u012f. Nor\u0117dama pab\u0117gti nuo \u0161ios nes\u0105mon\u0117s, ji i\u0161vyko \u012f Los And\u017eel\u0105, kur jau pora met\u0173 dirba terapeute. Ir \u0161tai - sesers \u017einut\u0117. Praeitis, deja, da\u017eniausiai mus pasiveja.  Dabar ji turi gr\u012f\u017eti \u012f \u0161eim\u0105, kuri\u0105 paliko. Kol jos t\u0117vas kovoja su mirtimi, Robina bando suprasti, ar tai buvo tik paprastas \u012fsilau\u017eimas. Jai kyla \u012ftarimas, kad visi \u2013 nuo nuolat suirzusios sesers ir jos autisto s\u016bnaus iki buvusios geriausios draug\u0117s Taros, i\u0161tek\u0117jusios u\u017e Robinos t\u0117vo - turi paslap\u010di\u0173 ir \u017eino ka\u017ek\u0105 daugiau. Galiausiai, jie visi atsidurs did\u017eiulio pavojaus akivaizdoje.","og_url":"https:\/\/skaitytaknyga.lt\/en\/produktas\/joy-fielding-bloga-dukte\/","og_site_name":"Skaitytaknyga","article_publisher":"https:\/\/www.facebook.com\/skaitytaknyga\/","article_modified_time":"2026-03-05T13:58:11+00:00","og_image":[{"width":409,"height":610,"url":"https:\/\/skaitytaknyga.lt\/wp-content\/uploads\/2024\/04\/image_822.jpg","type":"image\/jpeg"}],"twitter_card":"summary_large_image","twitter_misc":{"Estimated reading time":"1 minute"},"schema":{"@context":"https:\/\/schema.org","@graph":[{"@type":"WebPage","@id":"https:\/\/skaitytaknyga.lt\/produktas\/joy-fielding-bloga-dukte\/","url":"https:\/\/skaitytaknyga.lt\/produktas\/joy-fielding-bloga-dukte\/","name":"Bloga dukt\u0117","isPartOf":{"@id":"https:\/\/skaitytaknyga.lt\/#website"},"primaryImageOfPage":{"@id":"https:\/\/skaitytaknyga.lt\/produktas\/joy-fielding-bloga-dukte\/#primaryimage"},"image":{"@id":"https:\/\/skaitytaknyga.lt\/produktas\/joy-fielding-bloga-dukte\/#primaryimage"},"thumbnailUrl":"https:\/\/skaitytaknyga.lt\/wp-content\/uploads\/2024\/04\/image_822.jpg","datePublished":"2024-04-17T13:49:04+00:00","dateModified":"2026-03-05T13:58:11+00:00","description":"Psicholog\u0117 i\u0161 Los And\u017eelo priversta gr\u012f\u017eti \u012f gimt\u0105j\u012f miestel\u012f, kur ka\u017ekada jos \u0161eim\u0105 i\u0161tiko tragedija. Knyga\u00a0\u201eBloga dukt\u0117\u201c\u00a0- tai ne tik \u017emog\u017eudyst\u0117s istorija, bet ir skaudi moters kelion\u0117 \u012f praeit\u012f. Kai Robina i\u0161girsta sesers Melani balso prane\u0161im\u0105, jos \u0161irdis, rodos i\u0161\u0161oksta i\u0161 kr\u016btin\u0117s, o mintys ima bla\u0161kytis sukeldamos tikr\u0105 panikos priepuol\u012f. Melani \u017einut\u0117 trumpa: j\u0173 t\u0117vas, pamot\u0117 ir j\u0173dviej\u0173 dukra pa\u0161auti ir kritin\u0117s b\u016bkl\u0117s guli ligonin\u0117je. Neatsitiktinai \u017einut\u0117 pasiekia Robin\u0105 Los And\u017eele \u2013 gimt\u0105j\u012f Red Blaf\u0105 ji paliko prie\u0161 penkis metus. Tuomet Robinos t\u0117vas ved\u0117 geriausi\u0105 jos vaikyst\u0117s draug\u0119, su kuria romanti\u0161ki ry\u0161iai siejo ir Robinos brol\u012f. Nor\u0117dama pab\u0117gti nuo \u0161ios nes\u0105mon\u0117s, ji i\u0161vyko \u012f Los And\u017eel\u0105, kur jau pora met\u0173 dirba terapeute. Ir \u0161tai - sesers \u017einut\u0117. Praeitis, deja, da\u017eniausiai mus pasiveja. Dabar ji turi gr\u012f\u017eti \u012f \u0161eim\u0105, kuri\u0105 paliko. Kol jos t\u0117vas kovoja su mirtimi, Robina bando suprasti, ar tai buvo tik paprastas \u012fsilau\u017eimas. Jai kyla \u012ftarimas, kad visi \u2013 nuo nuolat suirzusios sesers ir jos autisto s\u016bnaus iki buvusios geriausios draug\u0117s Taros, i\u0161tek\u0117jusios u\u017e Robinos t\u0117vo - turi paslap\u010di\u0173 ir \u017eino ka\u017ek\u0105 daugiau. Galiausiai, jie visi atsidurs did\u017eiulio pavojaus akivaizdoje.","breadcrumb":{"@id":"https:\/\/skaitytaknyga.lt\/produktas\/joy-fielding-bloga-dukte\/#breadcrumb"},"inLanguage":"en-GB","potentialAction":[{"@type":"ReadAction","target":["https:\/\/skaitytaknyga.lt\/produktas\/joy-fielding-bloga-dukte\/"]}]},{"@type":"ImageObject","inLanguage":"en-GB","@id":"https:\/\/skaitytaknyga.lt\/produktas\/joy-fielding-bloga-dukte\/#primaryimage","url":"https:\/\/skaitytaknyga.lt\/wp-content\/uploads\/2024\/04\/image_822.jpg","contentUrl":"https:\/\/skaitytaknyga.lt\/wp-content\/uploads\/2024\/04\/image_822.jpg","width":409,"height":610},{"@type":"BreadcrumbList","@id":"https:\/\/skaitytaknyga.lt\/produktas\/joy-fielding-bloga-dukte\/#breadcrumb","itemListElement":[{"@type":"ListItem","position":1,"name":"Home","item":"https:\/\/skaitytaknyga.lt\/"},{"@type":"ListItem","position":2,"name":"Parduotuv\u0117","item":"https:\/\/skaitytaknyga.lt\/knygu-parduotuve\/"},{"@type":"ListItem","position":3,"name":"Bloga dukt\u0117"}]},{"@type":"WebSite","@id":"https:\/\/skaitytaknyga.lt\/#website","url":"https:\/\/skaitytaknyga.lt\/","name":"skaitytaknyga.lt","description":"Skaitytaknyga.lt \u2013 tai ma\u017eas \u0161eimos verslas, kuris prasid\u0117jo nuo meil\u0117s knygoms ir siekio i\u0161gelb\u0117ti knygas nuo likimo prie konteinerio. Kas vienam nereikalingas daiktas \u2013 kitam lobis, o mes esame tarpininkai, kurie padeda abiems tapti laimingesniems ???? \u017dinome kaip nelengva i\u0161gyventi ma\u017eiems verslams, tad nuo \u0161iol, \u010dia rasite ir kit\u0173, ma\u017e\u0173 \u0161eim\u0173 versl\u0173, rank\u0173 darbo, dovan\u0173 sau ir artimiesiems.","publisher":{"@id":"https:\/\/skaitytaknyga.lt\/#organization"},"potentialAction":[{"@type":"SearchAction","target":{"@type":"EntryPoint","urlTemplate":"https:\/\/skaitytaknyga.lt\/?s={search_term_string}"},"query-input":{"@type":"PropertyValueSpecification","valueRequired":true,"valueName":"search_term_string"}}],"inLanguage":"en-GB"},{"@type":"Organization","@id":"https:\/\/skaitytaknyga.lt\/#organization","name":"skaitytaknyga.lt","url":"https:\/\/skaitytaknyga.lt\/","logo":{"@type":"ImageObject","inLanguage":"en-GB","@id":"https:\/\/skaitytaknyga.lt\/#\/schema\/logo\/image\/","url":"https:\/\/skaitytaknyga.lt\/wp-content\/uploads\/2024\/05\/cropped-cropped-cropped-02_00843_jt3bggkj1j3HLc7SyY6rEUpg.jpeg","contentUrl":"https:\/\/skaitytaknyga.lt\/wp-content\/uploads\/2024\/05\/cropped-cropped-cropped-02_00843_jt3bggkj1j3HLc7SyY6rEUpg.jpeg","width":1600,"height":1600,"caption":"skaitytaknyga.lt"},"image":{"@id":"https:\/\/skaitytaknyga.lt\/#\/schema\/logo\/image\/"},"sameAs":["https:\/\/www.facebook.com\/skaitytaknyga\/"]}]}},"_links":{"self":[{"href":"https:\/\/skaitytaknyga.lt\/en\/wp-json\/wp\/v2\/product\/4460","targetHints":{"allow":["GET"]}}],"collection":[{"href":"https:\/\/skaitytaknyga.lt\/en\/wp-json\/wp\/v2\/product"}],"about":[{"href":"https:\/\/skaitytaknyga.lt\/en\/wp-json\/wp\/v2\/types\/product"}],"replies":[{"embeddable":true,"href":"https:\/\/skaitytaknyga.lt\/en\/wp-json\/wp\/v2\/comments?post=4460"}],"wp:featuredmedia":[{"embeddable":true,"href":"https:\/\/skaitytaknyga.lt\/en\/wp-json\/wp\/v2\/media\/4506"}],"wp:attachment":[{"href":"https:\/\/skaitytaknyga.lt\/en\/wp-json\/wp\/v2\/media?parent=4460"}],"wp:term":[{"taxonomy":"product_brand","embeddable":true,"href":"https:\/\/skaitytaknyga.lt\/en\/wp-json\/wp\/v2\/product_brand?post=4460"},{"taxonomy":"product_cat","embeddable":true,"href":"https:\/\/skaitytaknyga.lt\/en\/wp-json\/wp\/v2\/product_cat?post=4460"},{"taxonomy":"product_tag","embeddable":true,"href":"https:\/\/skaitytaknyga.lt\/en\/wp-json\/wp\/v2\/product_tag?post=4460"}],"curies":[{"name":"wp","href":"https:\/\/api.w.org\/{rel}","templated":true}]}}