{"id":4457,"date":"2024-04-17T13:49:04","date_gmt":"2024-04-17T13:49:04","guid":{"rendered":"https:\/\/skaitytaknyga.lt\/?post_type=product&#038;p=4457"},"modified":"2024-05-03T07:25:14","modified_gmt":"2024-05-03T07:25:14","slug":"cd-reiss-skyrybu-zaidimai","status":"publish","type":"product","link":"https:\/\/skaitytaknyga.lt\/en\/produktas\/cd-reiss-skyrybu-zaidimai\/","title":{"rendered":"CD Reiss \u201eSkyryb\u0173 \u017eaidimai\u201c"},"content":{"rendered":"<div>\n<div>Dominantas ir nuolankioji kovoja.<\/div>\n<div>Ji &#8211; siekdama susigr\u0105\u017einti vyr\u0105.<\/div>\n<div>Jis &#8211; negailestingai atstumdamas \u017emon\u0105.<\/div>\n<div><\/div>\n<div>Ar juodviem pavyks sulipdyti pa\u017eirusios santuokos \u0161ipulius? Ar teks pripa\u017einti pralaim\u0117jim\u0105?<\/div>\n<div><\/div>\n<div>Tai antroji \u017dAIDIM\u0172 dueto knyga, prasidedanti ten, kur sutuoktinius Adam\u0105 ir Dian\u0105 palikome \u2013 pirmosios knygos \u201eSantuokos \u017eaidimai&#8221; pabaigoje.<\/div>\n<div><\/div>\n<div>Beg\u0117di\u0161kai atvira, intensyvi, prikaustanti, eroti\u0161ka meil\u0117s istorija atskleid\u017eia, kaip seksualinis ry\u0161ys ir i\u0161laisvinti tro\u0161kimai gali nuvesti \u012f emocij\u0173 auk\u0161tumas ir geiduli\u0173 prarajas.<\/div>\n<div><\/div>\n<\/div>\n","protected":false},"excerpt":{"rendered":"<div>\n<div>Dominantas ir nuolankioji kovoja.<\/div>\n<div>Ji &#8211; siekdama susigr\u0105\u017einti vyr\u0105.<\/div>\n<div>Jis &#8211; negailestingai atstumdamas \u017emon\u0105.<\/div>\n<div><\/div>\n<div>Ar juodviem pavyks sulipdyti pa\u017eirusios santuokos \u0161ipulius? Ar teks pripa\u017einti pralaim\u0117jim\u0105?<\/div>\n<div><\/div>\n<div>Tai antroji \u017dAIDIM\u0172 dueto knyga, prasidedanti ten, kur sutuoktinius Adam\u0105 ir Dian\u0105 palikome \u2013 pirmosios knygos \u201eSantuokos \u017eaidimai&#8221; pabaigoje.<\/div>\n<div><\/div>\n<div>Beg\u0117di\u0161kai atvira, intensyvi, prikaustanti, eroti\u0161ka meil\u0117s istorija atskleid\u017eia, kaip seksualinis ry\u0161ys ir i\u0161laisvinti tro\u0161kimai gali nuvesti \u012f emocij\u0173 auk\u0161tumas ir geiduli\u0173 prarajas.<\/div>\n<div><\/div>\n<\/div>\n","protected":false},"featured_media":4503,"comment_status":"closed","ping_status":"closed","template":"","meta":{"_acf_changed":false,"site-sidebar-layout":"default","site-content-layout":"","ast-site-content-layout":"default","site-content-style":"default","site-sidebar-style":"default","ast-global-header-display":"","ast-banner-title-visibility":"","ast-main-header-display":"","ast-hfb-above-header-display":"","ast-hfb-below-header-display":"","ast-hfb-mobile-header-display":"","site-post-title":"","ast-breadcrumbs-content":"","ast-featured-img":"","footer-sml-layout":"","ast-disable-related-posts":"","theme-transparent-header-meta":"","adv-header-id-meta":"","stick-header-meta":"","header-above-stick-meta":"","header-main-stick-meta":"","header-below-stick-meta":"","astra-migrate-meta-layouts":"default","ast-page-background-enabled":"default","ast-page-background-meta":{"desktop":{"background-color":"","background-image":"","background-repeat":"repeat","background-position":"center center","background-size":"auto","background-attachment":"scroll","background-type":"","background-media":"","overlay-type":"","overlay-color":"","overlay-opacity":"","overlay-gradient":""},"tablet":{"background-color":"","background-image":"","background-repeat":"repeat","background-position":"center center","background-size":"auto","background-attachment":"scroll","background-type":"","background-media":"","overlay-type":"","overlay-color":"","overlay-opacity":"","overlay-gradient":""},"mobile":{"background-color":"","background-image":"","background-repeat":"repeat","background-position":"center center","background-size":"auto","background-attachment":"scroll","background-type":"","background-media":"","overlay-type":"","overlay-color":"","overlay-opacity":"","overlay-gradient":""}},"ast-content-background-meta":{"desktop":{"background-color":"var(--ast-global-color-4)","background-image":"","background-repeat":"repeat","background-position":"center center","background-size":"auto","background-attachment":"scroll","background-type":"","background-media":"","overlay-type":"","overlay-color":"","overlay-opacity":"","overlay-gradient":""},"tablet":{"background-color":"var(--ast-global-color-4)","background-image":"","background-repeat":"repeat","background-position":"center center","background-size":"auto","background-attachment":"scroll","background-type":"","background-media":"","overlay-type":"","overlay-color":"","overlay-opacity":"","overlay-gradient":""},"mobile":{"background-color":"var(--ast-global-color-4)","background-image":"","background-repeat":"repeat","background-position":"center center","background-size":"auto","background-attachment":"scroll","background-type":"","background-media":"","overlay-type":"","overlay-color":"","overlay-opacity":"","overlay-gradient":""}}},"product_brand":[],"product_cat":[31],"product_tag":[],"class_list":{"0":"post-4457","1":"product","2":"type-product","3":"status-publish","4":"has-post-thumbnail","6":"product_cat-grozine-literatura","7":"pa_leidimo-metai-647","8":"pa_virselis-minkstas","9":"desktop-align-left","10":"tablet-align-left","11":"mobile-align-left","13":"first","14":"outofstock","15":"shipping-taxable","16":"purchasable","17":"product-type-simple"},"acf":[],"yoast_head":"<!-- This site is optimized with the Yoast SEO plugin v27.0 - https:\/\/yoast.com\/product\/yoast-seo-wordpress\/ -->\n<title>CD Reiss \u201eSkyryb\u0173 \u017eaidimai\u201c - Skaitytaknyga<\/title>\n<meta name=\"description\" content=\"Dominantas ir nuolankioji kovoja. Ji - siekdama susigr\u0105\u017einti vyr\u0105. Jis - negailestingai atstumdamas \u017emon\u0105.  Ar juodviem pavyks sulipdyti pa\u017eirusios santuokos \u0161ipulius? Ar teks pripa\u017einti pralaim\u0117jim\u0105?  Tai antroji \u017dAIDIM\u0172 dueto knyga, prasidedanti ten, kur sutuoktinius Adam\u0105 ir Dian\u0105 palikome \u2013 pirmosios knygos \u201eSantuokos \u017eaidimai&quot; pabaigoje.  Beg\u0117di\u0161kai atvira, intensyvi, prikaustanti, eroti\u0161ka meil\u0117s istorija atskleid\u017eia, kaip seksualinis ry\u0161ys ir i\u0161laisvinti tro\u0161kimai gali nuvesti \u012f emocij\u0173 auk\u0161tumas ir geiduli\u0173 prarajas.\" \/>\n<meta name=\"robots\" content=\"index, follow, max-snippet:-1, max-image-preview:large, max-video-preview:-1\" \/>\n<link rel=\"canonical\" href=\"https:\/\/skaitytaknyga.lt\/en\/produktas\/cd-reiss-skyrybu-zaidimai\/\" \/>\n<meta property=\"og:locale\" content=\"en_GB\" \/>\n<meta property=\"og:locale:alternate\" content=\"lt_LT\" \/>\n<meta property=\"og:type\" content=\"article\" \/>\n<meta property=\"og:title\" content=\"CD Reiss \u201eSkyryb\u0173 \u017eaidimai\u201c - Skaitytaknyga\" \/>\n<meta property=\"og:description\" content=\"Dominantas ir nuolankioji kovoja. Ji - siekdama susigr\u0105\u017einti vyr\u0105. Jis - negailestingai atstumdamas \u017emon\u0105.  Ar juodviem pavyks sulipdyti pa\u017eirusios santuokos \u0161ipulius? Ar teks pripa\u017einti pralaim\u0117jim\u0105?  Tai antroji \u017dAIDIM\u0172 dueto knyga, prasidedanti ten, kur sutuoktinius Adam\u0105 ir Dian\u0105 palikome \u2013 pirmosios knygos \u201eSantuokos \u017eaidimai&quot; pabaigoje.  Beg\u0117di\u0161kai atvira, intensyvi, prikaustanti, eroti\u0161ka meil\u0117s istorija atskleid\u017eia, kaip seksualinis ry\u0161ys ir i\u0161laisvinti tro\u0161kimai gali nuvesti \u012f emocij\u0173 auk\u0161tumas ir geiduli\u0173 prarajas.\" \/>\n<meta property=\"og:url\" content=\"https:\/\/skaitytaknyga.lt\/en\/produktas\/cd-reiss-skyrybu-zaidimai\/\" \/>\n<meta property=\"og:site_name\" content=\"Skaitytaknyga\" \/>\n<meta property=\"article:publisher\" content=\"https:\/\/www.facebook.com\/skaitytaknyga\/\" \/>\n<meta property=\"article:modified_time\" content=\"2024-05-03T07:25:14+00:00\" \/>\n<meta property=\"og:image\" content=\"https:\/\/skaitytaknyga.lt\/wp-content\/uploads\/2024\/04\/000000000002176151-5acf756377bc1-asset-knyguklubas-9786098184433_skyrybu_zaidimai.jpg\" \/>\n\t<meta property=\"og:image:width\" content=\"468\" \/>\n\t<meta property=\"og:image:height\" content=\"700\" \/>\n\t<meta property=\"og:image:type\" content=\"image\/jpeg\" \/>\n<meta name=\"twitter:card\" content=\"summary_large_image\" \/>\n<meta name=\"twitter:label1\" content=\"Estimated reading time\" \/>\n\t<meta name=\"twitter:data1\" content=\"1 minute\" \/>\n<script type=\"application\/ld+json\" class=\"yoast-schema-graph\">{\"@context\":\"https:\/\/schema.org\",\"@graph\":[{\"@type\":\"WebPage\",\"@id\":\"https:\/\/skaitytaknyga.lt\/produktas\/cd-reiss-skyrybu-zaidimai\/\",\"url\":\"https:\/\/skaitytaknyga.lt\/produktas\/cd-reiss-skyrybu-zaidimai\/\",\"name\":\"CD Reiss \u201eSkyryb\u0173 \u017eaidimai\u201c - Skaitytaknyga\",\"isPartOf\":{\"@id\":\"https:\/\/skaitytaknyga.lt\/#website\"},\"primaryImageOfPage\":{\"@id\":\"https:\/\/skaitytaknyga.lt\/produktas\/cd-reiss-skyrybu-zaidimai\/#primaryimage\"},\"image\":{\"@id\":\"https:\/\/skaitytaknyga.lt\/produktas\/cd-reiss-skyrybu-zaidimai\/#primaryimage\"},\"thumbnailUrl\":\"https:\/\/skaitytaknyga.lt\/wp-content\/uploads\/2024\/04\/000000000002176151-5acf756377bc1-asset-knyguklubas-9786098184433_skyrybu_zaidimai.jpg\",\"datePublished\":\"2024-04-17T13:49:04+00:00\",\"dateModified\":\"2024-05-03T07:25:14+00:00\",\"description\":\"Dominantas ir nuolankioji kovoja. Ji - siekdama susigr\u0105\u017einti vyr\u0105. Jis - negailestingai atstumdamas \u017emon\u0105. Ar juodviem pavyks sulipdyti pa\u017eirusios santuokos \u0161ipulius? Ar teks pripa\u017einti pralaim\u0117jim\u0105? Tai antroji \u017dAIDIM\u0172 dueto knyga, prasidedanti ten, kur sutuoktinius Adam\u0105 ir Dian\u0105 palikome \u2013 pirmosios knygos \u201eSantuokos \u017eaidimai\\\" pabaigoje. Beg\u0117di\u0161kai atvira, intensyvi, prikaustanti, eroti\u0161ka meil\u0117s istorija atskleid\u017eia, kaip seksualinis ry\u0161ys ir i\u0161laisvinti tro\u0161kimai gali nuvesti \u012f emocij\u0173 auk\u0161tumas ir geiduli\u0173 prarajas.\",\"breadcrumb\":{\"@id\":\"https:\/\/skaitytaknyga.lt\/produktas\/cd-reiss-skyrybu-zaidimai\/#breadcrumb\"},\"inLanguage\":\"en-GB\",\"potentialAction\":[{\"@type\":\"ReadAction\",\"target\":[\"https:\/\/skaitytaknyga.lt\/produktas\/cd-reiss-skyrybu-zaidimai\/\"]}]},{\"@type\":\"ImageObject\",\"inLanguage\":\"en-GB\",\"@id\":\"https:\/\/skaitytaknyga.lt\/produktas\/cd-reiss-skyrybu-zaidimai\/#primaryimage\",\"url\":\"https:\/\/skaitytaknyga.lt\/wp-content\/uploads\/2024\/04\/000000000002176151-5acf756377bc1-asset-knyguklubas-9786098184433_skyrybu_zaidimai.jpg\",\"contentUrl\":\"https:\/\/skaitytaknyga.lt\/wp-content\/uploads\/2024\/04\/000000000002176151-5acf756377bc1-asset-knyguklubas-9786098184433_skyrybu_zaidimai.jpg\",\"width\":468,\"height\":700},{\"@type\":\"BreadcrumbList\",\"@id\":\"https:\/\/skaitytaknyga.lt\/produktas\/cd-reiss-skyrybu-zaidimai\/#breadcrumb\",\"itemListElement\":[{\"@type\":\"ListItem\",\"position\":1,\"name\":\"Home\",\"item\":\"https:\/\/skaitytaknyga.lt\/\"},{\"@type\":\"ListItem\",\"position\":2,\"name\":\"Parduotuv\u0117\",\"item\":\"https:\/\/skaitytaknyga.lt\/knygu-parduotuve\/\"},{\"@type\":\"ListItem\",\"position\":3,\"name\":\"CD Reiss \u201eSkyryb\u0173 \u017eaidimai\u201c\"}]},{\"@type\":\"WebSite\",\"@id\":\"https:\/\/skaitytaknyga.lt\/#website\",\"url\":\"https:\/\/skaitytaknyga.lt\/\",\"name\":\"skaitytaknyga.lt\",\"description\":\"Skaitytaknyga.lt \u2013 tai ma\u017eas \u0161eimos verslas, kuris prasid\u0117jo nuo meil\u0117s knygoms ir siekio i\u0161gelb\u0117ti knygas nuo likimo prie konteinerio. Kas vienam nereikalingas daiktas \u2013 kitam lobis, o mes esame tarpininkai, kurie padeda abiems tapti laimingesniems ???? \u017dinome kaip nelengva i\u0161gyventi ma\u017eiems verslams, tad nuo \u0161iol, \u010dia rasite ir kit\u0173, ma\u017e\u0173 \u0161eim\u0173 versl\u0173, rank\u0173 darbo, dovan\u0173 sau ir artimiesiems.\",\"publisher\":{\"@id\":\"https:\/\/skaitytaknyga.lt\/#organization\"},\"potentialAction\":[{\"@type\":\"SearchAction\",\"target\":{\"@type\":\"EntryPoint\",\"urlTemplate\":\"https:\/\/skaitytaknyga.lt\/?s={search_term_string}\"},\"query-input\":{\"@type\":\"PropertyValueSpecification\",\"valueRequired\":true,\"valueName\":\"search_term_string\"}}],\"inLanguage\":\"en-GB\"},{\"@type\":\"Organization\",\"@id\":\"https:\/\/skaitytaknyga.lt\/#organization\",\"name\":\"skaitytaknyga.lt\",\"url\":\"https:\/\/skaitytaknyga.lt\/\",\"logo\":{\"@type\":\"ImageObject\",\"inLanguage\":\"en-GB\",\"@id\":\"https:\/\/skaitytaknyga.lt\/#\/schema\/logo\/image\/\",\"url\":\"https:\/\/skaitytaknyga.lt\/wp-content\/uploads\/2024\/05\/cropped-cropped-cropped-02_00843_jt3bggkj1j3HLc7SyY6rEUpg.jpeg\",\"contentUrl\":\"https:\/\/skaitytaknyga.lt\/wp-content\/uploads\/2024\/05\/cropped-cropped-cropped-02_00843_jt3bggkj1j3HLc7SyY6rEUpg.jpeg\",\"width\":1600,\"height\":1600,\"caption\":\"skaitytaknyga.lt\"},\"image\":{\"@id\":\"https:\/\/skaitytaknyga.lt\/#\/schema\/logo\/image\/\"},\"sameAs\":[\"https:\/\/www.facebook.com\/skaitytaknyga\/\"]}]}<\/script>\n<!-- \/ Yoast SEO plugin. -->","yoast_head_json":{"title":"CD Reiss \u201eSkyryb\u0173 \u017eaidimai\u201c - Skaitytaknyga","description":"Dominantas ir nuolankioji kovoja. Ji - siekdama susigr\u0105\u017einti vyr\u0105. Jis - negailestingai atstumdamas \u017emon\u0105.  Ar juodviem pavyks sulipdyti pa\u017eirusios santuokos \u0161ipulius? Ar teks pripa\u017einti pralaim\u0117jim\u0105?  Tai antroji \u017dAIDIM\u0172 dueto knyga, prasidedanti ten, kur sutuoktinius Adam\u0105 ir Dian\u0105 palikome \u2013 pirmosios knygos \u201eSantuokos \u017eaidimai\" pabaigoje.  Beg\u0117di\u0161kai atvira, intensyvi, prikaustanti, eroti\u0161ka meil\u0117s istorija atskleid\u017eia, kaip seksualinis ry\u0161ys ir i\u0161laisvinti tro\u0161kimai gali nuvesti \u012f emocij\u0173 auk\u0161tumas ir geiduli\u0173 prarajas.","robots":{"index":"index","follow":"follow","max-snippet":"max-snippet:-1","max-image-preview":"max-image-preview:large","max-video-preview":"max-video-preview:-1"},"canonical":"https:\/\/skaitytaknyga.lt\/en\/produktas\/cd-reiss-skyrybu-zaidimai\/","og_locale":"en_GB","og_type":"article","og_title":"CD Reiss \u201eSkyryb\u0173 \u017eaidimai\u201c - Skaitytaknyga","og_description":"Dominantas ir nuolankioji kovoja. Ji - siekdama susigr\u0105\u017einti vyr\u0105. Jis - negailestingai atstumdamas \u017emon\u0105.  Ar juodviem pavyks sulipdyti pa\u017eirusios santuokos \u0161ipulius? Ar teks pripa\u017einti pralaim\u0117jim\u0105?  Tai antroji \u017dAIDIM\u0172 dueto knyga, prasidedanti ten, kur sutuoktinius Adam\u0105 ir Dian\u0105 palikome \u2013 pirmosios knygos \u201eSantuokos \u017eaidimai\" pabaigoje.  Beg\u0117di\u0161kai atvira, intensyvi, prikaustanti, eroti\u0161ka meil\u0117s istorija atskleid\u017eia, kaip seksualinis ry\u0161ys ir i\u0161laisvinti tro\u0161kimai gali nuvesti \u012f emocij\u0173 auk\u0161tumas ir geiduli\u0173 prarajas.","og_url":"https:\/\/skaitytaknyga.lt\/en\/produktas\/cd-reiss-skyrybu-zaidimai\/","og_site_name":"Skaitytaknyga","article_publisher":"https:\/\/www.facebook.com\/skaitytaknyga\/","article_modified_time":"2024-05-03T07:25:14+00:00","og_image":[{"width":468,"height":700,"url":"https:\/\/skaitytaknyga.lt\/wp-content\/uploads\/2024\/04\/000000000002176151-5acf756377bc1-asset-knyguklubas-9786098184433_skyrybu_zaidimai.jpg","type":"image\/jpeg"}],"twitter_card":"summary_large_image","twitter_misc":{"Estimated reading time":"1 minute"},"schema":{"@context":"https:\/\/schema.org","@graph":[{"@type":"WebPage","@id":"https:\/\/skaitytaknyga.lt\/produktas\/cd-reiss-skyrybu-zaidimai\/","url":"https:\/\/skaitytaknyga.lt\/produktas\/cd-reiss-skyrybu-zaidimai\/","name":"CD Reiss \u201eSkyryb\u0173 \u017eaidimai\u201c - Skaitytaknyga","isPartOf":{"@id":"https:\/\/skaitytaknyga.lt\/#website"},"primaryImageOfPage":{"@id":"https:\/\/skaitytaknyga.lt\/produktas\/cd-reiss-skyrybu-zaidimai\/#primaryimage"},"image":{"@id":"https:\/\/skaitytaknyga.lt\/produktas\/cd-reiss-skyrybu-zaidimai\/#primaryimage"},"thumbnailUrl":"https:\/\/skaitytaknyga.lt\/wp-content\/uploads\/2024\/04\/000000000002176151-5acf756377bc1-asset-knyguklubas-9786098184433_skyrybu_zaidimai.jpg","datePublished":"2024-04-17T13:49:04+00:00","dateModified":"2024-05-03T07:25:14+00:00","description":"Dominantas ir nuolankioji kovoja. Ji - siekdama susigr\u0105\u017einti vyr\u0105. Jis - negailestingai atstumdamas \u017emon\u0105. Ar juodviem pavyks sulipdyti pa\u017eirusios santuokos \u0161ipulius? Ar teks pripa\u017einti pralaim\u0117jim\u0105? Tai antroji \u017dAIDIM\u0172 dueto knyga, prasidedanti ten, kur sutuoktinius Adam\u0105 ir Dian\u0105 palikome \u2013 pirmosios knygos \u201eSantuokos \u017eaidimai\" pabaigoje. Beg\u0117di\u0161kai atvira, intensyvi, prikaustanti, eroti\u0161ka meil\u0117s istorija atskleid\u017eia, kaip seksualinis ry\u0161ys ir i\u0161laisvinti tro\u0161kimai gali nuvesti \u012f emocij\u0173 auk\u0161tumas ir geiduli\u0173 prarajas.","breadcrumb":{"@id":"https:\/\/skaitytaknyga.lt\/produktas\/cd-reiss-skyrybu-zaidimai\/#breadcrumb"},"inLanguage":"en-GB","potentialAction":[{"@type":"ReadAction","target":["https:\/\/skaitytaknyga.lt\/produktas\/cd-reiss-skyrybu-zaidimai\/"]}]},{"@type":"ImageObject","inLanguage":"en-GB","@id":"https:\/\/skaitytaknyga.lt\/produktas\/cd-reiss-skyrybu-zaidimai\/#primaryimage","url":"https:\/\/skaitytaknyga.lt\/wp-content\/uploads\/2024\/04\/000000000002176151-5acf756377bc1-asset-knyguklubas-9786098184433_skyrybu_zaidimai.jpg","contentUrl":"https:\/\/skaitytaknyga.lt\/wp-content\/uploads\/2024\/04\/000000000002176151-5acf756377bc1-asset-knyguklubas-9786098184433_skyrybu_zaidimai.jpg","width":468,"height":700},{"@type":"BreadcrumbList","@id":"https:\/\/skaitytaknyga.lt\/produktas\/cd-reiss-skyrybu-zaidimai\/#breadcrumb","itemListElement":[{"@type":"ListItem","position":1,"name":"Home","item":"https:\/\/skaitytaknyga.lt\/"},{"@type":"ListItem","position":2,"name":"Parduotuv\u0117","item":"https:\/\/skaitytaknyga.lt\/knygu-parduotuve\/"},{"@type":"ListItem","position":3,"name":"CD Reiss \u201eSkyryb\u0173 \u017eaidimai\u201c"}]},{"@type":"WebSite","@id":"https:\/\/skaitytaknyga.lt\/#website","url":"https:\/\/skaitytaknyga.lt\/","name":"skaitytaknyga.lt","description":"Skaitytaknyga.lt \u2013 tai ma\u017eas \u0161eimos verslas, kuris prasid\u0117jo nuo meil\u0117s knygoms ir siekio i\u0161gelb\u0117ti knygas nuo likimo prie konteinerio. Kas vienam nereikalingas daiktas \u2013 kitam lobis, o mes esame tarpininkai, kurie padeda abiems tapti laimingesniems ???? \u017dinome kaip nelengva i\u0161gyventi ma\u017eiems verslams, tad nuo \u0161iol, \u010dia rasite ir kit\u0173, ma\u017e\u0173 \u0161eim\u0173 versl\u0173, rank\u0173 darbo, dovan\u0173 sau ir artimiesiems.","publisher":{"@id":"https:\/\/skaitytaknyga.lt\/#organization"},"potentialAction":[{"@type":"SearchAction","target":{"@type":"EntryPoint","urlTemplate":"https:\/\/skaitytaknyga.lt\/?s={search_term_string}"},"query-input":{"@type":"PropertyValueSpecification","valueRequired":true,"valueName":"search_term_string"}}],"inLanguage":"en-GB"},{"@type":"Organization","@id":"https:\/\/skaitytaknyga.lt\/#organization","name":"skaitytaknyga.lt","url":"https:\/\/skaitytaknyga.lt\/","logo":{"@type":"ImageObject","inLanguage":"en-GB","@id":"https:\/\/skaitytaknyga.lt\/#\/schema\/logo\/image\/","url":"https:\/\/skaitytaknyga.lt\/wp-content\/uploads\/2024\/05\/cropped-cropped-cropped-02_00843_jt3bggkj1j3HLc7SyY6rEUpg.jpeg","contentUrl":"https:\/\/skaitytaknyga.lt\/wp-content\/uploads\/2024\/05\/cropped-cropped-cropped-02_00843_jt3bggkj1j3HLc7SyY6rEUpg.jpeg","width":1600,"height":1600,"caption":"skaitytaknyga.lt"},"image":{"@id":"https:\/\/skaitytaknyga.lt\/#\/schema\/logo\/image\/"},"sameAs":["https:\/\/www.facebook.com\/skaitytaknyga\/"]}]}},"_links":{"self":[{"href":"https:\/\/skaitytaknyga.lt\/en\/wp-json\/wp\/v2\/product\/4457","targetHints":{"allow":["GET"]}}],"collection":[{"href":"https:\/\/skaitytaknyga.lt\/en\/wp-json\/wp\/v2\/product"}],"about":[{"href":"https:\/\/skaitytaknyga.lt\/en\/wp-json\/wp\/v2\/types\/product"}],"replies":[{"embeddable":true,"href":"https:\/\/skaitytaknyga.lt\/en\/wp-json\/wp\/v2\/comments?post=4457"}],"wp:featuredmedia":[{"embeddable":true,"href":"https:\/\/skaitytaknyga.lt\/en\/wp-json\/wp\/v2\/media\/4503"}],"wp:attachment":[{"href":"https:\/\/skaitytaknyga.lt\/en\/wp-json\/wp\/v2\/media?parent=4457"}],"wp:term":[{"taxonomy":"product_brand","embeddable":true,"href":"https:\/\/skaitytaknyga.lt\/en\/wp-json\/wp\/v2\/product_brand?post=4457"},{"taxonomy":"product_cat","embeddable":true,"href":"https:\/\/skaitytaknyga.lt\/en\/wp-json\/wp\/v2\/product_cat?post=4457"},{"taxonomy":"product_tag","embeddable":true,"href":"https:\/\/skaitytaknyga.lt\/en\/wp-json\/wp\/v2\/product_tag?post=4457"}],"curies":[{"name":"wp","href":"https:\/\/api.w.org\/{rel}","templated":true}]}}