{"id":4454,"date":"2024-04-17T13:49:03","date_gmt":"2024-04-17T13:49:03","guid":{"rendered":"https:\/\/skaitytaknyga.lt\/?post_type=product&#038;p=4454"},"modified":"2025-06-26T15:24:07","modified_gmt":"2025-06-26T12:24:07","slug":"krystal-sutherland-musu-sirdziu-chemija","status":"publish","type":"product","link":"https:\/\/skaitytaknyga.lt\/en\/produktas\/krystal-sutherland-musu-sirdziu-chemija\/","title":{"rendered":"Krystal Sutherland \u201eM\u016bs\u0173 \u0161ird\u017ei\u0173 chemija\u201c"},"content":{"rendered":"<div>Ar tikite, kad meil\u0117 \u2013 tai viso labo cheminiai procesai m\u016bs\u0173 smegenyse? Henris Peid\u017eas tuo neabejoja, nors \u012fsimyl\u0117j\u0119s dar niekada nebuvo. Ties\u0105 sakant, tam netur\u0117jo nei laiko, nei progos: juk visada labiau r\u016bpinosi savo pa\u017eymiais nei nuotykiais ir romanti\u0161komis problemomis.<\/div>\n<div>Iki \u0161iol.<\/div>\n<div>Naujas koled\u017eas, nauja viliojanti perspektyva tapti mokyklos laikra\u0161\u010dio redaktoriumi \u2013 ir nauja pa\u017eintis su JA. Greis\u0117 Taun, \u0161velniai tariant, ne visai tokia, kuri gal\u0117t\u0173 \u012f\u017eiebti meil\u0119 i\u0161 pirmo \u017evilgsnio: ji at\u0161lubuoja pasirams\u010diuodama lazdele, rengiasi akivaizd\u017eiai per dideliais berniuki\u0161kais drabu\u017eiais ir spjauna \u012f elementarias higienos normas. Bet Henr\u012f patraukia \u0161i\u0105 keist\u0105 mergin\u0105 gaubiantis paslapties \u0161ydas. Ir chemin\u0117s meil\u0117s reakcijos prasideda!<\/div>\n","protected":false},"excerpt":{"rendered":"<div>Ar tikite, kad meil\u0117 \u2013 tai viso labo cheminiai procesai m\u016bs\u0173 smegenyse? Henris Peid\u017eas tuo neabejoja, nors \u012fsimyl\u0117j\u0119s dar niekada nebuvo. Ties\u0105 sakant, tam netur\u0117jo nei laiko, nei progos: juk visada labiau r\u016bpinosi savo pa\u017eymiais nei nuotykiais ir romanti\u0161komis problemomis.<\/div>\n<div>Iki \u0161iol.<\/div>\n<div>Naujas koled\u017eas, nauja viliojanti perspektyva tapti mokyklos laikra\u0161\u010dio redaktoriumi \u2013 ir nauja pa\u017eintis su JA. Greis\u0117 Taun, \u0161velniai tariant, ne visai tokia, kuri gal\u0117t\u0173 \u012f\u017eiebti meil\u0119 i\u0161 pirmo \u017evilgsnio: ji at\u0161lubuoja pasirams\u010diuodama lazdele, rengiasi akivaizd\u017eiai per dideliais berniuki\u0161kais drabu\u017eiais ir spjauna \u012f elementarias higienos normas. Bet Henr\u012f patraukia \u0161i\u0105 keist\u0105 mergin\u0105 gaubiantis paslapties \u0161ydas. Ir chemin\u0117s meil\u0117s reakcijos prasideda!<\/div>\n","protected":false},"featured_media":4500,"comment_status":"closed","ping_status":"closed","template":"","meta":{"_acf_changed":false,"site-sidebar-layout":"default","site-content-layout":"","ast-site-content-layout":"default","site-content-style":"default","site-sidebar-style":"default","ast-global-header-display":"","ast-banner-title-visibility":"","ast-main-header-display":"","ast-hfb-above-header-display":"","ast-hfb-below-header-display":"","ast-hfb-mobile-header-display":"","site-post-title":"","ast-breadcrumbs-content":"","ast-featured-img":"","footer-sml-layout":"","ast-disable-related-posts":"","theme-transparent-header-meta":"","adv-header-id-meta":"","stick-header-meta":"","header-above-stick-meta":"","header-main-stick-meta":"","header-below-stick-meta":"","astra-migrate-meta-layouts":"default","ast-page-background-enabled":"default","ast-page-background-meta":{"desktop":{"background-color":"","background-image":"","background-repeat":"repeat","background-position":"center center","background-size":"auto","background-attachment":"scroll","background-type":"","background-media":"","overlay-type":"","overlay-color":"","overlay-opacity":"","overlay-gradient":""},"tablet":{"background-color":"","background-image":"","background-repeat":"repeat","background-position":"center center","background-size":"auto","background-attachment":"scroll","background-type":"","background-media":"","overlay-type":"","overlay-color":"","overlay-opacity":"","overlay-gradient":""},"mobile":{"background-color":"","background-image":"","background-repeat":"repeat","background-position":"center center","background-size":"auto","background-attachment":"scroll","background-type":"","background-media":"","overlay-type":"","overlay-color":"","overlay-opacity":"","overlay-gradient":""}},"ast-content-background-meta":{"desktop":{"background-color":"var(--ast-global-color-4)","background-image":"","background-repeat":"repeat","background-position":"center center","background-size":"auto","background-attachment":"scroll","background-type":"","background-media":"","overlay-type":"","overlay-color":"","overlay-opacity":"","overlay-gradient":""},"tablet":{"background-color":"var(--ast-global-color-4)","background-image":"","background-repeat":"repeat","background-position":"center center","background-size":"auto","background-attachment":"scroll","background-type":"","background-media":"","overlay-type":"","overlay-color":"","overlay-opacity":"","overlay-gradient":""},"mobile":{"background-color":"var(--ast-global-color-4)","background-image":"","background-repeat":"repeat","background-position":"center center","background-size":"auto","background-attachment":"scroll","background-type":"","background-media":"","overlay-type":"","overlay-color":"","overlay-opacity":"","overlay-gradient":""}}},"product_brand":[],"product_cat":[31],"product_tag":[4597,5618,1796,2287,2720,5619],"class_list":{"0":"post-4454","1":"product","2":"type-product","3":"status-publish","4":"has-post-thumbnail","6":"product_cat-grozine-literatura","7":"product_tag-chemija","8":"product_tag-krystal-sutherland","9":"product_tag-meile","10":"product_tag-mokykla","11":"product_tag-paslaptis","12":"product_tag-pazintys","13":"pa_leidimo-metai-647","14":"pa_virselis-kietas","15":"desktop-align-left","16":"tablet-align-left","17":"mobile-align-left","19":"first","20":"instock","21":"shipping-taxable","22":"purchasable","23":"product-type-simple"},"acf":[],"yoast_head":"<!-- This site is optimized with the Yoast SEO plugin v27.0 - https:\/\/yoast.com\/product\/yoast-seo-wordpress\/ -->\n<title>Krystal Sutherland \u201eM\u016bs\u0173 \u0161ird\u017ei\u0173 chemija\u201c - Skaitytaknyga<\/title>\n<meta name=\"description\" content=\"Ar tikite, kad meil\u0117 \u2013 tai viso labo cheminiai procesai m\u016bs\u0173 smegenyse? Henris Peid\u017eas tuo neabejoja, nors \u012fsimyl\u0117j\u0119s dar niekada nebuvo. Ties\u0105 sakant, tam netur\u0117jo nei laiko, nei progos: juk visada labiau r\u016bpinosi savo pa\u017eymiais nei nuotykiais ir romanti\u0161komis problemomis. Iki \u0161iol. Naujas koled\u017eas, nauja viliojanti perspektyva tapti mokyklos laikra\u0161\u010dio redaktoriumi \u2013 ir nauja pa\u017eintis su JA. Greis\u0117 Taun, \u0161velniai tariant, ne visai tokia, kuri gal\u0117t\u0173 \u012f\u017eiebti meil\u0119 i\u0161 pirmo \u017evilgsnio: ji at\u0161lubuoja pasirams\u010diuodama lazdele, rengiasi akivaizd\u017eiai per dideliais berniuki\u0161kais drabu\u017eiais ir spjauna \u012f elementarias higienos normas. Bet Henr\u012f patraukia \u0161i\u0105 keist\u0105 mergin\u0105 gaubiantis paslapties \u0161ydas. Ir chemin\u0117s meil\u0117s reakcijos prasideda!\" \/>\n<meta name=\"robots\" content=\"index, follow, max-snippet:-1, max-image-preview:large, max-video-preview:-1\" \/>\n<link rel=\"canonical\" href=\"https:\/\/skaitytaknyga.lt\/en\/produktas\/krystal-sutherland-musu-sirdziu-chemija\/\" \/>\n<meta property=\"og:locale\" content=\"en_GB\" \/>\n<meta property=\"og:locale:alternate\" content=\"lt_LT\" \/>\n<meta property=\"og:type\" content=\"article\" \/>\n<meta property=\"og:title\" content=\"Krystal Sutherland \u201eM\u016bs\u0173 \u0161ird\u017ei\u0173 chemija\u201c - Skaitytaknyga\" \/>\n<meta property=\"og:description\" content=\"Ar tikite, kad meil\u0117 \u2013 tai viso labo cheminiai procesai m\u016bs\u0173 smegenyse? Henris Peid\u017eas tuo neabejoja, nors \u012fsimyl\u0117j\u0119s dar niekada nebuvo. Ties\u0105 sakant, tam netur\u0117jo nei laiko, nei progos: juk visada labiau r\u016bpinosi savo pa\u017eymiais nei nuotykiais ir romanti\u0161komis problemomis. Iki \u0161iol. Naujas koled\u017eas, nauja viliojanti perspektyva tapti mokyklos laikra\u0161\u010dio redaktoriumi \u2013 ir nauja pa\u017eintis su JA. Greis\u0117 Taun, \u0161velniai tariant, ne visai tokia, kuri gal\u0117t\u0173 \u012f\u017eiebti meil\u0119 i\u0161 pirmo \u017evilgsnio: ji at\u0161lubuoja pasirams\u010diuodama lazdele, rengiasi akivaizd\u017eiai per dideliais berniuki\u0161kais drabu\u017eiais ir spjauna \u012f elementarias higienos normas. Bet Henr\u012f patraukia \u0161i\u0105 keist\u0105 mergin\u0105 gaubiantis paslapties \u0161ydas. Ir chemin\u0117s meil\u0117s reakcijos prasideda!\" \/>\n<meta property=\"og:url\" content=\"https:\/\/skaitytaknyga.lt\/en\/produktas\/krystal-sutherland-musu-sirdziu-chemija\/\" \/>\n<meta property=\"og:site_name\" content=\"Skaitytaknyga\" \/>\n<meta property=\"article:publisher\" content=\"https:\/\/www.facebook.com\/skaitytaknyga\/\" \/>\n<meta property=\"article:modified_time\" content=\"2025-06-26T12:24:07+00:00\" \/>\n<meta property=\"og:image\" content=\"https:\/\/skaitytaknyga.lt\/wp-content\/uploads\/2024\/04\/000000000002175382-5a83ebda9338a-asset-knyguklubas-9786098184389_musu_sirdziu_chemija.jpg\" \/>\n\t<meta property=\"og:image:width\" content=\"441\" \/>\n\t<meta property=\"og:image:height\" content=\"700\" \/>\n\t<meta property=\"og:image:type\" content=\"image\/jpeg\" \/>\n<meta name=\"twitter:card\" content=\"summary_large_image\" \/>\n<meta name=\"twitter:label1\" content=\"Estimated reading time\" \/>\n\t<meta name=\"twitter:data1\" content=\"1 minute\" \/>\n<script type=\"application\/ld+json\" class=\"yoast-schema-graph\">{\"@context\":\"https:\/\/schema.org\",\"@graph\":[{\"@type\":\"WebPage\",\"@id\":\"https:\/\/skaitytaknyga.lt\/produktas\/krystal-sutherland-musu-sirdziu-chemija\/\",\"url\":\"https:\/\/skaitytaknyga.lt\/produktas\/krystal-sutherland-musu-sirdziu-chemija\/\",\"name\":\"Krystal Sutherland \u201eM\u016bs\u0173 \u0161ird\u017ei\u0173 chemija\u201c - Skaitytaknyga\",\"isPartOf\":{\"@id\":\"https:\/\/skaitytaknyga.lt\/#website\"},\"primaryImageOfPage\":{\"@id\":\"https:\/\/skaitytaknyga.lt\/produktas\/krystal-sutherland-musu-sirdziu-chemija\/#primaryimage\"},\"image\":{\"@id\":\"https:\/\/skaitytaknyga.lt\/produktas\/krystal-sutherland-musu-sirdziu-chemija\/#primaryimage\"},\"thumbnailUrl\":\"https:\/\/skaitytaknyga.lt\/wp-content\/uploads\/2024\/04\/000000000002175382-5a83ebda9338a-asset-knyguklubas-9786098184389_musu_sirdziu_chemija.jpg\",\"datePublished\":\"2024-04-17T13:49:03+00:00\",\"dateModified\":\"2025-06-26T12:24:07+00:00\",\"description\":\"Ar tikite, kad meil\u0117 \u2013 tai viso labo cheminiai procesai m\u016bs\u0173 smegenyse? Henris Peid\u017eas tuo neabejoja, nors \u012fsimyl\u0117j\u0119s dar niekada nebuvo. Ties\u0105 sakant, tam netur\u0117jo nei laiko, nei progos: juk visada labiau r\u016bpinosi savo pa\u017eymiais nei nuotykiais ir romanti\u0161komis problemomis. Iki \u0161iol. Naujas koled\u017eas, nauja viliojanti perspektyva tapti mokyklos laikra\u0161\u010dio redaktoriumi \u2013 ir nauja pa\u017eintis su JA. Greis\u0117 Taun, \u0161velniai tariant, ne visai tokia, kuri gal\u0117t\u0173 \u012f\u017eiebti meil\u0119 i\u0161 pirmo \u017evilgsnio: ji at\u0161lubuoja pasirams\u010diuodama lazdele, rengiasi akivaizd\u017eiai per dideliais berniuki\u0161kais drabu\u017eiais ir spjauna \u012f elementarias higienos normas. Bet Henr\u012f patraukia \u0161i\u0105 keist\u0105 mergin\u0105 gaubiantis paslapties \u0161ydas. Ir chemin\u0117s meil\u0117s reakcijos prasideda!\",\"breadcrumb\":{\"@id\":\"https:\/\/skaitytaknyga.lt\/produktas\/krystal-sutherland-musu-sirdziu-chemija\/#breadcrumb\"},\"inLanguage\":\"en-GB\",\"potentialAction\":[{\"@type\":\"ReadAction\",\"target\":[\"https:\/\/skaitytaknyga.lt\/produktas\/krystal-sutherland-musu-sirdziu-chemija\/\"]}]},{\"@type\":\"ImageObject\",\"inLanguage\":\"en-GB\",\"@id\":\"https:\/\/skaitytaknyga.lt\/produktas\/krystal-sutherland-musu-sirdziu-chemija\/#primaryimage\",\"url\":\"https:\/\/skaitytaknyga.lt\/wp-content\/uploads\/2024\/04\/000000000002175382-5a83ebda9338a-asset-knyguklubas-9786098184389_musu_sirdziu_chemija.jpg\",\"contentUrl\":\"https:\/\/skaitytaknyga.lt\/wp-content\/uploads\/2024\/04\/000000000002175382-5a83ebda9338a-asset-knyguklubas-9786098184389_musu_sirdziu_chemija.jpg\",\"width\":441,\"height\":700},{\"@type\":\"BreadcrumbList\",\"@id\":\"https:\/\/skaitytaknyga.lt\/produktas\/krystal-sutherland-musu-sirdziu-chemija\/#breadcrumb\",\"itemListElement\":[{\"@type\":\"ListItem\",\"position\":1,\"name\":\"Home\",\"item\":\"https:\/\/skaitytaknyga.lt\/\"},{\"@type\":\"ListItem\",\"position\":2,\"name\":\"Parduotuv\u0117\",\"item\":\"https:\/\/skaitytaknyga.lt\/knygu-parduotuve\/\"},{\"@type\":\"ListItem\",\"position\":3,\"name\":\"Krystal Sutherland \u201eM\u016bs\u0173 \u0161ird\u017ei\u0173 chemija\u201c\"}]},{\"@type\":\"WebSite\",\"@id\":\"https:\/\/skaitytaknyga.lt\/#website\",\"url\":\"https:\/\/skaitytaknyga.lt\/\",\"name\":\"skaitytaknyga.lt\",\"description\":\"Skaitytaknyga.lt \u2013 tai ma\u017eas \u0161eimos verslas, kuris prasid\u0117jo nuo meil\u0117s knygoms ir siekio i\u0161gelb\u0117ti knygas nuo likimo prie konteinerio. Kas vienam nereikalingas daiktas \u2013 kitam lobis, o mes esame tarpininkai, kurie padeda abiems tapti laimingesniems ???? \u017dinome kaip nelengva i\u0161gyventi ma\u017eiems verslams, tad nuo \u0161iol, \u010dia rasite ir kit\u0173, ma\u017e\u0173 \u0161eim\u0173 versl\u0173, rank\u0173 darbo, dovan\u0173 sau ir artimiesiems.\",\"publisher\":{\"@id\":\"https:\/\/skaitytaknyga.lt\/#organization\"},\"potentialAction\":[{\"@type\":\"SearchAction\",\"target\":{\"@type\":\"EntryPoint\",\"urlTemplate\":\"https:\/\/skaitytaknyga.lt\/?s={search_term_string}\"},\"query-input\":{\"@type\":\"PropertyValueSpecification\",\"valueRequired\":true,\"valueName\":\"search_term_string\"}}],\"inLanguage\":\"en-GB\"},{\"@type\":\"Organization\",\"@id\":\"https:\/\/skaitytaknyga.lt\/#organization\",\"name\":\"skaitytaknyga.lt\",\"url\":\"https:\/\/skaitytaknyga.lt\/\",\"logo\":{\"@type\":\"ImageObject\",\"inLanguage\":\"en-GB\",\"@id\":\"https:\/\/skaitytaknyga.lt\/#\/schema\/logo\/image\/\",\"url\":\"https:\/\/skaitytaknyga.lt\/wp-content\/uploads\/2024\/05\/cropped-cropped-cropped-02_00843_jt3bggkj1j3HLc7SyY6rEUpg.jpeg\",\"contentUrl\":\"https:\/\/skaitytaknyga.lt\/wp-content\/uploads\/2024\/05\/cropped-cropped-cropped-02_00843_jt3bggkj1j3HLc7SyY6rEUpg.jpeg\",\"width\":1600,\"height\":1600,\"caption\":\"skaitytaknyga.lt\"},\"image\":{\"@id\":\"https:\/\/skaitytaknyga.lt\/#\/schema\/logo\/image\/\"},\"sameAs\":[\"https:\/\/www.facebook.com\/skaitytaknyga\/\"]}]}<\/script>\n<!-- \/ Yoast SEO plugin. -->","yoast_head_json":{"title":"Krystal Sutherland \u201eM\u016bs\u0173 \u0161ird\u017ei\u0173 chemija\u201c - Skaitytaknyga","description":"Ar tikite, kad meil\u0117 \u2013 tai viso labo cheminiai procesai m\u016bs\u0173 smegenyse? Henris Peid\u017eas tuo neabejoja, nors \u012fsimyl\u0117j\u0119s dar niekada nebuvo. Ties\u0105 sakant, tam netur\u0117jo nei laiko, nei progos: juk visada labiau r\u016bpinosi savo pa\u017eymiais nei nuotykiais ir romanti\u0161komis problemomis. Iki \u0161iol. Naujas koled\u017eas, nauja viliojanti perspektyva tapti mokyklos laikra\u0161\u010dio redaktoriumi \u2013 ir nauja pa\u017eintis su JA. Greis\u0117 Taun, \u0161velniai tariant, ne visai tokia, kuri gal\u0117t\u0173 \u012f\u017eiebti meil\u0119 i\u0161 pirmo \u017evilgsnio: ji at\u0161lubuoja pasirams\u010diuodama lazdele, rengiasi akivaizd\u017eiai per dideliais berniuki\u0161kais drabu\u017eiais ir spjauna \u012f elementarias higienos normas. Bet Henr\u012f patraukia \u0161i\u0105 keist\u0105 mergin\u0105 gaubiantis paslapties \u0161ydas. Ir chemin\u0117s meil\u0117s reakcijos prasideda!","robots":{"index":"index","follow":"follow","max-snippet":"max-snippet:-1","max-image-preview":"max-image-preview:large","max-video-preview":"max-video-preview:-1"},"canonical":"https:\/\/skaitytaknyga.lt\/en\/produktas\/krystal-sutherland-musu-sirdziu-chemija\/","og_locale":"en_GB","og_type":"article","og_title":"Krystal Sutherland \u201eM\u016bs\u0173 \u0161ird\u017ei\u0173 chemija\u201c - Skaitytaknyga","og_description":"Ar tikite, kad meil\u0117 \u2013 tai viso labo cheminiai procesai m\u016bs\u0173 smegenyse? Henris Peid\u017eas tuo neabejoja, nors \u012fsimyl\u0117j\u0119s dar niekada nebuvo. Ties\u0105 sakant, tam netur\u0117jo nei laiko, nei progos: juk visada labiau r\u016bpinosi savo pa\u017eymiais nei nuotykiais ir romanti\u0161komis problemomis. Iki \u0161iol. Naujas koled\u017eas, nauja viliojanti perspektyva tapti mokyklos laikra\u0161\u010dio redaktoriumi \u2013 ir nauja pa\u017eintis su JA. Greis\u0117 Taun, \u0161velniai tariant, ne visai tokia, kuri gal\u0117t\u0173 \u012f\u017eiebti meil\u0119 i\u0161 pirmo \u017evilgsnio: ji at\u0161lubuoja pasirams\u010diuodama lazdele, rengiasi akivaizd\u017eiai per dideliais berniuki\u0161kais drabu\u017eiais ir spjauna \u012f elementarias higienos normas. Bet Henr\u012f patraukia \u0161i\u0105 keist\u0105 mergin\u0105 gaubiantis paslapties \u0161ydas. Ir chemin\u0117s meil\u0117s reakcijos prasideda!","og_url":"https:\/\/skaitytaknyga.lt\/en\/produktas\/krystal-sutherland-musu-sirdziu-chemija\/","og_site_name":"Skaitytaknyga","article_publisher":"https:\/\/www.facebook.com\/skaitytaknyga\/","article_modified_time":"2025-06-26T12:24:07+00:00","og_image":[{"width":441,"height":700,"url":"https:\/\/skaitytaknyga.lt\/wp-content\/uploads\/2024\/04\/000000000002175382-5a83ebda9338a-asset-knyguklubas-9786098184389_musu_sirdziu_chemija.jpg","type":"image\/jpeg"}],"twitter_card":"summary_large_image","twitter_misc":{"Estimated reading time":"1 minute"},"schema":{"@context":"https:\/\/schema.org","@graph":[{"@type":"WebPage","@id":"https:\/\/skaitytaknyga.lt\/produktas\/krystal-sutherland-musu-sirdziu-chemija\/","url":"https:\/\/skaitytaknyga.lt\/produktas\/krystal-sutherland-musu-sirdziu-chemija\/","name":"Krystal Sutherland \u201eM\u016bs\u0173 \u0161ird\u017ei\u0173 chemija\u201c - Skaitytaknyga","isPartOf":{"@id":"https:\/\/skaitytaknyga.lt\/#website"},"primaryImageOfPage":{"@id":"https:\/\/skaitytaknyga.lt\/produktas\/krystal-sutherland-musu-sirdziu-chemija\/#primaryimage"},"image":{"@id":"https:\/\/skaitytaknyga.lt\/produktas\/krystal-sutherland-musu-sirdziu-chemija\/#primaryimage"},"thumbnailUrl":"https:\/\/skaitytaknyga.lt\/wp-content\/uploads\/2024\/04\/000000000002175382-5a83ebda9338a-asset-knyguklubas-9786098184389_musu_sirdziu_chemija.jpg","datePublished":"2024-04-17T13:49:03+00:00","dateModified":"2025-06-26T12:24:07+00:00","description":"Ar tikite, kad meil\u0117 \u2013 tai viso labo cheminiai procesai m\u016bs\u0173 smegenyse? Henris Peid\u017eas tuo neabejoja, nors \u012fsimyl\u0117j\u0119s dar niekada nebuvo. Ties\u0105 sakant, tam netur\u0117jo nei laiko, nei progos: juk visada labiau r\u016bpinosi savo pa\u017eymiais nei nuotykiais ir romanti\u0161komis problemomis. Iki \u0161iol. Naujas koled\u017eas, nauja viliojanti perspektyva tapti mokyklos laikra\u0161\u010dio redaktoriumi \u2013 ir nauja pa\u017eintis su JA. Greis\u0117 Taun, \u0161velniai tariant, ne visai tokia, kuri gal\u0117t\u0173 \u012f\u017eiebti meil\u0119 i\u0161 pirmo \u017evilgsnio: ji at\u0161lubuoja pasirams\u010diuodama lazdele, rengiasi akivaizd\u017eiai per dideliais berniuki\u0161kais drabu\u017eiais ir spjauna \u012f elementarias higienos normas. Bet Henr\u012f patraukia \u0161i\u0105 keist\u0105 mergin\u0105 gaubiantis paslapties \u0161ydas. Ir chemin\u0117s meil\u0117s reakcijos prasideda!","breadcrumb":{"@id":"https:\/\/skaitytaknyga.lt\/produktas\/krystal-sutherland-musu-sirdziu-chemija\/#breadcrumb"},"inLanguage":"en-GB","potentialAction":[{"@type":"ReadAction","target":["https:\/\/skaitytaknyga.lt\/produktas\/krystal-sutherland-musu-sirdziu-chemija\/"]}]},{"@type":"ImageObject","inLanguage":"en-GB","@id":"https:\/\/skaitytaknyga.lt\/produktas\/krystal-sutherland-musu-sirdziu-chemija\/#primaryimage","url":"https:\/\/skaitytaknyga.lt\/wp-content\/uploads\/2024\/04\/000000000002175382-5a83ebda9338a-asset-knyguklubas-9786098184389_musu_sirdziu_chemija.jpg","contentUrl":"https:\/\/skaitytaknyga.lt\/wp-content\/uploads\/2024\/04\/000000000002175382-5a83ebda9338a-asset-knyguklubas-9786098184389_musu_sirdziu_chemija.jpg","width":441,"height":700},{"@type":"BreadcrumbList","@id":"https:\/\/skaitytaknyga.lt\/produktas\/krystal-sutherland-musu-sirdziu-chemija\/#breadcrumb","itemListElement":[{"@type":"ListItem","position":1,"name":"Home","item":"https:\/\/skaitytaknyga.lt\/"},{"@type":"ListItem","position":2,"name":"Parduotuv\u0117","item":"https:\/\/skaitytaknyga.lt\/knygu-parduotuve\/"},{"@type":"ListItem","position":3,"name":"Krystal Sutherland \u201eM\u016bs\u0173 \u0161ird\u017ei\u0173 chemija\u201c"}]},{"@type":"WebSite","@id":"https:\/\/skaitytaknyga.lt\/#website","url":"https:\/\/skaitytaknyga.lt\/","name":"skaitytaknyga.lt","description":"Skaitytaknyga.lt \u2013 tai ma\u017eas \u0161eimos verslas, kuris prasid\u0117jo nuo meil\u0117s knygoms ir siekio i\u0161gelb\u0117ti knygas nuo likimo prie konteinerio. Kas vienam nereikalingas daiktas \u2013 kitam lobis, o mes esame tarpininkai, kurie padeda abiems tapti laimingesniems ???? \u017dinome kaip nelengva i\u0161gyventi ma\u017eiems verslams, tad nuo \u0161iol, \u010dia rasite ir kit\u0173, ma\u017e\u0173 \u0161eim\u0173 versl\u0173, rank\u0173 darbo, dovan\u0173 sau ir artimiesiems.","publisher":{"@id":"https:\/\/skaitytaknyga.lt\/#organization"},"potentialAction":[{"@type":"SearchAction","target":{"@type":"EntryPoint","urlTemplate":"https:\/\/skaitytaknyga.lt\/?s={search_term_string}"},"query-input":{"@type":"PropertyValueSpecification","valueRequired":true,"valueName":"search_term_string"}}],"inLanguage":"en-GB"},{"@type":"Organization","@id":"https:\/\/skaitytaknyga.lt\/#organization","name":"skaitytaknyga.lt","url":"https:\/\/skaitytaknyga.lt\/","logo":{"@type":"ImageObject","inLanguage":"en-GB","@id":"https:\/\/skaitytaknyga.lt\/#\/schema\/logo\/image\/","url":"https:\/\/skaitytaknyga.lt\/wp-content\/uploads\/2024\/05\/cropped-cropped-cropped-02_00843_jt3bggkj1j3HLc7SyY6rEUpg.jpeg","contentUrl":"https:\/\/skaitytaknyga.lt\/wp-content\/uploads\/2024\/05\/cropped-cropped-cropped-02_00843_jt3bggkj1j3HLc7SyY6rEUpg.jpeg","width":1600,"height":1600,"caption":"skaitytaknyga.lt"},"image":{"@id":"https:\/\/skaitytaknyga.lt\/#\/schema\/logo\/image\/"},"sameAs":["https:\/\/www.facebook.com\/skaitytaknyga\/"]}]}},"_links":{"self":[{"href":"https:\/\/skaitytaknyga.lt\/en\/wp-json\/wp\/v2\/product\/4454","targetHints":{"allow":["GET"]}}],"collection":[{"href":"https:\/\/skaitytaknyga.lt\/en\/wp-json\/wp\/v2\/product"}],"about":[{"href":"https:\/\/skaitytaknyga.lt\/en\/wp-json\/wp\/v2\/types\/product"}],"replies":[{"embeddable":true,"href":"https:\/\/skaitytaknyga.lt\/en\/wp-json\/wp\/v2\/comments?post=4454"}],"wp:featuredmedia":[{"embeddable":true,"href":"https:\/\/skaitytaknyga.lt\/en\/wp-json\/wp\/v2\/media\/4500"}],"wp:attachment":[{"href":"https:\/\/skaitytaknyga.lt\/en\/wp-json\/wp\/v2\/media?parent=4454"}],"wp:term":[{"taxonomy":"product_brand","embeddable":true,"href":"https:\/\/skaitytaknyga.lt\/en\/wp-json\/wp\/v2\/product_brand?post=4454"},{"taxonomy":"product_cat","embeddable":true,"href":"https:\/\/skaitytaknyga.lt\/en\/wp-json\/wp\/v2\/product_cat?post=4454"},{"taxonomy":"product_tag","embeddable":true,"href":"https:\/\/skaitytaknyga.lt\/en\/wp-json\/wp\/v2\/product_tag?post=4454"}],"curies":[{"name":"wp","href":"https:\/\/api.w.org\/{rel}","templated":true}]}}