{"id":4452,"date":"2024-04-17T13:49:03","date_gmt":"2024-04-17T13:49:03","guid":{"rendered":"https:\/\/skaitytaknyga.lt\/?post_type=product&#038;p=4452"},"modified":"2026-03-05T15:58:11","modified_gmt":"2026-03-05T13:58:11","slug":"andrew-mayne-biologas","status":"publish","type":"product","link":"https:\/\/skaitytaknyga.lt\/en\/produktas\/andrew-mayne-biologas\/","title":{"rendered":"Biologas"},"content":{"rendered":"<p>Iliuzionisto ir vieno garsi\u0173 trileri\u0173 ra\u0161ytoj\u0173 Andrew Mayne romanas<strong>\u00a0\u201eBiologas&#8221;<\/strong>\u00a0supa\u017eindina su profesoriumi Teo Kr\u0117jumi, kuriam teks ne tik ai\u0161kintis \u017eiaur\u0173 nusikaltim\u0105, bet ir pa\u010diam gelb\u0117ti savo kail\u012f.<\/p>\n<p>Profesorius Teo Kr\u0117jus i\u0161moko matyti tam tikras strukt\u016bras ten, kur kiti mato tik chaos\u0105. Kai ka\u017ekur giliai Montanos mi\u0161kuose randami sudarkyti k\u016bnai ir policijos pareig\u016bnai aklai bando rasti bent menkiausi\u0105 u\u017euomin\u0105, Teo mato kai k\u0105, ko jie nepasteb\u0117jo. Kai k\u0105 nenat\u016bralaus. Kai k\u0105, k\u0105 tik jis gali sustabdyti.<\/p>\n<p>Kaip bioinformatikos specialistas, Teo kur kas daugiau \u017eino apie skaitmeninius kodus ir mikrobus nei apie tamsius teismo ekspertiz\u0117s menus. Ta\u010diau kelion\u0117 \u012f Montan\u0105 \u012fvelia Teo \u012f vieno i\u0161 jo buvusi\u0173 student\u0173 kruvino nu\u017eudymo tyrim\u0105. Kai \u012f dienos \u0161vies\u0105 i\u0161traukiama vis daugiau detali\u0173 ir k\u016bn\u0173, vietiniai policijos pareig\u016bnai nusprend\u017eia, kad \u017eudikas yra \u012fnir\u0161\u0119s grizlis arba\u2026 Teo.<\/p>\n<p>Bandydamas likti bent \u017eingsniu priekyje nei policija Teo turi pasinaudoti visa savo moksline \u012f\u017evalga, kad atskleist\u0173 \u017eudiko tapatyb\u0119. Ar jam pavyks veikti taip pat gudriai, kaip siaub\u016bnui, kur\u012f jis med\u017eioja? Ar Teo pagaus \u017eudik\u0105 anks\u010diau nei pats taps jo grobiu?<\/p>\n","protected":false},"excerpt":{"rendered":"<p>Iliuzionisto ir vieno garsi\u0173 trileri\u0173 ra\u0161ytoj\u0173 Andrew Mayne romanas<strong>\u00a0\u201eBiologas&#8221;<\/strong>\u00a0supa\u017eindina su profesoriumi Teo Kr\u0117jumi, kuriam teks ne tik ai\u0161kintis \u017eiaur\u0173 nusikaltim\u0105, bet ir pa\u010diam gelb\u0117ti savo kail\u012f.<\/p>\n<p>Profesorius Teo Kr\u0117jus i\u0161moko matyti tam tikras strukt\u016bras ten, kur kiti mato tik chaos\u0105. Kai ka\u017ekur giliai Montanos mi\u0161kuose randami sudarkyti k\u016bnai ir policijos pareig\u016bnai aklai bando rasti bent menkiausi\u0105 u\u017euomin\u0105, Teo mato kai k\u0105, ko jie nepasteb\u0117jo. Kai k\u0105 nenat\u016bralaus. Kai k\u0105, k\u0105 tik jis gali sustabdyti.<\/p>\n<p>Kaip bioinformatikos specialistas, Teo kur kas daugiau \u017eino apie skaitmeninius kodus ir mikrobus nei apie tamsius teismo ekspertiz\u0117s menus. Ta\u010diau kelion\u0117 \u012f Montan\u0105 \u012fvelia Teo \u012f vieno i\u0161 jo buvusi\u0173 student\u0173 kruvino nu\u017eudymo tyrim\u0105. Kai \u012f dienos \u0161vies\u0105 i\u0161traukiama vis daugiau detali\u0173 ir k\u016bn\u0173, vietiniai policijos pareig\u016bnai nusprend\u017eia, kad \u017eudikas yra \u012fnir\u0161\u0119s grizlis arba\u2026 Teo.<\/p>\n<p>Bandydamas likti bent \u017eingsniu priekyje nei policija Teo turi pasinaudoti visa savo moksline \u012f\u017evalga, kad atskleist\u0173 \u017eudiko tapatyb\u0119. Ar jam pavyks veikti taip pat gudriai, kaip siaub\u016bnui, kur\u012f jis med\u017eioja? Ar Teo pagaus \u017eudik\u0105 anks\u010diau nei pats taps jo grobiu?<\/p>\n","protected":false},"featured_media":4498,"comment_status":"closed","ping_status":"closed","template":"","meta":{"_acf_changed":false,"site-sidebar-layout":"default","site-content-layout":"","ast-site-content-layout":"default","site-content-style":"default","site-sidebar-style":"default","ast-global-header-display":"","ast-banner-title-visibility":"","ast-main-header-display":"","ast-hfb-above-header-display":"","ast-hfb-below-header-display":"","ast-hfb-mobile-header-display":"","site-post-title":"","ast-breadcrumbs-content":"","ast-featured-img":"","footer-sml-layout":"","ast-disable-related-posts":"","theme-transparent-header-meta":"","adv-header-id-meta":"","stick-header-meta":"","header-above-stick-meta":"","header-main-stick-meta":"","header-below-stick-meta":"","astra-migrate-meta-layouts":"default","ast-page-background-enabled":"default","ast-page-background-meta":{"desktop":{"background-color":"","background-image":"","background-repeat":"repeat","background-position":"center center","background-size":"auto","background-attachment":"scroll","background-type":"","background-media":"","overlay-type":"","overlay-color":"","overlay-opacity":"","overlay-gradient":""},"tablet":{"background-color":"","background-image":"","background-repeat":"repeat","background-position":"center center","background-size":"auto","background-attachment":"scroll","background-type":"","background-media":"","overlay-type":"","overlay-color":"","overlay-opacity":"","overlay-gradient":""},"mobile":{"background-color":"","background-image":"","background-repeat":"repeat","background-position":"center center","background-size":"auto","background-attachment":"scroll","background-type":"","background-media":"","overlay-type":"","overlay-color":"","overlay-opacity":"","overlay-gradient":""}},"ast-content-background-meta":{"desktop":{"background-color":"var(--ast-global-color-4)","background-image":"","background-repeat":"repeat","background-position":"center center","background-size":"auto","background-attachment":"scroll","background-type":"","background-media":"","overlay-type":"","overlay-color":"","overlay-opacity":"","overlay-gradient":""},"tablet":{"background-color":"var(--ast-global-color-4)","background-image":"","background-repeat":"repeat","background-position":"center center","background-size":"auto","background-attachment":"scroll","background-type":"","background-media":"","overlay-type":"","overlay-color":"","overlay-opacity":"","overlay-gradient":""},"mobile":{"background-color":"var(--ast-global-color-4)","background-image":"","background-repeat":"repeat","background-position":"center center","background-size":"auto","background-attachment":"scroll","background-type":"","background-media":"","overlay-type":"","overlay-color":"","overlay-opacity":"","overlay-gradient":""}}},"product_brand":[],"product_cat":[9580],"product_tag":[],"class_list":{"0":"post-4452","1":"product","2":"type-product","3":"status-publish","4":"has-post-thumbnail","6":"product_cat-psichologiniai-detektyvai","7":"desktop-align-left","8":"tablet-align-left","9":"mobile-align-left","11":"first","12":"outofstock","13":"shipping-taxable","14":"purchasable","15":"product-type-simple"},"acf":[],"yoast_head":"<!-- This site is optimized with the Yoast SEO plugin v27.0 - https:\/\/yoast.com\/product\/yoast-seo-wordpress\/ -->\n<title>Biologas<\/title>\n<meta name=\"description\" content=\"Iliuzionisto ir vieno garsi\u0173 trileri\u0173 ra\u0161ytoj\u0173 Andrew Mayne romanas\u00a0\u201eBiologas&quot;\u00a0supa\u017eindina su profesoriumi Teo Kr\u0117jumi, kuriam teks ne tik ai\u0161kintis \u017eiaur\u0173 nusikaltim\u0105, bet ir pa\u010diam gelb\u0117ti savo kail\u012f.  Profesorius Teo Kr\u0117jus i\u0161moko matyti tam tikras strukt\u016bras ten, kur kiti mato tik chaos\u0105. Kai ka\u017ekur giliai Montanos mi\u0161kuose randami sudarkyti k\u016bnai ir policijos pareig\u016bnai aklai bando rasti bent menkiausi\u0105 u\u017euomin\u0105, Teo mato kai k\u0105, ko jie nepasteb\u0117jo. Kai k\u0105 nenat\u016bralaus. Kai k\u0105, k\u0105 tik jis gali sustabdyti.  Kaip bioinformatikos specialistas, Teo kur kas daugiau \u017eino apie skaitmeninius kodus ir mikrobus nei apie tamsius teismo ekspertiz\u0117s menus. Ta\u010diau kelion\u0117 \u012f Montan\u0105 \u012fvelia Teo \u012f vieno i\u0161 jo buvusi\u0173 student\u0173 kruvino nu\u017eudymo tyrim\u0105. Kai \u012f dienos \u0161vies\u0105 i\u0161traukiama vis daugiau detali\u0173 ir k\u016bn\u0173, vietiniai policijos pareig\u016bnai nusprend\u017eia, kad \u017eudikas yra \u012fnir\u0161\u0119s grizlis arba\u2026 Teo.  Bandydamas likti bent \u017eingsniu priekyje nei policija Teo turi pasinaudoti visa savo moksline \u012f\u017evalga, kad atskleist\u0173 \u017eudiko tapatyb\u0119. Ar jam pavyks veikti taip pat gudriai, kaip siaub\u016bnui, kur\u012f jis med\u017eioja? Ar Teo pagaus \u017eudik\u0105 anks\u010diau nei pats taps jo grobiu?\" \/>\n<meta name=\"robots\" content=\"index, follow, max-snippet:-1, max-image-preview:large, max-video-preview:-1\" \/>\n<link rel=\"canonical\" href=\"https:\/\/skaitytaknyga.lt\/en\/produktas\/andrew-mayne-biologas\/\" \/>\n<meta property=\"og:locale\" content=\"en_GB\" \/>\n<meta property=\"og:locale:alternate\" content=\"lt_LT\" \/>\n<meta property=\"og:type\" content=\"article\" \/>\n<meta property=\"og:title\" content=\"Biologas\" \/>\n<meta property=\"og:description\" content=\"Iliuzionisto ir vieno garsi\u0173 trileri\u0173 ra\u0161ytoj\u0173 Andrew Mayne romanas\u00a0\u201eBiologas&quot;\u00a0supa\u017eindina su profesoriumi Teo Kr\u0117jumi, kuriam teks ne tik ai\u0161kintis \u017eiaur\u0173 nusikaltim\u0105, bet ir pa\u010diam gelb\u0117ti savo kail\u012f.  Profesorius Teo Kr\u0117jus i\u0161moko matyti tam tikras strukt\u016bras ten, kur kiti mato tik chaos\u0105. Kai ka\u017ekur giliai Montanos mi\u0161kuose randami sudarkyti k\u016bnai ir policijos pareig\u016bnai aklai bando rasti bent menkiausi\u0105 u\u017euomin\u0105, Teo mato kai k\u0105, ko jie nepasteb\u0117jo. Kai k\u0105 nenat\u016bralaus. Kai k\u0105, k\u0105 tik jis gali sustabdyti.  Kaip bioinformatikos specialistas, Teo kur kas daugiau \u017eino apie skaitmeninius kodus ir mikrobus nei apie tamsius teismo ekspertiz\u0117s menus. Ta\u010diau kelion\u0117 \u012f Montan\u0105 \u012fvelia Teo \u012f vieno i\u0161 jo buvusi\u0173 student\u0173 kruvino nu\u017eudymo tyrim\u0105. Kai \u012f dienos \u0161vies\u0105 i\u0161traukiama vis daugiau detali\u0173 ir k\u016bn\u0173, vietiniai policijos pareig\u016bnai nusprend\u017eia, kad \u017eudikas yra \u012fnir\u0161\u0119s grizlis arba\u2026 Teo.  Bandydamas likti bent \u017eingsniu priekyje nei policija Teo turi pasinaudoti visa savo moksline \u012f\u017evalga, kad atskleist\u0173 \u017eudiko tapatyb\u0119. Ar jam pavyks veikti taip pat gudriai, kaip siaub\u016bnui, kur\u012f jis med\u017eioja? Ar Teo pagaus \u017eudik\u0105 anks\u010diau nei pats taps jo grobiu?\" \/>\n<meta property=\"og:url\" content=\"https:\/\/skaitytaknyga.lt\/en\/produktas\/andrew-mayne-biologas\/\" \/>\n<meta property=\"og:site_name\" content=\"Skaitytaknyga\" \/>\n<meta property=\"article:publisher\" content=\"https:\/\/www.facebook.com\/skaitytaknyga\/\" \/>\n<meta property=\"article:modified_time\" content=\"2026-03-05T13:58:11+00:00\" \/>\n<meta property=\"og:image\" content=\"https:\/\/skaitytaknyga.lt\/wp-content\/uploads\/2024\/04\/image_34.jpg\" \/>\n\t<meta property=\"og:image:width\" content=\"600\" \/>\n\t<meta property=\"og:image:height\" content=\"899\" \/>\n\t<meta property=\"og:image:type\" content=\"image\/jpeg\" \/>\n<meta name=\"twitter:card\" content=\"summary_large_image\" \/>\n<meta name=\"twitter:label1\" content=\"Estimated reading time\" \/>\n\t<meta name=\"twitter:data1\" content=\"1 minute\" \/>\n<script type=\"application\/ld+json\" class=\"yoast-schema-graph\">{\"@context\":\"https:\/\/schema.org\",\"@graph\":[{\"@type\":\"WebPage\",\"@id\":\"https:\/\/skaitytaknyga.lt\/produktas\/andrew-mayne-biologas\/\",\"url\":\"https:\/\/skaitytaknyga.lt\/produktas\/andrew-mayne-biologas\/\",\"name\":\"Biologas\",\"isPartOf\":{\"@id\":\"https:\/\/skaitytaknyga.lt\/#website\"},\"primaryImageOfPage\":{\"@id\":\"https:\/\/skaitytaknyga.lt\/produktas\/andrew-mayne-biologas\/#primaryimage\"},\"image\":{\"@id\":\"https:\/\/skaitytaknyga.lt\/produktas\/andrew-mayne-biologas\/#primaryimage\"},\"thumbnailUrl\":\"https:\/\/skaitytaknyga.lt\/wp-content\/uploads\/2024\/04\/image_34.jpg\",\"datePublished\":\"2024-04-17T13:49:03+00:00\",\"dateModified\":\"2026-03-05T13:58:11+00:00\",\"description\":\"Iliuzionisto ir vieno garsi\u0173 trileri\u0173 ra\u0161ytoj\u0173 Andrew Mayne romanas\u00a0\u201eBiologas\\\"\u00a0supa\u017eindina su profesoriumi Teo Kr\u0117jumi, kuriam teks ne tik ai\u0161kintis \u017eiaur\u0173 nusikaltim\u0105, bet ir pa\u010diam gelb\u0117ti savo kail\u012f. Profesorius Teo Kr\u0117jus i\u0161moko matyti tam tikras strukt\u016bras ten, kur kiti mato tik chaos\u0105. Kai ka\u017ekur giliai Montanos mi\u0161kuose randami sudarkyti k\u016bnai ir policijos pareig\u016bnai aklai bando rasti bent menkiausi\u0105 u\u017euomin\u0105, Teo mato kai k\u0105, ko jie nepasteb\u0117jo. Kai k\u0105 nenat\u016bralaus. Kai k\u0105, k\u0105 tik jis gali sustabdyti. Kaip bioinformatikos specialistas, Teo kur kas daugiau \u017eino apie skaitmeninius kodus ir mikrobus nei apie tamsius teismo ekspertiz\u0117s menus. Ta\u010diau kelion\u0117 \u012f Montan\u0105 \u012fvelia Teo \u012f vieno i\u0161 jo buvusi\u0173 student\u0173 kruvino nu\u017eudymo tyrim\u0105. Kai \u012f dienos \u0161vies\u0105 i\u0161traukiama vis daugiau detali\u0173 ir k\u016bn\u0173, vietiniai policijos pareig\u016bnai nusprend\u017eia, kad \u017eudikas yra \u012fnir\u0161\u0119s grizlis arba\u2026 Teo. Bandydamas likti bent \u017eingsniu priekyje nei policija Teo turi pasinaudoti visa savo moksline \u012f\u017evalga, kad atskleist\u0173 \u017eudiko tapatyb\u0119. Ar jam pavyks veikti taip pat gudriai, kaip siaub\u016bnui, kur\u012f jis med\u017eioja? Ar Teo pagaus \u017eudik\u0105 anks\u010diau nei pats taps jo grobiu?\",\"breadcrumb\":{\"@id\":\"https:\/\/skaitytaknyga.lt\/produktas\/andrew-mayne-biologas\/#breadcrumb\"},\"inLanguage\":\"en-GB\",\"potentialAction\":[{\"@type\":\"ReadAction\",\"target\":[\"https:\/\/skaitytaknyga.lt\/produktas\/andrew-mayne-biologas\/\"]}]},{\"@type\":\"ImageObject\",\"inLanguage\":\"en-GB\",\"@id\":\"https:\/\/skaitytaknyga.lt\/produktas\/andrew-mayne-biologas\/#primaryimage\",\"url\":\"https:\/\/skaitytaknyga.lt\/wp-content\/uploads\/2024\/04\/image_34.jpg\",\"contentUrl\":\"https:\/\/skaitytaknyga.lt\/wp-content\/uploads\/2024\/04\/image_34.jpg\",\"width\":600,\"height\":899},{\"@type\":\"BreadcrumbList\",\"@id\":\"https:\/\/skaitytaknyga.lt\/produktas\/andrew-mayne-biologas\/#breadcrumb\",\"itemListElement\":[{\"@type\":\"ListItem\",\"position\":1,\"name\":\"Home\",\"item\":\"https:\/\/skaitytaknyga.lt\/\"},{\"@type\":\"ListItem\",\"position\":2,\"name\":\"Parduotuv\u0117\",\"item\":\"https:\/\/skaitytaknyga.lt\/knygu-parduotuve\/\"},{\"@type\":\"ListItem\",\"position\":3,\"name\":\"Biologas\"}]},{\"@type\":\"WebSite\",\"@id\":\"https:\/\/skaitytaknyga.lt\/#website\",\"url\":\"https:\/\/skaitytaknyga.lt\/\",\"name\":\"skaitytaknyga.lt\",\"description\":\"Skaitytaknyga.lt \u2013 tai ma\u017eas \u0161eimos verslas, kuris prasid\u0117jo nuo meil\u0117s knygoms ir siekio i\u0161gelb\u0117ti knygas nuo likimo prie konteinerio. Kas vienam nereikalingas daiktas \u2013 kitam lobis, o mes esame tarpininkai, kurie padeda abiems tapti laimingesniems ???? \u017dinome kaip nelengva i\u0161gyventi ma\u017eiems verslams, tad nuo \u0161iol, \u010dia rasite ir kit\u0173, ma\u017e\u0173 \u0161eim\u0173 versl\u0173, rank\u0173 darbo, dovan\u0173 sau ir artimiesiems.\",\"publisher\":{\"@id\":\"https:\/\/skaitytaknyga.lt\/#organization\"},\"potentialAction\":[{\"@type\":\"SearchAction\",\"target\":{\"@type\":\"EntryPoint\",\"urlTemplate\":\"https:\/\/skaitytaknyga.lt\/?s={search_term_string}\"},\"query-input\":{\"@type\":\"PropertyValueSpecification\",\"valueRequired\":true,\"valueName\":\"search_term_string\"}}],\"inLanguage\":\"en-GB\"},{\"@type\":\"Organization\",\"@id\":\"https:\/\/skaitytaknyga.lt\/#organization\",\"name\":\"skaitytaknyga.lt\",\"url\":\"https:\/\/skaitytaknyga.lt\/\",\"logo\":{\"@type\":\"ImageObject\",\"inLanguage\":\"en-GB\",\"@id\":\"https:\/\/skaitytaknyga.lt\/#\/schema\/logo\/image\/\",\"url\":\"https:\/\/skaitytaknyga.lt\/wp-content\/uploads\/2024\/05\/cropped-cropped-cropped-02_00843_jt3bggkj1j3HLc7SyY6rEUpg.jpeg\",\"contentUrl\":\"https:\/\/skaitytaknyga.lt\/wp-content\/uploads\/2024\/05\/cropped-cropped-cropped-02_00843_jt3bggkj1j3HLc7SyY6rEUpg.jpeg\",\"width\":1600,\"height\":1600,\"caption\":\"skaitytaknyga.lt\"},\"image\":{\"@id\":\"https:\/\/skaitytaknyga.lt\/#\/schema\/logo\/image\/\"},\"sameAs\":[\"https:\/\/www.facebook.com\/skaitytaknyga\/\"]}]}<\/script>\n<!-- \/ Yoast SEO plugin. -->","yoast_head_json":{"title":"Biologas","description":"Iliuzionisto ir vieno garsi\u0173 trileri\u0173 ra\u0161ytoj\u0173 Andrew Mayne romanas\u00a0\u201eBiologas\"\u00a0supa\u017eindina su profesoriumi Teo Kr\u0117jumi, kuriam teks ne tik ai\u0161kintis \u017eiaur\u0173 nusikaltim\u0105, bet ir pa\u010diam gelb\u0117ti savo kail\u012f.  Profesorius Teo Kr\u0117jus i\u0161moko matyti tam tikras strukt\u016bras ten, kur kiti mato tik chaos\u0105. Kai ka\u017ekur giliai Montanos mi\u0161kuose randami sudarkyti k\u016bnai ir policijos pareig\u016bnai aklai bando rasti bent menkiausi\u0105 u\u017euomin\u0105, Teo mato kai k\u0105, ko jie nepasteb\u0117jo. Kai k\u0105 nenat\u016bralaus. Kai k\u0105, k\u0105 tik jis gali sustabdyti.  Kaip bioinformatikos specialistas, Teo kur kas daugiau \u017eino apie skaitmeninius kodus ir mikrobus nei apie tamsius teismo ekspertiz\u0117s menus. Ta\u010diau kelion\u0117 \u012f Montan\u0105 \u012fvelia Teo \u012f vieno i\u0161 jo buvusi\u0173 student\u0173 kruvino nu\u017eudymo tyrim\u0105. Kai \u012f dienos \u0161vies\u0105 i\u0161traukiama vis daugiau detali\u0173 ir k\u016bn\u0173, vietiniai policijos pareig\u016bnai nusprend\u017eia, kad \u017eudikas yra \u012fnir\u0161\u0119s grizlis arba\u2026 Teo.  Bandydamas likti bent \u017eingsniu priekyje nei policija Teo turi pasinaudoti visa savo moksline \u012f\u017evalga, kad atskleist\u0173 \u017eudiko tapatyb\u0119. Ar jam pavyks veikti taip pat gudriai, kaip siaub\u016bnui, kur\u012f jis med\u017eioja? Ar Teo pagaus \u017eudik\u0105 anks\u010diau nei pats taps jo grobiu?","robots":{"index":"index","follow":"follow","max-snippet":"max-snippet:-1","max-image-preview":"max-image-preview:large","max-video-preview":"max-video-preview:-1"},"canonical":"https:\/\/skaitytaknyga.lt\/en\/produktas\/andrew-mayne-biologas\/","og_locale":"en_GB","og_type":"article","og_title":"[:lt]Biologas[:] - Skaitytaknyga","og_description":"Iliuzionisto ir vieno garsi\u0173 trileri\u0173 ra\u0161ytoj\u0173 Andrew Mayne romanas\u00a0\u201eBiologas\"\u00a0supa\u017eindina su profesoriumi Teo Kr\u0117jumi, kuriam teks ne tik ai\u0161kintis \u017eiaur\u0173 nusikaltim\u0105, bet ir pa\u010diam gelb\u0117ti savo kail\u012f.  Profesorius Teo Kr\u0117jus i\u0161moko matyti tam tikras strukt\u016bras ten, kur kiti mato tik chaos\u0105. Kai ka\u017ekur giliai Montanos mi\u0161kuose randami sudarkyti k\u016bnai ir policijos pareig\u016bnai aklai bando rasti bent menkiausi\u0105 u\u017euomin\u0105, Teo mato kai k\u0105, ko jie nepasteb\u0117jo. Kai k\u0105 nenat\u016bralaus. Kai k\u0105, k\u0105 tik jis gali sustabdyti.  Kaip bioinformatikos specialistas, Teo kur kas daugiau \u017eino apie skaitmeninius kodus ir mikrobus nei apie tamsius teismo ekspertiz\u0117s menus. Ta\u010diau kelion\u0117 \u012f Montan\u0105 \u012fvelia Teo \u012f vieno i\u0161 jo buvusi\u0173 student\u0173 kruvino nu\u017eudymo tyrim\u0105. Kai \u012f dienos \u0161vies\u0105 i\u0161traukiama vis daugiau detali\u0173 ir k\u016bn\u0173, vietiniai policijos pareig\u016bnai nusprend\u017eia, kad \u017eudikas yra \u012fnir\u0161\u0119s grizlis arba\u2026 Teo.  Bandydamas likti bent \u017eingsniu priekyje nei policija Teo turi pasinaudoti visa savo moksline \u012f\u017evalga, kad atskleist\u0173 \u017eudiko tapatyb\u0119. Ar jam pavyks veikti taip pat gudriai, kaip siaub\u016bnui, kur\u012f jis med\u017eioja? Ar Teo pagaus \u017eudik\u0105 anks\u010diau nei pats taps jo grobiu?","og_url":"https:\/\/skaitytaknyga.lt\/en\/produktas\/andrew-mayne-biologas\/","og_site_name":"Skaitytaknyga","article_publisher":"https:\/\/www.facebook.com\/skaitytaknyga\/","article_modified_time":"2026-03-05T13:58:11+00:00","og_image":[{"width":600,"height":899,"url":"https:\/\/skaitytaknyga.lt\/wp-content\/uploads\/2024\/04\/image_34.jpg","type":"image\/jpeg"}],"twitter_card":"summary_large_image","twitter_misc":{"Estimated reading time":"1 minute"},"schema":{"@context":"https:\/\/schema.org","@graph":[{"@type":"WebPage","@id":"https:\/\/skaitytaknyga.lt\/produktas\/andrew-mayne-biologas\/","url":"https:\/\/skaitytaknyga.lt\/produktas\/andrew-mayne-biologas\/","name":"Biologas","isPartOf":{"@id":"https:\/\/skaitytaknyga.lt\/#website"},"primaryImageOfPage":{"@id":"https:\/\/skaitytaknyga.lt\/produktas\/andrew-mayne-biologas\/#primaryimage"},"image":{"@id":"https:\/\/skaitytaknyga.lt\/produktas\/andrew-mayne-biologas\/#primaryimage"},"thumbnailUrl":"https:\/\/skaitytaknyga.lt\/wp-content\/uploads\/2024\/04\/image_34.jpg","datePublished":"2024-04-17T13:49:03+00:00","dateModified":"2026-03-05T13:58:11+00:00","description":"Iliuzionisto ir vieno garsi\u0173 trileri\u0173 ra\u0161ytoj\u0173 Andrew Mayne romanas\u00a0\u201eBiologas\"\u00a0supa\u017eindina su profesoriumi Teo Kr\u0117jumi, kuriam teks ne tik ai\u0161kintis \u017eiaur\u0173 nusikaltim\u0105, bet ir pa\u010diam gelb\u0117ti savo kail\u012f. Profesorius Teo Kr\u0117jus i\u0161moko matyti tam tikras strukt\u016bras ten, kur kiti mato tik chaos\u0105. Kai ka\u017ekur giliai Montanos mi\u0161kuose randami sudarkyti k\u016bnai ir policijos pareig\u016bnai aklai bando rasti bent menkiausi\u0105 u\u017euomin\u0105, Teo mato kai k\u0105, ko jie nepasteb\u0117jo. Kai k\u0105 nenat\u016bralaus. Kai k\u0105, k\u0105 tik jis gali sustabdyti. Kaip bioinformatikos specialistas, Teo kur kas daugiau \u017eino apie skaitmeninius kodus ir mikrobus nei apie tamsius teismo ekspertiz\u0117s menus. Ta\u010diau kelion\u0117 \u012f Montan\u0105 \u012fvelia Teo \u012f vieno i\u0161 jo buvusi\u0173 student\u0173 kruvino nu\u017eudymo tyrim\u0105. Kai \u012f dienos \u0161vies\u0105 i\u0161traukiama vis daugiau detali\u0173 ir k\u016bn\u0173, vietiniai policijos pareig\u016bnai nusprend\u017eia, kad \u017eudikas yra \u012fnir\u0161\u0119s grizlis arba\u2026 Teo. Bandydamas likti bent \u017eingsniu priekyje nei policija Teo turi pasinaudoti visa savo moksline \u012f\u017evalga, kad atskleist\u0173 \u017eudiko tapatyb\u0119. Ar jam pavyks veikti taip pat gudriai, kaip siaub\u016bnui, kur\u012f jis med\u017eioja? Ar Teo pagaus \u017eudik\u0105 anks\u010diau nei pats taps jo grobiu?","breadcrumb":{"@id":"https:\/\/skaitytaknyga.lt\/produktas\/andrew-mayne-biologas\/#breadcrumb"},"inLanguage":"en-GB","potentialAction":[{"@type":"ReadAction","target":["https:\/\/skaitytaknyga.lt\/produktas\/andrew-mayne-biologas\/"]}]},{"@type":"ImageObject","inLanguage":"en-GB","@id":"https:\/\/skaitytaknyga.lt\/produktas\/andrew-mayne-biologas\/#primaryimage","url":"https:\/\/skaitytaknyga.lt\/wp-content\/uploads\/2024\/04\/image_34.jpg","contentUrl":"https:\/\/skaitytaknyga.lt\/wp-content\/uploads\/2024\/04\/image_34.jpg","width":600,"height":899},{"@type":"BreadcrumbList","@id":"https:\/\/skaitytaknyga.lt\/produktas\/andrew-mayne-biologas\/#breadcrumb","itemListElement":[{"@type":"ListItem","position":1,"name":"Home","item":"https:\/\/skaitytaknyga.lt\/"},{"@type":"ListItem","position":2,"name":"Parduotuv\u0117","item":"https:\/\/skaitytaknyga.lt\/knygu-parduotuve\/"},{"@type":"ListItem","position":3,"name":"Biologas"}]},{"@type":"WebSite","@id":"https:\/\/skaitytaknyga.lt\/#website","url":"https:\/\/skaitytaknyga.lt\/","name":"skaitytaknyga.lt","description":"Skaitytaknyga.lt \u2013 tai ma\u017eas \u0161eimos verslas, kuris prasid\u0117jo nuo meil\u0117s knygoms ir siekio i\u0161gelb\u0117ti knygas nuo likimo prie konteinerio. Kas vienam nereikalingas daiktas \u2013 kitam lobis, o mes esame tarpininkai, kurie padeda abiems tapti laimingesniems ???? \u017dinome kaip nelengva i\u0161gyventi ma\u017eiems verslams, tad nuo \u0161iol, \u010dia rasite ir kit\u0173, ma\u017e\u0173 \u0161eim\u0173 versl\u0173, rank\u0173 darbo, dovan\u0173 sau ir artimiesiems.","publisher":{"@id":"https:\/\/skaitytaknyga.lt\/#organization"},"potentialAction":[{"@type":"SearchAction","target":{"@type":"EntryPoint","urlTemplate":"https:\/\/skaitytaknyga.lt\/?s={search_term_string}"},"query-input":{"@type":"PropertyValueSpecification","valueRequired":true,"valueName":"search_term_string"}}],"inLanguage":"en-GB"},{"@type":"Organization","@id":"https:\/\/skaitytaknyga.lt\/#organization","name":"skaitytaknyga.lt","url":"https:\/\/skaitytaknyga.lt\/","logo":{"@type":"ImageObject","inLanguage":"en-GB","@id":"https:\/\/skaitytaknyga.lt\/#\/schema\/logo\/image\/","url":"https:\/\/skaitytaknyga.lt\/wp-content\/uploads\/2024\/05\/cropped-cropped-cropped-02_00843_jt3bggkj1j3HLc7SyY6rEUpg.jpeg","contentUrl":"https:\/\/skaitytaknyga.lt\/wp-content\/uploads\/2024\/05\/cropped-cropped-cropped-02_00843_jt3bggkj1j3HLc7SyY6rEUpg.jpeg","width":1600,"height":1600,"caption":"skaitytaknyga.lt"},"image":{"@id":"https:\/\/skaitytaknyga.lt\/#\/schema\/logo\/image\/"},"sameAs":["https:\/\/www.facebook.com\/skaitytaknyga\/"]}]}},"_links":{"self":[{"href":"https:\/\/skaitytaknyga.lt\/en\/wp-json\/wp\/v2\/product\/4452","targetHints":{"allow":["GET"]}}],"collection":[{"href":"https:\/\/skaitytaknyga.lt\/en\/wp-json\/wp\/v2\/product"}],"about":[{"href":"https:\/\/skaitytaknyga.lt\/en\/wp-json\/wp\/v2\/types\/product"}],"replies":[{"embeddable":true,"href":"https:\/\/skaitytaknyga.lt\/en\/wp-json\/wp\/v2\/comments?post=4452"}],"wp:featuredmedia":[{"embeddable":true,"href":"https:\/\/skaitytaknyga.lt\/en\/wp-json\/wp\/v2\/media\/4498"}],"wp:attachment":[{"href":"https:\/\/skaitytaknyga.lt\/en\/wp-json\/wp\/v2\/media?parent=4452"}],"wp:term":[{"taxonomy":"product_brand","embeddable":true,"href":"https:\/\/skaitytaknyga.lt\/en\/wp-json\/wp\/v2\/product_brand?post=4452"},{"taxonomy":"product_cat","embeddable":true,"href":"https:\/\/skaitytaknyga.lt\/en\/wp-json\/wp\/v2\/product_cat?post=4452"},{"taxonomy":"product_tag","embeddable":true,"href":"https:\/\/skaitytaknyga.lt\/en\/wp-json\/wp\/v2\/product_tag?post=4452"}],"curies":[{"name":"wp","href":"https:\/\/api.w.org\/{rel}","templated":true}]}}