{"id":4417,"date":"2024-04-17T16:48:38","date_gmt":"2024-04-17T13:48:38","guid":{"rendered":"https:\/\/skaitytaknyga.lt\/?post_type=product&#038;p=4417"},"modified":"2026-02-26T08:18:05","modified_gmt":"2026-02-26T06:18:05","slug":"__trashed-60","status":"publish","type":"product","link":"https:\/\/skaitytaknyga.lt\/en\/produktas\/__trashed-60\/","title":{"rendered":"Peras, laim\u0117s k\u016bdikis"},"content":{"rendered":"<p>I\u0161kilaus dan\u0173 prozininko\u00a0<strong>Henriko Pontopidano<\/strong>\u00a0(1857\u20131943), 1917 m. apdovanoto Nobelio premija, romanas \u201ePeras, laim\u0117s k\u016bdikis\u201c \u012ftrauktas \u012f Danijos kult\u016bros kanon\u0105 (patenka tarp 10 atrinkt\u0173 vis\u0173 laik\u0173 geriausi\u0173 dan\u0173 literat\u016bros k\u016brini\u0173).<\/p>\n<p>Tai epinis romanas apie vieno \u017emogaus gyvenimo keli\u0105. Pastoriaus s\u016bnus Peteris Sidenijus pasiry\u017eta savo talentu u\u017ekariauti pasaul\u012f nesibod\u0117damas jokiomis priemon\u0117mis, po daugelio met\u0173 pasitraukia i\u0161 kovos, bet nepralaimi \u2013 prarad\u0119s pasaul\u012f ir tarsi tap\u0119s nevyk\u0117liu, jis atranda save ir lieka didis savo auka artimiesiems bei tik\u0117jimu, kad kiekvieno \u017emogaus siela \u2013 atskira visata.<\/p>\n","protected":false},"excerpt":{"rendered":"<p>I\u0161kilaus dan\u0173 prozininko\u00a0<strong>Henriko Pontopidano<\/strong>\u00a0(1857\u20131943), 1917 m. apdovanoto Nobelio premija, romanas \u201ePeras, laim\u0117s k\u016bdikis\u201c \u012ftrauktas \u012f Danijos kult\u016bros kanon\u0105 (patenka tarp 10 atrinkt\u0173 vis\u0173 laik\u0173 geriausi\u0173 dan\u0173 literat\u016bros k\u016brini\u0173).<\/p>\n<p>Tai epinis romanas apie vieno \u017emogaus gyvenimo keli\u0105. Pastoriaus s\u016bnus Peteris Sidenijus pasiry\u017eta savo talentu u\u017ekariauti pasaul\u012f nesibod\u0117damas jokiomis priemon\u0117mis, po daugelio met\u0173 pasitraukia i\u0161 kovos, bet nepralaimi \u2013 prarad\u0119s pasaul\u012f ir tarsi tap\u0119s nevyk\u0117liu, jis atranda save ir lieka didis savo auka artimiesiems bei tik\u0117jimu, kad kiekvieno \u017emogaus siela \u2013 atskira visata.<\/p>\n","protected":false},"featured_media":4467,"comment_status":"closed","ping_status":"closed","template":"","meta":{"_acf_changed":false,"site-sidebar-layout":"default","site-content-layout":"","ast-site-content-layout":"default","site-content-style":"default","site-sidebar-style":"default","ast-global-header-display":"","ast-banner-title-visibility":"","ast-main-header-display":"","ast-hfb-above-header-display":"","ast-hfb-below-header-display":"","ast-hfb-mobile-header-display":"","site-post-title":"","ast-breadcrumbs-content":"","ast-featured-img":"","footer-sml-layout":"","ast-disable-related-posts":"","theme-transparent-header-meta":"","adv-header-id-meta":"","stick-header-meta":"","header-above-stick-meta":"","header-main-stick-meta":"","header-below-stick-meta":"","astra-migrate-meta-layouts":"default","ast-page-background-enabled":"default","ast-page-background-meta":{"desktop":{"background-color":"","background-image":"","background-repeat":"repeat","background-position":"center center","background-size":"auto","background-attachment":"scroll","background-type":"","background-media":"","overlay-type":"","overlay-color":"","overlay-opacity":"","overlay-gradient":""},"tablet":{"background-color":"","background-image":"","background-repeat":"repeat","background-position":"center center","background-size":"auto","background-attachment":"scroll","background-type":"","background-media":"","overlay-type":"","overlay-color":"","overlay-opacity":"","overlay-gradient":""},"mobile":{"background-color":"","background-image":"","background-repeat":"repeat","background-position":"center center","background-size":"auto","background-attachment":"scroll","background-type":"","background-media":"","overlay-type":"","overlay-color":"","overlay-opacity":"","overlay-gradient":""}},"ast-content-background-meta":{"desktop":{"background-color":"var(--ast-global-color-4)","background-image":"","background-repeat":"repeat","background-position":"center center","background-size":"auto","background-attachment":"scroll","background-type":"","background-media":"","overlay-type":"","overlay-color":"","overlay-opacity":"","overlay-gradient":""},"tablet":{"background-color":"var(--ast-global-color-4)","background-image":"","background-repeat":"repeat","background-position":"center center","background-size":"auto","background-attachment":"scroll","background-type":"","background-media":"","overlay-type":"","overlay-color":"","overlay-opacity":"","overlay-gradient":""},"mobile":{"background-color":"var(--ast-global-color-4)","background-image":"","background-repeat":"repeat","background-position":"center center","background-size":"auto","background-attachment":"scroll","background-type":"","background-media":"","overlay-type":"","overlay-color":"","overlay-opacity":"","overlay-gradient":""}}},"product_brand":[],"product_cat":[31,28],"product_tag":[2045,2794,2808,2810,2812,2809,2811],"class_list":{"0":"post-4417","1":"product","2":"type-product","3":"status-publish","4":"has-post-thumbnail","6":"product_cat-grozine-literatura","7":"product_cat-klasika","8":"product_tag-biografija","9":"product_tag-danu-literatura","10":"product_tag-henrikas-pontoppidan","11":"product_tag-modernizmas","12":"product_tag-moraliniai-konfliktai","13":"product_tag-socialine-kritika","14":"product_tag-zmogaus-dvasinis-augimas","15":"pa_leidimo-metai-703","16":"pa_virselis-kietas","17":"desktop-align-left","18":"tablet-align-left","19":"mobile-align-left","21":"first","22":"instock","23":"shipping-taxable","24":"purchasable","25":"product-type-simple"},"acf":[],"yoast_head":"<!-- This site is optimized with the Yoast SEO plugin v27.0 - https:\/\/yoast.com\/product\/yoast-seo-wordpress\/ -->\n<title>Peras, laim\u0117s k\u016bdikis<\/title>\n<meta name=\"description\" content=\"I\u0161kilaus dan\u0173 prozininko\u00a0Henriko Pontopidano\u00a0(1857\u20131943), 1917 m. apdovanoto Nobelio premija, romanas \u201ePeras, laim\u0117s k\u016bdikis\u201c \u012ftrauktas \u012f Danijos kult\u016bros kanon\u0105 (patenka tarp 10 atrinkt\u0173 vis\u0173 laik\u0173 geriausi\u0173 dan\u0173 literat\u016bros k\u016brini\u0173).  Tai epinis romanas apie vieno \u017emogaus gyvenimo keli\u0105. Pastoriaus s\u016bnus Peteris Sidenijus pasiry\u017eta savo talentu u\u017ekariauti pasaul\u012f nesibod\u0117damas jokiomis priemon\u0117mis, po daugelio met\u0173 pasitraukia i\u0161 kovos, bet nepralaimi \u2013 prarad\u0119s pasaul\u012f ir tarsi tap\u0119s nevyk\u0117liu, jis atranda save ir lieka didis savo auka artimiesiems bei tik\u0117jimu, kad kiekvieno \u017emogaus siela \u2013 atskira visata.\" \/>\n<meta name=\"robots\" content=\"index, follow, max-snippet:-1, max-image-preview:large, max-video-preview:-1\" \/>\n<link rel=\"canonical\" href=\"https:\/\/skaitytaknyga.lt\/en\/produktas\/__trashed-60\/\" \/>\n<meta property=\"og:locale\" content=\"en_GB\" \/>\n<meta property=\"og:locale:alternate\" content=\"lt_LT\" \/>\n<meta property=\"og:type\" content=\"article\" \/>\n<meta property=\"og:title\" content=\"Peras, laim\u0117s k\u016bdikis\" \/>\n<meta property=\"og:description\" content=\"I\u0161kilaus dan\u0173 prozininko\u00a0Henriko Pontopidano\u00a0(1857\u20131943), 1917 m. apdovanoto Nobelio premija, romanas \u201ePeras, laim\u0117s k\u016bdikis\u201c \u012ftrauktas \u012f Danijos kult\u016bros kanon\u0105 (patenka tarp 10 atrinkt\u0173 vis\u0173 laik\u0173 geriausi\u0173 dan\u0173 literat\u016bros k\u016brini\u0173).  Tai epinis romanas apie vieno \u017emogaus gyvenimo keli\u0105. Pastoriaus s\u016bnus Peteris Sidenijus pasiry\u017eta savo talentu u\u017ekariauti pasaul\u012f nesibod\u0117damas jokiomis priemon\u0117mis, po daugelio met\u0173 pasitraukia i\u0161 kovos, bet nepralaimi \u2013 prarad\u0119s pasaul\u012f ir tarsi tap\u0119s nevyk\u0117liu, jis atranda save ir lieka didis savo auka artimiesiems bei tik\u0117jimu, kad kiekvieno \u017emogaus siela \u2013 atskira visata.\" \/>\n<meta property=\"og:url\" content=\"https:\/\/skaitytaknyga.lt\/en\/produktas\/__trashed-60\/\" \/>\n<meta property=\"og:site_name\" content=\"Skaitytaknyga\" \/>\n<meta property=\"article:publisher\" content=\"https:\/\/www.facebook.com\/skaitytaknyga\/\" \/>\n<meta property=\"article:modified_time\" content=\"2026-02-26T06:18:05+00:00\" \/>\n<meta property=\"og:image\" content=\"https:\/\/skaitytaknyga.lt\/wp-content\/uploads\/2024\/04\/pontopidanas-henrikas-peras-laimes-kudikis-e1612019030990.jpg\" \/>\n\t<meta property=\"og:image:width\" content=\"267\" \/>\n\t<meta property=\"og:image:height\" content=\"391\" \/>\n\t<meta property=\"og:image:type\" content=\"image\/jpeg\" \/>\n<meta name=\"twitter:card\" content=\"summary_large_image\" \/>\n<meta name=\"twitter:label1\" content=\"Estimated reading time\" \/>\n\t<meta name=\"twitter:data1\" content=\"1 minute\" \/>\n<script type=\"application\/ld+json\" class=\"yoast-schema-graph\">{\"@context\":\"https:\/\/schema.org\",\"@graph\":[{\"@type\":\"WebPage\",\"@id\":\"https:\/\/skaitytaknyga.lt\/produktas\/__trashed-60\/\",\"url\":\"https:\/\/skaitytaknyga.lt\/produktas\/__trashed-60\/\",\"name\":\"Peras, laim\u0117s k\u016bdikis\",\"isPartOf\":{\"@id\":\"https:\/\/skaitytaknyga.lt\/#website\"},\"primaryImageOfPage\":{\"@id\":\"https:\/\/skaitytaknyga.lt\/produktas\/__trashed-60\/#primaryimage\"},\"image\":{\"@id\":\"https:\/\/skaitytaknyga.lt\/produktas\/__trashed-60\/#primaryimage\"},\"thumbnailUrl\":\"https:\/\/skaitytaknyga.lt\/wp-content\/uploads\/2024\/04\/pontopidanas-henrikas-peras-laimes-kudikis-e1612019030990.jpg\",\"datePublished\":\"2024-04-17T13:48:38+00:00\",\"dateModified\":\"2026-02-26T06:18:05+00:00\",\"description\":\"I\u0161kilaus dan\u0173 prozininko\u00a0Henriko Pontopidano\u00a0(1857\u20131943), 1917 m. apdovanoto Nobelio premija, romanas \u201ePeras, laim\u0117s k\u016bdikis\u201c \u012ftrauktas \u012f Danijos kult\u016bros kanon\u0105 (patenka tarp 10 atrinkt\u0173 vis\u0173 laik\u0173 geriausi\u0173 dan\u0173 literat\u016bros k\u016brini\u0173). Tai epinis romanas apie vieno \u017emogaus gyvenimo keli\u0105. Pastoriaus s\u016bnus Peteris Sidenijus pasiry\u017eta savo talentu u\u017ekariauti pasaul\u012f nesibod\u0117damas jokiomis priemon\u0117mis, po daugelio met\u0173 pasitraukia i\u0161 kovos, bet nepralaimi \u2013 prarad\u0119s pasaul\u012f ir tarsi tap\u0119s nevyk\u0117liu, jis atranda save ir lieka didis savo auka artimiesiems bei tik\u0117jimu, kad kiekvieno \u017emogaus siela \u2013 atskira visata.\",\"breadcrumb\":{\"@id\":\"https:\/\/skaitytaknyga.lt\/produktas\/__trashed-60\/#breadcrumb\"},\"inLanguage\":\"en-GB\",\"potentialAction\":[{\"@type\":\"ReadAction\",\"target\":[\"https:\/\/skaitytaknyga.lt\/produktas\/__trashed-60\/\"]}]},{\"@type\":\"ImageObject\",\"inLanguage\":\"en-GB\",\"@id\":\"https:\/\/skaitytaknyga.lt\/produktas\/__trashed-60\/#primaryimage\",\"url\":\"https:\/\/skaitytaknyga.lt\/wp-content\/uploads\/2024\/04\/pontopidanas-henrikas-peras-laimes-kudikis-e1612019030990.jpg\",\"contentUrl\":\"https:\/\/skaitytaknyga.lt\/wp-content\/uploads\/2024\/04\/pontopidanas-henrikas-peras-laimes-kudikis-e1612019030990.jpg\",\"width\":267,\"height\":391},{\"@type\":\"BreadcrumbList\",\"@id\":\"https:\/\/skaitytaknyga.lt\/produktas\/__trashed-60\/#breadcrumb\",\"itemListElement\":[{\"@type\":\"ListItem\",\"position\":1,\"name\":\"Home\",\"item\":\"https:\/\/skaitytaknyga.lt\/\"},{\"@type\":\"ListItem\",\"position\":2,\"name\":\"Parduotuv\u0117\",\"item\":\"https:\/\/skaitytaknyga.lt\/knygu-parduotuve\/\"},{\"@type\":\"ListItem\",\"position\":3,\"name\":\"Peras, laim\u0117s k\u016bdikis\"}]},{\"@type\":\"WebSite\",\"@id\":\"https:\/\/skaitytaknyga.lt\/#website\",\"url\":\"https:\/\/skaitytaknyga.lt\/\",\"name\":\"skaitytaknyga.lt\",\"description\":\"Skaitytaknyga.lt \u2013 tai ma\u017eas \u0161eimos verslas, kuris prasid\u0117jo nuo meil\u0117s knygoms ir siekio i\u0161gelb\u0117ti knygas nuo likimo prie konteinerio. Kas vienam nereikalingas daiktas \u2013 kitam lobis, o mes esame tarpininkai, kurie padeda abiems tapti laimingesniems ???? \u017dinome kaip nelengva i\u0161gyventi ma\u017eiems verslams, tad nuo \u0161iol, \u010dia rasite ir kit\u0173, ma\u017e\u0173 \u0161eim\u0173 versl\u0173, rank\u0173 darbo, dovan\u0173 sau ir artimiesiems.\",\"publisher\":{\"@id\":\"https:\/\/skaitytaknyga.lt\/#organization\"},\"potentialAction\":[{\"@type\":\"SearchAction\",\"target\":{\"@type\":\"EntryPoint\",\"urlTemplate\":\"https:\/\/skaitytaknyga.lt\/?s={search_term_string}\"},\"query-input\":{\"@type\":\"PropertyValueSpecification\",\"valueRequired\":true,\"valueName\":\"search_term_string\"}}],\"inLanguage\":\"en-GB\"},{\"@type\":\"Organization\",\"@id\":\"https:\/\/skaitytaknyga.lt\/#organization\",\"name\":\"skaitytaknyga.lt\",\"url\":\"https:\/\/skaitytaknyga.lt\/\",\"logo\":{\"@type\":\"ImageObject\",\"inLanguage\":\"en-GB\",\"@id\":\"https:\/\/skaitytaknyga.lt\/#\/schema\/logo\/image\/\",\"url\":\"https:\/\/skaitytaknyga.lt\/wp-content\/uploads\/2024\/05\/cropped-cropped-cropped-02_00843_jt3bggkj1j3HLc7SyY6rEUpg.jpeg\",\"contentUrl\":\"https:\/\/skaitytaknyga.lt\/wp-content\/uploads\/2024\/05\/cropped-cropped-cropped-02_00843_jt3bggkj1j3HLc7SyY6rEUpg.jpeg\",\"width\":1600,\"height\":1600,\"caption\":\"skaitytaknyga.lt\"},\"image\":{\"@id\":\"https:\/\/skaitytaknyga.lt\/#\/schema\/logo\/image\/\"},\"sameAs\":[\"https:\/\/www.facebook.com\/skaitytaknyga\/\"]}]}<\/script>\n<!-- \/ Yoast SEO plugin. -->","yoast_head_json":{"title":"Peras, laim\u0117s k\u016bdikis","description":"I\u0161kilaus dan\u0173 prozininko\u00a0Henriko Pontopidano\u00a0(1857\u20131943), 1917 m. apdovanoto Nobelio premija, romanas \u201ePeras, laim\u0117s k\u016bdikis\u201c \u012ftrauktas \u012f Danijos kult\u016bros kanon\u0105 (patenka tarp 10 atrinkt\u0173 vis\u0173 laik\u0173 geriausi\u0173 dan\u0173 literat\u016bros k\u016brini\u0173).  Tai epinis romanas apie vieno \u017emogaus gyvenimo keli\u0105. Pastoriaus s\u016bnus Peteris Sidenijus pasiry\u017eta savo talentu u\u017ekariauti pasaul\u012f nesibod\u0117damas jokiomis priemon\u0117mis, po daugelio met\u0173 pasitraukia i\u0161 kovos, bet nepralaimi \u2013 prarad\u0119s pasaul\u012f ir tarsi tap\u0119s nevyk\u0117liu, jis atranda save ir lieka didis savo auka artimiesiems bei tik\u0117jimu, kad kiekvieno \u017emogaus siela \u2013 atskira visata.","robots":{"index":"index","follow":"follow","max-snippet":"max-snippet:-1","max-image-preview":"max-image-preview:large","max-video-preview":"max-video-preview:-1"},"canonical":"https:\/\/skaitytaknyga.lt\/en\/produktas\/__trashed-60\/","og_locale":"en_GB","og_type":"article","og_title":"[:lt]Peras, laim\u0117s k\u016bdikis[:] - Skaitytaknyga","og_description":"I\u0161kilaus dan\u0173 prozininko\u00a0Henriko Pontopidano\u00a0(1857\u20131943), 1917 m. apdovanoto Nobelio premija, romanas \u201ePeras, laim\u0117s k\u016bdikis\u201c \u012ftrauktas \u012f Danijos kult\u016bros kanon\u0105 (patenka tarp 10 atrinkt\u0173 vis\u0173 laik\u0173 geriausi\u0173 dan\u0173 literat\u016bros k\u016brini\u0173).  Tai epinis romanas apie vieno \u017emogaus gyvenimo keli\u0105. Pastoriaus s\u016bnus Peteris Sidenijus pasiry\u017eta savo talentu u\u017ekariauti pasaul\u012f nesibod\u0117damas jokiomis priemon\u0117mis, po daugelio met\u0173 pasitraukia i\u0161 kovos, bet nepralaimi \u2013 prarad\u0119s pasaul\u012f ir tarsi tap\u0119s nevyk\u0117liu, jis atranda save ir lieka didis savo auka artimiesiems bei tik\u0117jimu, kad kiekvieno \u017emogaus siela \u2013 atskira visata.","og_url":"https:\/\/skaitytaknyga.lt\/en\/produktas\/__trashed-60\/","og_site_name":"Skaitytaknyga","article_publisher":"https:\/\/www.facebook.com\/skaitytaknyga\/","article_modified_time":"2026-02-26T06:18:05+00:00","og_image":[{"width":267,"height":391,"url":"https:\/\/skaitytaknyga.lt\/wp-content\/uploads\/2024\/04\/pontopidanas-henrikas-peras-laimes-kudikis-e1612019030990.jpg","type":"image\/jpeg"}],"twitter_card":"summary_large_image","twitter_misc":{"Estimated reading time":"1 minute"},"schema":{"@context":"https:\/\/schema.org","@graph":[{"@type":"WebPage","@id":"https:\/\/skaitytaknyga.lt\/produktas\/__trashed-60\/","url":"https:\/\/skaitytaknyga.lt\/produktas\/__trashed-60\/","name":"Peras, laim\u0117s k\u016bdikis","isPartOf":{"@id":"https:\/\/skaitytaknyga.lt\/#website"},"primaryImageOfPage":{"@id":"https:\/\/skaitytaknyga.lt\/produktas\/__trashed-60\/#primaryimage"},"image":{"@id":"https:\/\/skaitytaknyga.lt\/produktas\/__trashed-60\/#primaryimage"},"thumbnailUrl":"https:\/\/skaitytaknyga.lt\/wp-content\/uploads\/2024\/04\/pontopidanas-henrikas-peras-laimes-kudikis-e1612019030990.jpg","datePublished":"2024-04-17T13:48:38+00:00","dateModified":"2026-02-26T06:18:05+00:00","description":"I\u0161kilaus dan\u0173 prozininko\u00a0Henriko Pontopidano\u00a0(1857\u20131943), 1917 m. apdovanoto Nobelio premija, romanas \u201ePeras, laim\u0117s k\u016bdikis\u201c \u012ftrauktas \u012f Danijos kult\u016bros kanon\u0105 (patenka tarp 10 atrinkt\u0173 vis\u0173 laik\u0173 geriausi\u0173 dan\u0173 literat\u016bros k\u016brini\u0173). Tai epinis romanas apie vieno \u017emogaus gyvenimo keli\u0105. Pastoriaus s\u016bnus Peteris Sidenijus pasiry\u017eta savo talentu u\u017ekariauti pasaul\u012f nesibod\u0117damas jokiomis priemon\u0117mis, po daugelio met\u0173 pasitraukia i\u0161 kovos, bet nepralaimi \u2013 prarad\u0119s pasaul\u012f ir tarsi tap\u0119s nevyk\u0117liu, jis atranda save ir lieka didis savo auka artimiesiems bei tik\u0117jimu, kad kiekvieno \u017emogaus siela \u2013 atskira visata.","breadcrumb":{"@id":"https:\/\/skaitytaknyga.lt\/produktas\/__trashed-60\/#breadcrumb"},"inLanguage":"en-GB","potentialAction":[{"@type":"ReadAction","target":["https:\/\/skaitytaknyga.lt\/produktas\/__trashed-60\/"]}]},{"@type":"ImageObject","inLanguage":"en-GB","@id":"https:\/\/skaitytaknyga.lt\/produktas\/__trashed-60\/#primaryimage","url":"https:\/\/skaitytaknyga.lt\/wp-content\/uploads\/2024\/04\/pontopidanas-henrikas-peras-laimes-kudikis-e1612019030990.jpg","contentUrl":"https:\/\/skaitytaknyga.lt\/wp-content\/uploads\/2024\/04\/pontopidanas-henrikas-peras-laimes-kudikis-e1612019030990.jpg","width":267,"height":391},{"@type":"BreadcrumbList","@id":"https:\/\/skaitytaknyga.lt\/produktas\/__trashed-60\/#breadcrumb","itemListElement":[{"@type":"ListItem","position":1,"name":"Home","item":"https:\/\/skaitytaknyga.lt\/"},{"@type":"ListItem","position":2,"name":"Parduotuv\u0117","item":"https:\/\/skaitytaknyga.lt\/knygu-parduotuve\/"},{"@type":"ListItem","position":3,"name":"Peras, laim\u0117s k\u016bdikis"}]},{"@type":"WebSite","@id":"https:\/\/skaitytaknyga.lt\/#website","url":"https:\/\/skaitytaknyga.lt\/","name":"skaitytaknyga.lt","description":"Skaitytaknyga.lt \u2013 tai ma\u017eas \u0161eimos verslas, kuris prasid\u0117jo nuo meil\u0117s knygoms ir siekio i\u0161gelb\u0117ti knygas nuo likimo prie konteinerio. Kas vienam nereikalingas daiktas \u2013 kitam lobis, o mes esame tarpininkai, kurie padeda abiems tapti laimingesniems ???? \u017dinome kaip nelengva i\u0161gyventi ma\u017eiems verslams, tad nuo \u0161iol, \u010dia rasite ir kit\u0173, ma\u017e\u0173 \u0161eim\u0173 versl\u0173, rank\u0173 darbo, dovan\u0173 sau ir artimiesiems.","publisher":{"@id":"https:\/\/skaitytaknyga.lt\/#organization"},"potentialAction":[{"@type":"SearchAction","target":{"@type":"EntryPoint","urlTemplate":"https:\/\/skaitytaknyga.lt\/?s={search_term_string}"},"query-input":{"@type":"PropertyValueSpecification","valueRequired":true,"valueName":"search_term_string"}}],"inLanguage":"en-GB"},{"@type":"Organization","@id":"https:\/\/skaitytaknyga.lt\/#organization","name":"skaitytaknyga.lt","url":"https:\/\/skaitytaknyga.lt\/","logo":{"@type":"ImageObject","inLanguage":"en-GB","@id":"https:\/\/skaitytaknyga.lt\/#\/schema\/logo\/image\/","url":"https:\/\/skaitytaknyga.lt\/wp-content\/uploads\/2024\/05\/cropped-cropped-cropped-02_00843_jt3bggkj1j3HLc7SyY6rEUpg.jpeg","contentUrl":"https:\/\/skaitytaknyga.lt\/wp-content\/uploads\/2024\/05\/cropped-cropped-cropped-02_00843_jt3bggkj1j3HLc7SyY6rEUpg.jpeg","width":1600,"height":1600,"caption":"skaitytaknyga.lt"},"image":{"@id":"https:\/\/skaitytaknyga.lt\/#\/schema\/logo\/image\/"},"sameAs":["https:\/\/www.facebook.com\/skaitytaknyga\/"]}]}},"_links":{"self":[{"href":"https:\/\/skaitytaknyga.lt\/en\/wp-json\/wp\/v2\/product\/4417","targetHints":{"allow":["GET"]}}],"collection":[{"href":"https:\/\/skaitytaknyga.lt\/en\/wp-json\/wp\/v2\/product"}],"about":[{"href":"https:\/\/skaitytaknyga.lt\/en\/wp-json\/wp\/v2\/types\/product"}],"replies":[{"embeddable":true,"href":"https:\/\/skaitytaknyga.lt\/en\/wp-json\/wp\/v2\/comments?post=4417"}],"wp:featuredmedia":[{"embeddable":true,"href":"https:\/\/skaitytaknyga.lt\/en\/wp-json\/wp\/v2\/media\/4467"}],"wp:attachment":[{"href":"https:\/\/skaitytaknyga.lt\/en\/wp-json\/wp\/v2\/media?parent=4417"}],"wp:term":[{"taxonomy":"product_brand","embeddable":true,"href":"https:\/\/skaitytaknyga.lt\/en\/wp-json\/wp\/v2\/product_brand?post=4417"},{"taxonomy":"product_cat","embeddable":true,"href":"https:\/\/skaitytaknyga.lt\/en\/wp-json\/wp\/v2\/product_cat?post=4417"},{"taxonomy":"product_tag","embeddable":true,"href":"https:\/\/skaitytaknyga.lt\/en\/wp-json\/wp\/v2\/product_tag?post=4417"}],"curies":[{"name":"wp","href":"https:\/\/api.w.org\/{rel}","templated":true}]}}