{"id":4415,"date":"2024-04-17T13:48:38","date_gmt":"2024-04-17T13:48:38","guid":{"rendered":"https:\/\/skaitytaknyga.lt\/?post_type=product&#038;p=4415"},"modified":"2024-05-03T07:25:01","modified_gmt":"2024-05-03T07:25:01","slug":"andrej-kurkov-bikfordo-pasaulis","status":"publish","type":"product","link":"https:\/\/skaitytaknyga.lt\/en\/produktas\/andrej-kurkov-bikfordo-pasaulis\/","title":{"rendered":"Andrej Kurkov \u201eBikfordo pasaulis\u201c"},"content":{"rendered":"<p>Per keist\u0105j\u012f romano pasaul\u012f nuo Japon\u0173 j\u016bros keliauja rudabarzdis matrosas Charitonovas ir uoliai tempia paskui save Bikfordo virvel\u0119, besit\u0119sian\u010di\u0105 nuo jo suniokotos bar\u017eos Japon\u0173 j\u016broje. Jis pilieti\u0161kai pasiry\u017e\u0119s pristatyti j\u0105 vir\u0161ininkams. Keliauja Charitonovas per taig\u0105, per Uralo kalnus, netgi per laik\u0105. Kelyje susitinka keis\u010diausi\u0173 persona\u017e\u0173: \u010dia ir i\u0161draskytas sentiki\u0173 skitas taigos gl\u016bdumoj, ir \u201emuzlagas&#8221;, kurio kaliniai \u2013 buv\u0119s Maskvos simfoninis orkestras, vadovaujamas politruko, diena i\u0161 dienos repetuojan\u010dio \u201eEntuziast\u0173 mar\u0161\u0105&#8221;, ir niaurus miestas vienodomis trobomis, kurio gyventojai kas rytas aidint sirenai traukia \u012f darb\u0105. \u010cia Charitonovas net moter\u012f susiranda ir tarytum pradeda \u0161eimynin\u012f gyvenim\u0105, o moteris, \u017einoma, dirba fabrike, kur siuvami tramdomieji mar\u0161kiniai, nes \u201ebroli\u0161k\u0173 taut\u0173 paklausa labai didel\u0117 ir vis auga&#8221;&#8230;<\/p>\n","protected":false},"excerpt":{"rendered":"<p>Per keist\u0105j\u012f romano pasaul\u012f nuo Japon\u0173 j\u016bros keliauja rudabarzdis matrosas Charitonovas ir uoliai tempia paskui save Bikfordo virvel\u0119, besit\u0119sian\u010di\u0105 nuo jo suniokotos bar\u017eos Japon\u0173 j\u016broje. Jis pilieti\u0161kai pasiry\u017e\u0119s pristatyti j\u0105 vir\u0161ininkams. Keliauja Charitonovas per taig\u0105, per Uralo kalnus, netgi per laik\u0105. Kelyje susitinka keis\u010diausi\u0173 persona\u017e\u0173: \u010dia ir i\u0161draskytas sentiki\u0173 skitas taigos gl\u016bdumoj, ir \u201emuzlagas&#8221;, kurio kaliniai \u2013 buv\u0119s Maskvos simfoninis orkestras, vadovaujamas politruko, diena i\u0161 dienos repetuojan\u010dio \u201eEntuziast\u0173 mar\u0161\u0105&#8221;, ir niaurus miestas vienodomis trobomis, kurio gyventojai kas rytas aidint sirenai traukia \u012f darb\u0105. \u010cia Charitonovas net moter\u012f susiranda ir tarytum pradeda \u0161eimynin\u012f gyvenim\u0105, o moteris, \u017einoma, dirba fabrike, kur siuvami tramdomieji mar\u0161kiniai, nes \u201ebroli\u0161k\u0173 taut\u0173 paklausa labai didel\u0117 ir vis auga&#8221;&#8230;<\/p>\n","protected":false},"featured_media":4465,"comment_status":"closed","ping_status":"closed","template":"","meta":{"_acf_changed":false,"site-sidebar-layout":"default","site-content-layout":"","ast-site-content-layout":"default","site-content-style":"default","site-sidebar-style":"default","ast-global-header-display":"","ast-banner-title-visibility":"","ast-main-header-display":"","ast-hfb-above-header-display":"","ast-hfb-below-header-display":"","ast-hfb-mobile-header-display":"","site-post-title":"","ast-breadcrumbs-content":"","ast-featured-img":"","footer-sml-layout":"","ast-disable-related-posts":"","theme-transparent-header-meta":"","adv-header-id-meta":"","stick-header-meta":"","header-above-stick-meta":"","header-main-stick-meta":"","header-below-stick-meta":"","astra-migrate-meta-layouts":"default","ast-page-background-enabled":"default","ast-page-background-meta":{"desktop":{"background-color":"","background-image":"","background-repeat":"repeat","background-position":"center center","background-size":"auto","background-attachment":"scroll","background-type":"","background-media":"","overlay-type":"","overlay-color":"","overlay-opacity":"","overlay-gradient":""},"tablet":{"background-color":"","background-image":"","background-repeat":"repeat","background-position":"center center","background-size":"auto","background-attachment":"scroll","background-type":"","background-media":"","overlay-type":"","overlay-color":"","overlay-opacity":"","overlay-gradient":""},"mobile":{"background-color":"","background-image":"","background-repeat":"repeat","background-position":"center center","background-size":"auto","background-attachment":"scroll","background-type":"","background-media":"","overlay-type":"","overlay-color":"","overlay-opacity":"","overlay-gradient":""}},"ast-content-background-meta":{"desktop":{"background-color":"var(--ast-global-color-4)","background-image":"","background-repeat":"repeat","background-position":"center center","background-size":"auto","background-attachment":"scroll","background-type":"","background-media":"","overlay-type":"","overlay-color":"","overlay-opacity":"","overlay-gradient":""},"tablet":{"background-color":"var(--ast-global-color-4)","background-image":"","background-repeat":"repeat","background-position":"center center","background-size":"auto","background-attachment":"scroll","background-type":"","background-media":"","overlay-type":"","overlay-color":"","overlay-opacity":"","overlay-gradient":""},"mobile":{"background-color":"var(--ast-global-color-4)","background-image":"","background-repeat":"repeat","background-position":"center center","background-size":"auto","background-attachment":"scroll","background-type":"","background-media":"","overlay-type":"","overlay-color":"","overlay-opacity":"","overlay-gradient":""}}},"product_brand":[],"product_cat":[31],"product_tag":[],"class_list":{"0":"post-4415","1":"product","2":"type-product","3":"status-publish","4":"has-post-thumbnail","6":"product_cat-grozine-literatura","7":"pa_leidimo-metai-698","8":"pa_virselis-minkstas","9":"desktop-align-left","10":"tablet-align-left","11":"mobile-align-left","13":"first","14":"instock","15":"shipping-taxable","16":"purchasable","17":"product-type-simple"},"acf":[],"yoast_head":"<!-- This site is optimized with the Yoast SEO plugin v27.0 - https:\/\/yoast.com\/product\/yoast-seo-wordpress\/ -->\n<title>Andrej Kurkov \u201eBikfordo pasaulis\u201c - Skaitytaknyga<\/title>\n<meta name=\"description\" content=\"Per keist\u0105j\u012f romano pasaul\u012f nuo Japon\u0173 j\u016bros keliauja rudabarzdis matrosas Charitonovas ir uoliai tempia paskui save Bikfordo virvel\u0119, besit\u0119sian\u010di\u0105 nuo jo suniokotos bar\u017eos Japon\u0173 j\u016broje. Jis pilieti\u0161kai pasiry\u017e\u0119s pristatyti j\u0105 vir\u0161ininkams. Keliauja Charitonovas per taig\u0105, per Uralo kalnus, netgi per laik\u0105. Kelyje susitinka keis\u010diausi\u0173 persona\u017e\u0173: \u010dia ir i\u0161draskytas sentiki\u0173 skitas taigos gl\u016bdumoj, ir \u201emuzlagas&quot;, kurio kaliniai \u2013 buv\u0119s Maskvos simfoninis orkestras, vadovaujamas politruko, diena i\u0161 dienos repetuojan\u010dio \u201eEntuziast\u0173 mar\u0161\u0105&quot;, ir niaurus miestas vienodomis trobomis, kurio gyventojai kas rytas aidint sirenai traukia \u012f darb\u0105. \u010cia Charitonovas net moter\u012f susiranda ir tarytum pradeda \u0161eimynin\u012f gyvenim\u0105, o moteris, \u017einoma, dirba fabrike, kur siuvami tramdomieji mar\u0161kiniai, nes \u201ebroli\u0161k\u0173 taut\u0173 paklausa labai didel\u0117 ir vis auga&quot;...\" \/>\n<meta name=\"robots\" content=\"index, follow, max-snippet:-1, max-image-preview:large, max-video-preview:-1\" \/>\n<link rel=\"canonical\" href=\"https:\/\/skaitytaknyga.lt\/en\/produktas\/andrej-kurkov-bikfordo-pasaulis\/\" \/>\n<meta property=\"og:locale\" content=\"en_GB\" \/>\n<meta property=\"og:locale:alternate\" content=\"lt_LT\" \/>\n<meta property=\"og:type\" content=\"article\" \/>\n<meta property=\"og:title\" content=\"Andrej Kurkov \u201eBikfordo pasaulis\u201c - Skaitytaknyga\" \/>\n<meta property=\"og:description\" content=\"Per keist\u0105j\u012f romano pasaul\u012f nuo Japon\u0173 j\u016bros keliauja rudabarzdis matrosas Charitonovas ir uoliai tempia paskui save Bikfordo virvel\u0119, besit\u0119sian\u010di\u0105 nuo jo suniokotos bar\u017eos Japon\u0173 j\u016broje. Jis pilieti\u0161kai pasiry\u017e\u0119s pristatyti j\u0105 vir\u0161ininkams. Keliauja Charitonovas per taig\u0105, per Uralo kalnus, netgi per laik\u0105. Kelyje susitinka keis\u010diausi\u0173 persona\u017e\u0173: \u010dia ir i\u0161draskytas sentiki\u0173 skitas taigos gl\u016bdumoj, ir \u201emuzlagas&quot;, kurio kaliniai \u2013 buv\u0119s Maskvos simfoninis orkestras, vadovaujamas politruko, diena i\u0161 dienos repetuojan\u010dio \u201eEntuziast\u0173 mar\u0161\u0105&quot;, ir niaurus miestas vienodomis trobomis, kurio gyventojai kas rytas aidint sirenai traukia \u012f darb\u0105. \u010cia Charitonovas net moter\u012f susiranda ir tarytum pradeda \u0161eimynin\u012f gyvenim\u0105, o moteris, \u017einoma, dirba fabrike, kur siuvami tramdomieji mar\u0161kiniai, nes \u201ebroli\u0161k\u0173 taut\u0173 paklausa labai didel\u0117 ir vis auga&quot;...\" \/>\n<meta property=\"og:url\" content=\"https:\/\/skaitytaknyga.lt\/en\/produktas\/andrej-kurkov-bikfordo-pasaulis\/\" \/>\n<meta property=\"og:site_name\" content=\"Skaitytaknyga\" \/>\n<meta property=\"article:publisher\" content=\"https:\/\/www.facebook.com\/skaitytaknyga\/\" \/>\n<meta property=\"article:modified_time\" content=\"2024-05-03T07:25:01+00:00\" \/>\n<meta property=\"og:image\" content=\"https:\/\/skaitytaknyga.lt\/wp-content\/uploads\/2024\/04\/1462890019_untitled.png\" \/>\n\t<meta property=\"og:image:width\" content=\"280\" \/>\n\t<meta property=\"og:image:height\" content=\"430\" \/>\n\t<meta property=\"og:image:type\" content=\"image\/png\" \/>\n<meta name=\"twitter:card\" content=\"summary_large_image\" \/>\n<meta name=\"twitter:label1\" content=\"Estimated reading time\" \/>\n\t<meta name=\"twitter:data1\" content=\"1 minute\" \/>\n<script type=\"application\/ld+json\" class=\"yoast-schema-graph\">{\"@context\":\"https:\/\/schema.org\",\"@graph\":[{\"@type\":\"WebPage\",\"@id\":\"https:\/\/skaitytaknyga.lt\/produktas\/andrej-kurkov-bikfordo-pasaulis\/\",\"url\":\"https:\/\/skaitytaknyga.lt\/produktas\/andrej-kurkov-bikfordo-pasaulis\/\",\"name\":\"Andrej Kurkov \u201eBikfordo pasaulis\u201c - Skaitytaknyga\",\"isPartOf\":{\"@id\":\"https:\/\/skaitytaknyga.lt\/#website\"},\"primaryImageOfPage\":{\"@id\":\"https:\/\/skaitytaknyga.lt\/produktas\/andrej-kurkov-bikfordo-pasaulis\/#primaryimage\"},\"image\":{\"@id\":\"https:\/\/skaitytaknyga.lt\/produktas\/andrej-kurkov-bikfordo-pasaulis\/#primaryimage\"},\"thumbnailUrl\":\"https:\/\/skaitytaknyga.lt\/wp-content\/uploads\/2024\/04\/1462890019_untitled.png\",\"datePublished\":\"2024-04-17T13:48:38+00:00\",\"dateModified\":\"2024-05-03T07:25:01+00:00\",\"description\":\"Per keist\u0105j\u012f romano pasaul\u012f nuo Japon\u0173 j\u016bros keliauja rudabarzdis matrosas Charitonovas ir uoliai tempia paskui save Bikfordo virvel\u0119, besit\u0119sian\u010di\u0105 nuo jo suniokotos bar\u017eos Japon\u0173 j\u016broje. Jis pilieti\u0161kai pasiry\u017e\u0119s pristatyti j\u0105 vir\u0161ininkams. Keliauja Charitonovas per taig\u0105, per Uralo kalnus, netgi per laik\u0105. Kelyje susitinka keis\u010diausi\u0173 persona\u017e\u0173: \u010dia ir i\u0161draskytas sentiki\u0173 skitas taigos gl\u016bdumoj, ir \u201emuzlagas\\\", kurio kaliniai \u2013 buv\u0119s Maskvos simfoninis orkestras, vadovaujamas politruko, diena i\u0161 dienos repetuojan\u010dio \u201eEntuziast\u0173 mar\u0161\u0105\\\", ir niaurus miestas vienodomis trobomis, kurio gyventojai kas rytas aidint sirenai traukia \u012f darb\u0105. \u010cia Charitonovas net moter\u012f susiranda ir tarytum pradeda \u0161eimynin\u012f gyvenim\u0105, o moteris, \u017einoma, dirba fabrike, kur siuvami tramdomieji mar\u0161kiniai, nes \u201ebroli\u0161k\u0173 taut\u0173 paklausa labai didel\u0117 ir vis auga\\\"...\",\"breadcrumb\":{\"@id\":\"https:\/\/skaitytaknyga.lt\/produktas\/andrej-kurkov-bikfordo-pasaulis\/#breadcrumb\"},\"inLanguage\":\"en-GB\",\"potentialAction\":[{\"@type\":\"ReadAction\",\"target\":[\"https:\/\/skaitytaknyga.lt\/produktas\/andrej-kurkov-bikfordo-pasaulis\/\"]}]},{\"@type\":\"ImageObject\",\"inLanguage\":\"en-GB\",\"@id\":\"https:\/\/skaitytaknyga.lt\/produktas\/andrej-kurkov-bikfordo-pasaulis\/#primaryimage\",\"url\":\"https:\/\/skaitytaknyga.lt\/wp-content\/uploads\/2024\/04\/1462890019_untitled.png\",\"contentUrl\":\"https:\/\/skaitytaknyga.lt\/wp-content\/uploads\/2024\/04\/1462890019_untitled.png\",\"width\":280,\"height\":430},{\"@type\":\"BreadcrumbList\",\"@id\":\"https:\/\/skaitytaknyga.lt\/produktas\/andrej-kurkov-bikfordo-pasaulis\/#breadcrumb\",\"itemListElement\":[{\"@type\":\"ListItem\",\"position\":1,\"name\":\"Home\",\"item\":\"https:\/\/skaitytaknyga.lt\/\"},{\"@type\":\"ListItem\",\"position\":2,\"name\":\"Parduotuv\u0117\",\"item\":\"https:\/\/skaitytaknyga.lt\/knygu-parduotuve\/\"},{\"@type\":\"ListItem\",\"position\":3,\"name\":\"Andrej Kurkov \u201eBikfordo pasaulis\u201c\"}]},{\"@type\":\"WebSite\",\"@id\":\"https:\/\/skaitytaknyga.lt\/#website\",\"url\":\"https:\/\/skaitytaknyga.lt\/\",\"name\":\"skaitytaknyga.lt\",\"description\":\"Skaitytaknyga.lt \u2013 tai ma\u017eas \u0161eimos verslas, kuris prasid\u0117jo nuo meil\u0117s knygoms ir siekio i\u0161gelb\u0117ti knygas nuo likimo prie konteinerio. Kas vienam nereikalingas daiktas \u2013 kitam lobis, o mes esame tarpininkai, kurie padeda abiems tapti laimingesniems ???? \u017dinome kaip nelengva i\u0161gyventi ma\u017eiems verslams, tad nuo \u0161iol, \u010dia rasite ir kit\u0173, ma\u017e\u0173 \u0161eim\u0173 versl\u0173, rank\u0173 darbo, dovan\u0173 sau ir artimiesiems.\",\"publisher\":{\"@id\":\"https:\/\/skaitytaknyga.lt\/#organization\"},\"potentialAction\":[{\"@type\":\"SearchAction\",\"target\":{\"@type\":\"EntryPoint\",\"urlTemplate\":\"https:\/\/skaitytaknyga.lt\/?s={search_term_string}\"},\"query-input\":{\"@type\":\"PropertyValueSpecification\",\"valueRequired\":true,\"valueName\":\"search_term_string\"}}],\"inLanguage\":\"en-GB\"},{\"@type\":\"Organization\",\"@id\":\"https:\/\/skaitytaknyga.lt\/#organization\",\"name\":\"skaitytaknyga.lt\",\"url\":\"https:\/\/skaitytaknyga.lt\/\",\"logo\":{\"@type\":\"ImageObject\",\"inLanguage\":\"en-GB\",\"@id\":\"https:\/\/skaitytaknyga.lt\/#\/schema\/logo\/image\/\",\"url\":\"https:\/\/skaitytaknyga.lt\/wp-content\/uploads\/2024\/05\/cropped-cropped-cropped-02_00843_jt3bggkj1j3HLc7SyY6rEUpg.jpeg\",\"contentUrl\":\"https:\/\/skaitytaknyga.lt\/wp-content\/uploads\/2024\/05\/cropped-cropped-cropped-02_00843_jt3bggkj1j3HLc7SyY6rEUpg.jpeg\",\"width\":1600,\"height\":1600,\"caption\":\"skaitytaknyga.lt\"},\"image\":{\"@id\":\"https:\/\/skaitytaknyga.lt\/#\/schema\/logo\/image\/\"},\"sameAs\":[\"https:\/\/www.facebook.com\/skaitytaknyga\/\"]}]}<\/script>\n<!-- \/ Yoast SEO plugin. -->","yoast_head_json":{"title":"Andrej Kurkov \u201eBikfordo pasaulis\u201c - Skaitytaknyga","description":"Per keist\u0105j\u012f romano pasaul\u012f nuo Japon\u0173 j\u016bros keliauja rudabarzdis matrosas Charitonovas ir uoliai tempia paskui save Bikfordo virvel\u0119, besit\u0119sian\u010di\u0105 nuo jo suniokotos bar\u017eos Japon\u0173 j\u016broje. Jis pilieti\u0161kai pasiry\u017e\u0119s pristatyti j\u0105 vir\u0161ininkams. Keliauja Charitonovas per taig\u0105, per Uralo kalnus, netgi per laik\u0105. Kelyje susitinka keis\u010diausi\u0173 persona\u017e\u0173: \u010dia ir i\u0161draskytas sentiki\u0173 skitas taigos gl\u016bdumoj, ir \u201emuzlagas\", kurio kaliniai \u2013 buv\u0119s Maskvos simfoninis orkestras, vadovaujamas politruko, diena i\u0161 dienos repetuojan\u010dio \u201eEntuziast\u0173 mar\u0161\u0105\", ir niaurus miestas vienodomis trobomis, kurio gyventojai kas rytas aidint sirenai traukia \u012f darb\u0105. \u010cia Charitonovas net moter\u012f susiranda ir tarytum pradeda \u0161eimynin\u012f gyvenim\u0105, o moteris, \u017einoma, dirba fabrike, kur siuvami tramdomieji mar\u0161kiniai, nes \u201ebroli\u0161k\u0173 taut\u0173 paklausa labai didel\u0117 ir vis auga\"...","robots":{"index":"index","follow":"follow","max-snippet":"max-snippet:-1","max-image-preview":"max-image-preview:large","max-video-preview":"max-video-preview:-1"},"canonical":"https:\/\/skaitytaknyga.lt\/en\/produktas\/andrej-kurkov-bikfordo-pasaulis\/","og_locale":"en_GB","og_type":"article","og_title":"Andrej Kurkov \u201eBikfordo pasaulis\u201c - Skaitytaknyga","og_description":"Per keist\u0105j\u012f romano pasaul\u012f nuo Japon\u0173 j\u016bros keliauja rudabarzdis matrosas Charitonovas ir uoliai tempia paskui save Bikfordo virvel\u0119, besit\u0119sian\u010di\u0105 nuo jo suniokotos bar\u017eos Japon\u0173 j\u016broje. Jis pilieti\u0161kai pasiry\u017e\u0119s pristatyti j\u0105 vir\u0161ininkams. Keliauja Charitonovas per taig\u0105, per Uralo kalnus, netgi per laik\u0105. Kelyje susitinka keis\u010diausi\u0173 persona\u017e\u0173: \u010dia ir i\u0161draskytas sentiki\u0173 skitas taigos gl\u016bdumoj, ir \u201emuzlagas\", kurio kaliniai \u2013 buv\u0119s Maskvos simfoninis orkestras, vadovaujamas politruko, diena i\u0161 dienos repetuojan\u010dio \u201eEntuziast\u0173 mar\u0161\u0105\", ir niaurus miestas vienodomis trobomis, kurio gyventojai kas rytas aidint sirenai traukia \u012f darb\u0105. \u010cia Charitonovas net moter\u012f susiranda ir tarytum pradeda \u0161eimynin\u012f gyvenim\u0105, o moteris, \u017einoma, dirba fabrike, kur siuvami tramdomieji mar\u0161kiniai, nes \u201ebroli\u0161k\u0173 taut\u0173 paklausa labai didel\u0117 ir vis auga\"...","og_url":"https:\/\/skaitytaknyga.lt\/en\/produktas\/andrej-kurkov-bikfordo-pasaulis\/","og_site_name":"Skaitytaknyga","article_publisher":"https:\/\/www.facebook.com\/skaitytaknyga\/","article_modified_time":"2024-05-03T07:25:01+00:00","og_image":[{"width":280,"height":430,"url":"https:\/\/skaitytaknyga.lt\/wp-content\/uploads\/2024\/04\/1462890019_untitled.png","type":"image\/png"}],"twitter_card":"summary_large_image","twitter_misc":{"Estimated reading time":"1 minute"},"schema":{"@context":"https:\/\/schema.org","@graph":[{"@type":"WebPage","@id":"https:\/\/skaitytaknyga.lt\/produktas\/andrej-kurkov-bikfordo-pasaulis\/","url":"https:\/\/skaitytaknyga.lt\/produktas\/andrej-kurkov-bikfordo-pasaulis\/","name":"Andrej Kurkov \u201eBikfordo pasaulis\u201c - Skaitytaknyga","isPartOf":{"@id":"https:\/\/skaitytaknyga.lt\/#website"},"primaryImageOfPage":{"@id":"https:\/\/skaitytaknyga.lt\/produktas\/andrej-kurkov-bikfordo-pasaulis\/#primaryimage"},"image":{"@id":"https:\/\/skaitytaknyga.lt\/produktas\/andrej-kurkov-bikfordo-pasaulis\/#primaryimage"},"thumbnailUrl":"https:\/\/skaitytaknyga.lt\/wp-content\/uploads\/2024\/04\/1462890019_untitled.png","datePublished":"2024-04-17T13:48:38+00:00","dateModified":"2024-05-03T07:25:01+00:00","description":"Per keist\u0105j\u012f romano pasaul\u012f nuo Japon\u0173 j\u016bros keliauja rudabarzdis matrosas Charitonovas ir uoliai tempia paskui save Bikfordo virvel\u0119, besit\u0119sian\u010di\u0105 nuo jo suniokotos bar\u017eos Japon\u0173 j\u016broje. Jis pilieti\u0161kai pasiry\u017e\u0119s pristatyti j\u0105 vir\u0161ininkams. Keliauja Charitonovas per taig\u0105, per Uralo kalnus, netgi per laik\u0105. Kelyje susitinka keis\u010diausi\u0173 persona\u017e\u0173: \u010dia ir i\u0161draskytas sentiki\u0173 skitas taigos gl\u016bdumoj, ir \u201emuzlagas\", kurio kaliniai \u2013 buv\u0119s Maskvos simfoninis orkestras, vadovaujamas politruko, diena i\u0161 dienos repetuojan\u010dio \u201eEntuziast\u0173 mar\u0161\u0105\", ir niaurus miestas vienodomis trobomis, kurio gyventojai kas rytas aidint sirenai traukia \u012f darb\u0105. \u010cia Charitonovas net moter\u012f susiranda ir tarytum pradeda \u0161eimynin\u012f gyvenim\u0105, o moteris, \u017einoma, dirba fabrike, kur siuvami tramdomieji mar\u0161kiniai, nes \u201ebroli\u0161k\u0173 taut\u0173 paklausa labai didel\u0117 ir vis auga\"...","breadcrumb":{"@id":"https:\/\/skaitytaknyga.lt\/produktas\/andrej-kurkov-bikfordo-pasaulis\/#breadcrumb"},"inLanguage":"en-GB","potentialAction":[{"@type":"ReadAction","target":["https:\/\/skaitytaknyga.lt\/produktas\/andrej-kurkov-bikfordo-pasaulis\/"]}]},{"@type":"ImageObject","inLanguage":"en-GB","@id":"https:\/\/skaitytaknyga.lt\/produktas\/andrej-kurkov-bikfordo-pasaulis\/#primaryimage","url":"https:\/\/skaitytaknyga.lt\/wp-content\/uploads\/2024\/04\/1462890019_untitled.png","contentUrl":"https:\/\/skaitytaknyga.lt\/wp-content\/uploads\/2024\/04\/1462890019_untitled.png","width":280,"height":430},{"@type":"BreadcrumbList","@id":"https:\/\/skaitytaknyga.lt\/produktas\/andrej-kurkov-bikfordo-pasaulis\/#breadcrumb","itemListElement":[{"@type":"ListItem","position":1,"name":"Home","item":"https:\/\/skaitytaknyga.lt\/"},{"@type":"ListItem","position":2,"name":"Parduotuv\u0117","item":"https:\/\/skaitytaknyga.lt\/knygu-parduotuve\/"},{"@type":"ListItem","position":3,"name":"Andrej Kurkov \u201eBikfordo pasaulis\u201c"}]},{"@type":"WebSite","@id":"https:\/\/skaitytaknyga.lt\/#website","url":"https:\/\/skaitytaknyga.lt\/","name":"skaitytaknyga.lt","description":"Skaitytaknyga.lt \u2013 tai ma\u017eas \u0161eimos verslas, kuris prasid\u0117jo nuo meil\u0117s knygoms ir siekio i\u0161gelb\u0117ti knygas nuo likimo prie konteinerio. Kas vienam nereikalingas daiktas \u2013 kitam lobis, o mes esame tarpininkai, kurie padeda abiems tapti laimingesniems ???? \u017dinome kaip nelengva i\u0161gyventi ma\u017eiems verslams, tad nuo \u0161iol, \u010dia rasite ir kit\u0173, ma\u017e\u0173 \u0161eim\u0173 versl\u0173, rank\u0173 darbo, dovan\u0173 sau ir artimiesiems.","publisher":{"@id":"https:\/\/skaitytaknyga.lt\/#organization"},"potentialAction":[{"@type":"SearchAction","target":{"@type":"EntryPoint","urlTemplate":"https:\/\/skaitytaknyga.lt\/?s={search_term_string}"},"query-input":{"@type":"PropertyValueSpecification","valueRequired":true,"valueName":"search_term_string"}}],"inLanguage":"en-GB"},{"@type":"Organization","@id":"https:\/\/skaitytaknyga.lt\/#organization","name":"skaitytaknyga.lt","url":"https:\/\/skaitytaknyga.lt\/","logo":{"@type":"ImageObject","inLanguage":"en-GB","@id":"https:\/\/skaitytaknyga.lt\/#\/schema\/logo\/image\/","url":"https:\/\/skaitytaknyga.lt\/wp-content\/uploads\/2024\/05\/cropped-cropped-cropped-02_00843_jt3bggkj1j3HLc7SyY6rEUpg.jpeg","contentUrl":"https:\/\/skaitytaknyga.lt\/wp-content\/uploads\/2024\/05\/cropped-cropped-cropped-02_00843_jt3bggkj1j3HLc7SyY6rEUpg.jpeg","width":1600,"height":1600,"caption":"skaitytaknyga.lt"},"image":{"@id":"https:\/\/skaitytaknyga.lt\/#\/schema\/logo\/image\/"},"sameAs":["https:\/\/www.facebook.com\/skaitytaknyga\/"]}]}},"_links":{"self":[{"href":"https:\/\/skaitytaknyga.lt\/en\/wp-json\/wp\/v2\/product\/4415","targetHints":{"allow":["GET"]}}],"collection":[{"href":"https:\/\/skaitytaknyga.lt\/en\/wp-json\/wp\/v2\/product"}],"about":[{"href":"https:\/\/skaitytaknyga.lt\/en\/wp-json\/wp\/v2\/types\/product"}],"replies":[{"embeddable":true,"href":"https:\/\/skaitytaknyga.lt\/en\/wp-json\/wp\/v2\/comments?post=4415"}],"wp:featuredmedia":[{"embeddable":true,"href":"https:\/\/skaitytaknyga.lt\/en\/wp-json\/wp\/v2\/media\/4465"}],"wp:attachment":[{"href":"https:\/\/skaitytaknyga.lt\/en\/wp-json\/wp\/v2\/media?parent=4415"}],"wp:term":[{"taxonomy":"product_brand","embeddable":true,"href":"https:\/\/skaitytaknyga.lt\/en\/wp-json\/wp\/v2\/product_brand?post=4415"},{"taxonomy":"product_cat","embeddable":true,"href":"https:\/\/skaitytaknyga.lt\/en\/wp-json\/wp\/v2\/product_cat?post=4415"},{"taxonomy":"product_tag","embeddable":true,"href":"https:\/\/skaitytaknyga.lt\/en\/wp-json\/wp\/v2\/product_tag?post=4415"}],"curies":[{"name":"wp","href":"https:\/\/api.w.org\/{rel}","templated":true}]}}