{"id":4392,"date":"2024-04-17T13:48:14","date_gmt":"2024-04-17T13:48:14","guid":{"rendered":"https:\/\/skaitytaknyga.lt\/?post_type=product&#038;p=4392"},"modified":"2024-07-13T14:53:54","modified_gmt":"2024-07-13T11:53:54","slug":"zemaite-marti-apsakymai","status":"publish","type":"product","link":"https:\/\/skaitytaknyga.lt\/en\/produktas\/zemaite-marti-apsakymai\/","title":{"rendered":"\u017demait\u0117 \u201eMarti. Apsakymai\u201c (yra nedidel\u0117 d\u0117m\u0117)"},"content":{"rendered":"<p>Lietuvi\u0173 literat\u016bros klasik\u0117s pla\u010diai \u017einom\u0173 k\u016brini\u0173 rinkinys.<\/p>\n<p>J\u0173 tematika &#8211; XIX a. pabaigos &#8211; XX a. prad\u017eios Lietuvos kaimas, vargana valstie\u010di\u0173 buitis, tragi\u0161kas materialiniais sumetimais sukurtos \u0161eimos likimas, dvaro ir kaimo santykiai, kova prie\u0161 carizm\u0105, \u0161viesos siekimas.<\/p>\n","protected":false},"excerpt":{"rendered":"<p>Lietuvi\u0173 literat\u016bros klasik\u0117s pla\u010diai \u017einom\u0173 k\u016brini\u0173 rinkinys.<\/p>\n<p>J\u0173 tematika &#8211; XIX a. pabaigos &#8211; XX a. prad\u017eios Lietuvos kaimas, vargana valstie\u010di\u0173 buitis, tragi\u0161kas materialiniais sumetimais sukurtos \u0161eimos likimas, dvaro ir kaimo santykiai, kova prie\u0161 carizm\u0105, \u0161viesos siekimas.<\/p>\n","protected":false},"featured_media":4434,"comment_status":"closed","ping_status":"closed","template":"","meta":{"_acf_changed":false,"site-sidebar-layout":"default","site-content-layout":"","ast-site-content-layout":"default","site-content-style":"default","site-sidebar-style":"default","ast-global-header-display":"","ast-banner-title-visibility":"","ast-main-header-display":"","ast-hfb-above-header-display":"","ast-hfb-below-header-display":"","ast-hfb-mobile-header-display":"","site-post-title":"","ast-breadcrumbs-content":"","ast-featured-img":"","footer-sml-layout":"","ast-disable-related-posts":"","theme-transparent-header-meta":"","adv-header-id-meta":"","stick-header-meta":"","header-above-stick-meta":"","header-main-stick-meta":"","header-below-stick-meta":"","astra-migrate-meta-layouts":"default","ast-page-background-enabled":"default","ast-page-background-meta":{"desktop":{"background-color":"","background-image":"","background-repeat":"repeat","background-position":"center center","background-size":"auto","background-attachment":"scroll","background-type":"","background-media":"","overlay-type":"","overlay-color":"","overlay-opacity":"","overlay-gradient":""},"tablet":{"background-color":"","background-image":"","background-repeat":"repeat","background-position":"center center","background-size":"auto","background-attachment":"scroll","background-type":"","background-media":"","overlay-type":"","overlay-color":"","overlay-opacity":"","overlay-gradient":""},"mobile":{"background-color":"","background-image":"","background-repeat":"repeat","background-position":"center center","background-size":"auto","background-attachment":"scroll","background-type":"","background-media":"","overlay-type":"","overlay-color":"","overlay-opacity":"","overlay-gradient":""}},"ast-content-background-meta":{"desktop":{"background-color":"var(--ast-global-color-4)","background-image":"","background-repeat":"repeat","background-position":"center center","background-size":"auto","background-attachment":"scroll","background-type":"","background-media":"","overlay-type":"","overlay-color":"","overlay-opacity":"","overlay-gradient":""},"tablet":{"background-color":"var(--ast-global-color-4)","background-image":"","background-repeat":"repeat","background-position":"center center","background-size":"auto","background-attachment":"scroll","background-type":"","background-media":"","overlay-type":"","overlay-color":"","overlay-opacity":"","overlay-gradient":""},"mobile":{"background-color":"var(--ast-global-color-4)","background-image":"","background-repeat":"repeat","background-position":"center center","background-size":"auto","background-attachment":"scroll","background-type":"","background-media":"","overlay-type":"","overlay-color":"","overlay-opacity":"","overlay-gradient":""}}},"product_brand":[],"product_cat":[31,331],"product_tag":[],"class_list":{"0":"post-4392","1":"product","2":"type-product","3":"status-publish","4":"has-post-thumbnail","6":"product_cat-grozine-literatura","7":"product_cat-programine-literatura","8":"pa_leidimo-metai-685","9":"pa_virselis-kietas","10":"desktop-align-left","11":"tablet-align-left","12":"mobile-align-left","14":"first","15":"instock","16":"shipping-taxable","17":"purchasable","18":"product-type-simple"},"acf":[],"yoast_head":"<!-- This site is optimized with the Yoast SEO plugin v27.0 - https:\/\/yoast.com\/product\/yoast-seo-wordpress\/ -->\n<title>\u017demait\u0117 \u201eMarti. Apsakymai\u201c (yra nedidel\u0117 d\u0117m\u0117)<\/title>\n<meta name=\"description\" content=\"Lietuvi\u0173 literat\u016bros klasik\u0117s pla\u010diai \u017einom\u0173 k\u016brini\u0173 rinkinys.  J\u0173 tematika - XIX a. pabaigos - XX a. prad\u017eios Lietuvos kaimas, vargana valstie\u010di\u0173 buitis, tragi\u0161kas materialiniais sumetimais sukurtos \u0161eimos likimas, dvaro ir kaimo santykiai, kova prie\u0161 carizm\u0105, \u0161viesos siekimas.\" \/>\n<meta name=\"robots\" content=\"index, follow, max-snippet:-1, max-image-preview:large, max-video-preview:-1\" \/>\n<link rel=\"canonical\" href=\"https:\/\/skaitytaknyga.lt\/en\/produktas\/zemaite-marti-apsakymai\/\" \/>\n<meta property=\"og:locale\" content=\"en_GB\" \/>\n<meta property=\"og:locale:alternate\" content=\"lt_LT\" \/>\n<meta property=\"og:type\" content=\"article\" \/>\n<meta property=\"og:title\" content=\"\u017demait\u0117 \u201eMarti. Apsakymai\u201c (yra nedidel\u0117 d\u0117m\u0117)\" \/>\n<meta property=\"og:description\" content=\"Lietuvi\u0173 literat\u016bros klasik\u0117s pla\u010diai \u017einom\u0173 k\u016brini\u0173 rinkinys.  J\u0173 tematika - XIX a. pabaigos - XX a. prad\u017eios Lietuvos kaimas, vargana valstie\u010di\u0173 buitis, tragi\u0161kas materialiniais sumetimais sukurtos \u0161eimos likimas, dvaro ir kaimo santykiai, kova prie\u0161 carizm\u0105, \u0161viesos siekimas.\" \/>\n<meta property=\"og:url\" content=\"https:\/\/skaitytaknyga.lt\/en\/produktas\/zemaite-marti-apsakymai\/\" \/>\n<meta property=\"og:site_name\" content=\"Skaitytaknyga\" \/>\n<meta property=\"article:publisher\" content=\"https:\/\/www.facebook.com\/skaitytaknyga\/\" \/>\n<meta property=\"article:modified_time\" content=\"2024-07-13T11:53:54+00:00\" \/>\n<meta property=\"og:image\" content=\"https:\/\/skaitytaknyga.lt\/wp-content\/uploads\/2024\/04\/Be-pavadinimo-9-1.png\" \/>\n\t<meta property=\"og:image:width\" content=\"268\" \/>\n\t<meta property=\"og:image:height\" content=\"416\" \/>\n\t<meta property=\"og:image:type\" content=\"image\/png\" \/>\n<meta name=\"twitter:card\" content=\"summary_large_image\" \/>\n<meta name=\"twitter:label1\" content=\"Estimated reading time\" \/>\n\t<meta name=\"twitter:data1\" content=\"1 minute\" \/>\n<script type=\"application\/ld+json\" class=\"yoast-schema-graph\">{\"@context\":\"https:\/\/schema.org\",\"@graph\":[{\"@type\":\"WebPage\",\"@id\":\"https:\/\/skaitytaknyga.lt\/produktas\/zemaite-marti-apsakymai\/\",\"url\":\"https:\/\/skaitytaknyga.lt\/produktas\/zemaite-marti-apsakymai\/\",\"name\":\"\u017demait\u0117 \u201eMarti. Apsakymai\u201c (yra nedidel\u0117 d\u0117m\u0117)\",\"isPartOf\":{\"@id\":\"https:\/\/skaitytaknyga.lt\/#website\"},\"primaryImageOfPage\":{\"@id\":\"https:\/\/skaitytaknyga.lt\/produktas\/zemaite-marti-apsakymai\/#primaryimage\"},\"image\":{\"@id\":\"https:\/\/skaitytaknyga.lt\/produktas\/zemaite-marti-apsakymai\/#primaryimage\"},\"thumbnailUrl\":\"https:\/\/skaitytaknyga.lt\/wp-content\/uploads\/2024\/04\/Be-pavadinimo-9-1.png\",\"datePublished\":\"2024-04-17T13:48:14+00:00\",\"dateModified\":\"2024-07-13T11:53:54+00:00\",\"description\":\"Lietuvi\u0173 literat\u016bros klasik\u0117s pla\u010diai \u017einom\u0173 k\u016brini\u0173 rinkinys. J\u0173 tematika - XIX a. pabaigos - XX a. prad\u017eios Lietuvos kaimas, vargana valstie\u010di\u0173 buitis, tragi\u0161kas materialiniais sumetimais sukurtos \u0161eimos likimas, dvaro ir kaimo santykiai, kova prie\u0161 carizm\u0105, \u0161viesos siekimas.\",\"breadcrumb\":{\"@id\":\"https:\/\/skaitytaknyga.lt\/produktas\/zemaite-marti-apsakymai\/#breadcrumb\"},\"inLanguage\":\"en-GB\",\"potentialAction\":[{\"@type\":\"ReadAction\",\"target\":[\"https:\/\/skaitytaknyga.lt\/produktas\/zemaite-marti-apsakymai\/\"]}]},{\"@type\":\"ImageObject\",\"inLanguage\":\"en-GB\",\"@id\":\"https:\/\/skaitytaknyga.lt\/produktas\/zemaite-marti-apsakymai\/#primaryimage\",\"url\":\"https:\/\/skaitytaknyga.lt\/wp-content\/uploads\/2024\/04\/Be-pavadinimo-9-1.png\",\"contentUrl\":\"https:\/\/skaitytaknyga.lt\/wp-content\/uploads\/2024\/04\/Be-pavadinimo-9-1.png\",\"width\":268,\"height\":416},{\"@type\":\"BreadcrumbList\",\"@id\":\"https:\/\/skaitytaknyga.lt\/produktas\/zemaite-marti-apsakymai\/#breadcrumb\",\"itemListElement\":[{\"@type\":\"ListItem\",\"position\":1,\"name\":\"Home\",\"item\":\"https:\/\/skaitytaknyga.lt\/\"},{\"@type\":\"ListItem\",\"position\":2,\"name\":\"Parduotuv\u0117\",\"item\":\"https:\/\/skaitytaknyga.lt\/knygu-parduotuve\/\"},{\"@type\":\"ListItem\",\"position\":3,\"name\":\"\u017demait\u0117 \u201eMarti. Apsakymai\u201c (yra nedidel\u0117 d\u0117m\u0117)\"}]},{\"@type\":\"WebSite\",\"@id\":\"https:\/\/skaitytaknyga.lt\/#website\",\"url\":\"https:\/\/skaitytaknyga.lt\/\",\"name\":\"skaitytaknyga.lt\",\"description\":\"Skaitytaknyga.lt \u2013 tai ma\u017eas \u0161eimos verslas, kuris prasid\u0117jo nuo meil\u0117s knygoms ir siekio i\u0161gelb\u0117ti knygas nuo likimo prie konteinerio. Kas vienam nereikalingas daiktas \u2013 kitam lobis, o mes esame tarpininkai, kurie padeda abiems tapti laimingesniems ???? \u017dinome kaip nelengva i\u0161gyventi ma\u017eiems verslams, tad nuo \u0161iol, \u010dia rasite ir kit\u0173, ma\u017e\u0173 \u0161eim\u0173 versl\u0173, rank\u0173 darbo, dovan\u0173 sau ir artimiesiems.\",\"publisher\":{\"@id\":\"https:\/\/skaitytaknyga.lt\/#organization\"},\"potentialAction\":[{\"@type\":\"SearchAction\",\"target\":{\"@type\":\"EntryPoint\",\"urlTemplate\":\"https:\/\/skaitytaknyga.lt\/?s={search_term_string}\"},\"query-input\":{\"@type\":\"PropertyValueSpecification\",\"valueRequired\":true,\"valueName\":\"search_term_string\"}}],\"inLanguage\":\"en-GB\"},{\"@type\":\"Organization\",\"@id\":\"https:\/\/skaitytaknyga.lt\/#organization\",\"name\":\"skaitytaknyga.lt\",\"url\":\"https:\/\/skaitytaknyga.lt\/\",\"logo\":{\"@type\":\"ImageObject\",\"inLanguage\":\"en-GB\",\"@id\":\"https:\/\/skaitytaknyga.lt\/#\/schema\/logo\/image\/\",\"url\":\"https:\/\/skaitytaknyga.lt\/wp-content\/uploads\/2024\/05\/cropped-cropped-cropped-02_00843_jt3bggkj1j3HLc7SyY6rEUpg.jpeg\",\"contentUrl\":\"https:\/\/skaitytaknyga.lt\/wp-content\/uploads\/2024\/05\/cropped-cropped-cropped-02_00843_jt3bggkj1j3HLc7SyY6rEUpg.jpeg\",\"width\":1600,\"height\":1600,\"caption\":\"skaitytaknyga.lt\"},\"image\":{\"@id\":\"https:\/\/skaitytaknyga.lt\/#\/schema\/logo\/image\/\"},\"sameAs\":[\"https:\/\/www.facebook.com\/skaitytaknyga\/\"]}]}<\/script>\n<!-- \/ Yoast SEO plugin. -->","yoast_head_json":{"title":"\u017demait\u0117 \u201eMarti. Apsakymai\u201c (yra nedidel\u0117 d\u0117m\u0117)","description":"Lietuvi\u0173 literat\u016bros klasik\u0117s pla\u010diai \u017einom\u0173 k\u016brini\u0173 rinkinys.  J\u0173 tematika - XIX a. pabaigos - XX a. prad\u017eios Lietuvos kaimas, vargana valstie\u010di\u0173 buitis, tragi\u0161kas materialiniais sumetimais sukurtos \u0161eimos likimas, dvaro ir kaimo santykiai, kova prie\u0161 carizm\u0105, \u0161viesos siekimas.","robots":{"index":"index","follow":"follow","max-snippet":"max-snippet:-1","max-image-preview":"max-image-preview:large","max-video-preview":"max-video-preview:-1"},"canonical":"https:\/\/skaitytaknyga.lt\/en\/produktas\/zemaite-marti-apsakymai\/","og_locale":"en_GB","og_type":"article","og_title":"[:lt]\u017demait\u0117 \u201eMarti. Apsakymai\u201c (yra nedidel\u0117 d\u0117m\u0117)[:] - Skaitytaknyga","og_description":"Lietuvi\u0173 literat\u016bros klasik\u0117s pla\u010diai \u017einom\u0173 k\u016brini\u0173 rinkinys.  J\u0173 tematika - XIX a. pabaigos - XX a. prad\u017eios Lietuvos kaimas, vargana valstie\u010di\u0173 buitis, tragi\u0161kas materialiniais sumetimais sukurtos \u0161eimos likimas, dvaro ir kaimo santykiai, kova prie\u0161 carizm\u0105, \u0161viesos siekimas.","og_url":"https:\/\/skaitytaknyga.lt\/en\/produktas\/zemaite-marti-apsakymai\/","og_site_name":"Skaitytaknyga","article_publisher":"https:\/\/www.facebook.com\/skaitytaknyga\/","article_modified_time":"2024-07-13T11:53:54+00:00","og_image":[{"width":268,"height":416,"url":"https:\/\/skaitytaknyga.lt\/wp-content\/uploads\/2024\/04\/Be-pavadinimo-9-1.png","type":"image\/png"}],"twitter_card":"summary_large_image","twitter_misc":{"Estimated reading time":"1 minute"},"schema":{"@context":"https:\/\/schema.org","@graph":[{"@type":"WebPage","@id":"https:\/\/skaitytaknyga.lt\/produktas\/zemaite-marti-apsakymai\/","url":"https:\/\/skaitytaknyga.lt\/produktas\/zemaite-marti-apsakymai\/","name":"\u017demait\u0117 \u201eMarti. Apsakymai\u201c (yra nedidel\u0117 d\u0117m\u0117)","isPartOf":{"@id":"https:\/\/skaitytaknyga.lt\/#website"},"primaryImageOfPage":{"@id":"https:\/\/skaitytaknyga.lt\/produktas\/zemaite-marti-apsakymai\/#primaryimage"},"image":{"@id":"https:\/\/skaitytaknyga.lt\/produktas\/zemaite-marti-apsakymai\/#primaryimage"},"thumbnailUrl":"https:\/\/skaitytaknyga.lt\/wp-content\/uploads\/2024\/04\/Be-pavadinimo-9-1.png","datePublished":"2024-04-17T13:48:14+00:00","dateModified":"2024-07-13T11:53:54+00:00","description":"Lietuvi\u0173 literat\u016bros klasik\u0117s pla\u010diai \u017einom\u0173 k\u016brini\u0173 rinkinys. J\u0173 tematika - XIX a. pabaigos - XX a. prad\u017eios Lietuvos kaimas, vargana valstie\u010di\u0173 buitis, tragi\u0161kas materialiniais sumetimais sukurtos \u0161eimos likimas, dvaro ir kaimo santykiai, kova prie\u0161 carizm\u0105, \u0161viesos siekimas.","breadcrumb":{"@id":"https:\/\/skaitytaknyga.lt\/produktas\/zemaite-marti-apsakymai\/#breadcrumb"},"inLanguage":"en-GB","potentialAction":[{"@type":"ReadAction","target":["https:\/\/skaitytaknyga.lt\/produktas\/zemaite-marti-apsakymai\/"]}]},{"@type":"ImageObject","inLanguage":"en-GB","@id":"https:\/\/skaitytaknyga.lt\/produktas\/zemaite-marti-apsakymai\/#primaryimage","url":"https:\/\/skaitytaknyga.lt\/wp-content\/uploads\/2024\/04\/Be-pavadinimo-9-1.png","contentUrl":"https:\/\/skaitytaknyga.lt\/wp-content\/uploads\/2024\/04\/Be-pavadinimo-9-1.png","width":268,"height":416},{"@type":"BreadcrumbList","@id":"https:\/\/skaitytaknyga.lt\/produktas\/zemaite-marti-apsakymai\/#breadcrumb","itemListElement":[{"@type":"ListItem","position":1,"name":"Home","item":"https:\/\/skaitytaknyga.lt\/"},{"@type":"ListItem","position":2,"name":"Parduotuv\u0117","item":"https:\/\/skaitytaknyga.lt\/knygu-parduotuve\/"},{"@type":"ListItem","position":3,"name":"\u017demait\u0117 \u201eMarti. Apsakymai\u201c (yra nedidel\u0117 d\u0117m\u0117)"}]},{"@type":"WebSite","@id":"https:\/\/skaitytaknyga.lt\/#website","url":"https:\/\/skaitytaknyga.lt\/","name":"skaitytaknyga.lt","description":"Skaitytaknyga.lt \u2013 tai ma\u017eas \u0161eimos verslas, kuris prasid\u0117jo nuo meil\u0117s knygoms ir siekio i\u0161gelb\u0117ti knygas nuo likimo prie konteinerio. Kas vienam nereikalingas daiktas \u2013 kitam lobis, o mes esame tarpininkai, kurie padeda abiems tapti laimingesniems ???? \u017dinome kaip nelengva i\u0161gyventi ma\u017eiems verslams, tad nuo \u0161iol, \u010dia rasite ir kit\u0173, ma\u017e\u0173 \u0161eim\u0173 versl\u0173, rank\u0173 darbo, dovan\u0173 sau ir artimiesiems.","publisher":{"@id":"https:\/\/skaitytaknyga.lt\/#organization"},"potentialAction":[{"@type":"SearchAction","target":{"@type":"EntryPoint","urlTemplate":"https:\/\/skaitytaknyga.lt\/?s={search_term_string}"},"query-input":{"@type":"PropertyValueSpecification","valueRequired":true,"valueName":"search_term_string"}}],"inLanguage":"en-GB"},{"@type":"Organization","@id":"https:\/\/skaitytaknyga.lt\/#organization","name":"skaitytaknyga.lt","url":"https:\/\/skaitytaknyga.lt\/","logo":{"@type":"ImageObject","inLanguage":"en-GB","@id":"https:\/\/skaitytaknyga.lt\/#\/schema\/logo\/image\/","url":"https:\/\/skaitytaknyga.lt\/wp-content\/uploads\/2024\/05\/cropped-cropped-cropped-02_00843_jt3bggkj1j3HLc7SyY6rEUpg.jpeg","contentUrl":"https:\/\/skaitytaknyga.lt\/wp-content\/uploads\/2024\/05\/cropped-cropped-cropped-02_00843_jt3bggkj1j3HLc7SyY6rEUpg.jpeg","width":1600,"height":1600,"caption":"skaitytaknyga.lt"},"image":{"@id":"https:\/\/skaitytaknyga.lt\/#\/schema\/logo\/image\/"},"sameAs":["https:\/\/www.facebook.com\/skaitytaknyga\/"]}]}},"_links":{"self":[{"href":"https:\/\/skaitytaknyga.lt\/en\/wp-json\/wp\/v2\/product\/4392","targetHints":{"allow":["GET"]}}],"collection":[{"href":"https:\/\/skaitytaknyga.lt\/en\/wp-json\/wp\/v2\/product"}],"about":[{"href":"https:\/\/skaitytaknyga.lt\/en\/wp-json\/wp\/v2\/types\/product"}],"replies":[{"embeddable":true,"href":"https:\/\/skaitytaknyga.lt\/en\/wp-json\/wp\/v2\/comments?post=4392"}],"wp:featuredmedia":[{"embeddable":true,"href":"https:\/\/skaitytaknyga.lt\/en\/wp-json\/wp\/v2\/media\/4434"}],"wp:attachment":[{"href":"https:\/\/skaitytaknyga.lt\/en\/wp-json\/wp\/v2\/media?parent=4392"}],"wp:term":[{"taxonomy":"product_brand","embeddable":true,"href":"https:\/\/skaitytaknyga.lt\/en\/wp-json\/wp\/v2\/product_brand?post=4392"},{"taxonomy":"product_cat","embeddable":true,"href":"https:\/\/skaitytaknyga.lt\/en\/wp-json\/wp\/v2\/product_cat?post=4392"},{"taxonomy":"product_tag","embeddable":true,"href":"https:\/\/skaitytaknyga.lt\/en\/wp-json\/wp\/v2\/product_tag?post=4392"}],"curies":[{"name":"wp","href":"https:\/\/api.w.org\/{rel}","templated":true}]}}