{"id":4385,"date":"2024-04-17T13:48:14","date_gmt":"2024-04-17T13:48:14","guid":{"rendered":"https:\/\/skaitytaknyga.lt\/?post_type=product&#038;p=4385"},"modified":"2024-05-03T07:24:48","modified_gmt":"2024-05-03T07:24:48","slug":"b-radzevicius-priesausrio-vieskeliai-i-ii-tomai","status":"publish","type":"product","link":"https:\/\/skaitytaknyga.lt\/en\/produktas\/b-radzevicius-priesausrio-vieskeliai-i-ii-tomai\/","title":{"rendered":"B. Radzevi\u010dius \u201ePrie\u0161au\u0161rio vie\u0161keliai\u201c (I, II tomai)"},"content":{"rendered":"<p><strong>Broniaus Radzevi\u010diaus<\/strong>\u00a0(1940\u20131980) romanas\u00a0<strong>\u201ePrie\u0161au\u0161rio vie\u0161keliai&#8221;<\/strong>\u00a0vertinamas kaip vienas i\u0161 nedaugelio sovietme\u010diu sukurt\u0173 roman\u0173, kuri\u0173 vert\u0117s nepaneig\u0117 pasikeitusi santvarka. Jaunimas i\u0161 kaimo eina \u012f miest\u0105, o pasiliekantieji d\u016bsta kolchozinio la\u017eo gniau\u017etuose.<\/p>\n<p>\u0160i ano laiko b\u016bsena, konkretizuota kaip Daukin\u010di\u0173 \u0161eimos istorija, \u012fkv\u0117p\u0117 tada dar palyginti jaun\u0105 prozinink\u0105 egzistencin\u0117s aklaviet\u0117s vaizdams, s\u0105\u017einingam ir intymiam kalb\u0117jimui. Romanas \u012fsitvirtino lietuvi\u0173 literat\u016bros apm\u0105stymuose kaip l\u016b\u017eio k\u016brinys, kartu turintis i\u0161liekamosios vert\u0117s d\u0117l refleksij\u0173 \u012ftampos ir pasakojimo b\u016bdo. Romano herojus turi biografini\u0173 autoriaus bruo\u017e\u0173.<\/p>\n","protected":false},"excerpt":{"rendered":"<p><strong>Broniaus Radzevi\u010diaus<\/strong>\u00a0(1940\u20131980) romanas\u00a0<strong>\u201ePrie\u0161au\u0161rio vie\u0161keliai&#8221;<\/strong>\u00a0vertinamas kaip vienas i\u0161 nedaugelio sovietme\u010diu sukurt\u0173 roman\u0173, kuri\u0173 vert\u0117s nepaneig\u0117 pasikeitusi santvarka. Jaunimas i\u0161 kaimo eina \u012f miest\u0105, o pasiliekantieji d\u016bsta kolchozinio la\u017eo gniau\u017etuose.<\/p>\n<p>\u0160i ano laiko b\u016bsena, konkretizuota kaip Daukin\u010di\u0173 \u0161eimos istorija, \u012fkv\u0117p\u0117 tada dar palyginti jaun\u0105 prozinink\u0105 egzistencin\u0117s aklaviet\u0117s vaizdams, s\u0105\u017einingam ir intymiam kalb\u0117jimui. Romanas \u012fsitvirtino lietuvi\u0173 literat\u016bros apm\u0105stymuose kaip l\u016b\u017eio k\u016brinys, kartu turintis i\u0161liekamosios vert\u0117s d\u0117l refleksij\u0173 \u012ftampos ir pasakojimo b\u016bdo. Romano herojus turi biografini\u0173 autoriaus bruo\u017e\u0173.<\/p>\n","protected":false},"featured_media":4427,"comment_status":"closed","ping_status":"closed","template":"","meta":{"_acf_changed":false,"site-sidebar-layout":"default","site-content-layout":"","ast-site-content-layout":"default","site-content-style":"default","site-sidebar-style":"default","ast-global-header-display":"","ast-banner-title-visibility":"","ast-main-header-display":"","ast-hfb-above-header-display":"","ast-hfb-below-header-display":"","ast-hfb-mobile-header-display":"","site-post-title":"","ast-breadcrumbs-content":"","ast-featured-img":"","footer-sml-layout":"","ast-disable-related-posts":"","theme-transparent-header-meta":"","adv-header-id-meta":"","stick-header-meta":"","header-above-stick-meta":"","header-main-stick-meta":"","header-below-stick-meta":"","astra-migrate-meta-layouts":"default","ast-page-background-enabled":"default","ast-page-background-meta":{"desktop":{"background-color":"","background-image":"","background-repeat":"repeat","background-position":"center center","background-size":"auto","background-attachment":"scroll","background-type":"","background-media":"","overlay-type":"","overlay-color":"","overlay-opacity":"","overlay-gradient":""},"tablet":{"background-color":"","background-image":"","background-repeat":"repeat","background-position":"center center","background-size":"auto","background-attachment":"scroll","background-type":"","background-media":"","overlay-type":"","overlay-color":"","overlay-opacity":"","overlay-gradient":""},"mobile":{"background-color":"","background-image":"","background-repeat":"repeat","background-position":"center center","background-size":"auto","background-attachment":"scroll","background-type":"","background-media":"","overlay-type":"","overlay-color":"","overlay-opacity":"","overlay-gradient":""}},"ast-content-background-meta":{"desktop":{"background-color":"var(--ast-global-color-4)","background-image":"","background-repeat":"repeat","background-position":"center center","background-size":"auto","background-attachment":"scroll","background-type":"","background-media":"","overlay-type":"","overlay-color":"","overlay-opacity":"","overlay-gradient":""},"tablet":{"background-color":"var(--ast-global-color-4)","background-image":"","background-repeat":"repeat","background-position":"center center","background-size":"auto","background-attachment":"scroll","background-type":"","background-media":"","overlay-type":"","overlay-color":"","overlay-opacity":"","overlay-gradient":""},"mobile":{"background-color":"var(--ast-global-color-4)","background-image":"","background-repeat":"repeat","background-position":"center center","background-size":"auto","background-attachment":"scroll","background-type":"","background-media":"","overlay-type":"","overlay-color":"","overlay-opacity":"","overlay-gradient":""}}},"product_brand":[],"product_cat":[31,331],"product_tag":[],"class_list":{"0":"post-4385","1":"product","2":"type-product","3":"status-publish","4":"has-post-thumbnail","6":"product_cat-grozine-literatura","7":"product_cat-programine-literatura","8":"pa_leidimo-metai-674","9":"pa_virselis-kietas","10":"desktop-align-left","11":"tablet-align-left","12":"mobile-align-left","14":"first","15":"instock","16":"shipping-taxable","17":"purchasable","18":"product-type-simple"},"acf":[],"yoast_head":"<!-- This site is optimized with the Yoast SEO plugin v27.0 - https:\/\/yoast.com\/product\/yoast-seo-wordpress\/ -->\n<title>B. Radzevi\u010dius \u201ePrie\u0161au\u0161rio vie\u0161keliai\u201c (I, II tomai) - Skaitytaknyga<\/title>\n<meta name=\"description\" content=\"Broniaus Radzevi\u010diaus\u00a0(1940\u20131980) romanas\u00a0\u201ePrie\u0161au\u0161rio vie\u0161keliai&quot;\u00a0vertinamas kaip vienas i\u0161 nedaugelio sovietme\u010diu sukurt\u0173 roman\u0173, kuri\u0173 vert\u0117s nepaneig\u0117 pasikeitusi santvarka. Jaunimas i\u0161 kaimo eina \u012f miest\u0105, o pasiliekantieji d\u016bsta kolchozinio la\u017eo gniau\u017etuose.  \u0160i ano laiko b\u016bsena, konkretizuota kaip Daukin\u010di\u0173 \u0161eimos istorija, \u012fkv\u0117p\u0117 tada dar palyginti jaun\u0105 prozinink\u0105 egzistencin\u0117s aklaviet\u0117s vaizdams, s\u0105\u017einingam ir intymiam kalb\u0117jimui. Romanas \u012fsitvirtino lietuvi\u0173 literat\u016bros apm\u0105stymuose kaip l\u016b\u017eio k\u016brinys, kartu turintis i\u0161liekamosios vert\u0117s d\u0117l refleksij\u0173 \u012ftampos ir pasakojimo b\u016bdo. Romano herojus turi biografini\u0173 autoriaus bruo\u017e\u0173.\" \/>\n<meta name=\"robots\" content=\"index, follow, max-snippet:-1, max-image-preview:large, max-video-preview:-1\" \/>\n<link rel=\"canonical\" href=\"https:\/\/skaitytaknyga.lt\/en\/produktas\/b-radzevicius-priesausrio-vieskeliai-i-ii-tomai\/\" \/>\n<meta property=\"og:locale\" content=\"en_GB\" \/>\n<meta property=\"og:locale:alternate\" content=\"lt_LT\" \/>\n<meta property=\"og:type\" content=\"article\" \/>\n<meta property=\"og:title\" content=\"B. Radzevi\u010dius \u201ePrie\u0161au\u0161rio vie\u0161keliai\u201c (I, II tomai) - Skaitytaknyga\" \/>\n<meta property=\"og:description\" content=\"Broniaus Radzevi\u010diaus\u00a0(1940\u20131980) romanas\u00a0\u201ePrie\u0161au\u0161rio vie\u0161keliai&quot;\u00a0vertinamas kaip vienas i\u0161 nedaugelio sovietme\u010diu sukurt\u0173 roman\u0173, kuri\u0173 vert\u0117s nepaneig\u0117 pasikeitusi santvarka. Jaunimas i\u0161 kaimo eina \u012f miest\u0105, o pasiliekantieji d\u016bsta kolchozinio la\u017eo gniau\u017etuose.  \u0160i ano laiko b\u016bsena, konkretizuota kaip Daukin\u010di\u0173 \u0161eimos istorija, \u012fkv\u0117p\u0117 tada dar palyginti jaun\u0105 prozinink\u0105 egzistencin\u0117s aklaviet\u0117s vaizdams, s\u0105\u017einingam ir intymiam kalb\u0117jimui. Romanas \u012fsitvirtino lietuvi\u0173 literat\u016bros apm\u0105stymuose kaip l\u016b\u017eio k\u016brinys, kartu turintis i\u0161liekamosios vert\u0117s d\u0117l refleksij\u0173 \u012ftampos ir pasakojimo b\u016bdo. Romano herojus turi biografini\u0173 autoriaus bruo\u017e\u0173.\" \/>\n<meta property=\"og:url\" content=\"https:\/\/skaitytaknyga.lt\/en\/produktas\/b-radzevicius-priesausrio-vieskeliai-i-ii-tomai\/\" \/>\n<meta property=\"og:site_name\" content=\"Skaitytaknyga\" \/>\n<meta property=\"article:publisher\" content=\"https:\/\/www.facebook.com\/skaitytaknyga\/\" \/>\n<meta property=\"article:modified_time\" content=\"2024-05-03T07:24:48+00:00\" \/>\n<meta property=\"og:image\" content=\"https:\/\/skaitytaknyga.lt\/wp-content\/uploads\/2024\/04\/1495095100_IMG_0003.jpg\" \/>\n\t<meta property=\"og:image:width\" content=\"288\" \/>\n\t<meta property=\"og:image:height\" content=\"430\" \/>\n\t<meta property=\"og:image:type\" content=\"image\/jpeg\" \/>\n<meta name=\"twitter:card\" content=\"summary_large_image\" \/>\n<meta name=\"twitter:label1\" content=\"Estimated reading time\" \/>\n\t<meta name=\"twitter:data1\" content=\"1 minute\" \/>\n<script type=\"application\/ld+json\" class=\"yoast-schema-graph\">{\"@context\":\"https:\/\/schema.org\",\"@graph\":[{\"@type\":\"WebPage\",\"@id\":\"https:\/\/skaitytaknyga.lt\/produktas\/b-radzevicius-priesausrio-vieskeliai-i-ii-tomai\/\",\"url\":\"https:\/\/skaitytaknyga.lt\/produktas\/b-radzevicius-priesausrio-vieskeliai-i-ii-tomai\/\",\"name\":\"B. Radzevi\u010dius \u201ePrie\u0161au\u0161rio vie\u0161keliai\u201c (I, II tomai) - Skaitytaknyga\",\"isPartOf\":{\"@id\":\"https:\/\/skaitytaknyga.lt\/#website\"},\"primaryImageOfPage\":{\"@id\":\"https:\/\/skaitytaknyga.lt\/produktas\/b-radzevicius-priesausrio-vieskeliai-i-ii-tomai\/#primaryimage\"},\"image\":{\"@id\":\"https:\/\/skaitytaknyga.lt\/produktas\/b-radzevicius-priesausrio-vieskeliai-i-ii-tomai\/#primaryimage\"},\"thumbnailUrl\":\"https:\/\/skaitytaknyga.lt\/wp-content\/uploads\/2024\/04\/1495095100_IMG_0003.jpg\",\"datePublished\":\"2024-04-17T13:48:14+00:00\",\"dateModified\":\"2024-05-03T07:24:48+00:00\",\"description\":\"Broniaus Radzevi\u010diaus\u00a0(1940\u20131980) romanas\u00a0\u201ePrie\u0161au\u0161rio vie\u0161keliai\\\"\u00a0vertinamas kaip vienas i\u0161 nedaugelio sovietme\u010diu sukurt\u0173 roman\u0173, kuri\u0173 vert\u0117s nepaneig\u0117 pasikeitusi santvarka. Jaunimas i\u0161 kaimo eina \u012f miest\u0105, o pasiliekantieji d\u016bsta kolchozinio la\u017eo gniau\u017etuose. \u0160i ano laiko b\u016bsena, konkretizuota kaip Daukin\u010di\u0173 \u0161eimos istorija, \u012fkv\u0117p\u0117 tada dar palyginti jaun\u0105 prozinink\u0105 egzistencin\u0117s aklaviet\u0117s vaizdams, s\u0105\u017einingam ir intymiam kalb\u0117jimui. Romanas \u012fsitvirtino lietuvi\u0173 literat\u016bros apm\u0105stymuose kaip l\u016b\u017eio k\u016brinys, kartu turintis i\u0161liekamosios vert\u0117s d\u0117l refleksij\u0173 \u012ftampos ir pasakojimo b\u016bdo. Romano herojus turi biografini\u0173 autoriaus bruo\u017e\u0173.\",\"breadcrumb\":{\"@id\":\"https:\/\/skaitytaknyga.lt\/produktas\/b-radzevicius-priesausrio-vieskeliai-i-ii-tomai\/#breadcrumb\"},\"inLanguage\":\"en-GB\",\"potentialAction\":[{\"@type\":\"ReadAction\",\"target\":[\"https:\/\/skaitytaknyga.lt\/produktas\/b-radzevicius-priesausrio-vieskeliai-i-ii-tomai\/\"]}]},{\"@type\":\"ImageObject\",\"inLanguage\":\"en-GB\",\"@id\":\"https:\/\/skaitytaknyga.lt\/produktas\/b-radzevicius-priesausrio-vieskeliai-i-ii-tomai\/#primaryimage\",\"url\":\"https:\/\/skaitytaknyga.lt\/wp-content\/uploads\/2024\/04\/1495095100_IMG_0003.jpg\",\"contentUrl\":\"https:\/\/skaitytaknyga.lt\/wp-content\/uploads\/2024\/04\/1495095100_IMG_0003.jpg\",\"width\":288,\"height\":430},{\"@type\":\"BreadcrumbList\",\"@id\":\"https:\/\/skaitytaknyga.lt\/produktas\/b-radzevicius-priesausrio-vieskeliai-i-ii-tomai\/#breadcrumb\",\"itemListElement\":[{\"@type\":\"ListItem\",\"position\":1,\"name\":\"Home\",\"item\":\"https:\/\/skaitytaknyga.lt\/\"},{\"@type\":\"ListItem\",\"position\":2,\"name\":\"Parduotuv\u0117\",\"item\":\"https:\/\/skaitytaknyga.lt\/knygu-parduotuve\/\"},{\"@type\":\"ListItem\",\"position\":3,\"name\":\"B. Radzevi\u010dius \u201ePrie\u0161au\u0161rio vie\u0161keliai\u201c (I, II tomai)\"}]},{\"@type\":\"WebSite\",\"@id\":\"https:\/\/skaitytaknyga.lt\/#website\",\"url\":\"https:\/\/skaitytaknyga.lt\/\",\"name\":\"skaitytaknyga.lt\",\"description\":\"Skaitytaknyga.lt \u2013 tai ma\u017eas \u0161eimos verslas, kuris prasid\u0117jo nuo meil\u0117s knygoms ir siekio i\u0161gelb\u0117ti knygas nuo likimo prie konteinerio. Kas vienam nereikalingas daiktas \u2013 kitam lobis, o mes esame tarpininkai, kurie padeda abiems tapti laimingesniems ???? \u017dinome kaip nelengva i\u0161gyventi ma\u017eiems verslams, tad nuo \u0161iol, \u010dia rasite ir kit\u0173, ma\u017e\u0173 \u0161eim\u0173 versl\u0173, rank\u0173 darbo, dovan\u0173 sau ir artimiesiems.\",\"publisher\":{\"@id\":\"https:\/\/skaitytaknyga.lt\/#organization\"},\"potentialAction\":[{\"@type\":\"SearchAction\",\"target\":{\"@type\":\"EntryPoint\",\"urlTemplate\":\"https:\/\/skaitytaknyga.lt\/?s={search_term_string}\"},\"query-input\":{\"@type\":\"PropertyValueSpecification\",\"valueRequired\":true,\"valueName\":\"search_term_string\"}}],\"inLanguage\":\"en-GB\"},{\"@type\":\"Organization\",\"@id\":\"https:\/\/skaitytaknyga.lt\/#organization\",\"name\":\"skaitytaknyga.lt\",\"url\":\"https:\/\/skaitytaknyga.lt\/\",\"logo\":{\"@type\":\"ImageObject\",\"inLanguage\":\"en-GB\",\"@id\":\"https:\/\/skaitytaknyga.lt\/#\/schema\/logo\/image\/\",\"url\":\"https:\/\/skaitytaknyga.lt\/wp-content\/uploads\/2024\/05\/cropped-cropped-cropped-02_00843_jt3bggkj1j3HLc7SyY6rEUpg.jpeg\",\"contentUrl\":\"https:\/\/skaitytaknyga.lt\/wp-content\/uploads\/2024\/05\/cropped-cropped-cropped-02_00843_jt3bggkj1j3HLc7SyY6rEUpg.jpeg\",\"width\":1600,\"height\":1600,\"caption\":\"skaitytaknyga.lt\"},\"image\":{\"@id\":\"https:\/\/skaitytaknyga.lt\/#\/schema\/logo\/image\/\"},\"sameAs\":[\"https:\/\/www.facebook.com\/skaitytaknyga\/\"]}]}<\/script>\n<!-- \/ Yoast SEO plugin. -->","yoast_head_json":{"title":"B. Radzevi\u010dius \u201ePrie\u0161au\u0161rio vie\u0161keliai\u201c (I, II tomai) - Skaitytaknyga","description":"Broniaus Radzevi\u010diaus\u00a0(1940\u20131980) romanas\u00a0\u201ePrie\u0161au\u0161rio vie\u0161keliai\"\u00a0vertinamas kaip vienas i\u0161 nedaugelio sovietme\u010diu sukurt\u0173 roman\u0173, kuri\u0173 vert\u0117s nepaneig\u0117 pasikeitusi santvarka. Jaunimas i\u0161 kaimo eina \u012f miest\u0105, o pasiliekantieji d\u016bsta kolchozinio la\u017eo gniau\u017etuose.  \u0160i ano laiko b\u016bsena, konkretizuota kaip Daukin\u010di\u0173 \u0161eimos istorija, \u012fkv\u0117p\u0117 tada dar palyginti jaun\u0105 prozinink\u0105 egzistencin\u0117s aklaviet\u0117s vaizdams, s\u0105\u017einingam ir intymiam kalb\u0117jimui. Romanas \u012fsitvirtino lietuvi\u0173 literat\u016bros apm\u0105stymuose kaip l\u016b\u017eio k\u016brinys, kartu turintis i\u0161liekamosios vert\u0117s d\u0117l refleksij\u0173 \u012ftampos ir pasakojimo b\u016bdo. Romano herojus turi biografini\u0173 autoriaus bruo\u017e\u0173.","robots":{"index":"index","follow":"follow","max-snippet":"max-snippet:-1","max-image-preview":"max-image-preview:large","max-video-preview":"max-video-preview:-1"},"canonical":"https:\/\/skaitytaknyga.lt\/en\/produktas\/b-radzevicius-priesausrio-vieskeliai-i-ii-tomai\/","og_locale":"en_GB","og_type":"article","og_title":"B. Radzevi\u010dius \u201ePrie\u0161au\u0161rio vie\u0161keliai\u201c (I, II tomai) - Skaitytaknyga","og_description":"Broniaus Radzevi\u010diaus\u00a0(1940\u20131980) romanas\u00a0\u201ePrie\u0161au\u0161rio vie\u0161keliai\"\u00a0vertinamas kaip vienas i\u0161 nedaugelio sovietme\u010diu sukurt\u0173 roman\u0173, kuri\u0173 vert\u0117s nepaneig\u0117 pasikeitusi santvarka. Jaunimas i\u0161 kaimo eina \u012f miest\u0105, o pasiliekantieji d\u016bsta kolchozinio la\u017eo gniau\u017etuose.  \u0160i ano laiko b\u016bsena, konkretizuota kaip Daukin\u010di\u0173 \u0161eimos istorija, \u012fkv\u0117p\u0117 tada dar palyginti jaun\u0105 prozinink\u0105 egzistencin\u0117s aklaviet\u0117s vaizdams, s\u0105\u017einingam ir intymiam kalb\u0117jimui. Romanas \u012fsitvirtino lietuvi\u0173 literat\u016bros apm\u0105stymuose kaip l\u016b\u017eio k\u016brinys, kartu turintis i\u0161liekamosios vert\u0117s d\u0117l refleksij\u0173 \u012ftampos ir pasakojimo b\u016bdo. Romano herojus turi biografini\u0173 autoriaus bruo\u017e\u0173.","og_url":"https:\/\/skaitytaknyga.lt\/en\/produktas\/b-radzevicius-priesausrio-vieskeliai-i-ii-tomai\/","og_site_name":"Skaitytaknyga","article_publisher":"https:\/\/www.facebook.com\/skaitytaknyga\/","article_modified_time":"2024-05-03T07:24:48+00:00","og_image":[{"width":288,"height":430,"url":"https:\/\/skaitytaknyga.lt\/wp-content\/uploads\/2024\/04\/1495095100_IMG_0003.jpg","type":"image\/jpeg"}],"twitter_card":"summary_large_image","twitter_misc":{"Estimated reading time":"1 minute"},"schema":{"@context":"https:\/\/schema.org","@graph":[{"@type":"WebPage","@id":"https:\/\/skaitytaknyga.lt\/produktas\/b-radzevicius-priesausrio-vieskeliai-i-ii-tomai\/","url":"https:\/\/skaitytaknyga.lt\/produktas\/b-radzevicius-priesausrio-vieskeliai-i-ii-tomai\/","name":"B. Radzevi\u010dius \u201ePrie\u0161au\u0161rio vie\u0161keliai\u201c (I, II tomai) - Skaitytaknyga","isPartOf":{"@id":"https:\/\/skaitytaknyga.lt\/#website"},"primaryImageOfPage":{"@id":"https:\/\/skaitytaknyga.lt\/produktas\/b-radzevicius-priesausrio-vieskeliai-i-ii-tomai\/#primaryimage"},"image":{"@id":"https:\/\/skaitytaknyga.lt\/produktas\/b-radzevicius-priesausrio-vieskeliai-i-ii-tomai\/#primaryimage"},"thumbnailUrl":"https:\/\/skaitytaknyga.lt\/wp-content\/uploads\/2024\/04\/1495095100_IMG_0003.jpg","datePublished":"2024-04-17T13:48:14+00:00","dateModified":"2024-05-03T07:24:48+00:00","description":"Broniaus Radzevi\u010diaus\u00a0(1940\u20131980) romanas\u00a0\u201ePrie\u0161au\u0161rio vie\u0161keliai\"\u00a0vertinamas kaip vienas i\u0161 nedaugelio sovietme\u010diu sukurt\u0173 roman\u0173, kuri\u0173 vert\u0117s nepaneig\u0117 pasikeitusi santvarka. Jaunimas i\u0161 kaimo eina \u012f miest\u0105, o pasiliekantieji d\u016bsta kolchozinio la\u017eo gniau\u017etuose. \u0160i ano laiko b\u016bsena, konkretizuota kaip Daukin\u010di\u0173 \u0161eimos istorija, \u012fkv\u0117p\u0117 tada dar palyginti jaun\u0105 prozinink\u0105 egzistencin\u0117s aklaviet\u0117s vaizdams, s\u0105\u017einingam ir intymiam kalb\u0117jimui. Romanas \u012fsitvirtino lietuvi\u0173 literat\u016bros apm\u0105stymuose kaip l\u016b\u017eio k\u016brinys, kartu turintis i\u0161liekamosios vert\u0117s d\u0117l refleksij\u0173 \u012ftampos ir pasakojimo b\u016bdo. Romano herojus turi biografini\u0173 autoriaus bruo\u017e\u0173.","breadcrumb":{"@id":"https:\/\/skaitytaknyga.lt\/produktas\/b-radzevicius-priesausrio-vieskeliai-i-ii-tomai\/#breadcrumb"},"inLanguage":"en-GB","potentialAction":[{"@type":"ReadAction","target":["https:\/\/skaitytaknyga.lt\/produktas\/b-radzevicius-priesausrio-vieskeliai-i-ii-tomai\/"]}]},{"@type":"ImageObject","inLanguage":"en-GB","@id":"https:\/\/skaitytaknyga.lt\/produktas\/b-radzevicius-priesausrio-vieskeliai-i-ii-tomai\/#primaryimage","url":"https:\/\/skaitytaknyga.lt\/wp-content\/uploads\/2024\/04\/1495095100_IMG_0003.jpg","contentUrl":"https:\/\/skaitytaknyga.lt\/wp-content\/uploads\/2024\/04\/1495095100_IMG_0003.jpg","width":288,"height":430},{"@type":"BreadcrumbList","@id":"https:\/\/skaitytaknyga.lt\/produktas\/b-radzevicius-priesausrio-vieskeliai-i-ii-tomai\/#breadcrumb","itemListElement":[{"@type":"ListItem","position":1,"name":"Home","item":"https:\/\/skaitytaknyga.lt\/"},{"@type":"ListItem","position":2,"name":"Parduotuv\u0117","item":"https:\/\/skaitytaknyga.lt\/knygu-parduotuve\/"},{"@type":"ListItem","position":3,"name":"B. Radzevi\u010dius \u201ePrie\u0161au\u0161rio vie\u0161keliai\u201c (I, II tomai)"}]},{"@type":"WebSite","@id":"https:\/\/skaitytaknyga.lt\/#website","url":"https:\/\/skaitytaknyga.lt\/","name":"skaitytaknyga.lt","description":"Skaitytaknyga.lt \u2013 tai ma\u017eas \u0161eimos verslas, kuris prasid\u0117jo nuo meil\u0117s knygoms ir siekio i\u0161gelb\u0117ti knygas nuo likimo prie konteinerio. Kas vienam nereikalingas daiktas \u2013 kitam lobis, o mes esame tarpininkai, kurie padeda abiems tapti laimingesniems ???? \u017dinome kaip nelengva i\u0161gyventi ma\u017eiems verslams, tad nuo \u0161iol, \u010dia rasite ir kit\u0173, ma\u017e\u0173 \u0161eim\u0173 versl\u0173, rank\u0173 darbo, dovan\u0173 sau ir artimiesiems.","publisher":{"@id":"https:\/\/skaitytaknyga.lt\/#organization"},"potentialAction":[{"@type":"SearchAction","target":{"@type":"EntryPoint","urlTemplate":"https:\/\/skaitytaknyga.lt\/?s={search_term_string}"},"query-input":{"@type":"PropertyValueSpecification","valueRequired":true,"valueName":"search_term_string"}}],"inLanguage":"en-GB"},{"@type":"Organization","@id":"https:\/\/skaitytaknyga.lt\/#organization","name":"skaitytaknyga.lt","url":"https:\/\/skaitytaknyga.lt\/","logo":{"@type":"ImageObject","inLanguage":"en-GB","@id":"https:\/\/skaitytaknyga.lt\/#\/schema\/logo\/image\/","url":"https:\/\/skaitytaknyga.lt\/wp-content\/uploads\/2024\/05\/cropped-cropped-cropped-02_00843_jt3bggkj1j3HLc7SyY6rEUpg.jpeg","contentUrl":"https:\/\/skaitytaknyga.lt\/wp-content\/uploads\/2024\/05\/cropped-cropped-cropped-02_00843_jt3bggkj1j3HLc7SyY6rEUpg.jpeg","width":1600,"height":1600,"caption":"skaitytaknyga.lt"},"image":{"@id":"https:\/\/skaitytaknyga.lt\/#\/schema\/logo\/image\/"},"sameAs":["https:\/\/www.facebook.com\/skaitytaknyga\/"]}]}},"_links":{"self":[{"href":"https:\/\/skaitytaknyga.lt\/en\/wp-json\/wp\/v2\/product\/4385","targetHints":{"allow":["GET"]}}],"collection":[{"href":"https:\/\/skaitytaknyga.lt\/en\/wp-json\/wp\/v2\/product"}],"about":[{"href":"https:\/\/skaitytaknyga.lt\/en\/wp-json\/wp\/v2\/types\/product"}],"replies":[{"embeddable":true,"href":"https:\/\/skaitytaknyga.lt\/en\/wp-json\/wp\/v2\/comments?post=4385"}],"wp:featuredmedia":[{"embeddable":true,"href":"https:\/\/skaitytaknyga.lt\/en\/wp-json\/wp\/v2\/media\/4427"}],"wp:attachment":[{"href":"https:\/\/skaitytaknyga.lt\/en\/wp-json\/wp\/v2\/media?parent=4385"}],"wp:term":[{"taxonomy":"product_brand","embeddable":true,"href":"https:\/\/skaitytaknyga.lt\/en\/wp-json\/wp\/v2\/product_brand?post=4385"},{"taxonomy":"product_cat","embeddable":true,"href":"https:\/\/skaitytaknyga.lt\/en\/wp-json\/wp\/v2\/product_cat?post=4385"},{"taxonomy":"product_tag","embeddable":true,"href":"https:\/\/skaitytaknyga.lt\/en\/wp-json\/wp\/v2\/product_tag?post=4385"}],"curies":[{"name":"wp","href":"https:\/\/api.w.org\/{rel}","templated":true}]}}