{"id":4368,"date":"2024-04-17T13:47:48","date_gmt":"2024-04-17T13:47:48","guid":{"rendered":"https:\/\/skaitytaknyga.lt\/?post_type=product&#038;p=4368"},"modified":"2026-01-12T00:48:08","modified_gmt":"2026-01-11T22:48:08","slug":"b-sruoga-dievu-miskas-virselio-defektas","status":"publish","type":"product","link":"https:\/\/skaitytaknyga.lt\/en\/produktas\/b-sruoga-dievu-miskas-virselio-defektas\/","title":{"rendered":"Diev\u0173 mi\u0161kas"},"content":{"rendered":"<p>Lietuvi\u0173 ra\u0161ytojo ir teatrologo Balio Sruogos knyga<strong>\u00a0\u201eDiev\u0173 mi\u0161kas\u201c\u00a0<\/strong>\u2013 atsiminimai i\u0161 gyvenimo koncentracijos stovykloje \u2013 tapo ne tik literat\u016bros klasika, kuri\u0105 skaito moksleiviai, bet ir i\u0161skirtiniu ironijos ir net juodojo humoro pavyzd\u017eiu lietuvi\u0173 literat\u016bros istorijoje<\/p>\n<p>1945 metais Balio Sruogos para\u0161yta knyga apie metus, praleistus naci\u0173 \u0160tuthofo koncentracijos stovykloje &#8211;\u00a0 apie stovyklos sargybini\u0173 elges\u012f su kaliniais, persekiojusius sunkumus, bad\u0105, \u0161alt\u012f, ligas, permainingas kalini\u0173 nuotaikas. Ironijos, \u0161aipymosi i\u0161 lageri\u0173 tvarkos ir juodojo humoro kupinas \u201eDiev\u0173 mi\u0161kas\u201c laikomas vienu originaliausi\u0173 memuar\u0173 \u017eanro k\u016brini\u0173 Europoje, pasakojan\u010di\u0173 apie gyvenim\u0105 koncentracijos stovyklose.<\/p>\n<p>Knyga buvo i\u0161versta \u012f daugel\u012f Vidurio ir Ryt\u0173 Europos kalb\u0173, o nepriklausomyb\u0117s laikais i\u0161leista angl\u0173, vokie\u010di\u0173, ispan\u0173 kalbomis.<\/p>\n<p>2005 m. pasirod\u0117 pagal knyg\u0105 sukurtas filmas re\u017eisieriaus Algimanto Puipos filmas \u201eDiev\u0173 mi\u0161kas\u201c.<\/p>\n<p>\u012e \u0160tuthof\u0105 Balys Sruoga buvo i\u0161ve\u017etas 1943 met\u0173 kov\u0105, o vos gr\u012f\u017e\u0119s, 1945 metais, per kelet\u0105 m\u0117nesi\u0173 para\u0161\u0117 memuarus. Tiesa, sovietin\u0117s okupacijos metu knygos neleista i\u0161spausdinti, tod\u0117l ji pasirod\u0117 tik po ra\u0161ytojo mirties, 1957 metais.<em><br \/>\n<\/em><\/p>\n","protected":false},"excerpt":{"rendered":"<p>Lietuvi\u0173 ra\u0161ytojo ir teatrologo Balio Sruogos knyga<strong>\u00a0\u201eDiev\u0173 mi\u0161kas\u201c\u00a0<\/strong>\u2013 atsiminimai i\u0161 gyvenimo koncentracijos stovykloje \u2013 tapo ne tik literat\u016bros klasika, kuri\u0105 skaito moksleiviai, bet ir i\u0161skirtiniu ironijos ir net juodojo humoro pavyzd\u017eiu lietuvi\u0173 literat\u016bros istorijoje<\/p>\n<p>1945 metais Balio Sruogos para\u0161yta knyga apie metus, praleistus naci\u0173 \u0160tuthofo koncentracijos stovykloje &#8211;\u00a0 apie stovyklos sargybini\u0173 elges\u012f su kaliniais, persekiojusius sunkumus, bad\u0105, \u0161alt\u012f, ligas, permainingas kalini\u0173 nuotaikas. Ironijos, \u0161aipymosi i\u0161 lageri\u0173 tvarkos ir juodojo humoro kupinas \u201eDiev\u0173 mi\u0161kas\u201c laikomas vienu originaliausi\u0173 memuar\u0173 \u017eanro k\u016brini\u0173 Europoje, pasakojan\u010di\u0173 apie gyvenim\u0105 koncentracijos stovyklose.<\/p>\n<p>Knyga buvo i\u0161versta \u012f daugel\u012f Vidurio ir Ryt\u0173 Europos kalb\u0173, o nepriklausomyb\u0117s laikais i\u0161leista angl\u0173, vokie\u010di\u0173, ispan\u0173 kalbomis.<\/p>\n<p>2005 m. pasirod\u0117 pagal knyg\u0105 sukurtas filmas re\u017eisieriaus Algimanto Puipos filmas \u201eDiev\u0173 mi\u0161kas\u201c.<\/p>\n<p>\u012e \u0160tuthof\u0105 Balys Sruoga buvo i\u0161ve\u017etas 1943 met\u0173 kov\u0105, o vos gr\u012f\u017e\u0119s, 1945 metais, per kelet\u0105 m\u0117nesi\u0173 para\u0161\u0117 memuarus. Tiesa, sovietin\u0117s okupacijos metu knygos neleista i\u0161spausdinti, tod\u0117l ji pasirod\u0117 tik po ra\u0161ytojo mirties, 1957 metais.<em><br \/>\n<\/em><\/p>\n","protected":false},"featured_media":4424,"comment_status":"closed","ping_status":"closed","template":"","meta":{"_acf_changed":false,"site-sidebar-layout":"default","site-content-layout":"","ast-site-content-layout":"default","site-content-style":"default","site-sidebar-style":"default","ast-global-header-display":"","ast-banner-title-visibility":"","ast-main-header-display":"","ast-hfb-above-header-display":"","ast-hfb-below-header-display":"","ast-hfb-mobile-header-display":"","site-post-title":"","ast-breadcrumbs-content":"","ast-featured-img":"","footer-sml-layout":"","ast-disable-related-posts":"","theme-transparent-header-meta":"","adv-header-id-meta":"","stick-header-meta":"","header-above-stick-meta":"","header-main-stick-meta":"","header-below-stick-meta":"","astra-migrate-meta-layouts":"default","ast-page-background-enabled":"default","ast-page-background-meta":{"desktop":{"background-color":"","background-image":"","background-repeat":"repeat","background-position":"center center","background-size":"auto","background-attachment":"scroll","background-type":"","background-media":"","overlay-type":"","overlay-color":"","overlay-opacity":"","overlay-gradient":""},"tablet":{"background-color":"","background-image":"","background-repeat":"repeat","background-position":"center center","background-size":"auto","background-attachment":"scroll","background-type":"","background-media":"","overlay-type":"","overlay-color":"","overlay-opacity":"","overlay-gradient":""},"mobile":{"background-color":"","background-image":"","background-repeat":"repeat","background-position":"center center","background-size":"auto","background-attachment":"scroll","background-type":"","background-media":"","overlay-type":"","overlay-color":"","overlay-opacity":"","overlay-gradient":""}},"ast-content-background-meta":{"desktop":{"background-color":"var(--ast-global-color-4)","background-image":"","background-repeat":"repeat","background-position":"center center","background-size":"auto","background-attachment":"scroll","background-type":"","background-media":"","overlay-type":"","overlay-color":"","overlay-opacity":"","overlay-gradient":""},"tablet":{"background-color":"var(--ast-global-color-4)","background-image":"","background-repeat":"repeat","background-position":"center center","background-size":"auto","background-attachment":"scroll","background-type":"","background-media":"","overlay-type":"","overlay-color":"","overlay-opacity":"","overlay-gradient":""},"mobile":{"background-color":"var(--ast-global-color-4)","background-image":"","background-repeat":"repeat","background-position":"center center","background-size":"auto","background-attachment":"scroll","background-type":"","background-media":"","overlay-type":"","overlay-color":"","overlay-opacity":"","overlay-gradient":""}}},"product_brand":[],"product_cat":[31,331],"product_tag":[1342],"class_list":{"0":"post-4368","1":"product","2":"type-product","3":"status-publish","4":"has-post-thumbnail","6":"product_cat-grozine-literatura","7":"product_cat-programine-literatura","8":"product_tag-balys-sruoga","9":"pa_leidimo-metai-452","10":"pa_virselis-kietas","11":"desktop-align-left","12":"tablet-align-left","13":"mobile-align-left","15":"first","16":"outofstock","17":"shipping-taxable","18":"purchasable","19":"product-type-simple"},"acf":[],"yoast_head":"<!-- This site is optimized with the Yoast SEO plugin v27.0 - https:\/\/yoast.com\/product\/yoast-seo-wordpress\/ -->\n<title>Diev\u0173 mi\u0161kas<\/title>\n<meta name=\"description\" content=\"Lietuvi\u0173 ra\u0161ytojo ir teatrologo Balio Sruogos knyga\u00a0\u201eDiev\u0173 mi\u0161kas\u201c\u00a0\u2013 atsiminimai i\u0161 gyvenimo koncentracijos stovykloje \u2013 tapo ne tik literat\u016bros klasika, kuri\u0105 skaito moksleiviai, bet ir i\u0161skirtiniu ironijos ir net juodojo humoro pavyzd\u017eiu lietuvi\u0173 literat\u016bros istorijoje  1945 metais Balio Sruogos para\u0161yta knyga apie metus, praleistus naci\u0173 \u0160tuthofo koncentracijos stovykloje -\u00a0 apie stovyklos sargybini\u0173 elges\u012f su kaliniais, persekiojusius sunkumus, bad\u0105, \u0161alt\u012f, ligas, permainingas kalini\u0173 nuotaikas. Ironijos, \u0161aipymosi i\u0161 lageri\u0173 tvarkos ir juodojo humoro kupinas \u201eDiev\u0173 mi\u0161kas\u201c laikomas vienu originaliausi\u0173 memuar\u0173 \u017eanro k\u016brini\u0173 Europoje, pasakojan\u010di\u0173 apie gyvenim\u0105 koncentracijos stovyklose.  Knyga buvo i\u0161versta \u012f daugel\u012f Vidurio ir Ryt\u0173 Europos kalb\u0173, o nepriklausomyb\u0117s laikais i\u0161leista angl\u0173, vokie\u010di\u0173, ispan\u0173 kalbomis.  2005 m. pasirod\u0117 pagal knyg\u0105 sukurtas filmas re\u017eisieriaus Algimanto Puipos filmas \u201eDiev\u0173 mi\u0161kas\u201c.   \u012e \u0160tuthof\u0105 Balys Sruoga buvo i\u0161ve\u017etas 1943 met\u0173 kov\u0105, o vos gr\u012f\u017e\u0119s, 1945 metais, per kelet\u0105 m\u0117nesi\u0173 para\u0161\u0117 memuarus. Tiesa, sovietin\u0117s okupacijos metu knygos neleista i\u0161spausdinti, tod\u0117l ji pasirod\u0117 tik po ra\u0161ytojo mirties, 1957 metais.\" \/>\n<meta name=\"robots\" content=\"index, follow, max-snippet:-1, max-image-preview:large, max-video-preview:-1\" \/>\n<link rel=\"canonical\" href=\"https:\/\/skaitytaknyga.lt\/en\/produktas\/b-sruoga-dievu-miskas-virselio-defektas\/\" \/>\n<meta property=\"og:locale\" content=\"en_GB\" \/>\n<meta property=\"og:locale:alternate\" content=\"lt_LT\" \/>\n<meta property=\"og:type\" content=\"article\" \/>\n<meta property=\"og:title\" content=\"Diev\u0173 mi\u0161kas\" \/>\n<meta property=\"og:description\" content=\"Lietuvi\u0173 ra\u0161ytojo ir teatrologo Balio Sruogos knyga\u00a0\u201eDiev\u0173 mi\u0161kas\u201c\u00a0\u2013 atsiminimai i\u0161 gyvenimo koncentracijos stovykloje \u2013 tapo ne tik literat\u016bros klasika, kuri\u0105 skaito moksleiviai, bet ir i\u0161skirtiniu ironijos ir net juodojo humoro pavyzd\u017eiu lietuvi\u0173 literat\u016bros istorijoje  1945 metais Balio Sruogos para\u0161yta knyga apie metus, praleistus naci\u0173 \u0160tuthofo koncentracijos stovykloje -\u00a0 apie stovyklos sargybini\u0173 elges\u012f su kaliniais, persekiojusius sunkumus, bad\u0105, \u0161alt\u012f, ligas, permainingas kalini\u0173 nuotaikas. Ironijos, \u0161aipymosi i\u0161 lageri\u0173 tvarkos ir juodojo humoro kupinas \u201eDiev\u0173 mi\u0161kas\u201c laikomas vienu originaliausi\u0173 memuar\u0173 \u017eanro k\u016brini\u0173 Europoje, pasakojan\u010di\u0173 apie gyvenim\u0105 koncentracijos stovyklose.  Knyga buvo i\u0161versta \u012f daugel\u012f Vidurio ir Ryt\u0173 Europos kalb\u0173, o nepriklausomyb\u0117s laikais i\u0161leista angl\u0173, vokie\u010di\u0173, ispan\u0173 kalbomis.  2005 m. pasirod\u0117 pagal knyg\u0105 sukurtas filmas re\u017eisieriaus Algimanto Puipos filmas \u201eDiev\u0173 mi\u0161kas\u201c.   \u012e \u0160tuthof\u0105 Balys Sruoga buvo i\u0161ve\u017etas 1943 met\u0173 kov\u0105, o vos gr\u012f\u017e\u0119s, 1945 metais, per kelet\u0105 m\u0117nesi\u0173 para\u0161\u0117 memuarus. Tiesa, sovietin\u0117s okupacijos metu knygos neleista i\u0161spausdinti, tod\u0117l ji pasirod\u0117 tik po ra\u0161ytojo mirties, 1957 metais.\" \/>\n<meta property=\"og:url\" content=\"https:\/\/skaitytaknyga.lt\/en\/produktas\/b-sruoga-dievu-miskas-virselio-defektas\/\" \/>\n<meta property=\"og:site_name\" content=\"Skaitytaknyga\" \/>\n<meta property=\"article:publisher\" content=\"https:\/\/www.facebook.com\/skaitytaknyga\/\" \/>\n<meta property=\"article:modified_time\" content=\"2026-01-11T22:48:08+00:00\" \/>\n<meta property=\"og:image\" content=\"https:\/\/skaitytaknyga.lt\/wp-content\/uploads\/2024\/04\/1462878510_img0022.jpg\" \/>\n\t<meta property=\"og:image:width\" content=\"463\" \/>\n\t<meta property=\"og:image:height\" content=\"800\" \/>\n\t<meta property=\"og:image:type\" content=\"image\/jpeg\" \/>\n<meta name=\"twitter:card\" content=\"summary_large_image\" \/>\n<meta name=\"twitter:label1\" content=\"Estimated reading time\" \/>\n\t<meta name=\"twitter:data1\" content=\"1 minute\" \/>\n<script type=\"application\/ld+json\" class=\"yoast-schema-graph\">{\"@context\":\"https:\/\/schema.org\",\"@graph\":[{\"@type\":\"WebPage\",\"@id\":\"https:\/\/skaitytaknyga.lt\/produktas\/b-sruoga-dievu-miskas-virselio-defektas\/\",\"url\":\"https:\/\/skaitytaknyga.lt\/produktas\/b-sruoga-dievu-miskas-virselio-defektas\/\",\"name\":\"Diev\u0173 mi\u0161kas\",\"isPartOf\":{\"@id\":\"https:\/\/skaitytaknyga.lt\/#website\"},\"primaryImageOfPage\":{\"@id\":\"https:\/\/skaitytaknyga.lt\/produktas\/b-sruoga-dievu-miskas-virselio-defektas\/#primaryimage\"},\"image\":{\"@id\":\"https:\/\/skaitytaknyga.lt\/produktas\/b-sruoga-dievu-miskas-virselio-defektas\/#primaryimage\"},\"thumbnailUrl\":\"https:\/\/skaitytaknyga.lt\/wp-content\/uploads\/2024\/04\/1462878510_img0022.jpg\",\"datePublished\":\"2024-04-17T13:47:48+00:00\",\"dateModified\":\"2026-01-11T22:48:08+00:00\",\"description\":\"Lietuvi\u0173 ra\u0161ytojo ir teatrologo Balio Sruogos knyga\u00a0\u201eDiev\u0173 mi\u0161kas\u201c\u00a0\u2013 atsiminimai i\u0161 gyvenimo koncentracijos stovykloje \u2013 tapo ne tik literat\u016bros klasika, kuri\u0105 skaito moksleiviai, bet ir i\u0161skirtiniu ironijos ir net juodojo humoro pavyzd\u017eiu lietuvi\u0173 literat\u016bros istorijoje 1945 metais Balio Sruogos para\u0161yta knyga apie metus, praleistus naci\u0173 \u0160tuthofo koncentracijos stovykloje -\u00a0 apie stovyklos sargybini\u0173 elges\u012f su kaliniais, persekiojusius sunkumus, bad\u0105, \u0161alt\u012f, ligas, permainingas kalini\u0173 nuotaikas. Ironijos, \u0161aipymosi i\u0161 lageri\u0173 tvarkos ir juodojo humoro kupinas \u201eDiev\u0173 mi\u0161kas\u201c laikomas vienu originaliausi\u0173 memuar\u0173 \u017eanro k\u016brini\u0173 Europoje, pasakojan\u010di\u0173 apie gyvenim\u0105 koncentracijos stovyklose. Knyga buvo i\u0161versta \u012f daugel\u012f Vidurio ir Ryt\u0173 Europos kalb\u0173, o nepriklausomyb\u0117s laikais i\u0161leista angl\u0173, vokie\u010di\u0173, ispan\u0173 kalbomis. 2005 m. pasirod\u0117 pagal knyg\u0105 sukurtas filmas re\u017eisieriaus Algimanto Puipos filmas \u201eDiev\u0173 mi\u0161kas\u201c. \u012e \u0160tuthof\u0105 Balys Sruoga buvo i\u0161ve\u017etas 1943 met\u0173 kov\u0105, o vos gr\u012f\u017e\u0119s, 1945 metais, per kelet\u0105 m\u0117nesi\u0173 para\u0161\u0117 memuarus. Tiesa, sovietin\u0117s okupacijos metu knygos neleista i\u0161spausdinti, tod\u0117l ji pasirod\u0117 tik po ra\u0161ytojo mirties, 1957 metais.\",\"breadcrumb\":{\"@id\":\"https:\/\/skaitytaknyga.lt\/produktas\/b-sruoga-dievu-miskas-virselio-defektas\/#breadcrumb\"},\"inLanguage\":\"en-GB\",\"potentialAction\":[{\"@type\":\"ReadAction\",\"target\":[\"https:\/\/skaitytaknyga.lt\/produktas\/b-sruoga-dievu-miskas-virselio-defektas\/\"]}]},{\"@type\":\"ImageObject\",\"inLanguage\":\"en-GB\",\"@id\":\"https:\/\/skaitytaknyga.lt\/produktas\/b-sruoga-dievu-miskas-virselio-defektas\/#primaryimage\",\"url\":\"https:\/\/skaitytaknyga.lt\/wp-content\/uploads\/2024\/04\/1462878510_img0022.jpg\",\"contentUrl\":\"https:\/\/skaitytaknyga.lt\/wp-content\/uploads\/2024\/04\/1462878510_img0022.jpg\",\"width\":463,\"height\":800},{\"@type\":\"BreadcrumbList\",\"@id\":\"https:\/\/skaitytaknyga.lt\/produktas\/b-sruoga-dievu-miskas-virselio-defektas\/#breadcrumb\",\"itemListElement\":[{\"@type\":\"ListItem\",\"position\":1,\"name\":\"Home\",\"item\":\"https:\/\/skaitytaknyga.lt\/\"},{\"@type\":\"ListItem\",\"position\":2,\"name\":\"Parduotuv\u0117\",\"item\":\"https:\/\/skaitytaknyga.lt\/knygu-parduotuve\/\"},{\"@type\":\"ListItem\",\"position\":3,\"name\":\"Diev\u0173 mi\u0161kas\"}]},{\"@type\":\"WebSite\",\"@id\":\"https:\/\/skaitytaknyga.lt\/#website\",\"url\":\"https:\/\/skaitytaknyga.lt\/\",\"name\":\"skaitytaknyga.lt\",\"description\":\"Skaitytaknyga.lt \u2013 tai ma\u017eas \u0161eimos verslas, kuris prasid\u0117jo nuo meil\u0117s knygoms ir siekio i\u0161gelb\u0117ti knygas nuo likimo prie konteinerio. Kas vienam nereikalingas daiktas \u2013 kitam lobis, o mes esame tarpininkai, kurie padeda abiems tapti laimingesniems ???? \u017dinome kaip nelengva i\u0161gyventi ma\u017eiems verslams, tad nuo \u0161iol, \u010dia rasite ir kit\u0173, ma\u017e\u0173 \u0161eim\u0173 versl\u0173, rank\u0173 darbo, dovan\u0173 sau ir artimiesiems.\",\"publisher\":{\"@id\":\"https:\/\/skaitytaknyga.lt\/#organization\"},\"potentialAction\":[{\"@type\":\"SearchAction\",\"target\":{\"@type\":\"EntryPoint\",\"urlTemplate\":\"https:\/\/skaitytaknyga.lt\/?s={search_term_string}\"},\"query-input\":{\"@type\":\"PropertyValueSpecification\",\"valueRequired\":true,\"valueName\":\"search_term_string\"}}],\"inLanguage\":\"en-GB\"},{\"@type\":\"Organization\",\"@id\":\"https:\/\/skaitytaknyga.lt\/#organization\",\"name\":\"skaitytaknyga.lt\",\"url\":\"https:\/\/skaitytaknyga.lt\/\",\"logo\":{\"@type\":\"ImageObject\",\"inLanguage\":\"en-GB\",\"@id\":\"https:\/\/skaitytaknyga.lt\/#\/schema\/logo\/image\/\",\"url\":\"https:\/\/skaitytaknyga.lt\/wp-content\/uploads\/2024\/05\/cropped-cropped-cropped-02_00843_jt3bggkj1j3HLc7SyY6rEUpg.jpeg\",\"contentUrl\":\"https:\/\/skaitytaknyga.lt\/wp-content\/uploads\/2024\/05\/cropped-cropped-cropped-02_00843_jt3bggkj1j3HLc7SyY6rEUpg.jpeg\",\"width\":1600,\"height\":1600,\"caption\":\"skaitytaknyga.lt\"},\"image\":{\"@id\":\"https:\/\/skaitytaknyga.lt\/#\/schema\/logo\/image\/\"},\"sameAs\":[\"https:\/\/www.facebook.com\/skaitytaknyga\/\"]}]}<\/script>\n<!-- \/ Yoast SEO plugin. -->","yoast_head_json":{"title":"Diev\u0173 mi\u0161kas","description":"Lietuvi\u0173 ra\u0161ytojo ir teatrologo Balio Sruogos knyga\u00a0\u201eDiev\u0173 mi\u0161kas\u201c\u00a0\u2013 atsiminimai i\u0161 gyvenimo koncentracijos stovykloje \u2013 tapo ne tik literat\u016bros klasika, kuri\u0105 skaito moksleiviai, bet ir i\u0161skirtiniu ironijos ir net juodojo humoro pavyzd\u017eiu lietuvi\u0173 literat\u016bros istorijoje  1945 metais Balio Sruogos para\u0161yta knyga apie metus, praleistus naci\u0173 \u0160tuthofo koncentracijos stovykloje -\u00a0 apie stovyklos sargybini\u0173 elges\u012f su kaliniais, persekiojusius sunkumus, bad\u0105, \u0161alt\u012f, ligas, permainingas kalini\u0173 nuotaikas. Ironijos, \u0161aipymosi i\u0161 lageri\u0173 tvarkos ir juodojo humoro kupinas \u201eDiev\u0173 mi\u0161kas\u201c laikomas vienu originaliausi\u0173 memuar\u0173 \u017eanro k\u016brini\u0173 Europoje, pasakojan\u010di\u0173 apie gyvenim\u0105 koncentracijos stovyklose.  Knyga buvo i\u0161versta \u012f daugel\u012f Vidurio ir Ryt\u0173 Europos kalb\u0173, o nepriklausomyb\u0117s laikais i\u0161leista angl\u0173, vokie\u010di\u0173, ispan\u0173 kalbomis.  2005 m. pasirod\u0117 pagal knyg\u0105 sukurtas filmas re\u017eisieriaus Algimanto Puipos filmas \u201eDiev\u0173 mi\u0161kas\u201c.   \u012e \u0160tuthof\u0105 Balys Sruoga buvo i\u0161ve\u017etas 1943 met\u0173 kov\u0105, o vos gr\u012f\u017e\u0119s, 1945 metais, per kelet\u0105 m\u0117nesi\u0173 para\u0161\u0117 memuarus. Tiesa, sovietin\u0117s okupacijos metu knygos neleista i\u0161spausdinti, tod\u0117l ji pasirod\u0117 tik po ra\u0161ytojo mirties, 1957 metais.","robots":{"index":"index","follow":"follow","max-snippet":"max-snippet:-1","max-image-preview":"max-image-preview:large","max-video-preview":"max-video-preview:-1"},"canonical":"https:\/\/skaitytaknyga.lt\/en\/produktas\/b-sruoga-dievu-miskas-virselio-defektas\/","og_locale":"en_GB","og_type":"article","og_title":"[:lt]Diev\u0173 mi\u0161kas[:] - Skaitytaknyga","og_description":"Lietuvi\u0173 ra\u0161ytojo ir teatrologo Balio Sruogos knyga\u00a0\u201eDiev\u0173 mi\u0161kas\u201c\u00a0\u2013 atsiminimai i\u0161 gyvenimo koncentracijos stovykloje \u2013 tapo ne tik literat\u016bros klasika, kuri\u0105 skaito moksleiviai, bet ir i\u0161skirtiniu ironijos ir net juodojo humoro pavyzd\u017eiu lietuvi\u0173 literat\u016bros istorijoje  1945 metais Balio Sruogos para\u0161yta knyga apie metus, praleistus naci\u0173 \u0160tuthofo koncentracijos stovykloje -\u00a0 apie stovyklos sargybini\u0173 elges\u012f su kaliniais, persekiojusius sunkumus, bad\u0105, \u0161alt\u012f, ligas, permainingas kalini\u0173 nuotaikas. Ironijos, \u0161aipymosi i\u0161 lageri\u0173 tvarkos ir juodojo humoro kupinas \u201eDiev\u0173 mi\u0161kas\u201c laikomas vienu originaliausi\u0173 memuar\u0173 \u017eanro k\u016brini\u0173 Europoje, pasakojan\u010di\u0173 apie gyvenim\u0105 koncentracijos stovyklose.  Knyga buvo i\u0161versta \u012f daugel\u012f Vidurio ir Ryt\u0173 Europos kalb\u0173, o nepriklausomyb\u0117s laikais i\u0161leista angl\u0173, vokie\u010di\u0173, ispan\u0173 kalbomis.  2005 m. pasirod\u0117 pagal knyg\u0105 sukurtas filmas re\u017eisieriaus Algimanto Puipos filmas \u201eDiev\u0173 mi\u0161kas\u201c.   \u012e \u0160tuthof\u0105 Balys Sruoga buvo i\u0161ve\u017etas 1943 met\u0173 kov\u0105, o vos gr\u012f\u017e\u0119s, 1945 metais, per kelet\u0105 m\u0117nesi\u0173 para\u0161\u0117 memuarus. Tiesa, sovietin\u0117s okupacijos metu knygos neleista i\u0161spausdinti, tod\u0117l ji pasirod\u0117 tik po ra\u0161ytojo mirties, 1957 metais.","og_url":"https:\/\/skaitytaknyga.lt\/en\/produktas\/b-sruoga-dievu-miskas-virselio-defektas\/","og_site_name":"Skaitytaknyga","article_publisher":"https:\/\/www.facebook.com\/skaitytaknyga\/","article_modified_time":"2026-01-11T22:48:08+00:00","og_image":[{"width":463,"height":800,"url":"https:\/\/skaitytaknyga.lt\/wp-content\/uploads\/2024\/04\/1462878510_img0022.jpg","type":"image\/jpeg"}],"twitter_card":"summary_large_image","twitter_misc":{"Estimated reading time":"1 minute"},"schema":{"@context":"https:\/\/schema.org","@graph":[{"@type":"WebPage","@id":"https:\/\/skaitytaknyga.lt\/produktas\/b-sruoga-dievu-miskas-virselio-defektas\/","url":"https:\/\/skaitytaknyga.lt\/produktas\/b-sruoga-dievu-miskas-virselio-defektas\/","name":"Diev\u0173 mi\u0161kas","isPartOf":{"@id":"https:\/\/skaitytaknyga.lt\/#website"},"primaryImageOfPage":{"@id":"https:\/\/skaitytaknyga.lt\/produktas\/b-sruoga-dievu-miskas-virselio-defektas\/#primaryimage"},"image":{"@id":"https:\/\/skaitytaknyga.lt\/produktas\/b-sruoga-dievu-miskas-virselio-defektas\/#primaryimage"},"thumbnailUrl":"https:\/\/skaitytaknyga.lt\/wp-content\/uploads\/2024\/04\/1462878510_img0022.jpg","datePublished":"2024-04-17T13:47:48+00:00","dateModified":"2026-01-11T22:48:08+00:00","description":"Lietuvi\u0173 ra\u0161ytojo ir teatrologo Balio Sruogos knyga\u00a0\u201eDiev\u0173 mi\u0161kas\u201c\u00a0\u2013 atsiminimai i\u0161 gyvenimo koncentracijos stovykloje \u2013 tapo ne tik literat\u016bros klasika, kuri\u0105 skaito moksleiviai, bet ir i\u0161skirtiniu ironijos ir net juodojo humoro pavyzd\u017eiu lietuvi\u0173 literat\u016bros istorijoje 1945 metais Balio Sruogos para\u0161yta knyga apie metus, praleistus naci\u0173 \u0160tuthofo koncentracijos stovykloje -\u00a0 apie stovyklos sargybini\u0173 elges\u012f su kaliniais, persekiojusius sunkumus, bad\u0105, \u0161alt\u012f, ligas, permainingas kalini\u0173 nuotaikas. Ironijos, \u0161aipymosi i\u0161 lageri\u0173 tvarkos ir juodojo humoro kupinas \u201eDiev\u0173 mi\u0161kas\u201c laikomas vienu originaliausi\u0173 memuar\u0173 \u017eanro k\u016brini\u0173 Europoje, pasakojan\u010di\u0173 apie gyvenim\u0105 koncentracijos stovyklose. Knyga buvo i\u0161versta \u012f daugel\u012f Vidurio ir Ryt\u0173 Europos kalb\u0173, o nepriklausomyb\u0117s laikais i\u0161leista angl\u0173, vokie\u010di\u0173, ispan\u0173 kalbomis. 2005 m. pasirod\u0117 pagal knyg\u0105 sukurtas filmas re\u017eisieriaus Algimanto Puipos filmas \u201eDiev\u0173 mi\u0161kas\u201c. \u012e \u0160tuthof\u0105 Balys Sruoga buvo i\u0161ve\u017etas 1943 met\u0173 kov\u0105, o vos gr\u012f\u017e\u0119s, 1945 metais, per kelet\u0105 m\u0117nesi\u0173 para\u0161\u0117 memuarus. Tiesa, sovietin\u0117s okupacijos metu knygos neleista i\u0161spausdinti, tod\u0117l ji pasirod\u0117 tik po ra\u0161ytojo mirties, 1957 metais.","breadcrumb":{"@id":"https:\/\/skaitytaknyga.lt\/produktas\/b-sruoga-dievu-miskas-virselio-defektas\/#breadcrumb"},"inLanguage":"en-GB","potentialAction":[{"@type":"ReadAction","target":["https:\/\/skaitytaknyga.lt\/produktas\/b-sruoga-dievu-miskas-virselio-defektas\/"]}]},{"@type":"ImageObject","inLanguage":"en-GB","@id":"https:\/\/skaitytaknyga.lt\/produktas\/b-sruoga-dievu-miskas-virselio-defektas\/#primaryimage","url":"https:\/\/skaitytaknyga.lt\/wp-content\/uploads\/2024\/04\/1462878510_img0022.jpg","contentUrl":"https:\/\/skaitytaknyga.lt\/wp-content\/uploads\/2024\/04\/1462878510_img0022.jpg","width":463,"height":800},{"@type":"BreadcrumbList","@id":"https:\/\/skaitytaknyga.lt\/produktas\/b-sruoga-dievu-miskas-virselio-defektas\/#breadcrumb","itemListElement":[{"@type":"ListItem","position":1,"name":"Home","item":"https:\/\/skaitytaknyga.lt\/"},{"@type":"ListItem","position":2,"name":"Parduotuv\u0117","item":"https:\/\/skaitytaknyga.lt\/knygu-parduotuve\/"},{"@type":"ListItem","position":3,"name":"Diev\u0173 mi\u0161kas"}]},{"@type":"WebSite","@id":"https:\/\/skaitytaknyga.lt\/#website","url":"https:\/\/skaitytaknyga.lt\/","name":"skaitytaknyga.lt","description":"Skaitytaknyga.lt \u2013 tai ma\u017eas \u0161eimos verslas, kuris prasid\u0117jo nuo meil\u0117s knygoms ir siekio i\u0161gelb\u0117ti knygas nuo likimo prie konteinerio. Kas vienam nereikalingas daiktas \u2013 kitam lobis, o mes esame tarpininkai, kurie padeda abiems tapti laimingesniems ???? \u017dinome kaip nelengva i\u0161gyventi ma\u017eiems verslams, tad nuo \u0161iol, \u010dia rasite ir kit\u0173, ma\u017e\u0173 \u0161eim\u0173 versl\u0173, rank\u0173 darbo, dovan\u0173 sau ir artimiesiems.","publisher":{"@id":"https:\/\/skaitytaknyga.lt\/#organization"},"potentialAction":[{"@type":"SearchAction","target":{"@type":"EntryPoint","urlTemplate":"https:\/\/skaitytaknyga.lt\/?s={search_term_string}"},"query-input":{"@type":"PropertyValueSpecification","valueRequired":true,"valueName":"search_term_string"}}],"inLanguage":"en-GB"},{"@type":"Organization","@id":"https:\/\/skaitytaknyga.lt\/#organization","name":"skaitytaknyga.lt","url":"https:\/\/skaitytaknyga.lt\/","logo":{"@type":"ImageObject","inLanguage":"en-GB","@id":"https:\/\/skaitytaknyga.lt\/#\/schema\/logo\/image\/","url":"https:\/\/skaitytaknyga.lt\/wp-content\/uploads\/2024\/05\/cropped-cropped-cropped-02_00843_jt3bggkj1j3HLc7SyY6rEUpg.jpeg","contentUrl":"https:\/\/skaitytaknyga.lt\/wp-content\/uploads\/2024\/05\/cropped-cropped-cropped-02_00843_jt3bggkj1j3HLc7SyY6rEUpg.jpeg","width":1600,"height":1600,"caption":"skaitytaknyga.lt"},"image":{"@id":"https:\/\/skaitytaknyga.lt\/#\/schema\/logo\/image\/"},"sameAs":["https:\/\/www.facebook.com\/skaitytaknyga\/"]}]}},"_links":{"self":[{"href":"https:\/\/skaitytaknyga.lt\/en\/wp-json\/wp\/v2\/product\/4368","targetHints":{"allow":["GET"]}}],"collection":[{"href":"https:\/\/skaitytaknyga.lt\/en\/wp-json\/wp\/v2\/product"}],"about":[{"href":"https:\/\/skaitytaknyga.lt\/en\/wp-json\/wp\/v2\/types\/product"}],"replies":[{"embeddable":true,"href":"https:\/\/skaitytaknyga.lt\/en\/wp-json\/wp\/v2\/comments?post=4368"}],"wp:featuredmedia":[{"embeddable":true,"href":"https:\/\/skaitytaknyga.lt\/en\/wp-json\/wp\/v2\/media\/4424"}],"wp:attachment":[{"href":"https:\/\/skaitytaknyga.lt\/en\/wp-json\/wp\/v2\/media?parent=4368"}],"wp:term":[{"taxonomy":"product_brand","embeddable":true,"href":"https:\/\/skaitytaknyga.lt\/en\/wp-json\/wp\/v2\/product_brand?post=4368"},{"taxonomy":"product_cat","embeddable":true,"href":"https:\/\/skaitytaknyga.lt\/en\/wp-json\/wp\/v2\/product_cat?post=4368"},{"taxonomy":"product_tag","embeddable":true,"href":"https:\/\/skaitytaknyga.lt\/en\/wp-json\/wp\/v2\/product_tag?post=4368"}],"curies":[{"name":"wp","href":"https:\/\/api.w.org\/{rel}","templated":true}]}}