{"id":4361,"date":"2024-04-17T13:47:47","date_gmt":"2024-04-17T13:47:47","guid":{"rendered":"https:\/\/skaitytaknyga.lt\/?post_type=product&#038;p=4361"},"modified":"2024-05-03T07:24:42","modified_gmt":"2024-05-03T07:24:42","slug":"megan-hart-nedorele","status":"publish","type":"product","link":"https:\/\/skaitytaknyga.lt\/en\/produktas\/megan-hart-nedorele\/","title":{"rendered":"Megan Hart \u201eNedor\u0117l\u0117\u201c"},"content":{"rendered":"<p>\u0160tai kas nutiko. Sutikau j\u012f saldumyn\u0173 parduotuv\u0117je.<br \/>\nJis atsigr\u0119\u017e\u0117 ir nusi\u0161ypsojo. Nustebusi ir pati \u0161yptel\u0117jau. Tai buvo ne saldaini\u0173 vaikams krautuv\u0117l\u0117, \u012f toki\u0105 parduotuv\u0119 u\u017esuki u\u017esienini\u0173 triufeli\u0173 \u0161efo \u017emonai, nes jautiesi kalta, kad po konferencijos praleidai nakt\u012f jos vyro vie\u0161bu\u010dio kambaryje.<\/p>\n<p>Ne pirmas vyras m\u0117gina mane vilioti. Da\u017eniausiai jiems tr\u016bksta subtilumo. Jie mano, jog tai, kas tarp koj\u0173, atstos tai, ko tr\u016bksta tarp aus\u0173.<\/p>\n<p>Kartais eidavau su jais vien nor\u0117dama pasijusti geid\u017eiama. Tro\u0161kau geisti. Nors da\u017eniausiai geismas b\u016bna apsimestinis ir galiausiai nuvilia.<\/p>\n<p>Neatsipra\u0161in\u0117ju d\u0117l to, kas esu ar k\u0105 dariau.<br \/>\nTuriu darb\u0105, nam\u0105, savo gyvenim\u0105. Daug met\u0173 man to u\u017eteko.<\/p>\n<p>Iki Deno. Iki dabar.<\/p>\n","protected":false},"excerpt":{"rendered":"<p>\u0160tai kas nutiko. Sutikau j\u012f saldumyn\u0173 parduotuv\u0117je.<br \/>\nJis atsigr\u0119\u017e\u0117 ir nusi\u0161ypsojo. Nustebusi ir pati \u0161yptel\u0117jau. Tai buvo ne saldaini\u0173 vaikams krautuv\u0117l\u0117, \u012f toki\u0105 parduotuv\u0119 u\u017esuki u\u017esienini\u0173 triufeli\u0173 \u0161efo \u017emonai, nes jautiesi kalta, kad po konferencijos praleidai nakt\u012f jos vyro vie\u0161bu\u010dio kambaryje.<\/p>\n<p>Ne pirmas vyras m\u0117gina mane vilioti. Da\u017eniausiai jiems tr\u016bksta subtilumo. Jie mano, jog tai, kas tarp koj\u0173, atstos tai, ko tr\u016bksta tarp aus\u0173.<\/p>\n<p>Kartais eidavau su jais vien nor\u0117dama pasijusti geid\u017eiama. Tro\u0161kau geisti. Nors da\u017eniausiai geismas b\u016bna apsimestinis ir galiausiai nuvilia.<\/p>\n<p>Neatsipra\u0161in\u0117ju d\u0117l to, kas esu ar k\u0105 dariau.<br \/>\nTuriu darb\u0105, nam\u0105, savo gyvenim\u0105. Daug met\u0173 man to u\u017eteko.<\/p>\n<p>Iki Deno. Iki dabar.<\/p>\n","protected":false},"featured_media":4405,"comment_status":"closed","ping_status":"closed","template":"","meta":{"_acf_changed":false,"site-sidebar-layout":"default","site-content-layout":"","ast-site-content-layout":"default","site-content-style":"default","site-sidebar-style":"default","ast-global-header-display":"","ast-banner-title-visibility":"","ast-main-header-display":"","ast-hfb-above-header-display":"","ast-hfb-below-header-display":"","ast-hfb-mobile-header-display":"","site-post-title":"","ast-breadcrumbs-content":"","ast-featured-img":"","footer-sml-layout":"","ast-disable-related-posts":"","theme-transparent-header-meta":"","adv-header-id-meta":"","stick-header-meta":"","header-above-stick-meta":"","header-main-stick-meta":"","header-below-stick-meta":"","astra-migrate-meta-layouts":"default","ast-page-background-enabled":"default","ast-page-background-meta":{"desktop":{"background-color":"","background-image":"","background-repeat":"repeat","background-position":"center center","background-size":"auto","background-attachment":"scroll","background-type":"","background-media":"","overlay-type":"","overlay-color":"","overlay-opacity":"","overlay-gradient":""},"tablet":{"background-color":"","background-image":"","background-repeat":"repeat","background-position":"center center","background-size":"auto","background-attachment":"scroll","background-type":"","background-media":"","overlay-type":"","overlay-color":"","overlay-opacity":"","overlay-gradient":""},"mobile":{"background-color":"","background-image":"","background-repeat":"repeat","background-position":"center center","background-size":"auto","background-attachment":"scroll","background-type":"","background-media":"","overlay-type":"","overlay-color":"","overlay-opacity":"","overlay-gradient":""}},"ast-content-background-meta":{"desktop":{"background-color":"var(--ast-global-color-4)","background-image":"","background-repeat":"repeat","background-position":"center center","background-size":"auto","background-attachment":"scroll","background-type":"","background-media":"","overlay-type":"","overlay-color":"","overlay-opacity":"","overlay-gradient":""},"tablet":{"background-color":"var(--ast-global-color-4)","background-image":"","background-repeat":"repeat","background-position":"center center","background-size":"auto","background-attachment":"scroll","background-type":"","background-media":"","overlay-type":"","overlay-color":"","overlay-opacity":"","overlay-gradient":""},"mobile":{"background-color":"var(--ast-global-color-4)","background-image":"","background-repeat":"repeat","background-position":"center center","background-size":"auto","background-attachment":"scroll","background-type":"","background-media":"","overlay-type":"","overlay-color":"","overlay-opacity":"","overlay-gradient":""}}},"product_brand":[],"product_cat":[31],"product_tag":[],"class_list":{"0":"post-4361","1":"product","2":"type-product","3":"status-publish","4":"has-post-thumbnail","6":"product_cat-grozine-literatura","7":"pa_leidimo-metai-652","8":"pa_virselis-kietas","9":"desktop-align-left","10":"tablet-align-left","11":"mobile-align-left","13":"first","14":"outofstock","15":"shipping-taxable","16":"purchasable","17":"product-type-simple"},"acf":[],"yoast_head":"<!-- This site is optimized with the Yoast SEO plugin v27.0 - https:\/\/yoast.com\/product\/yoast-seo-wordpress\/ -->\n<title>Megan Hart \u201eNedor\u0117l\u0117\u201c - Skaitytaknyga<\/title>\n<meta name=\"description\" content=\"\u0160tai kas nutiko. Sutikau j\u012f saldumyn\u0173 parduotuv\u0117je. Jis atsigr\u0119\u017e\u0117 ir nusi\u0161ypsojo. Nustebusi ir pati \u0161yptel\u0117jau. Tai buvo ne saldaini\u0173 vaikams krautuv\u0117l\u0117, \u012f toki\u0105 parduotuv\u0119 u\u017esuki u\u017esienini\u0173 triufeli\u0173 \u0161efo \u017emonai, nes jautiesi kalta, kad po konferencijos praleidai nakt\u012f jos vyro vie\u0161bu\u010dio kambaryje.  Ne pirmas vyras m\u0117gina mane vilioti. Da\u017eniausiai jiems tr\u016bksta subtilumo. Jie mano, jog tai, kas tarp koj\u0173, atstos tai, ko tr\u016bksta tarp aus\u0173.  Kartais eidavau su jais vien nor\u0117dama pasijusti geid\u017eiama. Tro\u0161kau geisti. Nors da\u017eniausiai geismas b\u016bna apsimestinis ir galiausiai nuvilia.  Neatsipra\u0161in\u0117ju d\u0117l to, kas esu ar k\u0105 dariau. Turiu darb\u0105, nam\u0105, savo gyvenim\u0105. Daug met\u0173 man to u\u017eteko.  Iki Deno. Iki dabar.\" \/>\n<meta name=\"robots\" content=\"index, follow, max-snippet:-1, max-image-preview:large, max-video-preview:-1\" \/>\n<link rel=\"canonical\" href=\"https:\/\/skaitytaknyga.lt\/en\/produktas\/megan-hart-nedorele\/\" \/>\n<meta property=\"og:locale\" content=\"en_GB\" \/>\n<meta property=\"og:locale:alternate\" content=\"lt_LT\" \/>\n<meta property=\"og:type\" content=\"article\" \/>\n<meta property=\"og:title\" content=\"Megan Hart \u201eNedor\u0117l\u0117\u201c - Skaitytaknyga\" \/>\n<meta property=\"og:description\" content=\"\u0160tai kas nutiko. Sutikau j\u012f saldumyn\u0173 parduotuv\u0117je. Jis atsigr\u0119\u017e\u0117 ir nusi\u0161ypsojo. Nustebusi ir pati \u0161yptel\u0117jau. Tai buvo ne saldaini\u0173 vaikams krautuv\u0117l\u0117, \u012f toki\u0105 parduotuv\u0119 u\u017esuki u\u017esienini\u0173 triufeli\u0173 \u0161efo \u017emonai, nes jautiesi kalta, kad po konferencijos praleidai nakt\u012f jos vyro vie\u0161bu\u010dio kambaryje.  Ne pirmas vyras m\u0117gina mane vilioti. Da\u017eniausiai jiems tr\u016bksta subtilumo. Jie mano, jog tai, kas tarp koj\u0173, atstos tai, ko tr\u016bksta tarp aus\u0173.  Kartais eidavau su jais vien nor\u0117dama pasijusti geid\u017eiama. Tro\u0161kau geisti. Nors da\u017eniausiai geismas b\u016bna apsimestinis ir galiausiai nuvilia.  Neatsipra\u0161in\u0117ju d\u0117l to, kas esu ar k\u0105 dariau. Turiu darb\u0105, nam\u0105, savo gyvenim\u0105. Daug met\u0173 man to u\u017eteko.  Iki Deno. Iki dabar.\" \/>\n<meta property=\"og:url\" content=\"https:\/\/skaitytaknyga.lt\/en\/produktas\/megan-hart-nedorele\/\" \/>\n<meta property=\"og:site_name\" content=\"Skaitytaknyga\" \/>\n<meta property=\"article:publisher\" content=\"https:\/\/www.facebook.com\/skaitytaknyga\/\" \/>\n<meta property=\"article:modified_time\" content=\"2024-05-03T07:24:42+00:00\" \/>\n<meta property=\"og:image\" content=\"https:\/\/skaitytaknyga.lt\/wp-content\/uploads\/2024\/04\/nedorele.jpg\" \/>\n\t<meta property=\"og:image:width\" content=\"303\" \/>\n\t<meta property=\"og:image:height\" content=\"450\" \/>\n\t<meta property=\"og:image:type\" content=\"image\/jpeg\" \/>\n<meta name=\"twitter:card\" content=\"summary_large_image\" \/>\n<meta name=\"twitter:label1\" content=\"Estimated reading time\" \/>\n\t<meta name=\"twitter:data1\" content=\"1 minute\" \/>\n<script type=\"application\/ld+json\" class=\"yoast-schema-graph\">{\"@context\":\"https:\/\/schema.org\",\"@graph\":[{\"@type\":\"WebPage\",\"@id\":\"https:\/\/skaitytaknyga.lt\/produktas\/megan-hart-nedorele\/\",\"url\":\"https:\/\/skaitytaknyga.lt\/produktas\/megan-hart-nedorele\/\",\"name\":\"Megan Hart \u201eNedor\u0117l\u0117\u201c - Skaitytaknyga\",\"isPartOf\":{\"@id\":\"https:\/\/skaitytaknyga.lt\/#website\"},\"primaryImageOfPage\":{\"@id\":\"https:\/\/skaitytaknyga.lt\/produktas\/megan-hart-nedorele\/#primaryimage\"},\"image\":{\"@id\":\"https:\/\/skaitytaknyga.lt\/produktas\/megan-hart-nedorele\/#primaryimage\"},\"thumbnailUrl\":\"https:\/\/skaitytaknyga.lt\/wp-content\/uploads\/2024\/04\/nedorele.jpg\",\"datePublished\":\"2024-04-17T13:47:47+00:00\",\"dateModified\":\"2024-05-03T07:24:42+00:00\",\"description\":\"\u0160tai kas nutiko. Sutikau j\u012f saldumyn\u0173 parduotuv\u0117je. Jis atsigr\u0119\u017e\u0117 ir nusi\u0161ypsojo. Nustebusi ir pati \u0161yptel\u0117jau. Tai buvo ne saldaini\u0173 vaikams krautuv\u0117l\u0117, \u012f toki\u0105 parduotuv\u0119 u\u017esuki u\u017esienini\u0173 triufeli\u0173 \u0161efo \u017emonai, nes jautiesi kalta, kad po konferencijos praleidai nakt\u012f jos vyro vie\u0161bu\u010dio kambaryje. Ne pirmas vyras m\u0117gina mane vilioti. Da\u017eniausiai jiems tr\u016bksta subtilumo. Jie mano, jog tai, kas tarp koj\u0173, atstos tai, ko tr\u016bksta tarp aus\u0173. Kartais eidavau su jais vien nor\u0117dama pasijusti geid\u017eiama. Tro\u0161kau geisti. Nors da\u017eniausiai geismas b\u016bna apsimestinis ir galiausiai nuvilia. Neatsipra\u0161in\u0117ju d\u0117l to, kas esu ar k\u0105 dariau. Turiu darb\u0105, nam\u0105, savo gyvenim\u0105. Daug met\u0173 man to u\u017eteko. Iki Deno. Iki dabar.\",\"breadcrumb\":{\"@id\":\"https:\/\/skaitytaknyga.lt\/produktas\/megan-hart-nedorele\/#breadcrumb\"},\"inLanguage\":\"en-GB\",\"potentialAction\":[{\"@type\":\"ReadAction\",\"target\":[\"https:\/\/skaitytaknyga.lt\/produktas\/megan-hart-nedorele\/\"]}]},{\"@type\":\"ImageObject\",\"inLanguage\":\"en-GB\",\"@id\":\"https:\/\/skaitytaknyga.lt\/produktas\/megan-hart-nedorele\/#primaryimage\",\"url\":\"https:\/\/skaitytaknyga.lt\/wp-content\/uploads\/2024\/04\/nedorele.jpg\",\"contentUrl\":\"https:\/\/skaitytaknyga.lt\/wp-content\/uploads\/2024\/04\/nedorele.jpg\",\"width\":303,\"height\":450},{\"@type\":\"BreadcrumbList\",\"@id\":\"https:\/\/skaitytaknyga.lt\/produktas\/megan-hart-nedorele\/#breadcrumb\",\"itemListElement\":[{\"@type\":\"ListItem\",\"position\":1,\"name\":\"Home\",\"item\":\"https:\/\/skaitytaknyga.lt\/\"},{\"@type\":\"ListItem\",\"position\":2,\"name\":\"Parduotuv\u0117\",\"item\":\"https:\/\/skaitytaknyga.lt\/knygu-parduotuve\/\"},{\"@type\":\"ListItem\",\"position\":3,\"name\":\"Megan Hart \u201eNedor\u0117l\u0117\u201c\"}]},{\"@type\":\"WebSite\",\"@id\":\"https:\/\/skaitytaknyga.lt\/#website\",\"url\":\"https:\/\/skaitytaknyga.lt\/\",\"name\":\"skaitytaknyga.lt\",\"description\":\"Skaitytaknyga.lt \u2013 tai ma\u017eas \u0161eimos verslas, kuris prasid\u0117jo nuo meil\u0117s knygoms ir siekio i\u0161gelb\u0117ti knygas nuo likimo prie konteinerio. Kas vienam nereikalingas daiktas \u2013 kitam lobis, o mes esame tarpininkai, kurie padeda abiems tapti laimingesniems ???? \u017dinome kaip nelengva i\u0161gyventi ma\u017eiems verslams, tad nuo \u0161iol, \u010dia rasite ir kit\u0173, ma\u017e\u0173 \u0161eim\u0173 versl\u0173, rank\u0173 darbo, dovan\u0173 sau ir artimiesiems.\",\"publisher\":{\"@id\":\"https:\/\/skaitytaknyga.lt\/#organization\"},\"potentialAction\":[{\"@type\":\"SearchAction\",\"target\":{\"@type\":\"EntryPoint\",\"urlTemplate\":\"https:\/\/skaitytaknyga.lt\/?s={search_term_string}\"},\"query-input\":{\"@type\":\"PropertyValueSpecification\",\"valueRequired\":true,\"valueName\":\"search_term_string\"}}],\"inLanguage\":\"en-GB\"},{\"@type\":\"Organization\",\"@id\":\"https:\/\/skaitytaknyga.lt\/#organization\",\"name\":\"skaitytaknyga.lt\",\"url\":\"https:\/\/skaitytaknyga.lt\/\",\"logo\":{\"@type\":\"ImageObject\",\"inLanguage\":\"en-GB\",\"@id\":\"https:\/\/skaitytaknyga.lt\/#\/schema\/logo\/image\/\",\"url\":\"https:\/\/skaitytaknyga.lt\/wp-content\/uploads\/2024\/05\/cropped-cropped-cropped-02_00843_jt3bggkj1j3HLc7SyY6rEUpg.jpeg\",\"contentUrl\":\"https:\/\/skaitytaknyga.lt\/wp-content\/uploads\/2024\/05\/cropped-cropped-cropped-02_00843_jt3bggkj1j3HLc7SyY6rEUpg.jpeg\",\"width\":1600,\"height\":1600,\"caption\":\"skaitytaknyga.lt\"},\"image\":{\"@id\":\"https:\/\/skaitytaknyga.lt\/#\/schema\/logo\/image\/\"},\"sameAs\":[\"https:\/\/www.facebook.com\/skaitytaknyga\/\"]}]}<\/script>\n<!-- \/ Yoast SEO plugin. -->","yoast_head_json":{"title":"Megan Hart \u201eNedor\u0117l\u0117\u201c - Skaitytaknyga","description":"\u0160tai kas nutiko. Sutikau j\u012f saldumyn\u0173 parduotuv\u0117je. Jis atsigr\u0119\u017e\u0117 ir nusi\u0161ypsojo. Nustebusi ir pati \u0161yptel\u0117jau. Tai buvo ne saldaini\u0173 vaikams krautuv\u0117l\u0117, \u012f toki\u0105 parduotuv\u0119 u\u017esuki u\u017esienini\u0173 triufeli\u0173 \u0161efo \u017emonai, nes jautiesi kalta, kad po konferencijos praleidai nakt\u012f jos vyro vie\u0161bu\u010dio kambaryje.  Ne pirmas vyras m\u0117gina mane vilioti. Da\u017eniausiai jiems tr\u016bksta subtilumo. Jie mano, jog tai, kas tarp koj\u0173, atstos tai, ko tr\u016bksta tarp aus\u0173.  Kartais eidavau su jais vien nor\u0117dama pasijusti geid\u017eiama. Tro\u0161kau geisti. Nors da\u017eniausiai geismas b\u016bna apsimestinis ir galiausiai nuvilia.  Neatsipra\u0161in\u0117ju d\u0117l to, kas esu ar k\u0105 dariau. Turiu darb\u0105, nam\u0105, savo gyvenim\u0105. Daug met\u0173 man to u\u017eteko.  Iki Deno. Iki dabar.","robots":{"index":"index","follow":"follow","max-snippet":"max-snippet:-1","max-image-preview":"max-image-preview:large","max-video-preview":"max-video-preview:-1"},"canonical":"https:\/\/skaitytaknyga.lt\/en\/produktas\/megan-hart-nedorele\/","og_locale":"en_GB","og_type":"article","og_title":"Megan Hart \u201eNedor\u0117l\u0117\u201c - Skaitytaknyga","og_description":"\u0160tai kas nutiko. Sutikau j\u012f saldumyn\u0173 parduotuv\u0117je. Jis atsigr\u0119\u017e\u0117 ir nusi\u0161ypsojo. Nustebusi ir pati \u0161yptel\u0117jau. Tai buvo ne saldaini\u0173 vaikams krautuv\u0117l\u0117, \u012f toki\u0105 parduotuv\u0119 u\u017esuki u\u017esienini\u0173 triufeli\u0173 \u0161efo \u017emonai, nes jautiesi kalta, kad po konferencijos praleidai nakt\u012f jos vyro vie\u0161bu\u010dio kambaryje.  Ne pirmas vyras m\u0117gina mane vilioti. Da\u017eniausiai jiems tr\u016bksta subtilumo. Jie mano, jog tai, kas tarp koj\u0173, atstos tai, ko tr\u016bksta tarp aus\u0173.  Kartais eidavau su jais vien nor\u0117dama pasijusti geid\u017eiama. Tro\u0161kau geisti. Nors da\u017eniausiai geismas b\u016bna apsimestinis ir galiausiai nuvilia.  Neatsipra\u0161in\u0117ju d\u0117l to, kas esu ar k\u0105 dariau. Turiu darb\u0105, nam\u0105, savo gyvenim\u0105. Daug met\u0173 man to u\u017eteko.  Iki Deno. Iki dabar.","og_url":"https:\/\/skaitytaknyga.lt\/en\/produktas\/megan-hart-nedorele\/","og_site_name":"Skaitytaknyga","article_publisher":"https:\/\/www.facebook.com\/skaitytaknyga\/","article_modified_time":"2024-05-03T07:24:42+00:00","og_image":[{"width":303,"height":450,"url":"https:\/\/skaitytaknyga.lt\/wp-content\/uploads\/2024\/04\/nedorele.jpg","type":"image\/jpeg"}],"twitter_card":"summary_large_image","twitter_misc":{"Estimated reading time":"1 minute"},"schema":{"@context":"https:\/\/schema.org","@graph":[{"@type":"WebPage","@id":"https:\/\/skaitytaknyga.lt\/produktas\/megan-hart-nedorele\/","url":"https:\/\/skaitytaknyga.lt\/produktas\/megan-hart-nedorele\/","name":"Megan Hart \u201eNedor\u0117l\u0117\u201c - Skaitytaknyga","isPartOf":{"@id":"https:\/\/skaitytaknyga.lt\/#website"},"primaryImageOfPage":{"@id":"https:\/\/skaitytaknyga.lt\/produktas\/megan-hart-nedorele\/#primaryimage"},"image":{"@id":"https:\/\/skaitytaknyga.lt\/produktas\/megan-hart-nedorele\/#primaryimage"},"thumbnailUrl":"https:\/\/skaitytaknyga.lt\/wp-content\/uploads\/2024\/04\/nedorele.jpg","datePublished":"2024-04-17T13:47:47+00:00","dateModified":"2024-05-03T07:24:42+00:00","description":"\u0160tai kas nutiko. Sutikau j\u012f saldumyn\u0173 parduotuv\u0117je. Jis atsigr\u0119\u017e\u0117 ir nusi\u0161ypsojo. Nustebusi ir pati \u0161yptel\u0117jau. Tai buvo ne saldaini\u0173 vaikams krautuv\u0117l\u0117, \u012f toki\u0105 parduotuv\u0119 u\u017esuki u\u017esienini\u0173 triufeli\u0173 \u0161efo \u017emonai, nes jautiesi kalta, kad po konferencijos praleidai nakt\u012f jos vyro vie\u0161bu\u010dio kambaryje. Ne pirmas vyras m\u0117gina mane vilioti. Da\u017eniausiai jiems tr\u016bksta subtilumo. Jie mano, jog tai, kas tarp koj\u0173, atstos tai, ko tr\u016bksta tarp aus\u0173. Kartais eidavau su jais vien nor\u0117dama pasijusti geid\u017eiama. Tro\u0161kau geisti. Nors da\u017eniausiai geismas b\u016bna apsimestinis ir galiausiai nuvilia. Neatsipra\u0161in\u0117ju d\u0117l to, kas esu ar k\u0105 dariau. Turiu darb\u0105, nam\u0105, savo gyvenim\u0105. Daug met\u0173 man to u\u017eteko. Iki Deno. Iki dabar.","breadcrumb":{"@id":"https:\/\/skaitytaknyga.lt\/produktas\/megan-hart-nedorele\/#breadcrumb"},"inLanguage":"en-GB","potentialAction":[{"@type":"ReadAction","target":["https:\/\/skaitytaknyga.lt\/produktas\/megan-hart-nedorele\/"]}]},{"@type":"ImageObject","inLanguage":"en-GB","@id":"https:\/\/skaitytaknyga.lt\/produktas\/megan-hart-nedorele\/#primaryimage","url":"https:\/\/skaitytaknyga.lt\/wp-content\/uploads\/2024\/04\/nedorele.jpg","contentUrl":"https:\/\/skaitytaknyga.lt\/wp-content\/uploads\/2024\/04\/nedorele.jpg","width":303,"height":450},{"@type":"BreadcrumbList","@id":"https:\/\/skaitytaknyga.lt\/produktas\/megan-hart-nedorele\/#breadcrumb","itemListElement":[{"@type":"ListItem","position":1,"name":"Home","item":"https:\/\/skaitytaknyga.lt\/"},{"@type":"ListItem","position":2,"name":"Parduotuv\u0117","item":"https:\/\/skaitytaknyga.lt\/knygu-parduotuve\/"},{"@type":"ListItem","position":3,"name":"Megan Hart \u201eNedor\u0117l\u0117\u201c"}]},{"@type":"WebSite","@id":"https:\/\/skaitytaknyga.lt\/#website","url":"https:\/\/skaitytaknyga.lt\/","name":"skaitytaknyga.lt","description":"Skaitytaknyga.lt \u2013 tai ma\u017eas \u0161eimos verslas, kuris prasid\u0117jo nuo meil\u0117s knygoms ir siekio i\u0161gelb\u0117ti knygas nuo likimo prie konteinerio. Kas vienam nereikalingas daiktas \u2013 kitam lobis, o mes esame tarpininkai, kurie padeda abiems tapti laimingesniems ???? \u017dinome kaip nelengva i\u0161gyventi ma\u017eiems verslams, tad nuo \u0161iol, \u010dia rasite ir kit\u0173, ma\u017e\u0173 \u0161eim\u0173 versl\u0173, rank\u0173 darbo, dovan\u0173 sau ir artimiesiems.","publisher":{"@id":"https:\/\/skaitytaknyga.lt\/#organization"},"potentialAction":[{"@type":"SearchAction","target":{"@type":"EntryPoint","urlTemplate":"https:\/\/skaitytaknyga.lt\/?s={search_term_string}"},"query-input":{"@type":"PropertyValueSpecification","valueRequired":true,"valueName":"search_term_string"}}],"inLanguage":"en-GB"},{"@type":"Organization","@id":"https:\/\/skaitytaknyga.lt\/#organization","name":"skaitytaknyga.lt","url":"https:\/\/skaitytaknyga.lt\/","logo":{"@type":"ImageObject","inLanguage":"en-GB","@id":"https:\/\/skaitytaknyga.lt\/#\/schema\/logo\/image\/","url":"https:\/\/skaitytaknyga.lt\/wp-content\/uploads\/2024\/05\/cropped-cropped-cropped-02_00843_jt3bggkj1j3HLc7SyY6rEUpg.jpeg","contentUrl":"https:\/\/skaitytaknyga.lt\/wp-content\/uploads\/2024\/05\/cropped-cropped-cropped-02_00843_jt3bggkj1j3HLc7SyY6rEUpg.jpeg","width":1600,"height":1600,"caption":"skaitytaknyga.lt"},"image":{"@id":"https:\/\/skaitytaknyga.lt\/#\/schema\/logo\/image\/"},"sameAs":["https:\/\/www.facebook.com\/skaitytaknyga\/"]}]}},"_links":{"self":[{"href":"https:\/\/skaitytaknyga.lt\/en\/wp-json\/wp\/v2\/product\/4361","targetHints":{"allow":["GET"]}}],"collection":[{"href":"https:\/\/skaitytaknyga.lt\/en\/wp-json\/wp\/v2\/product"}],"about":[{"href":"https:\/\/skaitytaknyga.lt\/en\/wp-json\/wp\/v2\/types\/product"}],"replies":[{"embeddable":true,"href":"https:\/\/skaitytaknyga.lt\/en\/wp-json\/wp\/v2\/comments?post=4361"}],"wp:featuredmedia":[{"embeddable":true,"href":"https:\/\/skaitytaknyga.lt\/en\/wp-json\/wp\/v2\/media\/4405"}],"wp:attachment":[{"href":"https:\/\/skaitytaknyga.lt\/en\/wp-json\/wp\/v2\/media?parent=4361"}],"wp:term":[{"taxonomy":"product_brand","embeddable":true,"href":"https:\/\/skaitytaknyga.lt\/en\/wp-json\/wp\/v2\/product_brand?post=4361"},{"taxonomy":"product_cat","embeddable":true,"href":"https:\/\/skaitytaknyga.lt\/en\/wp-json\/wp\/v2\/product_cat?post=4361"},{"taxonomy":"product_tag","embeddable":true,"href":"https:\/\/skaitytaknyga.lt\/en\/wp-json\/wp\/v2\/product_tag?post=4361"}],"curies":[{"name":"wp","href":"https:\/\/api.w.org\/{rel}","templated":true}]}}