{"id":4360,"date":"2024-04-17T13:47:47","date_gmt":"2024-04-17T13:47:47","guid":{"rendered":"https:\/\/skaitytaknyga.lt\/?post_type=product&#038;p=4360"},"modified":"2025-11-23T13:28:47","modified_gmt":"2025-11-23T11:28:47","slug":"bodo-schafer-nugaletoju-principai","status":"publish","type":"product","link":"https:\/\/skaitytaknyga.lt\/en\/produktas\/bodo-schafer-nugaletoju-principai\/","title":{"rendered":"Bodo Schafer \u201eNugal\u0117toj\u0173 principai\u201c"},"content":{"rendered":"<p>\u0160i knyga nurodys trumpiausi\u0105 keli\u0105 \u012f asmenin\u0119 s\u0117km\u0119 ir turtus. Bodo Sch\u00e4feris pateikia 30 i\u0161bandyt\u0173 nugal\u0117toj\u0173 princip\u0173, kurie i\u0161d\u0117styti glaustai, lengvai ir patraukliai. \u0160ioje knygoje su\u017einosite pagrindines strategijas, kurios pad\u0117s visose gyvenimo srityse pasiekti dr\u0105siausi\u0173 tiksl\u0173.<\/p>\n<p>Per steb\u0117tinai trump\u0105 laik\u0105 i\u0161moksite:<\/p>\n<ul>\n<li>Pasiekti daugiau pergali\u0173 darbe;<\/li>\n<li>I\u0161ugdyti \u012fpro\u010dius, kurie savaime jus nuves \u012f s\u0117km\u0119 ir svajoni\u0173 i\u0161sipildym\u0105; Gyventi svajon\u0117mis; Pereiti 10 pakop\u0173, kurios pad\u0117s atsikratyti nereikaling\u0173 baimi\u0173;<\/li>\n<li>Pagerinti asmeninius ir profesinius santykius;<\/li>\n<li>Panaudoti stres\u0105 kaip nugal\u0117tojas;<\/li>\n<li>\u012egyti didesn\u012f autoritet\u0105.<\/li>\n<\/ul>\n","protected":false},"excerpt":{"rendered":"<p>\u0160i knyga nurodys trumpiausi\u0105 keli\u0105 \u012f asmenin\u0119 s\u0117km\u0119 ir turtus. Bodo Sch\u00e4feris pateikia 30 i\u0161bandyt\u0173 nugal\u0117toj\u0173 princip\u0173, kurie i\u0161d\u0117styti glaustai, lengvai ir patraukliai. \u0160ioje knygoje su\u017einosite pagrindines strategijas, kurios pad\u0117s visose gyvenimo srityse pasiekti dr\u0105siausi\u0173 tiksl\u0173.<\/p>\n<p>Per steb\u0117tinai trump\u0105 laik\u0105 i\u0161moksite:<\/p>\n<ul>\n<li>Pasiekti daugiau pergali\u0173 darbe;<\/li>\n<li>I\u0161ugdyti \u012fpro\u010dius, kurie savaime jus nuves \u012f s\u0117km\u0119 ir svajoni\u0173 i\u0161sipildym\u0105; Gyventi svajon\u0117mis; Pereiti 10 pakop\u0173, kurios pad\u0117s atsikratyti nereikaling\u0173 baimi\u0173;<\/li>\n<li>Pagerinti asmeninius ir profesinius santykius;<\/li>\n<li>Panaudoti stres\u0105 kaip nugal\u0117tojas;<\/li>\n<li>\u012egyti didesn\u012f autoritet\u0105.<\/li>\n<\/ul>\n","protected":false},"featured_media":4404,"comment_status":"closed","ping_status":"closed","template":"","meta":{"_acf_changed":false,"site-sidebar-layout":"default","site-content-layout":"","ast-site-content-layout":"default","site-content-style":"default","site-sidebar-style":"default","ast-global-header-display":"","ast-banner-title-visibility":"","ast-main-header-display":"","ast-hfb-above-header-display":"","ast-hfb-below-header-display":"","ast-hfb-mobile-header-display":"","site-post-title":"","ast-breadcrumbs-content":"","ast-featured-img":"","footer-sml-layout":"","ast-disable-related-posts":"","theme-transparent-header-meta":"","adv-header-id-meta":"","stick-header-meta":"","header-above-stick-meta":"","header-main-stick-meta":"","header-below-stick-meta":"","astra-migrate-meta-layouts":"default","ast-page-background-enabled":"default","ast-page-background-meta":{"desktop":{"background-color":"","background-image":"","background-repeat":"repeat","background-position":"center center","background-size":"auto","background-attachment":"scroll","background-type":"","background-media":"","overlay-type":"","overlay-color":"","overlay-opacity":"","overlay-gradient":""},"tablet":{"background-color":"","background-image":"","background-repeat":"repeat","background-position":"center center","background-size":"auto","background-attachment":"scroll","background-type":"","background-media":"","overlay-type":"","overlay-color":"","overlay-opacity":"","overlay-gradient":""},"mobile":{"background-color":"","background-image":"","background-repeat":"repeat","background-position":"center center","background-size":"auto","background-attachment":"scroll","background-type":"","background-media":"","overlay-type":"","overlay-color":"","overlay-opacity":"","overlay-gradient":""}},"ast-content-background-meta":{"desktop":{"background-color":"var(--ast-global-color-4)","background-image":"","background-repeat":"repeat","background-position":"center center","background-size":"auto","background-attachment":"scroll","background-type":"","background-media":"","overlay-type":"","overlay-color":"","overlay-opacity":"","overlay-gradient":""},"tablet":{"background-color":"var(--ast-global-color-4)","background-image":"","background-repeat":"repeat","background-position":"center center","background-size":"auto","background-attachment":"scroll","background-type":"","background-media":"","overlay-type":"","overlay-color":"","overlay-opacity":"","overlay-gradient":""},"mobile":{"background-color":"var(--ast-global-color-4)","background-image":"","background-repeat":"repeat","background-position":"center center","background-size":"auto","background-attachment":"scroll","background-type":"","background-media":"","overlay-type":"","overlay-color":"","overlay-opacity":"","overlay-gradient":""}}},"product_brand":[],"product_cat":[26],"product_tag":[],"class_list":{"0":"post-4360","1":"product","2":"type-product","3":"status-publish","4":"has-post-thumbnail","6":"product_cat-verslas-vadyba-ir-finansai","7":"pa_leidimo-metai-636","8":"pa_virselis-minkstas","9":"desktop-align-left","10":"tablet-align-left","11":"mobile-align-left","13":"first","14":"instock","15":"shipping-taxable","16":"purchasable","17":"product-type-simple"},"acf":[],"yoast_head":"<!-- This site is optimized with the Yoast SEO plugin v27.0 - https:\/\/yoast.com\/product\/yoast-seo-wordpress\/ -->\n<title>Bodo Schafer \u201eNugal\u0117toj\u0173 principai\u201c - Skaitytaknyga<\/title>\n<meta name=\"description\" content=\"\u0160i knyga nurodys trumpiausi\u0105 keli\u0105 \u012f asmenin\u0119 s\u0117km\u0119 ir turtus. Bodo Sch\u00e4feris pateikia 30 i\u0161bandyt\u0173 nugal\u0117toj\u0173 princip\u0173, kurie i\u0161d\u0117styti glaustai, lengvai ir patraukliai. \u0160ioje knygoje su\u017einosite pagrindines strategijas, kurios pad\u0117s visose gyvenimo srityse pasiekti dr\u0105siausi\u0173 tiksl\u0173.  Per steb\u0117tinai trump\u0105 laik\u0105 i\u0161moksite:   Pasiekti daugiau pergali\u0173 darbe;  I\u0161ugdyti \u012fpro\u010dius, kurie savaime jus nuves \u012f s\u0117km\u0119 ir svajoni\u0173 i\u0161sipildym\u0105; Gyventi svajon\u0117mis; Pereiti 10 pakop\u0173, kurios pad\u0117s atsikratyti nereikaling\u0173 baimi\u0173;  Pagerinti asmeninius ir profesinius santykius;  Panaudoti stres\u0105 kaip nugal\u0117tojas;  \u012egyti didesn\u012f autoritet\u0105.\" \/>\n<meta name=\"robots\" content=\"index, follow, max-snippet:-1, max-image-preview:large, max-video-preview:-1\" \/>\n<link rel=\"canonical\" href=\"https:\/\/skaitytaknyga.lt\/en\/produktas\/bodo-schafer-nugaletoju-principai\/\" \/>\n<meta property=\"og:locale\" content=\"en_GB\" \/>\n<meta property=\"og:locale:alternate\" content=\"lt_LT\" \/>\n<meta property=\"og:type\" content=\"article\" \/>\n<meta property=\"og:title\" content=\"Bodo Schafer \u201eNugal\u0117toj\u0173 principai\u201c - Skaitytaknyga\" \/>\n<meta property=\"og:description\" content=\"\u0160i knyga nurodys trumpiausi\u0105 keli\u0105 \u012f asmenin\u0119 s\u0117km\u0119 ir turtus. Bodo Sch\u00e4feris pateikia 30 i\u0161bandyt\u0173 nugal\u0117toj\u0173 princip\u0173, kurie i\u0161d\u0117styti glaustai, lengvai ir patraukliai. \u0160ioje knygoje su\u017einosite pagrindines strategijas, kurios pad\u0117s visose gyvenimo srityse pasiekti dr\u0105siausi\u0173 tiksl\u0173.  Per steb\u0117tinai trump\u0105 laik\u0105 i\u0161moksite:   Pasiekti daugiau pergali\u0173 darbe;  I\u0161ugdyti \u012fpro\u010dius, kurie savaime jus nuves \u012f s\u0117km\u0119 ir svajoni\u0173 i\u0161sipildym\u0105; Gyventi svajon\u0117mis; Pereiti 10 pakop\u0173, kurios pad\u0117s atsikratyti nereikaling\u0173 baimi\u0173;  Pagerinti asmeninius ir profesinius santykius;  Panaudoti stres\u0105 kaip nugal\u0117tojas;  \u012egyti didesn\u012f autoritet\u0105.\" \/>\n<meta property=\"og:url\" content=\"https:\/\/skaitytaknyga.lt\/en\/produktas\/bodo-schafer-nugaletoju-principai\/\" \/>\n<meta property=\"og:site_name\" content=\"Skaitytaknyga\" \/>\n<meta property=\"article:publisher\" content=\"https:\/\/www.facebook.com\/skaitytaknyga\/\" \/>\n<meta property=\"article:modified_time\" content=\"2025-11-23T11:28:47+00:00\" \/>\n<meta property=\"og:image\" content=\"https:\/\/skaitytaknyga.lt\/wp-content\/uploads\/2024\/04\/1462882745_img0009-001.jpg\" \/>\n\t<meta property=\"og:image:width\" content=\"288\" \/>\n\t<meta property=\"og:image:height\" content=\"430\" \/>\n\t<meta property=\"og:image:type\" content=\"image\/jpeg\" \/>\n<meta name=\"twitter:card\" content=\"summary_large_image\" \/>\n<script type=\"application\/ld+json\" class=\"yoast-schema-graph\">{\"@context\":\"https:\/\/schema.org\",\"@graph\":[{\"@type\":\"WebPage\",\"@id\":\"https:\/\/skaitytaknyga.lt\/produktas\/bodo-schafer-nugaletoju-principai\/\",\"url\":\"https:\/\/skaitytaknyga.lt\/produktas\/bodo-schafer-nugaletoju-principai\/\",\"name\":\"Bodo Schafer \u201eNugal\u0117toj\u0173 principai\u201c - Skaitytaknyga\",\"isPartOf\":{\"@id\":\"https:\/\/skaitytaknyga.lt\/#website\"},\"primaryImageOfPage\":{\"@id\":\"https:\/\/skaitytaknyga.lt\/produktas\/bodo-schafer-nugaletoju-principai\/#primaryimage\"},\"image\":{\"@id\":\"https:\/\/skaitytaknyga.lt\/produktas\/bodo-schafer-nugaletoju-principai\/#primaryimage\"},\"thumbnailUrl\":\"https:\/\/skaitytaknyga.lt\/wp-content\/uploads\/2024\/04\/1462882745_img0009-001.jpg\",\"datePublished\":\"2024-04-17T13:47:47+00:00\",\"dateModified\":\"2025-11-23T11:28:47+00:00\",\"description\":\"\u0160i knyga nurodys trumpiausi\u0105 keli\u0105 \u012f asmenin\u0119 s\u0117km\u0119 ir turtus. Bodo Sch\u00e4feris pateikia 30 i\u0161bandyt\u0173 nugal\u0117toj\u0173 princip\u0173, kurie i\u0161d\u0117styti glaustai, lengvai ir patraukliai. \u0160ioje knygoje su\u017einosite pagrindines strategijas, kurios pad\u0117s visose gyvenimo srityse pasiekti dr\u0105siausi\u0173 tiksl\u0173. Per steb\u0117tinai trump\u0105 laik\u0105 i\u0161moksite: Pasiekti daugiau pergali\u0173 darbe; I\u0161ugdyti \u012fpro\u010dius, kurie savaime jus nuves \u012f s\u0117km\u0119 ir svajoni\u0173 i\u0161sipildym\u0105; Gyventi svajon\u0117mis; Pereiti 10 pakop\u0173, kurios pad\u0117s atsikratyti nereikaling\u0173 baimi\u0173; Pagerinti asmeninius ir profesinius santykius; Panaudoti stres\u0105 kaip nugal\u0117tojas; \u012egyti didesn\u012f autoritet\u0105.\",\"breadcrumb\":{\"@id\":\"https:\/\/skaitytaknyga.lt\/produktas\/bodo-schafer-nugaletoju-principai\/#breadcrumb\"},\"inLanguage\":\"en-GB\",\"potentialAction\":[{\"@type\":\"ReadAction\",\"target\":[\"https:\/\/skaitytaknyga.lt\/produktas\/bodo-schafer-nugaletoju-principai\/\"]}]},{\"@type\":\"ImageObject\",\"inLanguage\":\"en-GB\",\"@id\":\"https:\/\/skaitytaknyga.lt\/produktas\/bodo-schafer-nugaletoju-principai\/#primaryimage\",\"url\":\"https:\/\/skaitytaknyga.lt\/wp-content\/uploads\/2024\/04\/1462882745_img0009-001.jpg\",\"contentUrl\":\"https:\/\/skaitytaknyga.lt\/wp-content\/uploads\/2024\/04\/1462882745_img0009-001.jpg\",\"width\":288,\"height\":430},{\"@type\":\"BreadcrumbList\",\"@id\":\"https:\/\/skaitytaknyga.lt\/produktas\/bodo-schafer-nugaletoju-principai\/#breadcrumb\",\"itemListElement\":[{\"@type\":\"ListItem\",\"position\":1,\"name\":\"Home\",\"item\":\"https:\/\/skaitytaknyga.lt\/\"},{\"@type\":\"ListItem\",\"position\":2,\"name\":\"Parduotuv\u0117\",\"item\":\"https:\/\/skaitytaknyga.lt\/knygu-parduotuve\/\"},{\"@type\":\"ListItem\",\"position\":3,\"name\":\"Bodo Schafer \u201eNugal\u0117toj\u0173 principai\u201c\"}]},{\"@type\":\"WebSite\",\"@id\":\"https:\/\/skaitytaknyga.lt\/#website\",\"url\":\"https:\/\/skaitytaknyga.lt\/\",\"name\":\"skaitytaknyga.lt\",\"description\":\"Skaitytaknyga.lt \u2013 tai ma\u017eas \u0161eimos verslas, kuris prasid\u0117jo nuo meil\u0117s knygoms ir siekio i\u0161gelb\u0117ti knygas nuo likimo prie konteinerio. Kas vienam nereikalingas daiktas \u2013 kitam lobis, o mes esame tarpininkai, kurie padeda abiems tapti laimingesniems ???? \u017dinome kaip nelengva i\u0161gyventi ma\u017eiems verslams, tad nuo \u0161iol, \u010dia rasite ir kit\u0173, ma\u017e\u0173 \u0161eim\u0173 versl\u0173, rank\u0173 darbo, dovan\u0173 sau ir artimiesiems.\",\"publisher\":{\"@id\":\"https:\/\/skaitytaknyga.lt\/#organization\"},\"potentialAction\":[{\"@type\":\"SearchAction\",\"target\":{\"@type\":\"EntryPoint\",\"urlTemplate\":\"https:\/\/skaitytaknyga.lt\/?s={search_term_string}\"},\"query-input\":{\"@type\":\"PropertyValueSpecification\",\"valueRequired\":true,\"valueName\":\"search_term_string\"}}],\"inLanguage\":\"en-GB\"},{\"@type\":\"Organization\",\"@id\":\"https:\/\/skaitytaknyga.lt\/#organization\",\"name\":\"skaitytaknyga.lt\",\"url\":\"https:\/\/skaitytaknyga.lt\/\",\"logo\":{\"@type\":\"ImageObject\",\"inLanguage\":\"en-GB\",\"@id\":\"https:\/\/skaitytaknyga.lt\/#\/schema\/logo\/image\/\",\"url\":\"https:\/\/skaitytaknyga.lt\/wp-content\/uploads\/2024\/05\/cropped-cropped-cropped-02_00843_jt3bggkj1j3HLc7SyY6rEUpg.jpeg\",\"contentUrl\":\"https:\/\/skaitytaknyga.lt\/wp-content\/uploads\/2024\/05\/cropped-cropped-cropped-02_00843_jt3bggkj1j3HLc7SyY6rEUpg.jpeg\",\"width\":1600,\"height\":1600,\"caption\":\"skaitytaknyga.lt\"},\"image\":{\"@id\":\"https:\/\/skaitytaknyga.lt\/#\/schema\/logo\/image\/\"},\"sameAs\":[\"https:\/\/www.facebook.com\/skaitytaknyga\/\"]}]}<\/script>\n<!-- \/ Yoast SEO plugin. -->","yoast_head_json":{"title":"Bodo Schafer \u201eNugal\u0117toj\u0173 principai\u201c - Skaitytaknyga","description":"\u0160i knyga nurodys trumpiausi\u0105 keli\u0105 \u012f asmenin\u0119 s\u0117km\u0119 ir turtus. Bodo Sch\u00e4feris pateikia 30 i\u0161bandyt\u0173 nugal\u0117toj\u0173 princip\u0173, kurie i\u0161d\u0117styti glaustai, lengvai ir patraukliai. \u0160ioje knygoje su\u017einosite pagrindines strategijas, kurios pad\u0117s visose gyvenimo srityse pasiekti dr\u0105siausi\u0173 tiksl\u0173.  Per steb\u0117tinai trump\u0105 laik\u0105 i\u0161moksite:   Pasiekti daugiau pergali\u0173 darbe;  I\u0161ugdyti \u012fpro\u010dius, kurie savaime jus nuves \u012f s\u0117km\u0119 ir svajoni\u0173 i\u0161sipildym\u0105; Gyventi svajon\u0117mis; Pereiti 10 pakop\u0173, kurios pad\u0117s atsikratyti nereikaling\u0173 baimi\u0173;  Pagerinti asmeninius ir profesinius santykius;  Panaudoti stres\u0105 kaip nugal\u0117tojas;  \u012egyti didesn\u012f autoritet\u0105.","robots":{"index":"index","follow":"follow","max-snippet":"max-snippet:-1","max-image-preview":"max-image-preview:large","max-video-preview":"max-video-preview:-1"},"canonical":"https:\/\/skaitytaknyga.lt\/en\/produktas\/bodo-schafer-nugaletoju-principai\/","og_locale":"en_GB","og_type":"article","og_title":"Bodo Schafer \u201eNugal\u0117toj\u0173 principai\u201c - Skaitytaknyga","og_description":"\u0160i knyga nurodys trumpiausi\u0105 keli\u0105 \u012f asmenin\u0119 s\u0117km\u0119 ir turtus. Bodo Sch\u00e4feris pateikia 30 i\u0161bandyt\u0173 nugal\u0117toj\u0173 princip\u0173, kurie i\u0161d\u0117styti glaustai, lengvai ir patraukliai. \u0160ioje knygoje su\u017einosite pagrindines strategijas, kurios pad\u0117s visose gyvenimo srityse pasiekti dr\u0105siausi\u0173 tiksl\u0173.  Per steb\u0117tinai trump\u0105 laik\u0105 i\u0161moksite:   Pasiekti daugiau pergali\u0173 darbe;  I\u0161ugdyti \u012fpro\u010dius, kurie savaime jus nuves \u012f s\u0117km\u0119 ir svajoni\u0173 i\u0161sipildym\u0105; Gyventi svajon\u0117mis; Pereiti 10 pakop\u0173, kurios pad\u0117s atsikratyti nereikaling\u0173 baimi\u0173;  Pagerinti asmeninius ir profesinius santykius;  Panaudoti stres\u0105 kaip nugal\u0117tojas;  \u012egyti didesn\u012f autoritet\u0105.","og_url":"https:\/\/skaitytaknyga.lt\/en\/produktas\/bodo-schafer-nugaletoju-principai\/","og_site_name":"Skaitytaknyga","article_publisher":"https:\/\/www.facebook.com\/skaitytaknyga\/","article_modified_time":"2025-11-23T11:28:47+00:00","og_image":[{"width":288,"height":430,"url":"https:\/\/skaitytaknyga.lt\/wp-content\/uploads\/2024\/04\/1462882745_img0009-001.jpg","type":"image\/jpeg"}],"twitter_card":"summary_large_image","schema":{"@context":"https:\/\/schema.org","@graph":[{"@type":"WebPage","@id":"https:\/\/skaitytaknyga.lt\/produktas\/bodo-schafer-nugaletoju-principai\/","url":"https:\/\/skaitytaknyga.lt\/produktas\/bodo-schafer-nugaletoju-principai\/","name":"Bodo Schafer \u201eNugal\u0117toj\u0173 principai\u201c - Skaitytaknyga","isPartOf":{"@id":"https:\/\/skaitytaknyga.lt\/#website"},"primaryImageOfPage":{"@id":"https:\/\/skaitytaknyga.lt\/produktas\/bodo-schafer-nugaletoju-principai\/#primaryimage"},"image":{"@id":"https:\/\/skaitytaknyga.lt\/produktas\/bodo-schafer-nugaletoju-principai\/#primaryimage"},"thumbnailUrl":"https:\/\/skaitytaknyga.lt\/wp-content\/uploads\/2024\/04\/1462882745_img0009-001.jpg","datePublished":"2024-04-17T13:47:47+00:00","dateModified":"2025-11-23T11:28:47+00:00","description":"\u0160i knyga nurodys trumpiausi\u0105 keli\u0105 \u012f asmenin\u0119 s\u0117km\u0119 ir turtus. Bodo Sch\u00e4feris pateikia 30 i\u0161bandyt\u0173 nugal\u0117toj\u0173 princip\u0173, kurie i\u0161d\u0117styti glaustai, lengvai ir patraukliai. \u0160ioje knygoje su\u017einosite pagrindines strategijas, kurios pad\u0117s visose gyvenimo srityse pasiekti dr\u0105siausi\u0173 tiksl\u0173. Per steb\u0117tinai trump\u0105 laik\u0105 i\u0161moksite: Pasiekti daugiau pergali\u0173 darbe; I\u0161ugdyti \u012fpro\u010dius, kurie savaime jus nuves \u012f s\u0117km\u0119 ir svajoni\u0173 i\u0161sipildym\u0105; Gyventi svajon\u0117mis; Pereiti 10 pakop\u0173, kurios pad\u0117s atsikratyti nereikaling\u0173 baimi\u0173; Pagerinti asmeninius ir profesinius santykius; Panaudoti stres\u0105 kaip nugal\u0117tojas; \u012egyti didesn\u012f autoritet\u0105.","breadcrumb":{"@id":"https:\/\/skaitytaknyga.lt\/produktas\/bodo-schafer-nugaletoju-principai\/#breadcrumb"},"inLanguage":"en-GB","potentialAction":[{"@type":"ReadAction","target":["https:\/\/skaitytaknyga.lt\/produktas\/bodo-schafer-nugaletoju-principai\/"]}]},{"@type":"ImageObject","inLanguage":"en-GB","@id":"https:\/\/skaitytaknyga.lt\/produktas\/bodo-schafer-nugaletoju-principai\/#primaryimage","url":"https:\/\/skaitytaknyga.lt\/wp-content\/uploads\/2024\/04\/1462882745_img0009-001.jpg","contentUrl":"https:\/\/skaitytaknyga.lt\/wp-content\/uploads\/2024\/04\/1462882745_img0009-001.jpg","width":288,"height":430},{"@type":"BreadcrumbList","@id":"https:\/\/skaitytaknyga.lt\/produktas\/bodo-schafer-nugaletoju-principai\/#breadcrumb","itemListElement":[{"@type":"ListItem","position":1,"name":"Home","item":"https:\/\/skaitytaknyga.lt\/"},{"@type":"ListItem","position":2,"name":"Parduotuv\u0117","item":"https:\/\/skaitytaknyga.lt\/knygu-parduotuve\/"},{"@type":"ListItem","position":3,"name":"Bodo Schafer \u201eNugal\u0117toj\u0173 principai\u201c"}]},{"@type":"WebSite","@id":"https:\/\/skaitytaknyga.lt\/#website","url":"https:\/\/skaitytaknyga.lt\/","name":"skaitytaknyga.lt","description":"Skaitytaknyga.lt \u2013 tai ma\u017eas \u0161eimos verslas, kuris prasid\u0117jo nuo meil\u0117s knygoms ir siekio i\u0161gelb\u0117ti knygas nuo likimo prie konteinerio. Kas vienam nereikalingas daiktas \u2013 kitam lobis, o mes esame tarpininkai, kurie padeda abiems tapti laimingesniems ???? \u017dinome kaip nelengva i\u0161gyventi ma\u017eiems verslams, tad nuo \u0161iol, \u010dia rasite ir kit\u0173, ma\u017e\u0173 \u0161eim\u0173 versl\u0173, rank\u0173 darbo, dovan\u0173 sau ir artimiesiems.","publisher":{"@id":"https:\/\/skaitytaknyga.lt\/#organization"},"potentialAction":[{"@type":"SearchAction","target":{"@type":"EntryPoint","urlTemplate":"https:\/\/skaitytaknyga.lt\/?s={search_term_string}"},"query-input":{"@type":"PropertyValueSpecification","valueRequired":true,"valueName":"search_term_string"}}],"inLanguage":"en-GB"},{"@type":"Organization","@id":"https:\/\/skaitytaknyga.lt\/#organization","name":"skaitytaknyga.lt","url":"https:\/\/skaitytaknyga.lt\/","logo":{"@type":"ImageObject","inLanguage":"en-GB","@id":"https:\/\/skaitytaknyga.lt\/#\/schema\/logo\/image\/","url":"https:\/\/skaitytaknyga.lt\/wp-content\/uploads\/2024\/05\/cropped-cropped-cropped-02_00843_jt3bggkj1j3HLc7SyY6rEUpg.jpeg","contentUrl":"https:\/\/skaitytaknyga.lt\/wp-content\/uploads\/2024\/05\/cropped-cropped-cropped-02_00843_jt3bggkj1j3HLc7SyY6rEUpg.jpeg","width":1600,"height":1600,"caption":"skaitytaknyga.lt"},"image":{"@id":"https:\/\/skaitytaknyga.lt\/#\/schema\/logo\/image\/"},"sameAs":["https:\/\/www.facebook.com\/skaitytaknyga\/"]}]}},"_links":{"self":[{"href":"https:\/\/skaitytaknyga.lt\/en\/wp-json\/wp\/v2\/product\/4360","targetHints":{"allow":["GET"]}}],"collection":[{"href":"https:\/\/skaitytaknyga.lt\/en\/wp-json\/wp\/v2\/product"}],"about":[{"href":"https:\/\/skaitytaknyga.lt\/en\/wp-json\/wp\/v2\/types\/product"}],"replies":[{"embeddable":true,"href":"https:\/\/skaitytaknyga.lt\/en\/wp-json\/wp\/v2\/comments?post=4360"}],"wp:featuredmedia":[{"embeddable":true,"href":"https:\/\/skaitytaknyga.lt\/en\/wp-json\/wp\/v2\/media\/4404"}],"wp:attachment":[{"href":"https:\/\/skaitytaknyga.lt\/en\/wp-json\/wp\/v2\/media?parent=4360"}],"wp:term":[{"taxonomy":"product_brand","embeddable":true,"href":"https:\/\/skaitytaknyga.lt\/en\/wp-json\/wp\/v2\/product_brand?post=4360"},{"taxonomy":"product_cat","embeddable":true,"href":"https:\/\/skaitytaknyga.lt\/en\/wp-json\/wp\/v2\/product_cat?post=4360"},{"taxonomy":"product_tag","embeddable":true,"href":"https:\/\/skaitytaknyga.lt\/en\/wp-json\/wp\/v2\/product_tag?post=4360"}],"curies":[{"name":"wp","href":"https:\/\/api.w.org\/{rel}","templated":true}]}}