{"id":4328,"date":"2024-04-17T13:47:24","date_gmt":"2024-04-17T13:47:24","guid":{"rendered":"https:\/\/skaitytaknyga.lt\/?post_type=product&#038;p=4328"},"modified":"2024-05-03T07:24:30","modified_gmt":"2024-05-03T07:24:30","slug":"z-vernas-zangada-2","status":"publish","type":"product","link":"https:\/\/skaitytaknyga.lt\/en\/produktas\/z-vernas-zangada-2\/","title":{"rendered":"\u017d. Vernas \u201e\u017dangada\u201c"},"content":{"rendered":"<p>Romanas \u201e\u017dangada\u201c pasakoja apie nuotyki\u0173 ir i\u0161\u0161\u016bki\u0173 lydim\u0105 vienos \u0161eimos kelion\u0119 plaustu po Piet\u0173 Amerik\u0105. S\u0105\u017einingas ir taurus \u017emogus \u017doamas Garalis daug met\u0173 priverstas slapstytis, nes yra pasmerktas myriop u\u017e nusikaltim\u0105, kurio nepadar\u0117. Teisingumas da\u017enai b\u016bna aklas, tod\u0117l i\u0161teisinti vien\u0105 pagrindini\u0173 romano veik\u0117j\u0173 galima tik suradus ir i\u0161\u0161ifravus slapt\u0105 dokument\u0105&#8230; B\u016btent to slapto dokumento paie\u0161ka ir yra toji misija, kuri\u0105 siekiama \u012fvykdyti per\u017eengiant kli\u016btis ir \u012fveikiant pavojus kelion\u0117s Piet\u0173 Amerikoje metu. Kaip ir kiti \u017diulio Verno k\u016briniai, \u0161is romanas stebina skaitytojus netik\u0117\u010diausiais nuotykiais, o kartu suteikia daug mokslini\u0173 \u017eini\u0173 apie tolim\u0173j\u0173 kra\u0161t\u0173 gyventojus, j\u0173 tradicijas ir papro\u010dius, t\u0173 kra\u0161t\u0173 gyv\u016bnij\u0105 ir augmenij\u0105.<\/p>\n","protected":false},"excerpt":{"rendered":"<p>Romanas \u201e\u017dangada\u201c pasakoja apie nuotyki\u0173 ir i\u0161\u0161\u016bki\u0173 lydim\u0105 vienos \u0161eimos kelion\u0119 plaustu po Piet\u0173 Amerik\u0105. S\u0105\u017einingas ir taurus \u017emogus \u017doamas Garalis daug met\u0173 priverstas slapstytis, nes yra pasmerktas myriop u\u017e nusikaltim\u0105, kurio nepadar\u0117. Teisingumas da\u017enai b\u016bna aklas, tod\u0117l i\u0161teisinti vien\u0105 pagrindini\u0173 romano veik\u0117j\u0173 galima tik suradus ir i\u0161\u0161ifravus slapt\u0105 dokument\u0105&#8230; B\u016btent to slapto dokumento paie\u0161ka ir yra toji misija, kuri\u0105 siekiama \u012fvykdyti per\u017eengiant kli\u016btis ir \u012fveikiant pavojus kelion\u0117s Piet\u0173 Amerikoje metu. Kaip ir kiti \u017diulio Verno k\u016briniai, \u0161is romanas stebina skaitytojus netik\u0117\u010diausiais nuotykiais, o kartu suteikia daug mokslini\u0173 \u017eini\u0173 apie tolim\u0173j\u0173 kra\u0161t\u0173 gyventojus, j\u0173 tradicijas ir papro\u010dius, t\u0173 kra\u0161t\u0173 gyv\u016bnij\u0105 ir augmenij\u0105.<\/p>\n","protected":false},"featured_media":4374,"comment_status":"closed","ping_status":"closed","template":"","meta":{"_acf_changed":false,"site-sidebar-layout":"default","site-content-layout":"","ast-site-content-layout":"default","site-content-style":"default","site-sidebar-style":"default","ast-global-header-display":"","ast-banner-title-visibility":"","ast-main-header-display":"","ast-hfb-above-header-display":"","ast-hfb-below-header-display":"","ast-hfb-mobile-header-display":"","site-post-title":"","ast-breadcrumbs-content":"","ast-featured-img":"","footer-sml-layout":"","ast-disable-related-posts":"","theme-transparent-header-meta":"","adv-header-id-meta":"","stick-header-meta":"","header-above-stick-meta":"","header-main-stick-meta":"","header-below-stick-meta":"","astra-migrate-meta-layouts":"default","ast-page-background-enabled":"default","ast-page-background-meta":{"desktop":{"background-color":"","background-image":"","background-repeat":"repeat","background-position":"center center","background-size":"auto","background-attachment":"scroll","background-type":"","background-media":"","overlay-type":"","overlay-color":"","overlay-opacity":"","overlay-gradient":""},"tablet":{"background-color":"","background-image":"","background-repeat":"repeat","background-position":"center center","background-size":"auto","background-attachment":"scroll","background-type":"","background-media":"","overlay-type":"","overlay-color":"","overlay-opacity":"","overlay-gradient":""},"mobile":{"background-color":"","background-image":"","background-repeat":"repeat","background-position":"center center","background-size":"auto","background-attachment":"scroll","background-type":"","background-media":"","overlay-type":"","overlay-color":"","overlay-opacity":"","overlay-gradient":""}},"ast-content-background-meta":{"desktop":{"background-color":"var(--ast-global-color-4)","background-image":"","background-repeat":"repeat","background-position":"center center","background-size":"auto","background-attachment":"scroll","background-type":"","background-media":"","overlay-type":"","overlay-color":"","overlay-opacity":"","overlay-gradient":""},"tablet":{"background-color":"var(--ast-global-color-4)","background-image":"","background-repeat":"repeat","background-position":"center center","background-size":"auto","background-attachment":"scroll","background-type":"","background-media":"","overlay-type":"","overlay-color":"","overlay-opacity":"","overlay-gradient":""},"mobile":{"background-color":"var(--ast-global-color-4)","background-image":"","background-repeat":"repeat","background-position":"center center","background-size":"auto","background-attachment":"scroll","background-type":"","background-media":"","overlay-type":"","overlay-color":"","overlay-opacity":"","overlay-gradient":""}}},"product_brand":[],"product_cat":[28],"product_tag":[],"class_list":{"0":"post-4328","1":"product","2":"type-product","3":"status-publish","4":"has-post-thumbnail","6":"product_cat-klasika","7":"desktop-align-left","8":"tablet-align-left","9":"mobile-align-left","11":"first","12":"instock","13":"shipping-taxable","14":"purchasable","15":"product-type-simple"},"acf":[],"yoast_head":"<!-- This site is optimized with the Yoast SEO plugin v27.0 - https:\/\/yoast.com\/product\/yoast-seo-wordpress\/ -->\n<title>\u017d. Vernas \u201e\u017dangada\u201c - Skaitytaknyga<\/title>\n<meta name=\"description\" content=\"Romanas \u201e\u017dangada\u201c pasakoja apie nuotyki\u0173 ir i\u0161\u0161\u016bki\u0173 lydim\u0105 vienos \u0161eimos kelion\u0119 plaustu po Piet\u0173 Amerik\u0105. S\u0105\u017einingas ir taurus \u017emogus \u017doamas Garalis daug met\u0173 priverstas slapstytis, nes yra pasmerktas myriop u\u017e nusikaltim\u0105, kurio nepadar\u0117. Teisingumas da\u017enai b\u016bna aklas, tod\u0117l i\u0161teisinti vien\u0105 pagrindini\u0173 romano veik\u0117j\u0173 galima tik suradus ir i\u0161\u0161ifravus slapt\u0105 dokument\u0105... B\u016btent to slapto dokumento paie\u0161ka ir yra toji misija, kuri\u0105 siekiama \u012fvykdyti per\u017eengiant kli\u016btis ir \u012fveikiant pavojus kelion\u0117s Piet\u0173 Amerikoje metu. Kaip ir kiti \u017diulio Verno k\u016briniai, \u0161is romanas stebina skaitytojus netik\u0117\u010diausiais nuotykiais, o kartu suteikia daug mokslini\u0173 \u017eini\u0173 apie tolim\u0173j\u0173 kra\u0161t\u0173 gyventojus, j\u0173 tradicijas ir papro\u010dius, t\u0173 kra\u0161t\u0173 gyv\u016bnij\u0105 ir augmenij\u0105.\" \/>\n<meta name=\"robots\" content=\"index, follow, max-snippet:-1, max-image-preview:large, max-video-preview:-1\" \/>\n<link rel=\"canonical\" href=\"https:\/\/skaitytaknyga.lt\/en\/produktas\/z-vernas-zangada-2\/\" \/>\n<meta property=\"og:locale\" content=\"en_GB\" \/>\n<meta property=\"og:locale:alternate\" content=\"lt_LT\" \/>\n<meta property=\"og:type\" content=\"article\" \/>\n<meta property=\"og:title\" content=\"\u017d. Vernas \u201e\u017dangada\u201c - Skaitytaknyga\" \/>\n<meta property=\"og:description\" content=\"Romanas \u201e\u017dangada\u201c pasakoja apie nuotyki\u0173 ir i\u0161\u0161\u016bki\u0173 lydim\u0105 vienos \u0161eimos kelion\u0119 plaustu po Piet\u0173 Amerik\u0105. S\u0105\u017einingas ir taurus \u017emogus \u017doamas Garalis daug met\u0173 priverstas slapstytis, nes yra pasmerktas myriop u\u017e nusikaltim\u0105, kurio nepadar\u0117. Teisingumas da\u017enai b\u016bna aklas, tod\u0117l i\u0161teisinti vien\u0105 pagrindini\u0173 romano veik\u0117j\u0173 galima tik suradus ir i\u0161\u0161ifravus slapt\u0105 dokument\u0105... B\u016btent to slapto dokumento paie\u0161ka ir yra toji misija, kuri\u0105 siekiama \u012fvykdyti per\u017eengiant kli\u016btis ir \u012fveikiant pavojus kelion\u0117s Piet\u0173 Amerikoje metu. Kaip ir kiti \u017diulio Verno k\u016briniai, \u0161is romanas stebina skaitytojus netik\u0117\u010diausiais nuotykiais, o kartu suteikia daug mokslini\u0173 \u017eini\u0173 apie tolim\u0173j\u0173 kra\u0161t\u0173 gyventojus, j\u0173 tradicijas ir papro\u010dius, t\u0173 kra\u0161t\u0173 gyv\u016bnij\u0105 ir augmenij\u0105.\" \/>\n<meta property=\"og:url\" content=\"https:\/\/skaitytaknyga.lt\/en\/produktas\/z-vernas-zangada-2\/\" \/>\n<meta property=\"og:site_name\" content=\"Skaitytaknyga\" \/>\n<meta property=\"article:publisher\" content=\"https:\/\/www.facebook.com\/skaitytaknyga\/\" \/>\n<meta property=\"article:modified_time\" content=\"2024-05-03T07:24:30+00:00\" \/>\n<meta property=\"og:image\" content=\"https:\/\/skaitytaknyga.lt\/wp-content\/uploads\/2024\/04\/Be-pavadinimo-6-1.png\" \/>\n\t<meta property=\"og:image:width\" content=\"394\" \/>\n\t<meta property=\"og:image:height\" content=\"607\" \/>\n\t<meta property=\"og:image:type\" content=\"image\/png\" \/>\n<meta name=\"twitter:card\" content=\"summary_large_image\" \/>\n<meta name=\"twitter:label1\" content=\"Estimated reading time\" \/>\n\t<meta name=\"twitter:data1\" content=\"1 minute\" \/>\n<script type=\"application\/ld+json\" class=\"yoast-schema-graph\">{\"@context\":\"https:\/\/schema.org\",\"@graph\":[{\"@type\":\"WebPage\",\"@id\":\"https:\/\/skaitytaknyga.lt\/produktas\/z-vernas-zangada-2\/\",\"url\":\"https:\/\/skaitytaknyga.lt\/produktas\/z-vernas-zangada-2\/\",\"name\":\"\u017d. Vernas \u201e\u017dangada\u201c - Skaitytaknyga\",\"isPartOf\":{\"@id\":\"https:\/\/skaitytaknyga.lt\/#website\"},\"primaryImageOfPage\":{\"@id\":\"https:\/\/skaitytaknyga.lt\/produktas\/z-vernas-zangada-2\/#primaryimage\"},\"image\":{\"@id\":\"https:\/\/skaitytaknyga.lt\/produktas\/z-vernas-zangada-2\/#primaryimage\"},\"thumbnailUrl\":\"https:\/\/skaitytaknyga.lt\/wp-content\/uploads\/2024\/04\/Be-pavadinimo-6-1.png\",\"datePublished\":\"2024-04-17T13:47:24+00:00\",\"dateModified\":\"2024-05-03T07:24:30+00:00\",\"description\":\"Romanas \u201e\u017dangada\u201c pasakoja apie nuotyki\u0173 ir i\u0161\u0161\u016bki\u0173 lydim\u0105 vienos \u0161eimos kelion\u0119 plaustu po Piet\u0173 Amerik\u0105. S\u0105\u017einingas ir taurus \u017emogus \u017doamas Garalis daug met\u0173 priverstas slapstytis, nes yra pasmerktas myriop u\u017e nusikaltim\u0105, kurio nepadar\u0117. Teisingumas da\u017enai b\u016bna aklas, tod\u0117l i\u0161teisinti vien\u0105 pagrindini\u0173 romano veik\u0117j\u0173 galima tik suradus ir i\u0161\u0161ifravus slapt\u0105 dokument\u0105... B\u016btent to slapto dokumento paie\u0161ka ir yra toji misija, kuri\u0105 siekiama \u012fvykdyti per\u017eengiant kli\u016btis ir \u012fveikiant pavojus kelion\u0117s Piet\u0173 Amerikoje metu. Kaip ir kiti \u017diulio Verno k\u016briniai, \u0161is romanas stebina skaitytojus netik\u0117\u010diausiais nuotykiais, o kartu suteikia daug mokslini\u0173 \u017eini\u0173 apie tolim\u0173j\u0173 kra\u0161t\u0173 gyventojus, j\u0173 tradicijas ir papro\u010dius, t\u0173 kra\u0161t\u0173 gyv\u016bnij\u0105 ir augmenij\u0105.\",\"breadcrumb\":{\"@id\":\"https:\/\/skaitytaknyga.lt\/produktas\/z-vernas-zangada-2\/#breadcrumb\"},\"inLanguage\":\"en-GB\",\"potentialAction\":[{\"@type\":\"ReadAction\",\"target\":[\"https:\/\/skaitytaknyga.lt\/produktas\/z-vernas-zangada-2\/\"]}]},{\"@type\":\"ImageObject\",\"inLanguage\":\"en-GB\",\"@id\":\"https:\/\/skaitytaknyga.lt\/produktas\/z-vernas-zangada-2\/#primaryimage\",\"url\":\"https:\/\/skaitytaknyga.lt\/wp-content\/uploads\/2024\/04\/Be-pavadinimo-6-1.png\",\"contentUrl\":\"https:\/\/skaitytaknyga.lt\/wp-content\/uploads\/2024\/04\/Be-pavadinimo-6-1.png\",\"width\":394,\"height\":607,\"caption\":\"Be pavadinimo 6 1\"},{\"@type\":\"BreadcrumbList\",\"@id\":\"https:\/\/skaitytaknyga.lt\/produktas\/z-vernas-zangada-2\/#breadcrumb\",\"itemListElement\":[{\"@type\":\"ListItem\",\"position\":1,\"name\":\"Home\",\"item\":\"https:\/\/skaitytaknyga.lt\/\"},{\"@type\":\"ListItem\",\"position\":2,\"name\":\"Parduotuv\u0117\",\"item\":\"https:\/\/skaitytaknyga.lt\/knygu-parduotuve\/\"},{\"@type\":\"ListItem\",\"position\":3,\"name\":\"\u017d. Vernas \u201e\u017dangada\u201c\"}]},{\"@type\":\"WebSite\",\"@id\":\"https:\/\/skaitytaknyga.lt\/#website\",\"url\":\"https:\/\/skaitytaknyga.lt\/\",\"name\":\"skaitytaknyga.lt\",\"description\":\"Skaitytaknyga.lt \u2013 tai ma\u017eas \u0161eimos verslas, kuris prasid\u0117jo nuo meil\u0117s knygoms ir siekio i\u0161gelb\u0117ti knygas nuo likimo prie konteinerio. Kas vienam nereikalingas daiktas \u2013 kitam lobis, o mes esame tarpininkai, kurie padeda abiems tapti laimingesniems ???? \u017dinome kaip nelengva i\u0161gyventi ma\u017eiems verslams, tad nuo \u0161iol, \u010dia rasite ir kit\u0173, ma\u017e\u0173 \u0161eim\u0173 versl\u0173, rank\u0173 darbo, dovan\u0173 sau ir artimiesiems.\",\"publisher\":{\"@id\":\"https:\/\/skaitytaknyga.lt\/#organization\"},\"potentialAction\":[{\"@type\":\"SearchAction\",\"target\":{\"@type\":\"EntryPoint\",\"urlTemplate\":\"https:\/\/skaitytaknyga.lt\/?s={search_term_string}\"},\"query-input\":{\"@type\":\"PropertyValueSpecification\",\"valueRequired\":true,\"valueName\":\"search_term_string\"}}],\"inLanguage\":\"en-GB\"},{\"@type\":\"Organization\",\"@id\":\"https:\/\/skaitytaknyga.lt\/#organization\",\"name\":\"skaitytaknyga.lt\",\"url\":\"https:\/\/skaitytaknyga.lt\/\",\"logo\":{\"@type\":\"ImageObject\",\"inLanguage\":\"en-GB\",\"@id\":\"https:\/\/skaitytaknyga.lt\/#\/schema\/logo\/image\/\",\"url\":\"https:\/\/skaitytaknyga.lt\/wp-content\/uploads\/2024\/05\/cropped-cropped-cropped-02_00843_jt3bggkj1j3HLc7SyY6rEUpg.jpeg\",\"contentUrl\":\"https:\/\/skaitytaknyga.lt\/wp-content\/uploads\/2024\/05\/cropped-cropped-cropped-02_00843_jt3bggkj1j3HLc7SyY6rEUpg.jpeg\",\"width\":1600,\"height\":1600,\"caption\":\"skaitytaknyga.lt\"},\"image\":{\"@id\":\"https:\/\/skaitytaknyga.lt\/#\/schema\/logo\/image\/\"},\"sameAs\":[\"https:\/\/www.facebook.com\/skaitytaknyga\/\"]}]}<\/script>\n<!-- \/ Yoast SEO plugin. -->","yoast_head_json":{"title":"\u017d. Vernas \u201e\u017dangada\u201c - Skaitytaknyga","description":"Romanas \u201e\u017dangada\u201c pasakoja apie nuotyki\u0173 ir i\u0161\u0161\u016bki\u0173 lydim\u0105 vienos \u0161eimos kelion\u0119 plaustu po Piet\u0173 Amerik\u0105. S\u0105\u017einingas ir taurus \u017emogus \u017doamas Garalis daug met\u0173 priverstas slapstytis, nes yra pasmerktas myriop u\u017e nusikaltim\u0105, kurio nepadar\u0117. Teisingumas da\u017enai b\u016bna aklas, tod\u0117l i\u0161teisinti vien\u0105 pagrindini\u0173 romano veik\u0117j\u0173 galima tik suradus ir i\u0161\u0161ifravus slapt\u0105 dokument\u0105... B\u016btent to slapto dokumento paie\u0161ka ir yra toji misija, kuri\u0105 siekiama \u012fvykdyti per\u017eengiant kli\u016btis ir \u012fveikiant pavojus kelion\u0117s Piet\u0173 Amerikoje metu. Kaip ir kiti \u017diulio Verno k\u016briniai, \u0161is romanas stebina skaitytojus netik\u0117\u010diausiais nuotykiais, o kartu suteikia daug mokslini\u0173 \u017eini\u0173 apie tolim\u0173j\u0173 kra\u0161t\u0173 gyventojus, j\u0173 tradicijas ir papro\u010dius, t\u0173 kra\u0161t\u0173 gyv\u016bnij\u0105 ir augmenij\u0105.","robots":{"index":"index","follow":"follow","max-snippet":"max-snippet:-1","max-image-preview":"max-image-preview:large","max-video-preview":"max-video-preview:-1"},"canonical":"https:\/\/skaitytaknyga.lt\/en\/produktas\/z-vernas-zangada-2\/","og_locale":"en_GB","og_type":"article","og_title":"\u017d. Vernas \u201e\u017dangada\u201c - Skaitytaknyga","og_description":"Romanas \u201e\u017dangada\u201c pasakoja apie nuotyki\u0173 ir i\u0161\u0161\u016bki\u0173 lydim\u0105 vienos \u0161eimos kelion\u0119 plaustu po Piet\u0173 Amerik\u0105. S\u0105\u017einingas ir taurus \u017emogus \u017doamas Garalis daug met\u0173 priverstas slapstytis, nes yra pasmerktas myriop u\u017e nusikaltim\u0105, kurio nepadar\u0117. Teisingumas da\u017enai b\u016bna aklas, tod\u0117l i\u0161teisinti vien\u0105 pagrindini\u0173 romano veik\u0117j\u0173 galima tik suradus ir i\u0161\u0161ifravus slapt\u0105 dokument\u0105... B\u016btent to slapto dokumento paie\u0161ka ir yra toji misija, kuri\u0105 siekiama \u012fvykdyti per\u017eengiant kli\u016btis ir \u012fveikiant pavojus kelion\u0117s Piet\u0173 Amerikoje metu. Kaip ir kiti \u017diulio Verno k\u016briniai, \u0161is romanas stebina skaitytojus netik\u0117\u010diausiais nuotykiais, o kartu suteikia daug mokslini\u0173 \u017eini\u0173 apie tolim\u0173j\u0173 kra\u0161t\u0173 gyventojus, j\u0173 tradicijas ir papro\u010dius, t\u0173 kra\u0161t\u0173 gyv\u016bnij\u0105 ir augmenij\u0105.","og_url":"https:\/\/skaitytaknyga.lt\/en\/produktas\/z-vernas-zangada-2\/","og_site_name":"Skaitytaknyga","article_publisher":"https:\/\/www.facebook.com\/skaitytaknyga\/","article_modified_time":"2024-05-03T07:24:30+00:00","og_image":[{"width":394,"height":607,"url":"https:\/\/skaitytaknyga.lt\/wp-content\/uploads\/2024\/04\/Be-pavadinimo-6-1.png","type":"image\/png"}],"twitter_card":"summary_large_image","twitter_misc":{"Estimated reading time":"1 minute"},"schema":{"@context":"https:\/\/schema.org","@graph":[{"@type":"WebPage","@id":"https:\/\/skaitytaknyga.lt\/produktas\/z-vernas-zangada-2\/","url":"https:\/\/skaitytaknyga.lt\/produktas\/z-vernas-zangada-2\/","name":"\u017d. Vernas \u201e\u017dangada\u201c - Skaitytaknyga","isPartOf":{"@id":"https:\/\/skaitytaknyga.lt\/#website"},"primaryImageOfPage":{"@id":"https:\/\/skaitytaknyga.lt\/produktas\/z-vernas-zangada-2\/#primaryimage"},"image":{"@id":"https:\/\/skaitytaknyga.lt\/produktas\/z-vernas-zangada-2\/#primaryimage"},"thumbnailUrl":"https:\/\/skaitytaknyga.lt\/wp-content\/uploads\/2024\/04\/Be-pavadinimo-6-1.png","datePublished":"2024-04-17T13:47:24+00:00","dateModified":"2024-05-03T07:24:30+00:00","description":"Romanas \u201e\u017dangada\u201c pasakoja apie nuotyki\u0173 ir i\u0161\u0161\u016bki\u0173 lydim\u0105 vienos \u0161eimos kelion\u0119 plaustu po Piet\u0173 Amerik\u0105. S\u0105\u017einingas ir taurus \u017emogus \u017doamas Garalis daug met\u0173 priverstas slapstytis, nes yra pasmerktas myriop u\u017e nusikaltim\u0105, kurio nepadar\u0117. Teisingumas da\u017enai b\u016bna aklas, tod\u0117l i\u0161teisinti vien\u0105 pagrindini\u0173 romano veik\u0117j\u0173 galima tik suradus ir i\u0161\u0161ifravus slapt\u0105 dokument\u0105... B\u016btent to slapto dokumento paie\u0161ka ir yra toji misija, kuri\u0105 siekiama \u012fvykdyti per\u017eengiant kli\u016btis ir \u012fveikiant pavojus kelion\u0117s Piet\u0173 Amerikoje metu. Kaip ir kiti \u017diulio Verno k\u016briniai, \u0161is romanas stebina skaitytojus netik\u0117\u010diausiais nuotykiais, o kartu suteikia daug mokslini\u0173 \u017eini\u0173 apie tolim\u0173j\u0173 kra\u0161t\u0173 gyventojus, j\u0173 tradicijas ir papro\u010dius, t\u0173 kra\u0161t\u0173 gyv\u016bnij\u0105 ir augmenij\u0105.","breadcrumb":{"@id":"https:\/\/skaitytaknyga.lt\/produktas\/z-vernas-zangada-2\/#breadcrumb"},"inLanguage":"en-GB","potentialAction":[{"@type":"ReadAction","target":["https:\/\/skaitytaknyga.lt\/produktas\/z-vernas-zangada-2\/"]}]},{"@type":"ImageObject","inLanguage":"en-GB","@id":"https:\/\/skaitytaknyga.lt\/produktas\/z-vernas-zangada-2\/#primaryimage","url":"https:\/\/skaitytaknyga.lt\/wp-content\/uploads\/2024\/04\/Be-pavadinimo-6-1.png","contentUrl":"https:\/\/skaitytaknyga.lt\/wp-content\/uploads\/2024\/04\/Be-pavadinimo-6-1.png","width":394,"height":607,"caption":"Be pavadinimo 6 1"},{"@type":"BreadcrumbList","@id":"https:\/\/skaitytaknyga.lt\/produktas\/z-vernas-zangada-2\/#breadcrumb","itemListElement":[{"@type":"ListItem","position":1,"name":"Home","item":"https:\/\/skaitytaknyga.lt\/"},{"@type":"ListItem","position":2,"name":"Parduotuv\u0117","item":"https:\/\/skaitytaknyga.lt\/knygu-parduotuve\/"},{"@type":"ListItem","position":3,"name":"\u017d. Vernas \u201e\u017dangada\u201c"}]},{"@type":"WebSite","@id":"https:\/\/skaitytaknyga.lt\/#website","url":"https:\/\/skaitytaknyga.lt\/","name":"skaitytaknyga.lt","description":"Skaitytaknyga.lt \u2013 tai ma\u017eas \u0161eimos verslas, kuris prasid\u0117jo nuo meil\u0117s knygoms ir siekio i\u0161gelb\u0117ti knygas nuo likimo prie konteinerio. Kas vienam nereikalingas daiktas \u2013 kitam lobis, o mes esame tarpininkai, kurie padeda abiems tapti laimingesniems ???? \u017dinome kaip nelengva i\u0161gyventi ma\u017eiems verslams, tad nuo \u0161iol, \u010dia rasite ir kit\u0173, ma\u017e\u0173 \u0161eim\u0173 versl\u0173, rank\u0173 darbo, dovan\u0173 sau ir artimiesiems.","publisher":{"@id":"https:\/\/skaitytaknyga.lt\/#organization"},"potentialAction":[{"@type":"SearchAction","target":{"@type":"EntryPoint","urlTemplate":"https:\/\/skaitytaknyga.lt\/?s={search_term_string}"},"query-input":{"@type":"PropertyValueSpecification","valueRequired":true,"valueName":"search_term_string"}}],"inLanguage":"en-GB"},{"@type":"Organization","@id":"https:\/\/skaitytaknyga.lt\/#organization","name":"skaitytaknyga.lt","url":"https:\/\/skaitytaknyga.lt\/","logo":{"@type":"ImageObject","inLanguage":"en-GB","@id":"https:\/\/skaitytaknyga.lt\/#\/schema\/logo\/image\/","url":"https:\/\/skaitytaknyga.lt\/wp-content\/uploads\/2024\/05\/cropped-cropped-cropped-02_00843_jt3bggkj1j3HLc7SyY6rEUpg.jpeg","contentUrl":"https:\/\/skaitytaknyga.lt\/wp-content\/uploads\/2024\/05\/cropped-cropped-cropped-02_00843_jt3bggkj1j3HLc7SyY6rEUpg.jpeg","width":1600,"height":1600,"caption":"skaitytaknyga.lt"},"image":{"@id":"https:\/\/skaitytaknyga.lt\/#\/schema\/logo\/image\/"},"sameAs":["https:\/\/www.facebook.com\/skaitytaknyga\/"]}]}},"_links":{"self":[{"href":"https:\/\/skaitytaknyga.lt\/en\/wp-json\/wp\/v2\/product\/4328","targetHints":{"allow":["GET"]}}],"collection":[{"href":"https:\/\/skaitytaknyga.lt\/en\/wp-json\/wp\/v2\/product"}],"about":[{"href":"https:\/\/skaitytaknyga.lt\/en\/wp-json\/wp\/v2\/types\/product"}],"replies":[{"embeddable":true,"href":"https:\/\/skaitytaknyga.lt\/en\/wp-json\/wp\/v2\/comments?post=4328"}],"wp:featuredmedia":[{"embeddable":true,"href":"https:\/\/skaitytaknyga.lt\/en\/wp-json\/wp\/v2\/media\/4374"}],"wp:attachment":[{"href":"https:\/\/skaitytaknyga.lt\/en\/wp-json\/wp\/v2\/media?parent=4328"}],"wp:term":[{"taxonomy":"product_brand","embeddable":true,"href":"https:\/\/skaitytaknyga.lt\/en\/wp-json\/wp\/v2\/product_brand?post=4328"},{"taxonomy":"product_cat","embeddable":true,"href":"https:\/\/skaitytaknyga.lt\/en\/wp-json\/wp\/v2\/product_cat?post=4328"},{"taxonomy":"product_tag","embeddable":true,"href":"https:\/\/skaitytaknyga.lt\/en\/wp-json\/wp\/v2\/product_tag?post=4328"}],"curies":[{"name":"wp","href":"https:\/\/api.w.org\/{rel}","templated":true}]}}