{"id":4288,"date":"2024-04-17T16:46:37","date_gmt":"2024-04-17T13:46:37","guid":{"rendered":"https:\/\/skaitytaknyga.lt\/?post_type=product&#038;p=4288"},"modified":"2026-03-18T13:05:29","modified_gmt":"2026-03-18T11:05:29","slug":"geliu-knyga-puikus-zinynas-su-defektu","status":"publish","type":"product","link":"https:\/\/skaitytaknyga.lt\/en\/produktas\/geliu-knyga-puikus-zinynas-su-defektu\/","title":{"rendered":"G\u0117li\u0173 knyga. Puikus \u017einynas"},"content":{"rendered":"<p>I\u0160BLUK\u0118S VIR\u0160ELIS<\/p>\n<p>Iliustruota knyga apie g\u0117li\u0173 auginim\u0105<\/p>\n<p>Ekspert\u0173 nuomon\u0117 ir praktiniai patarimai apie kiekvien\u0105 augal\u0173 r\u016b\u0161\u012f.<\/p>\n<p>Visos g\u0117l\u0117s butui, biurui ir \u017eiemos sodui: 350 puiki\u0173 fotografij\u0173 ir 140 pie\u0161ini\u0173.<\/p>\n<p>Kambariniai augalai sveiki tik tinkamai juos pri\u017ei\u016brint.<\/p>\n<p>Pagalba g\u0117l\u0117ms susirgus ar apipuolus kenk\u0117jams.<\/p>\n<p>Svarbiausios \u017einios apie g\u0117les.<\/p>\n","protected":false},"excerpt":{"rendered":"<p>I\u0160BLUK\u0118S VIR\u0160ELIS<\/p>\n<p>Iliustruota knyga apie g\u0117li\u0173 auginim\u0105<\/p>\n<p>Ekspert\u0173 nuomon\u0117 ir praktiniai patarimai apie kiekvien\u0105 augal\u0173 r\u016b\u0161\u012f.<\/p>\n<p>Visos g\u0117l\u0117s butui, biurui ir \u017eiemos sodui: 350 puiki\u0173 fotografij\u0173 ir 140 pie\u0161ini\u0173.<\/p>\n<p>Kambariniai augalai sveiki tik tinkamai juos pri\u017ei\u016brint.<\/p>\n<p>Pagalba g\u0117l\u0117ms susirgus ar apipuolus kenk\u0117jams.<\/p>\n<p>Svarbiausios \u017einios apie g\u0117les.<\/p>\n","protected":false},"featured_media":4340,"comment_status":"closed","ping_status":"closed","template":"","meta":{"_acf_changed":false,"site-sidebar-layout":"default","site-content-layout":"","ast-site-content-layout":"default","site-content-style":"default","site-sidebar-style":"default","ast-global-header-display":"","ast-banner-title-visibility":"","ast-main-header-display":"","ast-hfb-above-header-display":"","ast-hfb-below-header-display":"","ast-hfb-mobile-header-display":"","site-post-title":"","ast-breadcrumbs-content":"","ast-featured-img":"","footer-sml-layout":"","ast-disable-related-posts":"","theme-transparent-header-meta":"","adv-header-id-meta":"","stick-header-meta":"","header-above-stick-meta":"","header-main-stick-meta":"","header-below-stick-meta":"","astra-migrate-meta-layouts":"default","ast-page-background-enabled":"default","ast-page-background-meta":{"desktop":{"background-color":"","background-image":"","background-repeat":"repeat","background-position":"center center","background-size":"auto","background-attachment":"scroll","background-type":"","background-media":"","overlay-type":"","overlay-color":"","overlay-opacity":"","overlay-gradient":""},"tablet":{"background-color":"","background-image":"","background-repeat":"repeat","background-position":"center center","background-size":"auto","background-attachment":"scroll","background-type":"","background-media":"","overlay-type":"","overlay-color":"","overlay-opacity":"","overlay-gradient":""},"mobile":{"background-color":"","background-image":"","background-repeat":"repeat","background-position":"center center","background-size":"auto","background-attachment":"scroll","background-type":"","background-media":"","overlay-type":"","overlay-color":"","overlay-opacity":"","overlay-gradient":""}},"ast-content-background-meta":{"desktop":{"background-color":"var(--ast-global-color-4)","background-image":"","background-repeat":"repeat","background-position":"center center","background-size":"auto","background-attachment":"scroll","background-type":"","background-media":"","overlay-type":"","overlay-color":"","overlay-opacity":"","overlay-gradient":""},"tablet":{"background-color":"var(--ast-global-color-4)","background-image":"","background-repeat":"repeat","background-position":"center center","background-size":"auto","background-attachment":"scroll","background-type":"","background-media":"","overlay-type":"","overlay-color":"","overlay-opacity":"","overlay-gradient":""},"mobile":{"background-color":"var(--ast-global-color-4)","background-image":"","background-repeat":"repeat","background-position":"center center","background-size":"auto","background-attachment":"scroll","background-type":"","background-media":"","overlay-type":"","overlay-color":"","overlay-opacity":"","overlay-gradient":""}}},"product_brand":[],"product_cat":[9853,74],"product_tag":[1098],"class_list":{"0":"post-4288","1":"product","2":"type-product","3":"status-publish","4":"has-post-thumbnail","6":"product_cat-augalai","7":"product_cat-sodas-darzas-ir-gelynai","8":"product_tag-geliu-auginimas","9":"desktop-align-left","10":"tablet-align-left","11":"mobile-align-left","13":"first","14":"instock","15":"shipping-taxable","16":"purchasable","17":"product-type-simple"},"acf":[],"yoast_head":"<!-- This site is optimized with the Yoast SEO plugin v27.0 - https:\/\/yoast.com\/product\/yoast-seo-wordpress\/ -->\n<title>G\u0117li\u0173 knyga. Puikus \u017einynas<\/title>\n<meta name=\"description\" content=\"I\u0160BLUK\u0118S VIR\u0160ELIS  Iliustruota knyga apie g\u0117li\u0173 auginim\u0105  Ekspert\u0173 nuomon\u0117 ir praktiniai patarimai apie kiekvien\u0105 augal\u0173 r\u016b\u0161\u012f.  Visos g\u0117l\u0117s butui, biurui ir \u017eiemos sodui: 350 puiki\u0173 fotografij\u0173 ir 140 pie\u0161ini\u0173.  Kambariniai augalai sveiki tik tinkamai juos pri\u017ei\u016brint.  Pagalba g\u0117l\u0117ms susirgus ar apipuolus kenk\u0117jams.  Svarbiausios \u017einios apie g\u0117les.\" \/>\n<meta name=\"robots\" content=\"index, follow, max-snippet:-1, max-image-preview:large, max-video-preview:-1\" \/>\n<link rel=\"canonical\" href=\"https:\/\/skaitytaknyga.lt\/en\/produktas\/geliu-knyga-puikus-zinynas-su-defektu\/\" \/>\n<meta property=\"og:locale\" content=\"en_GB\" \/>\n<meta property=\"og:locale:alternate\" content=\"lt_LT\" \/>\n<meta property=\"og:type\" content=\"article\" \/>\n<meta property=\"og:title\" content=\"G\u0117li\u0173 knyga. Puikus \u017einynas\" \/>\n<meta property=\"og:description\" content=\"I\u0160BLUK\u0118S VIR\u0160ELIS  Iliustruota knyga apie g\u0117li\u0173 auginim\u0105  Ekspert\u0173 nuomon\u0117 ir praktiniai patarimai apie kiekvien\u0105 augal\u0173 r\u016b\u0161\u012f.  Visos g\u0117l\u0117s butui, biurui ir \u017eiemos sodui: 350 puiki\u0173 fotografij\u0173 ir 140 pie\u0161ini\u0173.  Kambariniai augalai sveiki tik tinkamai juos pri\u017ei\u016brint.  Pagalba g\u0117l\u0117ms susirgus ar apipuolus kenk\u0117jams.  Svarbiausios \u017einios apie g\u0117les.\" \/>\n<meta property=\"og:url\" content=\"https:\/\/skaitytaknyga.lt\/en\/produktas\/geliu-knyga-puikus-zinynas-su-defektu\/\" \/>\n<meta property=\"og:site_name\" content=\"Skaitytaknyga\" \/>\n<meta property=\"article:publisher\" content=\"https:\/\/www.facebook.com\/skaitytaknyga\/\" \/>\n<meta property=\"article:modified_time\" content=\"2026-03-18T11:05:29+00:00\" \/>\n<meta property=\"og:image\" content=\"https:\/\/skaitytaknyga.lt\/wp-content\/uploads\/2024\/04\/1462873358_geliu-knyga.jpg\" \/>\n\t<meta property=\"og:image:width\" content=\"320\" \/>\n\t<meta property=\"og:image:height\" content=\"416\" \/>\n\t<meta property=\"og:image:type\" content=\"image\/jpeg\" \/>\n<meta name=\"twitter:card\" content=\"summary_large_image\" \/>\n<script type=\"application\/ld+json\" class=\"yoast-schema-graph\">{\"@context\":\"https:\/\/schema.org\",\"@graph\":[{\"@type\":\"WebPage\",\"@id\":\"https:\/\/skaitytaknyga.lt\/produktas\/geliu-knyga-puikus-zinynas-su-defektu\/\",\"url\":\"https:\/\/skaitytaknyga.lt\/produktas\/geliu-knyga-puikus-zinynas-su-defektu\/\",\"name\":\"G\u0117li\u0173 knyga. Puikus \u017einynas\",\"isPartOf\":{\"@id\":\"https:\/\/skaitytaknyga.lt\/#website\"},\"primaryImageOfPage\":{\"@id\":\"https:\/\/skaitytaknyga.lt\/produktas\/geliu-knyga-puikus-zinynas-su-defektu\/#primaryimage\"},\"image\":{\"@id\":\"https:\/\/skaitytaknyga.lt\/produktas\/geliu-knyga-puikus-zinynas-su-defektu\/#primaryimage\"},\"thumbnailUrl\":\"https:\/\/skaitytaknyga.lt\/wp-content\/uploads\/2024\/04\/1462873358_geliu-knyga.jpg\",\"datePublished\":\"2024-04-17T13:46:37+00:00\",\"dateModified\":\"2026-03-18T11:05:29+00:00\",\"description\":\"I\u0160BLUK\u0118S VIR\u0160ELIS Iliustruota knyga apie g\u0117li\u0173 auginim\u0105 Ekspert\u0173 nuomon\u0117 ir praktiniai patarimai apie kiekvien\u0105 augal\u0173 r\u016b\u0161\u012f. Visos g\u0117l\u0117s butui, biurui ir \u017eiemos sodui: 350 puiki\u0173 fotografij\u0173 ir 140 pie\u0161ini\u0173. Kambariniai augalai sveiki tik tinkamai juos pri\u017ei\u016brint. Pagalba g\u0117l\u0117ms susirgus ar apipuolus kenk\u0117jams. Svarbiausios \u017einios apie g\u0117les.\",\"breadcrumb\":{\"@id\":\"https:\/\/skaitytaknyga.lt\/produktas\/geliu-knyga-puikus-zinynas-su-defektu\/#breadcrumb\"},\"inLanguage\":\"en-GB\",\"potentialAction\":[{\"@type\":\"ReadAction\",\"target\":[\"https:\/\/skaitytaknyga.lt\/produktas\/geliu-knyga-puikus-zinynas-su-defektu\/\"]}]},{\"@type\":\"ImageObject\",\"inLanguage\":\"en-GB\",\"@id\":\"https:\/\/skaitytaknyga.lt\/produktas\/geliu-knyga-puikus-zinynas-su-defektu\/#primaryimage\",\"url\":\"https:\/\/skaitytaknyga.lt\/wp-content\/uploads\/2024\/04\/1462873358_geliu-knyga.jpg\",\"contentUrl\":\"https:\/\/skaitytaknyga.lt\/wp-content\/uploads\/2024\/04\/1462873358_geliu-knyga.jpg\",\"width\":320,\"height\":416,\"caption\":\"1462873358 geliu knyga\"},{\"@type\":\"BreadcrumbList\",\"@id\":\"https:\/\/skaitytaknyga.lt\/produktas\/geliu-knyga-puikus-zinynas-su-defektu\/#breadcrumb\",\"itemListElement\":[{\"@type\":\"ListItem\",\"position\":1,\"name\":\"Home\",\"item\":\"https:\/\/skaitytaknyga.lt\/\"},{\"@type\":\"ListItem\",\"position\":2,\"name\":\"Parduotuv\u0117\",\"item\":\"https:\/\/skaitytaknyga.lt\/knygu-parduotuve\/\"},{\"@type\":\"ListItem\",\"position\":3,\"name\":\"G\u0117li\u0173 knyga. Puikus \u017einynas\"}]},{\"@type\":\"WebSite\",\"@id\":\"https:\/\/skaitytaknyga.lt\/#website\",\"url\":\"https:\/\/skaitytaknyga.lt\/\",\"name\":\"skaitytaknyga.lt\",\"description\":\"Skaitytaknyga.lt \u2013 tai ma\u017eas \u0161eimos verslas, kuris prasid\u0117jo nuo meil\u0117s knygoms ir siekio i\u0161gelb\u0117ti knygas nuo likimo prie konteinerio. Kas vienam nereikalingas daiktas \u2013 kitam lobis, o mes esame tarpininkai, kurie padeda abiems tapti laimingesniems ???? \u017dinome kaip nelengva i\u0161gyventi ma\u017eiems verslams, tad nuo \u0161iol, \u010dia rasite ir kit\u0173, ma\u017e\u0173 \u0161eim\u0173 versl\u0173, rank\u0173 darbo, dovan\u0173 sau ir artimiesiems.\",\"publisher\":{\"@id\":\"https:\/\/skaitytaknyga.lt\/#organization\"},\"potentialAction\":[{\"@type\":\"SearchAction\",\"target\":{\"@type\":\"EntryPoint\",\"urlTemplate\":\"https:\/\/skaitytaknyga.lt\/?s={search_term_string}\"},\"query-input\":{\"@type\":\"PropertyValueSpecification\",\"valueRequired\":true,\"valueName\":\"search_term_string\"}}],\"inLanguage\":\"en-GB\"},{\"@type\":\"Organization\",\"@id\":\"https:\/\/skaitytaknyga.lt\/#organization\",\"name\":\"skaitytaknyga.lt\",\"url\":\"https:\/\/skaitytaknyga.lt\/\",\"logo\":{\"@type\":\"ImageObject\",\"inLanguage\":\"en-GB\",\"@id\":\"https:\/\/skaitytaknyga.lt\/#\/schema\/logo\/image\/\",\"url\":\"https:\/\/skaitytaknyga.lt\/wp-content\/uploads\/2024\/05\/cropped-cropped-cropped-02_00843_jt3bggkj1j3HLc7SyY6rEUpg.jpeg\",\"contentUrl\":\"https:\/\/skaitytaknyga.lt\/wp-content\/uploads\/2024\/05\/cropped-cropped-cropped-02_00843_jt3bggkj1j3HLc7SyY6rEUpg.jpeg\",\"width\":1600,\"height\":1600,\"caption\":\"skaitytaknyga.lt\"},\"image\":{\"@id\":\"https:\/\/skaitytaknyga.lt\/#\/schema\/logo\/image\/\"},\"sameAs\":[\"https:\/\/www.facebook.com\/skaitytaknyga\/\"]}]}<\/script>\n<!-- \/ Yoast SEO plugin. -->","yoast_head_json":{"title":"G\u0117li\u0173 knyga. Puikus \u017einynas","description":"I\u0160BLUK\u0118S VIR\u0160ELIS  Iliustruota knyga apie g\u0117li\u0173 auginim\u0105  Ekspert\u0173 nuomon\u0117 ir praktiniai patarimai apie kiekvien\u0105 augal\u0173 r\u016b\u0161\u012f.  Visos g\u0117l\u0117s butui, biurui ir \u017eiemos sodui: 350 puiki\u0173 fotografij\u0173 ir 140 pie\u0161ini\u0173.  Kambariniai augalai sveiki tik tinkamai juos pri\u017ei\u016brint.  Pagalba g\u0117l\u0117ms susirgus ar apipuolus kenk\u0117jams.  Svarbiausios \u017einios apie g\u0117les.","robots":{"index":"index","follow":"follow","max-snippet":"max-snippet:-1","max-image-preview":"max-image-preview:large","max-video-preview":"max-video-preview:-1"},"canonical":"https:\/\/skaitytaknyga.lt\/en\/produktas\/geliu-knyga-puikus-zinynas-su-defektu\/","og_locale":"en_GB","og_type":"article","og_title":"[:lt]G\u0117li\u0173 knyga. Puikus \u017einynas[:] - Skaitytaknyga","og_description":"I\u0160BLUK\u0118S VIR\u0160ELIS  Iliustruota knyga apie g\u0117li\u0173 auginim\u0105  Ekspert\u0173 nuomon\u0117 ir praktiniai patarimai apie kiekvien\u0105 augal\u0173 r\u016b\u0161\u012f.  Visos g\u0117l\u0117s butui, biurui ir \u017eiemos sodui: 350 puiki\u0173 fotografij\u0173 ir 140 pie\u0161ini\u0173.  Kambariniai augalai sveiki tik tinkamai juos pri\u017ei\u016brint.  Pagalba g\u0117l\u0117ms susirgus ar apipuolus kenk\u0117jams.  Svarbiausios \u017einios apie g\u0117les.","og_url":"https:\/\/skaitytaknyga.lt\/en\/produktas\/geliu-knyga-puikus-zinynas-su-defektu\/","og_site_name":"Skaitytaknyga","article_publisher":"https:\/\/www.facebook.com\/skaitytaknyga\/","article_modified_time":"2026-03-18T11:05:29+00:00","og_image":[{"width":320,"height":416,"url":"https:\/\/skaitytaknyga.lt\/wp-content\/uploads\/2024\/04\/1462873358_geliu-knyga.jpg","type":"image\/jpeg"}],"twitter_card":"summary_large_image","schema":{"@context":"https:\/\/schema.org","@graph":[{"@type":"WebPage","@id":"https:\/\/skaitytaknyga.lt\/produktas\/geliu-knyga-puikus-zinynas-su-defektu\/","url":"https:\/\/skaitytaknyga.lt\/produktas\/geliu-knyga-puikus-zinynas-su-defektu\/","name":"G\u0117li\u0173 knyga. Puikus \u017einynas","isPartOf":{"@id":"https:\/\/skaitytaknyga.lt\/#website"},"primaryImageOfPage":{"@id":"https:\/\/skaitytaknyga.lt\/produktas\/geliu-knyga-puikus-zinynas-su-defektu\/#primaryimage"},"image":{"@id":"https:\/\/skaitytaknyga.lt\/produktas\/geliu-knyga-puikus-zinynas-su-defektu\/#primaryimage"},"thumbnailUrl":"https:\/\/skaitytaknyga.lt\/wp-content\/uploads\/2024\/04\/1462873358_geliu-knyga.jpg","datePublished":"2024-04-17T13:46:37+00:00","dateModified":"2026-03-18T11:05:29+00:00","description":"I\u0160BLUK\u0118S VIR\u0160ELIS Iliustruota knyga apie g\u0117li\u0173 auginim\u0105 Ekspert\u0173 nuomon\u0117 ir praktiniai patarimai apie kiekvien\u0105 augal\u0173 r\u016b\u0161\u012f. Visos g\u0117l\u0117s butui, biurui ir \u017eiemos sodui: 350 puiki\u0173 fotografij\u0173 ir 140 pie\u0161ini\u0173. Kambariniai augalai sveiki tik tinkamai juos pri\u017ei\u016brint. Pagalba g\u0117l\u0117ms susirgus ar apipuolus kenk\u0117jams. Svarbiausios \u017einios apie g\u0117les.","breadcrumb":{"@id":"https:\/\/skaitytaknyga.lt\/produktas\/geliu-knyga-puikus-zinynas-su-defektu\/#breadcrumb"},"inLanguage":"en-GB","potentialAction":[{"@type":"ReadAction","target":["https:\/\/skaitytaknyga.lt\/produktas\/geliu-knyga-puikus-zinynas-su-defektu\/"]}]},{"@type":"ImageObject","inLanguage":"en-GB","@id":"https:\/\/skaitytaknyga.lt\/produktas\/geliu-knyga-puikus-zinynas-su-defektu\/#primaryimage","url":"https:\/\/skaitytaknyga.lt\/wp-content\/uploads\/2024\/04\/1462873358_geliu-knyga.jpg","contentUrl":"https:\/\/skaitytaknyga.lt\/wp-content\/uploads\/2024\/04\/1462873358_geliu-knyga.jpg","width":320,"height":416,"caption":"1462873358 geliu knyga"},{"@type":"BreadcrumbList","@id":"https:\/\/skaitytaknyga.lt\/produktas\/geliu-knyga-puikus-zinynas-su-defektu\/#breadcrumb","itemListElement":[{"@type":"ListItem","position":1,"name":"Home","item":"https:\/\/skaitytaknyga.lt\/"},{"@type":"ListItem","position":2,"name":"Parduotuv\u0117","item":"https:\/\/skaitytaknyga.lt\/knygu-parduotuve\/"},{"@type":"ListItem","position":3,"name":"G\u0117li\u0173 knyga. Puikus \u017einynas"}]},{"@type":"WebSite","@id":"https:\/\/skaitytaknyga.lt\/#website","url":"https:\/\/skaitytaknyga.lt\/","name":"skaitytaknyga.lt","description":"Skaitytaknyga.lt \u2013 tai ma\u017eas \u0161eimos verslas, kuris prasid\u0117jo nuo meil\u0117s knygoms ir siekio i\u0161gelb\u0117ti knygas nuo likimo prie konteinerio. Kas vienam nereikalingas daiktas \u2013 kitam lobis, o mes esame tarpininkai, kurie padeda abiems tapti laimingesniems ???? \u017dinome kaip nelengva i\u0161gyventi ma\u017eiems verslams, tad nuo \u0161iol, \u010dia rasite ir kit\u0173, ma\u017e\u0173 \u0161eim\u0173 versl\u0173, rank\u0173 darbo, dovan\u0173 sau ir artimiesiems.","publisher":{"@id":"https:\/\/skaitytaknyga.lt\/#organization"},"potentialAction":[{"@type":"SearchAction","target":{"@type":"EntryPoint","urlTemplate":"https:\/\/skaitytaknyga.lt\/?s={search_term_string}"},"query-input":{"@type":"PropertyValueSpecification","valueRequired":true,"valueName":"search_term_string"}}],"inLanguage":"en-GB"},{"@type":"Organization","@id":"https:\/\/skaitytaknyga.lt\/#organization","name":"skaitytaknyga.lt","url":"https:\/\/skaitytaknyga.lt\/","logo":{"@type":"ImageObject","inLanguage":"en-GB","@id":"https:\/\/skaitytaknyga.lt\/#\/schema\/logo\/image\/","url":"https:\/\/skaitytaknyga.lt\/wp-content\/uploads\/2024\/05\/cropped-cropped-cropped-02_00843_jt3bggkj1j3HLc7SyY6rEUpg.jpeg","contentUrl":"https:\/\/skaitytaknyga.lt\/wp-content\/uploads\/2024\/05\/cropped-cropped-cropped-02_00843_jt3bggkj1j3HLc7SyY6rEUpg.jpeg","width":1600,"height":1600,"caption":"skaitytaknyga.lt"},"image":{"@id":"https:\/\/skaitytaknyga.lt\/#\/schema\/logo\/image\/"},"sameAs":["https:\/\/www.facebook.com\/skaitytaknyga\/"]}]}},"_links":{"self":[{"href":"https:\/\/skaitytaknyga.lt\/en\/wp-json\/wp\/v2\/product\/4288","targetHints":{"allow":["GET"]}}],"collection":[{"href":"https:\/\/skaitytaknyga.lt\/en\/wp-json\/wp\/v2\/product"}],"about":[{"href":"https:\/\/skaitytaknyga.lt\/en\/wp-json\/wp\/v2\/types\/product"}],"replies":[{"embeddable":true,"href":"https:\/\/skaitytaknyga.lt\/en\/wp-json\/wp\/v2\/comments?post=4288"}],"wp:featuredmedia":[{"embeddable":true,"href":"https:\/\/skaitytaknyga.lt\/en\/wp-json\/wp\/v2\/media\/4340"}],"wp:attachment":[{"href":"https:\/\/skaitytaknyga.lt\/en\/wp-json\/wp\/v2\/media?parent=4288"}],"wp:term":[{"taxonomy":"product_brand","embeddable":true,"href":"https:\/\/skaitytaknyga.lt\/en\/wp-json\/wp\/v2\/product_brand?post=4288"},{"taxonomy":"product_cat","embeddable":true,"href":"https:\/\/skaitytaknyga.lt\/en\/wp-json\/wp\/v2\/product_cat?post=4288"},{"taxonomy":"product_tag","embeddable":true,"href":"https:\/\/skaitytaknyga.lt\/en\/wp-json\/wp\/v2\/product_tag?post=4288"}],"curies":[{"name":"wp","href":"https:\/\/api.w.org\/{rel}","templated":true}]}}