{"id":4280,"date":"2025-02-01T13:46:12","date_gmt":"2025-02-01T11:46:12","guid":{"rendered":"https:\/\/skaitytaknyga.lt\/?post_type=product&#038;p=4280"},"modified":"2025-03-24T10:06:47","modified_gmt":"2025-03-24T08:06:47","slug":"zvejo-abc","status":"publish","type":"product","link":"https:\/\/skaitytaknyga.lt\/en\/produktas\/zvejo-abc\/","title":{"rendered":"\u017dvejo ABC"},"content":{"rendered":"<p>\u017d\u016bkl\u0117 \u2013 pla\u010diai paplitusi laisvalaikio veikla. Atsid\u016br\u0119 prie vandens, \u017emon\u0117s da\u017enai susigundo pabandyti \u012fprastomis priemon\u0117mis \u2013 me\u0161keryko\u010diu, valu bei kabliuku \u2013 pergudrauti \u017euv\u012f. \u0160i knyga \u017evejui suteiks daug nauding\u0173 \u017eini\u0173.<\/p>\n<p>Knygoje pla\u010diai aptariami visi \u017e\u016bkl\u0117s aspektai, prakti\u0161kai demonstruojama, kaip naudoti atskirus \u012frankius. \u017dvejys su\u017einos, kaip rasti tinkam\u0105 viet\u0105 \u017e\u016bklei, kaip \u0161erti \u017euvis, paruo\u0161ti \u017e\u016bkl\u0117s \u012frankius, kaip pasteb\u0117ti kibim\u0105 ir kaip reaguoti. Mokoma, kaip i\u0161traukti \u017euv\u012f i\u0161 vandens ir pasir\u016bpinti laimikiu. \u017dvejai informuojami, kaip gaudomos \u012fvairi\u0173 r\u016b\u0161i\u0173 \u017euvys, apra\u0161omi visi pagrindiniai \u017e\u016bkl\u0117s metodai: \u017e\u016bkl\u0117 pl\u016bduriuojan\u010diu jauku, dugnin\u0117 \u017e\u016bkl\u0117 bei \u017e\u016bkl\u0117 su dirbtiniu jauku.<\/p>\n<ul class=\"about-product d-none d-xl-block mt-4\">\n<li><strong>Autorius:<\/strong>\u00a0Vincent Kluwe-Yorck<\/li>\n<li><strong>Leid\u0117jas:<\/strong>\u00a0Tyrai<\/li>\n<li><strong>Metai:<\/strong>\u00a01999<\/li>\n<li><strong>Puslapiai:<\/strong>\u00a0112<\/li>\n<li class=\"toggleable type-new-formats \"><strong>ISBN:<\/strong>\u00a09789955010074<\/li>\n<li class=\"toggleable type-new-formats \"><strong>Formatas:<\/strong>\u00a013 x 20,5 x 1 cm, kieti vir\u0161eliai<\/li>\n<li><strong>Kalba:<\/strong>\u00a0Lietuvi\u0173<\/li>\n<li><strong>Vert\u0117jas:<\/strong>\u00a0J\u016brat\u0117 Pavlovi\u010dien\u0117<\/li>\n<\/ul>\n","protected":false},"excerpt":{"rendered":"<p>\u017d\u016bkl\u0117 \u2013 pla\u010diai paplitusi laisvalaikio veikla. Atsid\u016br\u0119 prie vandens, \u017emon\u0117s da\u017enai susigundo pabandyti \u012fprastomis priemon\u0117mis \u2013 me\u0161keryko\u010diu, valu bei kabliuku \u2013 pergudrauti \u017euv\u012f. \u0160i knyga \u017evejui suteiks daug nauding\u0173 \u017eini\u0173. Knygoje pla\u010diai aptariami visi \u017e\u016bkl\u0117s aspektai, prakti\u0161kai demonstruojama, kaip naudoti atskirus \u012frankius. \u017dvejys su\u017einos, kaip rasti tinkam\u0105 viet\u0105 \u017e\u016bklei, kaip \u0161erti \u017euvis, paruo\u0161ti \u017e\u016bkl\u0117s \u012frankius, kaip pasteb\u0117ti kibim\u0105 ir kaip reaguoti. Mokoma, kaip i\u0161traukti \u017euv\u012f i\u0161 vandens ir pasir\u016bpinti laimikiu. \u017dvejai informuojami, kaip gaudomos \u012fvairi\u0173 r\u016b\u0161i\u0173 \u017euvys, apra\u0161omi visi pagrindiniai \u017e\u016bkl\u0117s metodai: \u017e\u016bkl\u0117 pl\u016bduriuojan\u010diu jauku, dugnin\u0117 \u017e\u016bkl\u0117 bei \u017e\u016bkl\u0117 su dirbtiniu jauku. Autorius:\u00a0Vincent Kluwe-Yorck Leid\u0117jas:\u00a0Tyrai Metai:\u00a01999 Puslapiai:\u00a0112 ISBN:\u00a09789955010074 Formatas:\u00a013 x 20,5 x 1 cm, kieti vir\u0161eliai Kalba:\u00a0Lietuvi\u0173 Vert\u0117jas:\u00a0J\u016brat\u0117 Pavlovi\u010dien\u0117<\/p>\n","protected":false},"featured_media":4326,"comment_status":"closed","ping_status":"closed","template":"","meta":{"_acf_changed":false,"site-sidebar-layout":"default","site-content-layout":"","ast-site-content-layout":"default","site-content-style":"default","site-sidebar-style":"default","ast-global-header-display":"","ast-banner-title-visibility":"","ast-main-header-display":"","ast-hfb-above-header-display":"","ast-hfb-below-header-display":"","ast-hfb-mobile-header-display":"","site-post-title":"","ast-breadcrumbs-content":"","ast-featured-img":"","footer-sml-layout":"","ast-disable-related-posts":"","theme-transparent-header-meta":"default","adv-header-id-meta":"","stick-header-meta":"","header-above-stick-meta":"","header-main-stick-meta":"","header-below-stick-meta":"","astra-migrate-meta-layouts":"set","ast-page-background-enabled":"default","ast-page-background-meta":{"desktop":{"background-color":"","background-image":"","background-repeat":"repeat","background-position":"center center","background-size":"auto","background-attachment":"scroll","background-type":"","background-media":"","overlay-type":"","overlay-color":"","overlay-opacity":"","overlay-gradient":""},"tablet":{"background-color":"","background-image":"","background-repeat":"repeat","background-position":"center center","background-size":"auto","background-attachment":"scroll","background-type":"","background-media":"","overlay-type":"","overlay-color":"","overlay-opacity":"","overlay-gradient":""},"mobile":{"background-color":"","background-image":"","background-repeat":"repeat","background-position":"center center","background-size":"auto","background-attachment":"scroll","background-type":"","background-media":"","overlay-type":"","overlay-color":"","overlay-opacity":"","overlay-gradient":""}},"ast-content-background-meta":{"desktop":{"background-color":"var(--ast-global-color-4)","background-image":"","background-repeat":"repeat","background-position":"center center","background-size":"auto","background-attachment":"scroll","background-type":"","background-media":"","overlay-type":"","overlay-color":"","overlay-opacity":"","overlay-gradient":""},"tablet":{"background-color":"var(--ast-global-color-4)","background-image":"","background-repeat":"repeat","background-position":"center center","background-size":"auto","background-attachment":"scroll","background-type":"","background-media":"","overlay-type":"","overlay-color":"","overlay-opacity":"","overlay-gradient":""},"mobile":{"background-color":"var(--ast-global-color-4)","background-image":"","background-repeat":"repeat","background-position":"center center","background-size":"auto","background-attachment":"scroll","background-type":"","background-media":"","overlay-type":"","overlay-color":"","overlay-opacity":"","overlay-gradient":""}}},"product_brand":[],"product_cat":[27],"product_tag":[],"class_list":{"0":"post-4280","1":"product","2":"type-product","3":"status-publish","4":"has-post-thumbnail","6":"product_cat-sportas-laisvalaikis-rankdarbiai","7":"desktop-align-left","8":"tablet-align-left","9":"mobile-align-left","11":"first","12":"outofstock","13":"shipping-taxable","14":"purchasable","15":"product-type-simple"},"acf":[],"yoast_head":"<!-- This site is optimized with the Yoast SEO plugin v27.0 - https:\/\/yoast.com\/product\/yoast-seo-wordpress\/ -->\n<title>\u017dvejo ABC<\/title>\n<meta name=\"description\" content=\"\u017d\u016bkl\u0117 \u2013 pla\u010diai paplitusi laisvalaikio veikla. Atsid\u016br\u0119 prie vandens, \u017emon\u0117s da\u017enai susigundo pabandyti \u012fprastomis priemon\u0117mis \u2013 me\u0161keryko\u010diu, valu bei\" \/>\n<meta name=\"robots\" content=\"index, follow, max-snippet:-1, max-image-preview:large, max-video-preview:-1\" \/>\n<link rel=\"canonical\" href=\"https:\/\/skaitytaknyga.lt\/en\/produktas\/zvejo-abc\/\" \/>\n<meta property=\"og:locale\" content=\"en_GB\" \/>\n<meta property=\"og:locale:alternate\" content=\"lt_LT\" \/>\n<meta property=\"og:type\" content=\"article\" \/>\n<meta property=\"og:title\" content=\"\u017dvejo ABC\" \/>\n<meta property=\"og:description\" content=\"\u017d\u016bkl\u0117 \u2013 pla\u010diai paplitusi laisvalaikio veikla. Atsid\u016br\u0119 prie vandens, \u017emon\u0117s da\u017enai susigundo pabandyti \u012fprastomis priemon\u0117mis \u2013 me\u0161keryko\u010diu, valu bei\" \/>\n<meta property=\"og:url\" content=\"https:\/\/skaitytaknyga.lt\/en\/produktas\/zvejo-abc\/\" \/>\n<meta property=\"og:site_name\" content=\"Skaitytaknyga\" \/>\n<meta property=\"article:publisher\" content=\"https:\/\/www.facebook.com\/skaitytaknyga\/\" \/>\n<meta property=\"article:modified_time\" content=\"2025-03-24T08:06:47+00:00\" \/>\n<meta property=\"og:image\" content=\"https:\/\/skaitytaknyga.lt\/wp-content\/uploads\/2024\/04\/scan-30-01-2019-0949-1.jpg\" \/>\n\t<meta property=\"og:image:width\" content=\"273\" \/>\n\t<meta property=\"og:image:height\" content=\"430\" \/>\n\t<meta property=\"og:image:type\" content=\"image\/jpeg\" \/>\n<meta name=\"twitter:card\" content=\"summary_large_image\" \/>\n<meta name=\"twitter:label1\" content=\"Estimated reading time\" \/>\n\t<meta name=\"twitter:data1\" content=\"1 minute\" \/>\n<script type=\"application\/ld+json\" class=\"yoast-schema-graph\">{\"@context\":\"https:\/\/schema.org\",\"@graph\":[{\"@type\":\"WebPage\",\"@id\":\"https:\/\/skaitytaknyga.lt\/produktas\/zvejo-abc\/\",\"url\":\"https:\/\/skaitytaknyga.lt\/produktas\/zvejo-abc\/\",\"name\":\"\u017dvejo ABC\",\"isPartOf\":{\"@id\":\"https:\/\/skaitytaknyga.lt\/#website\"},\"primaryImageOfPage\":{\"@id\":\"https:\/\/skaitytaknyga.lt\/produktas\/zvejo-abc\/#primaryimage\"},\"image\":{\"@id\":\"https:\/\/skaitytaknyga.lt\/produktas\/zvejo-abc\/#primaryimage\"},\"thumbnailUrl\":\"https:\/\/skaitytaknyga.lt\/wp-content\/uploads\/2024\/04\/scan-30-01-2019-0949-1.jpg\",\"datePublished\":\"2025-02-01T11:46:12+00:00\",\"dateModified\":\"2025-03-24T08:06:47+00:00\",\"description\":\"\u017d\u016bkl\u0117 \u2013 pla\u010diai paplitusi laisvalaikio veikla. Atsid\u016br\u0119 prie vandens, \u017emon\u0117s da\u017enai susigundo pabandyti \u012fprastomis priemon\u0117mis \u2013 me\u0161keryko\u010diu, valu bei\",\"breadcrumb\":{\"@id\":\"https:\/\/skaitytaknyga.lt\/produktas\/zvejo-abc\/#breadcrumb\"},\"inLanguage\":\"en-GB\",\"potentialAction\":[{\"@type\":\"ReadAction\",\"target\":[\"https:\/\/skaitytaknyga.lt\/produktas\/zvejo-abc\/\"]}]},{\"@type\":\"ImageObject\",\"inLanguage\":\"en-GB\",\"@id\":\"https:\/\/skaitytaknyga.lt\/produktas\/zvejo-abc\/#primaryimage\",\"url\":\"https:\/\/skaitytaknyga.lt\/wp-content\/uploads\/2024\/04\/scan-30-01-2019-0949-1.jpg\",\"contentUrl\":\"https:\/\/skaitytaknyga.lt\/wp-content\/uploads\/2024\/04\/scan-30-01-2019-0949-1.jpg\",\"width\":273,\"height\":430,\"caption\":\"scan 30 01 2019 0949 1\"},{\"@type\":\"BreadcrumbList\",\"@id\":\"https:\/\/skaitytaknyga.lt\/produktas\/zvejo-abc\/#breadcrumb\",\"itemListElement\":[{\"@type\":\"ListItem\",\"position\":1,\"name\":\"Home\",\"item\":\"https:\/\/skaitytaknyga.lt\/\"},{\"@type\":\"ListItem\",\"position\":2,\"name\":\"Parduotuv\u0117\",\"item\":\"https:\/\/skaitytaknyga.lt\/knygu-parduotuve\/\"},{\"@type\":\"ListItem\",\"position\":3,\"name\":\"\u017dvejo ABC\"}]},{\"@type\":\"WebSite\",\"@id\":\"https:\/\/skaitytaknyga.lt\/#website\",\"url\":\"https:\/\/skaitytaknyga.lt\/\",\"name\":\"skaitytaknyga.lt\",\"description\":\"Skaitytaknyga.lt \u2013 tai ma\u017eas \u0161eimos verslas, kuris prasid\u0117jo nuo meil\u0117s knygoms ir siekio i\u0161gelb\u0117ti knygas nuo likimo prie konteinerio. Kas vienam nereikalingas daiktas \u2013 kitam lobis, o mes esame tarpininkai, kurie padeda abiems tapti laimingesniems ???? \u017dinome kaip nelengva i\u0161gyventi ma\u017eiems verslams, tad nuo \u0161iol, \u010dia rasite ir kit\u0173, ma\u017e\u0173 \u0161eim\u0173 versl\u0173, rank\u0173 darbo, dovan\u0173 sau ir artimiesiems.\",\"publisher\":{\"@id\":\"https:\/\/skaitytaknyga.lt\/#organization\"},\"potentialAction\":[{\"@type\":\"SearchAction\",\"target\":{\"@type\":\"EntryPoint\",\"urlTemplate\":\"https:\/\/skaitytaknyga.lt\/?s={search_term_string}\"},\"query-input\":{\"@type\":\"PropertyValueSpecification\",\"valueRequired\":true,\"valueName\":\"search_term_string\"}}],\"inLanguage\":\"en-GB\"},{\"@type\":\"Organization\",\"@id\":\"https:\/\/skaitytaknyga.lt\/#organization\",\"name\":\"skaitytaknyga.lt\",\"url\":\"https:\/\/skaitytaknyga.lt\/\",\"logo\":{\"@type\":\"ImageObject\",\"inLanguage\":\"en-GB\",\"@id\":\"https:\/\/skaitytaknyga.lt\/#\/schema\/logo\/image\/\",\"url\":\"https:\/\/skaitytaknyga.lt\/wp-content\/uploads\/2024\/05\/cropped-cropped-cropped-02_00843_jt3bggkj1j3HLc7SyY6rEUpg.jpeg\",\"contentUrl\":\"https:\/\/skaitytaknyga.lt\/wp-content\/uploads\/2024\/05\/cropped-cropped-cropped-02_00843_jt3bggkj1j3HLc7SyY6rEUpg.jpeg\",\"width\":1600,\"height\":1600,\"caption\":\"skaitytaknyga.lt\"},\"image\":{\"@id\":\"https:\/\/skaitytaknyga.lt\/#\/schema\/logo\/image\/\"},\"sameAs\":[\"https:\/\/www.facebook.com\/skaitytaknyga\/\"]}]}<\/script>\n<!-- \/ Yoast SEO plugin. -->","yoast_head_json":{"title":"\u017dvejo ABC","description":"\u017d\u016bkl\u0117 \u2013 pla\u010diai paplitusi laisvalaikio veikla. Atsid\u016br\u0119 prie vandens, \u017emon\u0117s da\u017enai susigundo pabandyti \u012fprastomis priemon\u0117mis \u2013 me\u0161keryko\u010diu, valu bei","robots":{"index":"index","follow":"follow","max-snippet":"max-snippet:-1","max-image-preview":"max-image-preview:large","max-video-preview":"max-video-preview:-1"},"canonical":"https:\/\/skaitytaknyga.lt\/en\/produktas\/zvejo-abc\/","og_locale":"en_GB","og_type":"article","og_title":"[:lt]\u017dvejo ABC[:] - Skaitytaknyga","og_description":"\u017d\u016bkl\u0117 \u2013 pla\u010diai paplitusi laisvalaikio veikla. Atsid\u016br\u0119 prie vandens, \u017emon\u0117s da\u017enai susigundo pabandyti \u012fprastomis priemon\u0117mis \u2013 me\u0161keryko\u010diu, valu bei","og_url":"https:\/\/skaitytaknyga.lt\/en\/produktas\/zvejo-abc\/","og_site_name":"Skaitytaknyga","article_publisher":"https:\/\/www.facebook.com\/skaitytaknyga\/","article_modified_time":"2025-03-24T08:06:47+00:00","og_image":[{"width":273,"height":430,"url":"https:\/\/skaitytaknyga.lt\/wp-content\/uploads\/2024\/04\/scan-30-01-2019-0949-1.jpg","type":"image\/jpeg"}],"twitter_card":"summary_large_image","twitter_misc":{"Estimated reading time":"1 minute"},"schema":{"@context":"https:\/\/schema.org","@graph":[{"@type":"WebPage","@id":"https:\/\/skaitytaknyga.lt\/produktas\/zvejo-abc\/","url":"https:\/\/skaitytaknyga.lt\/produktas\/zvejo-abc\/","name":"\u017dvejo ABC","isPartOf":{"@id":"https:\/\/skaitytaknyga.lt\/#website"},"primaryImageOfPage":{"@id":"https:\/\/skaitytaknyga.lt\/produktas\/zvejo-abc\/#primaryimage"},"image":{"@id":"https:\/\/skaitytaknyga.lt\/produktas\/zvejo-abc\/#primaryimage"},"thumbnailUrl":"https:\/\/skaitytaknyga.lt\/wp-content\/uploads\/2024\/04\/scan-30-01-2019-0949-1.jpg","datePublished":"2025-02-01T11:46:12+00:00","dateModified":"2025-03-24T08:06:47+00:00","description":"\u017d\u016bkl\u0117 \u2013 pla\u010diai paplitusi laisvalaikio veikla. Atsid\u016br\u0119 prie vandens, \u017emon\u0117s da\u017enai susigundo pabandyti \u012fprastomis priemon\u0117mis \u2013 me\u0161keryko\u010diu, valu bei","breadcrumb":{"@id":"https:\/\/skaitytaknyga.lt\/produktas\/zvejo-abc\/#breadcrumb"},"inLanguage":"en-GB","potentialAction":[{"@type":"ReadAction","target":["https:\/\/skaitytaknyga.lt\/produktas\/zvejo-abc\/"]}]},{"@type":"ImageObject","inLanguage":"en-GB","@id":"https:\/\/skaitytaknyga.lt\/produktas\/zvejo-abc\/#primaryimage","url":"https:\/\/skaitytaknyga.lt\/wp-content\/uploads\/2024\/04\/scan-30-01-2019-0949-1.jpg","contentUrl":"https:\/\/skaitytaknyga.lt\/wp-content\/uploads\/2024\/04\/scan-30-01-2019-0949-1.jpg","width":273,"height":430,"caption":"scan 30 01 2019 0949 1"},{"@type":"BreadcrumbList","@id":"https:\/\/skaitytaknyga.lt\/produktas\/zvejo-abc\/#breadcrumb","itemListElement":[{"@type":"ListItem","position":1,"name":"Home","item":"https:\/\/skaitytaknyga.lt\/"},{"@type":"ListItem","position":2,"name":"Parduotuv\u0117","item":"https:\/\/skaitytaknyga.lt\/knygu-parduotuve\/"},{"@type":"ListItem","position":3,"name":"\u017dvejo ABC"}]},{"@type":"WebSite","@id":"https:\/\/skaitytaknyga.lt\/#website","url":"https:\/\/skaitytaknyga.lt\/","name":"skaitytaknyga.lt","description":"Skaitytaknyga.lt \u2013 tai ma\u017eas \u0161eimos verslas, kuris prasid\u0117jo nuo meil\u0117s knygoms ir siekio i\u0161gelb\u0117ti knygas nuo likimo prie konteinerio. Kas vienam nereikalingas daiktas \u2013 kitam lobis, o mes esame tarpininkai, kurie padeda abiems tapti laimingesniems ???? \u017dinome kaip nelengva i\u0161gyventi ma\u017eiems verslams, tad nuo \u0161iol, \u010dia rasite ir kit\u0173, ma\u017e\u0173 \u0161eim\u0173 versl\u0173, rank\u0173 darbo, dovan\u0173 sau ir artimiesiems.","publisher":{"@id":"https:\/\/skaitytaknyga.lt\/#organization"},"potentialAction":[{"@type":"SearchAction","target":{"@type":"EntryPoint","urlTemplate":"https:\/\/skaitytaknyga.lt\/?s={search_term_string}"},"query-input":{"@type":"PropertyValueSpecification","valueRequired":true,"valueName":"search_term_string"}}],"inLanguage":"en-GB"},{"@type":"Organization","@id":"https:\/\/skaitytaknyga.lt\/#organization","name":"skaitytaknyga.lt","url":"https:\/\/skaitytaknyga.lt\/","logo":{"@type":"ImageObject","inLanguage":"en-GB","@id":"https:\/\/skaitytaknyga.lt\/#\/schema\/logo\/image\/","url":"https:\/\/skaitytaknyga.lt\/wp-content\/uploads\/2024\/05\/cropped-cropped-cropped-02_00843_jt3bggkj1j3HLc7SyY6rEUpg.jpeg","contentUrl":"https:\/\/skaitytaknyga.lt\/wp-content\/uploads\/2024\/05\/cropped-cropped-cropped-02_00843_jt3bggkj1j3HLc7SyY6rEUpg.jpeg","width":1600,"height":1600,"caption":"skaitytaknyga.lt"},"image":{"@id":"https:\/\/skaitytaknyga.lt\/#\/schema\/logo\/image\/"},"sameAs":["https:\/\/www.facebook.com\/skaitytaknyga\/"]}]}},"_links":{"self":[{"href":"https:\/\/skaitytaknyga.lt\/en\/wp-json\/wp\/v2\/product\/4280","targetHints":{"allow":["GET"]}}],"collection":[{"href":"https:\/\/skaitytaknyga.lt\/en\/wp-json\/wp\/v2\/product"}],"about":[{"href":"https:\/\/skaitytaknyga.lt\/en\/wp-json\/wp\/v2\/types\/product"}],"replies":[{"embeddable":true,"href":"https:\/\/skaitytaknyga.lt\/en\/wp-json\/wp\/v2\/comments?post=4280"}],"wp:featuredmedia":[{"embeddable":true,"href":"https:\/\/skaitytaknyga.lt\/en\/wp-json\/wp\/v2\/media\/4326"}],"wp:attachment":[{"href":"https:\/\/skaitytaknyga.lt\/en\/wp-json\/wp\/v2\/media?parent=4280"}],"wp:term":[{"taxonomy":"product_brand","embeddable":true,"href":"https:\/\/skaitytaknyga.lt\/en\/wp-json\/wp\/v2\/product_brand?post=4280"},{"taxonomy":"product_cat","embeddable":true,"href":"https:\/\/skaitytaknyga.lt\/en\/wp-json\/wp\/v2\/product_cat?post=4280"},{"taxonomy":"product_tag","embeddable":true,"href":"https:\/\/skaitytaknyga.lt\/en\/wp-json\/wp\/v2\/product_tag?post=4280"}],"curies":[{"name":"wp","href":"https:\/\/api.w.org\/{rel}","templated":true}]}}