{"id":4278,"date":"2024-04-17T13:46:12","date_gmt":"2024-04-17T13:46:12","guid":{"rendered":"https:\/\/skaitytaknyga.lt\/?post_type=product&#038;p=4278"},"modified":"2024-05-03T07:24:15","modified_gmt":"2024-05-03T07:24:15","slug":"kvadratinio-metro-darzas-mieste","status":"publish","type":"product","link":"https:\/\/skaitytaknyga.lt\/en\/produktas\/kvadratinio-metro-darzas-mieste\/","title":{"rendered":"Kvadratinio metro dar\u017eas mieste"},"content":{"rendered":"<p>\u2022 80 % daugiau derliaus 80 % ma\u017eesniame plote.<\/p>\n<p>\u2022 Idealus dar\u017eas bet kur: prie namo, sode, terasoje, balkone.<\/p>\n<p>\u2022 Dar\u017eov\u0117s ir prieskonin\u0117s \u017eolel\u0117s nuo ankstyvo pavasario iki v\u0117lyvo rudens.<\/p>\n<p>\u2022 I\u0161mokite pasigaminti 1 x 1 m2 dar\u017eo r\u0117mus.<\/p>\n<p>\u2022 Su\u017einokite kriterijus, kurie pad\u0117s i\u0161sirinkti dar\u017eo viet\u0105.<\/p>\n<p>  \u2022 Naudokit\u0117s s\u0117kl\u0173 s\u0117jimo ir daig\u0173 sodinimo patarimais.<\/p>\n<p>\u2022 I\u0161siai\u0161kinkite tinkamiausio dirvo\u017eemio mi\u0161inio sud\u0117t\u012f.<\/p>\n<p>\u2022 I\u0161mokite vertikalios dar\u017eininkyst\u0117s ir u\u017esiauginkite pomidor\u0173, \u017eirni\u0173 ar moli\u016bg\u0173.<\/p>\n<p>\u2022 Skaitykite augal\u0173 \u017einyn\u0105, kuriame apra\u0161oma, kaip auginti \u012fvairius \u017ealumynus.<\/p>\n<p>\u012esirenkite dar\u017e\u0105 ma\u017eiausiose erdv\u0117se ir m\u0117gaukit\u0117s savo ran-komis u\u017eaugintomis dar\u017eov\u0117mis bei prieskoniais. Naujas revoliu-cinis auginimo metodas: joki\u0173 pikt\u017eoli\u0173, joki\u0173 tr\u0105\u0161\u0173, trys der-liai viename plote, derliaus tiek, kiek reikia, ir prie\u017ei\u016bros \u2013 vos 10 minu\u010di\u0173 kasdien!<\/p>\n","protected":false},"excerpt":{"rendered":"<p>\u2022 80 % daugiau derliaus 80 % ma\u017eesniame plote.<\/p>\n<p>\u2022 Idealus dar\u017eas bet kur: prie namo, sode, terasoje, balkone.<\/p>\n<p>\u2022 Dar\u017eov\u0117s ir prieskonin\u0117s \u017eolel\u0117s nuo ankstyvo pavasario iki v\u0117lyvo rudens.<\/p>\n<p>\u2022 I\u0161mokite pasigaminti 1 x 1 m2 dar\u017eo r\u0117mus.<\/p>\n<p>\u2022 Su\u017einokite kriterijus, kurie pad\u0117s i\u0161sirinkti dar\u017eo viet\u0105.<\/p>\n<p>  \u2022 Naudokit\u0117s s\u0117kl\u0173 s\u0117jimo ir daig\u0173 sodinimo patarimais.<\/p>\n<p>\u2022 I\u0161siai\u0161kinkite tinkamiausio dirvo\u017eemio mi\u0161inio sud\u0117t\u012f.<\/p>\n<p>\u2022 I\u0161mokite vertikalios dar\u017eininkyst\u0117s ir u\u017esiauginkite pomidor\u0173, \u017eirni\u0173 ar moli\u016bg\u0173.<\/p>\n<p>\u2022 Skaitykite augal\u0173 \u017einyn\u0105, kuriame apra\u0161oma, kaip auginti \u012fvairius \u017ealumynus.<\/p>\n<p>\u012esirenkite dar\u017e\u0105 ma\u017eiausiose erdv\u0117se ir m\u0117gaukit\u0117s savo ran-komis u\u017eaugintomis dar\u017eov\u0117mis bei prieskoniais. Naujas revoliu-cinis auginimo metodas: joki\u0173 pikt\u017eoli\u0173, joki\u0173 tr\u0105\u0161\u0173, trys der-liai viename plote, derliaus tiek, kiek reikia, ir prie\u017ei\u016bros \u2013 vos 10 minu\u010di\u0173 kasdien!<\/p>\n","protected":false},"featured_media":4324,"comment_status":"closed","ping_status":"closed","template":"","meta":{"_acf_changed":false,"site-sidebar-layout":"default","site-content-layout":"","ast-site-content-layout":"default","site-content-style":"default","site-sidebar-style":"default","ast-global-header-display":"","ast-banner-title-visibility":"","ast-main-header-display":"","ast-hfb-above-header-display":"","ast-hfb-below-header-display":"","ast-hfb-mobile-header-display":"","site-post-title":"","ast-breadcrumbs-content":"","ast-featured-img":"","footer-sml-layout":"","ast-disable-related-posts":"","theme-transparent-header-meta":"","adv-header-id-meta":"","stick-header-meta":"","header-above-stick-meta":"","header-main-stick-meta":"","header-below-stick-meta":"","astra-migrate-meta-layouts":"default","ast-page-background-enabled":"default","ast-page-background-meta":{"desktop":{"background-color":"","background-image":"","background-repeat":"repeat","background-position":"center center","background-size":"auto","background-attachment":"scroll","background-type":"","background-media":"","overlay-type":"","overlay-color":"","overlay-opacity":"","overlay-gradient":""},"tablet":{"background-color":"","background-image":"","background-repeat":"repeat","background-position":"center center","background-size":"auto","background-attachment":"scroll","background-type":"","background-media":"","overlay-type":"","overlay-color":"","overlay-opacity":"","overlay-gradient":""},"mobile":{"background-color":"","background-image":"","background-repeat":"repeat","background-position":"center center","background-size":"auto","background-attachment":"scroll","background-type":"","background-media":"","overlay-type":"","overlay-color":"","overlay-opacity":"","overlay-gradient":""}},"ast-content-background-meta":{"desktop":{"background-color":"var(--ast-global-color-4)","background-image":"","background-repeat":"repeat","background-position":"center center","background-size":"auto","background-attachment":"scroll","background-type":"","background-media":"","overlay-type":"","overlay-color":"","overlay-opacity":"","overlay-gradient":""},"tablet":{"background-color":"var(--ast-global-color-4)","background-image":"","background-repeat":"repeat","background-position":"center center","background-size":"auto","background-attachment":"scroll","background-type":"","background-media":"","overlay-type":"","overlay-color":"","overlay-opacity":"","overlay-gradient":""},"mobile":{"background-color":"var(--ast-global-color-4)","background-image":"","background-repeat":"repeat","background-position":"center center","background-size":"auto","background-attachment":"scroll","background-type":"","background-media":"","overlay-type":"","overlay-color":"","overlay-opacity":"","overlay-gradient":""}}},"product_brand":[],"product_cat":[74],"product_tag":[],"class_list":{"0":"post-4278","1":"product","2":"type-product","3":"status-publish","4":"has-post-thumbnail","6":"product_cat-sodas-darzas-ir-gelynai","7":"desktop-align-left","8":"tablet-align-left","9":"mobile-align-left","11":"first","12":"outofstock","13":"shipping-taxable","14":"purchasable","15":"product-type-simple"},"acf":[],"yoast_head":"<!-- This site is optimized with the Yoast SEO plugin v27.0 - https:\/\/yoast.com\/product\/yoast-seo-wordpress\/ -->\n<title>Kvadratinio metro dar\u017eas mieste - Skaitytaknyga<\/title>\n<meta name=\"description\" content=\"\u2022 80 % daugiau derliaus 80 % ma\u017eesniame plote.  \u2022 Idealus dar\u017eas bet kur: prie namo, sode, terasoje, balkone.  \u2022 Dar\u017eov\u0117s ir prieskonin\u0117s \u017eolel\u0117s nuo ankstyvo pavasario iki v\u0117lyvo rudens.  \u2022 I\u0161mokite pasigaminti 1 x 1 m2 dar\u017eo r\u0117mus.  \u2022 Su\u017einokite kriterijus, kurie pad\u0117s i\u0161sirinkti dar\u017eo viet\u0105.   \u2022 Naudokit\u0117s s\u0117kl\u0173 s\u0117jimo ir daig\u0173 sodinimo patarimais.  \u2022 I\u0161siai\u0161kinkite tinkamiausio dirvo\u017eemio mi\u0161inio sud\u0117t\u012f.  \u2022 I\u0161mokite vertikalios dar\u017eininkyst\u0117s ir u\u017esiauginkite pomidor\u0173, \u017eirni\u0173 ar moli\u016bg\u0173.  \u2022 Skaitykite augal\u0173 \u017einyn\u0105, kuriame apra\u0161oma, kaip auginti \u012fvairius \u017ealumynus.  \u012esirenkite dar\u017e\u0105 ma\u017eiausiose erdv\u0117se ir m\u0117gaukit\u0117s savo ran-komis u\u017eaugintomis dar\u017eov\u0117mis bei prieskoniais. Naujas revoliu-cinis auginimo metodas: joki\u0173 pikt\u017eoli\u0173, joki\u0173 tr\u0105\u0161\u0173, trys der-liai viename plote, derliaus tiek, kiek reikia, ir prie\u017ei\u016bros \u2013 vos 10 minu\u010di\u0173 kasdien!\" \/>\n<meta name=\"robots\" content=\"index, follow, max-snippet:-1, max-image-preview:large, max-video-preview:-1\" \/>\n<link rel=\"canonical\" href=\"https:\/\/skaitytaknyga.lt\/en\/produktas\/kvadratinio-metro-darzas-mieste\/\" \/>\n<meta property=\"og:locale\" content=\"en_GB\" \/>\n<meta property=\"og:locale:alternate\" content=\"lt_LT\" \/>\n<meta property=\"og:type\" content=\"article\" \/>\n<meta property=\"og:title\" content=\"Kvadratinio metro dar\u017eas mieste - Skaitytaknyga\" \/>\n<meta property=\"og:description\" content=\"\u2022 80 % daugiau derliaus 80 % ma\u017eesniame plote.  \u2022 Idealus dar\u017eas bet kur: prie namo, sode, terasoje, balkone.  \u2022 Dar\u017eov\u0117s ir prieskonin\u0117s \u017eolel\u0117s nuo ankstyvo pavasario iki v\u0117lyvo rudens.  \u2022 I\u0161mokite pasigaminti 1 x 1 m2 dar\u017eo r\u0117mus.  \u2022 Su\u017einokite kriterijus, kurie pad\u0117s i\u0161sirinkti dar\u017eo viet\u0105.   \u2022 Naudokit\u0117s s\u0117kl\u0173 s\u0117jimo ir daig\u0173 sodinimo patarimais.  \u2022 I\u0161siai\u0161kinkite tinkamiausio dirvo\u017eemio mi\u0161inio sud\u0117t\u012f.  \u2022 I\u0161mokite vertikalios dar\u017eininkyst\u0117s ir u\u017esiauginkite pomidor\u0173, \u017eirni\u0173 ar moli\u016bg\u0173.  \u2022 Skaitykite augal\u0173 \u017einyn\u0105, kuriame apra\u0161oma, kaip auginti \u012fvairius \u017ealumynus.  \u012esirenkite dar\u017e\u0105 ma\u017eiausiose erdv\u0117se ir m\u0117gaukit\u0117s savo ran-komis u\u017eaugintomis dar\u017eov\u0117mis bei prieskoniais. Naujas revoliu-cinis auginimo metodas: joki\u0173 pikt\u017eoli\u0173, joki\u0173 tr\u0105\u0161\u0173, trys der-liai viename plote, derliaus tiek, kiek reikia, ir prie\u017ei\u016bros \u2013 vos 10 minu\u010di\u0173 kasdien!\" \/>\n<meta property=\"og:url\" content=\"https:\/\/skaitytaknyga.lt\/en\/produktas\/kvadratinio-metro-darzas-mieste\/\" \/>\n<meta property=\"og:site_name\" content=\"Skaitytaknyga\" \/>\n<meta property=\"article:publisher\" content=\"https:\/\/www.facebook.com\/skaitytaknyga\/\" \/>\n<meta property=\"article:modified_time\" content=\"2024-05-03T07:24:15+00:00\" \/>\n<meta property=\"og:image\" content=\"https:\/\/skaitytaknyga.lt\/wp-content\/uploads\/2024\/04\/1499160017_12.jpg\" \/>\n\t<meta property=\"og:image:width\" content=\"304\" \/>\n\t<meta property=\"og:image:height\" content=\"430\" \/>\n\t<meta property=\"og:image:type\" content=\"image\/jpeg\" \/>\n<meta name=\"twitter:card\" content=\"summary_large_image\" \/>\n<meta name=\"twitter:label1\" content=\"Estimated reading time\" \/>\n\t<meta name=\"twitter:data1\" content=\"1 minute\" \/>\n<script type=\"application\/ld+json\" class=\"yoast-schema-graph\">{\"@context\":\"https:\/\/schema.org\",\"@graph\":[{\"@type\":\"WebPage\",\"@id\":\"https:\/\/skaitytaknyga.lt\/produktas\/kvadratinio-metro-darzas-mieste\/\",\"url\":\"https:\/\/skaitytaknyga.lt\/produktas\/kvadratinio-metro-darzas-mieste\/\",\"name\":\"Kvadratinio metro dar\u017eas mieste - Skaitytaknyga\",\"isPartOf\":{\"@id\":\"https:\/\/skaitytaknyga.lt\/#website\"},\"primaryImageOfPage\":{\"@id\":\"https:\/\/skaitytaknyga.lt\/produktas\/kvadratinio-metro-darzas-mieste\/#primaryimage\"},\"image\":{\"@id\":\"https:\/\/skaitytaknyga.lt\/produktas\/kvadratinio-metro-darzas-mieste\/#primaryimage\"},\"thumbnailUrl\":\"https:\/\/skaitytaknyga.lt\/wp-content\/uploads\/2024\/04\/1499160017_12.jpg\",\"datePublished\":\"2024-04-17T13:46:12+00:00\",\"dateModified\":\"2024-05-03T07:24:15+00:00\",\"description\":\"\u2022 80 % daugiau derliaus 80 % ma\u017eesniame plote. \u2022 Idealus dar\u017eas bet kur: prie namo, sode, terasoje, balkone. \u2022 Dar\u017eov\u0117s ir prieskonin\u0117s \u017eolel\u0117s nuo ankstyvo pavasario iki v\u0117lyvo rudens. \u2022 I\u0161mokite pasigaminti 1 x 1 m2 dar\u017eo r\u0117mus. \u2022 Su\u017einokite kriterijus, kurie pad\u0117s i\u0161sirinkti dar\u017eo viet\u0105. \u2022 Naudokit\u0117s s\u0117kl\u0173 s\u0117jimo ir daig\u0173 sodinimo patarimais. \u2022 I\u0161siai\u0161kinkite tinkamiausio dirvo\u017eemio mi\u0161inio sud\u0117t\u012f. \u2022 I\u0161mokite vertikalios dar\u017eininkyst\u0117s ir u\u017esiauginkite pomidor\u0173, \u017eirni\u0173 ar moli\u016bg\u0173. \u2022 Skaitykite augal\u0173 \u017einyn\u0105, kuriame apra\u0161oma, kaip auginti \u012fvairius \u017ealumynus. \u012esirenkite dar\u017e\u0105 ma\u017eiausiose erdv\u0117se ir m\u0117gaukit\u0117s savo ran-komis u\u017eaugintomis dar\u017eov\u0117mis bei prieskoniais. Naujas revoliu-cinis auginimo metodas: joki\u0173 pikt\u017eoli\u0173, joki\u0173 tr\u0105\u0161\u0173, trys der-liai viename plote, derliaus tiek, kiek reikia, ir prie\u017ei\u016bros \u2013 vos 10 minu\u010di\u0173 kasdien!\",\"breadcrumb\":{\"@id\":\"https:\/\/skaitytaknyga.lt\/produktas\/kvadratinio-metro-darzas-mieste\/#breadcrumb\"},\"inLanguage\":\"en-GB\",\"potentialAction\":[{\"@type\":\"ReadAction\",\"target\":[\"https:\/\/skaitytaknyga.lt\/produktas\/kvadratinio-metro-darzas-mieste\/\"]}]},{\"@type\":\"ImageObject\",\"inLanguage\":\"en-GB\",\"@id\":\"https:\/\/skaitytaknyga.lt\/produktas\/kvadratinio-metro-darzas-mieste\/#primaryimage\",\"url\":\"https:\/\/skaitytaknyga.lt\/wp-content\/uploads\/2024\/04\/1499160017_12.jpg\",\"contentUrl\":\"https:\/\/skaitytaknyga.lt\/wp-content\/uploads\/2024\/04\/1499160017_12.jpg\",\"width\":304,\"height\":430,\"caption\":\"1499160017 12\"},{\"@type\":\"BreadcrumbList\",\"@id\":\"https:\/\/skaitytaknyga.lt\/produktas\/kvadratinio-metro-darzas-mieste\/#breadcrumb\",\"itemListElement\":[{\"@type\":\"ListItem\",\"position\":1,\"name\":\"Home\",\"item\":\"https:\/\/skaitytaknyga.lt\/\"},{\"@type\":\"ListItem\",\"position\":2,\"name\":\"Parduotuv\u0117\",\"item\":\"https:\/\/skaitytaknyga.lt\/knygu-parduotuve\/\"},{\"@type\":\"ListItem\",\"position\":3,\"name\":\"Kvadratinio metro dar\u017eas mieste\"}]},{\"@type\":\"WebSite\",\"@id\":\"https:\/\/skaitytaknyga.lt\/#website\",\"url\":\"https:\/\/skaitytaknyga.lt\/\",\"name\":\"skaitytaknyga.lt\",\"description\":\"Skaitytaknyga.lt \u2013 tai ma\u017eas \u0161eimos verslas, kuris prasid\u0117jo nuo meil\u0117s knygoms ir siekio i\u0161gelb\u0117ti knygas nuo likimo prie konteinerio. Kas vienam nereikalingas daiktas \u2013 kitam lobis, o mes esame tarpininkai, kurie padeda abiems tapti laimingesniems ???? \u017dinome kaip nelengva i\u0161gyventi ma\u017eiems verslams, tad nuo \u0161iol, \u010dia rasite ir kit\u0173, ma\u017e\u0173 \u0161eim\u0173 versl\u0173, rank\u0173 darbo, dovan\u0173 sau ir artimiesiems.\",\"publisher\":{\"@id\":\"https:\/\/skaitytaknyga.lt\/#organization\"},\"potentialAction\":[{\"@type\":\"SearchAction\",\"target\":{\"@type\":\"EntryPoint\",\"urlTemplate\":\"https:\/\/skaitytaknyga.lt\/?s={search_term_string}\"},\"query-input\":{\"@type\":\"PropertyValueSpecification\",\"valueRequired\":true,\"valueName\":\"search_term_string\"}}],\"inLanguage\":\"en-GB\"},{\"@type\":\"Organization\",\"@id\":\"https:\/\/skaitytaknyga.lt\/#organization\",\"name\":\"skaitytaknyga.lt\",\"url\":\"https:\/\/skaitytaknyga.lt\/\",\"logo\":{\"@type\":\"ImageObject\",\"inLanguage\":\"en-GB\",\"@id\":\"https:\/\/skaitytaknyga.lt\/#\/schema\/logo\/image\/\",\"url\":\"https:\/\/skaitytaknyga.lt\/wp-content\/uploads\/2024\/05\/cropped-cropped-cropped-02_00843_jt3bggkj1j3HLc7SyY6rEUpg.jpeg\",\"contentUrl\":\"https:\/\/skaitytaknyga.lt\/wp-content\/uploads\/2024\/05\/cropped-cropped-cropped-02_00843_jt3bggkj1j3HLc7SyY6rEUpg.jpeg\",\"width\":1600,\"height\":1600,\"caption\":\"skaitytaknyga.lt\"},\"image\":{\"@id\":\"https:\/\/skaitytaknyga.lt\/#\/schema\/logo\/image\/\"},\"sameAs\":[\"https:\/\/www.facebook.com\/skaitytaknyga\/\"]}]}<\/script>\n<!-- \/ Yoast SEO plugin. -->","yoast_head_json":{"title":"Kvadratinio metro dar\u017eas mieste - Skaitytaknyga","description":"\u2022 80 % daugiau derliaus 80 % ma\u017eesniame plote.  \u2022 Idealus dar\u017eas bet kur: prie namo, sode, terasoje, balkone.  \u2022 Dar\u017eov\u0117s ir prieskonin\u0117s \u017eolel\u0117s nuo ankstyvo pavasario iki v\u0117lyvo rudens.  \u2022 I\u0161mokite pasigaminti 1 x 1 m2 dar\u017eo r\u0117mus.  \u2022 Su\u017einokite kriterijus, kurie pad\u0117s i\u0161sirinkti dar\u017eo viet\u0105.   \u2022 Naudokit\u0117s s\u0117kl\u0173 s\u0117jimo ir daig\u0173 sodinimo patarimais.  \u2022 I\u0161siai\u0161kinkite tinkamiausio dirvo\u017eemio mi\u0161inio sud\u0117t\u012f.  \u2022 I\u0161mokite vertikalios dar\u017eininkyst\u0117s ir u\u017esiauginkite pomidor\u0173, \u017eirni\u0173 ar moli\u016bg\u0173.  \u2022 Skaitykite augal\u0173 \u017einyn\u0105, kuriame apra\u0161oma, kaip auginti \u012fvairius \u017ealumynus.  \u012esirenkite dar\u017e\u0105 ma\u017eiausiose erdv\u0117se ir m\u0117gaukit\u0117s savo ran-komis u\u017eaugintomis dar\u017eov\u0117mis bei prieskoniais. Naujas revoliu-cinis auginimo metodas: joki\u0173 pikt\u017eoli\u0173, joki\u0173 tr\u0105\u0161\u0173, trys der-liai viename plote, derliaus tiek, kiek reikia, ir prie\u017ei\u016bros \u2013 vos 10 minu\u010di\u0173 kasdien!","robots":{"index":"index","follow":"follow","max-snippet":"max-snippet:-1","max-image-preview":"max-image-preview:large","max-video-preview":"max-video-preview:-1"},"canonical":"https:\/\/skaitytaknyga.lt\/en\/produktas\/kvadratinio-metro-darzas-mieste\/","og_locale":"en_GB","og_type":"article","og_title":"Kvadratinio metro dar\u017eas mieste - Skaitytaknyga","og_description":"\u2022 80 % daugiau derliaus 80 % ma\u017eesniame plote.  \u2022 Idealus dar\u017eas bet kur: prie namo, sode, terasoje, balkone.  \u2022 Dar\u017eov\u0117s ir prieskonin\u0117s \u017eolel\u0117s nuo ankstyvo pavasario iki v\u0117lyvo rudens.  \u2022 I\u0161mokite pasigaminti 1 x 1 m2 dar\u017eo r\u0117mus.  \u2022 Su\u017einokite kriterijus, kurie pad\u0117s i\u0161sirinkti dar\u017eo viet\u0105.   \u2022 Naudokit\u0117s s\u0117kl\u0173 s\u0117jimo ir daig\u0173 sodinimo patarimais.  \u2022 I\u0161siai\u0161kinkite tinkamiausio dirvo\u017eemio mi\u0161inio sud\u0117t\u012f.  \u2022 I\u0161mokite vertikalios dar\u017eininkyst\u0117s ir u\u017esiauginkite pomidor\u0173, \u017eirni\u0173 ar moli\u016bg\u0173.  \u2022 Skaitykite augal\u0173 \u017einyn\u0105, kuriame apra\u0161oma, kaip auginti \u012fvairius \u017ealumynus.  \u012esirenkite dar\u017e\u0105 ma\u017eiausiose erdv\u0117se ir m\u0117gaukit\u0117s savo ran-komis u\u017eaugintomis dar\u017eov\u0117mis bei prieskoniais. Naujas revoliu-cinis auginimo metodas: joki\u0173 pikt\u017eoli\u0173, joki\u0173 tr\u0105\u0161\u0173, trys der-liai viename plote, derliaus tiek, kiek reikia, ir prie\u017ei\u016bros \u2013 vos 10 minu\u010di\u0173 kasdien!","og_url":"https:\/\/skaitytaknyga.lt\/en\/produktas\/kvadratinio-metro-darzas-mieste\/","og_site_name":"Skaitytaknyga","article_publisher":"https:\/\/www.facebook.com\/skaitytaknyga\/","article_modified_time":"2024-05-03T07:24:15+00:00","og_image":[{"width":304,"height":430,"url":"https:\/\/skaitytaknyga.lt\/wp-content\/uploads\/2024\/04\/1499160017_12.jpg","type":"image\/jpeg"}],"twitter_card":"summary_large_image","twitter_misc":{"Estimated reading time":"1 minute"},"schema":{"@context":"https:\/\/schema.org","@graph":[{"@type":"WebPage","@id":"https:\/\/skaitytaknyga.lt\/produktas\/kvadratinio-metro-darzas-mieste\/","url":"https:\/\/skaitytaknyga.lt\/produktas\/kvadratinio-metro-darzas-mieste\/","name":"Kvadratinio metro dar\u017eas mieste - Skaitytaknyga","isPartOf":{"@id":"https:\/\/skaitytaknyga.lt\/#website"},"primaryImageOfPage":{"@id":"https:\/\/skaitytaknyga.lt\/produktas\/kvadratinio-metro-darzas-mieste\/#primaryimage"},"image":{"@id":"https:\/\/skaitytaknyga.lt\/produktas\/kvadratinio-metro-darzas-mieste\/#primaryimage"},"thumbnailUrl":"https:\/\/skaitytaknyga.lt\/wp-content\/uploads\/2024\/04\/1499160017_12.jpg","datePublished":"2024-04-17T13:46:12+00:00","dateModified":"2024-05-03T07:24:15+00:00","description":"\u2022 80 % daugiau derliaus 80 % ma\u017eesniame plote. \u2022 Idealus dar\u017eas bet kur: prie namo, sode, terasoje, balkone. \u2022 Dar\u017eov\u0117s ir prieskonin\u0117s \u017eolel\u0117s nuo ankstyvo pavasario iki v\u0117lyvo rudens. \u2022 I\u0161mokite pasigaminti 1 x 1 m2 dar\u017eo r\u0117mus. \u2022 Su\u017einokite kriterijus, kurie pad\u0117s i\u0161sirinkti dar\u017eo viet\u0105. \u2022 Naudokit\u0117s s\u0117kl\u0173 s\u0117jimo ir daig\u0173 sodinimo patarimais. \u2022 I\u0161siai\u0161kinkite tinkamiausio dirvo\u017eemio mi\u0161inio sud\u0117t\u012f. \u2022 I\u0161mokite vertikalios dar\u017eininkyst\u0117s ir u\u017esiauginkite pomidor\u0173, \u017eirni\u0173 ar moli\u016bg\u0173. \u2022 Skaitykite augal\u0173 \u017einyn\u0105, kuriame apra\u0161oma, kaip auginti \u012fvairius \u017ealumynus. \u012esirenkite dar\u017e\u0105 ma\u017eiausiose erdv\u0117se ir m\u0117gaukit\u0117s savo ran-komis u\u017eaugintomis dar\u017eov\u0117mis bei prieskoniais. Naujas revoliu-cinis auginimo metodas: joki\u0173 pikt\u017eoli\u0173, joki\u0173 tr\u0105\u0161\u0173, trys der-liai viename plote, derliaus tiek, kiek reikia, ir prie\u017ei\u016bros \u2013 vos 10 minu\u010di\u0173 kasdien!","breadcrumb":{"@id":"https:\/\/skaitytaknyga.lt\/produktas\/kvadratinio-metro-darzas-mieste\/#breadcrumb"},"inLanguage":"en-GB","potentialAction":[{"@type":"ReadAction","target":["https:\/\/skaitytaknyga.lt\/produktas\/kvadratinio-metro-darzas-mieste\/"]}]},{"@type":"ImageObject","inLanguage":"en-GB","@id":"https:\/\/skaitytaknyga.lt\/produktas\/kvadratinio-metro-darzas-mieste\/#primaryimage","url":"https:\/\/skaitytaknyga.lt\/wp-content\/uploads\/2024\/04\/1499160017_12.jpg","contentUrl":"https:\/\/skaitytaknyga.lt\/wp-content\/uploads\/2024\/04\/1499160017_12.jpg","width":304,"height":430,"caption":"1499160017 12"},{"@type":"BreadcrumbList","@id":"https:\/\/skaitytaknyga.lt\/produktas\/kvadratinio-metro-darzas-mieste\/#breadcrumb","itemListElement":[{"@type":"ListItem","position":1,"name":"Home","item":"https:\/\/skaitytaknyga.lt\/"},{"@type":"ListItem","position":2,"name":"Parduotuv\u0117","item":"https:\/\/skaitytaknyga.lt\/knygu-parduotuve\/"},{"@type":"ListItem","position":3,"name":"Kvadratinio metro dar\u017eas mieste"}]},{"@type":"WebSite","@id":"https:\/\/skaitytaknyga.lt\/#website","url":"https:\/\/skaitytaknyga.lt\/","name":"skaitytaknyga.lt","description":"Skaitytaknyga.lt \u2013 tai ma\u017eas \u0161eimos verslas, kuris prasid\u0117jo nuo meil\u0117s knygoms ir siekio i\u0161gelb\u0117ti knygas nuo likimo prie konteinerio. Kas vienam nereikalingas daiktas \u2013 kitam lobis, o mes esame tarpininkai, kurie padeda abiems tapti laimingesniems ???? \u017dinome kaip nelengva i\u0161gyventi ma\u017eiems verslams, tad nuo \u0161iol, \u010dia rasite ir kit\u0173, ma\u017e\u0173 \u0161eim\u0173 versl\u0173, rank\u0173 darbo, dovan\u0173 sau ir artimiesiems.","publisher":{"@id":"https:\/\/skaitytaknyga.lt\/#organization"},"potentialAction":[{"@type":"SearchAction","target":{"@type":"EntryPoint","urlTemplate":"https:\/\/skaitytaknyga.lt\/?s={search_term_string}"},"query-input":{"@type":"PropertyValueSpecification","valueRequired":true,"valueName":"search_term_string"}}],"inLanguage":"en-GB"},{"@type":"Organization","@id":"https:\/\/skaitytaknyga.lt\/#organization","name":"skaitytaknyga.lt","url":"https:\/\/skaitytaknyga.lt\/","logo":{"@type":"ImageObject","inLanguage":"en-GB","@id":"https:\/\/skaitytaknyga.lt\/#\/schema\/logo\/image\/","url":"https:\/\/skaitytaknyga.lt\/wp-content\/uploads\/2024\/05\/cropped-cropped-cropped-02_00843_jt3bggkj1j3HLc7SyY6rEUpg.jpeg","contentUrl":"https:\/\/skaitytaknyga.lt\/wp-content\/uploads\/2024\/05\/cropped-cropped-cropped-02_00843_jt3bggkj1j3HLc7SyY6rEUpg.jpeg","width":1600,"height":1600,"caption":"skaitytaknyga.lt"},"image":{"@id":"https:\/\/skaitytaknyga.lt\/#\/schema\/logo\/image\/"},"sameAs":["https:\/\/www.facebook.com\/skaitytaknyga\/"]}]}},"_links":{"self":[{"href":"https:\/\/skaitytaknyga.lt\/en\/wp-json\/wp\/v2\/product\/4278","targetHints":{"allow":["GET"]}}],"collection":[{"href":"https:\/\/skaitytaknyga.lt\/en\/wp-json\/wp\/v2\/product"}],"about":[{"href":"https:\/\/skaitytaknyga.lt\/en\/wp-json\/wp\/v2\/types\/product"}],"replies":[{"embeddable":true,"href":"https:\/\/skaitytaknyga.lt\/en\/wp-json\/wp\/v2\/comments?post=4278"}],"wp:featuredmedia":[{"embeddable":true,"href":"https:\/\/skaitytaknyga.lt\/en\/wp-json\/wp\/v2\/media\/4324"}],"wp:attachment":[{"href":"https:\/\/skaitytaknyga.lt\/en\/wp-json\/wp\/v2\/media?parent=4278"}],"wp:term":[{"taxonomy":"product_brand","embeddable":true,"href":"https:\/\/skaitytaknyga.lt\/en\/wp-json\/wp\/v2\/product_brand?post=4278"},{"taxonomy":"product_cat","embeddable":true,"href":"https:\/\/skaitytaknyga.lt\/en\/wp-json\/wp\/v2\/product_cat?post=4278"},{"taxonomy":"product_tag","embeddable":true,"href":"https:\/\/skaitytaknyga.lt\/en\/wp-json\/wp\/v2\/product_tag?post=4278"}],"curies":[{"name":"wp","href":"https:\/\/api.w.org\/{rel}","templated":true}]}}