{"id":4266,"date":"2024-04-17T13:45:47","date_gmt":"2024-04-17T13:45:47","guid":{"rendered":"https:\/\/skaitytaknyga.lt\/?post_type=product&#038;p=4266"},"modified":"2026-03-02T10:53:10","modified_gmt":"2026-03-02T08:53:10","slug":"john-lukacs-churchill-aiskiaregys-valstybes-veikejas-istorikas","status":"publish","type":"product","link":"https:\/\/skaitytaknyga.lt\/en\/produktas\/john-lukacs-churchill-aiskiaregys-valstybes-veikejas-istorikas\/","title":{"rendered":"John Lukacs \u201eChurchill. Ai\u0161kiaregys. Valstyb\u0117s veik\u0117jas. Istorikas\u201c (i\u0161teptas vir\u0161elis)"},"content":{"rendered":"<p>Knygos &#8220;Churchill. Ai\u0161kiaregys. Valstyb\u0117s veik\u0117jas. Istorikas&#8221; apra\u0161ymas<br \/>\n&#8220;Lukacsas \u012ftikinamai pie\u0161ia nykstan\u010dios imperijos vadovo ir kylan\u010dio m\u016bs\u0173 laik\u0173 didvyrio, nors ir turin\u010dio yd\u0173, portret\u0105.&#8221;<\/p>\n<p>Publishers Weekly<\/p>\n<p>&#8220;Galima teigti, kad Johnas Lukacsas naujai atskleid\u0117 \u0161\u012f did\u012f \u017emog\u0173 ir jo laim\u0117jimus.&#8221;<\/p>\n<p>Philadelphia Inquirer<\/p>\n<p>&#8220;\u0160i knyga &#8211; puiki dovana tiems, kas m\u0117gsta skaityti. Ji kupina nuo\u0161irdumo, daug \u012fvairios informacijos, tryk\u0161ta erudicija ir gali nud\u017eiuginti kiekvien\u0105 Churchillio gerb\u0117j\u0105.&#8221;<\/p>\n<p>Sunday Telegraph<\/p>\n","protected":false},"excerpt":{"rendered":"<p>Knygos &#8220;Churchill. Ai\u0161kiaregys. Valstyb\u0117s veik\u0117jas. Istorikas&#8221; apra\u0161ymas<br \/>\n&#8220;Lukacsas \u012ftikinamai pie\u0161ia nykstan\u010dios imperijos vadovo ir kylan\u010dio m\u016bs\u0173 laik\u0173 didvyrio, nors ir turin\u010dio yd\u0173, portret\u0105.&#8221;<\/p>\n<p>Publishers Weekly<\/p>\n<p>&#8220;Galima teigti, kad Johnas Lukacsas naujai atskleid\u0117 \u0161\u012f did\u012f \u017emog\u0173 ir jo laim\u0117jimus.&#8221;<\/p>\n<p>Philadelphia Inquirer<\/p>\n<p>&#8220;\u0160i knyga &#8211; puiki dovana tiems, kas m\u0117gsta skaityti. Ji kupina nuo\u0161irdumo, daug \u012fvairios informacijos, tryk\u0161ta erudicija ir gali nud\u017eiuginti kiekvien\u0105 Churchillio gerb\u0117j\u0105.&#8221;<\/p>\n<p>Sunday Telegraph<\/p>\n","protected":false},"featured_media":4319,"comment_status":"closed","ping_status":"closed","template":"","meta":{"_acf_changed":false,"site-sidebar-layout":"default","site-content-layout":"","ast-site-content-layout":"default","site-content-style":"default","site-sidebar-style":"default","ast-global-header-display":"","ast-banner-title-visibility":"","ast-main-header-display":"","ast-hfb-above-header-display":"","ast-hfb-below-header-display":"","ast-hfb-mobile-header-display":"","site-post-title":"","ast-breadcrumbs-content":"","ast-featured-img":"","footer-sml-layout":"","ast-disable-related-posts":"","theme-transparent-header-meta":"default","adv-header-id-meta":"","stick-header-meta":"","header-above-stick-meta":"","header-main-stick-meta":"","header-below-stick-meta":"","astra-migrate-meta-layouts":"set","ast-page-background-enabled":"default","ast-page-background-meta":{"desktop":{"background-color":"","background-image":"","background-repeat":"repeat","background-position":"center center","background-size":"auto","background-attachment":"scroll","background-type":"","background-media":"","overlay-type":"","overlay-color":"","overlay-opacity":"","overlay-gradient":""},"tablet":{"background-color":"","background-image":"","background-repeat":"repeat","background-position":"center center","background-size":"auto","background-attachment":"scroll","background-type":"","background-media":"","overlay-type":"","overlay-color":"","overlay-opacity":"","overlay-gradient":""},"mobile":{"background-color":"","background-image":"","background-repeat":"repeat","background-position":"center center","background-size":"auto","background-attachment":"scroll","background-type":"","background-media":"","overlay-type":"","overlay-color":"","overlay-opacity":"","overlay-gradient":""}},"ast-content-background-meta":{"desktop":{"background-color":"var(--ast-global-color-4)","background-image":"","background-repeat":"repeat","background-position":"center center","background-size":"auto","background-attachment":"scroll","background-type":"","background-media":"","overlay-type":"","overlay-color":"","overlay-opacity":"","overlay-gradient":""},"tablet":{"background-color":"var(--ast-global-color-4)","background-image":"","background-repeat":"repeat","background-position":"center center","background-size":"auto","background-attachment":"scroll","background-type":"","background-media":"","overlay-type":"","overlay-color":"","overlay-opacity":"","overlay-gradient":""},"mobile":{"background-color":"var(--ast-global-color-4)","background-image":"","background-repeat":"repeat","background-position":"center center","background-size":"auto","background-attachment":"scroll","background-type":"","background-media":"","overlay-type":"","overlay-color":"","overlay-opacity":"","overlay-gradient":""}}},"product_brand":[],"product_cat":[33,174],"product_tag":[9555],"class_list":{"0":"post-4266","1":"product","2":"type-product","3":"status-publish","4":"has-post-thumbnail","6":"product_cat-biografijos","7":"product_cat-istorija-ir-politologija","8":"product_tag-john-lukacs","9":"desktop-align-left","10":"tablet-align-left","11":"mobile-align-left","13":"first","14":"instock","15":"shipping-taxable","16":"purchasable","17":"product-type-simple"},"acf":[],"yoast_head":"<!-- This site is optimized with the Yoast SEO plugin v27.0 - https:\/\/yoast.com\/product\/yoast-seo-wordpress\/ -->\n<title>John Lukacs \u201eChurchill. Ai\u0161kiaregys. Valstyb\u0117s veik\u0117jas. Istorikas\u201c (i\u0161teptas vir\u0161elis)<\/title>\n<meta name=\"description\" content=\"Knygos &quot;Churchill. Ai\u0161kiaregys. Valstyb\u0117s veik\u0117jas. Istorikas&quot; apra\u0161ymas &quot;Lukacsas \u012ftikinamai pie\u0161ia nykstan\u010dios imperijos vadovo ir kylan\u010dio m\u016bs\u0173 laik\u0173 didvyrio, nors ir turin\u010dio yd\u0173, portret\u0105.&quot;  Publishers Weekly  &quot;Galima teigti, kad Johnas Lukacsas naujai atskleid\u0117 \u0161\u012f did\u012f \u017emog\u0173 ir jo laim\u0117jimus.&quot;  Philadelphia Inquirer  &quot;\u0160i knyga - puiki dovana tiems, kas m\u0117gsta skaityti. Ji kupina nuo\u0161irdumo, daug \u012fvairios informacijos, tryk\u0161ta erudicija ir gali nud\u017eiuginti kiekvien\u0105 Churchillio gerb\u0117j\u0105.&quot;  Sunday Telegraph\" \/>\n<meta name=\"robots\" content=\"index, follow, max-snippet:-1, max-image-preview:large, max-video-preview:-1\" \/>\n<link rel=\"canonical\" href=\"https:\/\/skaitytaknyga.lt\/en\/produktas\/john-lukacs-churchill-aiskiaregys-valstybes-veikejas-istorikas\/\" \/>\n<meta property=\"og:locale\" content=\"en_GB\" \/>\n<meta property=\"og:locale:alternate\" content=\"lt_LT\" \/>\n<meta property=\"og:type\" content=\"article\" \/>\n<meta property=\"og:title\" content=\"John Lukacs \u201eChurchill. Ai\u0161kiaregys. Valstyb\u0117s veik\u0117jas. Istorikas\u201c (i\u0161teptas vir\u0161elis)\" \/>\n<meta property=\"og:description\" content=\"Knygos &quot;Churchill. Ai\u0161kiaregys. Valstyb\u0117s veik\u0117jas. Istorikas&quot; apra\u0161ymas &quot;Lukacsas \u012ftikinamai pie\u0161ia nykstan\u010dios imperijos vadovo ir kylan\u010dio m\u016bs\u0173 laik\u0173 didvyrio, nors ir turin\u010dio yd\u0173, portret\u0105.&quot;  Publishers Weekly  &quot;Galima teigti, kad Johnas Lukacsas naujai atskleid\u0117 \u0161\u012f did\u012f \u017emog\u0173 ir jo laim\u0117jimus.&quot;  Philadelphia Inquirer  &quot;\u0160i knyga - puiki dovana tiems, kas m\u0117gsta skaityti. Ji kupina nuo\u0161irdumo, daug \u012fvairios informacijos, tryk\u0161ta erudicija ir gali nud\u017eiuginti kiekvien\u0105 Churchillio gerb\u0117j\u0105.&quot;  Sunday Telegraph\" \/>\n<meta property=\"og:url\" content=\"https:\/\/skaitytaknyga.lt\/en\/produktas\/john-lukacs-churchill-aiskiaregys-valstybes-veikejas-istorikas\/\" \/>\n<meta property=\"og:site_name\" content=\"Skaitytaknyga\" \/>\n<meta property=\"article:publisher\" content=\"https:\/\/www.facebook.com\/skaitytaknyga\/\" \/>\n<meta property=\"article:modified_time\" content=\"2026-03-02T08:53:10+00:00\" \/>\n<meta property=\"og:image\" content=\"https:\/\/skaitytaknyga.lt\/wp-content\/uploads\/2024\/04\/unnamed-3-3.jpg\" \/>\n\t<meta property=\"og:image:width\" content=\"348\" \/>\n\t<meta property=\"og:image:height\" content=\"512\" \/>\n\t<meta property=\"og:image:type\" content=\"image\/jpeg\" \/>\n<meta name=\"twitter:card\" content=\"summary_large_image\" \/>\n<meta name=\"twitter:label1\" content=\"Estimated reading time\" \/>\n\t<meta name=\"twitter:data1\" content=\"1 minute\" \/>\n<script type=\"application\/ld+json\" class=\"yoast-schema-graph\">{\"@context\":\"https:\/\/schema.org\",\"@graph\":[{\"@type\":\"WebPage\",\"@id\":\"https:\/\/skaitytaknyga.lt\/produktas\/john-lukacs-churchill-aiskiaregys-valstybes-veikejas-istorikas\/\",\"url\":\"https:\/\/skaitytaknyga.lt\/produktas\/john-lukacs-churchill-aiskiaregys-valstybes-veikejas-istorikas\/\",\"name\":\"John Lukacs \u201eChurchill. Ai\u0161kiaregys. Valstyb\u0117s veik\u0117jas. Istorikas\u201c (i\u0161teptas vir\u0161elis)\",\"isPartOf\":{\"@id\":\"https:\/\/skaitytaknyga.lt\/#website\"},\"primaryImageOfPage\":{\"@id\":\"https:\/\/skaitytaknyga.lt\/produktas\/john-lukacs-churchill-aiskiaregys-valstybes-veikejas-istorikas\/#primaryimage\"},\"image\":{\"@id\":\"https:\/\/skaitytaknyga.lt\/produktas\/john-lukacs-churchill-aiskiaregys-valstybes-veikejas-istorikas\/#primaryimage\"},\"thumbnailUrl\":\"https:\/\/skaitytaknyga.lt\/wp-content\/uploads\/2024\/04\/unnamed-3-3.jpg\",\"datePublished\":\"2024-04-17T13:45:47+00:00\",\"dateModified\":\"2026-03-02T08:53:10+00:00\",\"description\":\"Knygos \\\"Churchill. Ai\u0161kiaregys. Valstyb\u0117s veik\u0117jas. Istorikas\\\" apra\u0161ymas \\\"Lukacsas \u012ftikinamai pie\u0161ia nykstan\u010dios imperijos vadovo ir kylan\u010dio m\u016bs\u0173 laik\u0173 didvyrio, nors ir turin\u010dio yd\u0173, portret\u0105.\\\" Publishers Weekly \\\"Galima teigti, kad Johnas Lukacsas naujai atskleid\u0117 \u0161\u012f did\u012f \u017emog\u0173 ir jo laim\u0117jimus.\\\" Philadelphia Inquirer \\\"\u0160i knyga - puiki dovana tiems, kas m\u0117gsta skaityti. Ji kupina nuo\u0161irdumo, daug \u012fvairios informacijos, tryk\u0161ta erudicija ir gali nud\u017eiuginti kiekvien\u0105 Churchillio gerb\u0117j\u0105.\\\" Sunday Telegraph\",\"breadcrumb\":{\"@id\":\"https:\/\/skaitytaknyga.lt\/produktas\/john-lukacs-churchill-aiskiaregys-valstybes-veikejas-istorikas\/#breadcrumb\"},\"inLanguage\":\"en-GB\",\"potentialAction\":[{\"@type\":\"ReadAction\",\"target\":[\"https:\/\/skaitytaknyga.lt\/produktas\/john-lukacs-churchill-aiskiaregys-valstybes-veikejas-istorikas\/\"]}]},{\"@type\":\"ImageObject\",\"inLanguage\":\"en-GB\",\"@id\":\"https:\/\/skaitytaknyga.lt\/produktas\/john-lukacs-churchill-aiskiaregys-valstybes-veikejas-istorikas\/#primaryimage\",\"url\":\"https:\/\/skaitytaknyga.lt\/wp-content\/uploads\/2024\/04\/unnamed-3-3.jpg\",\"contentUrl\":\"https:\/\/skaitytaknyga.lt\/wp-content\/uploads\/2024\/04\/unnamed-3-3.jpg\",\"width\":348,\"height\":512,\"caption\":\"unnamed 3 3\"},{\"@type\":\"BreadcrumbList\",\"@id\":\"https:\/\/skaitytaknyga.lt\/produktas\/john-lukacs-churchill-aiskiaregys-valstybes-veikejas-istorikas\/#breadcrumb\",\"itemListElement\":[{\"@type\":\"ListItem\",\"position\":1,\"name\":\"Home\",\"item\":\"https:\/\/skaitytaknyga.lt\/\"},{\"@type\":\"ListItem\",\"position\":2,\"name\":\"Parduotuv\u0117\",\"item\":\"https:\/\/skaitytaknyga.lt\/knygu-parduotuve\/\"},{\"@type\":\"ListItem\",\"position\":3,\"name\":\"John Lukacs \u201eChurchill. Ai\u0161kiaregys. Valstyb\u0117s veik\u0117jas. Istorikas\u201c (i\u0161teptas vir\u0161elis)\"}]},{\"@type\":\"WebSite\",\"@id\":\"https:\/\/skaitytaknyga.lt\/#website\",\"url\":\"https:\/\/skaitytaknyga.lt\/\",\"name\":\"skaitytaknyga.lt\",\"description\":\"Skaitytaknyga.lt \u2013 tai ma\u017eas \u0161eimos verslas, kuris prasid\u0117jo nuo meil\u0117s knygoms ir siekio i\u0161gelb\u0117ti knygas nuo likimo prie konteinerio. Kas vienam nereikalingas daiktas \u2013 kitam lobis, o mes esame tarpininkai, kurie padeda abiems tapti laimingesniems ???? \u017dinome kaip nelengva i\u0161gyventi ma\u017eiems verslams, tad nuo \u0161iol, \u010dia rasite ir kit\u0173, ma\u017e\u0173 \u0161eim\u0173 versl\u0173, rank\u0173 darbo, dovan\u0173 sau ir artimiesiems.\",\"publisher\":{\"@id\":\"https:\/\/skaitytaknyga.lt\/#organization\"},\"potentialAction\":[{\"@type\":\"SearchAction\",\"target\":{\"@type\":\"EntryPoint\",\"urlTemplate\":\"https:\/\/skaitytaknyga.lt\/?s={search_term_string}\"},\"query-input\":{\"@type\":\"PropertyValueSpecification\",\"valueRequired\":true,\"valueName\":\"search_term_string\"}}],\"inLanguage\":\"en-GB\"},{\"@type\":\"Organization\",\"@id\":\"https:\/\/skaitytaknyga.lt\/#organization\",\"name\":\"skaitytaknyga.lt\",\"url\":\"https:\/\/skaitytaknyga.lt\/\",\"logo\":{\"@type\":\"ImageObject\",\"inLanguage\":\"en-GB\",\"@id\":\"https:\/\/skaitytaknyga.lt\/#\/schema\/logo\/image\/\",\"url\":\"https:\/\/skaitytaknyga.lt\/wp-content\/uploads\/2024\/05\/cropped-cropped-cropped-02_00843_jt3bggkj1j3HLc7SyY6rEUpg.jpeg\",\"contentUrl\":\"https:\/\/skaitytaknyga.lt\/wp-content\/uploads\/2024\/05\/cropped-cropped-cropped-02_00843_jt3bggkj1j3HLc7SyY6rEUpg.jpeg\",\"width\":1600,\"height\":1600,\"caption\":\"skaitytaknyga.lt\"},\"image\":{\"@id\":\"https:\/\/skaitytaknyga.lt\/#\/schema\/logo\/image\/\"},\"sameAs\":[\"https:\/\/www.facebook.com\/skaitytaknyga\/\"]}]}<\/script>\n<!-- \/ Yoast SEO plugin. -->","yoast_head_json":{"title":"John Lukacs \u201eChurchill. Ai\u0161kiaregys. Valstyb\u0117s veik\u0117jas. Istorikas\u201c (i\u0161teptas vir\u0161elis)","description":"Knygos \"Churchill. Ai\u0161kiaregys. Valstyb\u0117s veik\u0117jas. Istorikas\" apra\u0161ymas \"Lukacsas \u012ftikinamai pie\u0161ia nykstan\u010dios imperijos vadovo ir kylan\u010dio m\u016bs\u0173 laik\u0173 didvyrio, nors ir turin\u010dio yd\u0173, portret\u0105.\"  Publishers Weekly  \"Galima teigti, kad Johnas Lukacsas naujai atskleid\u0117 \u0161\u012f did\u012f \u017emog\u0173 ir jo laim\u0117jimus.\"  Philadelphia Inquirer  \"\u0160i knyga - puiki dovana tiems, kas m\u0117gsta skaityti. Ji kupina nuo\u0161irdumo, daug \u012fvairios informacijos, tryk\u0161ta erudicija ir gali nud\u017eiuginti kiekvien\u0105 Churchillio gerb\u0117j\u0105.\"  Sunday Telegraph","robots":{"index":"index","follow":"follow","max-snippet":"max-snippet:-1","max-image-preview":"max-image-preview:large","max-video-preview":"max-video-preview:-1"},"canonical":"https:\/\/skaitytaknyga.lt\/en\/produktas\/john-lukacs-churchill-aiskiaregys-valstybes-veikejas-istorikas\/","og_locale":"en_GB","og_type":"article","og_title":"[:lt]John Lukacs \u201eChurchill. Ai\u0161kiaregys. Valstyb\u0117s veik\u0117jas. Istorikas\u201c (i\u0161teptas vir\u0161elis)[:] - Skaitytaknyga","og_description":"Knygos \"Churchill. Ai\u0161kiaregys. Valstyb\u0117s veik\u0117jas. Istorikas\" apra\u0161ymas \"Lukacsas \u012ftikinamai pie\u0161ia nykstan\u010dios imperijos vadovo ir kylan\u010dio m\u016bs\u0173 laik\u0173 didvyrio, nors ir turin\u010dio yd\u0173, portret\u0105.\"  Publishers Weekly  \"Galima teigti, kad Johnas Lukacsas naujai atskleid\u0117 \u0161\u012f did\u012f \u017emog\u0173 ir jo laim\u0117jimus.\"  Philadelphia Inquirer  \"\u0160i knyga - puiki dovana tiems, kas m\u0117gsta skaityti. Ji kupina nuo\u0161irdumo, daug \u012fvairios informacijos, tryk\u0161ta erudicija ir gali nud\u017eiuginti kiekvien\u0105 Churchillio gerb\u0117j\u0105.\"  Sunday Telegraph","og_url":"https:\/\/skaitytaknyga.lt\/en\/produktas\/john-lukacs-churchill-aiskiaregys-valstybes-veikejas-istorikas\/","og_site_name":"Skaitytaknyga","article_publisher":"https:\/\/www.facebook.com\/skaitytaknyga\/","article_modified_time":"2026-03-02T08:53:10+00:00","og_image":[{"width":348,"height":512,"url":"https:\/\/skaitytaknyga.lt\/wp-content\/uploads\/2024\/04\/unnamed-3-3.jpg","type":"image\/jpeg"}],"twitter_card":"summary_large_image","twitter_misc":{"Estimated reading time":"1 minute"},"schema":{"@context":"https:\/\/schema.org","@graph":[{"@type":"WebPage","@id":"https:\/\/skaitytaknyga.lt\/produktas\/john-lukacs-churchill-aiskiaregys-valstybes-veikejas-istorikas\/","url":"https:\/\/skaitytaknyga.lt\/produktas\/john-lukacs-churchill-aiskiaregys-valstybes-veikejas-istorikas\/","name":"John Lukacs \u201eChurchill. Ai\u0161kiaregys. Valstyb\u0117s veik\u0117jas. Istorikas\u201c (i\u0161teptas vir\u0161elis)","isPartOf":{"@id":"https:\/\/skaitytaknyga.lt\/#website"},"primaryImageOfPage":{"@id":"https:\/\/skaitytaknyga.lt\/produktas\/john-lukacs-churchill-aiskiaregys-valstybes-veikejas-istorikas\/#primaryimage"},"image":{"@id":"https:\/\/skaitytaknyga.lt\/produktas\/john-lukacs-churchill-aiskiaregys-valstybes-veikejas-istorikas\/#primaryimage"},"thumbnailUrl":"https:\/\/skaitytaknyga.lt\/wp-content\/uploads\/2024\/04\/unnamed-3-3.jpg","datePublished":"2024-04-17T13:45:47+00:00","dateModified":"2026-03-02T08:53:10+00:00","description":"Knygos \"Churchill. Ai\u0161kiaregys. Valstyb\u0117s veik\u0117jas. Istorikas\" apra\u0161ymas \"Lukacsas \u012ftikinamai pie\u0161ia nykstan\u010dios imperijos vadovo ir kylan\u010dio m\u016bs\u0173 laik\u0173 didvyrio, nors ir turin\u010dio yd\u0173, portret\u0105.\" Publishers Weekly \"Galima teigti, kad Johnas Lukacsas naujai atskleid\u0117 \u0161\u012f did\u012f \u017emog\u0173 ir jo laim\u0117jimus.\" Philadelphia Inquirer \"\u0160i knyga - puiki dovana tiems, kas m\u0117gsta skaityti. Ji kupina nuo\u0161irdumo, daug \u012fvairios informacijos, tryk\u0161ta erudicija ir gali nud\u017eiuginti kiekvien\u0105 Churchillio gerb\u0117j\u0105.\" Sunday Telegraph","breadcrumb":{"@id":"https:\/\/skaitytaknyga.lt\/produktas\/john-lukacs-churchill-aiskiaregys-valstybes-veikejas-istorikas\/#breadcrumb"},"inLanguage":"en-GB","potentialAction":[{"@type":"ReadAction","target":["https:\/\/skaitytaknyga.lt\/produktas\/john-lukacs-churchill-aiskiaregys-valstybes-veikejas-istorikas\/"]}]},{"@type":"ImageObject","inLanguage":"en-GB","@id":"https:\/\/skaitytaknyga.lt\/produktas\/john-lukacs-churchill-aiskiaregys-valstybes-veikejas-istorikas\/#primaryimage","url":"https:\/\/skaitytaknyga.lt\/wp-content\/uploads\/2024\/04\/unnamed-3-3.jpg","contentUrl":"https:\/\/skaitytaknyga.lt\/wp-content\/uploads\/2024\/04\/unnamed-3-3.jpg","width":348,"height":512,"caption":"unnamed 3 3"},{"@type":"BreadcrumbList","@id":"https:\/\/skaitytaknyga.lt\/produktas\/john-lukacs-churchill-aiskiaregys-valstybes-veikejas-istorikas\/#breadcrumb","itemListElement":[{"@type":"ListItem","position":1,"name":"Home","item":"https:\/\/skaitytaknyga.lt\/"},{"@type":"ListItem","position":2,"name":"Parduotuv\u0117","item":"https:\/\/skaitytaknyga.lt\/knygu-parduotuve\/"},{"@type":"ListItem","position":3,"name":"John Lukacs \u201eChurchill. Ai\u0161kiaregys. Valstyb\u0117s veik\u0117jas. Istorikas\u201c (i\u0161teptas vir\u0161elis)"}]},{"@type":"WebSite","@id":"https:\/\/skaitytaknyga.lt\/#website","url":"https:\/\/skaitytaknyga.lt\/","name":"skaitytaknyga.lt","description":"Skaitytaknyga.lt \u2013 tai ma\u017eas \u0161eimos verslas, kuris prasid\u0117jo nuo meil\u0117s knygoms ir siekio i\u0161gelb\u0117ti knygas nuo likimo prie konteinerio. Kas vienam nereikalingas daiktas \u2013 kitam lobis, o mes esame tarpininkai, kurie padeda abiems tapti laimingesniems ???? \u017dinome kaip nelengva i\u0161gyventi ma\u017eiems verslams, tad nuo \u0161iol, \u010dia rasite ir kit\u0173, ma\u017e\u0173 \u0161eim\u0173 versl\u0173, rank\u0173 darbo, dovan\u0173 sau ir artimiesiems.","publisher":{"@id":"https:\/\/skaitytaknyga.lt\/#organization"},"potentialAction":[{"@type":"SearchAction","target":{"@type":"EntryPoint","urlTemplate":"https:\/\/skaitytaknyga.lt\/?s={search_term_string}"},"query-input":{"@type":"PropertyValueSpecification","valueRequired":true,"valueName":"search_term_string"}}],"inLanguage":"en-GB"},{"@type":"Organization","@id":"https:\/\/skaitytaknyga.lt\/#organization","name":"skaitytaknyga.lt","url":"https:\/\/skaitytaknyga.lt\/","logo":{"@type":"ImageObject","inLanguage":"en-GB","@id":"https:\/\/skaitytaknyga.lt\/#\/schema\/logo\/image\/","url":"https:\/\/skaitytaknyga.lt\/wp-content\/uploads\/2024\/05\/cropped-cropped-cropped-02_00843_jt3bggkj1j3HLc7SyY6rEUpg.jpeg","contentUrl":"https:\/\/skaitytaknyga.lt\/wp-content\/uploads\/2024\/05\/cropped-cropped-cropped-02_00843_jt3bggkj1j3HLc7SyY6rEUpg.jpeg","width":1600,"height":1600,"caption":"skaitytaknyga.lt"},"image":{"@id":"https:\/\/skaitytaknyga.lt\/#\/schema\/logo\/image\/"},"sameAs":["https:\/\/www.facebook.com\/skaitytaknyga\/"]}]}},"_links":{"self":[{"href":"https:\/\/skaitytaknyga.lt\/en\/wp-json\/wp\/v2\/product\/4266","targetHints":{"allow":["GET"]}}],"collection":[{"href":"https:\/\/skaitytaknyga.lt\/en\/wp-json\/wp\/v2\/product"}],"about":[{"href":"https:\/\/skaitytaknyga.lt\/en\/wp-json\/wp\/v2\/types\/product"}],"replies":[{"embeddable":true,"href":"https:\/\/skaitytaknyga.lt\/en\/wp-json\/wp\/v2\/comments?post=4266"}],"wp:featuredmedia":[{"embeddable":true,"href":"https:\/\/skaitytaknyga.lt\/en\/wp-json\/wp\/v2\/media\/4319"}],"wp:attachment":[{"href":"https:\/\/skaitytaknyga.lt\/en\/wp-json\/wp\/v2\/media?parent=4266"}],"wp:term":[{"taxonomy":"product_brand","embeddable":true,"href":"https:\/\/skaitytaknyga.lt\/en\/wp-json\/wp\/v2\/product_brand?post=4266"},{"taxonomy":"product_cat","embeddable":true,"href":"https:\/\/skaitytaknyga.lt\/en\/wp-json\/wp\/v2\/product_cat?post=4266"},{"taxonomy":"product_tag","embeddable":true,"href":"https:\/\/skaitytaknyga.lt\/en\/wp-json\/wp\/v2\/product_tag?post=4266"}],"curies":[{"name":"wp","href":"https:\/\/api.w.org\/{rel}","templated":true}]}}