{"id":4263,"date":"2024-04-17T13:45:47","date_gmt":"2024-04-17T13:45:47","guid":{"rendered":"https:\/\/skaitytaknyga.lt\/?post_type=product&#038;p=4263"},"modified":"2026-03-18T14:55:48","modified_gmt":"2026-03-18T12:55:48","slug":"henrikas-senkevicius-didzioji-hitlerio-meile","status":"publish","type":"product","link":"https:\/\/skaitytaknyga.lt\/en\/produktas\/henrikas-senkevicius-didzioji-hitlerio-meile\/","title":{"rendered":"Henrikas Senkevi\u010dius \u201eDid\u017eioji Hitlerio meil\u0117\u201c"},"content":{"rendered":"<p>Istorinis romanas skirtas \u012fvairaus am\u017eiaus skaitytojui.<\/p>\n<p>\u0160imtai knyg\u0173 para\u0161yta apie Adolf\u0105 Hitler\u012f vokie\u010di\u0173 Tre\u010diojo Reicho k\u016br\u0117j\u0105, nacionalizmo \u012fgyvendintoj\u0105, Antrojo Pasaulinio karo suk\u0117l\u0117j\u0105. Francas Baueris istoriniame romane &#8220;Did\u017eioji Hitlerio meil\u0117&#8221; parodo Hitler\u012f kitok\u012f negu j\u012f m\u0117gsta vaizduoti. Tai nepaprastai sud\u0117tinga asmenyb\u0117, turinti galing\u0105 psichologin\u0119 j\u0117g\u0105, kuri\u0105 naudoja ne tik savo galios stiprinimui, bet ir moter\u0173 pavergimui. \u010cia jis, kaip viduram\u017ei\u0173 riteris Golovinas, pagrobdavo i\u0161 j\u012f myl\u0117jusi\u0173 moter\u0173 dvasin\u0119 energij\u0105 ir jas pra\u017eudydavo. Moterys, suart\u0117jusios su Hitleriu, \u017e\u016bdavo kaip pla\u0161tak\u0117s, paker\u0117tos liepsnos.<\/p>\n","protected":false},"excerpt":{"rendered":"<p>Istorinis romanas skirtas \u012fvairaus am\u017eiaus skaitytojui.<\/p>\n<p>\u0160imtai knyg\u0173 para\u0161yta apie Adolf\u0105 Hitler\u012f vokie\u010di\u0173 Tre\u010diojo Reicho k\u016br\u0117j\u0105, nacionalizmo \u012fgyvendintoj\u0105, Antrojo Pasaulinio karo suk\u0117l\u0117j\u0105. Francas Baueris istoriniame romane &#8220;Did\u017eioji Hitlerio meil\u0117&#8221; parodo Hitler\u012f kitok\u012f negu j\u012f m\u0117gsta vaizduoti. Tai nepaprastai sud\u0117tinga asmenyb\u0117, turinti galing\u0105 psichologin\u0119 j\u0117g\u0105, kuri\u0105 naudoja ne tik savo galios stiprinimui, bet ir moter\u0173 pavergimui. \u010cia jis, kaip viduram\u017ei\u0173 riteris Golovinas, pagrobdavo i\u0161 j\u012f myl\u0117jusi\u0173 moter\u0173 dvasin\u0119 energij\u0105 ir jas pra\u017eudydavo. Moterys, suart\u0117jusios su Hitleriu, \u017e\u016bdavo kaip pla\u0161tak\u0117s, paker\u0117tos liepsnos.<\/p>\n","protected":false},"featured_media":4316,"comment_status":"closed","ping_status":"closed","template":"","meta":{"_acf_changed":false,"site-sidebar-layout":"default","site-content-layout":"","ast-site-content-layout":"default","site-content-style":"default","site-sidebar-style":"default","ast-global-header-display":"","ast-banner-title-visibility":"","ast-main-header-display":"","ast-hfb-above-header-display":"","ast-hfb-below-header-display":"","ast-hfb-mobile-header-display":"","site-post-title":"","ast-breadcrumbs-content":"","ast-featured-img":"","footer-sml-layout":"","ast-disable-related-posts":"","theme-transparent-header-meta":"","adv-header-id-meta":"","stick-header-meta":"","header-above-stick-meta":"","header-main-stick-meta":"","header-below-stick-meta":"","astra-migrate-meta-layouts":"default","ast-page-background-enabled":"default","ast-page-background-meta":{"desktop":{"background-color":"","background-image":"","background-repeat":"repeat","background-position":"center center","background-size":"auto","background-attachment":"scroll","background-type":"","background-media":"","overlay-type":"","overlay-color":"","overlay-opacity":"","overlay-gradient":""},"tablet":{"background-color":"","background-image":"","background-repeat":"repeat","background-position":"center center","background-size":"auto","background-attachment":"scroll","background-type":"","background-media":"","overlay-type":"","overlay-color":"","overlay-opacity":"","overlay-gradient":""},"mobile":{"background-color":"","background-image":"","background-repeat":"repeat","background-position":"center center","background-size":"auto","background-attachment":"scroll","background-type":"","background-media":"","overlay-type":"","overlay-color":"","overlay-opacity":"","overlay-gradient":""}},"ast-content-background-meta":{"desktop":{"background-color":"var(--ast-global-color-4)","background-image":"","background-repeat":"repeat","background-position":"center center","background-size":"auto","background-attachment":"scroll","background-type":"","background-media":"","overlay-type":"","overlay-color":"","overlay-opacity":"","overlay-gradient":""},"tablet":{"background-color":"var(--ast-global-color-4)","background-image":"","background-repeat":"repeat","background-position":"center center","background-size":"auto","background-attachment":"scroll","background-type":"","background-media":"","overlay-type":"","overlay-color":"","overlay-opacity":"","overlay-gradient":""},"mobile":{"background-color":"var(--ast-global-color-4)","background-image":"","background-repeat":"repeat","background-position":"center center","background-size":"auto","background-attachment":"scroll","background-type":"","background-media":"","overlay-type":"","overlay-color":"","overlay-opacity":"","overlay-gradient":""}}},"product_brand":[],"product_cat":[9864,174],"product_tag":[],"class_list":{"0":"post-4263","1":"product","2":"type-product","3":"status-publish","4":"has-post-thumbnail","6":"product_cat-karo-istorija","7":"product_cat-istorija-ir-politologija","8":"desktop-align-left","9":"tablet-align-left","10":"mobile-align-left","12":"first","13":"instock","14":"shipping-taxable","15":"purchasable","16":"product-type-simple"},"acf":[],"yoast_head":"<!-- This site is optimized with the Yoast SEO plugin v27.0 - https:\/\/yoast.com\/product\/yoast-seo-wordpress\/ -->\n<title>Henrikas Senkevi\u010dius \u201eDid\u017eioji Hitlerio meil\u0117\u201c<\/title>\n<meta name=\"description\" content=\"Istorinis romanas skirtas \u012fvairaus am\u017eiaus skaitytojui.  \u0160imtai knyg\u0173 para\u0161yta apie Adolf\u0105 Hitler\u012f vokie\u010di\u0173 Tre\u010diojo Reicho k\u016br\u0117j\u0105, nacionalizmo \u012fgyvendintoj\u0105, Antrojo Pasaulinio karo suk\u0117l\u0117j\u0105. Francas Baueris istoriniame romane &quot;Did\u017eioji Hitlerio meil\u0117&quot; parodo Hitler\u012f kitok\u012f negu j\u012f m\u0117gsta vaizduoti. Tai nepaprastai sud\u0117tinga asmenyb\u0117, turinti galing\u0105 psichologin\u0119 j\u0117g\u0105, kuri\u0105 naudoja ne tik savo galios stiprinimui, bet ir moter\u0173 pavergimui. \u010cia jis, kaip viduram\u017ei\u0173 riteris Golovinas, pagrobdavo i\u0161 j\u012f myl\u0117jusi\u0173 moter\u0173 dvasin\u0119 energij\u0105 ir jas pra\u017eudydavo. Moterys, suart\u0117jusios su Hitleriu, \u017e\u016bdavo kaip pla\u0161tak\u0117s, paker\u0117tos liepsnos.\" \/>\n<meta name=\"robots\" content=\"index, follow, max-snippet:-1, max-image-preview:large, max-video-preview:-1\" \/>\n<link rel=\"canonical\" href=\"https:\/\/skaitytaknyga.lt\/en\/produktas\/henrikas-senkevicius-didzioji-hitlerio-meile\/\" \/>\n<meta property=\"og:locale\" content=\"en_GB\" \/>\n<meta property=\"og:locale:alternate\" content=\"lt_LT\" \/>\n<meta property=\"og:type\" content=\"article\" \/>\n<meta property=\"og:title\" content=\"Henrikas Senkevi\u010dius \u201eDid\u017eioji Hitlerio meil\u0117\u201c\" \/>\n<meta property=\"og:description\" content=\"Istorinis romanas skirtas \u012fvairaus am\u017eiaus skaitytojui.  \u0160imtai knyg\u0173 para\u0161yta apie Adolf\u0105 Hitler\u012f vokie\u010di\u0173 Tre\u010diojo Reicho k\u016br\u0117j\u0105, nacionalizmo \u012fgyvendintoj\u0105, Antrojo Pasaulinio karo suk\u0117l\u0117j\u0105. Francas Baueris istoriniame romane &quot;Did\u017eioji Hitlerio meil\u0117&quot; parodo Hitler\u012f kitok\u012f negu j\u012f m\u0117gsta vaizduoti. Tai nepaprastai sud\u0117tinga asmenyb\u0117, turinti galing\u0105 psichologin\u0119 j\u0117g\u0105, kuri\u0105 naudoja ne tik savo galios stiprinimui, bet ir moter\u0173 pavergimui. \u010cia jis, kaip viduram\u017ei\u0173 riteris Golovinas, pagrobdavo i\u0161 j\u012f myl\u0117jusi\u0173 moter\u0173 dvasin\u0119 energij\u0105 ir jas pra\u017eudydavo. Moterys, suart\u0117jusios su Hitleriu, \u017e\u016bdavo kaip pla\u0161tak\u0117s, paker\u0117tos liepsnos.\" \/>\n<meta property=\"og:url\" content=\"https:\/\/skaitytaknyga.lt\/en\/produktas\/henrikas-senkevicius-didzioji-hitlerio-meile\/\" \/>\n<meta property=\"og:site_name\" content=\"Skaitytaknyga\" \/>\n<meta property=\"article:publisher\" content=\"https:\/\/www.facebook.com\/skaitytaknyga\/\" \/>\n<meta property=\"article:modified_time\" content=\"2026-03-18T12:55:48+00:00\" \/>\n<meta property=\"og:image\" content=\"https:\/\/skaitytaknyga.lt\/wp-content\/uploads\/2024\/04\/img829.jpg\" \/>\n\t<meta property=\"og:image:width\" content=\"283\" \/>\n\t<meta property=\"og:image:height\" content=\"430\" \/>\n\t<meta property=\"og:image:type\" content=\"image\/jpeg\" \/>\n<meta name=\"twitter:card\" content=\"summary_large_image\" \/>\n<meta name=\"twitter:label1\" content=\"Estimated reading time\" \/>\n\t<meta name=\"twitter:data1\" content=\"1 minute\" \/>\n<script type=\"application\/ld+json\" class=\"yoast-schema-graph\">{\"@context\":\"https:\/\/schema.org\",\"@graph\":[{\"@type\":\"WebPage\",\"@id\":\"https:\/\/skaitytaknyga.lt\/produktas\/henrikas-senkevicius-didzioji-hitlerio-meile\/\",\"url\":\"https:\/\/skaitytaknyga.lt\/produktas\/henrikas-senkevicius-didzioji-hitlerio-meile\/\",\"name\":\"Henrikas Senkevi\u010dius \u201eDid\u017eioji Hitlerio meil\u0117\u201c\",\"isPartOf\":{\"@id\":\"https:\/\/skaitytaknyga.lt\/#website\"},\"primaryImageOfPage\":{\"@id\":\"https:\/\/skaitytaknyga.lt\/produktas\/henrikas-senkevicius-didzioji-hitlerio-meile\/#primaryimage\"},\"image\":{\"@id\":\"https:\/\/skaitytaknyga.lt\/produktas\/henrikas-senkevicius-didzioji-hitlerio-meile\/#primaryimage\"},\"thumbnailUrl\":\"https:\/\/skaitytaknyga.lt\/wp-content\/uploads\/2024\/04\/img829.jpg\",\"datePublished\":\"2024-04-17T13:45:47+00:00\",\"dateModified\":\"2026-03-18T12:55:48+00:00\",\"description\":\"Istorinis romanas skirtas \u012fvairaus am\u017eiaus skaitytojui. \u0160imtai knyg\u0173 para\u0161yta apie Adolf\u0105 Hitler\u012f vokie\u010di\u0173 Tre\u010diojo Reicho k\u016br\u0117j\u0105, nacionalizmo \u012fgyvendintoj\u0105, Antrojo Pasaulinio karo suk\u0117l\u0117j\u0105. Francas Baueris istoriniame romane \\\"Did\u017eioji Hitlerio meil\u0117\\\" parodo Hitler\u012f kitok\u012f negu j\u012f m\u0117gsta vaizduoti. Tai nepaprastai sud\u0117tinga asmenyb\u0117, turinti galing\u0105 psichologin\u0119 j\u0117g\u0105, kuri\u0105 naudoja ne tik savo galios stiprinimui, bet ir moter\u0173 pavergimui. \u010cia jis, kaip viduram\u017ei\u0173 riteris Golovinas, pagrobdavo i\u0161 j\u012f myl\u0117jusi\u0173 moter\u0173 dvasin\u0119 energij\u0105 ir jas pra\u017eudydavo. Moterys, suart\u0117jusios su Hitleriu, \u017e\u016bdavo kaip pla\u0161tak\u0117s, paker\u0117tos liepsnos.\",\"breadcrumb\":{\"@id\":\"https:\/\/skaitytaknyga.lt\/produktas\/henrikas-senkevicius-didzioji-hitlerio-meile\/#breadcrumb\"},\"inLanguage\":\"en-GB\",\"potentialAction\":[{\"@type\":\"ReadAction\",\"target\":[\"https:\/\/skaitytaknyga.lt\/produktas\/henrikas-senkevicius-didzioji-hitlerio-meile\/\"]}]},{\"@type\":\"ImageObject\",\"inLanguage\":\"en-GB\",\"@id\":\"https:\/\/skaitytaknyga.lt\/produktas\/henrikas-senkevicius-didzioji-hitlerio-meile\/#primaryimage\",\"url\":\"https:\/\/skaitytaknyga.lt\/wp-content\/uploads\/2024\/04\/img829.jpg\",\"contentUrl\":\"https:\/\/skaitytaknyga.lt\/wp-content\/uploads\/2024\/04\/img829.jpg\",\"width\":283,\"height\":430,\"caption\":\"img829\"},{\"@type\":\"BreadcrumbList\",\"@id\":\"https:\/\/skaitytaknyga.lt\/produktas\/henrikas-senkevicius-didzioji-hitlerio-meile\/#breadcrumb\",\"itemListElement\":[{\"@type\":\"ListItem\",\"position\":1,\"name\":\"Home\",\"item\":\"https:\/\/skaitytaknyga.lt\/\"},{\"@type\":\"ListItem\",\"position\":2,\"name\":\"Parduotuv\u0117\",\"item\":\"https:\/\/skaitytaknyga.lt\/knygu-parduotuve\/\"},{\"@type\":\"ListItem\",\"position\":3,\"name\":\"Henrikas Senkevi\u010dius \u201eDid\u017eioji Hitlerio meil\u0117\u201c\"}]},{\"@type\":\"WebSite\",\"@id\":\"https:\/\/skaitytaknyga.lt\/#website\",\"url\":\"https:\/\/skaitytaknyga.lt\/\",\"name\":\"skaitytaknyga.lt\",\"description\":\"Skaitytaknyga.lt \u2013 tai ma\u017eas \u0161eimos verslas, kuris prasid\u0117jo nuo meil\u0117s knygoms ir siekio i\u0161gelb\u0117ti knygas nuo likimo prie konteinerio. Kas vienam nereikalingas daiktas \u2013 kitam lobis, o mes esame tarpininkai, kurie padeda abiems tapti laimingesniems ???? \u017dinome kaip nelengva i\u0161gyventi ma\u017eiems verslams, tad nuo \u0161iol, \u010dia rasite ir kit\u0173, ma\u017e\u0173 \u0161eim\u0173 versl\u0173, rank\u0173 darbo, dovan\u0173 sau ir artimiesiems.\",\"publisher\":{\"@id\":\"https:\/\/skaitytaknyga.lt\/#organization\"},\"potentialAction\":[{\"@type\":\"SearchAction\",\"target\":{\"@type\":\"EntryPoint\",\"urlTemplate\":\"https:\/\/skaitytaknyga.lt\/?s={search_term_string}\"},\"query-input\":{\"@type\":\"PropertyValueSpecification\",\"valueRequired\":true,\"valueName\":\"search_term_string\"}}],\"inLanguage\":\"en-GB\"},{\"@type\":\"Organization\",\"@id\":\"https:\/\/skaitytaknyga.lt\/#organization\",\"name\":\"skaitytaknyga.lt\",\"url\":\"https:\/\/skaitytaknyga.lt\/\",\"logo\":{\"@type\":\"ImageObject\",\"inLanguage\":\"en-GB\",\"@id\":\"https:\/\/skaitytaknyga.lt\/#\/schema\/logo\/image\/\",\"url\":\"https:\/\/skaitytaknyga.lt\/wp-content\/uploads\/2024\/05\/cropped-cropped-cropped-02_00843_jt3bggkj1j3HLc7SyY6rEUpg.jpeg\",\"contentUrl\":\"https:\/\/skaitytaknyga.lt\/wp-content\/uploads\/2024\/05\/cropped-cropped-cropped-02_00843_jt3bggkj1j3HLc7SyY6rEUpg.jpeg\",\"width\":1600,\"height\":1600,\"caption\":\"skaitytaknyga.lt\"},\"image\":{\"@id\":\"https:\/\/skaitytaknyga.lt\/#\/schema\/logo\/image\/\"},\"sameAs\":[\"https:\/\/www.facebook.com\/skaitytaknyga\/\"]}]}<\/script>\n<!-- \/ Yoast SEO plugin. -->","yoast_head_json":{"title":"Henrikas Senkevi\u010dius \u201eDid\u017eioji Hitlerio meil\u0117\u201c","description":"Istorinis romanas skirtas \u012fvairaus am\u017eiaus skaitytojui.  \u0160imtai knyg\u0173 para\u0161yta apie Adolf\u0105 Hitler\u012f vokie\u010di\u0173 Tre\u010diojo Reicho k\u016br\u0117j\u0105, nacionalizmo \u012fgyvendintoj\u0105, Antrojo Pasaulinio karo suk\u0117l\u0117j\u0105. Francas Baueris istoriniame romane \"Did\u017eioji Hitlerio meil\u0117\" parodo Hitler\u012f kitok\u012f negu j\u012f m\u0117gsta vaizduoti. Tai nepaprastai sud\u0117tinga asmenyb\u0117, turinti galing\u0105 psichologin\u0119 j\u0117g\u0105, kuri\u0105 naudoja ne tik savo galios stiprinimui, bet ir moter\u0173 pavergimui. \u010cia jis, kaip viduram\u017ei\u0173 riteris Golovinas, pagrobdavo i\u0161 j\u012f myl\u0117jusi\u0173 moter\u0173 dvasin\u0119 energij\u0105 ir jas pra\u017eudydavo. Moterys, suart\u0117jusios su Hitleriu, \u017e\u016bdavo kaip pla\u0161tak\u0117s, paker\u0117tos liepsnos.","robots":{"index":"index","follow":"follow","max-snippet":"max-snippet:-1","max-image-preview":"max-image-preview:large","max-video-preview":"max-video-preview:-1"},"canonical":"https:\/\/skaitytaknyga.lt\/en\/produktas\/henrikas-senkevicius-didzioji-hitlerio-meile\/","og_locale":"en_GB","og_type":"article","og_title":"[:lt]Henrikas Senkevi\u010dius \u201eDid\u017eioji Hitlerio meil\u0117\u201c[:] - Skaitytaknyga","og_description":"Istorinis romanas skirtas \u012fvairaus am\u017eiaus skaitytojui.  \u0160imtai knyg\u0173 para\u0161yta apie Adolf\u0105 Hitler\u012f vokie\u010di\u0173 Tre\u010diojo Reicho k\u016br\u0117j\u0105, nacionalizmo \u012fgyvendintoj\u0105, Antrojo Pasaulinio karo suk\u0117l\u0117j\u0105. Francas Baueris istoriniame romane \"Did\u017eioji Hitlerio meil\u0117\" parodo Hitler\u012f kitok\u012f negu j\u012f m\u0117gsta vaizduoti. Tai nepaprastai sud\u0117tinga asmenyb\u0117, turinti galing\u0105 psichologin\u0119 j\u0117g\u0105, kuri\u0105 naudoja ne tik savo galios stiprinimui, bet ir moter\u0173 pavergimui. \u010cia jis, kaip viduram\u017ei\u0173 riteris Golovinas, pagrobdavo i\u0161 j\u012f myl\u0117jusi\u0173 moter\u0173 dvasin\u0119 energij\u0105 ir jas pra\u017eudydavo. Moterys, suart\u0117jusios su Hitleriu, \u017e\u016bdavo kaip pla\u0161tak\u0117s, paker\u0117tos liepsnos.","og_url":"https:\/\/skaitytaknyga.lt\/en\/produktas\/henrikas-senkevicius-didzioji-hitlerio-meile\/","og_site_name":"Skaitytaknyga","article_publisher":"https:\/\/www.facebook.com\/skaitytaknyga\/","article_modified_time":"2026-03-18T12:55:48+00:00","og_image":[{"width":283,"height":430,"url":"https:\/\/skaitytaknyga.lt\/wp-content\/uploads\/2024\/04\/img829.jpg","type":"image\/jpeg"}],"twitter_card":"summary_large_image","twitter_misc":{"Estimated reading time":"1 minute"},"schema":{"@context":"https:\/\/schema.org","@graph":[{"@type":"WebPage","@id":"https:\/\/skaitytaknyga.lt\/produktas\/henrikas-senkevicius-didzioji-hitlerio-meile\/","url":"https:\/\/skaitytaknyga.lt\/produktas\/henrikas-senkevicius-didzioji-hitlerio-meile\/","name":"Henrikas Senkevi\u010dius \u201eDid\u017eioji Hitlerio meil\u0117\u201c","isPartOf":{"@id":"https:\/\/skaitytaknyga.lt\/#website"},"primaryImageOfPage":{"@id":"https:\/\/skaitytaknyga.lt\/produktas\/henrikas-senkevicius-didzioji-hitlerio-meile\/#primaryimage"},"image":{"@id":"https:\/\/skaitytaknyga.lt\/produktas\/henrikas-senkevicius-didzioji-hitlerio-meile\/#primaryimage"},"thumbnailUrl":"https:\/\/skaitytaknyga.lt\/wp-content\/uploads\/2024\/04\/img829.jpg","datePublished":"2024-04-17T13:45:47+00:00","dateModified":"2026-03-18T12:55:48+00:00","description":"Istorinis romanas skirtas \u012fvairaus am\u017eiaus skaitytojui. \u0160imtai knyg\u0173 para\u0161yta apie Adolf\u0105 Hitler\u012f vokie\u010di\u0173 Tre\u010diojo Reicho k\u016br\u0117j\u0105, nacionalizmo \u012fgyvendintoj\u0105, Antrojo Pasaulinio karo suk\u0117l\u0117j\u0105. Francas Baueris istoriniame romane \"Did\u017eioji Hitlerio meil\u0117\" parodo Hitler\u012f kitok\u012f negu j\u012f m\u0117gsta vaizduoti. Tai nepaprastai sud\u0117tinga asmenyb\u0117, turinti galing\u0105 psichologin\u0119 j\u0117g\u0105, kuri\u0105 naudoja ne tik savo galios stiprinimui, bet ir moter\u0173 pavergimui. \u010cia jis, kaip viduram\u017ei\u0173 riteris Golovinas, pagrobdavo i\u0161 j\u012f myl\u0117jusi\u0173 moter\u0173 dvasin\u0119 energij\u0105 ir jas pra\u017eudydavo. Moterys, suart\u0117jusios su Hitleriu, \u017e\u016bdavo kaip pla\u0161tak\u0117s, paker\u0117tos liepsnos.","breadcrumb":{"@id":"https:\/\/skaitytaknyga.lt\/produktas\/henrikas-senkevicius-didzioji-hitlerio-meile\/#breadcrumb"},"inLanguage":"en-GB","potentialAction":[{"@type":"ReadAction","target":["https:\/\/skaitytaknyga.lt\/produktas\/henrikas-senkevicius-didzioji-hitlerio-meile\/"]}]},{"@type":"ImageObject","inLanguage":"en-GB","@id":"https:\/\/skaitytaknyga.lt\/produktas\/henrikas-senkevicius-didzioji-hitlerio-meile\/#primaryimage","url":"https:\/\/skaitytaknyga.lt\/wp-content\/uploads\/2024\/04\/img829.jpg","contentUrl":"https:\/\/skaitytaknyga.lt\/wp-content\/uploads\/2024\/04\/img829.jpg","width":283,"height":430,"caption":"img829"},{"@type":"BreadcrumbList","@id":"https:\/\/skaitytaknyga.lt\/produktas\/henrikas-senkevicius-didzioji-hitlerio-meile\/#breadcrumb","itemListElement":[{"@type":"ListItem","position":1,"name":"Home","item":"https:\/\/skaitytaknyga.lt\/"},{"@type":"ListItem","position":2,"name":"Parduotuv\u0117","item":"https:\/\/skaitytaknyga.lt\/knygu-parduotuve\/"},{"@type":"ListItem","position":3,"name":"Henrikas Senkevi\u010dius \u201eDid\u017eioji Hitlerio meil\u0117\u201c"}]},{"@type":"WebSite","@id":"https:\/\/skaitytaknyga.lt\/#website","url":"https:\/\/skaitytaknyga.lt\/","name":"skaitytaknyga.lt","description":"Skaitytaknyga.lt \u2013 tai ma\u017eas \u0161eimos verslas, kuris prasid\u0117jo nuo meil\u0117s knygoms ir siekio i\u0161gelb\u0117ti knygas nuo likimo prie konteinerio. Kas vienam nereikalingas daiktas \u2013 kitam lobis, o mes esame tarpininkai, kurie padeda abiems tapti laimingesniems ???? \u017dinome kaip nelengva i\u0161gyventi ma\u017eiems verslams, tad nuo \u0161iol, \u010dia rasite ir kit\u0173, ma\u017e\u0173 \u0161eim\u0173 versl\u0173, rank\u0173 darbo, dovan\u0173 sau ir artimiesiems.","publisher":{"@id":"https:\/\/skaitytaknyga.lt\/#organization"},"potentialAction":[{"@type":"SearchAction","target":{"@type":"EntryPoint","urlTemplate":"https:\/\/skaitytaknyga.lt\/?s={search_term_string}"},"query-input":{"@type":"PropertyValueSpecification","valueRequired":true,"valueName":"search_term_string"}}],"inLanguage":"en-GB"},{"@type":"Organization","@id":"https:\/\/skaitytaknyga.lt\/#organization","name":"skaitytaknyga.lt","url":"https:\/\/skaitytaknyga.lt\/","logo":{"@type":"ImageObject","inLanguage":"en-GB","@id":"https:\/\/skaitytaknyga.lt\/#\/schema\/logo\/image\/","url":"https:\/\/skaitytaknyga.lt\/wp-content\/uploads\/2024\/05\/cropped-cropped-cropped-02_00843_jt3bggkj1j3HLc7SyY6rEUpg.jpeg","contentUrl":"https:\/\/skaitytaknyga.lt\/wp-content\/uploads\/2024\/05\/cropped-cropped-cropped-02_00843_jt3bggkj1j3HLc7SyY6rEUpg.jpeg","width":1600,"height":1600,"caption":"skaitytaknyga.lt"},"image":{"@id":"https:\/\/skaitytaknyga.lt\/#\/schema\/logo\/image\/"},"sameAs":["https:\/\/www.facebook.com\/skaitytaknyga\/"]}]}},"_links":{"self":[{"href":"https:\/\/skaitytaknyga.lt\/en\/wp-json\/wp\/v2\/product\/4263","targetHints":{"allow":["GET"]}}],"collection":[{"href":"https:\/\/skaitytaknyga.lt\/en\/wp-json\/wp\/v2\/product"}],"about":[{"href":"https:\/\/skaitytaknyga.lt\/en\/wp-json\/wp\/v2\/types\/product"}],"replies":[{"embeddable":true,"href":"https:\/\/skaitytaknyga.lt\/en\/wp-json\/wp\/v2\/comments?post=4263"}],"wp:featuredmedia":[{"embeddable":true,"href":"https:\/\/skaitytaknyga.lt\/en\/wp-json\/wp\/v2\/media\/4316"}],"wp:attachment":[{"href":"https:\/\/skaitytaknyga.lt\/en\/wp-json\/wp\/v2\/media?parent=4263"}],"wp:term":[{"taxonomy":"product_brand","embeddable":true,"href":"https:\/\/skaitytaknyga.lt\/en\/wp-json\/wp\/v2\/product_brand?post=4263"},{"taxonomy":"product_cat","embeddable":true,"href":"https:\/\/skaitytaknyga.lt\/en\/wp-json\/wp\/v2\/product_cat?post=4263"},{"taxonomy":"product_tag","embeddable":true,"href":"https:\/\/skaitytaknyga.lt\/en\/wp-json\/wp\/v2\/product_tag?post=4263"}],"curies":[{"name":"wp","href":"https:\/\/api.w.org\/{rel}","templated":true}]}}