{"id":4256,"date":"2024-04-17T13:45:47","date_gmt":"2024-04-17T13:45:47","guid":{"rendered":"https:\/\/skaitytaknyga.lt\/?post_type=product&#038;p=4256"},"modified":"2026-03-18T15:00:19","modified_gmt":"2026-03-18T13:00:19","slug":"henrikas-paulauskas-lietuvos-kariuomenes-brigados-generolas-ministras-pirmininkas-jonas-cernius","status":"publish","type":"product","link":"https:\/\/skaitytaknyga.lt\/en\/produktas\/henrikas-paulauskas-lietuvos-kariuomenes-brigados-generolas-ministras-pirmininkas-jonas-cernius\/","title":{"rendered":"Henrikas Paulauskas \u201eLietuvos kariuomen\u0117s brigados generolas ministras pirmininkas Jonas \u010cernius\u201c"},"content":{"rendered":"<p>Tarp i\u0161kili\u0173j\u0173 dvide\u0161imtojo am\u017eiaus Lietuvos visuomen\u0117s \u017emoni\u0173, stov\u0117jusi\u0173 prie valstyb\u0117s vairo, Jono \u010cerniaus asmenyb\u0117 pa\u017eym\u0117tina kuklumu ir sant\u016brumu, nepaprastu atsidavimu tautos interesams. I\u0161aug\u0119s paprasto Auk\u0161taitijos ma\u017ea\u017eemio \u016bkininko ir amatininko \u0161eimoje, J. \u010cernius \u012frod\u0117, kad atkaklumas ir darb\u0161tumas atveria kelius kiekvienam \u017emogui, jeigu tik jis turi ai\u0161kius ir kilnius tikslus, pakankamai gabum\u0173 ir i\u0161minties nepasiklysti savanaudi\u0161kumo pinkl\u0117se, m\u0105styti pla\u010diai ir valstybi\u0161kai. Atrodyt\u0173, kad tai taip elementaru ir paprasta.<\/p>\n<p>Daug svarbi\u0173 ir \u012fdomi\u0173 paliudijim\u0173 Lietuvos istorijai J. \u010cernius nusine\u0161\u0117 \u012f am\u017einyb\u0119, nes buvo kuklus, nem\u0117go reklamuotis. U\u017ebaigt\u0173 atsiminim\u0173 ar memuar\u0173 J. \u010cernius nesusp\u0117jo para\u0161yti, nors kai k\u0105 fragmenti\u0161kai buvo prad\u0117j\u0119s, tad \u0161ie ra\u0161iniai pateikiami knygoje. I\u0161 ankstesni\u0173 profesini\u0173 spaudini\u0173 yra jo parengti darbai Karo lauko rengimas ir Elektrotechnika. Straipsni\u0173 J. \u010cernius paskelb\u0117 Kario ir Trimito \u017eurnaluose, dienra\u0161\u010diuose.<\/p>\n","protected":false},"excerpt":{"rendered":"<p>Tarp i\u0161kili\u0173j\u0173 dvide\u0161imtojo am\u017eiaus Lietuvos visuomen\u0117s \u017emoni\u0173, stov\u0117jusi\u0173 prie valstyb\u0117s vairo, Jono \u010cerniaus asmenyb\u0117 pa\u017eym\u0117tina kuklumu ir sant\u016brumu, nepaprastu atsidavimu tautos interesams. I\u0161aug\u0119s paprasto Auk\u0161taitijos ma\u017ea\u017eemio \u016bkininko ir amatininko \u0161eimoje, J. \u010cernius \u012frod\u0117, kad atkaklumas ir darb\u0161tumas atveria kelius kiekvienam \u017emogui, jeigu tik jis turi ai\u0161kius ir kilnius tikslus, pakankamai gabum\u0173 ir i\u0161minties nepasiklysti savanaudi\u0161kumo pinkl\u0117se, m\u0105styti pla\u010diai ir valstybi\u0161kai. Atrodyt\u0173, kad tai taip elementaru ir paprasta.<\/p>\n<p>Daug svarbi\u0173 ir \u012fdomi\u0173 paliudijim\u0173 Lietuvos istorijai J. \u010cernius nusine\u0161\u0117 \u012f am\u017einyb\u0119, nes buvo kuklus, nem\u0117go reklamuotis. U\u017ebaigt\u0173 atsiminim\u0173 ar memuar\u0173 J. \u010cernius nesusp\u0117jo para\u0161yti, nors kai k\u0105 fragmenti\u0161kai buvo prad\u0117j\u0119s, tad \u0161ie ra\u0161iniai pateikiami knygoje. I\u0161 ankstesni\u0173 profesini\u0173 spaudini\u0173 yra jo parengti darbai Karo lauko rengimas ir Elektrotechnika. Straipsni\u0173 J. \u010cernius paskelb\u0117 Kario ir Trimito \u017eurnaluose, dienra\u0161\u010diuose.<\/p>\n","protected":false},"featured_media":4297,"comment_status":"closed","ping_status":"closed","template":"","meta":{"_acf_changed":false,"site-sidebar-layout":"default","site-content-layout":"","ast-site-content-layout":"default","site-content-style":"default","site-sidebar-style":"default","ast-global-header-display":"","ast-banner-title-visibility":"","ast-main-header-display":"","ast-hfb-above-header-display":"","ast-hfb-below-header-display":"","ast-hfb-mobile-header-display":"","site-post-title":"","ast-breadcrumbs-content":"","ast-featured-img":"","footer-sml-layout":"","ast-disable-related-posts":"","theme-transparent-header-meta":"","adv-header-id-meta":"","stick-header-meta":"","header-above-stick-meta":"","header-main-stick-meta":"","header-below-stick-meta":"","astra-migrate-meta-layouts":"default","ast-page-background-enabled":"default","ast-page-background-meta":{"desktop":{"background-color":"","background-image":"","background-repeat":"repeat","background-position":"center center","background-size":"auto","background-attachment":"scroll","background-type":"","background-media":"","overlay-type":"","overlay-color":"","overlay-opacity":"","overlay-gradient":""},"tablet":{"background-color":"","background-image":"","background-repeat":"repeat","background-position":"center center","background-size":"auto","background-attachment":"scroll","background-type":"","background-media":"","overlay-type":"","overlay-color":"","overlay-opacity":"","overlay-gradient":""},"mobile":{"background-color":"","background-image":"","background-repeat":"repeat","background-position":"center center","background-size":"auto","background-attachment":"scroll","background-type":"","background-media":"","overlay-type":"","overlay-color":"","overlay-opacity":"","overlay-gradient":""}},"ast-content-background-meta":{"desktop":{"background-color":"var(--ast-global-color-4)","background-image":"","background-repeat":"repeat","background-position":"center center","background-size":"auto","background-attachment":"scroll","background-type":"","background-media":"","overlay-type":"","overlay-color":"","overlay-opacity":"","overlay-gradient":""},"tablet":{"background-color":"var(--ast-global-color-4)","background-image":"","background-repeat":"repeat","background-position":"center center","background-size":"auto","background-attachment":"scroll","background-type":"","background-media":"","overlay-type":"","overlay-color":"","overlay-opacity":"","overlay-gradient":""},"mobile":{"background-color":"var(--ast-global-color-4)","background-image":"","background-repeat":"repeat","background-position":"center center","background-size":"auto","background-attachment":"scroll","background-type":"","background-media":"","overlay-type":"","overlay-color":"","overlay-opacity":"","overlay-gradient":""}}},"product_brand":[],"product_cat":[9862,174],"product_tag":[],"class_list":{"0":"post-4256","1":"product","2":"type-product","3":"status-publish","4":"has-post-thumbnail","6":"product_cat-lietuvos-istorija","7":"product_cat-istorija-ir-politologija","8":"desktop-align-left","9":"tablet-align-left","10":"mobile-align-left","12":"first","13":"instock","14":"shipping-taxable","15":"purchasable","16":"product-type-simple"},"acf":[],"yoast_head":"<!-- This site is optimized with the Yoast SEO plugin v27.0 - https:\/\/yoast.com\/product\/yoast-seo-wordpress\/ -->\n<title>Henrikas Paulauskas \u201eLietuvos kariuomen\u0117s brigados generolas ministras pirmininkas Jonas \u010cernius\u201c<\/title>\n<meta name=\"description\" content=\"Tarp i\u0161kili\u0173j\u0173 dvide\u0161imtojo am\u017eiaus Lietuvos visuomen\u0117s \u017emoni\u0173, stov\u0117jusi\u0173 prie valstyb\u0117s vairo, Jono \u010cerniaus asmenyb\u0117 pa\u017eym\u0117tina kuklumu ir sant\u016brumu, nepaprastu atsidavimu tautos interesams. I\u0161aug\u0119s paprasto Auk\u0161taitijos ma\u017ea\u017eemio \u016bkininko ir amatininko \u0161eimoje, J. \u010cernius \u012frod\u0117, kad atkaklumas ir darb\u0161tumas atveria kelius kiekvienam \u017emogui, jeigu tik jis turi ai\u0161kius ir kilnius tikslus, pakankamai gabum\u0173 ir i\u0161minties nepasiklysti savanaudi\u0161kumo pinkl\u0117se, m\u0105styti pla\u010diai ir valstybi\u0161kai. Atrodyt\u0173, kad tai taip elementaru ir paprasta.   Daug svarbi\u0173 ir \u012fdomi\u0173 paliudijim\u0173 Lietuvos istorijai J. \u010cernius nusine\u0161\u0117 \u012f am\u017einyb\u0119, nes buvo kuklus, nem\u0117go reklamuotis. U\u017ebaigt\u0173 atsiminim\u0173 ar memuar\u0173 J. \u010cernius nesusp\u0117jo para\u0161yti, nors kai k\u0105 fragmenti\u0161kai buvo prad\u0117j\u0119s, tad \u0161ie ra\u0161iniai pateikiami knygoje. I\u0161 ankstesni\u0173 profesini\u0173 spaudini\u0173 yra jo parengti darbai Karo lauko rengimas ir Elektrotechnika. Straipsni\u0173 J. \u010cernius paskelb\u0117 Kario ir Trimito \u017eurnaluose, dienra\u0161\u010diuose.\" \/>\n<meta name=\"robots\" content=\"index, follow, max-snippet:-1, max-image-preview:large, max-video-preview:-1\" \/>\n<link rel=\"canonical\" href=\"https:\/\/skaitytaknyga.lt\/en\/produktas\/henrikas-paulauskas-lietuvos-kariuomenes-brigados-generolas-ministras-pirmininkas-jonas-cernius\/\" \/>\n<meta property=\"og:locale\" content=\"en_GB\" \/>\n<meta property=\"og:locale:alternate\" content=\"lt_LT\" \/>\n<meta property=\"og:type\" content=\"article\" \/>\n<meta property=\"og:title\" content=\"Henrikas Paulauskas \u201eLietuvos kariuomen\u0117s brigados generolas ministras pirmininkas Jonas \u010cernius\u201c\" \/>\n<meta property=\"og:description\" content=\"Tarp i\u0161kili\u0173j\u0173 dvide\u0161imtojo am\u017eiaus Lietuvos visuomen\u0117s \u017emoni\u0173, stov\u0117jusi\u0173 prie valstyb\u0117s vairo, Jono \u010cerniaus asmenyb\u0117 pa\u017eym\u0117tina kuklumu ir sant\u016brumu, nepaprastu atsidavimu tautos interesams. I\u0161aug\u0119s paprasto Auk\u0161taitijos ma\u017ea\u017eemio \u016bkininko ir amatininko \u0161eimoje, J. \u010cernius \u012frod\u0117, kad atkaklumas ir darb\u0161tumas atveria kelius kiekvienam \u017emogui, jeigu tik jis turi ai\u0161kius ir kilnius tikslus, pakankamai gabum\u0173 ir i\u0161minties nepasiklysti savanaudi\u0161kumo pinkl\u0117se, m\u0105styti pla\u010diai ir valstybi\u0161kai. Atrodyt\u0173, kad tai taip elementaru ir paprasta.   Daug svarbi\u0173 ir \u012fdomi\u0173 paliudijim\u0173 Lietuvos istorijai J. \u010cernius nusine\u0161\u0117 \u012f am\u017einyb\u0119, nes buvo kuklus, nem\u0117go reklamuotis. U\u017ebaigt\u0173 atsiminim\u0173 ar memuar\u0173 J. \u010cernius nesusp\u0117jo para\u0161yti, nors kai k\u0105 fragmenti\u0161kai buvo prad\u0117j\u0119s, tad \u0161ie ra\u0161iniai pateikiami knygoje. I\u0161 ankstesni\u0173 profesini\u0173 spaudini\u0173 yra jo parengti darbai Karo lauko rengimas ir Elektrotechnika. Straipsni\u0173 J. \u010cernius paskelb\u0117 Kario ir Trimito \u017eurnaluose, dienra\u0161\u010diuose.\" \/>\n<meta property=\"og:url\" content=\"https:\/\/skaitytaknyga.lt\/en\/produktas\/henrikas-paulauskas-lietuvos-kariuomenes-brigados-generolas-ministras-pirmininkas-jonas-cernius\/\" \/>\n<meta property=\"og:site_name\" content=\"Skaitytaknyga\" \/>\n<meta property=\"article:publisher\" content=\"https:\/\/www.facebook.com\/skaitytaknyga\/\" \/>\n<meta property=\"article:modified_time\" content=\"2026-03-18T13:00:19+00:00\" \/>\n<meta property=\"og:image\" content=\"https:\/\/skaitytaknyga.lt\/wp-content\/uploads\/2024\/04\/1505290316_jpg_0003.jpg\" \/>\n\t<meta property=\"og:image:width\" content=\"300\" \/>\n\t<meta property=\"og:image:height\" content=\"430\" \/>\n\t<meta property=\"og:image:type\" content=\"image\/jpeg\" \/>\n<meta name=\"twitter:card\" content=\"summary_large_image\" \/>\n<meta name=\"twitter:label1\" content=\"Estimated reading time\" \/>\n\t<meta name=\"twitter:data1\" content=\"1 minute\" \/>\n<script type=\"application\/ld+json\" class=\"yoast-schema-graph\">{\"@context\":\"https:\/\/schema.org\",\"@graph\":[{\"@type\":\"WebPage\",\"@id\":\"https:\/\/skaitytaknyga.lt\/produktas\/henrikas-paulauskas-lietuvos-kariuomenes-brigados-generolas-ministras-pirmininkas-jonas-cernius\/\",\"url\":\"https:\/\/skaitytaknyga.lt\/produktas\/henrikas-paulauskas-lietuvos-kariuomenes-brigados-generolas-ministras-pirmininkas-jonas-cernius\/\",\"name\":\"Henrikas Paulauskas \u201eLietuvos kariuomen\u0117s brigados generolas ministras pirmininkas Jonas \u010cernius\u201c\",\"isPartOf\":{\"@id\":\"https:\/\/skaitytaknyga.lt\/#website\"},\"primaryImageOfPage\":{\"@id\":\"https:\/\/skaitytaknyga.lt\/produktas\/henrikas-paulauskas-lietuvos-kariuomenes-brigados-generolas-ministras-pirmininkas-jonas-cernius\/#primaryimage\"},\"image\":{\"@id\":\"https:\/\/skaitytaknyga.lt\/produktas\/henrikas-paulauskas-lietuvos-kariuomenes-brigados-generolas-ministras-pirmininkas-jonas-cernius\/#primaryimage\"},\"thumbnailUrl\":\"https:\/\/skaitytaknyga.lt\/wp-content\/uploads\/2024\/04\/1505290316_jpg_0003.jpg\",\"datePublished\":\"2024-04-17T13:45:47+00:00\",\"dateModified\":\"2026-03-18T13:00:19+00:00\",\"description\":\"Tarp i\u0161kili\u0173j\u0173 dvide\u0161imtojo am\u017eiaus Lietuvos visuomen\u0117s \u017emoni\u0173, stov\u0117jusi\u0173 prie valstyb\u0117s vairo, Jono \u010cerniaus asmenyb\u0117 pa\u017eym\u0117tina kuklumu ir sant\u016brumu, nepaprastu atsidavimu tautos interesams. I\u0161aug\u0119s paprasto Auk\u0161taitijos ma\u017ea\u017eemio \u016bkininko ir amatininko \u0161eimoje, J. \u010cernius \u012frod\u0117, kad atkaklumas ir darb\u0161tumas atveria kelius kiekvienam \u017emogui, jeigu tik jis turi ai\u0161kius ir kilnius tikslus, pakankamai gabum\u0173 ir i\u0161minties nepasiklysti savanaudi\u0161kumo pinkl\u0117se, m\u0105styti pla\u010diai ir valstybi\u0161kai. Atrodyt\u0173, kad tai taip elementaru ir paprasta. Daug svarbi\u0173 ir \u012fdomi\u0173 paliudijim\u0173 Lietuvos istorijai J. \u010cernius nusine\u0161\u0117 \u012f am\u017einyb\u0119, nes buvo kuklus, nem\u0117go reklamuotis. U\u017ebaigt\u0173 atsiminim\u0173 ar memuar\u0173 J. \u010cernius nesusp\u0117jo para\u0161yti, nors kai k\u0105 fragmenti\u0161kai buvo prad\u0117j\u0119s, tad \u0161ie ra\u0161iniai pateikiami knygoje. I\u0161 ankstesni\u0173 profesini\u0173 spaudini\u0173 yra jo parengti darbai Karo lauko rengimas ir Elektrotechnika. Straipsni\u0173 J. \u010cernius paskelb\u0117 Kario ir Trimito \u017eurnaluose, dienra\u0161\u010diuose.\",\"breadcrumb\":{\"@id\":\"https:\/\/skaitytaknyga.lt\/produktas\/henrikas-paulauskas-lietuvos-kariuomenes-brigados-generolas-ministras-pirmininkas-jonas-cernius\/#breadcrumb\"},\"inLanguage\":\"en-GB\",\"potentialAction\":[{\"@type\":\"ReadAction\",\"target\":[\"https:\/\/skaitytaknyga.lt\/produktas\/henrikas-paulauskas-lietuvos-kariuomenes-brigados-generolas-ministras-pirmininkas-jonas-cernius\/\"]}]},{\"@type\":\"ImageObject\",\"inLanguage\":\"en-GB\",\"@id\":\"https:\/\/skaitytaknyga.lt\/produktas\/henrikas-paulauskas-lietuvos-kariuomenes-brigados-generolas-ministras-pirmininkas-jonas-cernius\/#primaryimage\",\"url\":\"https:\/\/skaitytaknyga.lt\/wp-content\/uploads\/2024\/04\/1505290316_jpg_0003.jpg\",\"contentUrl\":\"https:\/\/skaitytaknyga.lt\/wp-content\/uploads\/2024\/04\/1505290316_jpg_0003.jpg\",\"width\":300,\"height\":430,\"caption\":\"1505290316 jpg 0003\"},{\"@type\":\"BreadcrumbList\",\"@id\":\"https:\/\/skaitytaknyga.lt\/produktas\/henrikas-paulauskas-lietuvos-kariuomenes-brigados-generolas-ministras-pirmininkas-jonas-cernius\/#breadcrumb\",\"itemListElement\":[{\"@type\":\"ListItem\",\"position\":1,\"name\":\"Home\",\"item\":\"https:\/\/skaitytaknyga.lt\/\"},{\"@type\":\"ListItem\",\"position\":2,\"name\":\"Parduotuv\u0117\",\"item\":\"https:\/\/skaitytaknyga.lt\/knygu-parduotuve\/\"},{\"@type\":\"ListItem\",\"position\":3,\"name\":\"Henrikas Paulauskas \u201eLietuvos kariuomen\u0117s brigados generolas ministras pirmininkas Jonas \u010cernius\u201c\"}]},{\"@type\":\"WebSite\",\"@id\":\"https:\/\/skaitytaknyga.lt\/#website\",\"url\":\"https:\/\/skaitytaknyga.lt\/\",\"name\":\"skaitytaknyga.lt\",\"description\":\"Skaitytaknyga.lt \u2013 tai ma\u017eas \u0161eimos verslas, kuris prasid\u0117jo nuo meil\u0117s knygoms ir siekio i\u0161gelb\u0117ti knygas nuo likimo prie konteinerio. Kas vienam nereikalingas daiktas \u2013 kitam lobis, o mes esame tarpininkai, kurie padeda abiems tapti laimingesniems ???? \u017dinome kaip nelengva i\u0161gyventi ma\u017eiems verslams, tad nuo \u0161iol, \u010dia rasite ir kit\u0173, ma\u017e\u0173 \u0161eim\u0173 versl\u0173, rank\u0173 darbo, dovan\u0173 sau ir artimiesiems.\",\"publisher\":{\"@id\":\"https:\/\/skaitytaknyga.lt\/#organization\"},\"potentialAction\":[{\"@type\":\"SearchAction\",\"target\":{\"@type\":\"EntryPoint\",\"urlTemplate\":\"https:\/\/skaitytaknyga.lt\/?s={search_term_string}\"},\"query-input\":{\"@type\":\"PropertyValueSpecification\",\"valueRequired\":true,\"valueName\":\"search_term_string\"}}],\"inLanguage\":\"en-GB\"},{\"@type\":\"Organization\",\"@id\":\"https:\/\/skaitytaknyga.lt\/#organization\",\"name\":\"skaitytaknyga.lt\",\"url\":\"https:\/\/skaitytaknyga.lt\/\",\"logo\":{\"@type\":\"ImageObject\",\"inLanguage\":\"en-GB\",\"@id\":\"https:\/\/skaitytaknyga.lt\/#\/schema\/logo\/image\/\",\"url\":\"https:\/\/skaitytaknyga.lt\/wp-content\/uploads\/2024\/05\/cropped-cropped-cropped-02_00843_jt3bggkj1j3HLc7SyY6rEUpg.jpeg\",\"contentUrl\":\"https:\/\/skaitytaknyga.lt\/wp-content\/uploads\/2024\/05\/cropped-cropped-cropped-02_00843_jt3bggkj1j3HLc7SyY6rEUpg.jpeg\",\"width\":1600,\"height\":1600,\"caption\":\"skaitytaknyga.lt\"},\"image\":{\"@id\":\"https:\/\/skaitytaknyga.lt\/#\/schema\/logo\/image\/\"},\"sameAs\":[\"https:\/\/www.facebook.com\/skaitytaknyga\/\"]}]}<\/script>\n<!-- \/ Yoast SEO plugin. -->","yoast_head_json":{"title":"Henrikas Paulauskas \u201eLietuvos kariuomen\u0117s brigados generolas ministras pirmininkas Jonas \u010cernius\u201c","description":"Tarp i\u0161kili\u0173j\u0173 dvide\u0161imtojo am\u017eiaus Lietuvos visuomen\u0117s \u017emoni\u0173, stov\u0117jusi\u0173 prie valstyb\u0117s vairo, Jono \u010cerniaus asmenyb\u0117 pa\u017eym\u0117tina kuklumu ir sant\u016brumu, nepaprastu atsidavimu tautos interesams. I\u0161aug\u0119s paprasto Auk\u0161taitijos ma\u017ea\u017eemio \u016bkininko ir amatininko \u0161eimoje, J. \u010cernius \u012frod\u0117, kad atkaklumas ir darb\u0161tumas atveria kelius kiekvienam \u017emogui, jeigu tik jis turi ai\u0161kius ir kilnius tikslus, pakankamai gabum\u0173 ir i\u0161minties nepasiklysti savanaudi\u0161kumo pinkl\u0117se, m\u0105styti pla\u010diai ir valstybi\u0161kai. Atrodyt\u0173, kad tai taip elementaru ir paprasta.   Daug svarbi\u0173 ir \u012fdomi\u0173 paliudijim\u0173 Lietuvos istorijai J. \u010cernius nusine\u0161\u0117 \u012f am\u017einyb\u0119, nes buvo kuklus, nem\u0117go reklamuotis. U\u017ebaigt\u0173 atsiminim\u0173 ar memuar\u0173 J. \u010cernius nesusp\u0117jo para\u0161yti, nors kai k\u0105 fragmenti\u0161kai buvo prad\u0117j\u0119s, tad \u0161ie ra\u0161iniai pateikiami knygoje. I\u0161 ankstesni\u0173 profesini\u0173 spaudini\u0173 yra jo parengti darbai Karo lauko rengimas ir Elektrotechnika. Straipsni\u0173 J. \u010cernius paskelb\u0117 Kario ir Trimito \u017eurnaluose, dienra\u0161\u010diuose.","robots":{"index":"index","follow":"follow","max-snippet":"max-snippet:-1","max-image-preview":"max-image-preview:large","max-video-preview":"max-video-preview:-1"},"canonical":"https:\/\/skaitytaknyga.lt\/en\/produktas\/henrikas-paulauskas-lietuvos-kariuomenes-brigados-generolas-ministras-pirmininkas-jonas-cernius\/","og_locale":"en_GB","og_type":"article","og_title":"[:lt]Henrikas Paulauskas \u201eLietuvos kariuomen\u0117s brigados generolas ministras pirmininkas Jonas \u010cernius\u201c[:] - Skaitytaknyga","og_description":"Tarp i\u0161kili\u0173j\u0173 dvide\u0161imtojo am\u017eiaus Lietuvos visuomen\u0117s \u017emoni\u0173, stov\u0117jusi\u0173 prie valstyb\u0117s vairo, Jono \u010cerniaus asmenyb\u0117 pa\u017eym\u0117tina kuklumu ir sant\u016brumu, nepaprastu atsidavimu tautos interesams. I\u0161aug\u0119s paprasto Auk\u0161taitijos ma\u017ea\u017eemio \u016bkininko ir amatininko \u0161eimoje, J. \u010cernius \u012frod\u0117, kad atkaklumas ir darb\u0161tumas atveria kelius kiekvienam \u017emogui, jeigu tik jis turi ai\u0161kius ir kilnius tikslus, pakankamai gabum\u0173 ir i\u0161minties nepasiklysti savanaudi\u0161kumo pinkl\u0117se, m\u0105styti pla\u010diai ir valstybi\u0161kai. Atrodyt\u0173, kad tai taip elementaru ir paprasta.   Daug svarbi\u0173 ir \u012fdomi\u0173 paliudijim\u0173 Lietuvos istorijai J. \u010cernius nusine\u0161\u0117 \u012f am\u017einyb\u0119, nes buvo kuklus, nem\u0117go reklamuotis. U\u017ebaigt\u0173 atsiminim\u0173 ar memuar\u0173 J. \u010cernius nesusp\u0117jo para\u0161yti, nors kai k\u0105 fragmenti\u0161kai buvo prad\u0117j\u0119s, tad \u0161ie ra\u0161iniai pateikiami knygoje. I\u0161 ankstesni\u0173 profesini\u0173 spaudini\u0173 yra jo parengti darbai Karo lauko rengimas ir Elektrotechnika. Straipsni\u0173 J. \u010cernius paskelb\u0117 Kario ir Trimito \u017eurnaluose, dienra\u0161\u010diuose.","og_url":"https:\/\/skaitytaknyga.lt\/en\/produktas\/henrikas-paulauskas-lietuvos-kariuomenes-brigados-generolas-ministras-pirmininkas-jonas-cernius\/","og_site_name":"Skaitytaknyga","article_publisher":"https:\/\/www.facebook.com\/skaitytaknyga\/","article_modified_time":"2026-03-18T13:00:19+00:00","og_image":[{"width":300,"height":430,"url":"https:\/\/skaitytaknyga.lt\/wp-content\/uploads\/2024\/04\/1505290316_jpg_0003.jpg","type":"image\/jpeg"}],"twitter_card":"summary_large_image","twitter_misc":{"Estimated reading time":"1 minute"},"schema":{"@context":"https:\/\/schema.org","@graph":[{"@type":"WebPage","@id":"https:\/\/skaitytaknyga.lt\/produktas\/henrikas-paulauskas-lietuvos-kariuomenes-brigados-generolas-ministras-pirmininkas-jonas-cernius\/","url":"https:\/\/skaitytaknyga.lt\/produktas\/henrikas-paulauskas-lietuvos-kariuomenes-brigados-generolas-ministras-pirmininkas-jonas-cernius\/","name":"Henrikas Paulauskas \u201eLietuvos kariuomen\u0117s brigados generolas ministras pirmininkas Jonas \u010cernius\u201c","isPartOf":{"@id":"https:\/\/skaitytaknyga.lt\/#website"},"primaryImageOfPage":{"@id":"https:\/\/skaitytaknyga.lt\/produktas\/henrikas-paulauskas-lietuvos-kariuomenes-brigados-generolas-ministras-pirmininkas-jonas-cernius\/#primaryimage"},"image":{"@id":"https:\/\/skaitytaknyga.lt\/produktas\/henrikas-paulauskas-lietuvos-kariuomenes-brigados-generolas-ministras-pirmininkas-jonas-cernius\/#primaryimage"},"thumbnailUrl":"https:\/\/skaitytaknyga.lt\/wp-content\/uploads\/2024\/04\/1505290316_jpg_0003.jpg","datePublished":"2024-04-17T13:45:47+00:00","dateModified":"2026-03-18T13:00:19+00:00","description":"Tarp i\u0161kili\u0173j\u0173 dvide\u0161imtojo am\u017eiaus Lietuvos visuomen\u0117s \u017emoni\u0173, stov\u0117jusi\u0173 prie valstyb\u0117s vairo, Jono \u010cerniaus asmenyb\u0117 pa\u017eym\u0117tina kuklumu ir sant\u016brumu, nepaprastu atsidavimu tautos interesams. I\u0161aug\u0119s paprasto Auk\u0161taitijos ma\u017ea\u017eemio \u016bkininko ir amatininko \u0161eimoje, J. \u010cernius \u012frod\u0117, kad atkaklumas ir darb\u0161tumas atveria kelius kiekvienam \u017emogui, jeigu tik jis turi ai\u0161kius ir kilnius tikslus, pakankamai gabum\u0173 ir i\u0161minties nepasiklysti savanaudi\u0161kumo pinkl\u0117se, m\u0105styti pla\u010diai ir valstybi\u0161kai. Atrodyt\u0173, kad tai taip elementaru ir paprasta. Daug svarbi\u0173 ir \u012fdomi\u0173 paliudijim\u0173 Lietuvos istorijai J. \u010cernius nusine\u0161\u0117 \u012f am\u017einyb\u0119, nes buvo kuklus, nem\u0117go reklamuotis. U\u017ebaigt\u0173 atsiminim\u0173 ar memuar\u0173 J. \u010cernius nesusp\u0117jo para\u0161yti, nors kai k\u0105 fragmenti\u0161kai buvo prad\u0117j\u0119s, tad \u0161ie ra\u0161iniai pateikiami knygoje. I\u0161 ankstesni\u0173 profesini\u0173 spaudini\u0173 yra jo parengti darbai Karo lauko rengimas ir Elektrotechnika. Straipsni\u0173 J. \u010cernius paskelb\u0117 Kario ir Trimito \u017eurnaluose, dienra\u0161\u010diuose.","breadcrumb":{"@id":"https:\/\/skaitytaknyga.lt\/produktas\/henrikas-paulauskas-lietuvos-kariuomenes-brigados-generolas-ministras-pirmininkas-jonas-cernius\/#breadcrumb"},"inLanguage":"en-GB","potentialAction":[{"@type":"ReadAction","target":["https:\/\/skaitytaknyga.lt\/produktas\/henrikas-paulauskas-lietuvos-kariuomenes-brigados-generolas-ministras-pirmininkas-jonas-cernius\/"]}]},{"@type":"ImageObject","inLanguage":"en-GB","@id":"https:\/\/skaitytaknyga.lt\/produktas\/henrikas-paulauskas-lietuvos-kariuomenes-brigados-generolas-ministras-pirmininkas-jonas-cernius\/#primaryimage","url":"https:\/\/skaitytaknyga.lt\/wp-content\/uploads\/2024\/04\/1505290316_jpg_0003.jpg","contentUrl":"https:\/\/skaitytaknyga.lt\/wp-content\/uploads\/2024\/04\/1505290316_jpg_0003.jpg","width":300,"height":430,"caption":"1505290316 jpg 0003"},{"@type":"BreadcrumbList","@id":"https:\/\/skaitytaknyga.lt\/produktas\/henrikas-paulauskas-lietuvos-kariuomenes-brigados-generolas-ministras-pirmininkas-jonas-cernius\/#breadcrumb","itemListElement":[{"@type":"ListItem","position":1,"name":"Home","item":"https:\/\/skaitytaknyga.lt\/"},{"@type":"ListItem","position":2,"name":"Parduotuv\u0117","item":"https:\/\/skaitytaknyga.lt\/knygu-parduotuve\/"},{"@type":"ListItem","position":3,"name":"Henrikas Paulauskas \u201eLietuvos kariuomen\u0117s brigados generolas ministras pirmininkas Jonas \u010cernius\u201c"}]},{"@type":"WebSite","@id":"https:\/\/skaitytaknyga.lt\/#website","url":"https:\/\/skaitytaknyga.lt\/","name":"skaitytaknyga.lt","description":"Skaitytaknyga.lt \u2013 tai ma\u017eas \u0161eimos verslas, kuris prasid\u0117jo nuo meil\u0117s knygoms ir siekio i\u0161gelb\u0117ti knygas nuo likimo prie konteinerio. Kas vienam nereikalingas daiktas \u2013 kitam lobis, o mes esame tarpininkai, kurie padeda abiems tapti laimingesniems ???? \u017dinome kaip nelengva i\u0161gyventi ma\u017eiems verslams, tad nuo \u0161iol, \u010dia rasite ir kit\u0173, ma\u017e\u0173 \u0161eim\u0173 versl\u0173, rank\u0173 darbo, dovan\u0173 sau ir artimiesiems.","publisher":{"@id":"https:\/\/skaitytaknyga.lt\/#organization"},"potentialAction":[{"@type":"SearchAction","target":{"@type":"EntryPoint","urlTemplate":"https:\/\/skaitytaknyga.lt\/?s={search_term_string}"},"query-input":{"@type":"PropertyValueSpecification","valueRequired":true,"valueName":"search_term_string"}}],"inLanguage":"en-GB"},{"@type":"Organization","@id":"https:\/\/skaitytaknyga.lt\/#organization","name":"skaitytaknyga.lt","url":"https:\/\/skaitytaknyga.lt\/","logo":{"@type":"ImageObject","inLanguage":"en-GB","@id":"https:\/\/skaitytaknyga.lt\/#\/schema\/logo\/image\/","url":"https:\/\/skaitytaknyga.lt\/wp-content\/uploads\/2024\/05\/cropped-cropped-cropped-02_00843_jt3bggkj1j3HLc7SyY6rEUpg.jpeg","contentUrl":"https:\/\/skaitytaknyga.lt\/wp-content\/uploads\/2024\/05\/cropped-cropped-cropped-02_00843_jt3bggkj1j3HLc7SyY6rEUpg.jpeg","width":1600,"height":1600,"caption":"skaitytaknyga.lt"},"image":{"@id":"https:\/\/skaitytaknyga.lt\/#\/schema\/logo\/image\/"},"sameAs":["https:\/\/www.facebook.com\/skaitytaknyga\/"]}]}},"_links":{"self":[{"href":"https:\/\/skaitytaknyga.lt\/en\/wp-json\/wp\/v2\/product\/4256","targetHints":{"allow":["GET"]}}],"collection":[{"href":"https:\/\/skaitytaknyga.lt\/en\/wp-json\/wp\/v2\/product"}],"about":[{"href":"https:\/\/skaitytaknyga.lt\/en\/wp-json\/wp\/v2\/types\/product"}],"replies":[{"embeddable":true,"href":"https:\/\/skaitytaknyga.lt\/en\/wp-json\/wp\/v2\/comments?post=4256"}],"wp:featuredmedia":[{"embeddable":true,"href":"https:\/\/skaitytaknyga.lt\/en\/wp-json\/wp\/v2\/media\/4297"}],"wp:attachment":[{"href":"https:\/\/skaitytaknyga.lt\/en\/wp-json\/wp\/v2\/media?parent=4256"}],"wp:term":[{"taxonomy":"product_brand","embeddable":true,"href":"https:\/\/skaitytaknyga.lt\/en\/wp-json\/wp\/v2\/product_brand?post=4256"},{"taxonomy":"product_cat","embeddable":true,"href":"https:\/\/skaitytaknyga.lt\/en\/wp-json\/wp\/v2\/product_cat?post=4256"},{"taxonomy":"product_tag","embeddable":true,"href":"https:\/\/skaitytaknyga.lt\/en\/wp-json\/wp\/v2\/product_tag?post=4256"}],"curies":[{"name":"wp","href":"https:\/\/api.w.org\/{rel}","templated":true}]}}