{"id":4227,"date":"2024-04-17T16:45:20","date_gmt":"2024-04-17T13:45:20","guid":{"rendered":"https:\/\/skaitytaknyga.lt\/?post_type=product&#038;p=4227"},"modified":"2025-06-26T16:09:51","modified_gmt":"2025-06-26T13:09:51","slug":"sleikstulys","status":"publish","type":"product","link":"https:\/\/skaitytaknyga.lt\/en\/produktas\/sleikstulys\/","title":{"rendered":"\u0160leik\u0161tulys"},"content":{"rendered":"<p>Romanas &#8220;\u0160leik\u0161tulys&#8221; para\u0161ytas absoliu\u010dios laisv\u0117s siekian\u010dio individo dienora\u0161\u010dio forma. Pagrindinis romano veik\u0117jas Antuanas Rokantenas, met\u0119s istorijos d\u0117stytojo darb\u0105 koled\u017ee, nutrauk\u0119s ry\u0161ius su mylim\u0105ja Ani, pasiduoda \u0161leik\u0161tulio jausmui, kuri jam kelia absurdi\u0161ka gyvenimo beprasmyb\u0117.<\/p>\n<p>Tai pirmoji Sartre&#8217;o prozos knyga, laikoma egzistencialistin\u0117s filosofijos Biblija.<\/p>\n<p>Jean-Paul Sartre (1905-1980) &#8211; pranc\u016bz\u0173 ra\u0161ytojas, filosofas egzistencialistas, pl\u0117toj\u0119s mai\u0161to, absurdo, moralin\u0117s atsakomyb\u0117s id\u0117jas. 1964 m. atsisak\u0117 jam skirtos Nobelio literat\u016brin\u0117s premijos, kaip pats teig\u0117 vie\u0161ame prane\u0161ime i\u0161spausdintame Le Figaro laikra\u0161tyje, d\u0117l asmenini\u0173 ir objektyvi\u0173 prie\u017eas\u010di\u0173, bet ne d\u0117l to, kad nor\u0117t\u0173 sumenkinti \u0160vedijos Akademij\u0105.<\/p>\n","protected":false},"excerpt":{"rendered":"<p>Romanas &#8220;\u0160leik\u0161tulys&#8221; para\u0161ytas absoliu\u010dios laisv\u0117s siekian\u010dio individo dienora\u0161\u010dio forma. Pagrindinis romano veik\u0117jas Antuanas Rokantenas, met\u0119s istorijos d\u0117stytojo darb\u0105 koled\u017ee, nutrauk\u0119s ry\u0161ius su mylim\u0105ja Ani, pasiduoda \u0161leik\u0161tulio jausmui, kuri jam kelia absurdi\u0161ka gyvenimo beprasmyb\u0117.<\/p>\n<p>Tai pirmoji Sartre&#8217;o prozos knyga, laikoma egzistencialistin\u0117s filosofijos Biblija.<\/p>\n<p>Jean-Paul Sartre (1905-1980) &#8211; pranc\u016bz\u0173 ra\u0161ytojas, filosofas egzistencialistas, pl\u0117toj\u0119s mai\u0161to, absurdo, moralin\u0117s atsakomyb\u0117s id\u0117jas. 1964 m. atsisak\u0117 jam skirtos Nobelio literat\u016brin\u0117s premijos, kaip pats teig\u0117 vie\u0161ame prane\u0161ime i\u0161spausdintame Le Figaro laikra\u0161tyje, d\u0117l asmenini\u0173 ir objektyvi\u0173 prie\u017eas\u010di\u0173, bet ne d\u0117l to, kad nor\u0117t\u0173 sumenkinti \u0160vedijos Akademij\u0105.<\/p>\n","protected":false},"featured_media":4194,"comment_status":"closed","ping_status":"closed","template":"","meta":{"_acf_changed":false,"site-sidebar-layout":"default","site-content-layout":"","ast-site-content-layout":"default","site-content-style":"default","site-sidebar-style":"default","ast-global-header-display":"","ast-banner-title-visibility":"","ast-main-header-display":"","ast-hfb-above-header-display":"","ast-hfb-below-header-display":"","ast-hfb-mobile-header-display":"","site-post-title":"","ast-breadcrumbs-content":"","ast-featured-img":"","footer-sml-layout":"","ast-disable-related-posts":"","theme-transparent-header-meta":"","adv-header-id-meta":"","stick-header-meta":"","header-above-stick-meta":"","header-main-stick-meta":"","header-below-stick-meta":"","astra-migrate-meta-layouts":"default","ast-page-background-enabled":"default","ast-page-background-meta":{"desktop":{"background-color":"","background-image":"","background-repeat":"repeat","background-position":"center center","background-size":"auto","background-attachment":"scroll","background-type":"","background-media":"","overlay-type":"","overlay-color":"","overlay-opacity":"","overlay-gradient":""},"tablet":{"background-color":"","background-image":"","background-repeat":"repeat","background-position":"center center","background-size":"auto","background-attachment":"scroll","background-type":"","background-media":"","overlay-type":"","overlay-color":"","overlay-opacity":"","overlay-gradient":""},"mobile":{"background-color":"","background-image":"","background-repeat":"repeat","background-position":"center center","background-size":"auto","background-attachment":"scroll","background-type":"","background-media":"","overlay-type":"","overlay-color":"","overlay-opacity":"","overlay-gradient":""}},"ast-content-background-meta":{"desktop":{"background-color":"var(--ast-global-color-4)","background-image":"","background-repeat":"repeat","background-position":"center center","background-size":"auto","background-attachment":"scroll","background-type":"","background-media":"","overlay-type":"","overlay-color":"","overlay-opacity":"","overlay-gradient":""},"tablet":{"background-color":"var(--ast-global-color-4)","background-image":"","background-repeat":"repeat","background-position":"center center","background-size":"auto","background-attachment":"scroll","background-type":"","background-media":"","overlay-type":"","overlay-color":"","overlay-opacity":"","overlay-gradient":""},"mobile":{"background-color":"var(--ast-global-color-4)","background-image":"","background-repeat":"repeat","background-position":"center center","background-size":"auto","background-attachment":"scroll","background-type":"","background-media":"","overlay-type":"","overlay-color":"","overlay-opacity":"","overlay-gradient":""}}},"product_brand":[],"product_cat":[31,558],"product_tag":[2819,1467,5972,1761,5973],"class_list":{"0":"post-4227","1":"product","2":"type-product","3":"status-publish","4":"has-post-thumbnail","6":"product_cat-grozine-literatura","7":"product_cat-pasaulines-literaturos-biblioteka","8":"product_tag-egzistencializmas","9":"product_tag-filosofija","10":"product_tag-jean-paul-sartre","11":"product_tag-prancuzu-literatura","12":"product_tag-sleikstulys","13":"desktop-align-left","14":"tablet-align-left","15":"mobile-align-left","17":"first","18":"outofstock","19":"shipping-taxable","20":"purchasable","21":"product-type-simple"},"acf":[],"yoast_head":"<!-- This site is optimized with the Yoast SEO plugin v27.0 - https:\/\/yoast.com\/product\/yoast-seo-wordpress\/ -->\n<title>\u0160leik\u0161tulys<\/title>\n<meta name=\"description\" content=\"Romanas &quot;\u0160leik\u0161tulys&quot; para\u0161ytas absoliu\u010dios laisv\u0117s siekian\u010dio individo dienora\u0161\u010dio forma. Pagrindinis romano veik\u0117jas Antuanas Rokantenas, met\u0119s istorijos d\u0117stytojo darb\u0105 koled\u017ee, nutrauk\u0119s ry\u0161ius su mylim\u0105ja Ani, pasiduoda \u0161leik\u0161tulio jausmui, kuri jam kelia absurdi\u0161ka gyvenimo beprasmyb\u0117.   Tai pirmoji Sartre&#039;o prozos knyga, laikoma egzistencialistin\u0117s filosofijos Biblija.   Jean-Paul Sartre (1905-1980) - pranc\u016bz\u0173 ra\u0161ytojas, filosofas egzistencialistas, pl\u0117toj\u0119s mai\u0161to, absurdo, moralin\u0117s atsakomyb\u0117s id\u0117jas. 1964 m. atsisak\u0117 jam skirtos Nobelio literat\u016brin\u0117s premijos, kaip pats teig\u0117 vie\u0161ame prane\u0161ime i\u0161spausdintame Le Figaro laikra\u0161tyje, d\u0117l asmenini\u0173 ir objektyvi\u0173 prie\u017eas\u010di\u0173, bet ne d\u0117l to, kad nor\u0117t\u0173 sumenkinti \u0160vedijos Akademij\u0105.\" \/>\n<meta name=\"robots\" content=\"index, follow, max-snippet:-1, max-image-preview:large, max-video-preview:-1\" \/>\n<link rel=\"canonical\" href=\"https:\/\/skaitytaknyga.lt\/en\/produktas\/sleikstulys\/\" \/>\n<meta property=\"og:locale\" content=\"en_GB\" \/>\n<meta property=\"og:locale:alternate\" content=\"lt_LT\" \/>\n<meta property=\"og:type\" content=\"article\" \/>\n<meta property=\"og:title\" content=\"\u0160leik\u0161tulys\" \/>\n<meta property=\"og:description\" content=\"Romanas &quot;\u0160leik\u0161tulys&quot; para\u0161ytas absoliu\u010dios laisv\u0117s siekian\u010dio individo dienora\u0161\u010dio forma. Pagrindinis romano veik\u0117jas Antuanas Rokantenas, met\u0119s istorijos d\u0117stytojo darb\u0105 koled\u017ee, nutrauk\u0119s ry\u0161ius su mylim\u0105ja Ani, pasiduoda \u0161leik\u0161tulio jausmui, kuri jam kelia absurdi\u0161ka gyvenimo beprasmyb\u0117.   Tai pirmoji Sartre&#039;o prozos knyga, laikoma egzistencialistin\u0117s filosofijos Biblija.   Jean-Paul Sartre (1905-1980) - pranc\u016bz\u0173 ra\u0161ytojas, filosofas egzistencialistas, pl\u0117toj\u0119s mai\u0161to, absurdo, moralin\u0117s atsakomyb\u0117s id\u0117jas. 1964 m. atsisak\u0117 jam skirtos Nobelio literat\u016brin\u0117s premijos, kaip pats teig\u0117 vie\u0161ame prane\u0161ime i\u0161spausdintame Le Figaro laikra\u0161tyje, d\u0117l asmenini\u0173 ir objektyvi\u0173 prie\u017eas\u010di\u0173, bet ne d\u0117l to, kad nor\u0117t\u0173 sumenkinti \u0160vedijos Akademij\u0105.\" \/>\n<meta property=\"og:url\" content=\"https:\/\/skaitytaknyga.lt\/en\/produktas\/sleikstulys\/\" \/>\n<meta property=\"og:site_name\" content=\"Skaitytaknyga\" \/>\n<meta property=\"article:publisher\" content=\"https:\/\/www.facebook.com\/skaitytaknyga\/\" \/>\n<meta property=\"article:modified_time\" content=\"2025-06-26T13:09:51+00:00\" \/>\n<meta property=\"og:image\" content=\"https:\/\/skaitytaknyga.lt\/wp-content\/uploads\/2024\/04\/klasika.png\" \/>\n\t<meta property=\"og:image:width\" content=\"271\" \/>\n\t<meta property=\"og:image:height\" content=\"411\" \/>\n\t<meta property=\"og:image:type\" content=\"image\/png\" \/>\n<meta name=\"twitter:card\" content=\"summary_large_image\" \/>\n<meta name=\"twitter:label1\" content=\"Estimated reading time\" \/>\n\t<meta name=\"twitter:data1\" content=\"1 minute\" \/>\n<script type=\"application\/ld+json\" class=\"yoast-schema-graph\">{\"@context\":\"https:\/\/schema.org\",\"@graph\":[{\"@type\":\"WebPage\",\"@id\":\"https:\/\/skaitytaknyga.lt\/produktas\/sleikstulys\/\",\"url\":\"https:\/\/skaitytaknyga.lt\/produktas\/sleikstulys\/\",\"name\":\"\u0160leik\u0161tulys\",\"isPartOf\":{\"@id\":\"https:\/\/skaitytaknyga.lt\/#website\"},\"primaryImageOfPage\":{\"@id\":\"https:\/\/skaitytaknyga.lt\/produktas\/sleikstulys\/#primaryimage\"},\"image\":{\"@id\":\"https:\/\/skaitytaknyga.lt\/produktas\/sleikstulys\/#primaryimage\"},\"thumbnailUrl\":\"https:\/\/skaitytaknyga.lt\/wp-content\/uploads\/2024\/04\/klasika.png\",\"datePublished\":\"2024-04-17T13:45:20+00:00\",\"dateModified\":\"2025-06-26T13:09:51+00:00\",\"description\":\"Romanas \\\"\u0160leik\u0161tulys\\\" para\u0161ytas absoliu\u010dios laisv\u0117s siekian\u010dio individo dienora\u0161\u010dio forma. Pagrindinis romano veik\u0117jas Antuanas Rokantenas, met\u0119s istorijos d\u0117stytojo darb\u0105 koled\u017ee, nutrauk\u0119s ry\u0161ius su mylim\u0105ja Ani, pasiduoda \u0161leik\u0161tulio jausmui, kuri jam kelia absurdi\u0161ka gyvenimo beprasmyb\u0117. Tai pirmoji Sartre'o prozos knyga, laikoma egzistencialistin\u0117s filosofijos Biblija. Jean-Paul Sartre (1905-1980) - pranc\u016bz\u0173 ra\u0161ytojas, filosofas egzistencialistas, pl\u0117toj\u0119s mai\u0161to, absurdo, moralin\u0117s atsakomyb\u0117s id\u0117jas. 1964 m. atsisak\u0117 jam skirtos Nobelio literat\u016brin\u0117s premijos, kaip pats teig\u0117 vie\u0161ame prane\u0161ime i\u0161spausdintame Le Figaro laikra\u0161tyje, d\u0117l asmenini\u0173 ir objektyvi\u0173 prie\u017eas\u010di\u0173, bet ne d\u0117l to, kad nor\u0117t\u0173 sumenkinti \u0160vedijos Akademij\u0105.\",\"breadcrumb\":{\"@id\":\"https:\/\/skaitytaknyga.lt\/produktas\/sleikstulys\/#breadcrumb\"},\"inLanguage\":\"en-GB\",\"potentialAction\":[{\"@type\":\"ReadAction\",\"target\":[\"https:\/\/skaitytaknyga.lt\/produktas\/sleikstulys\/\"]}]},{\"@type\":\"ImageObject\",\"inLanguage\":\"en-GB\",\"@id\":\"https:\/\/skaitytaknyga.lt\/produktas\/sleikstulys\/#primaryimage\",\"url\":\"https:\/\/skaitytaknyga.lt\/wp-content\/uploads\/2024\/04\/klasika.png\",\"contentUrl\":\"https:\/\/skaitytaknyga.lt\/wp-content\/uploads\/2024\/04\/klasika.png\",\"width\":271,\"height\":411,\"caption\":\"klasika\"},{\"@type\":\"BreadcrumbList\",\"@id\":\"https:\/\/skaitytaknyga.lt\/produktas\/sleikstulys\/#breadcrumb\",\"itemListElement\":[{\"@type\":\"ListItem\",\"position\":1,\"name\":\"Home\",\"item\":\"https:\/\/skaitytaknyga.lt\/\"},{\"@type\":\"ListItem\",\"position\":2,\"name\":\"Parduotuv\u0117\",\"item\":\"https:\/\/skaitytaknyga.lt\/knygu-parduotuve\/\"},{\"@type\":\"ListItem\",\"position\":3,\"name\":\"\u0160leik\u0161tulys\"}]},{\"@type\":\"WebSite\",\"@id\":\"https:\/\/skaitytaknyga.lt\/#website\",\"url\":\"https:\/\/skaitytaknyga.lt\/\",\"name\":\"skaitytaknyga.lt\",\"description\":\"Skaitytaknyga.lt \u2013 tai ma\u017eas \u0161eimos verslas, kuris prasid\u0117jo nuo meil\u0117s knygoms ir siekio i\u0161gelb\u0117ti knygas nuo likimo prie konteinerio. Kas vienam nereikalingas daiktas \u2013 kitam lobis, o mes esame tarpininkai, kurie padeda abiems tapti laimingesniems ???? \u017dinome kaip nelengva i\u0161gyventi ma\u017eiems verslams, tad nuo \u0161iol, \u010dia rasite ir kit\u0173, ma\u017e\u0173 \u0161eim\u0173 versl\u0173, rank\u0173 darbo, dovan\u0173 sau ir artimiesiems.\",\"publisher\":{\"@id\":\"https:\/\/skaitytaknyga.lt\/#organization\"},\"potentialAction\":[{\"@type\":\"SearchAction\",\"target\":{\"@type\":\"EntryPoint\",\"urlTemplate\":\"https:\/\/skaitytaknyga.lt\/?s={search_term_string}\"},\"query-input\":{\"@type\":\"PropertyValueSpecification\",\"valueRequired\":true,\"valueName\":\"search_term_string\"}}],\"inLanguage\":\"en-GB\"},{\"@type\":\"Organization\",\"@id\":\"https:\/\/skaitytaknyga.lt\/#organization\",\"name\":\"skaitytaknyga.lt\",\"url\":\"https:\/\/skaitytaknyga.lt\/\",\"logo\":{\"@type\":\"ImageObject\",\"inLanguage\":\"en-GB\",\"@id\":\"https:\/\/skaitytaknyga.lt\/#\/schema\/logo\/image\/\",\"url\":\"https:\/\/skaitytaknyga.lt\/wp-content\/uploads\/2024\/05\/cropped-cropped-cropped-02_00843_jt3bggkj1j3HLc7SyY6rEUpg.jpeg\",\"contentUrl\":\"https:\/\/skaitytaknyga.lt\/wp-content\/uploads\/2024\/05\/cropped-cropped-cropped-02_00843_jt3bggkj1j3HLc7SyY6rEUpg.jpeg\",\"width\":1600,\"height\":1600,\"caption\":\"skaitytaknyga.lt\"},\"image\":{\"@id\":\"https:\/\/skaitytaknyga.lt\/#\/schema\/logo\/image\/\"},\"sameAs\":[\"https:\/\/www.facebook.com\/skaitytaknyga\/\"]}]}<\/script>\n<!-- \/ Yoast SEO plugin. -->","yoast_head_json":{"title":"\u0160leik\u0161tulys","description":"Romanas \"\u0160leik\u0161tulys\" para\u0161ytas absoliu\u010dios laisv\u0117s siekian\u010dio individo dienora\u0161\u010dio forma. Pagrindinis romano veik\u0117jas Antuanas Rokantenas, met\u0119s istorijos d\u0117stytojo darb\u0105 koled\u017ee, nutrauk\u0119s ry\u0161ius su mylim\u0105ja Ani, pasiduoda \u0161leik\u0161tulio jausmui, kuri jam kelia absurdi\u0161ka gyvenimo beprasmyb\u0117.   Tai pirmoji Sartre'o prozos knyga, laikoma egzistencialistin\u0117s filosofijos Biblija.   Jean-Paul Sartre (1905-1980) - pranc\u016bz\u0173 ra\u0161ytojas, filosofas egzistencialistas, pl\u0117toj\u0119s mai\u0161to, absurdo, moralin\u0117s atsakomyb\u0117s id\u0117jas. 1964 m. atsisak\u0117 jam skirtos Nobelio literat\u016brin\u0117s premijos, kaip pats teig\u0117 vie\u0161ame prane\u0161ime i\u0161spausdintame Le Figaro laikra\u0161tyje, d\u0117l asmenini\u0173 ir objektyvi\u0173 prie\u017eas\u010di\u0173, bet ne d\u0117l to, kad nor\u0117t\u0173 sumenkinti \u0160vedijos Akademij\u0105.","robots":{"index":"index","follow":"follow","max-snippet":"max-snippet:-1","max-image-preview":"max-image-preview:large","max-video-preview":"max-video-preview:-1"},"canonical":"https:\/\/skaitytaknyga.lt\/en\/produktas\/sleikstulys\/","og_locale":"en_GB","og_type":"article","og_title":"[:lt]\u0160leik\u0161tulys[:] - Skaitytaknyga","og_description":"Romanas \"\u0160leik\u0161tulys\" para\u0161ytas absoliu\u010dios laisv\u0117s siekian\u010dio individo dienora\u0161\u010dio forma. Pagrindinis romano veik\u0117jas Antuanas Rokantenas, met\u0119s istorijos d\u0117stytojo darb\u0105 koled\u017ee, nutrauk\u0119s ry\u0161ius su mylim\u0105ja Ani, pasiduoda \u0161leik\u0161tulio jausmui, kuri jam kelia absurdi\u0161ka gyvenimo beprasmyb\u0117.   Tai pirmoji Sartre'o prozos knyga, laikoma egzistencialistin\u0117s filosofijos Biblija.   Jean-Paul Sartre (1905-1980) - pranc\u016bz\u0173 ra\u0161ytojas, filosofas egzistencialistas, pl\u0117toj\u0119s mai\u0161to, absurdo, moralin\u0117s atsakomyb\u0117s id\u0117jas. 1964 m. atsisak\u0117 jam skirtos Nobelio literat\u016brin\u0117s premijos, kaip pats teig\u0117 vie\u0161ame prane\u0161ime i\u0161spausdintame Le Figaro laikra\u0161tyje, d\u0117l asmenini\u0173 ir objektyvi\u0173 prie\u017eas\u010di\u0173, bet ne d\u0117l to, kad nor\u0117t\u0173 sumenkinti \u0160vedijos Akademij\u0105.","og_url":"https:\/\/skaitytaknyga.lt\/en\/produktas\/sleikstulys\/","og_site_name":"Skaitytaknyga","article_publisher":"https:\/\/www.facebook.com\/skaitytaknyga\/","article_modified_time":"2025-06-26T13:09:51+00:00","og_image":[{"width":271,"height":411,"url":"https:\/\/skaitytaknyga.lt\/wp-content\/uploads\/2024\/04\/klasika.png","type":"image\/png"}],"twitter_card":"summary_large_image","twitter_misc":{"Estimated reading time":"1 minute"},"schema":{"@context":"https:\/\/schema.org","@graph":[{"@type":"WebPage","@id":"https:\/\/skaitytaknyga.lt\/produktas\/sleikstulys\/","url":"https:\/\/skaitytaknyga.lt\/produktas\/sleikstulys\/","name":"\u0160leik\u0161tulys","isPartOf":{"@id":"https:\/\/skaitytaknyga.lt\/#website"},"primaryImageOfPage":{"@id":"https:\/\/skaitytaknyga.lt\/produktas\/sleikstulys\/#primaryimage"},"image":{"@id":"https:\/\/skaitytaknyga.lt\/produktas\/sleikstulys\/#primaryimage"},"thumbnailUrl":"https:\/\/skaitytaknyga.lt\/wp-content\/uploads\/2024\/04\/klasika.png","datePublished":"2024-04-17T13:45:20+00:00","dateModified":"2025-06-26T13:09:51+00:00","description":"Romanas \"\u0160leik\u0161tulys\" para\u0161ytas absoliu\u010dios laisv\u0117s siekian\u010dio individo dienora\u0161\u010dio forma. Pagrindinis romano veik\u0117jas Antuanas Rokantenas, met\u0119s istorijos d\u0117stytojo darb\u0105 koled\u017ee, nutrauk\u0119s ry\u0161ius su mylim\u0105ja Ani, pasiduoda \u0161leik\u0161tulio jausmui, kuri jam kelia absurdi\u0161ka gyvenimo beprasmyb\u0117. Tai pirmoji Sartre'o prozos knyga, laikoma egzistencialistin\u0117s filosofijos Biblija. Jean-Paul Sartre (1905-1980) - pranc\u016bz\u0173 ra\u0161ytojas, filosofas egzistencialistas, pl\u0117toj\u0119s mai\u0161to, absurdo, moralin\u0117s atsakomyb\u0117s id\u0117jas. 1964 m. atsisak\u0117 jam skirtos Nobelio literat\u016brin\u0117s premijos, kaip pats teig\u0117 vie\u0161ame prane\u0161ime i\u0161spausdintame Le Figaro laikra\u0161tyje, d\u0117l asmenini\u0173 ir objektyvi\u0173 prie\u017eas\u010di\u0173, bet ne d\u0117l to, kad nor\u0117t\u0173 sumenkinti \u0160vedijos Akademij\u0105.","breadcrumb":{"@id":"https:\/\/skaitytaknyga.lt\/produktas\/sleikstulys\/#breadcrumb"},"inLanguage":"en-GB","potentialAction":[{"@type":"ReadAction","target":["https:\/\/skaitytaknyga.lt\/produktas\/sleikstulys\/"]}]},{"@type":"ImageObject","inLanguage":"en-GB","@id":"https:\/\/skaitytaknyga.lt\/produktas\/sleikstulys\/#primaryimage","url":"https:\/\/skaitytaknyga.lt\/wp-content\/uploads\/2024\/04\/klasika.png","contentUrl":"https:\/\/skaitytaknyga.lt\/wp-content\/uploads\/2024\/04\/klasika.png","width":271,"height":411,"caption":"klasika"},{"@type":"BreadcrumbList","@id":"https:\/\/skaitytaknyga.lt\/produktas\/sleikstulys\/#breadcrumb","itemListElement":[{"@type":"ListItem","position":1,"name":"Home","item":"https:\/\/skaitytaknyga.lt\/"},{"@type":"ListItem","position":2,"name":"Parduotuv\u0117","item":"https:\/\/skaitytaknyga.lt\/knygu-parduotuve\/"},{"@type":"ListItem","position":3,"name":"\u0160leik\u0161tulys"}]},{"@type":"WebSite","@id":"https:\/\/skaitytaknyga.lt\/#website","url":"https:\/\/skaitytaknyga.lt\/","name":"skaitytaknyga.lt","description":"Skaitytaknyga.lt \u2013 tai ma\u017eas \u0161eimos verslas, kuris prasid\u0117jo nuo meil\u0117s knygoms ir siekio i\u0161gelb\u0117ti knygas nuo likimo prie konteinerio. Kas vienam nereikalingas daiktas \u2013 kitam lobis, o mes esame tarpininkai, kurie padeda abiems tapti laimingesniems ???? \u017dinome kaip nelengva i\u0161gyventi ma\u017eiems verslams, tad nuo \u0161iol, \u010dia rasite ir kit\u0173, ma\u017e\u0173 \u0161eim\u0173 versl\u0173, rank\u0173 darbo, dovan\u0173 sau ir artimiesiems.","publisher":{"@id":"https:\/\/skaitytaknyga.lt\/#organization"},"potentialAction":[{"@type":"SearchAction","target":{"@type":"EntryPoint","urlTemplate":"https:\/\/skaitytaknyga.lt\/?s={search_term_string}"},"query-input":{"@type":"PropertyValueSpecification","valueRequired":true,"valueName":"search_term_string"}}],"inLanguage":"en-GB"},{"@type":"Organization","@id":"https:\/\/skaitytaknyga.lt\/#organization","name":"skaitytaknyga.lt","url":"https:\/\/skaitytaknyga.lt\/","logo":{"@type":"ImageObject","inLanguage":"en-GB","@id":"https:\/\/skaitytaknyga.lt\/#\/schema\/logo\/image\/","url":"https:\/\/skaitytaknyga.lt\/wp-content\/uploads\/2024\/05\/cropped-cropped-cropped-02_00843_jt3bggkj1j3HLc7SyY6rEUpg.jpeg","contentUrl":"https:\/\/skaitytaknyga.lt\/wp-content\/uploads\/2024\/05\/cropped-cropped-cropped-02_00843_jt3bggkj1j3HLc7SyY6rEUpg.jpeg","width":1600,"height":1600,"caption":"skaitytaknyga.lt"},"image":{"@id":"https:\/\/skaitytaknyga.lt\/#\/schema\/logo\/image\/"},"sameAs":["https:\/\/www.facebook.com\/skaitytaknyga\/"]}]}},"_links":{"self":[{"href":"https:\/\/skaitytaknyga.lt\/en\/wp-json\/wp\/v2\/product\/4227","targetHints":{"allow":["GET"]}}],"collection":[{"href":"https:\/\/skaitytaknyga.lt\/en\/wp-json\/wp\/v2\/product"}],"about":[{"href":"https:\/\/skaitytaknyga.lt\/en\/wp-json\/wp\/v2\/types\/product"}],"replies":[{"embeddable":true,"href":"https:\/\/skaitytaknyga.lt\/en\/wp-json\/wp\/v2\/comments?post=4227"}],"wp:featuredmedia":[{"embeddable":true,"href":"https:\/\/skaitytaknyga.lt\/en\/wp-json\/wp\/v2\/media\/4194"}],"wp:attachment":[{"href":"https:\/\/skaitytaknyga.lt\/en\/wp-json\/wp\/v2\/media?parent=4227"}],"wp:term":[{"taxonomy":"product_brand","embeddable":true,"href":"https:\/\/skaitytaknyga.lt\/en\/wp-json\/wp\/v2\/product_brand?post=4227"},{"taxonomy":"product_cat","embeddable":true,"href":"https:\/\/skaitytaknyga.lt\/en\/wp-json\/wp\/v2\/product_cat?post=4227"},{"taxonomy":"product_tag","embeddable":true,"href":"https:\/\/skaitytaknyga.lt\/en\/wp-json\/wp\/v2\/product_tag?post=4227"}],"curies":[{"name":"wp","href":"https:\/\/api.w.org\/{rel}","templated":true}]}}