{"id":4226,"date":"2024-04-17T13:45:19","date_gmt":"2024-04-17T13:45:19","guid":{"rendered":"https:\/\/skaitytaknyga.lt\/?post_type=product&#038;p=4226"},"modified":"2025-07-23T12:16:58","modified_gmt":"2025-07-23T09:16:58","slug":"eva-tombak-laisve-basomis","status":"publish","type":"product","link":"https:\/\/skaitytaknyga.lt\/en\/produktas\/eva-tombak-laisve-basomis\/","title":{"rendered":"Eva Tombak \u201eLaisv\u0117 basomis\u201c"},"content":{"rendered":"<p>Knyga \u201eLaisv\u0117 basomis\u201c \u2013 tai smagia saviironija tryk\u0161tantis nuo\u0161irdus pasakojimas, kaip i\u0161vykusi \u012f Australij\u0105 laim\u0117s ie\u0161koti autor\u0117 atrado jog\u0105 ir kitomis akimis pa\u017evelg\u0117 \u012f gyvenim\u0105.<\/p>\n<p>Ne, tai n\u0117ra jogos prad\u017eiamokslis ar poz\u0173 katalogas, grei\u010diau \u2013 d\u017eiazas jogos tema: nuo pirm\u0173 \u017eod\u017ei\u0173 \u012ftraukian\u010dios es\u0117 apie santykius su aplinka ir savimi, gyvenimo pilnatv\u0119 ir lengva ranka dalijamus laim\u0117s receptus.<\/p>\n<p>Desertas \u2013 paguodos ir d\u017eiaugsmo suteikian\u010di\u0173 asan\u0173 rinktin\u0117.<\/p>\n<p>Jog\u0105 \u012f Vakarus atve\u017eusi\u0173 bitl\u0173 dain\u0173 \u017eod\u017eiais puo\u0161ta ir pasaulio i\u0161minties perlais pabarstyta knyga \u201eLaisv\u0117 basomis\u201c skirta visiems, kurie trok\u0161ta suprasti, ko nori, ir gyventi, kaip nori.<\/p>\n","protected":false},"excerpt":{"rendered":"<p>Knyga \u201eLaisv\u0117 basomis\u201c \u2013 tai smagia saviironija tryk\u0161tantis nuo\u0161irdus pasakojimas, kaip i\u0161vykusi \u012f Australij\u0105 laim\u0117s ie\u0161koti autor\u0117 atrado jog\u0105 ir kitomis akimis pa\u017evelg\u0117 \u012f gyvenim\u0105.<\/p>\n<p>Ne, tai n\u0117ra jogos prad\u017eiamokslis ar poz\u0173 katalogas, grei\u010diau \u2013 d\u017eiazas jogos tema: nuo pirm\u0173 \u017eod\u017ei\u0173 \u012ftraukian\u010dios es\u0117 apie santykius su aplinka ir savimi, gyvenimo pilnatv\u0119 ir lengva ranka dalijamus laim\u0117s receptus.<\/p>\n<p>Desertas \u2013 paguodos ir d\u017eiaugsmo suteikian\u010di\u0173 asan\u0173 rinktin\u0117.<\/p>\n<p>Jog\u0105 \u012f Vakarus atve\u017eusi\u0173 bitl\u0173 dain\u0173 \u017eod\u017eiais puo\u0161ta ir pasaulio i\u0161minties perlais pabarstyta knyga \u201eLaisv\u0117 basomis\u201c skirta visiems, kurie trok\u0161ta suprasti, ko nori, ir gyventi, kaip nori.<\/p>\n","protected":false},"featured_media":4252,"comment_status":"closed","ping_status":"closed","template":"","meta":{"_acf_changed":false,"site-sidebar-layout":"default","site-content-layout":"","ast-site-content-layout":"default","site-content-style":"default","site-sidebar-style":"default","ast-global-header-display":"","ast-banner-title-visibility":"","ast-main-header-display":"","ast-hfb-above-header-display":"","ast-hfb-below-header-display":"","ast-hfb-mobile-header-display":"","site-post-title":"","ast-breadcrumbs-content":"","ast-featured-img":"","footer-sml-layout":"","ast-disable-related-posts":"","theme-transparent-header-meta":"","adv-header-id-meta":"","stick-header-meta":"","header-above-stick-meta":"","header-main-stick-meta":"","header-below-stick-meta":"","astra-migrate-meta-layouts":"default","ast-page-background-enabled":"default","ast-page-background-meta":{"desktop":{"background-color":"","background-image":"","background-repeat":"repeat","background-position":"center center","background-size":"auto","background-attachment":"scroll","background-type":"","background-media":"","overlay-type":"","overlay-color":"","overlay-opacity":"","overlay-gradient":""},"tablet":{"background-color":"","background-image":"","background-repeat":"repeat","background-position":"center center","background-size":"auto","background-attachment":"scroll","background-type":"","background-media":"","overlay-type":"","overlay-color":"","overlay-opacity":"","overlay-gradient":""},"mobile":{"background-color":"","background-image":"","background-repeat":"repeat","background-position":"center center","background-size":"auto","background-attachment":"scroll","background-type":"","background-media":"","overlay-type":"","overlay-color":"","overlay-opacity":"","overlay-gradient":""}},"ast-content-background-meta":{"desktop":{"background-color":"var(--ast-global-color-4)","background-image":"","background-repeat":"repeat","background-position":"center center","background-size":"auto","background-attachment":"scroll","background-type":"","background-media":"","overlay-type":"","overlay-color":"","overlay-opacity":"","overlay-gradient":""},"tablet":{"background-color":"var(--ast-global-color-4)","background-image":"","background-repeat":"repeat","background-position":"center center","background-size":"auto","background-attachment":"scroll","background-type":"","background-media":"","overlay-type":"","overlay-color":"","overlay-opacity":"","overlay-gradient":""},"mobile":{"background-color":"var(--ast-global-color-4)","background-image":"","background-repeat":"repeat","background-position":"center center","background-size":"auto","background-attachment":"scroll","background-type":"","background-media":"","overlay-type":"","overlay-color":"","overlay-opacity":"","overlay-gradient":""}}},"product_brand":[],"product_cat":[30,55],"product_tag":[],"class_list":{"0":"post-4226","1":"product","2":"type-product","3":"status-publish","4":"has-post-thumbnail","6":"product_cat-psichologija-ir-saviugda","7":"product_cat-sveikata-ir-sveika-mityba","8":"desktop-align-left","9":"tablet-align-left","10":"mobile-align-left","12":"first","13":"instock","14":"shipping-taxable","15":"purchasable","16":"product-type-simple"},"acf":[],"yoast_head":"<!-- This site is optimized with the Yoast SEO plugin v27.0 - https:\/\/yoast.com\/product\/yoast-seo-wordpress\/ -->\n<title>Eva Tombak \u201eLaisv\u0117 basomis\u201c - Skaitytaknyga<\/title>\n<meta name=\"description\" content=\"Knyga \u201eLaisv\u0117 basomis\u201c \u2013 tai smagia saviironija tryk\u0161tantis nuo\u0161irdus pasakojimas, kaip i\u0161vykusi \u012f Australij\u0105 laim\u0117s ie\u0161koti autor\u0117 atrado jog\u0105 ir kitomis akimis pa\u017evelg\u0117 \u012f gyvenim\u0105.  Ne, tai n\u0117ra jogos prad\u017eiamokslis ar poz\u0173 katalogas, grei\u010diau \u2013 d\u017eiazas jogos tema: nuo pirm\u0173 \u017eod\u017ei\u0173 \u012ftraukian\u010dios es\u0117 apie santykius su aplinka ir savimi, gyvenimo pilnatv\u0119 ir lengva ranka dalijamus laim\u0117s receptus.  Desertas \u2013 paguodos ir d\u017eiaugsmo suteikian\u010di\u0173 asan\u0173 rinktin\u0117.  Jog\u0105 \u012f Vakarus atve\u017eusi\u0173 bitl\u0173 dain\u0173 \u017eod\u017eiais puo\u0161ta ir pasaulio i\u0161minties perlais pabarstyta knyga \u201eLaisv\u0117 basomis\u201c skirta visiems, kurie trok\u0161ta suprasti, ko nori, ir gyventi, kaip nori.\" \/>\n<meta name=\"robots\" content=\"index, follow, max-snippet:-1, max-image-preview:large, max-video-preview:-1\" \/>\n<link rel=\"canonical\" href=\"https:\/\/skaitytaknyga.lt\/en\/produktas\/eva-tombak-laisve-basomis\/\" \/>\n<meta property=\"og:locale\" content=\"en_GB\" \/>\n<meta property=\"og:locale:alternate\" content=\"lt_LT\" \/>\n<meta property=\"og:type\" content=\"article\" \/>\n<meta property=\"og:title\" content=\"Eva Tombak \u201eLaisv\u0117 basomis\u201c - Skaitytaknyga\" \/>\n<meta property=\"og:description\" content=\"Knyga \u201eLaisv\u0117 basomis\u201c \u2013 tai smagia saviironija tryk\u0161tantis nuo\u0161irdus pasakojimas, kaip i\u0161vykusi \u012f Australij\u0105 laim\u0117s ie\u0161koti autor\u0117 atrado jog\u0105 ir kitomis akimis pa\u017evelg\u0117 \u012f gyvenim\u0105.  Ne, tai n\u0117ra jogos prad\u017eiamokslis ar poz\u0173 katalogas, grei\u010diau \u2013 d\u017eiazas jogos tema: nuo pirm\u0173 \u017eod\u017ei\u0173 \u012ftraukian\u010dios es\u0117 apie santykius su aplinka ir savimi, gyvenimo pilnatv\u0119 ir lengva ranka dalijamus laim\u0117s receptus.  Desertas \u2013 paguodos ir d\u017eiaugsmo suteikian\u010di\u0173 asan\u0173 rinktin\u0117.  Jog\u0105 \u012f Vakarus atve\u017eusi\u0173 bitl\u0173 dain\u0173 \u017eod\u017eiais puo\u0161ta ir pasaulio i\u0161minties perlais pabarstyta knyga \u201eLaisv\u0117 basomis\u201c skirta visiems, kurie trok\u0161ta suprasti, ko nori, ir gyventi, kaip nori.\" \/>\n<meta property=\"og:url\" content=\"https:\/\/skaitytaknyga.lt\/en\/produktas\/eva-tombak-laisve-basomis\/\" \/>\n<meta property=\"og:site_name\" content=\"Skaitytaknyga\" \/>\n<meta property=\"article:publisher\" content=\"https:\/\/www.facebook.com\/skaitytaknyga\/\" \/>\n<meta property=\"article:modified_time\" content=\"2025-07-23T09:16:58+00:00\" \/>\n<meta property=\"og:image\" content=\"https:\/\/skaitytaknyga.lt\/wp-content\/uploads\/2024\/04\/1462886466_cdblaisve-basomisz1.png\" \/>\n\t<meta property=\"og:image:width\" content=\"302\" \/>\n\t<meta property=\"og:image:height\" content=\"430\" \/>\n\t<meta property=\"og:image:type\" content=\"image\/png\" \/>\n<meta name=\"twitter:card\" content=\"summary_large_image\" \/>\n<meta name=\"twitter:label1\" content=\"Estimated reading time\" \/>\n\t<meta name=\"twitter:data1\" content=\"1 minute\" \/>\n<script type=\"application\/ld+json\" class=\"yoast-schema-graph\">{\"@context\":\"https:\/\/schema.org\",\"@graph\":[{\"@type\":\"WebPage\",\"@id\":\"https:\/\/skaitytaknyga.lt\/produktas\/eva-tombak-laisve-basomis\/\",\"url\":\"https:\/\/skaitytaknyga.lt\/produktas\/eva-tombak-laisve-basomis\/\",\"name\":\"Eva Tombak \u201eLaisv\u0117 basomis\u201c - Skaitytaknyga\",\"isPartOf\":{\"@id\":\"https:\/\/skaitytaknyga.lt\/#website\"},\"primaryImageOfPage\":{\"@id\":\"https:\/\/skaitytaknyga.lt\/produktas\/eva-tombak-laisve-basomis\/#primaryimage\"},\"image\":{\"@id\":\"https:\/\/skaitytaknyga.lt\/produktas\/eva-tombak-laisve-basomis\/#primaryimage\"},\"thumbnailUrl\":\"https:\/\/skaitytaknyga.lt\/wp-content\/uploads\/2024\/04\/1462886466_cdblaisve-basomisz1.png\",\"datePublished\":\"2024-04-17T13:45:19+00:00\",\"dateModified\":\"2025-07-23T09:16:58+00:00\",\"description\":\"Knyga \u201eLaisv\u0117 basomis\u201c \u2013 tai smagia saviironija tryk\u0161tantis nuo\u0161irdus pasakojimas, kaip i\u0161vykusi \u012f Australij\u0105 laim\u0117s ie\u0161koti autor\u0117 atrado jog\u0105 ir kitomis akimis pa\u017evelg\u0117 \u012f gyvenim\u0105. Ne, tai n\u0117ra jogos prad\u017eiamokslis ar poz\u0173 katalogas, grei\u010diau \u2013 d\u017eiazas jogos tema: nuo pirm\u0173 \u017eod\u017ei\u0173 \u012ftraukian\u010dios es\u0117 apie santykius su aplinka ir savimi, gyvenimo pilnatv\u0119 ir lengva ranka dalijamus laim\u0117s receptus. Desertas \u2013 paguodos ir d\u017eiaugsmo suteikian\u010di\u0173 asan\u0173 rinktin\u0117. Jog\u0105 \u012f Vakarus atve\u017eusi\u0173 bitl\u0173 dain\u0173 \u017eod\u017eiais puo\u0161ta ir pasaulio i\u0161minties perlais pabarstyta knyga \u201eLaisv\u0117 basomis\u201c skirta visiems, kurie trok\u0161ta suprasti, ko nori, ir gyventi, kaip nori.\",\"breadcrumb\":{\"@id\":\"https:\/\/skaitytaknyga.lt\/produktas\/eva-tombak-laisve-basomis\/#breadcrumb\"},\"inLanguage\":\"en-GB\",\"potentialAction\":[{\"@type\":\"ReadAction\",\"target\":[\"https:\/\/skaitytaknyga.lt\/produktas\/eva-tombak-laisve-basomis\/\"]}]},{\"@type\":\"ImageObject\",\"inLanguage\":\"en-GB\",\"@id\":\"https:\/\/skaitytaknyga.lt\/produktas\/eva-tombak-laisve-basomis\/#primaryimage\",\"url\":\"https:\/\/skaitytaknyga.lt\/wp-content\/uploads\/2024\/04\/1462886466_cdblaisve-basomisz1.png\",\"contentUrl\":\"https:\/\/skaitytaknyga.lt\/wp-content\/uploads\/2024\/04\/1462886466_cdblaisve-basomisz1.png\",\"width\":302,\"height\":430,\"caption\":\"1462886466 cdblaisve basomisz1\"},{\"@type\":\"BreadcrumbList\",\"@id\":\"https:\/\/skaitytaknyga.lt\/produktas\/eva-tombak-laisve-basomis\/#breadcrumb\",\"itemListElement\":[{\"@type\":\"ListItem\",\"position\":1,\"name\":\"Home\",\"item\":\"https:\/\/skaitytaknyga.lt\/\"},{\"@type\":\"ListItem\",\"position\":2,\"name\":\"Parduotuv\u0117\",\"item\":\"https:\/\/skaitytaknyga.lt\/knygu-parduotuve\/\"},{\"@type\":\"ListItem\",\"position\":3,\"name\":\"Eva Tombak \u201eLaisv\u0117 basomis\u201c\"}]},{\"@type\":\"WebSite\",\"@id\":\"https:\/\/skaitytaknyga.lt\/#website\",\"url\":\"https:\/\/skaitytaknyga.lt\/\",\"name\":\"skaitytaknyga.lt\",\"description\":\"Skaitytaknyga.lt \u2013 tai ma\u017eas \u0161eimos verslas, kuris prasid\u0117jo nuo meil\u0117s knygoms ir siekio i\u0161gelb\u0117ti knygas nuo likimo prie konteinerio. Kas vienam nereikalingas daiktas \u2013 kitam lobis, o mes esame tarpininkai, kurie padeda abiems tapti laimingesniems ???? \u017dinome kaip nelengva i\u0161gyventi ma\u017eiems verslams, tad nuo \u0161iol, \u010dia rasite ir kit\u0173, ma\u017e\u0173 \u0161eim\u0173 versl\u0173, rank\u0173 darbo, dovan\u0173 sau ir artimiesiems.\",\"publisher\":{\"@id\":\"https:\/\/skaitytaknyga.lt\/#organization\"},\"potentialAction\":[{\"@type\":\"SearchAction\",\"target\":{\"@type\":\"EntryPoint\",\"urlTemplate\":\"https:\/\/skaitytaknyga.lt\/?s={search_term_string}\"},\"query-input\":{\"@type\":\"PropertyValueSpecification\",\"valueRequired\":true,\"valueName\":\"search_term_string\"}}],\"inLanguage\":\"en-GB\"},{\"@type\":\"Organization\",\"@id\":\"https:\/\/skaitytaknyga.lt\/#organization\",\"name\":\"skaitytaknyga.lt\",\"url\":\"https:\/\/skaitytaknyga.lt\/\",\"logo\":{\"@type\":\"ImageObject\",\"inLanguage\":\"en-GB\",\"@id\":\"https:\/\/skaitytaknyga.lt\/#\/schema\/logo\/image\/\",\"url\":\"https:\/\/skaitytaknyga.lt\/wp-content\/uploads\/2024\/05\/cropped-cropped-cropped-02_00843_jt3bggkj1j3HLc7SyY6rEUpg.jpeg\",\"contentUrl\":\"https:\/\/skaitytaknyga.lt\/wp-content\/uploads\/2024\/05\/cropped-cropped-cropped-02_00843_jt3bggkj1j3HLc7SyY6rEUpg.jpeg\",\"width\":1600,\"height\":1600,\"caption\":\"skaitytaknyga.lt\"},\"image\":{\"@id\":\"https:\/\/skaitytaknyga.lt\/#\/schema\/logo\/image\/\"},\"sameAs\":[\"https:\/\/www.facebook.com\/skaitytaknyga\/\"]}]}<\/script>\n<!-- \/ Yoast SEO plugin. -->","yoast_head_json":{"title":"Eva Tombak \u201eLaisv\u0117 basomis\u201c - Skaitytaknyga","description":"Knyga \u201eLaisv\u0117 basomis\u201c \u2013 tai smagia saviironija tryk\u0161tantis nuo\u0161irdus pasakojimas, kaip i\u0161vykusi \u012f Australij\u0105 laim\u0117s ie\u0161koti autor\u0117 atrado jog\u0105 ir kitomis akimis pa\u017evelg\u0117 \u012f gyvenim\u0105.  Ne, tai n\u0117ra jogos prad\u017eiamokslis ar poz\u0173 katalogas, grei\u010diau \u2013 d\u017eiazas jogos tema: nuo pirm\u0173 \u017eod\u017ei\u0173 \u012ftraukian\u010dios es\u0117 apie santykius su aplinka ir savimi, gyvenimo pilnatv\u0119 ir lengva ranka dalijamus laim\u0117s receptus.  Desertas \u2013 paguodos ir d\u017eiaugsmo suteikian\u010di\u0173 asan\u0173 rinktin\u0117.  Jog\u0105 \u012f Vakarus atve\u017eusi\u0173 bitl\u0173 dain\u0173 \u017eod\u017eiais puo\u0161ta ir pasaulio i\u0161minties perlais pabarstyta knyga \u201eLaisv\u0117 basomis\u201c skirta visiems, kurie trok\u0161ta suprasti, ko nori, ir gyventi, kaip nori.","robots":{"index":"index","follow":"follow","max-snippet":"max-snippet:-1","max-image-preview":"max-image-preview:large","max-video-preview":"max-video-preview:-1"},"canonical":"https:\/\/skaitytaknyga.lt\/en\/produktas\/eva-tombak-laisve-basomis\/","og_locale":"en_GB","og_type":"article","og_title":"Eva Tombak \u201eLaisv\u0117 basomis\u201c - Skaitytaknyga","og_description":"Knyga \u201eLaisv\u0117 basomis\u201c \u2013 tai smagia saviironija tryk\u0161tantis nuo\u0161irdus pasakojimas, kaip i\u0161vykusi \u012f Australij\u0105 laim\u0117s ie\u0161koti autor\u0117 atrado jog\u0105 ir kitomis akimis pa\u017evelg\u0117 \u012f gyvenim\u0105.  Ne, tai n\u0117ra jogos prad\u017eiamokslis ar poz\u0173 katalogas, grei\u010diau \u2013 d\u017eiazas jogos tema: nuo pirm\u0173 \u017eod\u017ei\u0173 \u012ftraukian\u010dios es\u0117 apie santykius su aplinka ir savimi, gyvenimo pilnatv\u0119 ir lengva ranka dalijamus laim\u0117s receptus.  Desertas \u2013 paguodos ir d\u017eiaugsmo suteikian\u010di\u0173 asan\u0173 rinktin\u0117.  Jog\u0105 \u012f Vakarus atve\u017eusi\u0173 bitl\u0173 dain\u0173 \u017eod\u017eiais puo\u0161ta ir pasaulio i\u0161minties perlais pabarstyta knyga \u201eLaisv\u0117 basomis\u201c skirta visiems, kurie trok\u0161ta suprasti, ko nori, ir gyventi, kaip nori.","og_url":"https:\/\/skaitytaknyga.lt\/en\/produktas\/eva-tombak-laisve-basomis\/","og_site_name":"Skaitytaknyga","article_publisher":"https:\/\/www.facebook.com\/skaitytaknyga\/","article_modified_time":"2025-07-23T09:16:58+00:00","og_image":[{"width":302,"height":430,"url":"https:\/\/skaitytaknyga.lt\/wp-content\/uploads\/2024\/04\/1462886466_cdblaisve-basomisz1.png","type":"image\/png"}],"twitter_card":"summary_large_image","twitter_misc":{"Estimated reading time":"1 minute"},"schema":{"@context":"https:\/\/schema.org","@graph":[{"@type":"WebPage","@id":"https:\/\/skaitytaknyga.lt\/produktas\/eva-tombak-laisve-basomis\/","url":"https:\/\/skaitytaknyga.lt\/produktas\/eva-tombak-laisve-basomis\/","name":"Eva Tombak \u201eLaisv\u0117 basomis\u201c - Skaitytaknyga","isPartOf":{"@id":"https:\/\/skaitytaknyga.lt\/#website"},"primaryImageOfPage":{"@id":"https:\/\/skaitytaknyga.lt\/produktas\/eva-tombak-laisve-basomis\/#primaryimage"},"image":{"@id":"https:\/\/skaitytaknyga.lt\/produktas\/eva-tombak-laisve-basomis\/#primaryimage"},"thumbnailUrl":"https:\/\/skaitytaknyga.lt\/wp-content\/uploads\/2024\/04\/1462886466_cdblaisve-basomisz1.png","datePublished":"2024-04-17T13:45:19+00:00","dateModified":"2025-07-23T09:16:58+00:00","description":"Knyga \u201eLaisv\u0117 basomis\u201c \u2013 tai smagia saviironija tryk\u0161tantis nuo\u0161irdus pasakojimas, kaip i\u0161vykusi \u012f Australij\u0105 laim\u0117s ie\u0161koti autor\u0117 atrado jog\u0105 ir kitomis akimis pa\u017evelg\u0117 \u012f gyvenim\u0105. Ne, tai n\u0117ra jogos prad\u017eiamokslis ar poz\u0173 katalogas, grei\u010diau \u2013 d\u017eiazas jogos tema: nuo pirm\u0173 \u017eod\u017ei\u0173 \u012ftraukian\u010dios es\u0117 apie santykius su aplinka ir savimi, gyvenimo pilnatv\u0119 ir lengva ranka dalijamus laim\u0117s receptus. Desertas \u2013 paguodos ir d\u017eiaugsmo suteikian\u010di\u0173 asan\u0173 rinktin\u0117. Jog\u0105 \u012f Vakarus atve\u017eusi\u0173 bitl\u0173 dain\u0173 \u017eod\u017eiais puo\u0161ta ir pasaulio i\u0161minties perlais pabarstyta knyga \u201eLaisv\u0117 basomis\u201c skirta visiems, kurie trok\u0161ta suprasti, ko nori, ir gyventi, kaip nori.","breadcrumb":{"@id":"https:\/\/skaitytaknyga.lt\/produktas\/eva-tombak-laisve-basomis\/#breadcrumb"},"inLanguage":"en-GB","potentialAction":[{"@type":"ReadAction","target":["https:\/\/skaitytaknyga.lt\/produktas\/eva-tombak-laisve-basomis\/"]}]},{"@type":"ImageObject","inLanguage":"en-GB","@id":"https:\/\/skaitytaknyga.lt\/produktas\/eva-tombak-laisve-basomis\/#primaryimage","url":"https:\/\/skaitytaknyga.lt\/wp-content\/uploads\/2024\/04\/1462886466_cdblaisve-basomisz1.png","contentUrl":"https:\/\/skaitytaknyga.lt\/wp-content\/uploads\/2024\/04\/1462886466_cdblaisve-basomisz1.png","width":302,"height":430,"caption":"1462886466 cdblaisve basomisz1"},{"@type":"BreadcrumbList","@id":"https:\/\/skaitytaknyga.lt\/produktas\/eva-tombak-laisve-basomis\/#breadcrumb","itemListElement":[{"@type":"ListItem","position":1,"name":"Home","item":"https:\/\/skaitytaknyga.lt\/"},{"@type":"ListItem","position":2,"name":"Parduotuv\u0117","item":"https:\/\/skaitytaknyga.lt\/knygu-parduotuve\/"},{"@type":"ListItem","position":3,"name":"Eva Tombak \u201eLaisv\u0117 basomis\u201c"}]},{"@type":"WebSite","@id":"https:\/\/skaitytaknyga.lt\/#website","url":"https:\/\/skaitytaknyga.lt\/","name":"skaitytaknyga.lt","description":"Skaitytaknyga.lt \u2013 tai ma\u017eas \u0161eimos verslas, kuris prasid\u0117jo nuo meil\u0117s knygoms ir siekio i\u0161gelb\u0117ti knygas nuo likimo prie konteinerio. Kas vienam nereikalingas daiktas \u2013 kitam lobis, o mes esame tarpininkai, kurie padeda abiems tapti laimingesniems ???? \u017dinome kaip nelengva i\u0161gyventi ma\u017eiems verslams, tad nuo \u0161iol, \u010dia rasite ir kit\u0173, ma\u017e\u0173 \u0161eim\u0173 versl\u0173, rank\u0173 darbo, dovan\u0173 sau ir artimiesiems.","publisher":{"@id":"https:\/\/skaitytaknyga.lt\/#organization"},"potentialAction":[{"@type":"SearchAction","target":{"@type":"EntryPoint","urlTemplate":"https:\/\/skaitytaknyga.lt\/?s={search_term_string}"},"query-input":{"@type":"PropertyValueSpecification","valueRequired":true,"valueName":"search_term_string"}}],"inLanguage":"en-GB"},{"@type":"Organization","@id":"https:\/\/skaitytaknyga.lt\/#organization","name":"skaitytaknyga.lt","url":"https:\/\/skaitytaknyga.lt\/","logo":{"@type":"ImageObject","inLanguage":"en-GB","@id":"https:\/\/skaitytaknyga.lt\/#\/schema\/logo\/image\/","url":"https:\/\/skaitytaknyga.lt\/wp-content\/uploads\/2024\/05\/cropped-cropped-cropped-02_00843_jt3bggkj1j3HLc7SyY6rEUpg.jpeg","contentUrl":"https:\/\/skaitytaknyga.lt\/wp-content\/uploads\/2024\/05\/cropped-cropped-cropped-02_00843_jt3bggkj1j3HLc7SyY6rEUpg.jpeg","width":1600,"height":1600,"caption":"skaitytaknyga.lt"},"image":{"@id":"https:\/\/skaitytaknyga.lt\/#\/schema\/logo\/image\/"},"sameAs":["https:\/\/www.facebook.com\/skaitytaknyga\/"]}]}},"_links":{"self":[{"href":"https:\/\/skaitytaknyga.lt\/en\/wp-json\/wp\/v2\/product\/4226","targetHints":{"allow":["GET"]}}],"collection":[{"href":"https:\/\/skaitytaknyga.lt\/en\/wp-json\/wp\/v2\/product"}],"about":[{"href":"https:\/\/skaitytaknyga.lt\/en\/wp-json\/wp\/v2\/types\/product"}],"replies":[{"embeddable":true,"href":"https:\/\/skaitytaknyga.lt\/en\/wp-json\/wp\/v2\/comments?post=4226"}],"wp:featuredmedia":[{"embeddable":true,"href":"https:\/\/skaitytaknyga.lt\/en\/wp-json\/wp\/v2\/media\/4252"}],"wp:attachment":[{"href":"https:\/\/skaitytaknyga.lt\/en\/wp-json\/wp\/v2\/media?parent=4226"}],"wp:term":[{"taxonomy":"product_brand","embeddable":true,"href":"https:\/\/skaitytaknyga.lt\/en\/wp-json\/wp\/v2\/product_brand?post=4226"},{"taxonomy":"product_cat","embeddable":true,"href":"https:\/\/skaitytaknyga.lt\/en\/wp-json\/wp\/v2\/product_cat?post=4226"},{"taxonomy":"product_tag","embeddable":true,"href":"https:\/\/skaitytaknyga.lt\/en\/wp-json\/wp\/v2\/product_tag?post=4226"}],"curies":[{"name":"wp","href":"https:\/\/api.w.org\/{rel}","templated":true}]}}