{"id":4225,"date":"2024-04-17T13:45:19","date_gmt":"2024-04-17T13:45:19","guid":{"rendered":"https:\/\/skaitytaknyga.lt\/?post_type=product&#038;p=4225"},"modified":"2025-11-23T13:27:54","modified_gmt":"2025-11-23T11:27:54","slug":"__trashed-80","status":"publish","type":"product","link":"https:\/\/skaitytaknyga.lt\/en\/produktas\/__trashed-80\/","title":{"rendered":"N. Hillo \u201eGalvok ir b\u016bk turtingas\u201c (pagelt\u0119 lapai)"},"content":{"rendered":"<p>Pirm\u0105 kart\u0105 Lietuvoje leid\u017eiama motyvacin\u0117s literat\u016bros klasika tapusi Napoleono Hillo knyga &#8220;Galvok ir b\u016bk turtingas! Ypatingas veiksm\u0173 planas&#8221;. \u0160i knyga jau pakeit\u0117 milijon\u0173 \u017emoni\u0173 gyvenimus ir padar\u0117 \u0161iandienos lyderi\u0173 pasiekimus prieinamus visiems. Dabar ji beld\u017eiasi ir \u012f J\u016bs\u0173 \u0161irdis, si\u016blydama atverti did\u017ei\u0105j\u0105 paslapt\u012f ir sukaupti turtus.<\/p>\n<p>Tai turt\u0117jimo filosofijos prad\u017eiamokslis, jo autorius suformulavo ir i\u0161d\u0117st\u0117 13 pagrindini\u0173 turt\u0117jimo princip\u0173: tro\u0161kim\u0105, tik\u0117jim\u0105, savitaig\u0105, \u017einias, vaizduot\u0119, atkaklum\u0105 ir t.t., ir apib\u016bdino 6 pagrindines baimes, kurios trukdo \u017emogui pasiekti norim\u0105 tiksl\u0105. H. Fordas, T. Ruzveltas, D. Rokfeleris, pasaulio turtuoli\u0173 s\u0105ra\u0161\u0105 galite papildyti ir J\u016bs. \u0160i knyga &#8211; J\u016bs\u0173 pasisekimo raktas.<\/p>\n<p>Atpildas u\u017e rakto naudojim\u0105 &#8211; pasitenkinimo jausmas, patiriamas vis\u0173, kurie \u012fveik\u0117 savo tr\u016bkumus ir privert\u0117 gyvenim\u0105 atlyginti u\u017e nuopelnus.<\/p>\n","protected":false},"excerpt":{"rendered":"<p>Pagelt\u0119 lapai<\/p>\n<p>Pirm\u0105 kart\u0105 Lietuvoje leid\u017eiama motyvacin\u0117s literat\u016bros klasika tapusi Napoleono Hillo knyga &#8220;Galvok ir b\u016bk turtingas! Ypatingas veiksm\u0173 planas&#8221;. \u0160i knyga jau pakeit\u0117 milijon\u0173 \u017emoni\u0173 gyvenimus ir padar\u0117 \u0161iandienos lyderi\u0173 pasiekimus prieinamus visiems. Dabar ji beld\u017eiasi ir \u012f J\u016bs\u0173 \u0161irdis, si\u016blydama atverti did\u017ei\u0105j\u0105 paslapt\u012f ir sukaupti turtus.<\/p>\n<p>Tai turt\u0117jimo filosofijos prad\u017eiamokslis, jo autorius suformulavo ir i\u0161d\u0117st\u0117 13 pagrindini\u0173 turt\u0117jimo princip\u0173: tro\u0161kim\u0105, tik\u0117jim\u0105, savitaig\u0105, \u017einias, vaizduot\u0119, atkaklum\u0105 ir t.t., ir apib\u016bdino 6 pagrindines baimes, kurios trukdo \u017emogui pasiekti norim\u0105 tiksl\u0105. H. Fordas, T. Ruzveltas, D. Rokfeleris, pasaulio turtuoli\u0173 s\u0105ra\u0161\u0105 galite papildyti ir J\u016bs. \u0160i knyga &#8211; J\u016bs\u0173 pasisekimo raktas.<\/p>\n<p>Atpildas u\u017e rakto naudojim\u0105 &#8211; pasitenkinimo jausmas, patiriamas vis\u0173, kurie \u012fveik\u0117 savo tr\u016bkumus ir privert\u0117 gyvenim\u0105 atlyginti u\u017e nuopelnus.<\/p>\n","protected":false},"featured_media":4251,"comment_status":"closed","ping_status":"closed","template":"","meta":{"_acf_changed":false,"site-sidebar-layout":"default","site-content-layout":"","ast-site-content-layout":"default","site-content-style":"default","site-sidebar-style":"default","ast-global-header-display":"","ast-banner-title-visibility":"","ast-main-header-display":"","ast-hfb-above-header-display":"","ast-hfb-below-header-display":"","ast-hfb-mobile-header-display":"","site-post-title":"","ast-breadcrumbs-content":"","ast-featured-img":"","footer-sml-layout":"","ast-disable-related-posts":"","theme-transparent-header-meta":"","adv-header-id-meta":"","stick-header-meta":"","header-above-stick-meta":"","header-main-stick-meta":"","header-below-stick-meta":"","astra-migrate-meta-layouts":"default","ast-page-background-enabled":"default","ast-page-background-meta":{"desktop":{"background-color":"","background-image":"","background-repeat":"repeat","background-position":"center center","background-size":"auto","background-attachment":"scroll","background-type":"","background-media":"","overlay-type":"","overlay-color":"","overlay-opacity":"","overlay-gradient":""},"tablet":{"background-color":"","background-image":"","background-repeat":"repeat","background-position":"center center","background-size":"auto","background-attachment":"scroll","background-type":"","background-media":"","overlay-type":"","overlay-color":"","overlay-opacity":"","overlay-gradient":""},"mobile":{"background-color":"","background-image":"","background-repeat":"repeat","background-position":"center center","background-size":"auto","background-attachment":"scroll","background-type":"","background-media":"","overlay-type":"","overlay-color":"","overlay-opacity":"","overlay-gradient":""}},"ast-content-background-meta":{"desktop":{"background-color":"var(--ast-global-color-4)","background-image":"","background-repeat":"repeat","background-position":"center center","background-size":"auto","background-attachment":"scroll","background-type":"","background-media":"","overlay-type":"","overlay-color":"","overlay-opacity":"","overlay-gradient":""},"tablet":{"background-color":"var(--ast-global-color-4)","background-image":"","background-repeat":"repeat","background-position":"center center","background-size":"auto","background-attachment":"scroll","background-type":"","background-media":"","overlay-type":"","overlay-color":"","overlay-opacity":"","overlay-gradient":""},"mobile":{"background-color":"var(--ast-global-color-4)","background-image":"","background-repeat":"repeat","background-position":"center center","background-size":"auto","background-attachment":"scroll","background-type":"","background-media":"","overlay-type":"","overlay-color":"","overlay-opacity":"","overlay-gradient":""}}},"product_brand":[],"product_cat":[26],"product_tag":[],"class_list":{"0":"post-4225","1":"product","2":"type-product","3":"status-publish","4":"has-post-thumbnail","6":"product_cat-verslas-vadyba-ir-finansai","7":"desktop-align-left","8":"tablet-align-left","9":"mobile-align-left","11":"first","12":"instock","13":"shipping-taxable","14":"purchasable","15":"product-type-simple"},"acf":[],"yoast_head":"<!-- This site is optimized with the Yoast SEO plugin v27.0 - https:\/\/yoast.com\/product\/yoast-seo-wordpress\/ -->\n<title>N. Hillo \u201eGalvok ir b\u016bk turtingas\u201c (pagelt\u0119 lapai)<\/title>\n<meta name=\"description\" content=\"Pagelt\u0119 lapai  Pirm\u0105 kart\u0105 Lietuvoje leid\u017eiama motyvacin\u0117s literat\u016bros klasika tapusi Napoleono Hillo knyga &quot;Galvok ir b\u016bk turtingas! Ypatingas veiksm\u0173 planas&quot;. \u0160i knyga jau pakeit\u0117 milijon\u0173 \u017emoni\u0173 gyvenimus ir padar\u0117 \u0161iandienos lyderi\u0173 pasiekimus prieinamus visiems. Dabar ji beld\u017eiasi ir \u012f J\u016bs\u0173 \u0161irdis, si\u016blydama atverti did\u017ei\u0105j\u0105 paslapt\u012f ir sukaupti turtus.  Tai turt\u0117jimo filosofijos prad\u017eiamokslis, jo autorius suformulavo ir i\u0161d\u0117st\u0117 13 pagrindini\u0173 turt\u0117jimo princip\u0173: tro\u0161kim\u0105, tik\u0117jim\u0105, savitaig\u0105, \u017einias, vaizduot\u0119, atkaklum\u0105 ir t.t., ir apib\u016bdino 6 pagrindines baimes, kurios trukdo \u017emogui pasiekti norim\u0105 tiksl\u0105. H. Fordas, T. Ruzveltas, D. Rokfeleris, pasaulio turtuoli\u0173 s\u0105ra\u0161\u0105 galite papildyti ir J\u016bs. \u0160i knyga - J\u016bs\u0173 pasisekimo raktas.  Atpildas u\u017e rakto naudojim\u0105 - pasitenkinimo jausmas, patiriamas vis\u0173, kurie \u012fveik\u0117 savo tr\u016bkumus ir privert\u0117 gyvenim\u0105 atlyginti u\u017e nuopelnus.\" \/>\n<meta name=\"robots\" content=\"index, follow, max-snippet:-1, max-image-preview:large, max-video-preview:-1\" \/>\n<link rel=\"canonical\" href=\"https:\/\/skaitytaknyga.lt\/en\/produktas\/__trashed-80\/\" \/>\n<meta property=\"og:locale\" content=\"en_GB\" \/>\n<meta property=\"og:locale:alternate\" content=\"lt_LT\" \/>\n<meta property=\"og:type\" content=\"article\" \/>\n<meta property=\"og:title\" content=\"N. Hillo \u201eGalvok ir b\u016bk turtingas\u201c (pagelt\u0119 lapai)\" \/>\n<meta property=\"og:description\" content=\"Pagelt\u0119 lapai  Pirm\u0105 kart\u0105 Lietuvoje leid\u017eiama motyvacin\u0117s literat\u016bros klasika tapusi Napoleono Hillo knyga &quot;Galvok ir b\u016bk turtingas! Ypatingas veiksm\u0173 planas&quot;. \u0160i knyga jau pakeit\u0117 milijon\u0173 \u017emoni\u0173 gyvenimus ir padar\u0117 \u0161iandienos lyderi\u0173 pasiekimus prieinamus visiems. Dabar ji beld\u017eiasi ir \u012f J\u016bs\u0173 \u0161irdis, si\u016blydama atverti did\u017ei\u0105j\u0105 paslapt\u012f ir sukaupti turtus.  Tai turt\u0117jimo filosofijos prad\u017eiamokslis, jo autorius suformulavo ir i\u0161d\u0117st\u0117 13 pagrindini\u0173 turt\u0117jimo princip\u0173: tro\u0161kim\u0105, tik\u0117jim\u0105, savitaig\u0105, \u017einias, vaizduot\u0119, atkaklum\u0105 ir t.t., ir apib\u016bdino 6 pagrindines baimes, kurios trukdo \u017emogui pasiekti norim\u0105 tiksl\u0105. H. Fordas, T. Ruzveltas, D. Rokfeleris, pasaulio turtuoli\u0173 s\u0105ra\u0161\u0105 galite papildyti ir J\u016bs. \u0160i knyga - J\u016bs\u0173 pasisekimo raktas.  Atpildas u\u017e rakto naudojim\u0105 - pasitenkinimo jausmas, patiriamas vis\u0173, kurie \u012fveik\u0117 savo tr\u016bkumus ir privert\u0117 gyvenim\u0105 atlyginti u\u017e nuopelnus.\" \/>\n<meta property=\"og:url\" content=\"https:\/\/skaitytaknyga.lt\/en\/produktas\/__trashed-80\/\" \/>\n<meta property=\"og:site_name\" content=\"Skaitytaknyga\" \/>\n<meta property=\"article:publisher\" content=\"https:\/\/www.facebook.com\/skaitytaknyga\/\" \/>\n<meta property=\"article:modified_time\" content=\"2025-11-23T11:27:54+00:00\" \/>\n<meta property=\"og:image\" content=\"https:\/\/skaitytaknyga.lt\/wp-content\/uploads\/2024\/04\/1462884947_img0029-001.jpg\" \/>\n\t<meta property=\"og:image:width\" content=\"297\" \/>\n\t<meta property=\"og:image:height\" content=\"430\" \/>\n\t<meta property=\"og:image:type\" content=\"image\/jpeg\" \/>\n<meta name=\"twitter:card\" content=\"summary_large_image\" \/>\n<meta name=\"twitter:label1\" content=\"Estimated reading time\" \/>\n\t<meta name=\"twitter:data1\" content=\"1 minute\" \/>\n<script type=\"application\/ld+json\" class=\"yoast-schema-graph\">{\"@context\":\"https:\/\/schema.org\",\"@graph\":[{\"@type\":\"WebPage\",\"@id\":\"https:\/\/skaitytaknyga.lt\/produktas\/__trashed-80\/\",\"url\":\"https:\/\/skaitytaknyga.lt\/produktas\/__trashed-80\/\",\"name\":\"N. Hillo \u201eGalvok ir b\u016bk turtingas\u201c (pagelt\u0119 lapai)\",\"isPartOf\":{\"@id\":\"https:\/\/skaitytaknyga.lt\/#website\"},\"primaryImageOfPage\":{\"@id\":\"https:\/\/skaitytaknyga.lt\/produktas\/__trashed-80\/#primaryimage\"},\"image\":{\"@id\":\"https:\/\/skaitytaknyga.lt\/produktas\/__trashed-80\/#primaryimage\"},\"thumbnailUrl\":\"https:\/\/skaitytaknyga.lt\/wp-content\/uploads\/2024\/04\/1462884947_img0029-001.jpg\",\"datePublished\":\"2024-04-17T13:45:19+00:00\",\"dateModified\":\"2025-11-23T11:27:54+00:00\",\"description\":\"Pagelt\u0119 lapai Pirm\u0105 kart\u0105 Lietuvoje leid\u017eiama motyvacin\u0117s literat\u016bros klasika tapusi Napoleono Hillo knyga \\\"Galvok ir b\u016bk turtingas! Ypatingas veiksm\u0173 planas\\\". \u0160i knyga jau pakeit\u0117 milijon\u0173 \u017emoni\u0173 gyvenimus ir padar\u0117 \u0161iandienos lyderi\u0173 pasiekimus prieinamus visiems. Dabar ji beld\u017eiasi ir \u012f J\u016bs\u0173 \u0161irdis, si\u016blydama atverti did\u017ei\u0105j\u0105 paslapt\u012f ir sukaupti turtus. Tai turt\u0117jimo filosofijos prad\u017eiamokslis, jo autorius suformulavo ir i\u0161d\u0117st\u0117 13 pagrindini\u0173 turt\u0117jimo princip\u0173: tro\u0161kim\u0105, tik\u0117jim\u0105, savitaig\u0105, \u017einias, vaizduot\u0119, atkaklum\u0105 ir t.t., ir apib\u016bdino 6 pagrindines baimes, kurios trukdo \u017emogui pasiekti norim\u0105 tiksl\u0105. H. Fordas, T. Ruzveltas, D. Rokfeleris, pasaulio turtuoli\u0173 s\u0105ra\u0161\u0105 galite papildyti ir J\u016bs. \u0160i knyga - J\u016bs\u0173 pasisekimo raktas. Atpildas u\u017e rakto naudojim\u0105 - pasitenkinimo jausmas, patiriamas vis\u0173, kurie \u012fveik\u0117 savo tr\u016bkumus ir privert\u0117 gyvenim\u0105 atlyginti u\u017e nuopelnus.\",\"breadcrumb\":{\"@id\":\"https:\/\/skaitytaknyga.lt\/produktas\/__trashed-80\/#breadcrumb\"},\"inLanguage\":\"en-GB\",\"potentialAction\":[{\"@type\":\"ReadAction\",\"target\":[\"https:\/\/skaitytaknyga.lt\/produktas\/__trashed-80\/\"]}]},{\"@type\":\"ImageObject\",\"inLanguage\":\"en-GB\",\"@id\":\"https:\/\/skaitytaknyga.lt\/produktas\/__trashed-80\/#primaryimage\",\"url\":\"https:\/\/skaitytaknyga.lt\/wp-content\/uploads\/2024\/04\/1462884947_img0029-001.jpg\",\"contentUrl\":\"https:\/\/skaitytaknyga.lt\/wp-content\/uploads\/2024\/04\/1462884947_img0029-001.jpg\",\"width\":297,\"height\":430},{\"@type\":\"BreadcrumbList\",\"@id\":\"https:\/\/skaitytaknyga.lt\/produktas\/__trashed-80\/#breadcrumb\",\"itemListElement\":[{\"@type\":\"ListItem\",\"position\":1,\"name\":\"Home\",\"item\":\"https:\/\/skaitytaknyga.lt\/\"},{\"@type\":\"ListItem\",\"position\":2,\"name\":\"Parduotuv\u0117\",\"item\":\"https:\/\/skaitytaknyga.lt\/knygu-parduotuve\/\"},{\"@type\":\"ListItem\",\"position\":3,\"name\":\"N. Hillo \u201eGalvok ir b\u016bk turtingas\u201c (pagelt\u0119 lapai)\"}]},{\"@type\":\"WebSite\",\"@id\":\"https:\/\/skaitytaknyga.lt\/#website\",\"url\":\"https:\/\/skaitytaknyga.lt\/\",\"name\":\"skaitytaknyga.lt\",\"description\":\"Skaitytaknyga.lt \u2013 tai ma\u017eas \u0161eimos verslas, kuris prasid\u0117jo nuo meil\u0117s knygoms ir siekio i\u0161gelb\u0117ti knygas nuo likimo prie konteinerio. Kas vienam nereikalingas daiktas \u2013 kitam lobis, o mes esame tarpininkai, kurie padeda abiems tapti laimingesniems ???? \u017dinome kaip nelengva i\u0161gyventi ma\u017eiems verslams, tad nuo \u0161iol, \u010dia rasite ir kit\u0173, ma\u017e\u0173 \u0161eim\u0173 versl\u0173, rank\u0173 darbo, dovan\u0173 sau ir artimiesiems.\",\"publisher\":{\"@id\":\"https:\/\/skaitytaknyga.lt\/#organization\"},\"potentialAction\":[{\"@type\":\"SearchAction\",\"target\":{\"@type\":\"EntryPoint\",\"urlTemplate\":\"https:\/\/skaitytaknyga.lt\/?s={search_term_string}\"},\"query-input\":{\"@type\":\"PropertyValueSpecification\",\"valueRequired\":true,\"valueName\":\"search_term_string\"}}],\"inLanguage\":\"en-GB\"},{\"@type\":\"Organization\",\"@id\":\"https:\/\/skaitytaknyga.lt\/#organization\",\"name\":\"skaitytaknyga.lt\",\"url\":\"https:\/\/skaitytaknyga.lt\/\",\"logo\":{\"@type\":\"ImageObject\",\"inLanguage\":\"en-GB\",\"@id\":\"https:\/\/skaitytaknyga.lt\/#\/schema\/logo\/image\/\",\"url\":\"https:\/\/skaitytaknyga.lt\/wp-content\/uploads\/2024\/05\/cropped-cropped-cropped-02_00843_jt3bggkj1j3HLc7SyY6rEUpg.jpeg\",\"contentUrl\":\"https:\/\/skaitytaknyga.lt\/wp-content\/uploads\/2024\/05\/cropped-cropped-cropped-02_00843_jt3bggkj1j3HLc7SyY6rEUpg.jpeg\",\"width\":1600,\"height\":1600,\"caption\":\"skaitytaknyga.lt\"},\"image\":{\"@id\":\"https:\/\/skaitytaknyga.lt\/#\/schema\/logo\/image\/\"},\"sameAs\":[\"https:\/\/www.facebook.com\/skaitytaknyga\/\"]}]}<\/script>\n<!-- \/ Yoast SEO plugin. -->","yoast_head_json":{"title":"N. Hillo \u201eGalvok ir b\u016bk turtingas\u201c (pagelt\u0119 lapai)","description":"Pagelt\u0119 lapai  Pirm\u0105 kart\u0105 Lietuvoje leid\u017eiama motyvacin\u0117s literat\u016bros klasika tapusi Napoleono Hillo knyga \"Galvok ir b\u016bk turtingas! Ypatingas veiksm\u0173 planas\". \u0160i knyga jau pakeit\u0117 milijon\u0173 \u017emoni\u0173 gyvenimus ir padar\u0117 \u0161iandienos lyderi\u0173 pasiekimus prieinamus visiems. Dabar ji beld\u017eiasi ir \u012f J\u016bs\u0173 \u0161irdis, si\u016blydama atverti did\u017ei\u0105j\u0105 paslapt\u012f ir sukaupti turtus.  Tai turt\u0117jimo filosofijos prad\u017eiamokslis, jo autorius suformulavo ir i\u0161d\u0117st\u0117 13 pagrindini\u0173 turt\u0117jimo princip\u0173: tro\u0161kim\u0105, tik\u0117jim\u0105, savitaig\u0105, \u017einias, vaizduot\u0119, atkaklum\u0105 ir t.t., ir apib\u016bdino 6 pagrindines baimes, kurios trukdo \u017emogui pasiekti norim\u0105 tiksl\u0105. H. Fordas, T. Ruzveltas, D. Rokfeleris, pasaulio turtuoli\u0173 s\u0105ra\u0161\u0105 galite papildyti ir J\u016bs. \u0160i knyga - J\u016bs\u0173 pasisekimo raktas.  Atpildas u\u017e rakto naudojim\u0105 - pasitenkinimo jausmas, patiriamas vis\u0173, kurie \u012fveik\u0117 savo tr\u016bkumus ir privert\u0117 gyvenim\u0105 atlyginti u\u017e nuopelnus.","robots":{"index":"index","follow":"follow","max-snippet":"max-snippet:-1","max-image-preview":"max-image-preview:large","max-video-preview":"max-video-preview:-1"},"canonical":"https:\/\/skaitytaknyga.lt\/en\/produktas\/__trashed-80\/","og_locale":"en_GB","og_type":"article","og_title":"[:lt]N. Hillo \u201eGalvok ir b\u016bk turtingas\u201c (pagelt\u0119 lapai)[:] - Skaitytaknyga","og_description":"Pagelt\u0119 lapai  Pirm\u0105 kart\u0105 Lietuvoje leid\u017eiama motyvacin\u0117s literat\u016bros klasika tapusi Napoleono Hillo knyga \"Galvok ir b\u016bk turtingas! Ypatingas veiksm\u0173 planas\". \u0160i knyga jau pakeit\u0117 milijon\u0173 \u017emoni\u0173 gyvenimus ir padar\u0117 \u0161iandienos lyderi\u0173 pasiekimus prieinamus visiems. Dabar ji beld\u017eiasi ir \u012f J\u016bs\u0173 \u0161irdis, si\u016blydama atverti did\u017ei\u0105j\u0105 paslapt\u012f ir sukaupti turtus.  Tai turt\u0117jimo filosofijos prad\u017eiamokslis, jo autorius suformulavo ir i\u0161d\u0117st\u0117 13 pagrindini\u0173 turt\u0117jimo princip\u0173: tro\u0161kim\u0105, tik\u0117jim\u0105, savitaig\u0105, \u017einias, vaizduot\u0119, atkaklum\u0105 ir t.t., ir apib\u016bdino 6 pagrindines baimes, kurios trukdo \u017emogui pasiekti norim\u0105 tiksl\u0105. H. Fordas, T. Ruzveltas, D. Rokfeleris, pasaulio turtuoli\u0173 s\u0105ra\u0161\u0105 galite papildyti ir J\u016bs. \u0160i knyga - J\u016bs\u0173 pasisekimo raktas.  Atpildas u\u017e rakto naudojim\u0105 - pasitenkinimo jausmas, patiriamas vis\u0173, kurie \u012fveik\u0117 savo tr\u016bkumus ir privert\u0117 gyvenim\u0105 atlyginti u\u017e nuopelnus.","og_url":"https:\/\/skaitytaknyga.lt\/en\/produktas\/__trashed-80\/","og_site_name":"Skaitytaknyga","article_publisher":"https:\/\/www.facebook.com\/skaitytaknyga\/","article_modified_time":"2025-11-23T11:27:54+00:00","og_image":[{"width":297,"height":430,"url":"https:\/\/skaitytaknyga.lt\/wp-content\/uploads\/2024\/04\/1462884947_img0029-001.jpg","type":"image\/jpeg"}],"twitter_card":"summary_large_image","twitter_misc":{"Estimated reading time":"1 minute"},"schema":{"@context":"https:\/\/schema.org","@graph":[{"@type":"WebPage","@id":"https:\/\/skaitytaknyga.lt\/produktas\/__trashed-80\/","url":"https:\/\/skaitytaknyga.lt\/produktas\/__trashed-80\/","name":"N. Hillo \u201eGalvok ir b\u016bk turtingas\u201c (pagelt\u0119 lapai)","isPartOf":{"@id":"https:\/\/skaitytaknyga.lt\/#website"},"primaryImageOfPage":{"@id":"https:\/\/skaitytaknyga.lt\/produktas\/__trashed-80\/#primaryimage"},"image":{"@id":"https:\/\/skaitytaknyga.lt\/produktas\/__trashed-80\/#primaryimage"},"thumbnailUrl":"https:\/\/skaitytaknyga.lt\/wp-content\/uploads\/2024\/04\/1462884947_img0029-001.jpg","datePublished":"2024-04-17T13:45:19+00:00","dateModified":"2025-11-23T11:27:54+00:00","description":"Pagelt\u0119 lapai Pirm\u0105 kart\u0105 Lietuvoje leid\u017eiama motyvacin\u0117s literat\u016bros klasika tapusi Napoleono Hillo knyga \"Galvok ir b\u016bk turtingas! Ypatingas veiksm\u0173 planas\". \u0160i knyga jau pakeit\u0117 milijon\u0173 \u017emoni\u0173 gyvenimus ir padar\u0117 \u0161iandienos lyderi\u0173 pasiekimus prieinamus visiems. Dabar ji beld\u017eiasi ir \u012f J\u016bs\u0173 \u0161irdis, si\u016blydama atverti did\u017ei\u0105j\u0105 paslapt\u012f ir sukaupti turtus. Tai turt\u0117jimo filosofijos prad\u017eiamokslis, jo autorius suformulavo ir i\u0161d\u0117st\u0117 13 pagrindini\u0173 turt\u0117jimo princip\u0173: tro\u0161kim\u0105, tik\u0117jim\u0105, savitaig\u0105, \u017einias, vaizduot\u0119, atkaklum\u0105 ir t.t., ir apib\u016bdino 6 pagrindines baimes, kurios trukdo \u017emogui pasiekti norim\u0105 tiksl\u0105. H. Fordas, T. Ruzveltas, D. Rokfeleris, pasaulio turtuoli\u0173 s\u0105ra\u0161\u0105 galite papildyti ir J\u016bs. \u0160i knyga - J\u016bs\u0173 pasisekimo raktas. Atpildas u\u017e rakto naudojim\u0105 - pasitenkinimo jausmas, patiriamas vis\u0173, kurie \u012fveik\u0117 savo tr\u016bkumus ir privert\u0117 gyvenim\u0105 atlyginti u\u017e nuopelnus.","breadcrumb":{"@id":"https:\/\/skaitytaknyga.lt\/produktas\/__trashed-80\/#breadcrumb"},"inLanguage":"en-GB","potentialAction":[{"@type":"ReadAction","target":["https:\/\/skaitytaknyga.lt\/produktas\/__trashed-80\/"]}]},{"@type":"ImageObject","inLanguage":"en-GB","@id":"https:\/\/skaitytaknyga.lt\/produktas\/__trashed-80\/#primaryimage","url":"https:\/\/skaitytaknyga.lt\/wp-content\/uploads\/2024\/04\/1462884947_img0029-001.jpg","contentUrl":"https:\/\/skaitytaknyga.lt\/wp-content\/uploads\/2024\/04\/1462884947_img0029-001.jpg","width":297,"height":430},{"@type":"BreadcrumbList","@id":"https:\/\/skaitytaknyga.lt\/produktas\/__trashed-80\/#breadcrumb","itemListElement":[{"@type":"ListItem","position":1,"name":"Home","item":"https:\/\/skaitytaknyga.lt\/"},{"@type":"ListItem","position":2,"name":"Parduotuv\u0117","item":"https:\/\/skaitytaknyga.lt\/knygu-parduotuve\/"},{"@type":"ListItem","position":3,"name":"N. Hillo \u201eGalvok ir b\u016bk turtingas\u201c (pagelt\u0119 lapai)"}]},{"@type":"WebSite","@id":"https:\/\/skaitytaknyga.lt\/#website","url":"https:\/\/skaitytaknyga.lt\/","name":"skaitytaknyga.lt","description":"Skaitytaknyga.lt \u2013 tai ma\u017eas \u0161eimos verslas, kuris prasid\u0117jo nuo meil\u0117s knygoms ir siekio i\u0161gelb\u0117ti knygas nuo likimo prie konteinerio. Kas vienam nereikalingas daiktas \u2013 kitam lobis, o mes esame tarpininkai, kurie padeda abiems tapti laimingesniems ???? \u017dinome kaip nelengva i\u0161gyventi ma\u017eiems verslams, tad nuo \u0161iol, \u010dia rasite ir kit\u0173, ma\u017e\u0173 \u0161eim\u0173 versl\u0173, rank\u0173 darbo, dovan\u0173 sau ir artimiesiems.","publisher":{"@id":"https:\/\/skaitytaknyga.lt\/#organization"},"potentialAction":[{"@type":"SearchAction","target":{"@type":"EntryPoint","urlTemplate":"https:\/\/skaitytaknyga.lt\/?s={search_term_string}"},"query-input":{"@type":"PropertyValueSpecification","valueRequired":true,"valueName":"search_term_string"}}],"inLanguage":"en-GB"},{"@type":"Organization","@id":"https:\/\/skaitytaknyga.lt\/#organization","name":"skaitytaknyga.lt","url":"https:\/\/skaitytaknyga.lt\/","logo":{"@type":"ImageObject","inLanguage":"en-GB","@id":"https:\/\/skaitytaknyga.lt\/#\/schema\/logo\/image\/","url":"https:\/\/skaitytaknyga.lt\/wp-content\/uploads\/2024\/05\/cropped-cropped-cropped-02_00843_jt3bggkj1j3HLc7SyY6rEUpg.jpeg","contentUrl":"https:\/\/skaitytaknyga.lt\/wp-content\/uploads\/2024\/05\/cropped-cropped-cropped-02_00843_jt3bggkj1j3HLc7SyY6rEUpg.jpeg","width":1600,"height":1600,"caption":"skaitytaknyga.lt"},"image":{"@id":"https:\/\/skaitytaknyga.lt\/#\/schema\/logo\/image\/"},"sameAs":["https:\/\/www.facebook.com\/skaitytaknyga\/"]}]}},"_links":{"self":[{"href":"https:\/\/skaitytaknyga.lt\/en\/wp-json\/wp\/v2\/product\/4225","targetHints":{"allow":["GET"]}}],"collection":[{"href":"https:\/\/skaitytaknyga.lt\/en\/wp-json\/wp\/v2\/product"}],"about":[{"href":"https:\/\/skaitytaknyga.lt\/en\/wp-json\/wp\/v2\/types\/product"}],"replies":[{"embeddable":true,"href":"https:\/\/skaitytaknyga.lt\/en\/wp-json\/wp\/v2\/comments?post=4225"}],"wp:featuredmedia":[{"embeddable":true,"href":"https:\/\/skaitytaknyga.lt\/en\/wp-json\/wp\/v2\/media\/4251"}],"wp:attachment":[{"href":"https:\/\/skaitytaknyga.lt\/en\/wp-json\/wp\/v2\/media?parent=4225"}],"wp:term":[{"taxonomy":"product_brand","embeddable":true,"href":"https:\/\/skaitytaknyga.lt\/en\/wp-json\/wp\/v2\/product_brand?post=4225"},{"taxonomy":"product_cat","embeddable":true,"href":"https:\/\/skaitytaknyga.lt\/en\/wp-json\/wp\/v2\/product_cat?post=4225"},{"taxonomy":"product_tag","embeddable":true,"href":"https:\/\/skaitytaknyga.lt\/en\/wp-json\/wp\/v2\/product_tag?post=4225"}],"curies":[{"name":"wp","href":"https:\/\/api.w.org\/{rel}","templated":true}]}}