{"id":4217,"date":"2024-04-17T13:45:19","date_gmt":"2024-04-17T13:45:19","guid":{"rendered":"https:\/\/skaitytaknyga.lt\/?post_type=product&#038;p=4217"},"modified":"2024-05-03T07:23:49","modified_gmt":"2024-05-03T07:23:49","slug":"ruta-mataityte-gunda","status":"publish","type":"product","link":"https:\/\/skaitytaknyga.lt\/en\/produktas\/ruta-mataityte-gunda\/","title":{"rendered":"R\u016bta Mataityt\u0117 \u201eGunda\u201c"},"content":{"rendered":"<p>\u201eGunda\u201c \u2013 tre\u010diasis R\u016btos Mataityt\u0117s romanas (pirmieji \u2013 \u201eSvajon\u0117 apie snieg\u0105\u201c, 2013; \u201eLai\u0161kai\u201c, 2013).<\/p>\n<p>Romano pagrindin\u0117 veik\u0117ja Gunda trumpam i\u0161vyksta \u012f Osl\u0105 vien\u0105 semestr\u0105 studijuoti norveg\u0173 kalbos, ta\u010diau viskas susiklosto taip, kad lieka svetur kur kas ilgiau. Knygoje \u201eGunda\u201c pasakojama apie did\u017eiules permainas merginos gyvenime \u2013 per neilg\u0105 laiko tarp\u0105 visi\u0161kai pasikei\u010dia jos gyvenimo aplinkyb\u0117s, supantys \u017emon\u0117s, d\u0117l to kei\u010diasi ir br\u0119sta ji pati.<\/p>\n<p>\u201eGunda\u201c \u2013 tai istorija apie klaid\u017eiojimus, nerim\u0105, nam\u0173 ilges\u012f, pa\u017einim\u0105, tik\u0117jim\u0105 ir meil\u0119, apie bandym\u0105 \u012fsikibti \u012f naujas galimybes, pritapti svetimame kra\u0161te.<\/p>\n<p>Romanas pateikia ir daugyb\u0119 kit\u0173 istorij\u0173, kurias Gunda, kaip vert\u0117ja, patiria studijuodama ir dirbdama, \u2013 tai susitikimai su kaltinamaisiais teisme, su \u012fkalintaisiais, su vaikus praradusiais t\u0117vais, su \u017euvusi\u0173j\u0173 artimaisiais, j\u0173 advokatais, policija. \u0160ios svetimos istorijos, regis, u\u017epildo Gundos kasdienyb\u0119 nepalikdamos erdv\u0117s asmeniniam gyvenimui. Ji ken\u010dia, abejoja, bla\u0161kosi. Kyla klausimas, kiek gali atlaikyti \u017emogus, kiek sutalpins merginos \u0161irdis? Ir kuri istorija vis d\u0117lto svarbesn\u0117 \u2013 sava ar svetima?<\/p>\n","protected":false},"excerpt":{"rendered":"<p>\u201eGunda\u201c \u2013 tre\u010diasis R\u016btos Mataityt\u0117s romanas (pirmieji \u2013 \u201eSvajon\u0117 apie snieg\u0105\u201c, 2013; \u201eLai\u0161kai\u201c, 2013).<\/p>\n<p>Romano pagrindin\u0117 veik\u0117ja Gunda trumpam i\u0161vyksta \u012f Osl\u0105 vien\u0105 semestr\u0105 studijuoti norveg\u0173 kalbos, ta\u010diau viskas susiklosto taip, kad lieka svetur kur kas ilgiau. Knygoje \u201eGunda\u201c pasakojama apie did\u017eiules permainas merginos gyvenime \u2013 per neilg\u0105 laiko tarp\u0105 visi\u0161kai pasikei\u010dia jos gyvenimo aplinkyb\u0117s, supantys \u017emon\u0117s, d\u0117l to kei\u010diasi ir br\u0119sta ji pati.<\/p>\n<p>\u201eGunda\u201c \u2013 tai istorija apie klaid\u017eiojimus, nerim\u0105, nam\u0173 ilges\u012f, pa\u017einim\u0105, tik\u0117jim\u0105 ir meil\u0119, apie bandym\u0105 \u012fsikibti \u012f naujas galimybes, pritapti svetimame kra\u0161te.<\/p>\n<p>Romanas pateikia ir daugyb\u0119 kit\u0173 istorij\u0173, kurias Gunda, kaip vert\u0117ja, patiria studijuodama ir dirbdama, \u2013 tai susitikimai su kaltinamaisiais teisme, su \u012fkalintaisiais, su vaikus praradusiais t\u0117vais, su \u017euvusi\u0173j\u0173 artimaisiais, j\u0173 advokatais, policija. \u0160ios svetimos istorijos, regis, u\u017epildo Gundos kasdienyb\u0119 nepalikdamos erdv\u0117s asmeniniam gyvenimui. Ji ken\u010dia, abejoja, bla\u0161kosi. Kyla klausimas, kiek gali atlaikyti \u017emogus, kiek sutalpins merginos \u0161irdis? Ir kuri istorija vis d\u0117lto svarbesn\u0117 \u2013 sava ar svetima?<\/p>\n","protected":false},"featured_media":4243,"comment_status":"closed","ping_status":"closed","template":"","meta":{"_acf_changed":false,"site-sidebar-layout":"default","site-content-layout":"","ast-site-content-layout":"default","site-content-style":"default","site-sidebar-style":"default","ast-global-header-display":"","ast-banner-title-visibility":"","ast-main-header-display":"","ast-hfb-above-header-display":"","ast-hfb-below-header-display":"","ast-hfb-mobile-header-display":"","site-post-title":"","ast-breadcrumbs-content":"","ast-featured-img":"","footer-sml-layout":"","ast-disable-related-posts":"","theme-transparent-header-meta":"","adv-header-id-meta":"","stick-header-meta":"","header-above-stick-meta":"","header-main-stick-meta":"","header-below-stick-meta":"","astra-migrate-meta-layouts":"default","ast-page-background-enabled":"default","ast-page-background-meta":{"desktop":{"background-color":"","background-image":"","background-repeat":"repeat","background-position":"center center","background-size":"auto","background-attachment":"scroll","background-type":"","background-media":"","overlay-type":"","overlay-color":"","overlay-opacity":"","overlay-gradient":""},"tablet":{"background-color":"","background-image":"","background-repeat":"repeat","background-position":"center center","background-size":"auto","background-attachment":"scroll","background-type":"","background-media":"","overlay-type":"","overlay-color":"","overlay-opacity":"","overlay-gradient":""},"mobile":{"background-color":"","background-image":"","background-repeat":"repeat","background-position":"center center","background-size":"auto","background-attachment":"scroll","background-type":"","background-media":"","overlay-type":"","overlay-color":"","overlay-opacity":"","overlay-gradient":""}},"ast-content-background-meta":{"desktop":{"background-color":"var(--ast-global-color-4)","background-image":"","background-repeat":"repeat","background-position":"center center","background-size":"auto","background-attachment":"scroll","background-type":"","background-media":"","overlay-type":"","overlay-color":"","overlay-opacity":"","overlay-gradient":""},"tablet":{"background-color":"var(--ast-global-color-4)","background-image":"","background-repeat":"repeat","background-position":"center center","background-size":"auto","background-attachment":"scroll","background-type":"","background-media":"","overlay-type":"","overlay-color":"","overlay-opacity":"","overlay-gradient":""},"mobile":{"background-color":"var(--ast-global-color-4)","background-image":"","background-repeat":"repeat","background-position":"center center","background-size":"auto","background-attachment":"scroll","background-type":"","background-media":"","overlay-type":"","overlay-color":"","overlay-opacity":"","overlay-gradient":""}}},"product_brand":[],"product_cat":[31],"product_tag":[],"class_list":{"0":"post-4217","1":"product","2":"type-product","3":"status-publish","4":"has-post-thumbnail","6":"product_cat-grozine-literatura","7":"desktop-align-left","8":"tablet-align-left","9":"mobile-align-left","11":"first","12":"instock","13":"shipping-taxable","14":"purchasable","15":"product-type-simple"},"acf":[],"yoast_head":"<!-- This site is optimized with the Yoast SEO plugin v27.0 - https:\/\/yoast.com\/product\/yoast-seo-wordpress\/ -->\n<title>R\u016bta Mataityt\u0117 \u201eGunda\u201c - Skaitytaknyga<\/title>\n<meta name=\"description\" content=\"\u201eGunda\u201c \u2013 tre\u010diasis R\u016btos Mataityt\u0117s romanas (pirmieji \u2013 \u201eSvajon\u0117 apie snieg\u0105\u201c, 2013; \u201eLai\u0161kai\u201c, 2013).  Romano pagrindin\u0117 veik\u0117ja Gunda trumpam i\u0161vyksta \u012f Osl\u0105 vien\u0105 semestr\u0105 studijuoti norveg\u0173 kalbos, ta\u010diau viskas susiklosto taip, kad lieka svetur kur kas ilgiau. Knygoje \u201eGunda\u201c pasakojama apie did\u017eiules permainas merginos gyvenime \u2013 per neilg\u0105 laiko tarp\u0105 visi\u0161kai pasikei\u010dia jos gyvenimo aplinkyb\u0117s, supantys \u017emon\u0117s, d\u0117l to kei\u010diasi ir br\u0119sta ji pati.  \u201eGunda\u201c \u2013 tai istorija apie klaid\u017eiojimus, nerim\u0105, nam\u0173 ilges\u012f, pa\u017einim\u0105, tik\u0117jim\u0105 ir meil\u0119, apie bandym\u0105 \u012fsikibti \u012f naujas galimybes, pritapti svetimame kra\u0161te.  Romanas pateikia ir daugyb\u0119 kit\u0173 istorij\u0173, kurias Gunda, kaip vert\u0117ja, patiria studijuodama ir dirbdama, \u2013 tai susitikimai su kaltinamaisiais teisme, su \u012fkalintaisiais, su vaikus praradusiais t\u0117vais, su \u017euvusi\u0173j\u0173 artimaisiais, j\u0173 advokatais, policija. \u0160ios svetimos istorijos, regis, u\u017epildo Gundos kasdienyb\u0119 nepalikdamos erdv\u0117s asmeniniam gyvenimui. Ji ken\u010dia, abejoja, bla\u0161kosi. Kyla klausimas, kiek gali atlaikyti \u017emogus, kiek sutalpins merginos \u0161irdis? Ir kuri istorija vis d\u0117lto svarbesn\u0117 \u2013 sava ar svetima?\" \/>\n<meta name=\"robots\" content=\"index, follow, max-snippet:-1, max-image-preview:large, max-video-preview:-1\" \/>\n<link rel=\"canonical\" href=\"https:\/\/skaitytaknyga.lt\/en\/produktas\/ruta-mataityte-gunda\/\" \/>\n<meta property=\"og:locale\" content=\"en_GB\" \/>\n<meta property=\"og:locale:alternate\" content=\"lt_LT\" \/>\n<meta property=\"og:type\" content=\"article\" \/>\n<meta property=\"og:title\" content=\"R\u016bta Mataityt\u0117 \u201eGunda\u201c - Skaitytaknyga\" \/>\n<meta property=\"og:description\" content=\"\u201eGunda\u201c \u2013 tre\u010diasis R\u016btos Mataityt\u0117s romanas (pirmieji \u2013 \u201eSvajon\u0117 apie snieg\u0105\u201c, 2013; \u201eLai\u0161kai\u201c, 2013).  Romano pagrindin\u0117 veik\u0117ja Gunda trumpam i\u0161vyksta \u012f Osl\u0105 vien\u0105 semestr\u0105 studijuoti norveg\u0173 kalbos, ta\u010diau viskas susiklosto taip, kad lieka svetur kur kas ilgiau. Knygoje \u201eGunda\u201c pasakojama apie did\u017eiules permainas merginos gyvenime \u2013 per neilg\u0105 laiko tarp\u0105 visi\u0161kai pasikei\u010dia jos gyvenimo aplinkyb\u0117s, supantys \u017emon\u0117s, d\u0117l to kei\u010diasi ir br\u0119sta ji pati.  \u201eGunda\u201c \u2013 tai istorija apie klaid\u017eiojimus, nerim\u0105, nam\u0173 ilges\u012f, pa\u017einim\u0105, tik\u0117jim\u0105 ir meil\u0119, apie bandym\u0105 \u012fsikibti \u012f naujas galimybes, pritapti svetimame kra\u0161te.  Romanas pateikia ir daugyb\u0119 kit\u0173 istorij\u0173, kurias Gunda, kaip vert\u0117ja, patiria studijuodama ir dirbdama, \u2013 tai susitikimai su kaltinamaisiais teisme, su \u012fkalintaisiais, su vaikus praradusiais t\u0117vais, su \u017euvusi\u0173j\u0173 artimaisiais, j\u0173 advokatais, policija. \u0160ios svetimos istorijos, regis, u\u017epildo Gundos kasdienyb\u0119 nepalikdamos erdv\u0117s asmeniniam gyvenimui. Ji ken\u010dia, abejoja, bla\u0161kosi. Kyla klausimas, kiek gali atlaikyti \u017emogus, kiek sutalpins merginos \u0161irdis? Ir kuri istorija vis d\u0117lto svarbesn\u0117 \u2013 sava ar svetima?\" \/>\n<meta property=\"og:url\" content=\"https:\/\/skaitytaknyga.lt\/en\/produktas\/ruta-mataityte-gunda\/\" \/>\n<meta property=\"og:site_name\" content=\"Skaitytaknyga\" \/>\n<meta property=\"article:publisher\" content=\"https:\/\/www.facebook.com\/skaitytaknyga\/\" \/>\n<meta property=\"article:modified_time\" content=\"2024-05-03T07:23:49+00:00\" \/>\n<meta property=\"og:image\" content=\"https:\/\/skaitytaknyga.lt\/wp-content\/uploads\/2024\/04\/1462886286_9786094660764gunda.jpg\" \/>\n\t<meta property=\"og:image:width\" content=\"290\" \/>\n\t<meta property=\"og:image:height\" content=\"430\" \/>\n\t<meta property=\"og:image:type\" content=\"image\/jpeg\" \/>\n<meta name=\"twitter:card\" content=\"summary_large_image\" \/>\n<meta name=\"twitter:label1\" content=\"Estimated reading time\" \/>\n\t<meta name=\"twitter:data1\" content=\"1 minute\" \/>\n<script type=\"application\/ld+json\" class=\"yoast-schema-graph\">{\"@context\":\"https:\/\/schema.org\",\"@graph\":[{\"@type\":\"WebPage\",\"@id\":\"https:\/\/skaitytaknyga.lt\/produktas\/ruta-mataityte-gunda\/\",\"url\":\"https:\/\/skaitytaknyga.lt\/produktas\/ruta-mataityte-gunda\/\",\"name\":\"R\u016bta Mataityt\u0117 \u201eGunda\u201c - Skaitytaknyga\",\"isPartOf\":{\"@id\":\"https:\/\/skaitytaknyga.lt\/#website\"},\"primaryImageOfPage\":{\"@id\":\"https:\/\/skaitytaknyga.lt\/produktas\/ruta-mataityte-gunda\/#primaryimage\"},\"image\":{\"@id\":\"https:\/\/skaitytaknyga.lt\/produktas\/ruta-mataityte-gunda\/#primaryimage\"},\"thumbnailUrl\":\"https:\/\/skaitytaknyga.lt\/wp-content\/uploads\/2024\/04\/1462886286_9786094660764gunda.jpg\",\"datePublished\":\"2024-04-17T13:45:19+00:00\",\"dateModified\":\"2024-05-03T07:23:49+00:00\",\"description\":\"\u201eGunda\u201c \u2013 tre\u010diasis R\u016btos Mataityt\u0117s romanas (pirmieji \u2013 \u201eSvajon\u0117 apie snieg\u0105\u201c, 2013; \u201eLai\u0161kai\u201c, 2013). Romano pagrindin\u0117 veik\u0117ja Gunda trumpam i\u0161vyksta \u012f Osl\u0105 vien\u0105 semestr\u0105 studijuoti norveg\u0173 kalbos, ta\u010diau viskas susiklosto taip, kad lieka svetur kur kas ilgiau. Knygoje \u201eGunda\u201c pasakojama apie did\u017eiules permainas merginos gyvenime \u2013 per neilg\u0105 laiko tarp\u0105 visi\u0161kai pasikei\u010dia jos gyvenimo aplinkyb\u0117s, supantys \u017emon\u0117s, d\u0117l to kei\u010diasi ir br\u0119sta ji pati. \u201eGunda\u201c \u2013 tai istorija apie klaid\u017eiojimus, nerim\u0105, nam\u0173 ilges\u012f, pa\u017einim\u0105, tik\u0117jim\u0105 ir meil\u0119, apie bandym\u0105 \u012fsikibti \u012f naujas galimybes, pritapti svetimame kra\u0161te. Romanas pateikia ir daugyb\u0119 kit\u0173 istorij\u0173, kurias Gunda, kaip vert\u0117ja, patiria studijuodama ir dirbdama, \u2013 tai susitikimai su kaltinamaisiais teisme, su \u012fkalintaisiais, su vaikus praradusiais t\u0117vais, su \u017euvusi\u0173j\u0173 artimaisiais, j\u0173 advokatais, policija. \u0160ios svetimos istorijos, regis, u\u017epildo Gundos kasdienyb\u0119 nepalikdamos erdv\u0117s asmeniniam gyvenimui. Ji ken\u010dia, abejoja, bla\u0161kosi. Kyla klausimas, kiek gali atlaikyti \u017emogus, kiek sutalpins merginos \u0161irdis? Ir kuri istorija vis d\u0117lto svarbesn\u0117 \u2013 sava ar svetima?\",\"breadcrumb\":{\"@id\":\"https:\/\/skaitytaknyga.lt\/produktas\/ruta-mataityte-gunda\/#breadcrumb\"},\"inLanguage\":\"en-GB\",\"potentialAction\":[{\"@type\":\"ReadAction\",\"target\":[\"https:\/\/skaitytaknyga.lt\/produktas\/ruta-mataityte-gunda\/\"]}]},{\"@type\":\"ImageObject\",\"inLanguage\":\"en-GB\",\"@id\":\"https:\/\/skaitytaknyga.lt\/produktas\/ruta-mataityte-gunda\/#primaryimage\",\"url\":\"https:\/\/skaitytaknyga.lt\/wp-content\/uploads\/2024\/04\/1462886286_9786094660764gunda.jpg\",\"contentUrl\":\"https:\/\/skaitytaknyga.lt\/wp-content\/uploads\/2024\/04\/1462886286_9786094660764gunda.jpg\",\"width\":290,\"height\":430,\"caption\":\"1462886286 9786094660764gunda\"},{\"@type\":\"BreadcrumbList\",\"@id\":\"https:\/\/skaitytaknyga.lt\/produktas\/ruta-mataityte-gunda\/#breadcrumb\",\"itemListElement\":[{\"@type\":\"ListItem\",\"position\":1,\"name\":\"Home\",\"item\":\"https:\/\/skaitytaknyga.lt\/\"},{\"@type\":\"ListItem\",\"position\":2,\"name\":\"Parduotuv\u0117\",\"item\":\"https:\/\/skaitytaknyga.lt\/knygu-parduotuve\/\"},{\"@type\":\"ListItem\",\"position\":3,\"name\":\"R\u016bta Mataityt\u0117 \u201eGunda\u201c\"}]},{\"@type\":\"WebSite\",\"@id\":\"https:\/\/skaitytaknyga.lt\/#website\",\"url\":\"https:\/\/skaitytaknyga.lt\/\",\"name\":\"skaitytaknyga.lt\",\"description\":\"Skaitytaknyga.lt \u2013 tai ma\u017eas \u0161eimos verslas, kuris prasid\u0117jo nuo meil\u0117s knygoms ir siekio i\u0161gelb\u0117ti knygas nuo likimo prie konteinerio. Kas vienam nereikalingas daiktas \u2013 kitam lobis, o mes esame tarpininkai, kurie padeda abiems tapti laimingesniems ???? \u017dinome kaip nelengva i\u0161gyventi ma\u017eiems verslams, tad nuo \u0161iol, \u010dia rasite ir kit\u0173, ma\u017e\u0173 \u0161eim\u0173 versl\u0173, rank\u0173 darbo, dovan\u0173 sau ir artimiesiems.\",\"publisher\":{\"@id\":\"https:\/\/skaitytaknyga.lt\/#organization\"},\"potentialAction\":[{\"@type\":\"SearchAction\",\"target\":{\"@type\":\"EntryPoint\",\"urlTemplate\":\"https:\/\/skaitytaknyga.lt\/?s={search_term_string}\"},\"query-input\":{\"@type\":\"PropertyValueSpecification\",\"valueRequired\":true,\"valueName\":\"search_term_string\"}}],\"inLanguage\":\"en-GB\"},{\"@type\":\"Organization\",\"@id\":\"https:\/\/skaitytaknyga.lt\/#organization\",\"name\":\"skaitytaknyga.lt\",\"url\":\"https:\/\/skaitytaknyga.lt\/\",\"logo\":{\"@type\":\"ImageObject\",\"inLanguage\":\"en-GB\",\"@id\":\"https:\/\/skaitytaknyga.lt\/#\/schema\/logo\/image\/\",\"url\":\"https:\/\/skaitytaknyga.lt\/wp-content\/uploads\/2024\/05\/cropped-cropped-cropped-02_00843_jt3bggkj1j3HLc7SyY6rEUpg.jpeg\",\"contentUrl\":\"https:\/\/skaitytaknyga.lt\/wp-content\/uploads\/2024\/05\/cropped-cropped-cropped-02_00843_jt3bggkj1j3HLc7SyY6rEUpg.jpeg\",\"width\":1600,\"height\":1600,\"caption\":\"skaitytaknyga.lt\"},\"image\":{\"@id\":\"https:\/\/skaitytaknyga.lt\/#\/schema\/logo\/image\/\"},\"sameAs\":[\"https:\/\/www.facebook.com\/skaitytaknyga\/\"]}]}<\/script>\n<!-- \/ Yoast SEO plugin. -->","yoast_head_json":{"title":"R\u016bta Mataityt\u0117 \u201eGunda\u201c - Skaitytaknyga","description":"\u201eGunda\u201c \u2013 tre\u010diasis R\u016btos Mataityt\u0117s romanas (pirmieji \u2013 \u201eSvajon\u0117 apie snieg\u0105\u201c, 2013; \u201eLai\u0161kai\u201c, 2013).  Romano pagrindin\u0117 veik\u0117ja Gunda trumpam i\u0161vyksta \u012f Osl\u0105 vien\u0105 semestr\u0105 studijuoti norveg\u0173 kalbos, ta\u010diau viskas susiklosto taip, kad lieka svetur kur kas ilgiau. Knygoje \u201eGunda\u201c pasakojama apie did\u017eiules permainas merginos gyvenime \u2013 per neilg\u0105 laiko tarp\u0105 visi\u0161kai pasikei\u010dia jos gyvenimo aplinkyb\u0117s, supantys \u017emon\u0117s, d\u0117l to kei\u010diasi ir br\u0119sta ji pati.  \u201eGunda\u201c \u2013 tai istorija apie klaid\u017eiojimus, nerim\u0105, nam\u0173 ilges\u012f, pa\u017einim\u0105, tik\u0117jim\u0105 ir meil\u0119, apie bandym\u0105 \u012fsikibti \u012f naujas galimybes, pritapti svetimame kra\u0161te.  Romanas pateikia ir daugyb\u0119 kit\u0173 istorij\u0173, kurias Gunda, kaip vert\u0117ja, patiria studijuodama ir dirbdama, \u2013 tai susitikimai su kaltinamaisiais teisme, su \u012fkalintaisiais, su vaikus praradusiais t\u0117vais, su \u017euvusi\u0173j\u0173 artimaisiais, j\u0173 advokatais, policija. \u0160ios svetimos istorijos, regis, u\u017epildo Gundos kasdienyb\u0119 nepalikdamos erdv\u0117s asmeniniam gyvenimui. Ji ken\u010dia, abejoja, bla\u0161kosi. Kyla klausimas, kiek gali atlaikyti \u017emogus, kiek sutalpins merginos \u0161irdis? Ir kuri istorija vis d\u0117lto svarbesn\u0117 \u2013 sava ar svetima?","robots":{"index":"index","follow":"follow","max-snippet":"max-snippet:-1","max-image-preview":"max-image-preview:large","max-video-preview":"max-video-preview:-1"},"canonical":"https:\/\/skaitytaknyga.lt\/en\/produktas\/ruta-mataityte-gunda\/","og_locale":"en_GB","og_type":"article","og_title":"R\u016bta Mataityt\u0117 \u201eGunda\u201c - Skaitytaknyga","og_description":"\u201eGunda\u201c \u2013 tre\u010diasis R\u016btos Mataityt\u0117s romanas (pirmieji \u2013 \u201eSvajon\u0117 apie snieg\u0105\u201c, 2013; \u201eLai\u0161kai\u201c, 2013).  Romano pagrindin\u0117 veik\u0117ja Gunda trumpam i\u0161vyksta \u012f Osl\u0105 vien\u0105 semestr\u0105 studijuoti norveg\u0173 kalbos, ta\u010diau viskas susiklosto taip, kad lieka svetur kur kas ilgiau. Knygoje \u201eGunda\u201c pasakojama apie did\u017eiules permainas merginos gyvenime \u2013 per neilg\u0105 laiko tarp\u0105 visi\u0161kai pasikei\u010dia jos gyvenimo aplinkyb\u0117s, supantys \u017emon\u0117s, d\u0117l to kei\u010diasi ir br\u0119sta ji pati.  \u201eGunda\u201c \u2013 tai istorija apie klaid\u017eiojimus, nerim\u0105, nam\u0173 ilges\u012f, pa\u017einim\u0105, tik\u0117jim\u0105 ir meil\u0119, apie bandym\u0105 \u012fsikibti \u012f naujas galimybes, pritapti svetimame kra\u0161te.  Romanas pateikia ir daugyb\u0119 kit\u0173 istorij\u0173, kurias Gunda, kaip vert\u0117ja, patiria studijuodama ir dirbdama, \u2013 tai susitikimai su kaltinamaisiais teisme, su \u012fkalintaisiais, su vaikus praradusiais t\u0117vais, su \u017euvusi\u0173j\u0173 artimaisiais, j\u0173 advokatais, policija. \u0160ios svetimos istorijos, regis, u\u017epildo Gundos kasdienyb\u0119 nepalikdamos erdv\u0117s asmeniniam gyvenimui. Ji ken\u010dia, abejoja, bla\u0161kosi. Kyla klausimas, kiek gali atlaikyti \u017emogus, kiek sutalpins merginos \u0161irdis? Ir kuri istorija vis d\u0117lto svarbesn\u0117 \u2013 sava ar svetima?","og_url":"https:\/\/skaitytaknyga.lt\/en\/produktas\/ruta-mataityte-gunda\/","og_site_name":"Skaitytaknyga","article_publisher":"https:\/\/www.facebook.com\/skaitytaknyga\/","article_modified_time":"2024-05-03T07:23:49+00:00","og_image":[{"width":290,"height":430,"url":"https:\/\/skaitytaknyga.lt\/wp-content\/uploads\/2024\/04\/1462886286_9786094660764gunda.jpg","type":"image\/jpeg"}],"twitter_card":"summary_large_image","twitter_misc":{"Estimated reading time":"1 minute"},"schema":{"@context":"https:\/\/schema.org","@graph":[{"@type":"WebPage","@id":"https:\/\/skaitytaknyga.lt\/produktas\/ruta-mataityte-gunda\/","url":"https:\/\/skaitytaknyga.lt\/produktas\/ruta-mataityte-gunda\/","name":"R\u016bta Mataityt\u0117 \u201eGunda\u201c - Skaitytaknyga","isPartOf":{"@id":"https:\/\/skaitytaknyga.lt\/#website"},"primaryImageOfPage":{"@id":"https:\/\/skaitytaknyga.lt\/produktas\/ruta-mataityte-gunda\/#primaryimage"},"image":{"@id":"https:\/\/skaitytaknyga.lt\/produktas\/ruta-mataityte-gunda\/#primaryimage"},"thumbnailUrl":"https:\/\/skaitytaknyga.lt\/wp-content\/uploads\/2024\/04\/1462886286_9786094660764gunda.jpg","datePublished":"2024-04-17T13:45:19+00:00","dateModified":"2024-05-03T07:23:49+00:00","description":"\u201eGunda\u201c \u2013 tre\u010diasis R\u016btos Mataityt\u0117s romanas (pirmieji \u2013 \u201eSvajon\u0117 apie snieg\u0105\u201c, 2013; \u201eLai\u0161kai\u201c, 2013). Romano pagrindin\u0117 veik\u0117ja Gunda trumpam i\u0161vyksta \u012f Osl\u0105 vien\u0105 semestr\u0105 studijuoti norveg\u0173 kalbos, ta\u010diau viskas susiklosto taip, kad lieka svetur kur kas ilgiau. Knygoje \u201eGunda\u201c pasakojama apie did\u017eiules permainas merginos gyvenime \u2013 per neilg\u0105 laiko tarp\u0105 visi\u0161kai pasikei\u010dia jos gyvenimo aplinkyb\u0117s, supantys \u017emon\u0117s, d\u0117l to kei\u010diasi ir br\u0119sta ji pati. \u201eGunda\u201c \u2013 tai istorija apie klaid\u017eiojimus, nerim\u0105, nam\u0173 ilges\u012f, pa\u017einim\u0105, tik\u0117jim\u0105 ir meil\u0119, apie bandym\u0105 \u012fsikibti \u012f naujas galimybes, pritapti svetimame kra\u0161te. Romanas pateikia ir daugyb\u0119 kit\u0173 istorij\u0173, kurias Gunda, kaip vert\u0117ja, patiria studijuodama ir dirbdama, \u2013 tai susitikimai su kaltinamaisiais teisme, su \u012fkalintaisiais, su vaikus praradusiais t\u0117vais, su \u017euvusi\u0173j\u0173 artimaisiais, j\u0173 advokatais, policija. \u0160ios svetimos istorijos, regis, u\u017epildo Gundos kasdienyb\u0119 nepalikdamos erdv\u0117s asmeniniam gyvenimui. Ji ken\u010dia, abejoja, bla\u0161kosi. Kyla klausimas, kiek gali atlaikyti \u017emogus, kiek sutalpins merginos \u0161irdis? Ir kuri istorija vis d\u0117lto svarbesn\u0117 \u2013 sava ar svetima?","breadcrumb":{"@id":"https:\/\/skaitytaknyga.lt\/produktas\/ruta-mataityte-gunda\/#breadcrumb"},"inLanguage":"en-GB","potentialAction":[{"@type":"ReadAction","target":["https:\/\/skaitytaknyga.lt\/produktas\/ruta-mataityte-gunda\/"]}]},{"@type":"ImageObject","inLanguage":"en-GB","@id":"https:\/\/skaitytaknyga.lt\/produktas\/ruta-mataityte-gunda\/#primaryimage","url":"https:\/\/skaitytaknyga.lt\/wp-content\/uploads\/2024\/04\/1462886286_9786094660764gunda.jpg","contentUrl":"https:\/\/skaitytaknyga.lt\/wp-content\/uploads\/2024\/04\/1462886286_9786094660764gunda.jpg","width":290,"height":430,"caption":"1462886286 9786094660764gunda"},{"@type":"BreadcrumbList","@id":"https:\/\/skaitytaknyga.lt\/produktas\/ruta-mataityte-gunda\/#breadcrumb","itemListElement":[{"@type":"ListItem","position":1,"name":"Home","item":"https:\/\/skaitytaknyga.lt\/"},{"@type":"ListItem","position":2,"name":"Parduotuv\u0117","item":"https:\/\/skaitytaknyga.lt\/knygu-parduotuve\/"},{"@type":"ListItem","position":3,"name":"R\u016bta Mataityt\u0117 \u201eGunda\u201c"}]},{"@type":"WebSite","@id":"https:\/\/skaitytaknyga.lt\/#website","url":"https:\/\/skaitytaknyga.lt\/","name":"skaitytaknyga.lt","description":"Skaitytaknyga.lt \u2013 tai ma\u017eas \u0161eimos verslas, kuris prasid\u0117jo nuo meil\u0117s knygoms ir siekio i\u0161gelb\u0117ti knygas nuo likimo prie konteinerio. Kas vienam nereikalingas daiktas \u2013 kitam lobis, o mes esame tarpininkai, kurie padeda abiems tapti laimingesniems ???? \u017dinome kaip nelengva i\u0161gyventi ma\u017eiems verslams, tad nuo \u0161iol, \u010dia rasite ir kit\u0173, ma\u017e\u0173 \u0161eim\u0173 versl\u0173, rank\u0173 darbo, dovan\u0173 sau ir artimiesiems.","publisher":{"@id":"https:\/\/skaitytaknyga.lt\/#organization"},"potentialAction":[{"@type":"SearchAction","target":{"@type":"EntryPoint","urlTemplate":"https:\/\/skaitytaknyga.lt\/?s={search_term_string}"},"query-input":{"@type":"PropertyValueSpecification","valueRequired":true,"valueName":"search_term_string"}}],"inLanguage":"en-GB"},{"@type":"Organization","@id":"https:\/\/skaitytaknyga.lt\/#organization","name":"skaitytaknyga.lt","url":"https:\/\/skaitytaknyga.lt\/","logo":{"@type":"ImageObject","inLanguage":"en-GB","@id":"https:\/\/skaitytaknyga.lt\/#\/schema\/logo\/image\/","url":"https:\/\/skaitytaknyga.lt\/wp-content\/uploads\/2024\/05\/cropped-cropped-cropped-02_00843_jt3bggkj1j3HLc7SyY6rEUpg.jpeg","contentUrl":"https:\/\/skaitytaknyga.lt\/wp-content\/uploads\/2024\/05\/cropped-cropped-cropped-02_00843_jt3bggkj1j3HLc7SyY6rEUpg.jpeg","width":1600,"height":1600,"caption":"skaitytaknyga.lt"},"image":{"@id":"https:\/\/skaitytaknyga.lt\/#\/schema\/logo\/image\/"},"sameAs":["https:\/\/www.facebook.com\/skaitytaknyga\/"]}]}},"_links":{"self":[{"href":"https:\/\/skaitytaknyga.lt\/en\/wp-json\/wp\/v2\/product\/4217","targetHints":{"allow":["GET"]}}],"collection":[{"href":"https:\/\/skaitytaknyga.lt\/en\/wp-json\/wp\/v2\/product"}],"about":[{"href":"https:\/\/skaitytaknyga.lt\/en\/wp-json\/wp\/v2\/types\/product"}],"replies":[{"embeddable":true,"href":"https:\/\/skaitytaknyga.lt\/en\/wp-json\/wp\/v2\/comments?post=4217"}],"wp:featuredmedia":[{"embeddable":true,"href":"https:\/\/skaitytaknyga.lt\/en\/wp-json\/wp\/v2\/media\/4243"}],"wp:attachment":[{"href":"https:\/\/skaitytaknyga.lt\/en\/wp-json\/wp\/v2\/media?parent=4217"}],"wp:term":[{"taxonomy":"product_brand","embeddable":true,"href":"https:\/\/skaitytaknyga.lt\/en\/wp-json\/wp\/v2\/product_brand?post=4217"},{"taxonomy":"product_cat","embeddable":true,"href":"https:\/\/skaitytaknyga.lt\/en\/wp-json\/wp\/v2\/product_cat?post=4217"},{"taxonomy":"product_tag","embeddable":true,"href":"https:\/\/skaitytaknyga.lt\/en\/wp-json\/wp\/v2\/product_tag?post=4217"}],"curies":[{"name":"wp","href":"https:\/\/api.w.org\/{rel}","templated":true}]}}