{"id":4177,"date":"2024-04-17T13:44:07","date_gmt":"2024-04-17T13:44:07","guid":{"rendered":"https:\/\/skaitytaknyga.lt\/?post_type=product&#038;p=4177"},"modified":"2024-07-13T12:45:28","modified_gmt":"2024-07-13T09:45:28","slug":"stendalis-raudona-ir-juoda","status":"publish","type":"product","link":"https:\/\/skaitytaknyga.lt\/en\/produktas\/stendalis-raudona-ir-juoda\/","title":{"rendered":"Stendalis \u201eRaudona ir juoda\u201c"},"content":{"rendered":"<p>Roman\u0105 \u201eRaudona ir juoda\u201c pranc\u016bz\u0173 ra\u0161ytojas Stendalis (Anri Beilis, 1783\u20131842) vadino XIX am\u017eiaus Pranc\u016bzijos kronika. Jame puikiai perteikta Pranc\u016bzijoje restauracijos laikais vyravusi atmosfera.<\/p>\n<p>Meil\u0117s, kuriai Stendalis ir gyvenime, ir k\u016bryboje skyr\u0117 ypa\u010d daug d\u0117mesio, motyvas atskleid\u017eiamas per jauno seminaristo \u017diuljeno Sorelio tragi\u0161k\u0105 gyvenimo istorij\u0105, kupin\u0105 subtiliausi\u0173 \u0161io jausmo aprai\u0161k\u0173 ir dramati\u0161k\u0173 didel\u0117s aistros peripetij\u0173.<\/p>\n","protected":false},"excerpt":{"rendered":"<p>Roman\u0105 \u201eRaudona ir juoda\u201c pranc\u016bz\u0173 ra\u0161ytojas Stendalis (Anri Beilis, 1783\u20131842) vadino XIX am\u017eiaus Pranc\u016bzijos kronika. Jame puikiai perteikta Pranc\u016bzijoje restauracijos laikais vyravusi atmosfera.<\/p>\n<p>Meil\u0117s, kuriai Stendalis ir gyvenime, ir k\u016bryboje skyr\u0117 ypa\u010d daug d\u0117mesio, motyvas atskleid\u017eiamas per jauno seminaristo \u017diuljeno Sorelio tragi\u0161k\u0105 gyvenimo istorij\u0105, kupin\u0105 subtiliausi\u0173 \u0161io jausmo aprai\u0161k\u0173 ir dramati\u0161k\u0173 didel\u0117s aistros peripetij\u0173.<\/p>\n","protected":false},"featured_media":4194,"comment_status":"closed","ping_status":"closed","template":"","meta":{"_acf_changed":false,"site-sidebar-layout":"default","site-content-layout":"","ast-site-content-layout":"default","site-content-style":"default","site-sidebar-style":"default","ast-global-header-display":"","ast-banner-title-visibility":"","ast-main-header-display":"","ast-hfb-above-header-display":"","ast-hfb-below-header-display":"","ast-hfb-mobile-header-display":"","site-post-title":"","ast-breadcrumbs-content":"","ast-featured-img":"","footer-sml-layout":"","ast-disable-related-posts":"","theme-transparent-header-meta":"","adv-header-id-meta":"","stick-header-meta":"","header-above-stick-meta":"","header-main-stick-meta":"","header-below-stick-meta":"","astra-migrate-meta-layouts":"default","ast-page-background-enabled":"default","ast-page-background-meta":{"desktop":{"background-color":"","background-image":"","background-repeat":"repeat","background-position":"center center","background-size":"auto","background-attachment":"scroll","background-type":"","background-media":"","overlay-type":"","overlay-color":"","overlay-opacity":"","overlay-gradient":""},"tablet":{"background-color":"","background-image":"","background-repeat":"repeat","background-position":"center center","background-size":"auto","background-attachment":"scroll","background-type":"","background-media":"","overlay-type":"","overlay-color":"","overlay-opacity":"","overlay-gradient":""},"mobile":{"background-color":"","background-image":"","background-repeat":"repeat","background-position":"center center","background-size":"auto","background-attachment":"scroll","background-type":"","background-media":"","overlay-type":"","overlay-color":"","overlay-opacity":"","overlay-gradient":""}},"ast-content-background-meta":{"desktop":{"background-color":"var(--ast-global-color-4)","background-image":"","background-repeat":"repeat","background-position":"center center","background-size":"auto","background-attachment":"scroll","background-type":"","background-media":"","overlay-type":"","overlay-color":"","overlay-opacity":"","overlay-gradient":""},"tablet":{"background-color":"var(--ast-global-color-4)","background-image":"","background-repeat":"repeat","background-position":"center center","background-size":"auto","background-attachment":"scroll","background-type":"","background-media":"","overlay-type":"","overlay-color":"","overlay-opacity":"","overlay-gradient":""},"mobile":{"background-color":"var(--ast-global-color-4)","background-image":"","background-repeat":"repeat","background-position":"center center","background-size":"auto","background-attachment":"scroll","background-type":"","background-media":"","overlay-type":"","overlay-color":"","overlay-opacity":"","overlay-gradient":""}}},"product_brand":[],"product_cat":[31,558],"product_tag":[],"class_list":{"0":"post-4177","1":"product","2":"type-product","3":"status-publish","4":"has-post-thumbnail","6":"product_cat-grozine-literatura","7":"product_cat-pasaulines-literaturos-biblioteka","8":"desktop-align-left","9":"tablet-align-left","10":"mobile-align-left","12":"first","13":"instock","14":"sale","15":"shipping-taxable","16":"purchasable","17":"product-type-simple"},"acf":[],"yoast_head":"<!-- This site is optimized with the Yoast SEO plugin v27.0 - https:\/\/yoast.com\/product\/yoast-seo-wordpress\/ -->\n<title>Stendalis \u201eRaudona ir juoda\u201c<\/title>\n<meta name=\"description\" content=\"Roman\u0105 \u201eRaudona ir juoda\u201c pranc\u016bz\u0173 ra\u0161ytojas Stendalis (Anri Beilis, 1783\u20131842) vadino XIX am\u017eiaus Pranc\u016bzijos kronika. Jame puikiai perteikta Pranc\u016bzijoje restauracijos laikais vyravusi atmosfera.  Meil\u0117s, kuriai Stendalis ir gyvenime, ir k\u016bryboje skyr\u0117 ypa\u010d daug d\u0117mesio, motyvas atskleid\u017eiamas per jauno seminaristo \u017diuljeno Sorelio tragi\u0161k\u0105 gyvenimo istorij\u0105, kupin\u0105 subtiliausi\u0173 \u0161io jausmo aprai\u0161k\u0173 ir dramati\u0161k\u0173 didel\u0117s aistros peripetij\u0173.\" \/>\n<meta name=\"robots\" content=\"index, follow, max-snippet:-1, max-image-preview:large, max-video-preview:-1\" \/>\n<link rel=\"canonical\" href=\"https:\/\/skaitytaknyga.lt\/en\/produktas\/stendalis-raudona-ir-juoda\/\" \/>\n<meta property=\"og:locale\" content=\"en_GB\" \/>\n<meta property=\"og:locale:alternate\" content=\"lt_LT\" \/>\n<meta property=\"og:type\" content=\"article\" \/>\n<meta property=\"og:title\" content=\"Stendalis \u201eRaudona ir juoda\u201c\" \/>\n<meta property=\"og:description\" content=\"Roman\u0105 \u201eRaudona ir juoda\u201c pranc\u016bz\u0173 ra\u0161ytojas Stendalis (Anri Beilis, 1783\u20131842) vadino XIX am\u017eiaus Pranc\u016bzijos kronika. Jame puikiai perteikta Pranc\u016bzijoje restauracijos laikais vyravusi atmosfera.  Meil\u0117s, kuriai Stendalis ir gyvenime, ir k\u016bryboje skyr\u0117 ypa\u010d daug d\u0117mesio, motyvas atskleid\u017eiamas per jauno seminaristo \u017diuljeno Sorelio tragi\u0161k\u0105 gyvenimo istorij\u0105, kupin\u0105 subtiliausi\u0173 \u0161io jausmo aprai\u0161k\u0173 ir dramati\u0161k\u0173 didel\u0117s aistros peripetij\u0173.\" \/>\n<meta property=\"og:url\" content=\"https:\/\/skaitytaknyga.lt\/en\/produktas\/stendalis-raudona-ir-juoda\/\" \/>\n<meta property=\"og:site_name\" content=\"Skaitytaknyga\" \/>\n<meta property=\"article:publisher\" content=\"https:\/\/www.facebook.com\/skaitytaknyga\/\" \/>\n<meta property=\"article:modified_time\" content=\"2024-07-13T09:45:28+00:00\" \/>\n<meta property=\"og:image\" content=\"https:\/\/skaitytaknyga.lt\/wp-content\/uploads\/2024\/04\/klasika.png\" \/>\n\t<meta property=\"og:image:width\" content=\"271\" \/>\n\t<meta property=\"og:image:height\" content=\"411\" \/>\n\t<meta property=\"og:image:type\" content=\"image\/png\" \/>\n<meta name=\"twitter:card\" content=\"summary_large_image\" \/>\n<script type=\"application\/ld+json\" class=\"yoast-schema-graph\">{\"@context\":\"https:\/\/schema.org\",\"@graph\":[{\"@type\":\"WebPage\",\"@id\":\"https:\/\/skaitytaknyga.lt\/produktas\/stendalis-raudona-ir-juoda\/\",\"url\":\"https:\/\/skaitytaknyga.lt\/produktas\/stendalis-raudona-ir-juoda\/\",\"name\":\"Stendalis \u201eRaudona ir juoda\u201c\",\"isPartOf\":{\"@id\":\"https:\/\/skaitytaknyga.lt\/#website\"},\"primaryImageOfPage\":{\"@id\":\"https:\/\/skaitytaknyga.lt\/produktas\/stendalis-raudona-ir-juoda\/#primaryimage\"},\"image\":{\"@id\":\"https:\/\/skaitytaknyga.lt\/produktas\/stendalis-raudona-ir-juoda\/#primaryimage\"},\"thumbnailUrl\":\"https:\/\/skaitytaknyga.lt\/wp-content\/uploads\/2024\/04\/klasika.png\",\"datePublished\":\"2024-04-17T13:44:07+00:00\",\"dateModified\":\"2024-07-13T09:45:28+00:00\",\"description\":\"Roman\u0105 \u201eRaudona ir juoda\u201c pranc\u016bz\u0173 ra\u0161ytojas Stendalis (Anri Beilis, 1783\u20131842) vadino XIX am\u017eiaus Pranc\u016bzijos kronika. Jame puikiai perteikta Pranc\u016bzijoje restauracijos laikais vyravusi atmosfera. Meil\u0117s, kuriai Stendalis ir gyvenime, ir k\u016bryboje skyr\u0117 ypa\u010d daug d\u0117mesio, motyvas atskleid\u017eiamas per jauno seminaristo \u017diuljeno Sorelio tragi\u0161k\u0105 gyvenimo istorij\u0105, kupin\u0105 subtiliausi\u0173 \u0161io jausmo aprai\u0161k\u0173 ir dramati\u0161k\u0173 didel\u0117s aistros peripetij\u0173.\",\"breadcrumb\":{\"@id\":\"https:\/\/skaitytaknyga.lt\/produktas\/stendalis-raudona-ir-juoda\/#breadcrumb\"},\"inLanguage\":\"en-GB\",\"potentialAction\":[{\"@type\":\"ReadAction\",\"target\":[\"https:\/\/skaitytaknyga.lt\/produktas\/stendalis-raudona-ir-juoda\/\"]}]},{\"@type\":\"ImageObject\",\"inLanguage\":\"en-GB\",\"@id\":\"https:\/\/skaitytaknyga.lt\/produktas\/stendalis-raudona-ir-juoda\/#primaryimage\",\"url\":\"https:\/\/skaitytaknyga.lt\/wp-content\/uploads\/2024\/04\/klasika.png\",\"contentUrl\":\"https:\/\/skaitytaknyga.lt\/wp-content\/uploads\/2024\/04\/klasika.png\",\"width\":271,\"height\":411,\"caption\":\"klasika\"},{\"@type\":\"BreadcrumbList\",\"@id\":\"https:\/\/skaitytaknyga.lt\/produktas\/stendalis-raudona-ir-juoda\/#breadcrumb\",\"itemListElement\":[{\"@type\":\"ListItem\",\"position\":1,\"name\":\"Home\",\"item\":\"https:\/\/skaitytaknyga.lt\/\"},{\"@type\":\"ListItem\",\"position\":2,\"name\":\"Parduotuv\u0117\",\"item\":\"https:\/\/skaitytaknyga.lt\/knygu-parduotuve\/\"},{\"@type\":\"ListItem\",\"position\":3,\"name\":\"Stendalis \u201eRaudona ir juoda\u201c\"}]},{\"@type\":\"WebSite\",\"@id\":\"https:\/\/skaitytaknyga.lt\/#website\",\"url\":\"https:\/\/skaitytaknyga.lt\/\",\"name\":\"skaitytaknyga.lt\",\"description\":\"Skaitytaknyga.lt \u2013 tai ma\u017eas \u0161eimos verslas, kuris prasid\u0117jo nuo meil\u0117s knygoms ir siekio i\u0161gelb\u0117ti knygas nuo likimo prie konteinerio. Kas vienam nereikalingas daiktas \u2013 kitam lobis, o mes esame tarpininkai, kurie padeda abiems tapti laimingesniems ???? \u017dinome kaip nelengva i\u0161gyventi ma\u017eiems verslams, tad nuo \u0161iol, \u010dia rasite ir kit\u0173, ma\u017e\u0173 \u0161eim\u0173 versl\u0173, rank\u0173 darbo, dovan\u0173 sau ir artimiesiems.\",\"publisher\":{\"@id\":\"https:\/\/skaitytaknyga.lt\/#organization\"},\"potentialAction\":[{\"@type\":\"SearchAction\",\"target\":{\"@type\":\"EntryPoint\",\"urlTemplate\":\"https:\/\/skaitytaknyga.lt\/?s={search_term_string}\"},\"query-input\":{\"@type\":\"PropertyValueSpecification\",\"valueRequired\":true,\"valueName\":\"search_term_string\"}}],\"inLanguage\":\"en-GB\"},{\"@type\":\"Organization\",\"@id\":\"https:\/\/skaitytaknyga.lt\/#organization\",\"name\":\"skaitytaknyga.lt\",\"url\":\"https:\/\/skaitytaknyga.lt\/\",\"logo\":{\"@type\":\"ImageObject\",\"inLanguage\":\"en-GB\",\"@id\":\"https:\/\/skaitytaknyga.lt\/#\/schema\/logo\/image\/\",\"url\":\"https:\/\/skaitytaknyga.lt\/wp-content\/uploads\/2024\/05\/cropped-cropped-cropped-02_00843_jt3bggkj1j3HLc7SyY6rEUpg.jpeg\",\"contentUrl\":\"https:\/\/skaitytaknyga.lt\/wp-content\/uploads\/2024\/05\/cropped-cropped-cropped-02_00843_jt3bggkj1j3HLc7SyY6rEUpg.jpeg\",\"width\":1600,\"height\":1600,\"caption\":\"skaitytaknyga.lt\"},\"image\":{\"@id\":\"https:\/\/skaitytaknyga.lt\/#\/schema\/logo\/image\/\"},\"sameAs\":[\"https:\/\/www.facebook.com\/skaitytaknyga\/\"]}]}<\/script>\n<!-- \/ Yoast SEO plugin. -->","yoast_head_json":{"title":"Stendalis \u201eRaudona ir juoda\u201c","description":"Roman\u0105 \u201eRaudona ir juoda\u201c pranc\u016bz\u0173 ra\u0161ytojas Stendalis (Anri Beilis, 1783\u20131842) vadino XIX am\u017eiaus Pranc\u016bzijos kronika. Jame puikiai perteikta Pranc\u016bzijoje restauracijos laikais vyravusi atmosfera.  Meil\u0117s, kuriai Stendalis ir gyvenime, ir k\u016bryboje skyr\u0117 ypa\u010d daug d\u0117mesio, motyvas atskleid\u017eiamas per jauno seminaristo \u017diuljeno Sorelio tragi\u0161k\u0105 gyvenimo istorij\u0105, kupin\u0105 subtiliausi\u0173 \u0161io jausmo aprai\u0161k\u0173 ir dramati\u0161k\u0173 didel\u0117s aistros peripetij\u0173.","robots":{"index":"index","follow":"follow","max-snippet":"max-snippet:-1","max-image-preview":"max-image-preview:large","max-video-preview":"max-video-preview:-1"},"canonical":"https:\/\/skaitytaknyga.lt\/en\/produktas\/stendalis-raudona-ir-juoda\/","og_locale":"en_GB","og_type":"article","og_title":"[:lt]Stendalis \u201eRaudona ir juoda\u201c[:] - Skaitytaknyga","og_description":"Roman\u0105 \u201eRaudona ir juoda\u201c pranc\u016bz\u0173 ra\u0161ytojas Stendalis (Anri Beilis, 1783\u20131842) vadino XIX am\u017eiaus Pranc\u016bzijos kronika. Jame puikiai perteikta Pranc\u016bzijoje restauracijos laikais vyravusi atmosfera.  Meil\u0117s, kuriai Stendalis ir gyvenime, ir k\u016bryboje skyr\u0117 ypa\u010d daug d\u0117mesio, motyvas atskleid\u017eiamas per jauno seminaristo \u017diuljeno Sorelio tragi\u0161k\u0105 gyvenimo istorij\u0105, kupin\u0105 subtiliausi\u0173 \u0161io jausmo aprai\u0161k\u0173 ir dramati\u0161k\u0173 didel\u0117s aistros peripetij\u0173.","og_url":"https:\/\/skaitytaknyga.lt\/en\/produktas\/stendalis-raudona-ir-juoda\/","og_site_name":"Skaitytaknyga","article_publisher":"https:\/\/www.facebook.com\/skaitytaknyga\/","article_modified_time":"2024-07-13T09:45:28+00:00","og_image":[{"width":271,"height":411,"url":"https:\/\/skaitytaknyga.lt\/wp-content\/uploads\/2024\/04\/klasika.png","type":"image\/png"}],"twitter_card":"summary_large_image","schema":{"@context":"https:\/\/schema.org","@graph":[{"@type":"WebPage","@id":"https:\/\/skaitytaknyga.lt\/produktas\/stendalis-raudona-ir-juoda\/","url":"https:\/\/skaitytaknyga.lt\/produktas\/stendalis-raudona-ir-juoda\/","name":"Stendalis \u201eRaudona ir juoda\u201c","isPartOf":{"@id":"https:\/\/skaitytaknyga.lt\/#website"},"primaryImageOfPage":{"@id":"https:\/\/skaitytaknyga.lt\/produktas\/stendalis-raudona-ir-juoda\/#primaryimage"},"image":{"@id":"https:\/\/skaitytaknyga.lt\/produktas\/stendalis-raudona-ir-juoda\/#primaryimage"},"thumbnailUrl":"https:\/\/skaitytaknyga.lt\/wp-content\/uploads\/2024\/04\/klasika.png","datePublished":"2024-04-17T13:44:07+00:00","dateModified":"2024-07-13T09:45:28+00:00","description":"Roman\u0105 \u201eRaudona ir juoda\u201c pranc\u016bz\u0173 ra\u0161ytojas Stendalis (Anri Beilis, 1783\u20131842) vadino XIX am\u017eiaus Pranc\u016bzijos kronika. Jame puikiai perteikta Pranc\u016bzijoje restauracijos laikais vyravusi atmosfera. Meil\u0117s, kuriai Stendalis ir gyvenime, ir k\u016bryboje skyr\u0117 ypa\u010d daug d\u0117mesio, motyvas atskleid\u017eiamas per jauno seminaristo \u017diuljeno Sorelio tragi\u0161k\u0105 gyvenimo istorij\u0105, kupin\u0105 subtiliausi\u0173 \u0161io jausmo aprai\u0161k\u0173 ir dramati\u0161k\u0173 didel\u0117s aistros peripetij\u0173.","breadcrumb":{"@id":"https:\/\/skaitytaknyga.lt\/produktas\/stendalis-raudona-ir-juoda\/#breadcrumb"},"inLanguage":"en-GB","potentialAction":[{"@type":"ReadAction","target":["https:\/\/skaitytaknyga.lt\/produktas\/stendalis-raudona-ir-juoda\/"]}]},{"@type":"ImageObject","inLanguage":"en-GB","@id":"https:\/\/skaitytaknyga.lt\/produktas\/stendalis-raudona-ir-juoda\/#primaryimage","url":"https:\/\/skaitytaknyga.lt\/wp-content\/uploads\/2024\/04\/klasika.png","contentUrl":"https:\/\/skaitytaknyga.lt\/wp-content\/uploads\/2024\/04\/klasika.png","width":271,"height":411,"caption":"klasika"},{"@type":"BreadcrumbList","@id":"https:\/\/skaitytaknyga.lt\/produktas\/stendalis-raudona-ir-juoda\/#breadcrumb","itemListElement":[{"@type":"ListItem","position":1,"name":"Home","item":"https:\/\/skaitytaknyga.lt\/"},{"@type":"ListItem","position":2,"name":"Parduotuv\u0117","item":"https:\/\/skaitytaknyga.lt\/knygu-parduotuve\/"},{"@type":"ListItem","position":3,"name":"Stendalis \u201eRaudona ir juoda\u201c"}]},{"@type":"WebSite","@id":"https:\/\/skaitytaknyga.lt\/#website","url":"https:\/\/skaitytaknyga.lt\/","name":"skaitytaknyga.lt","description":"Skaitytaknyga.lt \u2013 tai ma\u017eas \u0161eimos verslas, kuris prasid\u0117jo nuo meil\u0117s knygoms ir siekio i\u0161gelb\u0117ti knygas nuo likimo prie konteinerio. Kas vienam nereikalingas daiktas \u2013 kitam lobis, o mes esame tarpininkai, kurie padeda abiems tapti laimingesniems ???? \u017dinome kaip nelengva i\u0161gyventi ma\u017eiems verslams, tad nuo \u0161iol, \u010dia rasite ir kit\u0173, ma\u017e\u0173 \u0161eim\u0173 versl\u0173, rank\u0173 darbo, dovan\u0173 sau ir artimiesiems.","publisher":{"@id":"https:\/\/skaitytaknyga.lt\/#organization"},"potentialAction":[{"@type":"SearchAction","target":{"@type":"EntryPoint","urlTemplate":"https:\/\/skaitytaknyga.lt\/?s={search_term_string}"},"query-input":{"@type":"PropertyValueSpecification","valueRequired":true,"valueName":"search_term_string"}}],"inLanguage":"en-GB"},{"@type":"Organization","@id":"https:\/\/skaitytaknyga.lt\/#organization","name":"skaitytaknyga.lt","url":"https:\/\/skaitytaknyga.lt\/","logo":{"@type":"ImageObject","inLanguage":"en-GB","@id":"https:\/\/skaitytaknyga.lt\/#\/schema\/logo\/image\/","url":"https:\/\/skaitytaknyga.lt\/wp-content\/uploads\/2024\/05\/cropped-cropped-cropped-02_00843_jt3bggkj1j3HLc7SyY6rEUpg.jpeg","contentUrl":"https:\/\/skaitytaknyga.lt\/wp-content\/uploads\/2024\/05\/cropped-cropped-cropped-02_00843_jt3bggkj1j3HLc7SyY6rEUpg.jpeg","width":1600,"height":1600,"caption":"skaitytaknyga.lt"},"image":{"@id":"https:\/\/skaitytaknyga.lt\/#\/schema\/logo\/image\/"},"sameAs":["https:\/\/www.facebook.com\/skaitytaknyga\/"]}]}},"_links":{"self":[{"href":"https:\/\/skaitytaknyga.lt\/en\/wp-json\/wp\/v2\/product\/4177","targetHints":{"allow":["GET"]}}],"collection":[{"href":"https:\/\/skaitytaknyga.lt\/en\/wp-json\/wp\/v2\/product"}],"about":[{"href":"https:\/\/skaitytaknyga.lt\/en\/wp-json\/wp\/v2\/types\/product"}],"replies":[{"embeddable":true,"href":"https:\/\/skaitytaknyga.lt\/en\/wp-json\/wp\/v2\/comments?post=4177"}],"wp:featuredmedia":[{"embeddable":true,"href":"https:\/\/skaitytaknyga.lt\/en\/wp-json\/wp\/v2\/media\/4194"}],"wp:attachment":[{"href":"https:\/\/skaitytaknyga.lt\/en\/wp-json\/wp\/v2\/media?parent=4177"}],"wp:term":[{"taxonomy":"product_brand","embeddable":true,"href":"https:\/\/skaitytaknyga.lt\/en\/wp-json\/wp\/v2\/product_brand?post=4177"},{"taxonomy":"product_cat","embeddable":true,"href":"https:\/\/skaitytaknyga.lt\/en\/wp-json\/wp\/v2\/product_cat?post=4177"},{"taxonomy":"product_tag","embeddable":true,"href":"https:\/\/skaitytaknyga.lt\/en\/wp-json\/wp\/v2\/product_tag?post=4177"}],"curies":[{"name":"wp","href":"https:\/\/api.w.org\/{rel}","templated":true}]}}