{"id":4150,"date":"2024-04-17T13:43:43","date_gmt":"2024-04-17T13:43:43","guid":{"rendered":"https:\/\/skaitytaknyga.lt\/?post_type=product&#038;p=4150"},"modified":"2025-05-12T09:56:12","modified_gmt":"2025-05-12T06:56:12","slug":"edmundas-malukas-moters-kerstas","status":"publish","type":"product","link":"https:\/\/skaitytaknyga.lt\/en\/produktas\/edmundas-malukas-moters-kerstas\/","title":{"rendered":"Edmundas Mal\u016bkas \u201eMoters ker\u0161tas\u201c"},"content":{"rendered":"<p>Naktis, praleista su meilu\u017ee, sujauk\u0117 Gvido Senkaus gyvenim\u0105: jis prarado darb\u0105, \u017emon\u0105. Lik\u0119s vieni\u0161as herojus tampa \u017einomu ra\u0161ytoju ir staiga pajunta tur\u012fs ne\u017eemi\u0161k\u0173 gali\u0173.<\/p>\n<p>Edmundas Mal\u016bkas vienas populiariausi\u0173 Lietuvos ra\u0161ytoj\u0173, \u017einomas ir u\u017esienio \u0161alyse. Jo knygos i\u0161leistos daugiau nei 492 t\u016bkst. egzempliori\u0173 tira\u017eu. Knygos pakartotinai spausdintos (nauji tira\u017eai) 130 kart\u0173.<\/p>\n","protected":false},"excerpt":{"rendered":"<p>Naktis, praleista su meilu\u017ee, sujauk\u0117 Gvido Senkaus gyvenim\u0105: jis prarado darb\u0105, \u017emon\u0105. Lik\u0119s vieni\u0161as herojus tampa \u017einomu ra\u0161ytoju ir staiga pajunta tur\u012fs ne\u017eemi\u0161k\u0173 gali\u0173.<\/p>\n<p>Edmundas Mal\u016bkas vienas populiariausi\u0173 Lietuvos ra\u0161ytoj\u0173, \u017einomas ir u\u017esienio \u0161alyse. Jo knygos i\u0161leistos daugiau nei 492 t\u016bkst. egzempliori\u0173 tira\u017eu. Knygos pakartotinai spausdintos (nauji tira\u017eai) 130 kart\u0173.<\/p>\n","protected":false},"featured_media":4187,"comment_status":"closed","ping_status":"closed","template":"","meta":{"_acf_changed":false,"site-sidebar-layout":"default","site-content-layout":"","ast-site-content-layout":"default","site-content-style":"default","site-sidebar-style":"default","ast-global-header-display":"","ast-banner-title-visibility":"","ast-main-header-display":"","ast-hfb-above-header-display":"","ast-hfb-below-header-display":"","ast-hfb-mobile-header-display":"","site-post-title":"","ast-breadcrumbs-content":"","ast-featured-img":"","footer-sml-layout":"","ast-disable-related-posts":"","theme-transparent-header-meta":"","adv-header-id-meta":"","stick-header-meta":"","header-above-stick-meta":"","header-main-stick-meta":"","header-below-stick-meta":"","astra-migrate-meta-layouts":"default","ast-page-background-enabled":"default","ast-page-background-meta":{"desktop":{"background-color":"","background-image":"","background-repeat":"repeat","background-position":"center center","background-size":"auto","background-attachment":"scroll","background-type":"","background-media":"","overlay-type":"","overlay-color":"","overlay-opacity":"","overlay-gradient":""},"tablet":{"background-color":"","background-image":"","background-repeat":"repeat","background-position":"center center","background-size":"auto","background-attachment":"scroll","background-type":"","background-media":"","overlay-type":"","overlay-color":"","overlay-opacity":"","overlay-gradient":""},"mobile":{"background-color":"","background-image":"","background-repeat":"repeat","background-position":"center center","background-size":"auto","background-attachment":"scroll","background-type":"","background-media":"","overlay-type":"","overlay-color":"","overlay-opacity":"","overlay-gradient":""}},"ast-content-background-meta":{"desktop":{"background-color":"var(--ast-global-color-4)","background-image":"","background-repeat":"repeat","background-position":"center center","background-size":"auto","background-attachment":"scroll","background-type":"","background-media":"","overlay-type":"","overlay-color":"","overlay-opacity":"","overlay-gradient":""},"tablet":{"background-color":"var(--ast-global-color-4)","background-image":"","background-repeat":"repeat","background-position":"center center","background-size":"auto","background-attachment":"scroll","background-type":"","background-media":"","overlay-type":"","overlay-color":"","overlay-opacity":"","overlay-gradient":""},"mobile":{"background-color":"var(--ast-global-color-4)","background-image":"","background-repeat":"repeat","background-position":"center center","background-size":"auto","background-attachment":"scroll","background-type":"","background-media":"","overlay-type":"","overlay-color":"","overlay-opacity":"","overlay-gradient":""}}},"product_brand":[],"product_cat":[31],"product_tag":[1246,1790,1799,1744,1748,1798,1745],"class_list":{"0":"post-4150","1":"product","2":"type-product","3":"status-publish","4":"has-post-thumbnail","6":"product_cat-grozine-literatura","7":"product_tag-edmundas-malukas","8":"product_tag-jausmai","9":"product_tag-kerstas","10":"product_tag-lietuviu-literatura","11":"product_tag-meiles-istorija","12":"product_tag-moters-kerstas","13":"product_tag-romanas","14":"desktop-align-left","15":"tablet-align-left","16":"mobile-align-left","18":"first","19":"outofstock","20":"shipping-taxable","21":"purchasable","22":"product-type-simple"},"acf":[],"yoast_head":"<!-- This site is optimized with the Yoast SEO plugin v27.0 - https:\/\/yoast.com\/product\/yoast-seo-wordpress\/ -->\n<title>Edmundas Mal\u016bkas \u201eMoters ker\u0161tas\u201c - Skaitytaknyga<\/title>\n<meta name=\"description\" content=\"Naktis, praleista su meilu\u017ee, sujauk\u0117 Gvido Senkaus gyvenim\u0105: jis prarado darb\u0105, \u017emon\u0105. Lik\u0119s vieni\u0161as herojus tampa \u017einomu ra\u0161ytoju ir staiga pajunta tur\u012fs ne\u017eemi\u0161k\u0173 gali\u0173.  Edmundas Mal\u016bkas vienas populiariausi\u0173 Lietuvos ra\u0161ytoj\u0173, \u017einomas ir u\u017esienio \u0161alyse. Jo knygos i\u0161leistos daugiau nei 492 t\u016bkst. egzempliori\u0173 tira\u017eu. Knygos pakartotinai spausdintos (nauji tira\u017eai) 130 kart\u0173.\" \/>\n<meta name=\"robots\" content=\"index, follow, max-snippet:-1, max-image-preview:large, max-video-preview:-1\" \/>\n<link rel=\"canonical\" href=\"https:\/\/skaitytaknyga.lt\/en\/produktas\/edmundas-malukas-moters-kerstas\/\" \/>\n<meta property=\"og:locale\" content=\"en_GB\" \/>\n<meta property=\"og:locale:alternate\" content=\"lt_LT\" \/>\n<meta property=\"og:type\" content=\"article\" \/>\n<meta property=\"og:title\" content=\"Edmundas Mal\u016bkas \u201eMoters ker\u0161tas\u201c - Skaitytaknyga\" \/>\n<meta property=\"og:description\" content=\"Naktis, praleista su meilu\u017ee, sujauk\u0117 Gvido Senkaus gyvenim\u0105: jis prarado darb\u0105, \u017emon\u0105. Lik\u0119s vieni\u0161as herojus tampa \u017einomu ra\u0161ytoju ir staiga pajunta tur\u012fs ne\u017eemi\u0161k\u0173 gali\u0173.  Edmundas Mal\u016bkas vienas populiariausi\u0173 Lietuvos ra\u0161ytoj\u0173, \u017einomas ir u\u017esienio \u0161alyse. Jo knygos i\u0161leistos daugiau nei 492 t\u016bkst. egzempliori\u0173 tira\u017eu. Knygos pakartotinai spausdintos (nauji tira\u017eai) 130 kart\u0173.\" \/>\n<meta property=\"og:url\" content=\"https:\/\/skaitytaknyga.lt\/en\/produktas\/edmundas-malukas-moters-kerstas\/\" \/>\n<meta property=\"og:site_name\" content=\"Skaitytaknyga\" \/>\n<meta property=\"article:publisher\" content=\"https:\/\/www.facebook.com\/skaitytaknyga\/\" \/>\n<meta property=\"article:modified_time\" content=\"2025-05-12T06:56:12+00:00\" \/>\n<meta property=\"og:image\" content=\"https:\/\/skaitytaknyga.lt\/wp-content\/uploads\/2024\/04\/1462880514_img0012.jpg\" \/>\n\t<meta property=\"og:image:width\" content=\"272\" \/>\n\t<meta property=\"og:image:height\" content=\"430\" \/>\n\t<meta property=\"og:image:type\" content=\"image\/jpeg\" \/>\n<meta name=\"twitter:card\" content=\"summary_large_image\" \/>\n<script type=\"application\/ld+json\" class=\"yoast-schema-graph\">{\"@context\":\"https:\/\/schema.org\",\"@graph\":[{\"@type\":\"WebPage\",\"@id\":\"https:\/\/skaitytaknyga.lt\/produktas\/edmundas-malukas-moters-kerstas\/\",\"url\":\"https:\/\/skaitytaknyga.lt\/produktas\/edmundas-malukas-moters-kerstas\/\",\"name\":\"Edmundas Mal\u016bkas \u201eMoters ker\u0161tas\u201c - Skaitytaknyga\",\"isPartOf\":{\"@id\":\"https:\/\/skaitytaknyga.lt\/#website\"},\"primaryImageOfPage\":{\"@id\":\"https:\/\/skaitytaknyga.lt\/produktas\/edmundas-malukas-moters-kerstas\/#primaryimage\"},\"image\":{\"@id\":\"https:\/\/skaitytaknyga.lt\/produktas\/edmundas-malukas-moters-kerstas\/#primaryimage\"},\"thumbnailUrl\":\"https:\/\/skaitytaknyga.lt\/wp-content\/uploads\/2024\/04\/1462880514_img0012.jpg\",\"datePublished\":\"2024-04-17T13:43:43+00:00\",\"dateModified\":\"2025-05-12T06:56:12+00:00\",\"description\":\"Naktis, praleista su meilu\u017ee, sujauk\u0117 Gvido Senkaus gyvenim\u0105: jis prarado darb\u0105, \u017emon\u0105. Lik\u0119s vieni\u0161as herojus tampa \u017einomu ra\u0161ytoju ir staiga pajunta tur\u012fs ne\u017eemi\u0161k\u0173 gali\u0173. Edmundas Mal\u016bkas vienas populiariausi\u0173 Lietuvos ra\u0161ytoj\u0173, \u017einomas ir u\u017esienio \u0161alyse. Jo knygos i\u0161leistos daugiau nei 492 t\u016bkst. egzempliori\u0173 tira\u017eu. Knygos pakartotinai spausdintos (nauji tira\u017eai) 130 kart\u0173.\",\"breadcrumb\":{\"@id\":\"https:\/\/skaitytaknyga.lt\/produktas\/edmundas-malukas-moters-kerstas\/#breadcrumb\"},\"inLanguage\":\"en-GB\",\"potentialAction\":[{\"@type\":\"ReadAction\",\"target\":[\"https:\/\/skaitytaknyga.lt\/produktas\/edmundas-malukas-moters-kerstas\/\"]}]},{\"@type\":\"ImageObject\",\"inLanguage\":\"en-GB\",\"@id\":\"https:\/\/skaitytaknyga.lt\/produktas\/edmundas-malukas-moters-kerstas\/#primaryimage\",\"url\":\"https:\/\/skaitytaknyga.lt\/wp-content\/uploads\/2024\/04\/1462880514_img0012.jpg\",\"contentUrl\":\"https:\/\/skaitytaknyga.lt\/wp-content\/uploads\/2024\/04\/1462880514_img0012.jpg\",\"width\":272,\"height\":430,\"caption\":\"1462880514 img0012\"},{\"@type\":\"BreadcrumbList\",\"@id\":\"https:\/\/skaitytaknyga.lt\/produktas\/edmundas-malukas-moters-kerstas\/#breadcrumb\",\"itemListElement\":[{\"@type\":\"ListItem\",\"position\":1,\"name\":\"Home\",\"item\":\"https:\/\/skaitytaknyga.lt\/\"},{\"@type\":\"ListItem\",\"position\":2,\"name\":\"Parduotuv\u0117\",\"item\":\"https:\/\/skaitytaknyga.lt\/knygu-parduotuve\/\"},{\"@type\":\"ListItem\",\"position\":3,\"name\":\"Edmundas Mal\u016bkas \u201eMoters ker\u0161tas\u201c\"}]},{\"@type\":\"WebSite\",\"@id\":\"https:\/\/skaitytaknyga.lt\/#website\",\"url\":\"https:\/\/skaitytaknyga.lt\/\",\"name\":\"skaitytaknyga.lt\",\"description\":\"Skaitytaknyga.lt \u2013 tai ma\u017eas \u0161eimos verslas, kuris prasid\u0117jo nuo meil\u0117s knygoms ir siekio i\u0161gelb\u0117ti knygas nuo likimo prie konteinerio. Kas vienam nereikalingas daiktas \u2013 kitam lobis, o mes esame tarpininkai, kurie padeda abiems tapti laimingesniems ???? \u017dinome kaip nelengva i\u0161gyventi ma\u017eiems verslams, tad nuo \u0161iol, \u010dia rasite ir kit\u0173, ma\u017e\u0173 \u0161eim\u0173 versl\u0173, rank\u0173 darbo, dovan\u0173 sau ir artimiesiems.\",\"publisher\":{\"@id\":\"https:\/\/skaitytaknyga.lt\/#organization\"},\"potentialAction\":[{\"@type\":\"SearchAction\",\"target\":{\"@type\":\"EntryPoint\",\"urlTemplate\":\"https:\/\/skaitytaknyga.lt\/?s={search_term_string}\"},\"query-input\":{\"@type\":\"PropertyValueSpecification\",\"valueRequired\":true,\"valueName\":\"search_term_string\"}}],\"inLanguage\":\"en-GB\"},{\"@type\":\"Organization\",\"@id\":\"https:\/\/skaitytaknyga.lt\/#organization\",\"name\":\"skaitytaknyga.lt\",\"url\":\"https:\/\/skaitytaknyga.lt\/\",\"logo\":{\"@type\":\"ImageObject\",\"inLanguage\":\"en-GB\",\"@id\":\"https:\/\/skaitytaknyga.lt\/#\/schema\/logo\/image\/\",\"url\":\"https:\/\/skaitytaknyga.lt\/wp-content\/uploads\/2024\/05\/cropped-cropped-cropped-02_00843_jt3bggkj1j3HLc7SyY6rEUpg.jpeg\",\"contentUrl\":\"https:\/\/skaitytaknyga.lt\/wp-content\/uploads\/2024\/05\/cropped-cropped-cropped-02_00843_jt3bggkj1j3HLc7SyY6rEUpg.jpeg\",\"width\":1600,\"height\":1600,\"caption\":\"skaitytaknyga.lt\"},\"image\":{\"@id\":\"https:\/\/skaitytaknyga.lt\/#\/schema\/logo\/image\/\"},\"sameAs\":[\"https:\/\/www.facebook.com\/skaitytaknyga\/\"]}]}<\/script>\n<!-- \/ Yoast SEO plugin. -->","yoast_head_json":{"title":"Edmundas Mal\u016bkas \u201eMoters ker\u0161tas\u201c - Skaitytaknyga","description":"Naktis, praleista su meilu\u017ee, sujauk\u0117 Gvido Senkaus gyvenim\u0105: jis prarado darb\u0105, \u017emon\u0105. Lik\u0119s vieni\u0161as herojus tampa \u017einomu ra\u0161ytoju ir staiga pajunta tur\u012fs ne\u017eemi\u0161k\u0173 gali\u0173.  Edmundas Mal\u016bkas vienas populiariausi\u0173 Lietuvos ra\u0161ytoj\u0173, \u017einomas ir u\u017esienio \u0161alyse. Jo knygos i\u0161leistos daugiau nei 492 t\u016bkst. egzempliori\u0173 tira\u017eu. Knygos pakartotinai spausdintos (nauji tira\u017eai) 130 kart\u0173.","robots":{"index":"index","follow":"follow","max-snippet":"max-snippet:-1","max-image-preview":"max-image-preview:large","max-video-preview":"max-video-preview:-1"},"canonical":"https:\/\/skaitytaknyga.lt\/en\/produktas\/edmundas-malukas-moters-kerstas\/","og_locale":"en_GB","og_type":"article","og_title":"Edmundas Mal\u016bkas \u201eMoters ker\u0161tas\u201c - Skaitytaknyga","og_description":"Naktis, praleista su meilu\u017ee, sujauk\u0117 Gvido Senkaus gyvenim\u0105: jis prarado darb\u0105, \u017emon\u0105. Lik\u0119s vieni\u0161as herojus tampa \u017einomu ra\u0161ytoju ir staiga pajunta tur\u012fs ne\u017eemi\u0161k\u0173 gali\u0173.  Edmundas Mal\u016bkas vienas populiariausi\u0173 Lietuvos ra\u0161ytoj\u0173, \u017einomas ir u\u017esienio \u0161alyse. Jo knygos i\u0161leistos daugiau nei 492 t\u016bkst. egzempliori\u0173 tira\u017eu. Knygos pakartotinai spausdintos (nauji tira\u017eai) 130 kart\u0173.","og_url":"https:\/\/skaitytaknyga.lt\/en\/produktas\/edmundas-malukas-moters-kerstas\/","og_site_name":"Skaitytaknyga","article_publisher":"https:\/\/www.facebook.com\/skaitytaknyga\/","article_modified_time":"2025-05-12T06:56:12+00:00","og_image":[{"width":272,"height":430,"url":"https:\/\/skaitytaknyga.lt\/wp-content\/uploads\/2024\/04\/1462880514_img0012.jpg","type":"image\/jpeg"}],"twitter_card":"summary_large_image","schema":{"@context":"https:\/\/schema.org","@graph":[{"@type":"WebPage","@id":"https:\/\/skaitytaknyga.lt\/produktas\/edmundas-malukas-moters-kerstas\/","url":"https:\/\/skaitytaknyga.lt\/produktas\/edmundas-malukas-moters-kerstas\/","name":"Edmundas Mal\u016bkas \u201eMoters ker\u0161tas\u201c - Skaitytaknyga","isPartOf":{"@id":"https:\/\/skaitytaknyga.lt\/#website"},"primaryImageOfPage":{"@id":"https:\/\/skaitytaknyga.lt\/produktas\/edmundas-malukas-moters-kerstas\/#primaryimage"},"image":{"@id":"https:\/\/skaitytaknyga.lt\/produktas\/edmundas-malukas-moters-kerstas\/#primaryimage"},"thumbnailUrl":"https:\/\/skaitytaknyga.lt\/wp-content\/uploads\/2024\/04\/1462880514_img0012.jpg","datePublished":"2024-04-17T13:43:43+00:00","dateModified":"2025-05-12T06:56:12+00:00","description":"Naktis, praleista su meilu\u017ee, sujauk\u0117 Gvido Senkaus gyvenim\u0105: jis prarado darb\u0105, \u017emon\u0105. Lik\u0119s vieni\u0161as herojus tampa \u017einomu ra\u0161ytoju ir staiga pajunta tur\u012fs ne\u017eemi\u0161k\u0173 gali\u0173. Edmundas Mal\u016bkas vienas populiariausi\u0173 Lietuvos ra\u0161ytoj\u0173, \u017einomas ir u\u017esienio \u0161alyse. Jo knygos i\u0161leistos daugiau nei 492 t\u016bkst. egzempliori\u0173 tira\u017eu. Knygos pakartotinai spausdintos (nauji tira\u017eai) 130 kart\u0173.","breadcrumb":{"@id":"https:\/\/skaitytaknyga.lt\/produktas\/edmundas-malukas-moters-kerstas\/#breadcrumb"},"inLanguage":"en-GB","potentialAction":[{"@type":"ReadAction","target":["https:\/\/skaitytaknyga.lt\/produktas\/edmundas-malukas-moters-kerstas\/"]}]},{"@type":"ImageObject","inLanguage":"en-GB","@id":"https:\/\/skaitytaknyga.lt\/produktas\/edmundas-malukas-moters-kerstas\/#primaryimage","url":"https:\/\/skaitytaknyga.lt\/wp-content\/uploads\/2024\/04\/1462880514_img0012.jpg","contentUrl":"https:\/\/skaitytaknyga.lt\/wp-content\/uploads\/2024\/04\/1462880514_img0012.jpg","width":272,"height":430,"caption":"1462880514 img0012"},{"@type":"BreadcrumbList","@id":"https:\/\/skaitytaknyga.lt\/produktas\/edmundas-malukas-moters-kerstas\/#breadcrumb","itemListElement":[{"@type":"ListItem","position":1,"name":"Home","item":"https:\/\/skaitytaknyga.lt\/"},{"@type":"ListItem","position":2,"name":"Parduotuv\u0117","item":"https:\/\/skaitytaknyga.lt\/knygu-parduotuve\/"},{"@type":"ListItem","position":3,"name":"Edmundas Mal\u016bkas \u201eMoters ker\u0161tas\u201c"}]},{"@type":"WebSite","@id":"https:\/\/skaitytaknyga.lt\/#website","url":"https:\/\/skaitytaknyga.lt\/","name":"skaitytaknyga.lt","description":"Skaitytaknyga.lt \u2013 tai ma\u017eas \u0161eimos verslas, kuris prasid\u0117jo nuo meil\u0117s knygoms ir siekio i\u0161gelb\u0117ti knygas nuo likimo prie konteinerio. Kas vienam nereikalingas daiktas \u2013 kitam lobis, o mes esame tarpininkai, kurie padeda abiems tapti laimingesniems ???? \u017dinome kaip nelengva i\u0161gyventi ma\u017eiems verslams, tad nuo \u0161iol, \u010dia rasite ir kit\u0173, ma\u017e\u0173 \u0161eim\u0173 versl\u0173, rank\u0173 darbo, dovan\u0173 sau ir artimiesiems.","publisher":{"@id":"https:\/\/skaitytaknyga.lt\/#organization"},"potentialAction":[{"@type":"SearchAction","target":{"@type":"EntryPoint","urlTemplate":"https:\/\/skaitytaknyga.lt\/?s={search_term_string}"},"query-input":{"@type":"PropertyValueSpecification","valueRequired":true,"valueName":"search_term_string"}}],"inLanguage":"en-GB"},{"@type":"Organization","@id":"https:\/\/skaitytaknyga.lt\/#organization","name":"skaitytaknyga.lt","url":"https:\/\/skaitytaknyga.lt\/","logo":{"@type":"ImageObject","inLanguage":"en-GB","@id":"https:\/\/skaitytaknyga.lt\/#\/schema\/logo\/image\/","url":"https:\/\/skaitytaknyga.lt\/wp-content\/uploads\/2024\/05\/cropped-cropped-cropped-02_00843_jt3bggkj1j3HLc7SyY6rEUpg.jpeg","contentUrl":"https:\/\/skaitytaknyga.lt\/wp-content\/uploads\/2024\/05\/cropped-cropped-cropped-02_00843_jt3bggkj1j3HLc7SyY6rEUpg.jpeg","width":1600,"height":1600,"caption":"skaitytaknyga.lt"},"image":{"@id":"https:\/\/skaitytaknyga.lt\/#\/schema\/logo\/image\/"},"sameAs":["https:\/\/www.facebook.com\/skaitytaknyga\/"]}]}},"_links":{"self":[{"href":"https:\/\/skaitytaknyga.lt\/en\/wp-json\/wp\/v2\/product\/4150","targetHints":{"allow":["GET"]}}],"collection":[{"href":"https:\/\/skaitytaknyga.lt\/en\/wp-json\/wp\/v2\/product"}],"about":[{"href":"https:\/\/skaitytaknyga.lt\/en\/wp-json\/wp\/v2\/types\/product"}],"replies":[{"embeddable":true,"href":"https:\/\/skaitytaknyga.lt\/en\/wp-json\/wp\/v2\/comments?post=4150"}],"wp:featuredmedia":[{"embeddable":true,"href":"https:\/\/skaitytaknyga.lt\/en\/wp-json\/wp\/v2\/media\/4187"}],"wp:attachment":[{"href":"https:\/\/skaitytaknyga.lt\/en\/wp-json\/wp\/v2\/media?parent=4150"}],"wp:term":[{"taxonomy":"product_brand","embeddable":true,"href":"https:\/\/skaitytaknyga.lt\/en\/wp-json\/wp\/v2\/product_brand?post=4150"},{"taxonomy":"product_cat","embeddable":true,"href":"https:\/\/skaitytaknyga.lt\/en\/wp-json\/wp\/v2\/product_cat?post=4150"},{"taxonomy":"product_tag","embeddable":true,"href":"https:\/\/skaitytaknyga.lt\/en\/wp-json\/wp\/v2\/product_tag?post=4150"}],"curies":[{"name":"wp","href":"https:\/\/api.w.org\/{rel}","templated":true}]}}