{"id":4149,"date":"2024-04-17T13:43:43","date_gmt":"2024-04-17T13:43:43","guid":{"rendered":"https:\/\/skaitytaknyga.lt\/?post_type=product&#038;p=4149"},"modified":"2025-05-12T09:56:12","modified_gmt":"2025-05-12T06:56:12","slug":"edmundas-malukas-migla-1-dalis","status":"publish","type":"product","link":"https:\/\/skaitytaknyga.lt\/en\/produktas\/edmundas-malukas-migla-1-dalis\/","title":{"rendered":"Migla  1 dalis"},"content":{"rendered":"<p>Romane \u201eMigla\u201c apra\u0161omas laikotarpis, kai ai\u017e\u0117jo sovietme\u010dio santvarka ir k\u016br\u0117si Lietuvos valstyb\u0117, kaip vykstant permainoms keit\u0117si \u017emon\u0117s, j\u0173 poelgiai ir likimai.<\/p>\n<p>Vieni\u0161i\u0173, apie kuriuos da\u017eniausiai ra\u0161o Edmundas Mal\u016bkas, klystkeliai beie\u0161kant meil\u0117s ir griebiantis verslo.<\/p>\n<p>Mes visi vis\u0105 gyvenim\u0105 ie\u0161kome meil\u0117s, o nerad\u0119 mir\u0161tame vieni\u0161i. Meil\u0117s nenupirksi. Apie tai romanas \u201eMigla\u201c, &#8211; teigia autorius.<\/p>\n","protected":false},"excerpt":{"rendered":"<p>Romane \u201eMigla\u201c apra\u0161omas laikotarpis, kai ai\u017e\u0117jo sovietme\u010dio santvarka ir k\u016br\u0117si Lietuvos valstyb\u0117, kaip vykstant permainoms keit\u0117si \u017emon\u0117s, j\u0173 poelgiai ir likimai.<\/p>\n<p>Vieni\u0161i\u0173, apie kuriuos da\u017eniausiai ra\u0161o Edmundas Mal\u016bkas, klystkeliai beie\u0161kant meil\u0117s ir griebiantis verslo.<\/p>\n<p>Mes visi vis\u0105 gyvenim\u0105 ie\u0161kome meil\u0117s, o nerad\u0119 mir\u0161tame vieni\u0161i. Meil\u0117s nenupirksi. Apie tai romanas \u201eMigla\u201c, &#8211; teigia autorius.<\/p>\n","protected":false},"featured_media":4186,"comment_status":"closed","ping_status":"closed","template":"","meta":{"_acf_changed":false,"site-sidebar-layout":"default","site-content-layout":"","ast-site-content-layout":"default","site-content-style":"default","site-sidebar-style":"default","ast-global-header-display":"","ast-banner-title-visibility":"","ast-main-header-display":"","ast-hfb-above-header-display":"","ast-hfb-below-header-display":"","ast-hfb-mobile-header-display":"","site-post-title":"","ast-breadcrumbs-content":"","ast-featured-img":"","footer-sml-layout":"","ast-disable-related-posts":"","theme-transparent-header-meta":"","adv-header-id-meta":"","stick-header-meta":"","header-above-stick-meta":"","header-main-stick-meta":"","header-below-stick-meta":"","astra-migrate-meta-layouts":"default","ast-page-background-enabled":"default","ast-page-background-meta":{"desktop":{"background-color":"","background-image":"","background-repeat":"repeat","background-position":"center center","background-size":"auto","background-attachment":"scroll","background-type":"","background-media":"","overlay-type":"","overlay-color":"","overlay-opacity":"","overlay-gradient":""},"tablet":{"background-color":"","background-image":"","background-repeat":"repeat","background-position":"center center","background-size":"auto","background-attachment":"scroll","background-type":"","background-media":"","overlay-type":"","overlay-color":"","overlay-opacity":"","overlay-gradient":""},"mobile":{"background-color":"","background-image":"","background-repeat":"repeat","background-position":"center center","background-size":"auto","background-attachment":"scroll","background-type":"","background-media":"","overlay-type":"","overlay-color":"","overlay-opacity":"","overlay-gradient":""}},"ast-content-background-meta":{"desktop":{"background-color":"var(--ast-global-color-4)","background-image":"","background-repeat":"repeat","background-position":"center center","background-size":"auto","background-attachment":"scroll","background-type":"","background-media":"","overlay-type":"","overlay-color":"","overlay-opacity":"","overlay-gradient":""},"tablet":{"background-color":"var(--ast-global-color-4)","background-image":"","background-repeat":"repeat","background-position":"center center","background-size":"auto","background-attachment":"scroll","background-type":"","background-media":"","overlay-type":"","overlay-color":"","overlay-opacity":"","overlay-gradient":""},"mobile":{"background-color":"var(--ast-global-color-4)","background-image":"","background-repeat":"repeat","background-position":"center center","background-size":"auto","background-attachment":"scroll","background-type":"","background-media":"","overlay-type":"","overlay-color":"","overlay-opacity":"","overlay-gradient":""}}},"product_brand":[],"product_cat":[31],"product_tag":[1246,1744,1796,1795,1745,1749,1789],"class_list":{"0":"post-4149","1":"product","2":"type-product","3":"status-publish","4":"has-post-thumbnail","6":"product_cat-grozine-literatura","7":"product_tag-edmundas-malukas","8":"product_tag-lietuviu-literatura","9":"product_tag-meile","10":"product_tag-migla-1-dalis","11":"product_tag-romanas","12":"product_tag-sovietmetis","13":"product_tag-zmogaus-likimas","14":"desktop-align-left","15":"tablet-align-left","16":"mobile-align-left","18":"first","19":"outofstock","20":"shipping-taxable","21":"purchasable","22":"product-type-simple"},"acf":[],"yoast_head":"<!-- This site is optimized with the Yoast SEO plugin v27.4 - https:\/\/yoast.com\/product\/yoast-seo-wordpress\/ -->\n<title>Migla 1 dalis<\/title>\n<meta name=\"description\" content=\"Romane \u201eMigla\u201c apra\u0161omas laikotarpis, kai ai\u017e\u0117jo sovietme\u010dio santvarka ir k\u016br\u0117si Lietuvos valstyb\u0117, kaip vykstant permainoms keit\u0117si \u017emon\u0117s, j\u0173 poelgiai ir likimai.  Vieni\u0161i\u0173, apie kuriuos da\u017eniausiai ra\u0161o Edmundas Mal\u016bkas, klystkeliai beie\u0161kant meil\u0117s ir griebiantis verslo.  Mes visi vis\u0105 gyvenim\u0105 ie\u0161kome meil\u0117s, o nerad\u0119 mir\u0161tame vieni\u0161i. Meil\u0117s nenupirksi. Apie tai romanas \u201eMigla\u201c, - teigia autorius.\" \/>\n<meta name=\"robots\" content=\"index, follow, max-snippet:-1, max-image-preview:large, max-video-preview:-1\" \/>\n<link rel=\"canonical\" href=\"https:\/\/skaitytaknyga.lt\/en\/produktas\/edmundas-malukas-migla-1-dalis\/\" \/>\n<meta property=\"og:locale\" content=\"en_GB\" \/>\n<meta property=\"og:locale:alternate\" content=\"lt_LT\" \/>\n<meta property=\"og:type\" content=\"article\" \/>\n<meta property=\"og:title\" content=\"Migla 1 dalis\" \/>\n<meta property=\"og:description\" content=\"Romane \u201eMigla\u201c apra\u0161omas laikotarpis, kai ai\u017e\u0117jo sovietme\u010dio santvarka ir k\u016br\u0117si Lietuvos valstyb\u0117, kaip vykstant permainoms keit\u0117si \u017emon\u0117s, j\u0173 poelgiai ir likimai.  Vieni\u0161i\u0173, apie kuriuos da\u017eniausiai ra\u0161o Edmundas Mal\u016bkas, klystkeliai beie\u0161kant meil\u0117s ir griebiantis verslo.  Mes visi vis\u0105 gyvenim\u0105 ie\u0161kome meil\u0117s, o nerad\u0119 mir\u0161tame vieni\u0161i. Meil\u0117s nenupirksi. Apie tai romanas \u201eMigla\u201c, - teigia autorius.\" \/>\n<meta property=\"og:url\" content=\"https:\/\/skaitytaknyga.lt\/en\/produktas\/edmundas-malukas-migla-1-dalis\/\" \/>\n<meta property=\"og:site_name\" content=\"Skaitytaknyga\" \/>\n<meta property=\"article:publisher\" content=\"https:\/\/www.facebook.com\/skaitytaknyga\/\" \/>\n<meta property=\"article:modified_time\" content=\"2025-05-12T06:56:12+00:00\" \/>\n<meta property=\"og:image\" content=\"https:\/\/skaitytaknyga.lt\/wp-content\/uploads\/2024\/04\/120053-20200824-222654.jpg\" \/>\n\t<meta property=\"og:image:width\" content=\"502\" \/>\n\t<meta property=\"og:image:height\" content=\"800\" \/>\n\t<meta property=\"og:image:type\" content=\"image\/jpeg\" \/>\n<meta name=\"twitter:card\" content=\"summary_large_image\" \/>\n<script type=\"application\/ld+json\" class=\"yoast-schema-graph\">{\"@context\":\"https:\\\/\\\/schema.org\",\"@graph\":[{\"@type\":\"WebPage\",\"@id\":\"https:\\\/\\\/skaitytaknyga.lt\\\/produktas\\\/edmundas-malukas-migla-1-dalis\\\/\",\"url\":\"https:\\\/\\\/skaitytaknyga.lt\\\/produktas\\\/edmundas-malukas-migla-1-dalis\\\/\",\"name\":\"Migla 1 dalis\",\"isPartOf\":{\"@id\":\"https:\\\/\\\/skaitytaknyga.lt\\\/#website\"},\"primaryImageOfPage\":{\"@id\":\"https:\\\/\\\/skaitytaknyga.lt\\\/produktas\\\/edmundas-malukas-migla-1-dalis\\\/#primaryimage\"},\"image\":{\"@id\":\"https:\\\/\\\/skaitytaknyga.lt\\\/produktas\\\/edmundas-malukas-migla-1-dalis\\\/#primaryimage\"},\"thumbnailUrl\":\"https:\\\/\\\/skaitytaknyga.lt\\\/wp-content\\\/uploads\\\/2024\\\/04\\\/120053-20200824-222654.jpg\",\"datePublished\":\"2024-04-17T13:43:43+00:00\",\"dateModified\":\"2025-05-12T06:56:12+00:00\",\"description\":\"Romane \u201eMigla\u201c apra\u0161omas laikotarpis, kai ai\u017e\u0117jo sovietme\u010dio santvarka ir k\u016br\u0117si Lietuvos valstyb\u0117, kaip vykstant permainoms keit\u0117si \u017emon\u0117s, j\u0173 poelgiai ir likimai. Vieni\u0161i\u0173, apie kuriuos da\u017eniausiai ra\u0161o Edmundas Mal\u016bkas, klystkeliai beie\u0161kant meil\u0117s ir griebiantis verslo. Mes visi vis\u0105 gyvenim\u0105 ie\u0161kome meil\u0117s, o nerad\u0119 mir\u0161tame vieni\u0161i. Meil\u0117s nenupirksi. Apie tai romanas \u201eMigla\u201c, - teigia autorius.\",\"breadcrumb\":{\"@id\":\"https:\\\/\\\/skaitytaknyga.lt\\\/produktas\\\/edmundas-malukas-migla-1-dalis\\\/#breadcrumb\"},\"inLanguage\":\"en-GB\",\"potentialAction\":[{\"@type\":\"ReadAction\",\"target\":[\"https:\\\/\\\/skaitytaknyga.lt\\\/produktas\\\/edmundas-malukas-migla-1-dalis\\\/\"]}]},{\"@type\":\"ImageObject\",\"inLanguage\":\"en-GB\",\"@id\":\"https:\\\/\\\/skaitytaknyga.lt\\\/produktas\\\/edmundas-malukas-migla-1-dalis\\\/#primaryimage\",\"url\":\"https:\\\/\\\/skaitytaknyga.lt\\\/wp-content\\\/uploads\\\/2024\\\/04\\\/120053-20200824-222654.jpg\",\"contentUrl\":\"https:\\\/\\\/skaitytaknyga.lt\\\/wp-content\\\/uploads\\\/2024\\\/04\\\/120053-20200824-222654.jpg\",\"width\":502,\"height\":800,\"caption\":\"120053 20200824 222654\"},{\"@type\":\"BreadcrumbList\",\"@id\":\"https:\\\/\\\/skaitytaknyga.lt\\\/produktas\\\/edmundas-malukas-migla-1-dalis\\\/#breadcrumb\",\"itemListElement\":[{\"@type\":\"ListItem\",\"position\":1,\"name\":\"Home\",\"item\":\"https:\\\/\\\/skaitytaknyga.lt\\\/\"},{\"@type\":\"ListItem\",\"position\":2,\"name\":\"Parduotuv\u0117\",\"item\":\"https:\\\/\\\/skaitytaknyga.lt\\\/knygu-parduotuve\\\/\"},{\"@type\":\"ListItem\",\"position\":3,\"name\":\"Migla 1 dalis\"}]},{\"@type\":\"WebSite\",\"@id\":\"https:\\\/\\\/skaitytaknyga.lt\\\/#website\",\"url\":\"https:\\\/\\\/skaitytaknyga.lt\\\/\",\"name\":\"skaitytaknyga.lt\",\"description\":\"Skaitytaknyga.lt \u2013 tai ma\u017eas \u0161eimos verslas, kuris prasid\u0117jo nuo meil\u0117s knygoms ir siekio i\u0161gelb\u0117ti knygas nuo likimo prie konteinerio. Kas vienam nereikalingas daiktas \u2013 kitam lobis, o mes esame tarpininkai, kurie padeda abiems tapti laimingesniems ???? \u017dinome kaip nelengva i\u0161gyventi ma\u017eiems verslams, tad nuo \u0161iol, \u010dia rasite ir kit\u0173, ma\u017e\u0173 \u0161eim\u0173 versl\u0173, rank\u0173 darbo, dovan\u0173 sau ir artimiesiems.\",\"publisher\":{\"@id\":\"https:\\\/\\\/skaitytaknyga.lt\\\/#organization\"},\"potentialAction\":[{\"@type\":\"SearchAction\",\"target\":{\"@type\":\"EntryPoint\",\"urlTemplate\":\"https:\\\/\\\/skaitytaknyga.lt\\\/?s={search_term_string}\"},\"query-input\":{\"@type\":\"PropertyValueSpecification\",\"valueRequired\":true,\"valueName\":\"search_term_string\"}}],\"inLanguage\":\"en-GB\"},{\"@type\":\"Organization\",\"@id\":\"https:\\\/\\\/skaitytaknyga.lt\\\/#organization\",\"name\":\"skaitytaknyga.lt\",\"url\":\"https:\\\/\\\/skaitytaknyga.lt\\\/\",\"logo\":{\"@type\":\"ImageObject\",\"inLanguage\":\"en-GB\",\"@id\":\"https:\\\/\\\/skaitytaknyga.lt\\\/#\\\/schema\\\/logo\\\/image\\\/\",\"url\":\"https:\\\/\\\/skaitytaknyga.lt\\\/wp-content\\\/uploads\\\/2024\\\/05\\\/cropped-cropped-cropped-02_00843_jt3bggkj1j3HLc7SyY6rEUpg.jpeg\",\"contentUrl\":\"https:\\\/\\\/skaitytaknyga.lt\\\/wp-content\\\/uploads\\\/2024\\\/05\\\/cropped-cropped-cropped-02_00843_jt3bggkj1j3HLc7SyY6rEUpg.jpeg\",\"width\":1600,\"height\":1600,\"caption\":\"skaitytaknyga.lt\"},\"image\":{\"@id\":\"https:\\\/\\\/skaitytaknyga.lt\\\/#\\\/schema\\\/logo\\\/image\\\/\"},\"sameAs\":[\"https:\\\/\\\/www.facebook.com\\\/skaitytaknyga\\\/\"]}]}<\/script>\n<!-- \/ Yoast SEO plugin. -->","yoast_head_json":{"title":"Migla 1 dalis","description":"Romane \u201eMigla\u201c apra\u0161omas laikotarpis, kai ai\u017e\u0117jo sovietme\u010dio santvarka ir k\u016br\u0117si Lietuvos valstyb\u0117, kaip vykstant permainoms keit\u0117si \u017emon\u0117s, j\u0173 poelgiai ir likimai.  Vieni\u0161i\u0173, apie kuriuos da\u017eniausiai ra\u0161o Edmundas Mal\u016bkas, klystkeliai beie\u0161kant meil\u0117s ir griebiantis verslo.  Mes visi vis\u0105 gyvenim\u0105 ie\u0161kome meil\u0117s, o nerad\u0119 mir\u0161tame vieni\u0161i. Meil\u0117s nenupirksi. Apie tai romanas \u201eMigla\u201c, - teigia autorius.","robots":{"index":"index","follow":"follow","max-snippet":"max-snippet:-1","max-image-preview":"max-image-preview:large","max-video-preview":"max-video-preview:-1"},"canonical":"https:\/\/skaitytaknyga.lt\/en\/produktas\/edmundas-malukas-migla-1-dalis\/","og_locale":"en_GB","og_type":"article","og_title":"[:lt]Migla 1 dalis[:] - Skaitytaknyga","og_description":"Romane \u201eMigla\u201c apra\u0161omas laikotarpis, kai ai\u017e\u0117jo sovietme\u010dio santvarka ir k\u016br\u0117si Lietuvos valstyb\u0117, kaip vykstant permainoms keit\u0117si \u017emon\u0117s, j\u0173 poelgiai ir likimai.  Vieni\u0161i\u0173, apie kuriuos da\u017eniausiai ra\u0161o Edmundas Mal\u016bkas, klystkeliai beie\u0161kant meil\u0117s ir griebiantis verslo.  Mes visi vis\u0105 gyvenim\u0105 ie\u0161kome meil\u0117s, o nerad\u0119 mir\u0161tame vieni\u0161i. Meil\u0117s nenupirksi. Apie tai romanas \u201eMigla\u201c, - teigia autorius.","og_url":"https:\/\/skaitytaknyga.lt\/en\/produktas\/edmundas-malukas-migla-1-dalis\/","og_site_name":"Skaitytaknyga","article_publisher":"https:\/\/www.facebook.com\/skaitytaknyga\/","article_modified_time":"2025-05-12T06:56:12+00:00","og_image":[{"width":502,"height":800,"url":"https:\/\/skaitytaknyga.lt\/wp-content\/uploads\/2024\/04\/120053-20200824-222654.jpg","type":"image\/jpeg"}],"twitter_card":"summary_large_image","schema":{"@context":"https:\/\/schema.org","@graph":[{"@type":"WebPage","@id":"https:\/\/skaitytaknyga.lt\/produktas\/edmundas-malukas-migla-1-dalis\/","url":"https:\/\/skaitytaknyga.lt\/produktas\/edmundas-malukas-migla-1-dalis\/","name":"Migla 1 dalis","isPartOf":{"@id":"https:\/\/skaitytaknyga.lt\/#website"},"primaryImageOfPage":{"@id":"https:\/\/skaitytaknyga.lt\/produktas\/edmundas-malukas-migla-1-dalis\/#primaryimage"},"image":{"@id":"https:\/\/skaitytaknyga.lt\/produktas\/edmundas-malukas-migla-1-dalis\/#primaryimage"},"thumbnailUrl":"https:\/\/skaitytaknyga.lt\/wp-content\/uploads\/2024\/04\/120053-20200824-222654.jpg","datePublished":"2024-04-17T13:43:43+00:00","dateModified":"2025-05-12T06:56:12+00:00","description":"Romane \u201eMigla\u201c apra\u0161omas laikotarpis, kai ai\u017e\u0117jo sovietme\u010dio santvarka ir k\u016br\u0117si Lietuvos valstyb\u0117, kaip vykstant permainoms keit\u0117si \u017emon\u0117s, j\u0173 poelgiai ir likimai. Vieni\u0161i\u0173, apie kuriuos da\u017eniausiai ra\u0161o Edmundas Mal\u016bkas, klystkeliai beie\u0161kant meil\u0117s ir griebiantis verslo. Mes visi vis\u0105 gyvenim\u0105 ie\u0161kome meil\u0117s, o nerad\u0119 mir\u0161tame vieni\u0161i. Meil\u0117s nenupirksi. Apie tai romanas \u201eMigla\u201c, - teigia autorius.","breadcrumb":{"@id":"https:\/\/skaitytaknyga.lt\/produktas\/edmundas-malukas-migla-1-dalis\/#breadcrumb"},"inLanguage":"en-GB","potentialAction":[{"@type":"ReadAction","target":["https:\/\/skaitytaknyga.lt\/produktas\/edmundas-malukas-migla-1-dalis\/"]}]},{"@type":"ImageObject","inLanguage":"en-GB","@id":"https:\/\/skaitytaknyga.lt\/produktas\/edmundas-malukas-migla-1-dalis\/#primaryimage","url":"https:\/\/skaitytaknyga.lt\/wp-content\/uploads\/2024\/04\/120053-20200824-222654.jpg","contentUrl":"https:\/\/skaitytaknyga.lt\/wp-content\/uploads\/2024\/04\/120053-20200824-222654.jpg","width":502,"height":800,"caption":"120053 20200824 222654"},{"@type":"BreadcrumbList","@id":"https:\/\/skaitytaknyga.lt\/produktas\/edmundas-malukas-migla-1-dalis\/#breadcrumb","itemListElement":[{"@type":"ListItem","position":1,"name":"Home","item":"https:\/\/skaitytaknyga.lt\/"},{"@type":"ListItem","position":2,"name":"Parduotuv\u0117","item":"https:\/\/skaitytaknyga.lt\/knygu-parduotuve\/"},{"@type":"ListItem","position":3,"name":"Migla 1 dalis"}]},{"@type":"WebSite","@id":"https:\/\/skaitytaknyga.lt\/#website","url":"https:\/\/skaitytaknyga.lt\/","name":"skaitytaknyga.lt","description":"Skaitytaknyga.lt \u2013 tai ma\u017eas \u0161eimos verslas, kuris prasid\u0117jo nuo meil\u0117s knygoms ir siekio i\u0161gelb\u0117ti knygas nuo likimo prie konteinerio. Kas vienam nereikalingas daiktas \u2013 kitam lobis, o mes esame tarpininkai, kurie padeda abiems tapti laimingesniems ???? \u017dinome kaip nelengva i\u0161gyventi ma\u017eiems verslams, tad nuo \u0161iol, \u010dia rasite ir kit\u0173, ma\u017e\u0173 \u0161eim\u0173 versl\u0173, rank\u0173 darbo, dovan\u0173 sau ir artimiesiems.","publisher":{"@id":"https:\/\/skaitytaknyga.lt\/#organization"},"potentialAction":[{"@type":"SearchAction","target":{"@type":"EntryPoint","urlTemplate":"https:\/\/skaitytaknyga.lt\/?s={search_term_string}"},"query-input":{"@type":"PropertyValueSpecification","valueRequired":true,"valueName":"search_term_string"}}],"inLanguage":"en-GB"},{"@type":"Organization","@id":"https:\/\/skaitytaknyga.lt\/#organization","name":"skaitytaknyga.lt","url":"https:\/\/skaitytaknyga.lt\/","logo":{"@type":"ImageObject","inLanguage":"en-GB","@id":"https:\/\/skaitytaknyga.lt\/#\/schema\/logo\/image\/","url":"https:\/\/skaitytaknyga.lt\/wp-content\/uploads\/2024\/05\/cropped-cropped-cropped-02_00843_jt3bggkj1j3HLc7SyY6rEUpg.jpeg","contentUrl":"https:\/\/skaitytaknyga.lt\/wp-content\/uploads\/2024\/05\/cropped-cropped-cropped-02_00843_jt3bggkj1j3HLc7SyY6rEUpg.jpeg","width":1600,"height":1600,"caption":"skaitytaknyga.lt"},"image":{"@id":"https:\/\/skaitytaknyga.lt\/#\/schema\/logo\/image\/"},"sameAs":["https:\/\/www.facebook.com\/skaitytaknyga\/"]}]}},"_links":{"self":[{"href":"https:\/\/skaitytaknyga.lt\/en\/wp-json\/wp\/v2\/product\/4149","targetHints":{"allow":["GET"]}}],"collection":[{"href":"https:\/\/skaitytaknyga.lt\/en\/wp-json\/wp\/v2\/product"}],"about":[{"href":"https:\/\/skaitytaknyga.lt\/en\/wp-json\/wp\/v2\/types\/product"}],"replies":[{"embeddable":true,"href":"https:\/\/skaitytaknyga.lt\/en\/wp-json\/wp\/v2\/comments?post=4149"}],"wp:featuredmedia":[{"embeddable":true,"href":"https:\/\/skaitytaknyga.lt\/en\/wp-json\/wp\/v2\/media\/4186"}],"wp:attachment":[{"href":"https:\/\/skaitytaknyga.lt\/en\/wp-json\/wp\/v2\/media?parent=4149"}],"wp:term":[{"taxonomy":"product_brand","embeddable":true,"href":"https:\/\/skaitytaknyga.lt\/en\/wp-json\/wp\/v2\/product_brand?post=4149"},{"taxonomy":"product_cat","embeddable":true,"href":"https:\/\/skaitytaknyga.lt\/en\/wp-json\/wp\/v2\/product_cat?post=4149"},{"taxonomy":"product_tag","embeddable":true,"href":"https:\/\/skaitytaknyga.lt\/en\/wp-json\/wp\/v2\/product_tag?post=4149"}],"curies":[{"name":"wp","href":"https:\/\/api.w.org\/{rel}","templated":true}]}}