{"id":4145,"date":"2024-04-17T13:43:43","date_gmt":"2024-04-17T13:43:43","guid":{"rendered":"https:\/\/skaitytaknyga.lt\/?post_type=product&#038;p=4145"},"modified":"2025-06-26T16:09:51","modified_gmt":"2025-06-26T13:09:51","slug":"antanas-gailius-pro-mansardos-langa","status":"publish","type":"product","link":"https:\/\/skaitytaknyga.lt\/en\/produktas\/antanas-gailius-pro-mansardos-langa\/","title":{"rendered":"Pro mansardos lang\u0105"},"content":{"rendered":"<p>Tai kitokios kalb\u0117senos tekstai. Ne r\u0117ksmingi, ne apsimestinai dramati\u0161ki, m\u0105sl\u016bs, tarpais kiek melancholi\u0161ki, bet visada persunkti gyvenimo patirtyje subrendusios vilties.<br \/>\n\u017dmoni\u0173 veidai, politikos ir kult\u016bros reikalai, netektys ir atradimai \u2013 viskas susilieja \u012f vientis\u0105 paveiksl\u0105, naujo t\u016bkstantme\u010dio pirmo de\u0161imtme\u010dio vaizd\u0105, regim\u0105 Antano Gailiaus \u2013 Nacionalin\u0117s premijos laureato, poeto, vert\u0117jo, visuomenininko akimis.<\/p>\n","protected":false},"excerpt":{"rendered":"<p>Tai kitokios kalb\u0117senos tekstai. Ne r\u0117ksmingi, ne apsimestinai dramati\u0161ki, m\u0105sl\u016bs, tarpais kiek melancholi\u0161ki, bet visada persunkti gyvenimo patirtyje subrendusios vilties.<br \/>\n\u017dmoni\u0173 veidai, politikos ir kult\u016bros reikalai, netektys ir atradimai \u2013 viskas susilieja \u012f vientis\u0105 paveiksl\u0105, naujo t\u016bkstantme\u010dio pirmo de\u0161imtme\u010dio vaizd\u0105, regim\u0105 Antano Gailiaus \u2013 Nacionalin\u0117s premijos laureato, poeto, vert\u0117jo, visuomenininko akimis.<\/p>\n","protected":false},"featured_media":4164,"comment_status":"closed","ping_status":"closed","template":"","meta":{"_acf_changed":false,"site-sidebar-layout":"default","site-content-layout":"","ast-site-content-layout":"default","site-content-style":"default","site-sidebar-style":"default","ast-global-header-display":"","ast-banner-title-visibility":"","ast-main-header-display":"","ast-hfb-above-header-display":"","ast-hfb-below-header-display":"","ast-hfb-mobile-header-display":"","site-post-title":"","ast-breadcrumbs-content":"","ast-featured-img":"","footer-sml-layout":"","ast-disable-related-posts":"","theme-transparent-header-meta":"","adv-header-id-meta":"","stick-header-meta":"","header-above-stick-meta":"","header-main-stick-meta":"","header-below-stick-meta":"","astra-migrate-meta-layouts":"default","ast-page-background-enabled":"default","ast-page-background-meta":{"desktop":{"background-color":"","background-image":"","background-repeat":"repeat","background-position":"center center","background-size":"auto","background-attachment":"scroll","background-type":"","background-media":"","overlay-type":"","overlay-color":"","overlay-opacity":"","overlay-gradient":""},"tablet":{"background-color":"","background-image":"","background-repeat":"repeat","background-position":"center center","background-size":"auto","background-attachment":"scroll","background-type":"","background-media":"","overlay-type":"","overlay-color":"","overlay-opacity":"","overlay-gradient":""},"mobile":{"background-color":"","background-image":"","background-repeat":"repeat","background-position":"center center","background-size":"auto","background-attachment":"scroll","background-type":"","background-media":"","overlay-type":"","overlay-color":"","overlay-opacity":"","overlay-gradient":""}},"ast-content-background-meta":{"desktop":{"background-color":"var(--ast-global-color-4)","background-image":"","background-repeat":"repeat","background-position":"center center","background-size":"auto","background-attachment":"scroll","background-type":"","background-media":"","overlay-type":"","overlay-color":"","overlay-opacity":"","overlay-gradient":""},"tablet":{"background-color":"var(--ast-global-color-4)","background-image":"","background-repeat":"repeat","background-position":"center center","background-size":"auto","background-attachment":"scroll","background-type":"","background-media":"","overlay-type":"","overlay-color":"","overlay-opacity":"","overlay-gradient":""},"mobile":{"background-color":"var(--ast-global-color-4)","background-image":"","background-repeat":"repeat","background-position":"center center","background-size":"auto","background-attachment":"scroll","background-type":"","background-media":"","overlay-type":"","overlay-color":"","overlay-opacity":"","overlay-gradient":""}}},"product_brand":[],"product_cat":[31],"product_tag":[5970,5971,2376,1744,5766,1809,2395],"class_list":{"0":"post-4145","1":"product","2":"type-product","3":"status-publish","4":"has-post-thumbnail","6":"product_cat-grozine-literatura","7":"product_tag-antanas-gailius","8":"product_tag-gyvenimo-patirtis","9":"product_tag-kultura","10":"product_tag-lietuviu-literatura","11":"product_tag-melancholija","12":"product_tag-poezija","13":"product_tag-politika","14":"desktop-align-left","15":"tablet-align-left","16":"mobile-align-left","18":"first","19":"instock","20":"shipping-taxable","21":"purchasable","22":"product-type-simple"},"acf":[],"yoast_head":"<!-- This site is optimized with the Yoast SEO plugin v27.0 - https:\/\/yoast.com\/product\/yoast-seo-wordpress\/ -->\n<title>Pro mansardos lang\u0105<\/title>\n<meta name=\"description\" content=\"Tai kitokios kalb\u0117senos tekstai. Ne r\u0117ksmingi, ne apsimestinai dramati\u0161ki, m\u0105sl\u016bs, tarpais kiek melancholi\u0161ki, bet visada persunkti gyvenimo patirtyje subrendusios vilties. \u017dmoni\u0173 veidai, politikos ir kult\u016bros reikalai, netektys ir atradimai \u2013 viskas susilieja \u012f vientis\u0105 paveiksl\u0105, naujo t\u016bkstantme\u010dio pirmo de\u0161imtme\u010dio vaizd\u0105, regim\u0105 Antano Gailiaus \u2013 Nacionalin\u0117s premijos laureato, poeto, vert\u0117jo, visuomenininko akimis.\" \/>\n<meta name=\"robots\" content=\"index, follow, max-snippet:-1, max-image-preview:large, max-video-preview:-1\" \/>\n<link rel=\"canonical\" href=\"https:\/\/skaitytaknyga.lt\/en\/produktas\/antanas-gailius-pro-mansardos-langa\/\" \/>\n<meta property=\"og:locale\" content=\"en_GB\" \/>\n<meta property=\"og:locale:alternate\" content=\"lt_LT\" \/>\n<meta property=\"og:type\" content=\"article\" \/>\n<meta property=\"og:title\" content=\"Pro mansardos lang\u0105\" \/>\n<meta property=\"og:description\" content=\"Tai kitokios kalb\u0117senos tekstai. Ne r\u0117ksmingi, ne apsimestinai dramati\u0161ki, m\u0105sl\u016bs, tarpais kiek melancholi\u0161ki, bet visada persunkti gyvenimo patirtyje subrendusios vilties. \u017dmoni\u0173 veidai, politikos ir kult\u016bros reikalai, netektys ir atradimai \u2013 viskas susilieja \u012f vientis\u0105 paveiksl\u0105, naujo t\u016bkstantme\u010dio pirmo de\u0161imtme\u010dio vaizd\u0105, regim\u0105 Antano Gailiaus \u2013 Nacionalin\u0117s premijos laureato, poeto, vert\u0117jo, visuomenininko akimis.\" \/>\n<meta property=\"og:url\" content=\"https:\/\/skaitytaknyga.lt\/en\/produktas\/antanas-gailius-pro-mansardos-langa\/\" \/>\n<meta property=\"og:site_name\" content=\"Skaitytaknyga\" \/>\n<meta property=\"article:publisher\" content=\"https:\/\/www.facebook.com\/skaitytaknyga\/\" \/>\n<meta property=\"article:modified_time\" content=\"2025-06-26T13:09:51+00:00\" \/>\n<meta property=\"og:image\" content=\"https:\/\/skaitytaknyga.lt\/wp-content\/uploads\/2024\/04\/1462875390_promansardoslanga.jpg\" \/>\n\t<meta property=\"og:image:width\" content=\"264\" \/>\n\t<meta property=\"og:image:height\" content=\"402\" \/>\n\t<meta property=\"og:image:type\" content=\"image\/jpeg\" \/>\n<meta name=\"twitter:card\" content=\"summary_large_image\" \/>\n<script type=\"application\/ld+json\" class=\"yoast-schema-graph\">{\"@context\":\"https:\/\/schema.org\",\"@graph\":[{\"@type\":\"WebPage\",\"@id\":\"https:\/\/skaitytaknyga.lt\/produktas\/antanas-gailius-pro-mansardos-langa\/\",\"url\":\"https:\/\/skaitytaknyga.lt\/produktas\/antanas-gailius-pro-mansardos-langa\/\",\"name\":\"Pro mansardos lang\u0105\",\"isPartOf\":{\"@id\":\"https:\/\/skaitytaknyga.lt\/#website\"},\"primaryImageOfPage\":{\"@id\":\"https:\/\/skaitytaknyga.lt\/produktas\/antanas-gailius-pro-mansardos-langa\/#primaryimage\"},\"image\":{\"@id\":\"https:\/\/skaitytaknyga.lt\/produktas\/antanas-gailius-pro-mansardos-langa\/#primaryimage\"},\"thumbnailUrl\":\"https:\/\/skaitytaknyga.lt\/wp-content\/uploads\/2024\/04\/1462875390_promansardoslanga.jpg\",\"datePublished\":\"2024-04-17T13:43:43+00:00\",\"dateModified\":\"2025-06-26T13:09:51+00:00\",\"description\":\"Tai kitokios kalb\u0117senos tekstai. Ne r\u0117ksmingi, ne apsimestinai dramati\u0161ki, m\u0105sl\u016bs, tarpais kiek melancholi\u0161ki, bet visada persunkti gyvenimo patirtyje subrendusios vilties. \u017dmoni\u0173 veidai, politikos ir kult\u016bros reikalai, netektys ir atradimai \u2013 viskas susilieja \u012f vientis\u0105 paveiksl\u0105, naujo t\u016bkstantme\u010dio pirmo de\u0161imtme\u010dio vaizd\u0105, regim\u0105 Antano Gailiaus \u2013 Nacionalin\u0117s premijos laureato, poeto, vert\u0117jo, visuomenininko akimis.\",\"breadcrumb\":{\"@id\":\"https:\/\/skaitytaknyga.lt\/produktas\/antanas-gailius-pro-mansardos-langa\/#breadcrumb\"},\"inLanguage\":\"en-GB\",\"potentialAction\":[{\"@type\":\"ReadAction\",\"target\":[\"https:\/\/skaitytaknyga.lt\/produktas\/antanas-gailius-pro-mansardos-langa\/\"]}]},{\"@type\":\"ImageObject\",\"inLanguage\":\"en-GB\",\"@id\":\"https:\/\/skaitytaknyga.lt\/produktas\/antanas-gailius-pro-mansardos-langa\/#primaryimage\",\"url\":\"https:\/\/skaitytaknyga.lt\/wp-content\/uploads\/2024\/04\/1462875390_promansardoslanga.jpg\",\"contentUrl\":\"https:\/\/skaitytaknyga.lt\/wp-content\/uploads\/2024\/04\/1462875390_promansardoslanga.jpg\",\"width\":264,\"height\":402,\"caption\":\"1462875390 promansardoslanga\"},{\"@type\":\"BreadcrumbList\",\"@id\":\"https:\/\/skaitytaknyga.lt\/produktas\/antanas-gailius-pro-mansardos-langa\/#breadcrumb\",\"itemListElement\":[{\"@type\":\"ListItem\",\"position\":1,\"name\":\"Home\",\"item\":\"https:\/\/skaitytaknyga.lt\/\"},{\"@type\":\"ListItem\",\"position\":2,\"name\":\"Parduotuv\u0117\",\"item\":\"https:\/\/skaitytaknyga.lt\/knygu-parduotuve\/\"},{\"@type\":\"ListItem\",\"position\":3,\"name\":\"Pro mansardos lang\u0105\"}]},{\"@type\":\"WebSite\",\"@id\":\"https:\/\/skaitytaknyga.lt\/#website\",\"url\":\"https:\/\/skaitytaknyga.lt\/\",\"name\":\"skaitytaknyga.lt\",\"description\":\"Skaitytaknyga.lt \u2013 tai ma\u017eas \u0161eimos verslas, kuris prasid\u0117jo nuo meil\u0117s knygoms ir siekio i\u0161gelb\u0117ti knygas nuo likimo prie konteinerio. Kas vienam nereikalingas daiktas \u2013 kitam lobis, o mes esame tarpininkai, kurie padeda abiems tapti laimingesniems ???? \u017dinome kaip nelengva i\u0161gyventi ma\u017eiems verslams, tad nuo \u0161iol, \u010dia rasite ir kit\u0173, ma\u017e\u0173 \u0161eim\u0173 versl\u0173, rank\u0173 darbo, dovan\u0173 sau ir artimiesiems.\",\"publisher\":{\"@id\":\"https:\/\/skaitytaknyga.lt\/#organization\"},\"potentialAction\":[{\"@type\":\"SearchAction\",\"target\":{\"@type\":\"EntryPoint\",\"urlTemplate\":\"https:\/\/skaitytaknyga.lt\/?s={search_term_string}\"},\"query-input\":{\"@type\":\"PropertyValueSpecification\",\"valueRequired\":true,\"valueName\":\"search_term_string\"}}],\"inLanguage\":\"en-GB\"},{\"@type\":\"Organization\",\"@id\":\"https:\/\/skaitytaknyga.lt\/#organization\",\"name\":\"skaitytaknyga.lt\",\"url\":\"https:\/\/skaitytaknyga.lt\/\",\"logo\":{\"@type\":\"ImageObject\",\"inLanguage\":\"en-GB\",\"@id\":\"https:\/\/skaitytaknyga.lt\/#\/schema\/logo\/image\/\",\"url\":\"https:\/\/skaitytaknyga.lt\/wp-content\/uploads\/2024\/05\/cropped-cropped-cropped-02_00843_jt3bggkj1j3HLc7SyY6rEUpg.jpeg\",\"contentUrl\":\"https:\/\/skaitytaknyga.lt\/wp-content\/uploads\/2024\/05\/cropped-cropped-cropped-02_00843_jt3bggkj1j3HLc7SyY6rEUpg.jpeg\",\"width\":1600,\"height\":1600,\"caption\":\"skaitytaknyga.lt\"},\"image\":{\"@id\":\"https:\/\/skaitytaknyga.lt\/#\/schema\/logo\/image\/\"},\"sameAs\":[\"https:\/\/www.facebook.com\/skaitytaknyga\/\"]}]}<\/script>\n<!-- \/ Yoast SEO plugin. -->","yoast_head_json":{"title":"Pro mansardos lang\u0105","description":"Tai kitokios kalb\u0117senos tekstai. Ne r\u0117ksmingi, ne apsimestinai dramati\u0161ki, m\u0105sl\u016bs, tarpais kiek melancholi\u0161ki, bet visada persunkti gyvenimo patirtyje subrendusios vilties. \u017dmoni\u0173 veidai, politikos ir kult\u016bros reikalai, netektys ir atradimai \u2013 viskas susilieja \u012f vientis\u0105 paveiksl\u0105, naujo t\u016bkstantme\u010dio pirmo de\u0161imtme\u010dio vaizd\u0105, regim\u0105 Antano Gailiaus \u2013 Nacionalin\u0117s premijos laureato, poeto, vert\u0117jo, visuomenininko akimis.","robots":{"index":"index","follow":"follow","max-snippet":"max-snippet:-1","max-image-preview":"max-image-preview:large","max-video-preview":"max-video-preview:-1"},"canonical":"https:\/\/skaitytaknyga.lt\/en\/produktas\/antanas-gailius-pro-mansardos-langa\/","og_locale":"en_GB","og_type":"article","og_title":"[:lt]Pro mansardos lang\u0105[:] - Skaitytaknyga","og_description":"Tai kitokios kalb\u0117senos tekstai. Ne r\u0117ksmingi, ne apsimestinai dramati\u0161ki, m\u0105sl\u016bs, tarpais kiek melancholi\u0161ki, bet visada persunkti gyvenimo patirtyje subrendusios vilties. \u017dmoni\u0173 veidai, politikos ir kult\u016bros reikalai, netektys ir atradimai \u2013 viskas susilieja \u012f vientis\u0105 paveiksl\u0105, naujo t\u016bkstantme\u010dio pirmo de\u0161imtme\u010dio vaizd\u0105, regim\u0105 Antano Gailiaus \u2013 Nacionalin\u0117s premijos laureato, poeto, vert\u0117jo, visuomenininko akimis.","og_url":"https:\/\/skaitytaknyga.lt\/en\/produktas\/antanas-gailius-pro-mansardos-langa\/","og_site_name":"Skaitytaknyga","article_publisher":"https:\/\/www.facebook.com\/skaitytaknyga\/","article_modified_time":"2025-06-26T13:09:51+00:00","og_image":[{"width":264,"height":402,"url":"https:\/\/skaitytaknyga.lt\/wp-content\/uploads\/2024\/04\/1462875390_promansardoslanga.jpg","type":"image\/jpeg"}],"twitter_card":"summary_large_image","schema":{"@context":"https:\/\/schema.org","@graph":[{"@type":"WebPage","@id":"https:\/\/skaitytaknyga.lt\/produktas\/antanas-gailius-pro-mansardos-langa\/","url":"https:\/\/skaitytaknyga.lt\/produktas\/antanas-gailius-pro-mansardos-langa\/","name":"Pro mansardos lang\u0105","isPartOf":{"@id":"https:\/\/skaitytaknyga.lt\/#website"},"primaryImageOfPage":{"@id":"https:\/\/skaitytaknyga.lt\/produktas\/antanas-gailius-pro-mansardos-langa\/#primaryimage"},"image":{"@id":"https:\/\/skaitytaknyga.lt\/produktas\/antanas-gailius-pro-mansardos-langa\/#primaryimage"},"thumbnailUrl":"https:\/\/skaitytaknyga.lt\/wp-content\/uploads\/2024\/04\/1462875390_promansardoslanga.jpg","datePublished":"2024-04-17T13:43:43+00:00","dateModified":"2025-06-26T13:09:51+00:00","description":"Tai kitokios kalb\u0117senos tekstai. Ne r\u0117ksmingi, ne apsimestinai dramati\u0161ki, m\u0105sl\u016bs, tarpais kiek melancholi\u0161ki, bet visada persunkti gyvenimo patirtyje subrendusios vilties. \u017dmoni\u0173 veidai, politikos ir kult\u016bros reikalai, netektys ir atradimai \u2013 viskas susilieja \u012f vientis\u0105 paveiksl\u0105, naujo t\u016bkstantme\u010dio pirmo de\u0161imtme\u010dio vaizd\u0105, regim\u0105 Antano Gailiaus \u2013 Nacionalin\u0117s premijos laureato, poeto, vert\u0117jo, visuomenininko akimis.","breadcrumb":{"@id":"https:\/\/skaitytaknyga.lt\/produktas\/antanas-gailius-pro-mansardos-langa\/#breadcrumb"},"inLanguage":"en-GB","potentialAction":[{"@type":"ReadAction","target":["https:\/\/skaitytaknyga.lt\/produktas\/antanas-gailius-pro-mansardos-langa\/"]}]},{"@type":"ImageObject","inLanguage":"en-GB","@id":"https:\/\/skaitytaknyga.lt\/produktas\/antanas-gailius-pro-mansardos-langa\/#primaryimage","url":"https:\/\/skaitytaknyga.lt\/wp-content\/uploads\/2024\/04\/1462875390_promansardoslanga.jpg","contentUrl":"https:\/\/skaitytaknyga.lt\/wp-content\/uploads\/2024\/04\/1462875390_promansardoslanga.jpg","width":264,"height":402,"caption":"1462875390 promansardoslanga"},{"@type":"BreadcrumbList","@id":"https:\/\/skaitytaknyga.lt\/produktas\/antanas-gailius-pro-mansardos-langa\/#breadcrumb","itemListElement":[{"@type":"ListItem","position":1,"name":"Home","item":"https:\/\/skaitytaknyga.lt\/"},{"@type":"ListItem","position":2,"name":"Parduotuv\u0117","item":"https:\/\/skaitytaknyga.lt\/knygu-parduotuve\/"},{"@type":"ListItem","position":3,"name":"Pro mansardos lang\u0105"}]},{"@type":"WebSite","@id":"https:\/\/skaitytaknyga.lt\/#website","url":"https:\/\/skaitytaknyga.lt\/","name":"skaitytaknyga.lt","description":"Skaitytaknyga.lt \u2013 tai ma\u017eas \u0161eimos verslas, kuris prasid\u0117jo nuo meil\u0117s knygoms ir siekio i\u0161gelb\u0117ti knygas nuo likimo prie konteinerio. Kas vienam nereikalingas daiktas \u2013 kitam lobis, o mes esame tarpininkai, kurie padeda abiems tapti laimingesniems ???? \u017dinome kaip nelengva i\u0161gyventi ma\u017eiems verslams, tad nuo \u0161iol, \u010dia rasite ir kit\u0173, ma\u017e\u0173 \u0161eim\u0173 versl\u0173, rank\u0173 darbo, dovan\u0173 sau ir artimiesiems.","publisher":{"@id":"https:\/\/skaitytaknyga.lt\/#organization"},"potentialAction":[{"@type":"SearchAction","target":{"@type":"EntryPoint","urlTemplate":"https:\/\/skaitytaknyga.lt\/?s={search_term_string}"},"query-input":{"@type":"PropertyValueSpecification","valueRequired":true,"valueName":"search_term_string"}}],"inLanguage":"en-GB"},{"@type":"Organization","@id":"https:\/\/skaitytaknyga.lt\/#organization","name":"skaitytaknyga.lt","url":"https:\/\/skaitytaknyga.lt\/","logo":{"@type":"ImageObject","inLanguage":"en-GB","@id":"https:\/\/skaitytaknyga.lt\/#\/schema\/logo\/image\/","url":"https:\/\/skaitytaknyga.lt\/wp-content\/uploads\/2024\/05\/cropped-cropped-cropped-02_00843_jt3bggkj1j3HLc7SyY6rEUpg.jpeg","contentUrl":"https:\/\/skaitytaknyga.lt\/wp-content\/uploads\/2024\/05\/cropped-cropped-cropped-02_00843_jt3bggkj1j3HLc7SyY6rEUpg.jpeg","width":1600,"height":1600,"caption":"skaitytaknyga.lt"},"image":{"@id":"https:\/\/skaitytaknyga.lt\/#\/schema\/logo\/image\/"},"sameAs":["https:\/\/www.facebook.com\/skaitytaknyga\/"]}]}},"_links":{"self":[{"href":"https:\/\/skaitytaknyga.lt\/en\/wp-json\/wp\/v2\/product\/4145","targetHints":{"allow":["GET"]}}],"collection":[{"href":"https:\/\/skaitytaknyga.lt\/en\/wp-json\/wp\/v2\/product"}],"about":[{"href":"https:\/\/skaitytaknyga.lt\/en\/wp-json\/wp\/v2\/types\/product"}],"replies":[{"embeddable":true,"href":"https:\/\/skaitytaknyga.lt\/en\/wp-json\/wp\/v2\/comments?post=4145"}],"wp:featuredmedia":[{"embeddable":true,"href":"https:\/\/skaitytaknyga.lt\/en\/wp-json\/wp\/v2\/media\/4164"}],"wp:attachment":[{"href":"https:\/\/skaitytaknyga.lt\/en\/wp-json\/wp\/v2\/media?parent=4145"}],"wp:term":[{"taxonomy":"product_brand","embeddable":true,"href":"https:\/\/skaitytaknyga.lt\/en\/wp-json\/wp\/v2\/product_brand?post=4145"},{"taxonomy":"product_cat","embeddable":true,"href":"https:\/\/skaitytaknyga.lt\/en\/wp-json\/wp\/v2\/product_cat?post=4145"},{"taxonomy":"product_tag","embeddable":true,"href":"https:\/\/skaitytaknyga.lt\/en\/wp-json\/wp\/v2\/product_tag?post=4145"}],"curies":[{"name":"wp","href":"https:\/\/api.w.org\/{rel}","templated":true}]}}