{"id":4089,"date":"2024-04-17T13:41:46","date_gmt":"2024-04-17T13:41:46","guid":{"rendered":"https:\/\/skaitytaknyga.lt\/?post_type=product&#038;p=4089"},"modified":"2026-03-07T10:30:58","modified_gmt":"2026-03-07T08:30:58","slug":"kobas-abe-svetimas-veidas","status":"publish","type":"product","link":"https:\/\/skaitytaknyga.lt\/en\/produktas\/kobas-abe-svetimas-veidas\/","title":{"rendered":"Kobas Ab\u0117 \u201eSvetimas veidas\u201c"},"content":{"rendered":"<p>Romane-alegorijoje \u201eSvetimas veidas\u201c (1973), turin\u010diame fantastikos ir detektyvo element\u0173, Kobo Ab\u0117 kelia \u017emoni\u0173 susvetim\u0117jimo, asmenyb\u0117s niveliacijos, vieni\u0161umo visuomen\u0117je problemas. Nuo mokslininko su\u017ealotu aptvarstytu veidu nutolsta kolegos, \u017emona, nusigr\u0119\u017eia keleiviai traukinyje. Lyg ir i\u0161ganinga id\u0117ja pasidaryti nauj\u0105 veid\u0105-kauk\u0119 atsisuka prie\u0161 pat\u012f Kobo Ab\u0117s heroj\u0173. Prasideda pain\u016bs paties veik\u0117jo santykiai su savo kauke, jo dvilypumas. Apie kauk\u0117s paveiksl\u0105 romane sukasi i\u0161tisas moralini\u0173, filosofini\u0173 ir socialini\u0173 problem\u0173 kompleksas.<\/p>\n<p>Romanas \u201eSvetimas veidas\u201c \u2013 tai vieni\u0161o bevard\u017eio \u017emogaus su kauke u\u017era\u0161ai, tai jo skausminga i\u0161pa\u017eintis \u017emonai.<\/p>\n","protected":false},"excerpt":{"rendered":"<p>Romane-alegorijoje \u201eSvetimas veidas\u201c (1973), turin\u010diame fantastikos ir detektyvo element\u0173, Kobo Ab\u0117 kelia \u017emoni\u0173 susvetim\u0117jimo, asmenyb\u0117s niveliacijos, vieni\u0161umo visuomen\u0117je problemas. Nuo mokslininko su\u017ealotu aptvarstytu veidu nutolsta kolegos, \u017emona, nusigr\u0119\u017eia keleiviai traukinyje. Lyg ir i\u0161ganinga id\u0117ja pasidaryti nauj\u0105 veid\u0105-kauk\u0119 atsisuka prie\u0161 pat\u012f Kobo Ab\u0117s heroj\u0173. Prasideda pain\u016bs paties veik\u0117jo santykiai su savo kauke, jo dvilypumas. Apie kauk\u0117s paveiksl\u0105 romane sukasi i\u0161tisas moralini\u0173, filosofini\u0173 ir socialini\u0173 problem\u0173 kompleksas.<\/p>\n<p>Romanas \u201eSvetimas veidas\u201c \u2013 tai vieni\u0161o bevard\u017eio \u017emogaus su kauke u\u017era\u0161ai, tai jo skausminga i\u0161pa\u017eintis \u017emonai.<\/p>\n","protected":false},"featured_media":4130,"comment_status":"closed","ping_status":"closed","template":"","meta":{"_acf_changed":false,"site-sidebar-layout":"default","site-content-layout":"","ast-site-content-layout":"default","site-content-style":"default","site-sidebar-style":"default","ast-global-header-display":"","ast-banner-title-visibility":"","ast-main-header-display":"","ast-hfb-above-header-display":"","ast-hfb-below-header-display":"","ast-hfb-mobile-header-display":"","site-post-title":"","ast-breadcrumbs-content":"","ast-featured-img":"","footer-sml-layout":"","ast-disable-related-posts":"","theme-transparent-header-meta":"","adv-header-id-meta":"","stick-header-meta":"","header-above-stick-meta":"","header-main-stick-meta":"","header-below-stick-meta":"","astra-migrate-meta-layouts":"default","ast-page-background-enabled":"default","ast-page-background-meta":{"desktop":{"background-color":"","background-image":"","background-repeat":"repeat","background-position":"center center","background-size":"auto","background-attachment":"scroll","background-type":"","background-media":"","overlay-type":"","overlay-color":"","overlay-opacity":"","overlay-gradient":""},"tablet":{"background-color":"","background-image":"","background-repeat":"repeat","background-position":"center center","background-size":"auto","background-attachment":"scroll","background-type":"","background-media":"","overlay-type":"","overlay-color":"","overlay-opacity":"","overlay-gradient":""},"mobile":{"background-color":"","background-image":"","background-repeat":"repeat","background-position":"center center","background-size":"auto","background-attachment":"scroll","background-type":"","background-media":"","overlay-type":"","overlay-color":"","overlay-opacity":"","overlay-gradient":""}},"ast-content-background-meta":{"desktop":{"background-color":"var(--ast-global-color-4)","background-image":"","background-repeat":"repeat","background-position":"center center","background-size":"auto","background-attachment":"scroll","background-type":"","background-media":"","overlay-type":"","overlay-color":"","overlay-opacity":"","overlay-gradient":""},"tablet":{"background-color":"var(--ast-global-color-4)","background-image":"","background-repeat":"repeat","background-position":"center center","background-size":"auto","background-attachment":"scroll","background-type":"","background-media":"","overlay-type":"","overlay-color":"","overlay-opacity":"","overlay-gradient":""},"mobile":{"background-color":"var(--ast-global-color-4)","background-image":"","background-repeat":"repeat","background-position":"center center","background-size":"auto","background-attachment":"scroll","background-type":"","background-media":"","overlay-type":"","overlay-color":"","overlay-opacity":"","overlay-gradient":""}}},"product_brand":[],"product_cat":[31],"product_tag":[],"class_list":{"0":"post-4089","1":"product","2":"type-product","3":"status-publish","4":"has-post-thumbnail","6":"product_cat-grozine-literatura","7":"desktop-align-left","8":"tablet-align-left","9":"mobile-align-left","11":"first","12":"instock","13":"shipping-taxable","14":"purchasable","15":"product-type-simple"},"acf":[],"yoast_head":"<!-- This site is optimized with the Yoast SEO plugin v27.0 - https:\/\/yoast.com\/product\/yoast-seo-wordpress\/ -->\n<title>Kobas Ab\u0117 \u201eSvetimas veidas\u201c - Skaitytaknyga<\/title>\n<meta name=\"description\" content=\"Romane-alegorijoje \u201eSvetimas veidas\u201c (1973), turin\u010diame fantastikos ir detektyvo element\u0173, Kobo Ab\u0117 kelia \u017emoni\u0173 susvetim\u0117jimo, asmenyb\u0117s niveliacijos, vieni\u0161umo visuomen\u0117je problemas. Nuo mokslininko su\u017ealotu aptvarstytu veidu nutolsta kolegos, \u017emona, nusigr\u0119\u017eia keleiviai traukinyje. Lyg ir i\u0161ganinga id\u0117ja pasidaryti nauj\u0105 veid\u0105-kauk\u0119 atsisuka prie\u0161 pat\u012f Kobo Ab\u0117s heroj\u0173. Prasideda pain\u016bs paties veik\u0117jo santykiai su savo kauke, jo dvilypumas. Apie kauk\u0117s paveiksl\u0105 romane sukasi i\u0161tisas moralini\u0173, filosofini\u0173 ir socialini\u0173 problem\u0173 kompleksas.  Romanas \u201eSvetimas veidas\u201c \u2013 tai vieni\u0161o bevard\u017eio \u017emogaus su kauke u\u017era\u0161ai, tai jo skausminga i\u0161pa\u017eintis \u017emonai.\" \/>\n<meta name=\"robots\" content=\"index, follow, max-snippet:-1, max-image-preview:large, max-video-preview:-1\" \/>\n<link rel=\"canonical\" href=\"https:\/\/skaitytaknyga.lt\/en\/produktas\/kobas-abe-svetimas-veidas\/\" \/>\n<meta property=\"og:locale\" content=\"en_GB\" \/>\n<meta property=\"og:locale:alternate\" content=\"lt_LT\" \/>\n<meta property=\"og:type\" content=\"article\" \/>\n<meta property=\"og:title\" content=\"Kobas Ab\u0117 \u201eSvetimas veidas\u201c - Skaitytaknyga\" \/>\n<meta property=\"og:description\" content=\"Romane-alegorijoje \u201eSvetimas veidas\u201c (1973), turin\u010diame fantastikos ir detektyvo element\u0173, Kobo Ab\u0117 kelia \u017emoni\u0173 susvetim\u0117jimo, asmenyb\u0117s niveliacijos, vieni\u0161umo visuomen\u0117je problemas. Nuo mokslininko su\u017ealotu aptvarstytu veidu nutolsta kolegos, \u017emona, nusigr\u0119\u017eia keleiviai traukinyje. Lyg ir i\u0161ganinga id\u0117ja pasidaryti nauj\u0105 veid\u0105-kauk\u0119 atsisuka prie\u0161 pat\u012f Kobo Ab\u0117s heroj\u0173. Prasideda pain\u016bs paties veik\u0117jo santykiai su savo kauke, jo dvilypumas. Apie kauk\u0117s paveiksl\u0105 romane sukasi i\u0161tisas moralini\u0173, filosofini\u0173 ir socialini\u0173 problem\u0173 kompleksas.  Romanas \u201eSvetimas veidas\u201c \u2013 tai vieni\u0161o bevard\u017eio \u017emogaus su kauke u\u017era\u0161ai, tai jo skausminga i\u0161pa\u017eintis \u017emonai.\" \/>\n<meta property=\"og:url\" content=\"https:\/\/skaitytaknyga.lt\/en\/produktas\/kobas-abe-svetimas-veidas\/\" \/>\n<meta property=\"og:site_name\" content=\"Skaitytaknyga\" \/>\n<meta property=\"article:publisher\" content=\"https:\/\/www.facebook.com\/skaitytaknyga\/\" \/>\n<meta property=\"article:modified_time\" content=\"2026-03-07T08:30:58+00:00\" \/>\n<meta property=\"og:image\" content=\"https:\/\/skaitytaknyga.lt\/wp-content\/uploads\/2024\/04\/1505222152_jpg.jpg\" \/>\n\t<meta property=\"og:image:width\" content=\"281\" \/>\n\t<meta property=\"og:image:height\" content=\"430\" \/>\n\t<meta property=\"og:image:type\" content=\"image\/jpeg\" \/>\n<meta name=\"twitter:card\" content=\"summary_large_image\" \/>\n<meta name=\"twitter:label1\" content=\"Estimated reading time\" \/>\n\t<meta name=\"twitter:data1\" content=\"1 minute\" \/>\n<script type=\"application\/ld+json\" class=\"yoast-schema-graph\">{\"@context\":\"https:\/\/schema.org\",\"@graph\":[{\"@type\":\"WebPage\",\"@id\":\"https:\/\/skaitytaknyga.lt\/produktas\/kobas-abe-svetimas-veidas\/\",\"url\":\"https:\/\/skaitytaknyga.lt\/produktas\/kobas-abe-svetimas-veidas\/\",\"name\":\"Kobas Ab\u0117 \u201eSvetimas veidas\u201c - Skaitytaknyga\",\"isPartOf\":{\"@id\":\"https:\/\/skaitytaknyga.lt\/#website\"},\"primaryImageOfPage\":{\"@id\":\"https:\/\/skaitytaknyga.lt\/produktas\/kobas-abe-svetimas-veidas\/#primaryimage\"},\"image\":{\"@id\":\"https:\/\/skaitytaknyga.lt\/produktas\/kobas-abe-svetimas-veidas\/#primaryimage\"},\"thumbnailUrl\":\"https:\/\/skaitytaknyga.lt\/wp-content\/uploads\/2024\/04\/1505222152_jpg.jpg\",\"datePublished\":\"2024-04-17T13:41:46+00:00\",\"dateModified\":\"2026-03-07T08:30:58+00:00\",\"description\":\"Romane-alegorijoje \u201eSvetimas veidas\u201c (1973), turin\u010diame fantastikos ir detektyvo element\u0173, Kobo Ab\u0117 kelia \u017emoni\u0173 susvetim\u0117jimo, asmenyb\u0117s niveliacijos, vieni\u0161umo visuomen\u0117je problemas. Nuo mokslininko su\u017ealotu aptvarstytu veidu nutolsta kolegos, \u017emona, nusigr\u0119\u017eia keleiviai traukinyje. Lyg ir i\u0161ganinga id\u0117ja pasidaryti nauj\u0105 veid\u0105-kauk\u0119 atsisuka prie\u0161 pat\u012f Kobo Ab\u0117s heroj\u0173. Prasideda pain\u016bs paties veik\u0117jo santykiai su savo kauke, jo dvilypumas. Apie kauk\u0117s paveiksl\u0105 romane sukasi i\u0161tisas moralini\u0173, filosofini\u0173 ir socialini\u0173 problem\u0173 kompleksas. Romanas \u201eSvetimas veidas\u201c \u2013 tai vieni\u0161o bevard\u017eio \u017emogaus su kauke u\u017era\u0161ai, tai jo skausminga i\u0161pa\u017eintis \u017emonai.\",\"breadcrumb\":{\"@id\":\"https:\/\/skaitytaknyga.lt\/produktas\/kobas-abe-svetimas-veidas\/#breadcrumb\"},\"inLanguage\":\"en-GB\",\"potentialAction\":[{\"@type\":\"ReadAction\",\"target\":[\"https:\/\/skaitytaknyga.lt\/produktas\/kobas-abe-svetimas-veidas\/\"]}]},{\"@type\":\"ImageObject\",\"inLanguage\":\"en-GB\",\"@id\":\"https:\/\/skaitytaknyga.lt\/produktas\/kobas-abe-svetimas-veidas\/#primaryimage\",\"url\":\"https:\/\/skaitytaknyga.lt\/wp-content\/uploads\/2024\/04\/1505222152_jpg.jpg\",\"contentUrl\":\"https:\/\/skaitytaknyga.lt\/wp-content\/uploads\/2024\/04\/1505222152_jpg.jpg\",\"width\":281,\"height\":430,\"caption\":\"1505222152 jpg\"},{\"@type\":\"BreadcrumbList\",\"@id\":\"https:\/\/skaitytaknyga.lt\/produktas\/kobas-abe-svetimas-veidas\/#breadcrumb\",\"itemListElement\":[{\"@type\":\"ListItem\",\"position\":1,\"name\":\"Home\",\"item\":\"https:\/\/skaitytaknyga.lt\/\"},{\"@type\":\"ListItem\",\"position\":2,\"name\":\"Parduotuv\u0117\",\"item\":\"https:\/\/skaitytaknyga.lt\/knygu-parduotuve\/\"},{\"@type\":\"ListItem\",\"position\":3,\"name\":\"Kobas Ab\u0117 \u201eSvetimas veidas\u201c\"}]},{\"@type\":\"WebSite\",\"@id\":\"https:\/\/skaitytaknyga.lt\/#website\",\"url\":\"https:\/\/skaitytaknyga.lt\/\",\"name\":\"skaitytaknyga.lt\",\"description\":\"Skaitytaknyga.lt \u2013 tai ma\u017eas \u0161eimos verslas, kuris prasid\u0117jo nuo meil\u0117s knygoms ir siekio i\u0161gelb\u0117ti knygas nuo likimo prie konteinerio. Kas vienam nereikalingas daiktas \u2013 kitam lobis, o mes esame tarpininkai, kurie padeda abiems tapti laimingesniems ???? \u017dinome kaip nelengva i\u0161gyventi ma\u017eiems verslams, tad nuo \u0161iol, \u010dia rasite ir kit\u0173, ma\u017e\u0173 \u0161eim\u0173 versl\u0173, rank\u0173 darbo, dovan\u0173 sau ir artimiesiems.\",\"publisher\":{\"@id\":\"https:\/\/skaitytaknyga.lt\/#organization\"},\"potentialAction\":[{\"@type\":\"SearchAction\",\"target\":{\"@type\":\"EntryPoint\",\"urlTemplate\":\"https:\/\/skaitytaknyga.lt\/?s={search_term_string}\"},\"query-input\":{\"@type\":\"PropertyValueSpecification\",\"valueRequired\":true,\"valueName\":\"search_term_string\"}}],\"inLanguage\":\"en-GB\"},{\"@type\":\"Organization\",\"@id\":\"https:\/\/skaitytaknyga.lt\/#organization\",\"name\":\"skaitytaknyga.lt\",\"url\":\"https:\/\/skaitytaknyga.lt\/\",\"logo\":{\"@type\":\"ImageObject\",\"inLanguage\":\"en-GB\",\"@id\":\"https:\/\/skaitytaknyga.lt\/#\/schema\/logo\/image\/\",\"url\":\"https:\/\/skaitytaknyga.lt\/wp-content\/uploads\/2024\/05\/cropped-cropped-cropped-02_00843_jt3bggkj1j3HLc7SyY6rEUpg.jpeg\",\"contentUrl\":\"https:\/\/skaitytaknyga.lt\/wp-content\/uploads\/2024\/05\/cropped-cropped-cropped-02_00843_jt3bggkj1j3HLc7SyY6rEUpg.jpeg\",\"width\":1600,\"height\":1600,\"caption\":\"skaitytaknyga.lt\"},\"image\":{\"@id\":\"https:\/\/skaitytaknyga.lt\/#\/schema\/logo\/image\/\"},\"sameAs\":[\"https:\/\/www.facebook.com\/skaitytaknyga\/\"]}]}<\/script>\n<!-- \/ Yoast SEO plugin. -->","yoast_head_json":{"title":"Kobas Ab\u0117 \u201eSvetimas veidas\u201c - Skaitytaknyga","description":"Romane-alegorijoje \u201eSvetimas veidas\u201c (1973), turin\u010diame fantastikos ir detektyvo element\u0173, Kobo Ab\u0117 kelia \u017emoni\u0173 susvetim\u0117jimo, asmenyb\u0117s niveliacijos, vieni\u0161umo visuomen\u0117je problemas. Nuo mokslininko su\u017ealotu aptvarstytu veidu nutolsta kolegos, \u017emona, nusigr\u0119\u017eia keleiviai traukinyje. Lyg ir i\u0161ganinga id\u0117ja pasidaryti nauj\u0105 veid\u0105-kauk\u0119 atsisuka prie\u0161 pat\u012f Kobo Ab\u0117s heroj\u0173. Prasideda pain\u016bs paties veik\u0117jo santykiai su savo kauke, jo dvilypumas. Apie kauk\u0117s paveiksl\u0105 romane sukasi i\u0161tisas moralini\u0173, filosofini\u0173 ir socialini\u0173 problem\u0173 kompleksas.  Romanas \u201eSvetimas veidas\u201c \u2013 tai vieni\u0161o bevard\u017eio \u017emogaus su kauke u\u017era\u0161ai, tai jo skausminga i\u0161pa\u017eintis \u017emonai.","robots":{"index":"index","follow":"follow","max-snippet":"max-snippet:-1","max-image-preview":"max-image-preview:large","max-video-preview":"max-video-preview:-1"},"canonical":"https:\/\/skaitytaknyga.lt\/en\/produktas\/kobas-abe-svetimas-veidas\/","og_locale":"en_GB","og_type":"article","og_title":"Kobas Ab\u0117 \u201eSvetimas veidas\u201c - Skaitytaknyga","og_description":"Romane-alegorijoje \u201eSvetimas veidas\u201c (1973), turin\u010diame fantastikos ir detektyvo element\u0173, Kobo Ab\u0117 kelia \u017emoni\u0173 susvetim\u0117jimo, asmenyb\u0117s niveliacijos, vieni\u0161umo visuomen\u0117je problemas. Nuo mokslininko su\u017ealotu aptvarstytu veidu nutolsta kolegos, \u017emona, nusigr\u0119\u017eia keleiviai traukinyje. Lyg ir i\u0161ganinga id\u0117ja pasidaryti nauj\u0105 veid\u0105-kauk\u0119 atsisuka prie\u0161 pat\u012f Kobo Ab\u0117s heroj\u0173. Prasideda pain\u016bs paties veik\u0117jo santykiai su savo kauke, jo dvilypumas. Apie kauk\u0117s paveiksl\u0105 romane sukasi i\u0161tisas moralini\u0173, filosofini\u0173 ir socialini\u0173 problem\u0173 kompleksas.  Romanas \u201eSvetimas veidas\u201c \u2013 tai vieni\u0161o bevard\u017eio \u017emogaus su kauke u\u017era\u0161ai, tai jo skausminga i\u0161pa\u017eintis \u017emonai.","og_url":"https:\/\/skaitytaknyga.lt\/en\/produktas\/kobas-abe-svetimas-veidas\/","og_site_name":"Skaitytaknyga","article_publisher":"https:\/\/www.facebook.com\/skaitytaknyga\/","article_modified_time":"2026-03-07T08:30:58+00:00","og_image":[{"width":281,"height":430,"url":"https:\/\/skaitytaknyga.lt\/wp-content\/uploads\/2024\/04\/1505222152_jpg.jpg","type":"image\/jpeg"}],"twitter_card":"summary_large_image","twitter_misc":{"Estimated reading time":"1 minute"},"schema":{"@context":"https:\/\/schema.org","@graph":[{"@type":"WebPage","@id":"https:\/\/skaitytaknyga.lt\/produktas\/kobas-abe-svetimas-veidas\/","url":"https:\/\/skaitytaknyga.lt\/produktas\/kobas-abe-svetimas-veidas\/","name":"Kobas Ab\u0117 \u201eSvetimas veidas\u201c - Skaitytaknyga","isPartOf":{"@id":"https:\/\/skaitytaknyga.lt\/#website"},"primaryImageOfPage":{"@id":"https:\/\/skaitytaknyga.lt\/produktas\/kobas-abe-svetimas-veidas\/#primaryimage"},"image":{"@id":"https:\/\/skaitytaknyga.lt\/produktas\/kobas-abe-svetimas-veidas\/#primaryimage"},"thumbnailUrl":"https:\/\/skaitytaknyga.lt\/wp-content\/uploads\/2024\/04\/1505222152_jpg.jpg","datePublished":"2024-04-17T13:41:46+00:00","dateModified":"2026-03-07T08:30:58+00:00","description":"Romane-alegorijoje \u201eSvetimas veidas\u201c (1973), turin\u010diame fantastikos ir detektyvo element\u0173, Kobo Ab\u0117 kelia \u017emoni\u0173 susvetim\u0117jimo, asmenyb\u0117s niveliacijos, vieni\u0161umo visuomen\u0117je problemas. Nuo mokslininko su\u017ealotu aptvarstytu veidu nutolsta kolegos, \u017emona, nusigr\u0119\u017eia keleiviai traukinyje. Lyg ir i\u0161ganinga id\u0117ja pasidaryti nauj\u0105 veid\u0105-kauk\u0119 atsisuka prie\u0161 pat\u012f Kobo Ab\u0117s heroj\u0173. Prasideda pain\u016bs paties veik\u0117jo santykiai su savo kauke, jo dvilypumas. Apie kauk\u0117s paveiksl\u0105 romane sukasi i\u0161tisas moralini\u0173, filosofini\u0173 ir socialini\u0173 problem\u0173 kompleksas. Romanas \u201eSvetimas veidas\u201c \u2013 tai vieni\u0161o bevard\u017eio \u017emogaus su kauke u\u017era\u0161ai, tai jo skausminga i\u0161pa\u017eintis \u017emonai.","breadcrumb":{"@id":"https:\/\/skaitytaknyga.lt\/produktas\/kobas-abe-svetimas-veidas\/#breadcrumb"},"inLanguage":"en-GB","potentialAction":[{"@type":"ReadAction","target":["https:\/\/skaitytaknyga.lt\/produktas\/kobas-abe-svetimas-veidas\/"]}]},{"@type":"ImageObject","inLanguage":"en-GB","@id":"https:\/\/skaitytaknyga.lt\/produktas\/kobas-abe-svetimas-veidas\/#primaryimage","url":"https:\/\/skaitytaknyga.lt\/wp-content\/uploads\/2024\/04\/1505222152_jpg.jpg","contentUrl":"https:\/\/skaitytaknyga.lt\/wp-content\/uploads\/2024\/04\/1505222152_jpg.jpg","width":281,"height":430,"caption":"1505222152 jpg"},{"@type":"BreadcrumbList","@id":"https:\/\/skaitytaknyga.lt\/produktas\/kobas-abe-svetimas-veidas\/#breadcrumb","itemListElement":[{"@type":"ListItem","position":1,"name":"Home","item":"https:\/\/skaitytaknyga.lt\/"},{"@type":"ListItem","position":2,"name":"Parduotuv\u0117","item":"https:\/\/skaitytaknyga.lt\/knygu-parduotuve\/"},{"@type":"ListItem","position":3,"name":"Kobas Ab\u0117 \u201eSvetimas veidas\u201c"}]},{"@type":"WebSite","@id":"https:\/\/skaitytaknyga.lt\/#website","url":"https:\/\/skaitytaknyga.lt\/","name":"skaitytaknyga.lt","description":"Skaitytaknyga.lt \u2013 tai ma\u017eas \u0161eimos verslas, kuris prasid\u0117jo nuo meil\u0117s knygoms ir siekio i\u0161gelb\u0117ti knygas nuo likimo prie konteinerio. Kas vienam nereikalingas daiktas \u2013 kitam lobis, o mes esame tarpininkai, kurie padeda abiems tapti laimingesniems ???? \u017dinome kaip nelengva i\u0161gyventi ma\u017eiems verslams, tad nuo \u0161iol, \u010dia rasite ir kit\u0173, ma\u017e\u0173 \u0161eim\u0173 versl\u0173, rank\u0173 darbo, dovan\u0173 sau ir artimiesiems.","publisher":{"@id":"https:\/\/skaitytaknyga.lt\/#organization"},"potentialAction":[{"@type":"SearchAction","target":{"@type":"EntryPoint","urlTemplate":"https:\/\/skaitytaknyga.lt\/?s={search_term_string}"},"query-input":{"@type":"PropertyValueSpecification","valueRequired":true,"valueName":"search_term_string"}}],"inLanguage":"en-GB"},{"@type":"Organization","@id":"https:\/\/skaitytaknyga.lt\/#organization","name":"skaitytaknyga.lt","url":"https:\/\/skaitytaknyga.lt\/","logo":{"@type":"ImageObject","inLanguage":"en-GB","@id":"https:\/\/skaitytaknyga.lt\/#\/schema\/logo\/image\/","url":"https:\/\/skaitytaknyga.lt\/wp-content\/uploads\/2024\/05\/cropped-cropped-cropped-02_00843_jt3bggkj1j3HLc7SyY6rEUpg.jpeg","contentUrl":"https:\/\/skaitytaknyga.lt\/wp-content\/uploads\/2024\/05\/cropped-cropped-cropped-02_00843_jt3bggkj1j3HLc7SyY6rEUpg.jpeg","width":1600,"height":1600,"caption":"skaitytaknyga.lt"},"image":{"@id":"https:\/\/skaitytaknyga.lt\/#\/schema\/logo\/image\/"},"sameAs":["https:\/\/www.facebook.com\/skaitytaknyga\/"]}]}},"_links":{"self":[{"href":"https:\/\/skaitytaknyga.lt\/en\/wp-json\/wp\/v2\/product\/4089","targetHints":{"allow":["GET"]}}],"collection":[{"href":"https:\/\/skaitytaknyga.lt\/en\/wp-json\/wp\/v2\/product"}],"about":[{"href":"https:\/\/skaitytaknyga.lt\/en\/wp-json\/wp\/v2\/types\/product"}],"replies":[{"embeddable":true,"href":"https:\/\/skaitytaknyga.lt\/en\/wp-json\/wp\/v2\/comments?post=4089"}],"wp:featuredmedia":[{"embeddable":true,"href":"https:\/\/skaitytaknyga.lt\/en\/wp-json\/wp\/v2\/media\/4130"}],"wp:attachment":[{"href":"https:\/\/skaitytaknyga.lt\/en\/wp-json\/wp\/v2\/media?parent=4089"}],"wp:term":[{"taxonomy":"product_brand","embeddable":true,"href":"https:\/\/skaitytaknyga.lt\/en\/wp-json\/wp\/v2\/product_brand?post=4089"},{"taxonomy":"product_cat","embeddable":true,"href":"https:\/\/skaitytaknyga.lt\/en\/wp-json\/wp\/v2\/product_cat?post=4089"},{"taxonomy":"product_tag","embeddable":true,"href":"https:\/\/skaitytaknyga.lt\/en\/wp-json\/wp\/v2\/product_tag?post=4089"}],"curies":[{"name":"wp","href":"https:\/\/api.w.org\/{rel}","templated":true}]}}