{"id":4084,"date":"2024-04-17T13:41:46","date_gmt":"2024-04-17T13:41:46","guid":{"rendered":"https:\/\/skaitytaknyga.lt\/?post_type=product&#038;p=4084"},"modified":"2024-05-03T07:23:02","modified_gmt":"2024-05-03T07:23:02","slug":"kamikadzes-naikintuvas","status":"publish","type":"product","link":"https:\/\/skaitytaknyga.lt\/en\/produktas\/kamikadzes-naikintuvas\/","title":{"rendered":"Kamikadz\u0117s naikintuvas"},"content":{"rendered":"<p>Kamikadz\u0117s naikintuvas 1945 met\u0173 baland\u017eio m\u0117nes\u012f Okinavoje susprogdina l\u0117ktuvne\u0161\u012f &#8220;Merilendas&#8221;. Jo kurtinantis, i\u0161 proto varantis \u016b\u017eesys kankina Lor\u0105 Karlson, kaip kankina ir tai, kad ji nepa\u017einojo savo t\u0117vo, \u017euvusio &#8220;Merilende&#8221;. J\u0105 dien\u0105 nakt\u012f persekioja nuliniu numeriu pa\u017eym\u0117tas l\u0117ktuvas. Nei s\u0117kmingos studijos, nei draugai, nei meil\u0117 Braunui &#8211; niekas negali jos nuraminti. Naikintuvo pilotas Curukava tiesiog aps\u0117da Lor\u0105, u\u017epildo vis\u0105 jos gyvenim\u0105 ir akina iki galo perprasti jo paslapt\u012f\u2026 Romanas &#8220;Kamikadz\u0117s naikintuvas&#8221; peln\u0117 presti\u017ei\u0161kiausi\u0105 Pranc\u016bzijos literat\u016brin\u012f apdovanojim\u0105 &#8211; Gonk\u016br\u0173 premij\u0105. Paskal\u0117 Roz ai\u0161kiu, paprastu ir be galo \u012ftaigiu stiliumi pasakoja, kokiu aidu karas atsiliep\u0117 merginos gyvenime.<\/p>\n","protected":false},"excerpt":{"rendered":"<p>Kamikadz\u0117s naikintuvas 1945 met\u0173 baland\u017eio m\u0117nes\u012f Okinavoje susprogdina l\u0117ktuvne\u0161\u012f &#8220;Merilendas&#8221;. Jo kurtinantis, i\u0161 proto varantis \u016b\u017eesys kankina Lor\u0105 Karlson, kaip kankina ir tai, kad ji nepa\u017einojo savo t\u0117vo, \u017euvusio &#8220;Merilende&#8221;. J\u0105 dien\u0105 nakt\u012f persekioja nuliniu numeriu pa\u017eym\u0117tas l\u0117ktuvas. Nei s\u0117kmingos studijos, nei draugai, nei meil\u0117 Braunui &#8211; niekas negali jos nuraminti. Naikintuvo pilotas Curukava tiesiog aps\u0117da Lor\u0105, u\u017epildo vis\u0105 jos gyvenim\u0105 ir akina iki galo perprasti jo paslapt\u012f\u2026 Romanas &#8220;Kamikadz\u0117s naikintuvas&#8221; peln\u0117 presti\u017ei\u0161kiausi\u0105 Pranc\u016bzijos literat\u016brin\u012f apdovanojim\u0105 &#8211; Gonk\u016br\u0173 premij\u0105. Paskal\u0117 Roz ai\u0161kiu, paprastu ir be galo \u012ftaigiu stiliumi pasakoja, kokiu aidu karas atsiliep\u0117 merginos gyvenime.<\/p>\n","protected":false},"featured_media":4125,"comment_status":"closed","ping_status":"closed","template":"","meta":{"_acf_changed":false,"site-sidebar-layout":"default","site-content-layout":"","ast-site-content-layout":"default","site-content-style":"default","site-sidebar-style":"default","ast-global-header-display":"","ast-banner-title-visibility":"","ast-main-header-display":"","ast-hfb-above-header-display":"","ast-hfb-below-header-display":"","ast-hfb-mobile-header-display":"","site-post-title":"","ast-breadcrumbs-content":"","ast-featured-img":"","footer-sml-layout":"","ast-disable-related-posts":"","theme-transparent-header-meta":"","adv-header-id-meta":"","stick-header-meta":"","header-above-stick-meta":"","header-main-stick-meta":"","header-below-stick-meta":"","astra-migrate-meta-layouts":"default","ast-page-background-enabled":"default","ast-page-background-meta":{"desktop":{"background-color":"","background-image":"","background-repeat":"repeat","background-position":"center center","background-size":"auto","background-attachment":"scroll","background-type":"","background-media":"","overlay-type":"","overlay-color":"","overlay-opacity":"","overlay-gradient":""},"tablet":{"background-color":"","background-image":"","background-repeat":"repeat","background-position":"center center","background-size":"auto","background-attachment":"scroll","background-type":"","background-media":"","overlay-type":"","overlay-color":"","overlay-opacity":"","overlay-gradient":""},"mobile":{"background-color":"","background-image":"","background-repeat":"repeat","background-position":"center center","background-size":"auto","background-attachment":"scroll","background-type":"","background-media":"","overlay-type":"","overlay-color":"","overlay-opacity":"","overlay-gradient":""}},"ast-content-background-meta":{"desktop":{"background-color":"var(--ast-global-color-4)","background-image":"","background-repeat":"repeat","background-position":"center center","background-size":"auto","background-attachment":"scroll","background-type":"","background-media":"","overlay-type":"","overlay-color":"","overlay-opacity":"","overlay-gradient":""},"tablet":{"background-color":"var(--ast-global-color-4)","background-image":"","background-repeat":"repeat","background-position":"center center","background-size":"auto","background-attachment":"scroll","background-type":"","background-media":"","overlay-type":"","overlay-color":"","overlay-opacity":"","overlay-gradient":""},"mobile":{"background-color":"var(--ast-global-color-4)","background-image":"","background-repeat":"repeat","background-position":"center center","background-size":"auto","background-attachment":"scroll","background-type":"","background-media":"","overlay-type":"","overlay-color":"","overlay-opacity":"","overlay-gradient":""}}},"product_brand":[],"product_cat":[31],"product_tag":[],"class_list":{"0":"post-4084","1":"product","2":"type-product","3":"status-publish","4":"has-post-thumbnail","6":"product_cat-grozine-literatura","7":"desktop-align-left","8":"tablet-align-left","9":"mobile-align-left","11":"first","12":"instock","13":"shipping-taxable","14":"purchasable","15":"product-type-simple"},"acf":[],"yoast_head":"<!-- This site is optimized with the Yoast SEO plugin v27.0 - https:\/\/yoast.com\/product\/yoast-seo-wordpress\/ -->\n<title>Kamikadz\u0117s naikintuvas - Skaitytaknyga<\/title>\n<meta name=\"description\" content=\"Kamikadz\u0117s naikintuvas 1945 met\u0173 baland\u017eio m\u0117nes\u012f Okinavoje susprogdina l\u0117ktuvne\u0161\u012f &quot;Merilendas&quot;. Jo kurtinantis, i\u0161 proto varantis \u016b\u017eesys kankina Lor\u0105 Karlson, kaip kankina ir tai, kad ji nepa\u017einojo savo t\u0117vo, \u017euvusio &quot;Merilende&quot;. J\u0105 dien\u0105 nakt\u012f persekioja nuliniu numeriu pa\u017eym\u0117tas l\u0117ktuvas. Nei s\u0117kmingos studijos, nei draugai, nei meil\u0117 Braunui - niekas negali jos nuraminti. Naikintuvo pilotas Curukava tiesiog aps\u0117da Lor\u0105, u\u017epildo vis\u0105 jos gyvenim\u0105 ir akina iki galo perprasti jo paslapt\u012f\u2026 Romanas &quot;Kamikadz\u0117s naikintuvas&quot; peln\u0117 presti\u017ei\u0161kiausi\u0105 Pranc\u016bzijos literat\u016brin\u012f apdovanojim\u0105 - Gonk\u016br\u0173 premij\u0105. Paskal\u0117 Roz ai\u0161kiu, paprastu ir be galo \u012ftaigiu stiliumi pasakoja, kokiu aidu karas atsiliep\u0117 merginos gyvenime.\" \/>\n<meta name=\"robots\" content=\"index, follow, max-snippet:-1, max-image-preview:large, max-video-preview:-1\" \/>\n<link rel=\"canonical\" href=\"https:\/\/skaitytaknyga.lt\/en\/produktas\/kamikadzes-naikintuvas\/\" \/>\n<meta property=\"og:locale\" content=\"en_GB\" \/>\n<meta property=\"og:locale:alternate\" content=\"lt_LT\" \/>\n<meta property=\"og:type\" content=\"article\" \/>\n<meta property=\"og:title\" content=\"Kamikadz\u0117s naikintuvas - Skaitytaknyga\" \/>\n<meta property=\"og:description\" content=\"Kamikadz\u0117s naikintuvas 1945 met\u0173 baland\u017eio m\u0117nes\u012f Okinavoje susprogdina l\u0117ktuvne\u0161\u012f &quot;Merilendas&quot;. Jo kurtinantis, i\u0161 proto varantis \u016b\u017eesys kankina Lor\u0105 Karlson, kaip kankina ir tai, kad ji nepa\u017einojo savo t\u0117vo, \u017euvusio &quot;Merilende&quot;. J\u0105 dien\u0105 nakt\u012f persekioja nuliniu numeriu pa\u017eym\u0117tas l\u0117ktuvas. Nei s\u0117kmingos studijos, nei draugai, nei meil\u0117 Braunui - niekas negali jos nuraminti. Naikintuvo pilotas Curukava tiesiog aps\u0117da Lor\u0105, u\u017epildo vis\u0105 jos gyvenim\u0105 ir akina iki galo perprasti jo paslapt\u012f\u2026 Romanas &quot;Kamikadz\u0117s naikintuvas&quot; peln\u0117 presti\u017ei\u0161kiausi\u0105 Pranc\u016bzijos literat\u016brin\u012f apdovanojim\u0105 - Gonk\u016br\u0173 premij\u0105. Paskal\u0117 Roz ai\u0161kiu, paprastu ir be galo \u012ftaigiu stiliumi pasakoja, kokiu aidu karas atsiliep\u0117 merginos gyvenime.\" \/>\n<meta property=\"og:url\" content=\"https:\/\/skaitytaknyga.lt\/en\/produktas\/kamikadzes-naikintuvas\/\" \/>\n<meta property=\"og:site_name\" content=\"Skaitytaknyga\" \/>\n<meta property=\"article:publisher\" content=\"https:\/\/www.facebook.com\/skaitytaknyga\/\" \/>\n<meta property=\"article:modified_time\" content=\"2024-05-03T07:23:02+00:00\" \/>\n<meta property=\"og:image\" content=\"https:\/\/skaitytaknyga.lt\/wp-content\/uploads\/2024\/04\/1462876043_kamikadz.jpg\" \/>\n\t<meta property=\"og:image:width\" content=\"275\" \/>\n\t<meta property=\"og:image:height\" content=\"430\" \/>\n\t<meta property=\"og:image:type\" content=\"image\/jpeg\" \/>\n<meta name=\"twitter:card\" content=\"summary_large_image\" \/>\n<meta name=\"twitter:label1\" content=\"Estimated reading time\" \/>\n\t<meta name=\"twitter:data1\" content=\"1 minute\" \/>\n<script type=\"application\/ld+json\" class=\"yoast-schema-graph\">{\"@context\":\"https:\/\/schema.org\",\"@graph\":[{\"@type\":\"WebPage\",\"@id\":\"https:\/\/skaitytaknyga.lt\/produktas\/kamikadzes-naikintuvas\/\",\"url\":\"https:\/\/skaitytaknyga.lt\/produktas\/kamikadzes-naikintuvas\/\",\"name\":\"Kamikadz\u0117s naikintuvas - Skaitytaknyga\",\"isPartOf\":{\"@id\":\"https:\/\/skaitytaknyga.lt\/#website\"},\"primaryImageOfPage\":{\"@id\":\"https:\/\/skaitytaknyga.lt\/produktas\/kamikadzes-naikintuvas\/#primaryimage\"},\"image\":{\"@id\":\"https:\/\/skaitytaknyga.lt\/produktas\/kamikadzes-naikintuvas\/#primaryimage\"},\"thumbnailUrl\":\"https:\/\/skaitytaknyga.lt\/wp-content\/uploads\/2024\/04\/1462876043_kamikadz.jpg\",\"datePublished\":\"2024-04-17T13:41:46+00:00\",\"dateModified\":\"2024-05-03T07:23:02+00:00\",\"description\":\"Kamikadz\u0117s naikintuvas 1945 met\u0173 baland\u017eio m\u0117nes\u012f Okinavoje susprogdina l\u0117ktuvne\u0161\u012f \\\"Merilendas\\\". Jo kurtinantis, i\u0161 proto varantis \u016b\u017eesys kankina Lor\u0105 Karlson, kaip kankina ir tai, kad ji nepa\u017einojo savo t\u0117vo, \u017euvusio \\\"Merilende\\\". J\u0105 dien\u0105 nakt\u012f persekioja nuliniu numeriu pa\u017eym\u0117tas l\u0117ktuvas. Nei s\u0117kmingos studijos, nei draugai, nei meil\u0117 Braunui - niekas negali jos nuraminti. Naikintuvo pilotas Curukava tiesiog aps\u0117da Lor\u0105, u\u017epildo vis\u0105 jos gyvenim\u0105 ir akina iki galo perprasti jo paslapt\u012f\u2026 Romanas \\\"Kamikadz\u0117s naikintuvas\\\" peln\u0117 presti\u017ei\u0161kiausi\u0105 Pranc\u016bzijos literat\u016brin\u012f apdovanojim\u0105 - Gonk\u016br\u0173 premij\u0105. Paskal\u0117 Roz ai\u0161kiu, paprastu ir be galo \u012ftaigiu stiliumi pasakoja, kokiu aidu karas atsiliep\u0117 merginos gyvenime.\",\"breadcrumb\":{\"@id\":\"https:\/\/skaitytaknyga.lt\/produktas\/kamikadzes-naikintuvas\/#breadcrumb\"},\"inLanguage\":\"en-GB\",\"potentialAction\":[{\"@type\":\"ReadAction\",\"target\":[\"https:\/\/skaitytaknyga.lt\/produktas\/kamikadzes-naikintuvas\/\"]}]},{\"@type\":\"ImageObject\",\"inLanguage\":\"en-GB\",\"@id\":\"https:\/\/skaitytaknyga.lt\/produktas\/kamikadzes-naikintuvas\/#primaryimage\",\"url\":\"https:\/\/skaitytaknyga.lt\/wp-content\/uploads\/2024\/04\/1462876043_kamikadz.jpg\",\"contentUrl\":\"https:\/\/skaitytaknyga.lt\/wp-content\/uploads\/2024\/04\/1462876043_kamikadz.jpg\",\"width\":275,\"height\":430,\"caption\":\"1462876043 kamikadz\"},{\"@type\":\"BreadcrumbList\",\"@id\":\"https:\/\/skaitytaknyga.lt\/produktas\/kamikadzes-naikintuvas\/#breadcrumb\",\"itemListElement\":[{\"@type\":\"ListItem\",\"position\":1,\"name\":\"Home\",\"item\":\"https:\/\/skaitytaknyga.lt\/\"},{\"@type\":\"ListItem\",\"position\":2,\"name\":\"Parduotuv\u0117\",\"item\":\"https:\/\/skaitytaknyga.lt\/knygu-parduotuve\/\"},{\"@type\":\"ListItem\",\"position\":3,\"name\":\"Kamikadz\u0117s naikintuvas\"}]},{\"@type\":\"WebSite\",\"@id\":\"https:\/\/skaitytaknyga.lt\/#website\",\"url\":\"https:\/\/skaitytaknyga.lt\/\",\"name\":\"skaitytaknyga.lt\",\"description\":\"Skaitytaknyga.lt \u2013 tai ma\u017eas \u0161eimos verslas, kuris prasid\u0117jo nuo meil\u0117s knygoms ir siekio i\u0161gelb\u0117ti knygas nuo likimo prie konteinerio. Kas vienam nereikalingas daiktas \u2013 kitam lobis, o mes esame tarpininkai, kurie padeda abiems tapti laimingesniems ???? \u017dinome kaip nelengva i\u0161gyventi ma\u017eiems verslams, tad nuo \u0161iol, \u010dia rasite ir kit\u0173, ma\u017e\u0173 \u0161eim\u0173 versl\u0173, rank\u0173 darbo, dovan\u0173 sau ir artimiesiems.\",\"publisher\":{\"@id\":\"https:\/\/skaitytaknyga.lt\/#organization\"},\"potentialAction\":[{\"@type\":\"SearchAction\",\"target\":{\"@type\":\"EntryPoint\",\"urlTemplate\":\"https:\/\/skaitytaknyga.lt\/?s={search_term_string}\"},\"query-input\":{\"@type\":\"PropertyValueSpecification\",\"valueRequired\":true,\"valueName\":\"search_term_string\"}}],\"inLanguage\":\"en-GB\"},{\"@type\":\"Organization\",\"@id\":\"https:\/\/skaitytaknyga.lt\/#organization\",\"name\":\"skaitytaknyga.lt\",\"url\":\"https:\/\/skaitytaknyga.lt\/\",\"logo\":{\"@type\":\"ImageObject\",\"inLanguage\":\"en-GB\",\"@id\":\"https:\/\/skaitytaknyga.lt\/#\/schema\/logo\/image\/\",\"url\":\"https:\/\/skaitytaknyga.lt\/wp-content\/uploads\/2024\/05\/cropped-cropped-cropped-02_00843_jt3bggkj1j3HLc7SyY6rEUpg.jpeg\",\"contentUrl\":\"https:\/\/skaitytaknyga.lt\/wp-content\/uploads\/2024\/05\/cropped-cropped-cropped-02_00843_jt3bggkj1j3HLc7SyY6rEUpg.jpeg\",\"width\":1600,\"height\":1600,\"caption\":\"skaitytaknyga.lt\"},\"image\":{\"@id\":\"https:\/\/skaitytaknyga.lt\/#\/schema\/logo\/image\/\"},\"sameAs\":[\"https:\/\/www.facebook.com\/skaitytaknyga\/\"]}]}<\/script>\n<!-- \/ Yoast SEO plugin. -->","yoast_head_json":{"title":"Kamikadz\u0117s naikintuvas - Skaitytaknyga","description":"Kamikadz\u0117s naikintuvas 1945 met\u0173 baland\u017eio m\u0117nes\u012f Okinavoje susprogdina l\u0117ktuvne\u0161\u012f \"Merilendas\". Jo kurtinantis, i\u0161 proto varantis \u016b\u017eesys kankina Lor\u0105 Karlson, kaip kankina ir tai, kad ji nepa\u017einojo savo t\u0117vo, \u017euvusio \"Merilende\". J\u0105 dien\u0105 nakt\u012f persekioja nuliniu numeriu pa\u017eym\u0117tas l\u0117ktuvas. Nei s\u0117kmingos studijos, nei draugai, nei meil\u0117 Braunui - niekas negali jos nuraminti. Naikintuvo pilotas Curukava tiesiog aps\u0117da Lor\u0105, u\u017epildo vis\u0105 jos gyvenim\u0105 ir akina iki galo perprasti jo paslapt\u012f\u2026 Romanas \"Kamikadz\u0117s naikintuvas\" peln\u0117 presti\u017ei\u0161kiausi\u0105 Pranc\u016bzijos literat\u016brin\u012f apdovanojim\u0105 - Gonk\u016br\u0173 premij\u0105. Paskal\u0117 Roz ai\u0161kiu, paprastu ir be galo \u012ftaigiu stiliumi pasakoja, kokiu aidu karas atsiliep\u0117 merginos gyvenime.","robots":{"index":"index","follow":"follow","max-snippet":"max-snippet:-1","max-image-preview":"max-image-preview:large","max-video-preview":"max-video-preview:-1"},"canonical":"https:\/\/skaitytaknyga.lt\/en\/produktas\/kamikadzes-naikintuvas\/","og_locale":"en_GB","og_type":"article","og_title":"Kamikadz\u0117s naikintuvas - Skaitytaknyga","og_description":"Kamikadz\u0117s naikintuvas 1945 met\u0173 baland\u017eio m\u0117nes\u012f Okinavoje susprogdina l\u0117ktuvne\u0161\u012f \"Merilendas\". Jo kurtinantis, i\u0161 proto varantis \u016b\u017eesys kankina Lor\u0105 Karlson, kaip kankina ir tai, kad ji nepa\u017einojo savo t\u0117vo, \u017euvusio \"Merilende\". J\u0105 dien\u0105 nakt\u012f persekioja nuliniu numeriu pa\u017eym\u0117tas l\u0117ktuvas. Nei s\u0117kmingos studijos, nei draugai, nei meil\u0117 Braunui - niekas negali jos nuraminti. Naikintuvo pilotas Curukava tiesiog aps\u0117da Lor\u0105, u\u017epildo vis\u0105 jos gyvenim\u0105 ir akina iki galo perprasti jo paslapt\u012f\u2026 Romanas \"Kamikadz\u0117s naikintuvas\" peln\u0117 presti\u017ei\u0161kiausi\u0105 Pranc\u016bzijos literat\u016brin\u012f apdovanojim\u0105 - Gonk\u016br\u0173 premij\u0105. Paskal\u0117 Roz ai\u0161kiu, paprastu ir be galo \u012ftaigiu stiliumi pasakoja, kokiu aidu karas atsiliep\u0117 merginos gyvenime.","og_url":"https:\/\/skaitytaknyga.lt\/en\/produktas\/kamikadzes-naikintuvas\/","og_site_name":"Skaitytaknyga","article_publisher":"https:\/\/www.facebook.com\/skaitytaknyga\/","article_modified_time":"2024-05-03T07:23:02+00:00","og_image":[{"width":275,"height":430,"url":"https:\/\/skaitytaknyga.lt\/wp-content\/uploads\/2024\/04\/1462876043_kamikadz.jpg","type":"image\/jpeg"}],"twitter_card":"summary_large_image","twitter_misc":{"Estimated reading time":"1 minute"},"schema":{"@context":"https:\/\/schema.org","@graph":[{"@type":"WebPage","@id":"https:\/\/skaitytaknyga.lt\/produktas\/kamikadzes-naikintuvas\/","url":"https:\/\/skaitytaknyga.lt\/produktas\/kamikadzes-naikintuvas\/","name":"Kamikadz\u0117s naikintuvas - Skaitytaknyga","isPartOf":{"@id":"https:\/\/skaitytaknyga.lt\/#website"},"primaryImageOfPage":{"@id":"https:\/\/skaitytaknyga.lt\/produktas\/kamikadzes-naikintuvas\/#primaryimage"},"image":{"@id":"https:\/\/skaitytaknyga.lt\/produktas\/kamikadzes-naikintuvas\/#primaryimage"},"thumbnailUrl":"https:\/\/skaitytaknyga.lt\/wp-content\/uploads\/2024\/04\/1462876043_kamikadz.jpg","datePublished":"2024-04-17T13:41:46+00:00","dateModified":"2024-05-03T07:23:02+00:00","description":"Kamikadz\u0117s naikintuvas 1945 met\u0173 baland\u017eio m\u0117nes\u012f Okinavoje susprogdina l\u0117ktuvne\u0161\u012f \"Merilendas\". Jo kurtinantis, i\u0161 proto varantis \u016b\u017eesys kankina Lor\u0105 Karlson, kaip kankina ir tai, kad ji nepa\u017einojo savo t\u0117vo, \u017euvusio \"Merilende\". J\u0105 dien\u0105 nakt\u012f persekioja nuliniu numeriu pa\u017eym\u0117tas l\u0117ktuvas. Nei s\u0117kmingos studijos, nei draugai, nei meil\u0117 Braunui - niekas negali jos nuraminti. Naikintuvo pilotas Curukava tiesiog aps\u0117da Lor\u0105, u\u017epildo vis\u0105 jos gyvenim\u0105 ir akina iki galo perprasti jo paslapt\u012f\u2026 Romanas \"Kamikadz\u0117s naikintuvas\" peln\u0117 presti\u017ei\u0161kiausi\u0105 Pranc\u016bzijos literat\u016brin\u012f apdovanojim\u0105 - Gonk\u016br\u0173 premij\u0105. Paskal\u0117 Roz ai\u0161kiu, paprastu ir be galo \u012ftaigiu stiliumi pasakoja, kokiu aidu karas atsiliep\u0117 merginos gyvenime.","breadcrumb":{"@id":"https:\/\/skaitytaknyga.lt\/produktas\/kamikadzes-naikintuvas\/#breadcrumb"},"inLanguage":"en-GB","potentialAction":[{"@type":"ReadAction","target":["https:\/\/skaitytaknyga.lt\/produktas\/kamikadzes-naikintuvas\/"]}]},{"@type":"ImageObject","inLanguage":"en-GB","@id":"https:\/\/skaitytaknyga.lt\/produktas\/kamikadzes-naikintuvas\/#primaryimage","url":"https:\/\/skaitytaknyga.lt\/wp-content\/uploads\/2024\/04\/1462876043_kamikadz.jpg","contentUrl":"https:\/\/skaitytaknyga.lt\/wp-content\/uploads\/2024\/04\/1462876043_kamikadz.jpg","width":275,"height":430,"caption":"1462876043 kamikadz"},{"@type":"BreadcrumbList","@id":"https:\/\/skaitytaknyga.lt\/produktas\/kamikadzes-naikintuvas\/#breadcrumb","itemListElement":[{"@type":"ListItem","position":1,"name":"Home","item":"https:\/\/skaitytaknyga.lt\/"},{"@type":"ListItem","position":2,"name":"Parduotuv\u0117","item":"https:\/\/skaitytaknyga.lt\/knygu-parduotuve\/"},{"@type":"ListItem","position":3,"name":"Kamikadz\u0117s naikintuvas"}]},{"@type":"WebSite","@id":"https:\/\/skaitytaknyga.lt\/#website","url":"https:\/\/skaitytaknyga.lt\/","name":"skaitytaknyga.lt","description":"Skaitytaknyga.lt \u2013 tai ma\u017eas \u0161eimos verslas, kuris prasid\u0117jo nuo meil\u0117s knygoms ir siekio i\u0161gelb\u0117ti knygas nuo likimo prie konteinerio. Kas vienam nereikalingas daiktas \u2013 kitam lobis, o mes esame tarpininkai, kurie padeda abiems tapti laimingesniems ???? \u017dinome kaip nelengva i\u0161gyventi ma\u017eiems verslams, tad nuo \u0161iol, \u010dia rasite ir kit\u0173, ma\u017e\u0173 \u0161eim\u0173 versl\u0173, rank\u0173 darbo, dovan\u0173 sau ir artimiesiems.","publisher":{"@id":"https:\/\/skaitytaknyga.lt\/#organization"},"potentialAction":[{"@type":"SearchAction","target":{"@type":"EntryPoint","urlTemplate":"https:\/\/skaitytaknyga.lt\/?s={search_term_string}"},"query-input":{"@type":"PropertyValueSpecification","valueRequired":true,"valueName":"search_term_string"}}],"inLanguage":"en-GB"},{"@type":"Organization","@id":"https:\/\/skaitytaknyga.lt\/#organization","name":"skaitytaknyga.lt","url":"https:\/\/skaitytaknyga.lt\/","logo":{"@type":"ImageObject","inLanguage":"en-GB","@id":"https:\/\/skaitytaknyga.lt\/#\/schema\/logo\/image\/","url":"https:\/\/skaitytaknyga.lt\/wp-content\/uploads\/2024\/05\/cropped-cropped-cropped-02_00843_jt3bggkj1j3HLc7SyY6rEUpg.jpeg","contentUrl":"https:\/\/skaitytaknyga.lt\/wp-content\/uploads\/2024\/05\/cropped-cropped-cropped-02_00843_jt3bggkj1j3HLc7SyY6rEUpg.jpeg","width":1600,"height":1600,"caption":"skaitytaknyga.lt"},"image":{"@id":"https:\/\/skaitytaknyga.lt\/#\/schema\/logo\/image\/"},"sameAs":["https:\/\/www.facebook.com\/skaitytaknyga\/"]}]}},"_links":{"self":[{"href":"https:\/\/skaitytaknyga.lt\/en\/wp-json\/wp\/v2\/product\/4084","targetHints":{"allow":["GET"]}}],"collection":[{"href":"https:\/\/skaitytaknyga.lt\/en\/wp-json\/wp\/v2\/product"}],"about":[{"href":"https:\/\/skaitytaknyga.lt\/en\/wp-json\/wp\/v2\/types\/product"}],"replies":[{"embeddable":true,"href":"https:\/\/skaitytaknyga.lt\/en\/wp-json\/wp\/v2\/comments?post=4084"}],"wp:featuredmedia":[{"embeddable":true,"href":"https:\/\/skaitytaknyga.lt\/en\/wp-json\/wp\/v2\/media\/4125"}],"wp:attachment":[{"href":"https:\/\/skaitytaknyga.lt\/en\/wp-json\/wp\/v2\/media?parent=4084"}],"wp:term":[{"taxonomy":"product_brand","embeddable":true,"href":"https:\/\/skaitytaknyga.lt\/en\/wp-json\/wp\/v2\/product_brand?post=4084"},{"taxonomy":"product_cat","embeddable":true,"href":"https:\/\/skaitytaknyga.lt\/en\/wp-json\/wp\/v2\/product_cat?post=4084"},{"taxonomy":"product_tag","embeddable":true,"href":"https:\/\/skaitytaknyga.lt\/en\/wp-json\/wp\/v2\/product_tag?post=4084"}],"curies":[{"name":"wp","href":"https:\/\/api.w.org\/{rel}","templated":true}]}}