{"id":4079,"date":"2024-04-17T13:41:45","date_gmt":"2024-04-17T13:41:45","guid":{"rendered":"https:\/\/skaitytaknyga.lt\/?post_type=product&#038;p=4079"},"modified":"2024-05-03T07:22:59","modified_gmt":"2024-05-03T07:22:59","slug":"maceika-j-gudynas-p-vadovas-po-vilniu","status":"publish","type":"product","link":"https:\/\/skaitytaknyga.lt\/en\/produktas\/maceika-j-gudynas-p-vadovas-po-vilniu\/","title":{"rendered":"Maceika J., Gudynas P. \u201eVadovas po Vilni\u0173\u201c"},"content":{"rendered":"<p>D\u0116M\u0116 KNYGOS APA\u010cIOJE<\/p>\n<p>Pirmasis po antrojo pasaulinio karo vadovas po Vilni\u0173. Trumpa miesto istorijos ap\u017evalga ir 1950-60 m. faktai. Pateikiama informacija ir adresai, autobus\u0173 ir troleibus\u0173 mar\u0161rutai ir kt.<\/p>\n","protected":false},"excerpt":{"rendered":"<p>D\u0116M\u0116 KNYGOS APA\u010cIOJE<\/p>\n<p>Pirmasis po antrojo pasaulinio karo vadovas po Vilni\u0173. Trumpa miesto istorijos ap\u017evalga ir 1950-60 m. faktai. Pateikiama informacija ir adresai, autobus\u0173 ir troleibus\u0173 mar\u0161rutai ir kt.<\/p>\n","protected":false},"featured_media":4109,"comment_status":"closed","ping_status":"closed","template":"","meta":{"_acf_changed":false,"site-sidebar-layout":"default","site-content-layout":"","ast-site-content-layout":"default","site-content-style":"default","site-sidebar-style":"default","ast-global-header-display":"","ast-banner-title-visibility":"","ast-main-header-display":"","ast-hfb-above-header-display":"","ast-hfb-below-header-display":"","ast-hfb-mobile-header-display":"","site-post-title":"","ast-breadcrumbs-content":"","ast-featured-img":"","footer-sml-layout":"","ast-disable-related-posts":"","theme-transparent-header-meta":"","adv-header-id-meta":"","stick-header-meta":"","header-above-stick-meta":"","header-main-stick-meta":"","header-below-stick-meta":"","astra-migrate-meta-layouts":"default","ast-page-background-enabled":"default","ast-page-background-meta":{"desktop":{"background-color":"","background-image":"","background-repeat":"repeat","background-position":"center center","background-size":"auto","background-attachment":"scroll","background-type":"","background-media":"","overlay-type":"","overlay-color":"","overlay-opacity":"","overlay-gradient":""},"tablet":{"background-color":"","background-image":"","background-repeat":"repeat","background-position":"center center","background-size":"auto","background-attachment":"scroll","background-type":"","background-media":"","overlay-type":"","overlay-color":"","overlay-opacity":"","overlay-gradient":""},"mobile":{"background-color":"","background-image":"","background-repeat":"repeat","background-position":"center center","background-size":"auto","background-attachment":"scroll","background-type":"","background-media":"","overlay-type":"","overlay-color":"","overlay-opacity":"","overlay-gradient":""}},"ast-content-background-meta":{"desktop":{"background-color":"var(--ast-global-color-4)","background-image":"","background-repeat":"repeat","background-position":"center center","background-size":"auto","background-attachment":"scroll","background-type":"","background-media":"","overlay-type":"","overlay-color":"","overlay-opacity":"","overlay-gradient":""},"tablet":{"background-color":"var(--ast-global-color-4)","background-image":"","background-repeat":"repeat","background-position":"center center","background-size":"auto","background-attachment":"scroll","background-type":"","background-media":"","overlay-type":"","overlay-color":"","overlay-opacity":"","overlay-gradient":""},"mobile":{"background-color":"var(--ast-global-color-4)","background-image":"","background-repeat":"repeat","background-position":"center center","background-size":"auto","background-attachment":"scroll","background-type":"","background-media":"","overlay-type":"","overlay-color":"","overlay-opacity":"","overlay-gradient":""}}},"product_brand":[],"product_cat":[174,448],"product_tag":[],"class_list":{"0":"post-4079","1":"product","2":"type-product","3":"status-publish","4":"has-post-thumbnail","6":"product_cat-istorija-ir-politologija","7":"product_cat-keliones","8":"desktop-align-left","9":"tablet-align-left","10":"mobile-align-left","12":"first","13":"instock","14":"shipping-taxable","15":"purchasable","16":"product-type-simple"},"acf":[],"yoast_head":"<!-- This site is optimized with the Yoast SEO plugin v27.0 - https:\/\/yoast.com\/product\/yoast-seo-wordpress\/ -->\n<title>Maceika J., Gudynas P. \u201eVadovas po Vilni\u0173\u201c - Skaitytaknyga<\/title>\n<meta name=\"description\" content=\"D\u0116M\u0116 KNYGOS APA\u010cIOJE  Pirmasis po antrojo pasaulinio karo vadovas po Vilni\u0173. Trumpa miesto istorijos ap\u017evalga ir 1950-60 m. faktai. Pateikiama informacija ir adresai, autobus\u0173 ir troleibus\u0173 mar\u0161rutai ir kt.\" \/>\n<meta name=\"robots\" content=\"index, follow, max-snippet:-1, max-image-preview:large, max-video-preview:-1\" \/>\n<link rel=\"canonical\" href=\"https:\/\/skaitytaknyga.lt\/en\/produktas\/maceika-j-gudynas-p-vadovas-po-vilniu\/\" \/>\n<meta property=\"og:locale\" content=\"en_GB\" \/>\n<meta property=\"og:locale:alternate\" content=\"lt_LT\" \/>\n<meta property=\"og:type\" content=\"article\" \/>\n<meta property=\"og:title\" content=\"Maceika J., Gudynas P. \u201eVadovas po Vilni\u0173\u201c - Skaitytaknyga\" \/>\n<meta property=\"og:description\" content=\"D\u0116M\u0116 KNYGOS APA\u010cIOJE  Pirmasis po antrojo pasaulinio karo vadovas po Vilni\u0173. Trumpa miesto istorijos ap\u017evalga ir 1950-60 m. faktai. Pateikiama informacija ir adresai, autobus\u0173 ir troleibus\u0173 mar\u0161rutai ir kt.\" \/>\n<meta property=\"og:url\" content=\"https:\/\/skaitytaknyga.lt\/en\/produktas\/maceika-j-gudynas-p-vadovas-po-vilniu\/\" \/>\n<meta property=\"og:site_name\" content=\"Skaitytaknyga\" \/>\n<meta property=\"article:publisher\" content=\"https:\/\/www.facebook.com\/skaitytaknyga\/\" \/>\n<meta property=\"article:modified_time\" content=\"2024-05-03T07:22:59+00:00\" \/>\n<meta property=\"og:image\" content=\"https:\/\/skaitytaknyga.lt\/wp-content\/uploads\/2024\/04\/vadovas-po-vilniu-pirmasis-po-karo-1960-1-e1609430468621.jpg\" \/>\n\t<meta property=\"og:image:width\" content=\"262\" \/>\n\t<meta property=\"og:image:height\" content=\"397\" \/>\n\t<meta property=\"og:image:type\" content=\"image\/jpeg\" \/>\n<meta name=\"twitter:card\" content=\"summary_large_image\" \/>\n<script type=\"application\/ld+json\" class=\"yoast-schema-graph\">{\"@context\":\"https:\/\/schema.org\",\"@graph\":[{\"@type\":\"WebPage\",\"@id\":\"https:\/\/skaitytaknyga.lt\/produktas\/maceika-j-gudynas-p-vadovas-po-vilniu\/\",\"url\":\"https:\/\/skaitytaknyga.lt\/produktas\/maceika-j-gudynas-p-vadovas-po-vilniu\/\",\"name\":\"Maceika J., Gudynas P. \u201eVadovas po Vilni\u0173\u201c - Skaitytaknyga\",\"isPartOf\":{\"@id\":\"https:\/\/skaitytaknyga.lt\/#website\"},\"primaryImageOfPage\":{\"@id\":\"https:\/\/skaitytaknyga.lt\/produktas\/maceika-j-gudynas-p-vadovas-po-vilniu\/#primaryimage\"},\"image\":{\"@id\":\"https:\/\/skaitytaknyga.lt\/produktas\/maceika-j-gudynas-p-vadovas-po-vilniu\/#primaryimage\"},\"thumbnailUrl\":\"https:\/\/skaitytaknyga.lt\/wp-content\/uploads\/2024\/04\/vadovas-po-vilniu-pirmasis-po-karo-1960-1-e1609430468621.jpg\",\"datePublished\":\"2024-04-17T13:41:45+00:00\",\"dateModified\":\"2024-05-03T07:22:59+00:00\",\"description\":\"D\u0116M\u0116 KNYGOS APA\u010cIOJE Pirmasis po antrojo pasaulinio karo vadovas po Vilni\u0173. Trumpa miesto istorijos ap\u017evalga ir 1950-60 m. faktai. Pateikiama informacija ir adresai, autobus\u0173 ir troleibus\u0173 mar\u0161rutai ir kt.\",\"breadcrumb\":{\"@id\":\"https:\/\/skaitytaknyga.lt\/produktas\/maceika-j-gudynas-p-vadovas-po-vilniu\/#breadcrumb\"},\"inLanguage\":\"en-GB\",\"potentialAction\":[{\"@type\":\"ReadAction\",\"target\":[\"https:\/\/skaitytaknyga.lt\/produktas\/maceika-j-gudynas-p-vadovas-po-vilniu\/\"]}]},{\"@type\":\"ImageObject\",\"inLanguage\":\"en-GB\",\"@id\":\"https:\/\/skaitytaknyga.lt\/produktas\/maceika-j-gudynas-p-vadovas-po-vilniu\/#primaryimage\",\"url\":\"https:\/\/skaitytaknyga.lt\/wp-content\/uploads\/2024\/04\/vadovas-po-vilniu-pirmasis-po-karo-1960-1-e1609430468621.jpg\",\"contentUrl\":\"https:\/\/skaitytaknyga.lt\/wp-content\/uploads\/2024\/04\/vadovas-po-vilniu-pirmasis-po-karo-1960-1-e1609430468621.jpg\",\"width\":262,\"height\":397,\"caption\":\"vadovas po vilniu pirmasis po karo 1960 1 e1609430468621\"},{\"@type\":\"BreadcrumbList\",\"@id\":\"https:\/\/skaitytaknyga.lt\/produktas\/maceika-j-gudynas-p-vadovas-po-vilniu\/#breadcrumb\",\"itemListElement\":[{\"@type\":\"ListItem\",\"position\":1,\"name\":\"Home\",\"item\":\"https:\/\/skaitytaknyga.lt\/\"},{\"@type\":\"ListItem\",\"position\":2,\"name\":\"Parduotuv\u0117\",\"item\":\"https:\/\/skaitytaknyga.lt\/knygu-parduotuve\/\"},{\"@type\":\"ListItem\",\"position\":3,\"name\":\"Maceika J., Gudynas P. \u201eVadovas po Vilni\u0173\u201c\"}]},{\"@type\":\"WebSite\",\"@id\":\"https:\/\/skaitytaknyga.lt\/#website\",\"url\":\"https:\/\/skaitytaknyga.lt\/\",\"name\":\"skaitytaknyga.lt\",\"description\":\"Skaitytaknyga.lt \u2013 tai ma\u017eas \u0161eimos verslas, kuris prasid\u0117jo nuo meil\u0117s knygoms ir siekio i\u0161gelb\u0117ti knygas nuo likimo prie konteinerio. Kas vienam nereikalingas daiktas \u2013 kitam lobis, o mes esame tarpininkai, kurie padeda abiems tapti laimingesniems ???? \u017dinome kaip nelengva i\u0161gyventi ma\u017eiems verslams, tad nuo \u0161iol, \u010dia rasite ir kit\u0173, ma\u017e\u0173 \u0161eim\u0173 versl\u0173, rank\u0173 darbo, dovan\u0173 sau ir artimiesiems.\",\"publisher\":{\"@id\":\"https:\/\/skaitytaknyga.lt\/#organization\"},\"potentialAction\":[{\"@type\":\"SearchAction\",\"target\":{\"@type\":\"EntryPoint\",\"urlTemplate\":\"https:\/\/skaitytaknyga.lt\/?s={search_term_string}\"},\"query-input\":{\"@type\":\"PropertyValueSpecification\",\"valueRequired\":true,\"valueName\":\"search_term_string\"}}],\"inLanguage\":\"en-GB\"},{\"@type\":\"Organization\",\"@id\":\"https:\/\/skaitytaknyga.lt\/#organization\",\"name\":\"skaitytaknyga.lt\",\"url\":\"https:\/\/skaitytaknyga.lt\/\",\"logo\":{\"@type\":\"ImageObject\",\"inLanguage\":\"en-GB\",\"@id\":\"https:\/\/skaitytaknyga.lt\/#\/schema\/logo\/image\/\",\"url\":\"https:\/\/skaitytaknyga.lt\/wp-content\/uploads\/2024\/05\/cropped-cropped-cropped-02_00843_jt3bggkj1j3HLc7SyY6rEUpg.jpeg\",\"contentUrl\":\"https:\/\/skaitytaknyga.lt\/wp-content\/uploads\/2024\/05\/cropped-cropped-cropped-02_00843_jt3bggkj1j3HLc7SyY6rEUpg.jpeg\",\"width\":1600,\"height\":1600,\"caption\":\"skaitytaknyga.lt\"},\"image\":{\"@id\":\"https:\/\/skaitytaknyga.lt\/#\/schema\/logo\/image\/\"},\"sameAs\":[\"https:\/\/www.facebook.com\/skaitytaknyga\/\"]}]}<\/script>\n<!-- \/ Yoast SEO plugin. -->","yoast_head_json":{"title":"Maceika J., Gudynas P. \u201eVadovas po Vilni\u0173\u201c - Skaitytaknyga","description":"D\u0116M\u0116 KNYGOS APA\u010cIOJE  Pirmasis po antrojo pasaulinio karo vadovas po Vilni\u0173. Trumpa miesto istorijos ap\u017evalga ir 1950-60 m. faktai. Pateikiama informacija ir adresai, autobus\u0173 ir troleibus\u0173 mar\u0161rutai ir kt.","robots":{"index":"index","follow":"follow","max-snippet":"max-snippet:-1","max-image-preview":"max-image-preview:large","max-video-preview":"max-video-preview:-1"},"canonical":"https:\/\/skaitytaknyga.lt\/en\/produktas\/maceika-j-gudynas-p-vadovas-po-vilniu\/","og_locale":"en_GB","og_type":"article","og_title":"Maceika J., Gudynas P. \u201eVadovas po Vilni\u0173\u201c - Skaitytaknyga","og_description":"D\u0116M\u0116 KNYGOS APA\u010cIOJE  Pirmasis po antrojo pasaulinio karo vadovas po Vilni\u0173. Trumpa miesto istorijos ap\u017evalga ir 1950-60 m. faktai. Pateikiama informacija ir adresai, autobus\u0173 ir troleibus\u0173 mar\u0161rutai ir kt.","og_url":"https:\/\/skaitytaknyga.lt\/en\/produktas\/maceika-j-gudynas-p-vadovas-po-vilniu\/","og_site_name":"Skaitytaknyga","article_publisher":"https:\/\/www.facebook.com\/skaitytaknyga\/","article_modified_time":"2024-05-03T07:22:59+00:00","og_image":[{"width":262,"height":397,"url":"https:\/\/skaitytaknyga.lt\/wp-content\/uploads\/2024\/04\/vadovas-po-vilniu-pirmasis-po-karo-1960-1-e1609430468621.jpg","type":"image\/jpeg"}],"twitter_card":"summary_large_image","schema":{"@context":"https:\/\/schema.org","@graph":[{"@type":"WebPage","@id":"https:\/\/skaitytaknyga.lt\/produktas\/maceika-j-gudynas-p-vadovas-po-vilniu\/","url":"https:\/\/skaitytaknyga.lt\/produktas\/maceika-j-gudynas-p-vadovas-po-vilniu\/","name":"Maceika J., Gudynas P. \u201eVadovas po Vilni\u0173\u201c - Skaitytaknyga","isPartOf":{"@id":"https:\/\/skaitytaknyga.lt\/#website"},"primaryImageOfPage":{"@id":"https:\/\/skaitytaknyga.lt\/produktas\/maceika-j-gudynas-p-vadovas-po-vilniu\/#primaryimage"},"image":{"@id":"https:\/\/skaitytaknyga.lt\/produktas\/maceika-j-gudynas-p-vadovas-po-vilniu\/#primaryimage"},"thumbnailUrl":"https:\/\/skaitytaknyga.lt\/wp-content\/uploads\/2024\/04\/vadovas-po-vilniu-pirmasis-po-karo-1960-1-e1609430468621.jpg","datePublished":"2024-04-17T13:41:45+00:00","dateModified":"2024-05-03T07:22:59+00:00","description":"D\u0116M\u0116 KNYGOS APA\u010cIOJE Pirmasis po antrojo pasaulinio karo vadovas po Vilni\u0173. Trumpa miesto istorijos ap\u017evalga ir 1950-60 m. faktai. Pateikiama informacija ir adresai, autobus\u0173 ir troleibus\u0173 mar\u0161rutai ir kt.","breadcrumb":{"@id":"https:\/\/skaitytaknyga.lt\/produktas\/maceika-j-gudynas-p-vadovas-po-vilniu\/#breadcrumb"},"inLanguage":"en-GB","potentialAction":[{"@type":"ReadAction","target":["https:\/\/skaitytaknyga.lt\/produktas\/maceika-j-gudynas-p-vadovas-po-vilniu\/"]}]},{"@type":"ImageObject","inLanguage":"en-GB","@id":"https:\/\/skaitytaknyga.lt\/produktas\/maceika-j-gudynas-p-vadovas-po-vilniu\/#primaryimage","url":"https:\/\/skaitytaknyga.lt\/wp-content\/uploads\/2024\/04\/vadovas-po-vilniu-pirmasis-po-karo-1960-1-e1609430468621.jpg","contentUrl":"https:\/\/skaitytaknyga.lt\/wp-content\/uploads\/2024\/04\/vadovas-po-vilniu-pirmasis-po-karo-1960-1-e1609430468621.jpg","width":262,"height":397,"caption":"vadovas po vilniu pirmasis po karo 1960 1 e1609430468621"},{"@type":"BreadcrumbList","@id":"https:\/\/skaitytaknyga.lt\/produktas\/maceika-j-gudynas-p-vadovas-po-vilniu\/#breadcrumb","itemListElement":[{"@type":"ListItem","position":1,"name":"Home","item":"https:\/\/skaitytaknyga.lt\/"},{"@type":"ListItem","position":2,"name":"Parduotuv\u0117","item":"https:\/\/skaitytaknyga.lt\/knygu-parduotuve\/"},{"@type":"ListItem","position":3,"name":"Maceika J., Gudynas P. \u201eVadovas po Vilni\u0173\u201c"}]},{"@type":"WebSite","@id":"https:\/\/skaitytaknyga.lt\/#website","url":"https:\/\/skaitytaknyga.lt\/","name":"skaitytaknyga.lt","description":"Skaitytaknyga.lt \u2013 tai ma\u017eas \u0161eimos verslas, kuris prasid\u0117jo nuo meil\u0117s knygoms ir siekio i\u0161gelb\u0117ti knygas nuo likimo prie konteinerio. Kas vienam nereikalingas daiktas \u2013 kitam lobis, o mes esame tarpininkai, kurie padeda abiems tapti laimingesniems ???? \u017dinome kaip nelengva i\u0161gyventi ma\u017eiems verslams, tad nuo \u0161iol, \u010dia rasite ir kit\u0173, ma\u017e\u0173 \u0161eim\u0173 versl\u0173, rank\u0173 darbo, dovan\u0173 sau ir artimiesiems.","publisher":{"@id":"https:\/\/skaitytaknyga.lt\/#organization"},"potentialAction":[{"@type":"SearchAction","target":{"@type":"EntryPoint","urlTemplate":"https:\/\/skaitytaknyga.lt\/?s={search_term_string}"},"query-input":{"@type":"PropertyValueSpecification","valueRequired":true,"valueName":"search_term_string"}}],"inLanguage":"en-GB"},{"@type":"Organization","@id":"https:\/\/skaitytaknyga.lt\/#organization","name":"skaitytaknyga.lt","url":"https:\/\/skaitytaknyga.lt\/","logo":{"@type":"ImageObject","inLanguage":"en-GB","@id":"https:\/\/skaitytaknyga.lt\/#\/schema\/logo\/image\/","url":"https:\/\/skaitytaknyga.lt\/wp-content\/uploads\/2024\/05\/cropped-cropped-cropped-02_00843_jt3bggkj1j3HLc7SyY6rEUpg.jpeg","contentUrl":"https:\/\/skaitytaknyga.lt\/wp-content\/uploads\/2024\/05\/cropped-cropped-cropped-02_00843_jt3bggkj1j3HLc7SyY6rEUpg.jpeg","width":1600,"height":1600,"caption":"skaitytaknyga.lt"},"image":{"@id":"https:\/\/skaitytaknyga.lt\/#\/schema\/logo\/image\/"},"sameAs":["https:\/\/www.facebook.com\/skaitytaknyga\/"]}]}},"_links":{"self":[{"href":"https:\/\/skaitytaknyga.lt\/en\/wp-json\/wp\/v2\/product\/4079","targetHints":{"allow":["GET"]}}],"collection":[{"href":"https:\/\/skaitytaknyga.lt\/en\/wp-json\/wp\/v2\/product"}],"about":[{"href":"https:\/\/skaitytaknyga.lt\/en\/wp-json\/wp\/v2\/types\/product"}],"replies":[{"embeddable":true,"href":"https:\/\/skaitytaknyga.lt\/en\/wp-json\/wp\/v2\/comments?post=4079"}],"wp:featuredmedia":[{"embeddable":true,"href":"https:\/\/skaitytaknyga.lt\/en\/wp-json\/wp\/v2\/media\/4109"}],"wp:attachment":[{"href":"https:\/\/skaitytaknyga.lt\/en\/wp-json\/wp\/v2\/media?parent=4079"}],"wp:term":[{"taxonomy":"product_brand","embeddable":true,"href":"https:\/\/skaitytaknyga.lt\/en\/wp-json\/wp\/v2\/product_brand?post=4079"},{"taxonomy":"product_cat","embeddable":true,"href":"https:\/\/skaitytaknyga.lt\/en\/wp-json\/wp\/v2\/product_cat?post=4079"},{"taxonomy":"product_tag","embeddable":true,"href":"https:\/\/skaitytaknyga.lt\/en\/wp-json\/wp\/v2\/product_tag?post=4079"}],"curies":[{"name":"wp","href":"https:\/\/api.w.org\/{rel}","templated":true}]}}