{"id":4046,"date":"2024-04-17T13:41:23","date_gmt":"2024-04-17T13:41:23","guid":{"rendered":"https:\/\/skaitytaknyga.lt\/?post_type=product&#038;p=4046"},"modified":"2024-05-03T07:22:53","modified_gmt":"2024-05-03T07:22:53","slug":"namu-ukio-ekonomika","status":"publish","type":"product","link":"https:\/\/skaitytaknyga.lt\/en\/produktas\/namu-ukio-ekonomika\/","title":{"rendered":"Nam\u0173 \u016bkio ekonomika"},"content":{"rendered":"<p>Nam\u0173 ekonomika &#8211; tai mokslas. Jo tyrim\u0173 objektas &#8211; asmens ir \u0161eimos poreikiai, j\u0173 tenkinimas, nam\u0173 \u016bkio veikla ir i\u0161tekliai, be abejo, biud\u017eetas. Atskiras skyrius yra kaimo nam\u0173 \u016bkio veiklos ypatumams aptarti. Vadov\u0117lis bus naudingas profesini\u0173 mokykl\u0173 moksleiviams, auk\u0161tesni\u0173j\u0173 ir auk\u0161t\u0173j\u0173 mokykl\u0173 studentams. Jame nauj\u0173 ir pravar\u010di\u0173 patarim\u0173 ras ir jaunos \u0161eimos, ir jau patyrusios \u0161eiminink\u0117s.<\/p>\n","protected":false},"excerpt":{"rendered":"<p>Nam\u0173 ekonomika &#8211; tai mokslas. Jo tyrim\u0173 objektas &#8211; asmens ir \u0161eimos poreikiai, j\u0173 tenkinimas, nam\u0173 \u016bkio veikla ir i\u0161tekliai, be abejo, biud\u017eetas. Atskiras skyrius yra kaimo nam\u0173 \u016bkio veiklos ypatumams aptarti. Vadov\u0117lis bus naudingas profesini\u0173 mokykl\u0173 moksleiviams, auk\u0161tesni\u0173j\u0173 ir auk\u0161t\u0173j\u0173 mokykl\u0173 studentams. Jame nauj\u0173 ir pravar\u010di\u0173 patarim\u0173 ras ir jaunos \u0161eimos, ir jau patyrusios \u0161eiminink\u0117s.<\/p>\n","protected":false},"featured_media":4098,"comment_status":"closed","ping_status":"closed","template":"","meta":{"_acf_changed":false,"site-sidebar-layout":"default","site-content-layout":"","ast-site-content-layout":"default","site-content-style":"default","site-sidebar-style":"default","ast-global-header-display":"","ast-banner-title-visibility":"","ast-main-header-display":"","ast-hfb-above-header-display":"","ast-hfb-below-header-display":"","ast-hfb-mobile-header-display":"","site-post-title":"","ast-breadcrumbs-content":"","ast-featured-img":"","footer-sml-layout":"","ast-disable-related-posts":"","theme-transparent-header-meta":"","adv-header-id-meta":"","stick-header-meta":"","header-above-stick-meta":"","header-main-stick-meta":"","header-below-stick-meta":"","astra-migrate-meta-layouts":"default","ast-page-background-enabled":"default","ast-page-background-meta":{"desktop":{"background-color":"","background-image":"","background-repeat":"repeat","background-position":"center center","background-size":"auto","background-attachment":"scroll","background-type":"","background-media":"","overlay-type":"","overlay-color":"","overlay-opacity":"","overlay-gradient":""},"tablet":{"background-color":"","background-image":"","background-repeat":"repeat","background-position":"center center","background-size":"auto","background-attachment":"scroll","background-type":"","background-media":"","overlay-type":"","overlay-color":"","overlay-opacity":"","overlay-gradient":""},"mobile":{"background-color":"","background-image":"","background-repeat":"repeat","background-position":"center center","background-size":"auto","background-attachment":"scroll","background-type":"","background-media":"","overlay-type":"","overlay-color":"","overlay-opacity":"","overlay-gradient":""}},"ast-content-background-meta":{"desktop":{"background-color":"var(--ast-global-color-4)","background-image":"","background-repeat":"repeat","background-position":"center center","background-size":"auto","background-attachment":"scroll","background-type":"","background-media":"","overlay-type":"","overlay-color":"","overlay-opacity":"","overlay-gradient":""},"tablet":{"background-color":"var(--ast-global-color-4)","background-image":"","background-repeat":"repeat","background-position":"center center","background-size":"auto","background-attachment":"scroll","background-type":"","background-media":"","overlay-type":"","overlay-color":"","overlay-opacity":"","overlay-gradient":""},"mobile":{"background-color":"var(--ast-global-color-4)","background-image":"","background-repeat":"repeat","background-position":"center center","background-size":"auto","background-attachment":"scroll","background-type":"","background-media":"","overlay-type":"","overlay-color":"","overlay-opacity":"","overlay-gradient":""}}},"product_brand":[],"product_cat":[74],"product_tag":[],"class_list":{"0":"post-4046","1":"product","2":"type-product","3":"status-publish","4":"has-post-thumbnail","6":"product_cat-sodas-darzas-ir-gelynai","7":"desktop-align-left","8":"tablet-align-left","9":"mobile-align-left","11":"first","12":"instock","13":"shipping-taxable","14":"purchasable","15":"product-type-simple"},"acf":[],"yoast_head":"<!-- This site is optimized with the Yoast SEO plugin v27.0 - https:\/\/yoast.com\/product\/yoast-seo-wordpress\/ -->\n<title>Nam\u0173 \u016bkio ekonomika - Skaitytaknyga<\/title>\n<meta name=\"description\" content=\"Nam\u0173 ekonomika - tai mokslas. Jo tyrim\u0173 objektas - asmens ir \u0161eimos poreikiai, j\u0173 tenkinimas, nam\u0173 \u016bkio veikla ir i\u0161tekliai, be abejo, biud\u017eetas. Atskiras skyrius yra kaimo nam\u0173 \u016bkio veiklos ypatumams aptarti. Vadov\u0117lis bus naudingas profesini\u0173 mokykl\u0173 moksleiviams, auk\u0161tesni\u0173j\u0173 ir auk\u0161t\u0173j\u0173 mokykl\u0173 studentams. Jame nauj\u0173 ir pravar\u010di\u0173 patarim\u0173 ras ir jaunos \u0161eimos, ir jau patyrusios \u0161eiminink\u0117s.\" \/>\n<meta name=\"robots\" content=\"index, follow, max-snippet:-1, max-image-preview:large, max-video-preview:-1\" \/>\n<link rel=\"canonical\" href=\"https:\/\/skaitytaknyga.lt\/en\/produktas\/namu-ukio-ekonomika\/\" \/>\n<meta property=\"og:locale\" content=\"en_GB\" \/>\n<meta property=\"og:locale:alternate\" content=\"lt_LT\" \/>\n<meta property=\"og:type\" content=\"article\" \/>\n<meta property=\"og:title\" content=\"Nam\u0173 \u016bkio ekonomika - Skaitytaknyga\" \/>\n<meta property=\"og:description\" content=\"Nam\u0173 ekonomika - tai mokslas. Jo tyrim\u0173 objektas - asmens ir \u0161eimos poreikiai, j\u0173 tenkinimas, nam\u0173 \u016bkio veikla ir i\u0161tekliai, be abejo, biud\u017eetas. Atskiras skyrius yra kaimo nam\u0173 \u016bkio veiklos ypatumams aptarti. Vadov\u0117lis bus naudingas profesini\u0173 mokykl\u0173 moksleiviams, auk\u0161tesni\u0173j\u0173 ir auk\u0161t\u0173j\u0173 mokykl\u0173 studentams. Jame nauj\u0173 ir pravar\u010di\u0173 patarim\u0173 ras ir jaunos \u0161eimos, ir jau patyrusios \u0161eiminink\u0117s.\" \/>\n<meta property=\"og:url\" content=\"https:\/\/skaitytaknyga.lt\/en\/produktas\/namu-ukio-ekonomika\/\" \/>\n<meta property=\"og:site_name\" content=\"Skaitytaknyga\" \/>\n<meta property=\"article:publisher\" content=\"https:\/\/www.facebook.com\/skaitytaknyga\/\" \/>\n<meta property=\"article:modified_time\" content=\"2024-05-03T07:22:53+00:00\" \/>\n<meta property=\"og:image\" content=\"https:\/\/skaitytaknyga.lt\/wp-content\/uploads\/2024\/04\/203642-img-20200423-203620-e1609426152516.jpg\" \/>\n\t<meta property=\"og:image:width\" content=\"486\" \/>\n\t<meta property=\"og:image:height\" content=\"742\" \/>\n\t<meta property=\"og:image:type\" content=\"image\/jpeg\" \/>\n<meta name=\"twitter:card\" content=\"summary_large_image\" \/>\n<script type=\"application\/ld+json\" class=\"yoast-schema-graph\">{\"@context\":\"https:\/\/schema.org\",\"@graph\":[{\"@type\":\"WebPage\",\"@id\":\"https:\/\/skaitytaknyga.lt\/produktas\/namu-ukio-ekonomika\/\",\"url\":\"https:\/\/skaitytaknyga.lt\/produktas\/namu-ukio-ekonomika\/\",\"name\":\"Nam\u0173 \u016bkio ekonomika - Skaitytaknyga\",\"isPartOf\":{\"@id\":\"https:\/\/skaitytaknyga.lt\/#website\"},\"primaryImageOfPage\":{\"@id\":\"https:\/\/skaitytaknyga.lt\/produktas\/namu-ukio-ekonomika\/#primaryimage\"},\"image\":{\"@id\":\"https:\/\/skaitytaknyga.lt\/produktas\/namu-ukio-ekonomika\/#primaryimage\"},\"thumbnailUrl\":\"https:\/\/skaitytaknyga.lt\/wp-content\/uploads\/2024\/04\/203642-img-20200423-203620-e1609426152516.jpg\",\"datePublished\":\"2024-04-17T13:41:23+00:00\",\"dateModified\":\"2024-05-03T07:22:53+00:00\",\"description\":\"Nam\u0173 ekonomika - tai mokslas. Jo tyrim\u0173 objektas - asmens ir \u0161eimos poreikiai, j\u0173 tenkinimas, nam\u0173 \u016bkio veikla ir i\u0161tekliai, be abejo, biud\u017eetas. Atskiras skyrius yra kaimo nam\u0173 \u016bkio veiklos ypatumams aptarti. Vadov\u0117lis bus naudingas profesini\u0173 mokykl\u0173 moksleiviams, auk\u0161tesni\u0173j\u0173 ir auk\u0161t\u0173j\u0173 mokykl\u0173 studentams. Jame nauj\u0173 ir pravar\u010di\u0173 patarim\u0173 ras ir jaunos \u0161eimos, ir jau patyrusios \u0161eiminink\u0117s.\",\"breadcrumb\":{\"@id\":\"https:\/\/skaitytaknyga.lt\/produktas\/namu-ukio-ekonomika\/#breadcrumb\"},\"inLanguage\":\"en-GB\",\"potentialAction\":[{\"@type\":\"ReadAction\",\"target\":[\"https:\/\/skaitytaknyga.lt\/produktas\/namu-ukio-ekonomika\/\"]}]},{\"@type\":\"ImageObject\",\"inLanguage\":\"en-GB\",\"@id\":\"https:\/\/skaitytaknyga.lt\/produktas\/namu-ukio-ekonomika\/#primaryimage\",\"url\":\"https:\/\/skaitytaknyga.lt\/wp-content\/uploads\/2024\/04\/203642-img-20200423-203620-e1609426152516.jpg\",\"contentUrl\":\"https:\/\/skaitytaknyga.lt\/wp-content\/uploads\/2024\/04\/203642-img-20200423-203620-e1609426152516.jpg\",\"width\":486,\"height\":742,\"caption\":\"203642 img 20200423 203620 e1609426152516\"},{\"@type\":\"BreadcrumbList\",\"@id\":\"https:\/\/skaitytaknyga.lt\/produktas\/namu-ukio-ekonomika\/#breadcrumb\",\"itemListElement\":[{\"@type\":\"ListItem\",\"position\":1,\"name\":\"Home\",\"item\":\"https:\/\/skaitytaknyga.lt\/\"},{\"@type\":\"ListItem\",\"position\":2,\"name\":\"Parduotuv\u0117\",\"item\":\"https:\/\/skaitytaknyga.lt\/knygu-parduotuve\/\"},{\"@type\":\"ListItem\",\"position\":3,\"name\":\"Nam\u0173 \u016bkio ekonomika\"}]},{\"@type\":\"WebSite\",\"@id\":\"https:\/\/skaitytaknyga.lt\/#website\",\"url\":\"https:\/\/skaitytaknyga.lt\/\",\"name\":\"skaitytaknyga.lt\",\"description\":\"Skaitytaknyga.lt \u2013 tai ma\u017eas \u0161eimos verslas, kuris prasid\u0117jo nuo meil\u0117s knygoms ir siekio i\u0161gelb\u0117ti knygas nuo likimo prie konteinerio. Kas vienam nereikalingas daiktas \u2013 kitam lobis, o mes esame tarpininkai, kurie padeda abiems tapti laimingesniems ???? \u017dinome kaip nelengva i\u0161gyventi ma\u017eiems verslams, tad nuo \u0161iol, \u010dia rasite ir kit\u0173, ma\u017e\u0173 \u0161eim\u0173 versl\u0173, rank\u0173 darbo, dovan\u0173 sau ir artimiesiems.\",\"publisher\":{\"@id\":\"https:\/\/skaitytaknyga.lt\/#organization\"},\"potentialAction\":[{\"@type\":\"SearchAction\",\"target\":{\"@type\":\"EntryPoint\",\"urlTemplate\":\"https:\/\/skaitytaknyga.lt\/?s={search_term_string}\"},\"query-input\":{\"@type\":\"PropertyValueSpecification\",\"valueRequired\":true,\"valueName\":\"search_term_string\"}}],\"inLanguage\":\"en-GB\"},{\"@type\":\"Organization\",\"@id\":\"https:\/\/skaitytaknyga.lt\/#organization\",\"name\":\"skaitytaknyga.lt\",\"url\":\"https:\/\/skaitytaknyga.lt\/\",\"logo\":{\"@type\":\"ImageObject\",\"inLanguage\":\"en-GB\",\"@id\":\"https:\/\/skaitytaknyga.lt\/#\/schema\/logo\/image\/\",\"url\":\"https:\/\/skaitytaknyga.lt\/wp-content\/uploads\/2024\/05\/cropped-cropped-cropped-02_00843_jt3bggkj1j3HLc7SyY6rEUpg.jpeg\",\"contentUrl\":\"https:\/\/skaitytaknyga.lt\/wp-content\/uploads\/2024\/05\/cropped-cropped-cropped-02_00843_jt3bggkj1j3HLc7SyY6rEUpg.jpeg\",\"width\":1600,\"height\":1600,\"caption\":\"skaitytaknyga.lt\"},\"image\":{\"@id\":\"https:\/\/skaitytaknyga.lt\/#\/schema\/logo\/image\/\"},\"sameAs\":[\"https:\/\/www.facebook.com\/skaitytaknyga\/\"]}]}<\/script>\n<!-- \/ Yoast SEO plugin. -->","yoast_head_json":{"title":"Nam\u0173 \u016bkio ekonomika - Skaitytaknyga","description":"Nam\u0173 ekonomika - tai mokslas. Jo tyrim\u0173 objektas - asmens ir \u0161eimos poreikiai, j\u0173 tenkinimas, nam\u0173 \u016bkio veikla ir i\u0161tekliai, be abejo, biud\u017eetas. Atskiras skyrius yra kaimo nam\u0173 \u016bkio veiklos ypatumams aptarti. Vadov\u0117lis bus naudingas profesini\u0173 mokykl\u0173 moksleiviams, auk\u0161tesni\u0173j\u0173 ir auk\u0161t\u0173j\u0173 mokykl\u0173 studentams. Jame nauj\u0173 ir pravar\u010di\u0173 patarim\u0173 ras ir jaunos \u0161eimos, ir jau patyrusios \u0161eiminink\u0117s.","robots":{"index":"index","follow":"follow","max-snippet":"max-snippet:-1","max-image-preview":"max-image-preview:large","max-video-preview":"max-video-preview:-1"},"canonical":"https:\/\/skaitytaknyga.lt\/en\/produktas\/namu-ukio-ekonomika\/","og_locale":"en_GB","og_type":"article","og_title":"Nam\u0173 \u016bkio ekonomika - Skaitytaknyga","og_description":"Nam\u0173 ekonomika - tai mokslas. Jo tyrim\u0173 objektas - asmens ir \u0161eimos poreikiai, j\u0173 tenkinimas, nam\u0173 \u016bkio veikla ir i\u0161tekliai, be abejo, biud\u017eetas. Atskiras skyrius yra kaimo nam\u0173 \u016bkio veiklos ypatumams aptarti. Vadov\u0117lis bus naudingas profesini\u0173 mokykl\u0173 moksleiviams, auk\u0161tesni\u0173j\u0173 ir auk\u0161t\u0173j\u0173 mokykl\u0173 studentams. Jame nauj\u0173 ir pravar\u010di\u0173 patarim\u0173 ras ir jaunos \u0161eimos, ir jau patyrusios \u0161eiminink\u0117s.","og_url":"https:\/\/skaitytaknyga.lt\/en\/produktas\/namu-ukio-ekonomika\/","og_site_name":"Skaitytaknyga","article_publisher":"https:\/\/www.facebook.com\/skaitytaknyga\/","article_modified_time":"2024-05-03T07:22:53+00:00","og_image":[{"width":486,"height":742,"url":"https:\/\/skaitytaknyga.lt\/wp-content\/uploads\/2024\/04\/203642-img-20200423-203620-e1609426152516.jpg","type":"image\/jpeg"}],"twitter_card":"summary_large_image","schema":{"@context":"https:\/\/schema.org","@graph":[{"@type":"WebPage","@id":"https:\/\/skaitytaknyga.lt\/produktas\/namu-ukio-ekonomika\/","url":"https:\/\/skaitytaknyga.lt\/produktas\/namu-ukio-ekonomika\/","name":"Nam\u0173 \u016bkio ekonomika - Skaitytaknyga","isPartOf":{"@id":"https:\/\/skaitytaknyga.lt\/#website"},"primaryImageOfPage":{"@id":"https:\/\/skaitytaknyga.lt\/produktas\/namu-ukio-ekonomika\/#primaryimage"},"image":{"@id":"https:\/\/skaitytaknyga.lt\/produktas\/namu-ukio-ekonomika\/#primaryimage"},"thumbnailUrl":"https:\/\/skaitytaknyga.lt\/wp-content\/uploads\/2024\/04\/203642-img-20200423-203620-e1609426152516.jpg","datePublished":"2024-04-17T13:41:23+00:00","dateModified":"2024-05-03T07:22:53+00:00","description":"Nam\u0173 ekonomika - tai mokslas. Jo tyrim\u0173 objektas - asmens ir \u0161eimos poreikiai, j\u0173 tenkinimas, nam\u0173 \u016bkio veikla ir i\u0161tekliai, be abejo, biud\u017eetas. Atskiras skyrius yra kaimo nam\u0173 \u016bkio veiklos ypatumams aptarti. Vadov\u0117lis bus naudingas profesini\u0173 mokykl\u0173 moksleiviams, auk\u0161tesni\u0173j\u0173 ir auk\u0161t\u0173j\u0173 mokykl\u0173 studentams. Jame nauj\u0173 ir pravar\u010di\u0173 patarim\u0173 ras ir jaunos \u0161eimos, ir jau patyrusios \u0161eiminink\u0117s.","breadcrumb":{"@id":"https:\/\/skaitytaknyga.lt\/produktas\/namu-ukio-ekonomika\/#breadcrumb"},"inLanguage":"en-GB","potentialAction":[{"@type":"ReadAction","target":["https:\/\/skaitytaknyga.lt\/produktas\/namu-ukio-ekonomika\/"]}]},{"@type":"ImageObject","inLanguage":"en-GB","@id":"https:\/\/skaitytaknyga.lt\/produktas\/namu-ukio-ekonomika\/#primaryimage","url":"https:\/\/skaitytaknyga.lt\/wp-content\/uploads\/2024\/04\/203642-img-20200423-203620-e1609426152516.jpg","contentUrl":"https:\/\/skaitytaknyga.lt\/wp-content\/uploads\/2024\/04\/203642-img-20200423-203620-e1609426152516.jpg","width":486,"height":742,"caption":"203642 img 20200423 203620 e1609426152516"},{"@type":"BreadcrumbList","@id":"https:\/\/skaitytaknyga.lt\/produktas\/namu-ukio-ekonomika\/#breadcrumb","itemListElement":[{"@type":"ListItem","position":1,"name":"Home","item":"https:\/\/skaitytaknyga.lt\/"},{"@type":"ListItem","position":2,"name":"Parduotuv\u0117","item":"https:\/\/skaitytaknyga.lt\/knygu-parduotuve\/"},{"@type":"ListItem","position":3,"name":"Nam\u0173 \u016bkio ekonomika"}]},{"@type":"WebSite","@id":"https:\/\/skaitytaknyga.lt\/#website","url":"https:\/\/skaitytaknyga.lt\/","name":"skaitytaknyga.lt","description":"Skaitytaknyga.lt \u2013 tai ma\u017eas \u0161eimos verslas, kuris prasid\u0117jo nuo meil\u0117s knygoms ir siekio i\u0161gelb\u0117ti knygas nuo likimo prie konteinerio. Kas vienam nereikalingas daiktas \u2013 kitam lobis, o mes esame tarpininkai, kurie padeda abiems tapti laimingesniems ???? \u017dinome kaip nelengva i\u0161gyventi ma\u017eiems verslams, tad nuo \u0161iol, \u010dia rasite ir kit\u0173, ma\u017e\u0173 \u0161eim\u0173 versl\u0173, rank\u0173 darbo, dovan\u0173 sau ir artimiesiems.","publisher":{"@id":"https:\/\/skaitytaknyga.lt\/#organization"},"potentialAction":[{"@type":"SearchAction","target":{"@type":"EntryPoint","urlTemplate":"https:\/\/skaitytaknyga.lt\/?s={search_term_string}"},"query-input":{"@type":"PropertyValueSpecification","valueRequired":true,"valueName":"search_term_string"}}],"inLanguage":"en-GB"},{"@type":"Organization","@id":"https:\/\/skaitytaknyga.lt\/#organization","name":"skaitytaknyga.lt","url":"https:\/\/skaitytaknyga.lt\/","logo":{"@type":"ImageObject","inLanguage":"en-GB","@id":"https:\/\/skaitytaknyga.lt\/#\/schema\/logo\/image\/","url":"https:\/\/skaitytaknyga.lt\/wp-content\/uploads\/2024\/05\/cropped-cropped-cropped-02_00843_jt3bggkj1j3HLc7SyY6rEUpg.jpeg","contentUrl":"https:\/\/skaitytaknyga.lt\/wp-content\/uploads\/2024\/05\/cropped-cropped-cropped-02_00843_jt3bggkj1j3HLc7SyY6rEUpg.jpeg","width":1600,"height":1600,"caption":"skaitytaknyga.lt"},"image":{"@id":"https:\/\/skaitytaknyga.lt\/#\/schema\/logo\/image\/"},"sameAs":["https:\/\/www.facebook.com\/skaitytaknyga\/"]}]}},"_links":{"self":[{"href":"https:\/\/skaitytaknyga.lt\/en\/wp-json\/wp\/v2\/product\/4046","targetHints":{"allow":["GET"]}}],"collection":[{"href":"https:\/\/skaitytaknyga.lt\/en\/wp-json\/wp\/v2\/product"}],"about":[{"href":"https:\/\/skaitytaknyga.lt\/en\/wp-json\/wp\/v2\/types\/product"}],"replies":[{"embeddable":true,"href":"https:\/\/skaitytaknyga.lt\/en\/wp-json\/wp\/v2\/comments?post=4046"}],"wp:featuredmedia":[{"embeddable":true,"href":"https:\/\/skaitytaknyga.lt\/en\/wp-json\/wp\/v2\/media\/4098"}],"wp:attachment":[{"href":"https:\/\/skaitytaknyga.lt\/en\/wp-json\/wp\/v2\/media?parent=4046"}],"wp:term":[{"taxonomy":"product_brand","embeddable":true,"href":"https:\/\/skaitytaknyga.lt\/en\/wp-json\/wp\/v2\/product_brand?post=4046"},{"taxonomy":"product_cat","embeddable":true,"href":"https:\/\/skaitytaknyga.lt\/en\/wp-json\/wp\/v2\/product_cat?post=4046"},{"taxonomy":"product_tag","embeddable":true,"href":"https:\/\/skaitytaknyga.lt\/en\/wp-json\/wp\/v2\/product_tag?post=4046"}],"curies":[{"name":"wp","href":"https:\/\/api.w.org\/{rel}","templated":true}]}}