{"id":4011,"date":"2024-04-17T13:40:54","date_gmt":"2024-04-17T13:40:54","guid":{"rendered":"https:\/\/skaitytaknyga.lt\/?post_type=product&#038;p=4011"},"modified":"2025-06-11T07:51:38","modified_gmt":"2025-06-11T04:51:38","slug":"k-pukelis-leiskit-i-tevyne","status":"publish","type":"product","link":"https:\/\/skaitytaknyga.lt\/en\/produktas\/k-pukelis-leiskit-i-tevyne\/","title":{"rendered":"Leiskit \u012f T\u0117vyn\u0119"},"content":{"rendered":"<p>Knygoje spausdinami mokytoj\u0173 tremtini\u0173 memuarai ir dokumentin\u0117 apysaka. Prie\u0161 skaitytojo akis kyla tragi\u0161ki pa\u017eemint\u0173 ir kan\u010diai pasmerkt\u0173 \u017emoni\u0173 &#8211; nauj\u0173j\u0173 verg\u0173 &#8211; likimai, r\u016bst\u016bs i\u0161bandymai, tek\u0119 j\u0173 daliai.<\/p>\n<p>I\u0161\u0117jusieji i\u0161 sibiro gilybi\u0173 liudija ir kaltina stalinizm\u0105, moko mus dvasios didyb\u0117s ir i\u0161tverm\u0117s.<\/p>\n","protected":false},"excerpt":{"rendered":"<p>Knygoje spausdinami mokytoj\u0173 tremtini\u0173 memuarai ir dokumentin\u0117 apysaka. Prie\u0161 skaitytojo akis kyla tragi\u0161ki pa\u017eemint\u0173 ir kan\u010diai pasmerkt\u0173 \u017emoni\u0173 &#8211; nauj\u0173j\u0173 verg\u0173 &#8211; likimai, r\u016bst\u016bs i\u0161bandymai, tek\u0119 j\u0173 daliai.<\/p>\n<p>I\u0161\u0117jusieji i\u0161 sibiro gilybi\u0173 liudija ir kaltina stalinizm\u0105, moko mus dvasios didyb\u0117s ir i\u0161tverm\u0117s.<\/p>\n","protected":false},"featured_media":4055,"comment_status":"closed","ping_status":"closed","template":"","meta":{"_acf_changed":false,"site-sidebar-layout":"default","site-content-layout":"","ast-site-content-layout":"default","site-content-style":"default","site-sidebar-style":"default","ast-global-header-display":"","ast-banner-title-visibility":"","ast-main-header-display":"","ast-hfb-above-header-display":"","ast-hfb-below-header-display":"","ast-hfb-mobile-header-display":"","site-post-title":"","ast-breadcrumbs-content":"","ast-featured-img":"","footer-sml-layout":"","ast-disable-related-posts":"","theme-transparent-header-meta":"default","adv-header-id-meta":"","stick-header-meta":"","header-above-stick-meta":"","header-main-stick-meta":"","header-below-stick-meta":"","astra-migrate-meta-layouts":"set","ast-page-background-enabled":"default","ast-page-background-meta":{"desktop":{"background-color":"","background-image":"","background-repeat":"repeat","background-position":"center center","background-size":"auto","background-attachment":"scroll","background-type":"","background-media":"","overlay-type":"","overlay-color":"","overlay-opacity":"","overlay-gradient":""},"tablet":{"background-color":"","background-image":"","background-repeat":"repeat","background-position":"center center","background-size":"auto","background-attachment":"scroll","background-type":"","background-media":"","overlay-type":"","overlay-color":"","overlay-opacity":"","overlay-gradient":""},"mobile":{"background-color":"","background-image":"","background-repeat":"repeat","background-position":"center center","background-size":"auto","background-attachment":"scroll","background-type":"","background-media":"","overlay-type":"","overlay-color":"","overlay-opacity":"","overlay-gradient":""}},"ast-content-background-meta":{"desktop":{"background-color":"var(--ast-global-color-4)","background-image":"","background-repeat":"repeat","background-position":"center center","background-size":"auto","background-attachment":"scroll","background-type":"","background-media":"","overlay-type":"","overlay-color":"","overlay-opacity":"","overlay-gradient":""},"tablet":{"background-color":"var(--ast-global-color-4)","background-image":"","background-repeat":"repeat","background-position":"center center","background-size":"auto","background-attachment":"scroll","background-type":"","background-media":"","overlay-type":"","overlay-color":"","overlay-opacity":"","overlay-gradient":""},"mobile":{"background-color":"var(--ast-global-color-4)","background-image":"","background-repeat":"repeat","background-position":"center center","background-size":"auto","background-attachment":"scroll","background-type":"","background-media":"","overlay-type":"","overlay-color":"","overlay-opacity":"","overlay-gradient":""}}},"product_brand":[],"product_cat":[174],"product_tag":[3888,4778,4777,1227,4776],"class_list":{"0":"post-4011","1":"product","2":"type-product","3":"status-publish","4":"has-post-thumbnail","6":"product_cat-istorija-ir-politologija","7":"product_tag-dokumentine-literatura","8":"product_tag-k-pukelis","9":"product_tag-lietuviu-kancia","10":"product_tag-memuarai","11":"product_tag-stalinizmas","12":"desktop-align-left","13":"tablet-align-left","14":"mobile-align-left","16":"first","17":"instock","18":"shipping-taxable","19":"purchasable","20":"product-type-simple"},"acf":[],"yoast_head":"<!-- This site is optimized with the Yoast SEO plugin v27.0 - https:\/\/yoast.com\/product\/yoast-seo-wordpress\/ -->\n<title>Leiskit \u012f T\u0117vyn\u0119<\/title>\n<meta name=\"description\" content=\"Knygoje spausdinami mokytoj\u0173 tremtini\u0173 memuarai ir dokumentin\u0117 apysaka. Prie\u0161 skaitytojo akis kyla tragi\u0161ki pa\u017eemint\u0173 ir kan\u010diai pasmerkt\u0173 \u017emoni\u0173 - nauj\u0173j\u0173 verg\u0173 - likimai, r\u016bst\u016bs i\u0161bandymai, tek\u0119 j\u0173 daliai.  I\u0161\u0117jusieji i\u0161 sibiro gilybi\u0173 liudija ir kaltina stalinizm\u0105, moko mus dvasios didyb\u0117s ir i\u0161tverm\u0117s.\" \/>\n<meta name=\"robots\" content=\"index, follow, max-snippet:-1, max-image-preview:large, max-video-preview:-1\" \/>\n<link rel=\"canonical\" href=\"https:\/\/skaitytaknyga.lt\/en\/produktas\/k-pukelis-leiskit-i-tevyne\/\" \/>\n<meta property=\"og:locale\" content=\"en_GB\" \/>\n<meta property=\"og:locale:alternate\" content=\"lt_LT\" \/>\n<meta property=\"og:type\" content=\"article\" \/>\n<meta property=\"og:title\" content=\"Leiskit \u012f T\u0117vyn\u0119\" \/>\n<meta property=\"og:description\" content=\"Knygoje spausdinami mokytoj\u0173 tremtini\u0173 memuarai ir dokumentin\u0117 apysaka. Prie\u0161 skaitytojo akis kyla tragi\u0161ki pa\u017eemint\u0173 ir kan\u010diai pasmerkt\u0173 \u017emoni\u0173 - nauj\u0173j\u0173 verg\u0173 - likimai, r\u016bst\u016bs i\u0161bandymai, tek\u0119 j\u0173 daliai.  I\u0161\u0117jusieji i\u0161 sibiro gilybi\u0173 liudija ir kaltina stalinizm\u0105, moko mus dvasios didyb\u0117s ir i\u0161tverm\u0117s.\" \/>\n<meta property=\"og:url\" content=\"https:\/\/skaitytaknyga.lt\/en\/produktas\/k-pukelis-leiskit-i-tevyne\/\" \/>\n<meta property=\"og:site_name\" content=\"Skaitytaknyga\" \/>\n<meta property=\"article:publisher\" content=\"https:\/\/www.facebook.com\/skaitytaknyga\/\" \/>\n<meta property=\"article:modified_time\" content=\"2025-06-11T04:51:38+00:00\" \/>\n<meta property=\"og:image\" content=\"https:\/\/skaitytaknyga.lt\/wp-content\/uploads\/2024\/04\/1462881160_img0007.jpg\" \/>\n\t<meta property=\"og:image:width\" content=\"271\" \/>\n\t<meta property=\"og:image:height\" content=\"430\" \/>\n\t<meta property=\"og:image:type\" content=\"image\/jpeg\" \/>\n<meta name=\"twitter:card\" content=\"summary_large_image\" \/>\n<meta name=\"twitter:label1\" content=\"Estimated reading time\" \/>\n\t<meta name=\"twitter:data1\" content=\"1 minute\" \/>\n<script type=\"application\/ld+json\" class=\"yoast-schema-graph\">{\"@context\":\"https:\/\/schema.org\",\"@graph\":[{\"@type\":\"WebPage\",\"@id\":\"https:\/\/skaitytaknyga.lt\/produktas\/k-pukelis-leiskit-i-tevyne\/\",\"url\":\"https:\/\/skaitytaknyga.lt\/produktas\/k-pukelis-leiskit-i-tevyne\/\",\"name\":\"Leiskit \u012f T\u0117vyn\u0119\",\"isPartOf\":{\"@id\":\"https:\/\/skaitytaknyga.lt\/#website\"},\"primaryImageOfPage\":{\"@id\":\"https:\/\/skaitytaknyga.lt\/produktas\/k-pukelis-leiskit-i-tevyne\/#primaryimage\"},\"image\":{\"@id\":\"https:\/\/skaitytaknyga.lt\/produktas\/k-pukelis-leiskit-i-tevyne\/#primaryimage\"},\"thumbnailUrl\":\"https:\/\/skaitytaknyga.lt\/wp-content\/uploads\/2024\/04\/1462881160_img0007.jpg\",\"datePublished\":\"2024-04-17T13:40:54+00:00\",\"dateModified\":\"2025-06-11T04:51:38+00:00\",\"description\":\"Knygoje spausdinami mokytoj\u0173 tremtini\u0173 memuarai ir dokumentin\u0117 apysaka. Prie\u0161 skaitytojo akis kyla tragi\u0161ki pa\u017eemint\u0173 ir kan\u010diai pasmerkt\u0173 \u017emoni\u0173 - nauj\u0173j\u0173 verg\u0173 - likimai, r\u016bst\u016bs i\u0161bandymai, tek\u0119 j\u0173 daliai. I\u0161\u0117jusieji i\u0161 sibiro gilybi\u0173 liudija ir kaltina stalinizm\u0105, moko mus dvasios didyb\u0117s ir i\u0161tverm\u0117s.\",\"breadcrumb\":{\"@id\":\"https:\/\/skaitytaknyga.lt\/produktas\/k-pukelis-leiskit-i-tevyne\/#breadcrumb\"},\"inLanguage\":\"en-GB\",\"potentialAction\":[{\"@type\":\"ReadAction\",\"target\":[\"https:\/\/skaitytaknyga.lt\/produktas\/k-pukelis-leiskit-i-tevyne\/\"]}]},{\"@type\":\"ImageObject\",\"inLanguage\":\"en-GB\",\"@id\":\"https:\/\/skaitytaknyga.lt\/produktas\/k-pukelis-leiskit-i-tevyne\/#primaryimage\",\"url\":\"https:\/\/skaitytaknyga.lt\/wp-content\/uploads\/2024\/04\/1462881160_img0007.jpg\",\"contentUrl\":\"https:\/\/skaitytaknyga.lt\/wp-content\/uploads\/2024\/04\/1462881160_img0007.jpg\",\"width\":271,\"height\":430,\"caption\":\"1462881160 img0007\"},{\"@type\":\"BreadcrumbList\",\"@id\":\"https:\/\/skaitytaknyga.lt\/produktas\/k-pukelis-leiskit-i-tevyne\/#breadcrumb\",\"itemListElement\":[{\"@type\":\"ListItem\",\"position\":1,\"name\":\"Home\",\"item\":\"https:\/\/skaitytaknyga.lt\/\"},{\"@type\":\"ListItem\",\"position\":2,\"name\":\"Parduotuv\u0117\",\"item\":\"https:\/\/skaitytaknyga.lt\/knygu-parduotuve\/\"},{\"@type\":\"ListItem\",\"position\":3,\"name\":\"Leiskit \u012f T\u0117vyn\u0119\"}]},{\"@type\":\"WebSite\",\"@id\":\"https:\/\/skaitytaknyga.lt\/#website\",\"url\":\"https:\/\/skaitytaknyga.lt\/\",\"name\":\"skaitytaknyga.lt\",\"description\":\"Skaitytaknyga.lt \u2013 tai ma\u017eas \u0161eimos verslas, kuris prasid\u0117jo nuo meil\u0117s knygoms ir siekio i\u0161gelb\u0117ti knygas nuo likimo prie konteinerio. Kas vienam nereikalingas daiktas \u2013 kitam lobis, o mes esame tarpininkai, kurie padeda abiems tapti laimingesniems ???? \u017dinome kaip nelengva i\u0161gyventi ma\u017eiems verslams, tad nuo \u0161iol, \u010dia rasite ir kit\u0173, ma\u017e\u0173 \u0161eim\u0173 versl\u0173, rank\u0173 darbo, dovan\u0173 sau ir artimiesiems.\",\"publisher\":{\"@id\":\"https:\/\/skaitytaknyga.lt\/#organization\"},\"potentialAction\":[{\"@type\":\"SearchAction\",\"target\":{\"@type\":\"EntryPoint\",\"urlTemplate\":\"https:\/\/skaitytaknyga.lt\/?s={search_term_string}\"},\"query-input\":{\"@type\":\"PropertyValueSpecification\",\"valueRequired\":true,\"valueName\":\"search_term_string\"}}],\"inLanguage\":\"en-GB\"},{\"@type\":\"Organization\",\"@id\":\"https:\/\/skaitytaknyga.lt\/#organization\",\"name\":\"skaitytaknyga.lt\",\"url\":\"https:\/\/skaitytaknyga.lt\/\",\"logo\":{\"@type\":\"ImageObject\",\"inLanguage\":\"en-GB\",\"@id\":\"https:\/\/skaitytaknyga.lt\/#\/schema\/logo\/image\/\",\"url\":\"https:\/\/skaitytaknyga.lt\/wp-content\/uploads\/2024\/05\/cropped-cropped-cropped-02_00843_jt3bggkj1j3HLc7SyY6rEUpg.jpeg\",\"contentUrl\":\"https:\/\/skaitytaknyga.lt\/wp-content\/uploads\/2024\/05\/cropped-cropped-cropped-02_00843_jt3bggkj1j3HLc7SyY6rEUpg.jpeg\",\"width\":1600,\"height\":1600,\"caption\":\"skaitytaknyga.lt\"},\"image\":{\"@id\":\"https:\/\/skaitytaknyga.lt\/#\/schema\/logo\/image\/\"},\"sameAs\":[\"https:\/\/www.facebook.com\/skaitytaknyga\/\"]}]}<\/script>\n<!-- \/ Yoast SEO plugin. -->","yoast_head_json":{"title":"Leiskit \u012f T\u0117vyn\u0119","description":"Knygoje spausdinami mokytoj\u0173 tremtini\u0173 memuarai ir dokumentin\u0117 apysaka. Prie\u0161 skaitytojo akis kyla tragi\u0161ki pa\u017eemint\u0173 ir kan\u010diai pasmerkt\u0173 \u017emoni\u0173 - nauj\u0173j\u0173 verg\u0173 - likimai, r\u016bst\u016bs i\u0161bandymai, tek\u0119 j\u0173 daliai.  I\u0161\u0117jusieji i\u0161 sibiro gilybi\u0173 liudija ir kaltina stalinizm\u0105, moko mus dvasios didyb\u0117s ir i\u0161tverm\u0117s.","robots":{"index":"index","follow":"follow","max-snippet":"max-snippet:-1","max-image-preview":"max-image-preview:large","max-video-preview":"max-video-preview:-1"},"canonical":"https:\/\/skaitytaknyga.lt\/en\/produktas\/k-pukelis-leiskit-i-tevyne\/","og_locale":"en_GB","og_type":"article","og_title":"[:lt]Leiskit \u012f T\u0117vyn\u0119[:] - Skaitytaknyga","og_description":"Knygoje spausdinami mokytoj\u0173 tremtini\u0173 memuarai ir dokumentin\u0117 apysaka. Prie\u0161 skaitytojo akis kyla tragi\u0161ki pa\u017eemint\u0173 ir kan\u010diai pasmerkt\u0173 \u017emoni\u0173 - nauj\u0173j\u0173 verg\u0173 - likimai, r\u016bst\u016bs i\u0161bandymai, tek\u0119 j\u0173 daliai.  I\u0161\u0117jusieji i\u0161 sibiro gilybi\u0173 liudija ir kaltina stalinizm\u0105, moko mus dvasios didyb\u0117s ir i\u0161tverm\u0117s.","og_url":"https:\/\/skaitytaknyga.lt\/en\/produktas\/k-pukelis-leiskit-i-tevyne\/","og_site_name":"Skaitytaknyga","article_publisher":"https:\/\/www.facebook.com\/skaitytaknyga\/","article_modified_time":"2025-06-11T04:51:38+00:00","og_image":[{"width":271,"height":430,"url":"https:\/\/skaitytaknyga.lt\/wp-content\/uploads\/2024\/04\/1462881160_img0007.jpg","type":"image\/jpeg"}],"twitter_card":"summary_large_image","twitter_misc":{"Estimated reading time":"1 minute"},"schema":{"@context":"https:\/\/schema.org","@graph":[{"@type":"WebPage","@id":"https:\/\/skaitytaknyga.lt\/produktas\/k-pukelis-leiskit-i-tevyne\/","url":"https:\/\/skaitytaknyga.lt\/produktas\/k-pukelis-leiskit-i-tevyne\/","name":"Leiskit \u012f T\u0117vyn\u0119","isPartOf":{"@id":"https:\/\/skaitytaknyga.lt\/#website"},"primaryImageOfPage":{"@id":"https:\/\/skaitytaknyga.lt\/produktas\/k-pukelis-leiskit-i-tevyne\/#primaryimage"},"image":{"@id":"https:\/\/skaitytaknyga.lt\/produktas\/k-pukelis-leiskit-i-tevyne\/#primaryimage"},"thumbnailUrl":"https:\/\/skaitytaknyga.lt\/wp-content\/uploads\/2024\/04\/1462881160_img0007.jpg","datePublished":"2024-04-17T13:40:54+00:00","dateModified":"2025-06-11T04:51:38+00:00","description":"Knygoje spausdinami mokytoj\u0173 tremtini\u0173 memuarai ir dokumentin\u0117 apysaka. Prie\u0161 skaitytojo akis kyla tragi\u0161ki pa\u017eemint\u0173 ir kan\u010diai pasmerkt\u0173 \u017emoni\u0173 - nauj\u0173j\u0173 verg\u0173 - likimai, r\u016bst\u016bs i\u0161bandymai, tek\u0119 j\u0173 daliai. I\u0161\u0117jusieji i\u0161 sibiro gilybi\u0173 liudija ir kaltina stalinizm\u0105, moko mus dvasios didyb\u0117s ir i\u0161tverm\u0117s.","breadcrumb":{"@id":"https:\/\/skaitytaknyga.lt\/produktas\/k-pukelis-leiskit-i-tevyne\/#breadcrumb"},"inLanguage":"en-GB","potentialAction":[{"@type":"ReadAction","target":["https:\/\/skaitytaknyga.lt\/produktas\/k-pukelis-leiskit-i-tevyne\/"]}]},{"@type":"ImageObject","inLanguage":"en-GB","@id":"https:\/\/skaitytaknyga.lt\/produktas\/k-pukelis-leiskit-i-tevyne\/#primaryimage","url":"https:\/\/skaitytaknyga.lt\/wp-content\/uploads\/2024\/04\/1462881160_img0007.jpg","contentUrl":"https:\/\/skaitytaknyga.lt\/wp-content\/uploads\/2024\/04\/1462881160_img0007.jpg","width":271,"height":430,"caption":"1462881160 img0007"},{"@type":"BreadcrumbList","@id":"https:\/\/skaitytaknyga.lt\/produktas\/k-pukelis-leiskit-i-tevyne\/#breadcrumb","itemListElement":[{"@type":"ListItem","position":1,"name":"Home","item":"https:\/\/skaitytaknyga.lt\/"},{"@type":"ListItem","position":2,"name":"Parduotuv\u0117","item":"https:\/\/skaitytaknyga.lt\/knygu-parduotuve\/"},{"@type":"ListItem","position":3,"name":"Leiskit \u012f T\u0117vyn\u0119"}]},{"@type":"WebSite","@id":"https:\/\/skaitytaknyga.lt\/#website","url":"https:\/\/skaitytaknyga.lt\/","name":"skaitytaknyga.lt","description":"Skaitytaknyga.lt \u2013 tai ma\u017eas \u0161eimos verslas, kuris prasid\u0117jo nuo meil\u0117s knygoms ir siekio i\u0161gelb\u0117ti knygas nuo likimo prie konteinerio. Kas vienam nereikalingas daiktas \u2013 kitam lobis, o mes esame tarpininkai, kurie padeda abiems tapti laimingesniems ???? \u017dinome kaip nelengva i\u0161gyventi ma\u017eiems verslams, tad nuo \u0161iol, \u010dia rasite ir kit\u0173, ma\u017e\u0173 \u0161eim\u0173 versl\u0173, rank\u0173 darbo, dovan\u0173 sau ir artimiesiems.","publisher":{"@id":"https:\/\/skaitytaknyga.lt\/#organization"},"potentialAction":[{"@type":"SearchAction","target":{"@type":"EntryPoint","urlTemplate":"https:\/\/skaitytaknyga.lt\/?s={search_term_string}"},"query-input":{"@type":"PropertyValueSpecification","valueRequired":true,"valueName":"search_term_string"}}],"inLanguage":"en-GB"},{"@type":"Organization","@id":"https:\/\/skaitytaknyga.lt\/#organization","name":"skaitytaknyga.lt","url":"https:\/\/skaitytaknyga.lt\/","logo":{"@type":"ImageObject","inLanguage":"en-GB","@id":"https:\/\/skaitytaknyga.lt\/#\/schema\/logo\/image\/","url":"https:\/\/skaitytaknyga.lt\/wp-content\/uploads\/2024\/05\/cropped-cropped-cropped-02_00843_jt3bggkj1j3HLc7SyY6rEUpg.jpeg","contentUrl":"https:\/\/skaitytaknyga.lt\/wp-content\/uploads\/2024\/05\/cropped-cropped-cropped-02_00843_jt3bggkj1j3HLc7SyY6rEUpg.jpeg","width":1600,"height":1600,"caption":"skaitytaknyga.lt"},"image":{"@id":"https:\/\/skaitytaknyga.lt\/#\/schema\/logo\/image\/"},"sameAs":["https:\/\/www.facebook.com\/skaitytaknyga\/"]}]}},"_links":{"self":[{"href":"https:\/\/skaitytaknyga.lt\/en\/wp-json\/wp\/v2\/product\/4011","targetHints":{"allow":["GET"]}}],"collection":[{"href":"https:\/\/skaitytaknyga.lt\/en\/wp-json\/wp\/v2\/product"}],"about":[{"href":"https:\/\/skaitytaknyga.lt\/en\/wp-json\/wp\/v2\/types\/product"}],"replies":[{"embeddable":true,"href":"https:\/\/skaitytaknyga.lt\/en\/wp-json\/wp\/v2\/comments?post=4011"}],"wp:featuredmedia":[{"embeddable":true,"href":"https:\/\/skaitytaknyga.lt\/en\/wp-json\/wp\/v2\/media\/4055"}],"wp:attachment":[{"href":"https:\/\/skaitytaknyga.lt\/en\/wp-json\/wp\/v2\/media?parent=4011"}],"wp:term":[{"taxonomy":"product_brand","embeddable":true,"href":"https:\/\/skaitytaknyga.lt\/en\/wp-json\/wp\/v2\/product_brand?post=4011"},{"taxonomy":"product_cat","embeddable":true,"href":"https:\/\/skaitytaknyga.lt\/en\/wp-json\/wp\/v2\/product_cat?post=4011"},{"taxonomy":"product_tag","embeddable":true,"href":"https:\/\/skaitytaknyga.lt\/en\/wp-json\/wp\/v2\/product_tag?post=4011"}],"curies":[{"name":"wp","href":"https:\/\/api.w.org\/{rel}","templated":true}]}}