{"id":4005,"date":"2024-04-17T13:40:54","date_gmt":"2024-04-17T13:40:54","guid":{"rendered":"https:\/\/skaitytaknyga.lt\/?post_type=product&#038;p=4005"},"modified":"2025-09-05T08:56:49","modified_gmt":"2025-09-05T05:56:49","slug":"po-lietuva-su-seima","status":"publish","type":"product","link":"https:\/\/skaitytaknyga.lt\/en\/produktas\/po-lietuva-su-seima\/","title":{"rendered":"Po Lietuv\u0105 su \u0161eima"},"content":{"rendered":"<p>Po Lietuv\u0105 su \u0161eima \u2013 kelioni\u0173 \u017einynas keliaujantiems su visa \u0161eima. \u017dinyne pateikiami 25 \u012fdomiausi\u0173 kelioni\u0173 mar\u0161rutai po Lietuv\u0105 p\u0117s\u010diomis, dvira\u010diais ir automobiliu, aplankant vertingiausius \u0161alies objektus ir visiems kartu gerai praleid\u017eiant laik\u0105. Knygoje kelioni\u0173 mar\u0161rutai pritaikyti keliaujant su vaikais \u2013 pateikiami \u012fdomiausi muziejai, edukacin\u0117s programos, aktyvios pramogos, parkai, \u017eaidim\u0173 aik\u0161tel\u0117s gamtoje.Kad ir ma\u017eiausiems smalsuoliams keliauti neb\u016bt\u0173 nuobodu! \u012esimintinos kelion\u0117s po did\u017eiuosius Lietuvos miestus, etnografinius regionus, kelion\u0117s dvira\u010diais ar tiesiog trumpi, bet \u012fdom\u016bs stabtel\u0117jimai pakeliui \u012f paj\u016br\u012f \u2013 id\u0117jos, norintiems pa\u017einti ir daugiau i\u0161mokti. Keliaukite kartu su \u0161eima, nes laikas, praleistas su mylimiausiais \u017emon\u0117mis, yra pats vertingiausias!<\/p>\n<p>\u017dinyne rasite:<br \/>\n\u2013 25 mar\u0161rut\u0173 po Lietuv\u0105;<br \/>\n\u2013 250 lankytin\u0173 objekt\u0173;<br \/>\n\u2013 Keliones po Lietuvos miestus ir regionus;<br \/>\n\u2013 Keliones dvira\u010diais;<br \/>\n\u2013 Pramog\u0173 ir \u017eaidim\u0173, kad laikas neprailgt\u0173.<\/p>\n","protected":false},"excerpt":{"rendered":"<p>Po Lietuv\u0105 su \u0161eima \u2013 kelioni\u0173 \u017einynas keliaujantiems su visa \u0161eima. \u017dinyne pateikiami 25 \u012fdomiausi\u0173 kelioni\u0173 mar\u0161rutai po Lietuv\u0105 p\u0117s\u010diomis, dvira\u010diais ir automobiliu, aplankant vertingiausius \u0161alies objektus ir visiems kartu gerai praleid\u017eiant laik\u0105. Knygoje kelioni\u0173 mar\u0161rutai pritaikyti keliaujant su vaikais \u2013 pateikiami \u012fdomiausi muziejai, edukacin\u0117s programos, aktyvios pramogos, parkai, \u017eaidim\u0173 aik\u0161tel\u0117s gamtoje.Kad ir ma\u017eiausiems smalsuoliams keliauti neb\u016bt\u0173 nuobodu! \u012esimintinos kelion\u0117s po did\u017eiuosius Lietuvos miestus, etnografinius regionus, kelion\u0117s dvira\u010diais ar tiesiog trumpi, bet \u012fdom\u016bs stabtel\u0117jimai pakeliui \u012f paj\u016br\u012f \u2013 id\u0117jos, norintiems pa\u017einti ir daugiau i\u0161mokti. Keliaukite kartu su \u0161eima, nes laikas, praleistas su mylimiausiais \u017emon\u0117mis, yra pats vertingiausias!<\/p>\n<p>\u017dinyne rasite:<br \/>\n\u2013 25 mar\u0161rut\u0173 po Lietuv\u0105;<br \/>\n\u2013 250 lankytin\u0173 objekt\u0173;<br \/>\n\u2013 Keliones po Lietuvos miestus ir regionus;<br \/>\n\u2013 Keliones dvira\u010diais;<br \/>\n\u2013 Pramog\u0173 ir \u017eaidim\u0173, kad laikas neprailgt\u0173.<\/p>\n","protected":false},"featured_media":4049,"comment_status":"closed","ping_status":"closed","template":"","meta":{"_acf_changed":false,"site-sidebar-layout":"default","site-content-layout":"","ast-site-content-layout":"default","site-content-style":"default","site-sidebar-style":"default","ast-global-header-display":"","ast-banner-title-visibility":"","ast-main-header-display":"","ast-hfb-above-header-display":"","ast-hfb-below-header-display":"","ast-hfb-mobile-header-display":"","site-post-title":"","ast-breadcrumbs-content":"","ast-featured-img":"","footer-sml-layout":"","ast-disable-related-posts":"","theme-transparent-header-meta":"","adv-header-id-meta":"","stick-header-meta":"","header-above-stick-meta":"","header-main-stick-meta":"","header-below-stick-meta":"","astra-migrate-meta-layouts":"default","ast-page-background-enabled":"default","ast-page-background-meta":{"desktop":{"background-color":"","background-image":"","background-repeat":"repeat","background-position":"center center","background-size":"auto","background-attachment":"scroll","background-type":"","background-media":"","overlay-type":"","overlay-color":"","overlay-opacity":"","overlay-gradient":""},"tablet":{"background-color":"","background-image":"","background-repeat":"repeat","background-position":"center center","background-size":"auto","background-attachment":"scroll","background-type":"","background-media":"","overlay-type":"","overlay-color":"","overlay-opacity":"","overlay-gradient":""},"mobile":{"background-color":"","background-image":"","background-repeat":"repeat","background-position":"center center","background-size":"auto","background-attachment":"scroll","background-type":"","background-media":"","overlay-type":"","overlay-color":"","overlay-opacity":"","overlay-gradient":""}},"ast-content-background-meta":{"desktop":{"background-color":"var(--ast-global-color-4)","background-image":"","background-repeat":"repeat","background-position":"center center","background-size":"auto","background-attachment":"scroll","background-type":"","background-media":"","overlay-type":"","overlay-color":"","overlay-opacity":"","overlay-gradient":""},"tablet":{"background-color":"var(--ast-global-color-4)","background-image":"","background-repeat":"repeat","background-position":"center center","background-size":"auto","background-attachment":"scroll","background-type":"","background-media":"","overlay-type":"","overlay-color":"","overlay-opacity":"","overlay-gradient":""},"mobile":{"background-color":"var(--ast-global-color-4)","background-image":"","background-repeat":"repeat","background-position":"center center","background-size":"auto","background-attachment":"scroll","background-type":"","background-media":"","overlay-type":"","overlay-color":"","overlay-opacity":"","overlay-gradient":""}}},"product_brand":[],"product_cat":[448],"product_tag":[],"class_list":{"0":"post-4005","1":"product","2":"type-product","3":"status-publish","4":"has-post-thumbnail","6":"product_cat-keliones","7":"desktop-align-left","8":"tablet-align-left","9":"mobile-align-left","11":"first","12":"instock","13":"shipping-taxable","14":"purchasable","15":"product-type-simple"},"acf":[],"yoast_head":"<!-- This site is optimized with the Yoast SEO plugin v27.0 - https:\/\/yoast.com\/product\/yoast-seo-wordpress\/ -->\n<title>Po Lietuv\u0105 su \u0161eima<\/title>\n<meta name=\"description\" content=\"Po Lietuv\u0105 su \u0161eima \u2013 kelioni\u0173 \u017einynas keliaujantiems su visa \u0161eima. \u017dinyne pateikiami 25 \u012fdomiausi\u0173 kelioni\u0173 mar\u0161rutai po Lietuv\u0105 p\u0117s\u010diomis, dvira\u010diais ir automobiliu, aplankant vertingiausius \u0161alies objektus ir visiems kartu gerai praleid\u017eiant laik\u0105. Knygoje kelioni\u0173 mar\u0161rutai pritaikyti keliaujant su vaikais \u2013 pateikiami \u012fdomiausi muziejai, edukacin\u0117s programos, aktyvios pramogos, parkai, \u017eaidim\u0173 aik\u0161tel\u0117s gamtoje.Kad ir ma\u017eiausiems smalsuoliams keliauti neb\u016bt\u0173 nuobodu! \u012esimintinos kelion\u0117s po did\u017eiuosius Lietuvos miestus, etnografinius regionus, kelion\u0117s dvira\u010diais ar tiesiog trumpi, bet \u012fdom\u016bs stabtel\u0117jimai pakeliui \u012f paj\u016br\u012f \u2013 id\u0117jos, norintiems pa\u017einti ir daugiau i\u0161mokti. Keliaukite kartu su \u0161eima, nes laikas, praleistas su mylimiausiais \u017emon\u0117mis, yra pats vertingiausias!  \u017dinyne rasite: \u2013 25 mar\u0161rut\u0173 po Lietuv\u0105; \u2013 250 lankytin\u0173 objekt\u0173; \u2013 Keliones po Lietuvos miestus ir regionus; \u2013 Keliones dvira\u010diais; \u2013 Pramog\u0173 ir \u017eaidim\u0173, kad laikas neprailgt\u0173.\" \/>\n<meta name=\"robots\" content=\"index, follow, max-snippet:-1, max-image-preview:large, max-video-preview:-1\" \/>\n<link rel=\"canonical\" href=\"https:\/\/skaitytaknyga.lt\/en\/produktas\/po-lietuva-su-seima\/\" \/>\n<meta property=\"og:locale\" content=\"en_GB\" \/>\n<meta property=\"og:locale:alternate\" content=\"lt_LT\" \/>\n<meta property=\"og:type\" content=\"article\" \/>\n<meta property=\"og:title\" content=\"Po Lietuv\u0105 su \u0161eima\" \/>\n<meta property=\"og:description\" content=\"Po Lietuv\u0105 su \u0161eima \u2013 kelioni\u0173 \u017einynas keliaujantiems su visa \u0161eima. \u017dinyne pateikiami 25 \u012fdomiausi\u0173 kelioni\u0173 mar\u0161rutai po Lietuv\u0105 p\u0117s\u010diomis, dvira\u010diais ir automobiliu, aplankant vertingiausius \u0161alies objektus ir visiems kartu gerai praleid\u017eiant laik\u0105. Knygoje kelioni\u0173 mar\u0161rutai pritaikyti keliaujant su vaikais \u2013 pateikiami \u012fdomiausi muziejai, edukacin\u0117s programos, aktyvios pramogos, parkai, \u017eaidim\u0173 aik\u0161tel\u0117s gamtoje.Kad ir ma\u017eiausiems smalsuoliams keliauti neb\u016bt\u0173 nuobodu! \u012esimintinos kelion\u0117s po did\u017eiuosius Lietuvos miestus, etnografinius regionus, kelion\u0117s dvira\u010diais ar tiesiog trumpi, bet \u012fdom\u016bs stabtel\u0117jimai pakeliui \u012f paj\u016br\u012f \u2013 id\u0117jos, norintiems pa\u017einti ir daugiau i\u0161mokti. Keliaukite kartu su \u0161eima, nes laikas, praleistas su mylimiausiais \u017emon\u0117mis, yra pats vertingiausias!  \u017dinyne rasite: \u2013 25 mar\u0161rut\u0173 po Lietuv\u0105; \u2013 250 lankytin\u0173 objekt\u0173; \u2013 Keliones po Lietuvos miestus ir regionus; \u2013 Keliones dvira\u010diais; \u2013 Pramog\u0173 ir \u017eaidim\u0173, kad laikas neprailgt\u0173.\" \/>\n<meta property=\"og:url\" content=\"https:\/\/skaitytaknyga.lt\/en\/produktas\/po-lietuva-su-seima\/\" \/>\n<meta property=\"og:site_name\" content=\"Skaitytaknyga\" \/>\n<meta property=\"article:publisher\" content=\"https:\/\/www.facebook.com\/skaitytaknyga\/\" \/>\n<meta property=\"article:modified_time\" content=\"2025-09-05T05:56:49+00:00\" \/>\n<meta property=\"og:image\" content=\"https:\/\/skaitytaknyga.lt\/wp-content\/uploads\/2024\/04\/po-lietuva-su-seima_virselis-cmyk150-e1497871081306.jpg\" \/>\n\t<meta property=\"og:image:width\" content=\"400\" \/>\n\t<meta property=\"og:image:height\" content=\"566\" \/>\n\t<meta property=\"og:image:type\" content=\"image\/jpeg\" \/>\n<meta name=\"twitter:card\" content=\"summary_large_image\" \/>\n<meta name=\"twitter:label1\" content=\"Estimated reading time\" \/>\n\t<meta name=\"twitter:data1\" content=\"1 minute\" \/>\n<script type=\"application\/ld+json\" class=\"yoast-schema-graph\">{\"@context\":\"https:\/\/schema.org\",\"@graph\":[{\"@type\":\"WebPage\",\"@id\":\"https:\/\/skaitytaknyga.lt\/produktas\/po-lietuva-su-seima\/\",\"url\":\"https:\/\/skaitytaknyga.lt\/produktas\/po-lietuva-su-seima\/\",\"name\":\"Po Lietuv\u0105 su \u0161eima\",\"isPartOf\":{\"@id\":\"https:\/\/skaitytaknyga.lt\/#website\"},\"primaryImageOfPage\":{\"@id\":\"https:\/\/skaitytaknyga.lt\/produktas\/po-lietuva-su-seima\/#primaryimage\"},\"image\":{\"@id\":\"https:\/\/skaitytaknyga.lt\/produktas\/po-lietuva-su-seima\/#primaryimage\"},\"thumbnailUrl\":\"https:\/\/skaitytaknyga.lt\/wp-content\/uploads\/2024\/04\/po-lietuva-su-seima_virselis-cmyk150-e1497871081306.jpg\",\"datePublished\":\"2024-04-17T13:40:54+00:00\",\"dateModified\":\"2025-09-05T05:56:49+00:00\",\"description\":\"Po Lietuv\u0105 su \u0161eima \u2013 kelioni\u0173 \u017einynas keliaujantiems su visa \u0161eima. \u017dinyne pateikiami 25 \u012fdomiausi\u0173 kelioni\u0173 mar\u0161rutai po Lietuv\u0105 p\u0117s\u010diomis, dvira\u010diais ir automobiliu, aplankant vertingiausius \u0161alies objektus ir visiems kartu gerai praleid\u017eiant laik\u0105. Knygoje kelioni\u0173 mar\u0161rutai pritaikyti keliaujant su vaikais \u2013 pateikiami \u012fdomiausi muziejai, edukacin\u0117s programos, aktyvios pramogos, parkai, \u017eaidim\u0173 aik\u0161tel\u0117s gamtoje.Kad ir ma\u017eiausiems smalsuoliams keliauti neb\u016bt\u0173 nuobodu! \u012esimintinos kelion\u0117s po did\u017eiuosius Lietuvos miestus, etnografinius regionus, kelion\u0117s dvira\u010diais ar tiesiog trumpi, bet \u012fdom\u016bs stabtel\u0117jimai pakeliui \u012f paj\u016br\u012f \u2013 id\u0117jos, norintiems pa\u017einti ir daugiau i\u0161mokti. Keliaukite kartu su \u0161eima, nes laikas, praleistas su mylimiausiais \u017emon\u0117mis, yra pats vertingiausias! \u017dinyne rasite: \u2013 25 mar\u0161rut\u0173 po Lietuv\u0105; \u2013 250 lankytin\u0173 objekt\u0173; \u2013 Keliones po Lietuvos miestus ir regionus; \u2013 Keliones dvira\u010diais; \u2013 Pramog\u0173 ir \u017eaidim\u0173, kad laikas neprailgt\u0173.\",\"breadcrumb\":{\"@id\":\"https:\/\/skaitytaknyga.lt\/produktas\/po-lietuva-su-seima\/#breadcrumb\"},\"inLanguage\":\"en-GB\",\"potentialAction\":[{\"@type\":\"ReadAction\",\"target\":[\"https:\/\/skaitytaknyga.lt\/produktas\/po-lietuva-su-seima\/\"]}]},{\"@type\":\"ImageObject\",\"inLanguage\":\"en-GB\",\"@id\":\"https:\/\/skaitytaknyga.lt\/produktas\/po-lietuva-su-seima\/#primaryimage\",\"url\":\"https:\/\/skaitytaknyga.lt\/wp-content\/uploads\/2024\/04\/po-lietuva-su-seima_virselis-cmyk150-e1497871081306.jpg\",\"contentUrl\":\"https:\/\/skaitytaknyga.lt\/wp-content\/uploads\/2024\/04\/po-lietuva-su-seima_virselis-cmyk150-e1497871081306.jpg\",\"width\":400,\"height\":566,\"caption\":\"po lietuva su seima virselis cmyk150 e1497871081306\"},{\"@type\":\"BreadcrumbList\",\"@id\":\"https:\/\/skaitytaknyga.lt\/produktas\/po-lietuva-su-seima\/#breadcrumb\",\"itemListElement\":[{\"@type\":\"ListItem\",\"position\":1,\"name\":\"Home\",\"item\":\"https:\/\/skaitytaknyga.lt\/\"},{\"@type\":\"ListItem\",\"position\":2,\"name\":\"Parduotuv\u0117\",\"item\":\"https:\/\/skaitytaknyga.lt\/knygu-parduotuve\/\"},{\"@type\":\"ListItem\",\"position\":3,\"name\":\"Po Lietuv\u0105 su \u0161eima\"}]},{\"@type\":\"WebSite\",\"@id\":\"https:\/\/skaitytaknyga.lt\/#website\",\"url\":\"https:\/\/skaitytaknyga.lt\/\",\"name\":\"skaitytaknyga.lt\",\"description\":\"Skaitytaknyga.lt \u2013 tai ma\u017eas \u0161eimos verslas, kuris prasid\u0117jo nuo meil\u0117s knygoms ir siekio i\u0161gelb\u0117ti knygas nuo likimo prie konteinerio. Kas vienam nereikalingas daiktas \u2013 kitam lobis, o mes esame tarpininkai, kurie padeda abiems tapti laimingesniems ???? \u017dinome kaip nelengva i\u0161gyventi ma\u017eiems verslams, tad nuo \u0161iol, \u010dia rasite ir kit\u0173, ma\u017e\u0173 \u0161eim\u0173 versl\u0173, rank\u0173 darbo, dovan\u0173 sau ir artimiesiems.\",\"publisher\":{\"@id\":\"https:\/\/skaitytaknyga.lt\/#organization\"},\"potentialAction\":[{\"@type\":\"SearchAction\",\"target\":{\"@type\":\"EntryPoint\",\"urlTemplate\":\"https:\/\/skaitytaknyga.lt\/?s={search_term_string}\"},\"query-input\":{\"@type\":\"PropertyValueSpecification\",\"valueRequired\":true,\"valueName\":\"search_term_string\"}}],\"inLanguage\":\"en-GB\"},{\"@type\":\"Organization\",\"@id\":\"https:\/\/skaitytaknyga.lt\/#organization\",\"name\":\"skaitytaknyga.lt\",\"url\":\"https:\/\/skaitytaknyga.lt\/\",\"logo\":{\"@type\":\"ImageObject\",\"inLanguage\":\"en-GB\",\"@id\":\"https:\/\/skaitytaknyga.lt\/#\/schema\/logo\/image\/\",\"url\":\"https:\/\/skaitytaknyga.lt\/wp-content\/uploads\/2024\/05\/cropped-cropped-cropped-02_00843_jt3bggkj1j3HLc7SyY6rEUpg.jpeg\",\"contentUrl\":\"https:\/\/skaitytaknyga.lt\/wp-content\/uploads\/2024\/05\/cropped-cropped-cropped-02_00843_jt3bggkj1j3HLc7SyY6rEUpg.jpeg\",\"width\":1600,\"height\":1600,\"caption\":\"skaitytaknyga.lt\"},\"image\":{\"@id\":\"https:\/\/skaitytaknyga.lt\/#\/schema\/logo\/image\/\"},\"sameAs\":[\"https:\/\/www.facebook.com\/skaitytaknyga\/\"]}]}<\/script>\n<!-- \/ Yoast SEO plugin. -->","yoast_head_json":{"title":"Po Lietuv\u0105 su \u0161eima","description":"Po Lietuv\u0105 su \u0161eima \u2013 kelioni\u0173 \u017einynas keliaujantiems su visa \u0161eima. \u017dinyne pateikiami 25 \u012fdomiausi\u0173 kelioni\u0173 mar\u0161rutai po Lietuv\u0105 p\u0117s\u010diomis, dvira\u010diais ir automobiliu, aplankant vertingiausius \u0161alies objektus ir visiems kartu gerai praleid\u017eiant laik\u0105. Knygoje kelioni\u0173 mar\u0161rutai pritaikyti keliaujant su vaikais \u2013 pateikiami \u012fdomiausi muziejai, edukacin\u0117s programos, aktyvios pramogos, parkai, \u017eaidim\u0173 aik\u0161tel\u0117s gamtoje.Kad ir ma\u017eiausiems smalsuoliams keliauti neb\u016bt\u0173 nuobodu! \u012esimintinos kelion\u0117s po did\u017eiuosius Lietuvos miestus, etnografinius regionus, kelion\u0117s dvira\u010diais ar tiesiog trumpi, bet \u012fdom\u016bs stabtel\u0117jimai pakeliui \u012f paj\u016br\u012f \u2013 id\u0117jos, norintiems pa\u017einti ir daugiau i\u0161mokti. Keliaukite kartu su \u0161eima, nes laikas, praleistas su mylimiausiais \u017emon\u0117mis, yra pats vertingiausias!  \u017dinyne rasite: \u2013 25 mar\u0161rut\u0173 po Lietuv\u0105; \u2013 250 lankytin\u0173 objekt\u0173; \u2013 Keliones po Lietuvos miestus ir regionus; \u2013 Keliones dvira\u010diais; \u2013 Pramog\u0173 ir \u017eaidim\u0173, kad laikas neprailgt\u0173.","robots":{"index":"index","follow":"follow","max-snippet":"max-snippet:-1","max-image-preview":"max-image-preview:large","max-video-preview":"max-video-preview:-1"},"canonical":"https:\/\/skaitytaknyga.lt\/en\/produktas\/po-lietuva-su-seima\/","og_locale":"en_GB","og_type":"article","og_title":"[:lt]Po Lietuv\u0105 su \u0161eima[:] - Skaitytaknyga","og_description":"Po Lietuv\u0105 su \u0161eima \u2013 kelioni\u0173 \u017einynas keliaujantiems su visa \u0161eima. \u017dinyne pateikiami 25 \u012fdomiausi\u0173 kelioni\u0173 mar\u0161rutai po Lietuv\u0105 p\u0117s\u010diomis, dvira\u010diais ir automobiliu, aplankant vertingiausius \u0161alies objektus ir visiems kartu gerai praleid\u017eiant laik\u0105. Knygoje kelioni\u0173 mar\u0161rutai pritaikyti keliaujant su vaikais \u2013 pateikiami \u012fdomiausi muziejai, edukacin\u0117s programos, aktyvios pramogos, parkai, \u017eaidim\u0173 aik\u0161tel\u0117s gamtoje.Kad ir ma\u017eiausiems smalsuoliams keliauti neb\u016bt\u0173 nuobodu! \u012esimintinos kelion\u0117s po did\u017eiuosius Lietuvos miestus, etnografinius regionus, kelion\u0117s dvira\u010diais ar tiesiog trumpi, bet \u012fdom\u016bs stabtel\u0117jimai pakeliui \u012f paj\u016br\u012f \u2013 id\u0117jos, norintiems pa\u017einti ir daugiau i\u0161mokti. Keliaukite kartu su \u0161eima, nes laikas, praleistas su mylimiausiais \u017emon\u0117mis, yra pats vertingiausias!  \u017dinyne rasite: \u2013 25 mar\u0161rut\u0173 po Lietuv\u0105; \u2013 250 lankytin\u0173 objekt\u0173; \u2013 Keliones po Lietuvos miestus ir regionus; \u2013 Keliones dvira\u010diais; \u2013 Pramog\u0173 ir \u017eaidim\u0173, kad laikas neprailgt\u0173.","og_url":"https:\/\/skaitytaknyga.lt\/en\/produktas\/po-lietuva-su-seima\/","og_site_name":"Skaitytaknyga","article_publisher":"https:\/\/www.facebook.com\/skaitytaknyga\/","article_modified_time":"2025-09-05T05:56:49+00:00","og_image":[{"width":400,"height":566,"url":"https:\/\/skaitytaknyga.lt\/wp-content\/uploads\/2024\/04\/po-lietuva-su-seima_virselis-cmyk150-e1497871081306.jpg","type":"image\/jpeg"}],"twitter_card":"summary_large_image","twitter_misc":{"Estimated reading time":"1 minute"},"schema":{"@context":"https:\/\/schema.org","@graph":[{"@type":"WebPage","@id":"https:\/\/skaitytaknyga.lt\/produktas\/po-lietuva-su-seima\/","url":"https:\/\/skaitytaknyga.lt\/produktas\/po-lietuva-su-seima\/","name":"Po Lietuv\u0105 su \u0161eima","isPartOf":{"@id":"https:\/\/skaitytaknyga.lt\/#website"},"primaryImageOfPage":{"@id":"https:\/\/skaitytaknyga.lt\/produktas\/po-lietuva-su-seima\/#primaryimage"},"image":{"@id":"https:\/\/skaitytaknyga.lt\/produktas\/po-lietuva-su-seima\/#primaryimage"},"thumbnailUrl":"https:\/\/skaitytaknyga.lt\/wp-content\/uploads\/2024\/04\/po-lietuva-su-seima_virselis-cmyk150-e1497871081306.jpg","datePublished":"2024-04-17T13:40:54+00:00","dateModified":"2025-09-05T05:56:49+00:00","description":"Po Lietuv\u0105 su \u0161eima \u2013 kelioni\u0173 \u017einynas keliaujantiems su visa \u0161eima. \u017dinyne pateikiami 25 \u012fdomiausi\u0173 kelioni\u0173 mar\u0161rutai po Lietuv\u0105 p\u0117s\u010diomis, dvira\u010diais ir automobiliu, aplankant vertingiausius \u0161alies objektus ir visiems kartu gerai praleid\u017eiant laik\u0105. Knygoje kelioni\u0173 mar\u0161rutai pritaikyti keliaujant su vaikais \u2013 pateikiami \u012fdomiausi muziejai, edukacin\u0117s programos, aktyvios pramogos, parkai, \u017eaidim\u0173 aik\u0161tel\u0117s gamtoje.Kad ir ma\u017eiausiems smalsuoliams keliauti neb\u016bt\u0173 nuobodu! \u012esimintinos kelion\u0117s po did\u017eiuosius Lietuvos miestus, etnografinius regionus, kelion\u0117s dvira\u010diais ar tiesiog trumpi, bet \u012fdom\u016bs stabtel\u0117jimai pakeliui \u012f paj\u016br\u012f \u2013 id\u0117jos, norintiems pa\u017einti ir daugiau i\u0161mokti. Keliaukite kartu su \u0161eima, nes laikas, praleistas su mylimiausiais \u017emon\u0117mis, yra pats vertingiausias! \u017dinyne rasite: \u2013 25 mar\u0161rut\u0173 po Lietuv\u0105; \u2013 250 lankytin\u0173 objekt\u0173; \u2013 Keliones po Lietuvos miestus ir regionus; \u2013 Keliones dvira\u010diais; \u2013 Pramog\u0173 ir \u017eaidim\u0173, kad laikas neprailgt\u0173.","breadcrumb":{"@id":"https:\/\/skaitytaknyga.lt\/produktas\/po-lietuva-su-seima\/#breadcrumb"},"inLanguage":"en-GB","potentialAction":[{"@type":"ReadAction","target":["https:\/\/skaitytaknyga.lt\/produktas\/po-lietuva-su-seima\/"]}]},{"@type":"ImageObject","inLanguage":"en-GB","@id":"https:\/\/skaitytaknyga.lt\/produktas\/po-lietuva-su-seima\/#primaryimage","url":"https:\/\/skaitytaknyga.lt\/wp-content\/uploads\/2024\/04\/po-lietuva-su-seima_virselis-cmyk150-e1497871081306.jpg","contentUrl":"https:\/\/skaitytaknyga.lt\/wp-content\/uploads\/2024\/04\/po-lietuva-su-seima_virselis-cmyk150-e1497871081306.jpg","width":400,"height":566,"caption":"po lietuva su seima virselis cmyk150 e1497871081306"},{"@type":"BreadcrumbList","@id":"https:\/\/skaitytaknyga.lt\/produktas\/po-lietuva-su-seima\/#breadcrumb","itemListElement":[{"@type":"ListItem","position":1,"name":"Home","item":"https:\/\/skaitytaknyga.lt\/"},{"@type":"ListItem","position":2,"name":"Parduotuv\u0117","item":"https:\/\/skaitytaknyga.lt\/knygu-parduotuve\/"},{"@type":"ListItem","position":3,"name":"Po Lietuv\u0105 su \u0161eima"}]},{"@type":"WebSite","@id":"https:\/\/skaitytaknyga.lt\/#website","url":"https:\/\/skaitytaknyga.lt\/","name":"skaitytaknyga.lt","description":"Skaitytaknyga.lt \u2013 tai ma\u017eas \u0161eimos verslas, kuris prasid\u0117jo nuo meil\u0117s knygoms ir siekio i\u0161gelb\u0117ti knygas nuo likimo prie konteinerio. Kas vienam nereikalingas daiktas \u2013 kitam lobis, o mes esame tarpininkai, kurie padeda abiems tapti laimingesniems ???? \u017dinome kaip nelengva i\u0161gyventi ma\u017eiems verslams, tad nuo \u0161iol, \u010dia rasite ir kit\u0173, ma\u017e\u0173 \u0161eim\u0173 versl\u0173, rank\u0173 darbo, dovan\u0173 sau ir artimiesiems.","publisher":{"@id":"https:\/\/skaitytaknyga.lt\/#organization"},"potentialAction":[{"@type":"SearchAction","target":{"@type":"EntryPoint","urlTemplate":"https:\/\/skaitytaknyga.lt\/?s={search_term_string}"},"query-input":{"@type":"PropertyValueSpecification","valueRequired":true,"valueName":"search_term_string"}}],"inLanguage":"en-GB"},{"@type":"Organization","@id":"https:\/\/skaitytaknyga.lt\/#organization","name":"skaitytaknyga.lt","url":"https:\/\/skaitytaknyga.lt\/","logo":{"@type":"ImageObject","inLanguage":"en-GB","@id":"https:\/\/skaitytaknyga.lt\/#\/schema\/logo\/image\/","url":"https:\/\/skaitytaknyga.lt\/wp-content\/uploads\/2024\/05\/cropped-cropped-cropped-02_00843_jt3bggkj1j3HLc7SyY6rEUpg.jpeg","contentUrl":"https:\/\/skaitytaknyga.lt\/wp-content\/uploads\/2024\/05\/cropped-cropped-cropped-02_00843_jt3bggkj1j3HLc7SyY6rEUpg.jpeg","width":1600,"height":1600,"caption":"skaitytaknyga.lt"},"image":{"@id":"https:\/\/skaitytaknyga.lt\/#\/schema\/logo\/image\/"},"sameAs":["https:\/\/www.facebook.com\/skaitytaknyga\/"]}]}},"_links":{"self":[{"href":"https:\/\/skaitytaknyga.lt\/en\/wp-json\/wp\/v2\/product\/4005","targetHints":{"allow":["GET"]}}],"collection":[{"href":"https:\/\/skaitytaknyga.lt\/en\/wp-json\/wp\/v2\/product"}],"about":[{"href":"https:\/\/skaitytaknyga.lt\/en\/wp-json\/wp\/v2\/types\/product"}],"replies":[{"embeddable":true,"href":"https:\/\/skaitytaknyga.lt\/en\/wp-json\/wp\/v2\/comments?post=4005"}],"wp:featuredmedia":[{"embeddable":true,"href":"https:\/\/skaitytaknyga.lt\/en\/wp-json\/wp\/v2\/media\/4049"}],"wp:attachment":[{"href":"https:\/\/skaitytaknyga.lt\/en\/wp-json\/wp\/v2\/media?parent=4005"}],"wp:term":[{"taxonomy":"product_brand","embeddable":true,"href":"https:\/\/skaitytaknyga.lt\/en\/wp-json\/wp\/v2\/product_brand?post=4005"},{"taxonomy":"product_cat","embeddable":true,"href":"https:\/\/skaitytaknyga.lt\/en\/wp-json\/wp\/v2\/product_cat?post=4005"},{"taxonomy":"product_tag","embeddable":true,"href":"https:\/\/skaitytaknyga.lt\/en\/wp-json\/wp\/v2\/product_tag?post=4005"}],"curies":[{"name":"wp","href":"https:\/\/api.w.org\/{rel}","templated":true}]}}