{"id":4004,"date":"2024-04-17T16:40:54","date_gmt":"2024-04-17T13:40:54","guid":{"rendered":"https:\/\/skaitytaknyga.lt\/?post_type=product&#038;p=4004"},"modified":"2026-04-17T14:10:30","modified_gmt":"2026-04-17T11:10:30","slug":"ypatinga-lietuva-keliaujame-po-graziausias-lietuvos-vietoves","status":"publish","type":"product","link":"https:\/\/skaitytaknyga.lt\/en\/produktas\/ypatinga-lietuva-keliaujame-po-graziausias-lietuvos-vietoves\/","title":{"rendered":"Ypatinga Lietuva. Keliaujame po gra\u017eiausias Lietuvos vietoves"},"content":{"rendered":"<p>\u201eYpatinga Lietuva. Keliaujame po gra\u017eiausias Lietuvos vietoves&#8221; \u2013 tai gra\u017eiausi\u0173 objekt\u0173 Lietuvoje \u017einynas norintiems pa\u017einti gra\u017e\u0173, \u017eali\u0105, gyv\u0105, mi\u0161kais ir e\u017eerais nusagstyt\u0105, upeli\u0173 i\u0161rai\u017eyt\u0105 m\u016bs\u0173 kra\u0161t\u0105. Nacionaliniai, regioniniai parkai, rezervatai \u2013 pa\u010dios vertingiausios m\u016bs\u0173 \u0161alies vietos.<\/p>\n<p>\u010cia saugomi unikal\u016bs gamtos kampeliai \u2013 \u012fvairiausi\u0173 gyv\u016bn\u0173, pauk\u0161\u010di\u0173, augal\u0173 buvein\u0117s; saviti miestai, miesteliai, kaimeliai \u2013 m\u016bs\u0173 namai, kur puosel\u0117jamos lietuvi\u0161kos tradicijos, kalba, kult\u016bra. Tai ypatinga Lietuva \u2013 keliaukime ir atraskime gra\u017eiausias Lietuvos vietoves.<\/p>\n","protected":false},"excerpt":{"rendered":"<p>\u201eYpatinga Lietuva. Keliaujame po gra\u017eiausias Lietuvos vietoves&#8221; \u2013 tai gra\u017eiausi\u0173 objekt\u0173 Lietuvoje \u017einynas norintiems pa\u017einti gra\u017e\u0173, \u017eali\u0105, gyv\u0105, mi\u0161kais ir e\u017eerais nusagstyt\u0105, upeli\u0173 i\u0161rai\u017eyt\u0105 m\u016bs\u0173 kra\u0161t\u0105. Nacionaliniai, regioniniai parkai, rezervatai \u2013 pa\u010dios vertingiausios m\u016bs\u0173 \u0161alies vietos.<\/p>\n<p>\u010cia saugomi unikal\u016bs gamtos kampeliai \u2013 \u012fvairiausi\u0173 gyv\u016bn\u0173, pauk\u0161\u010di\u0173, augal\u0173 buvein\u0117s; saviti miestai, miesteliai, kaimeliai \u2013 m\u016bs\u0173 namai, kur puosel\u0117jamos lietuvi\u0161kos tradicijos, kalba, kult\u016bra. Tai ypatinga Lietuva \u2013 keliaukime ir atraskime gra\u017eiausias Lietuvos vietoves.<\/p>\n","protected":false},"featured_media":4048,"comment_status":"closed","ping_status":"closed","template":"","meta":{"_acf_changed":false,"site-sidebar-layout":"default","site-content-layout":"","ast-site-content-layout":"default","site-content-style":"default","site-sidebar-style":"default","ast-global-header-display":"","ast-banner-title-visibility":"","ast-main-header-display":"","ast-hfb-above-header-display":"","ast-hfb-below-header-display":"","ast-hfb-mobile-header-display":"","site-post-title":"","ast-breadcrumbs-content":"","ast-featured-img":"","footer-sml-layout":"","ast-disable-related-posts":"","theme-transparent-header-meta":"","adv-header-id-meta":"","stick-header-meta":"","header-above-stick-meta":"","header-main-stick-meta":"","header-below-stick-meta":"","astra-migrate-meta-layouts":"default","ast-page-background-enabled":"default","ast-page-background-meta":{"desktop":{"background-color":"","background-image":"","background-repeat":"repeat","background-position":"center center","background-size":"auto","background-attachment":"scroll","background-type":"","background-media":"","overlay-type":"","overlay-color":"","overlay-opacity":"","overlay-gradient":""},"tablet":{"background-color":"","background-image":"","background-repeat":"repeat","background-position":"center center","background-size":"auto","background-attachment":"scroll","background-type":"","background-media":"","overlay-type":"","overlay-color":"","overlay-opacity":"","overlay-gradient":""},"mobile":{"background-color":"","background-image":"","background-repeat":"repeat","background-position":"center center","background-size":"auto","background-attachment":"scroll","background-type":"","background-media":"","overlay-type":"","overlay-color":"","overlay-opacity":"","overlay-gradient":""}},"ast-content-background-meta":{"desktop":{"background-color":"var(--ast-global-color-4)","background-image":"","background-repeat":"repeat","background-position":"center center","background-size":"auto","background-attachment":"scroll","background-type":"","background-media":"","overlay-type":"","overlay-color":"","overlay-opacity":"","overlay-gradient":""},"tablet":{"background-color":"var(--ast-global-color-4)","background-image":"","background-repeat":"repeat","background-position":"center center","background-size":"auto","background-attachment":"scroll","background-type":"","background-media":"","overlay-type":"","overlay-color":"","overlay-opacity":"","overlay-gradient":""},"mobile":{"background-color":"var(--ast-global-color-4)","background-image":"","background-repeat":"repeat","background-position":"center center","background-size":"auto","background-attachment":"scroll","background-type":"","background-media":"","overlay-type":"","overlay-color":"","overlay-opacity":"","overlay-gradient":""}}},"product_brand":[],"product_cat":[448],"product_tag":[],"class_list":{"0":"post-4004","1":"product","2":"type-product","3":"status-publish","4":"has-post-thumbnail","6":"product_cat-keliones","7":"desktop-align-left","8":"tablet-align-left","9":"mobile-align-left","11":"first","12":"outofstock","13":"shipping-taxable","14":"purchasable","15":"product-type-simple"},"acf":[],"yoast_head":"<!-- This site is optimized with the Yoast SEO plugin v27.0 - https:\/\/yoast.com\/product\/yoast-seo-wordpress\/ -->\n<title>Ypatinga Lietuva. Keliaujame po gra\u017eiausias Lietuvos vietoves<\/title>\n<meta name=\"description\" content=\"\u201eYpatinga Lietuva. Keliaujame po gra\u017eiausias Lietuvos vietoves&quot; \u2013 tai gra\u017eiausi\u0173 objekt\u0173 Lietuvoje \u017einynas norintiems pa\u017einti gra\u017e\u0173, \u017eali\u0105, gyv\u0105, mi\u0161kais ir e\u017eerais nusagstyt\u0105, upeli\u0173 i\u0161rai\u017eyt\u0105 m\u016bs\u0173 kra\u0161t\u0105. Nacionaliniai, regioniniai parkai, rezervatai \u2013 pa\u010dios vertingiausios m\u016bs\u0173 \u0161alies vietos.  \u010cia saugomi unikal\u016bs gamtos kampeliai \u2013 \u012fvairiausi\u0173 gyv\u016bn\u0173, pauk\u0161\u010di\u0173, augal\u0173 buvein\u0117s; saviti miestai, miesteliai, kaimeliai \u2013 m\u016bs\u0173 namai, kur puosel\u0117jamos lietuvi\u0161kos tradicijos, kalba, kult\u016bra. Tai ypatinga Lietuva \u2013 keliaukime ir atraskime gra\u017eiausias Lietuvos vietoves.\" \/>\n<meta name=\"robots\" content=\"index, follow, max-snippet:-1, max-image-preview:large, max-video-preview:-1\" \/>\n<link rel=\"canonical\" href=\"https:\/\/skaitytaknyga.lt\/en\/produktas\/ypatinga-lietuva-keliaujame-po-graziausias-lietuvos-vietoves\/\" \/>\n<meta property=\"og:locale\" content=\"en_GB\" \/>\n<meta property=\"og:locale:alternate\" content=\"lt_LT\" \/>\n<meta property=\"og:type\" content=\"article\" \/>\n<meta property=\"og:title\" content=\"Ypatinga Lietuva. Keliaujame po gra\u017eiausias Lietuvos vietoves\" \/>\n<meta property=\"og:description\" content=\"\u201eYpatinga Lietuva. Keliaujame po gra\u017eiausias Lietuvos vietoves&quot; \u2013 tai gra\u017eiausi\u0173 objekt\u0173 Lietuvoje \u017einynas norintiems pa\u017einti gra\u017e\u0173, \u017eali\u0105, gyv\u0105, mi\u0161kais ir e\u017eerais nusagstyt\u0105, upeli\u0173 i\u0161rai\u017eyt\u0105 m\u016bs\u0173 kra\u0161t\u0105. Nacionaliniai, regioniniai parkai, rezervatai \u2013 pa\u010dios vertingiausios m\u016bs\u0173 \u0161alies vietos.  \u010cia saugomi unikal\u016bs gamtos kampeliai \u2013 \u012fvairiausi\u0173 gyv\u016bn\u0173, pauk\u0161\u010di\u0173, augal\u0173 buvein\u0117s; saviti miestai, miesteliai, kaimeliai \u2013 m\u016bs\u0173 namai, kur puosel\u0117jamos lietuvi\u0161kos tradicijos, kalba, kult\u016bra. Tai ypatinga Lietuva \u2013 keliaukime ir atraskime gra\u017eiausias Lietuvos vietoves.\" \/>\n<meta property=\"og:url\" content=\"https:\/\/skaitytaknyga.lt\/en\/produktas\/ypatinga-lietuva-keliaujame-po-graziausias-lietuvos-vietoves\/\" \/>\n<meta property=\"og:site_name\" content=\"Skaitytaknyga\" \/>\n<meta property=\"article:publisher\" content=\"https:\/\/www.facebook.com\/skaitytaknyga\/\" \/>\n<meta property=\"article:modified_time\" content=\"2026-04-17T11:10:30+00:00\" \/>\n<meta property=\"og:image\" content=\"https:\/\/skaitytaknyga.lt\/wp-content\/uploads\/2024\/04\/ypatinga-lietuva-1-z1.jpg\" \/>\n\t<meta property=\"og:image:width\" content=\"318\" \/>\n\t<meta property=\"og:image:height\" content=\"450\" \/>\n\t<meta property=\"og:image:type\" content=\"image\/jpeg\" \/>\n<meta name=\"twitter:card\" content=\"summary_large_image\" \/>\n<script type=\"application\/ld+json\" class=\"yoast-schema-graph\">{\"@context\":\"https:\/\/schema.org\",\"@graph\":[{\"@type\":\"WebPage\",\"@id\":\"https:\/\/skaitytaknyga.lt\/produktas\/ypatinga-lietuva-keliaujame-po-graziausias-lietuvos-vietoves\/\",\"url\":\"https:\/\/skaitytaknyga.lt\/produktas\/ypatinga-lietuva-keliaujame-po-graziausias-lietuvos-vietoves\/\",\"name\":\"Ypatinga Lietuva. Keliaujame po gra\u017eiausias Lietuvos vietoves\",\"isPartOf\":{\"@id\":\"https:\/\/skaitytaknyga.lt\/#website\"},\"primaryImageOfPage\":{\"@id\":\"https:\/\/skaitytaknyga.lt\/produktas\/ypatinga-lietuva-keliaujame-po-graziausias-lietuvos-vietoves\/#primaryimage\"},\"image\":{\"@id\":\"https:\/\/skaitytaknyga.lt\/produktas\/ypatinga-lietuva-keliaujame-po-graziausias-lietuvos-vietoves\/#primaryimage\"},\"thumbnailUrl\":\"https:\/\/skaitytaknyga.lt\/wp-content\/uploads\/2024\/04\/ypatinga-lietuva-1-z1.jpg\",\"datePublished\":\"2024-04-17T13:40:54+00:00\",\"dateModified\":\"2026-04-17T11:10:30+00:00\",\"description\":\"\u201eYpatinga Lietuva. Keliaujame po gra\u017eiausias Lietuvos vietoves\\\" \u2013 tai gra\u017eiausi\u0173 objekt\u0173 Lietuvoje \u017einynas norintiems pa\u017einti gra\u017e\u0173, \u017eali\u0105, gyv\u0105, mi\u0161kais ir e\u017eerais nusagstyt\u0105, upeli\u0173 i\u0161rai\u017eyt\u0105 m\u016bs\u0173 kra\u0161t\u0105. Nacionaliniai, regioniniai parkai, rezervatai \u2013 pa\u010dios vertingiausios m\u016bs\u0173 \u0161alies vietos. \u010cia saugomi unikal\u016bs gamtos kampeliai \u2013 \u012fvairiausi\u0173 gyv\u016bn\u0173, pauk\u0161\u010di\u0173, augal\u0173 buvein\u0117s; saviti miestai, miesteliai, kaimeliai \u2013 m\u016bs\u0173 namai, kur puosel\u0117jamos lietuvi\u0161kos tradicijos, kalba, kult\u016bra. Tai ypatinga Lietuva \u2013 keliaukime ir atraskime gra\u017eiausias Lietuvos vietoves.\",\"breadcrumb\":{\"@id\":\"https:\/\/skaitytaknyga.lt\/produktas\/ypatinga-lietuva-keliaujame-po-graziausias-lietuvos-vietoves\/#breadcrumb\"},\"inLanguage\":\"en-GB\",\"potentialAction\":[{\"@type\":\"ReadAction\",\"target\":[\"https:\/\/skaitytaknyga.lt\/produktas\/ypatinga-lietuva-keliaujame-po-graziausias-lietuvos-vietoves\/\"]}]},{\"@type\":\"ImageObject\",\"inLanguage\":\"en-GB\",\"@id\":\"https:\/\/skaitytaknyga.lt\/produktas\/ypatinga-lietuva-keliaujame-po-graziausias-lietuvos-vietoves\/#primaryimage\",\"url\":\"https:\/\/skaitytaknyga.lt\/wp-content\/uploads\/2024\/04\/ypatinga-lietuva-1-z1.jpg\",\"contentUrl\":\"https:\/\/skaitytaknyga.lt\/wp-content\/uploads\/2024\/04\/ypatinga-lietuva-1-z1.jpg\",\"width\":318,\"height\":450,\"caption\":\"ypatinga lietuva 1 z1\"},{\"@type\":\"BreadcrumbList\",\"@id\":\"https:\/\/skaitytaknyga.lt\/produktas\/ypatinga-lietuva-keliaujame-po-graziausias-lietuvos-vietoves\/#breadcrumb\",\"itemListElement\":[{\"@type\":\"ListItem\",\"position\":1,\"name\":\"Home\",\"item\":\"https:\/\/skaitytaknyga.lt\/\"},{\"@type\":\"ListItem\",\"position\":2,\"name\":\"Parduotuv\u0117\",\"item\":\"https:\/\/skaitytaknyga.lt\/knygu-parduotuve\/\"},{\"@type\":\"ListItem\",\"position\":3,\"name\":\"Ypatinga Lietuva. Keliaujame po gra\u017eiausias Lietuvos vietoves\"}]},{\"@type\":\"WebSite\",\"@id\":\"https:\/\/skaitytaknyga.lt\/#website\",\"url\":\"https:\/\/skaitytaknyga.lt\/\",\"name\":\"skaitytaknyga.lt\",\"description\":\"Skaitytaknyga.lt \u2013 tai ma\u017eas \u0161eimos verslas, kuris prasid\u0117jo nuo meil\u0117s knygoms ir siekio i\u0161gelb\u0117ti knygas nuo likimo prie konteinerio. Kas vienam nereikalingas daiktas \u2013 kitam lobis, o mes esame tarpininkai, kurie padeda abiems tapti laimingesniems ???? \u017dinome kaip nelengva i\u0161gyventi ma\u017eiems verslams, tad nuo \u0161iol, \u010dia rasite ir kit\u0173, ma\u017e\u0173 \u0161eim\u0173 versl\u0173, rank\u0173 darbo, dovan\u0173 sau ir artimiesiems.\",\"publisher\":{\"@id\":\"https:\/\/skaitytaknyga.lt\/#organization\"},\"potentialAction\":[{\"@type\":\"SearchAction\",\"target\":{\"@type\":\"EntryPoint\",\"urlTemplate\":\"https:\/\/skaitytaknyga.lt\/?s={search_term_string}\"},\"query-input\":{\"@type\":\"PropertyValueSpecification\",\"valueRequired\":true,\"valueName\":\"search_term_string\"}}],\"inLanguage\":\"en-GB\"},{\"@type\":\"Organization\",\"@id\":\"https:\/\/skaitytaknyga.lt\/#organization\",\"name\":\"skaitytaknyga.lt\",\"url\":\"https:\/\/skaitytaknyga.lt\/\",\"logo\":{\"@type\":\"ImageObject\",\"inLanguage\":\"en-GB\",\"@id\":\"https:\/\/skaitytaknyga.lt\/#\/schema\/logo\/image\/\",\"url\":\"https:\/\/skaitytaknyga.lt\/wp-content\/uploads\/2024\/05\/cropped-cropped-cropped-02_00843_jt3bggkj1j3HLc7SyY6rEUpg.jpeg\",\"contentUrl\":\"https:\/\/skaitytaknyga.lt\/wp-content\/uploads\/2024\/05\/cropped-cropped-cropped-02_00843_jt3bggkj1j3HLc7SyY6rEUpg.jpeg\",\"width\":1600,\"height\":1600,\"caption\":\"skaitytaknyga.lt\"},\"image\":{\"@id\":\"https:\/\/skaitytaknyga.lt\/#\/schema\/logo\/image\/\"},\"sameAs\":[\"https:\/\/www.facebook.com\/skaitytaknyga\/\"]}]}<\/script>\n<!-- \/ Yoast SEO plugin. -->","yoast_head_json":{"title":"Ypatinga Lietuva. Keliaujame po gra\u017eiausias Lietuvos vietoves","description":"\u201eYpatinga Lietuva. Keliaujame po gra\u017eiausias Lietuvos vietoves\" \u2013 tai gra\u017eiausi\u0173 objekt\u0173 Lietuvoje \u017einynas norintiems pa\u017einti gra\u017e\u0173, \u017eali\u0105, gyv\u0105, mi\u0161kais ir e\u017eerais nusagstyt\u0105, upeli\u0173 i\u0161rai\u017eyt\u0105 m\u016bs\u0173 kra\u0161t\u0105. Nacionaliniai, regioniniai parkai, rezervatai \u2013 pa\u010dios vertingiausios m\u016bs\u0173 \u0161alies vietos.  \u010cia saugomi unikal\u016bs gamtos kampeliai \u2013 \u012fvairiausi\u0173 gyv\u016bn\u0173, pauk\u0161\u010di\u0173, augal\u0173 buvein\u0117s; saviti miestai, miesteliai, kaimeliai \u2013 m\u016bs\u0173 namai, kur puosel\u0117jamos lietuvi\u0161kos tradicijos, kalba, kult\u016bra. Tai ypatinga Lietuva \u2013 keliaukime ir atraskime gra\u017eiausias Lietuvos vietoves.","robots":{"index":"index","follow":"follow","max-snippet":"max-snippet:-1","max-image-preview":"max-image-preview:large","max-video-preview":"max-video-preview:-1"},"canonical":"https:\/\/skaitytaknyga.lt\/en\/produktas\/ypatinga-lietuva-keliaujame-po-graziausias-lietuvos-vietoves\/","og_locale":"en_GB","og_type":"article","og_title":"[:lt]Ypatinga Lietuva. Keliaujame po gra\u017eiausias Lietuvos vietoves[:] - Skaitytaknyga","og_description":"\u201eYpatinga Lietuva. Keliaujame po gra\u017eiausias Lietuvos vietoves\" \u2013 tai gra\u017eiausi\u0173 objekt\u0173 Lietuvoje \u017einynas norintiems pa\u017einti gra\u017e\u0173, \u017eali\u0105, gyv\u0105, mi\u0161kais ir e\u017eerais nusagstyt\u0105, upeli\u0173 i\u0161rai\u017eyt\u0105 m\u016bs\u0173 kra\u0161t\u0105. Nacionaliniai, regioniniai parkai, rezervatai \u2013 pa\u010dios vertingiausios m\u016bs\u0173 \u0161alies vietos.  \u010cia saugomi unikal\u016bs gamtos kampeliai \u2013 \u012fvairiausi\u0173 gyv\u016bn\u0173, pauk\u0161\u010di\u0173, augal\u0173 buvein\u0117s; saviti miestai, miesteliai, kaimeliai \u2013 m\u016bs\u0173 namai, kur puosel\u0117jamos lietuvi\u0161kos tradicijos, kalba, kult\u016bra. Tai ypatinga Lietuva \u2013 keliaukime ir atraskime gra\u017eiausias Lietuvos vietoves.","og_url":"https:\/\/skaitytaknyga.lt\/en\/produktas\/ypatinga-lietuva-keliaujame-po-graziausias-lietuvos-vietoves\/","og_site_name":"Skaitytaknyga","article_publisher":"https:\/\/www.facebook.com\/skaitytaknyga\/","article_modified_time":"2026-04-17T11:10:30+00:00","og_image":[{"width":318,"height":450,"url":"https:\/\/skaitytaknyga.lt\/wp-content\/uploads\/2024\/04\/ypatinga-lietuva-1-z1.jpg","type":"image\/jpeg"}],"twitter_card":"summary_large_image","schema":{"@context":"https:\/\/schema.org","@graph":[{"@type":"WebPage","@id":"https:\/\/skaitytaknyga.lt\/produktas\/ypatinga-lietuva-keliaujame-po-graziausias-lietuvos-vietoves\/","url":"https:\/\/skaitytaknyga.lt\/produktas\/ypatinga-lietuva-keliaujame-po-graziausias-lietuvos-vietoves\/","name":"Ypatinga Lietuva. Keliaujame po gra\u017eiausias Lietuvos vietoves","isPartOf":{"@id":"https:\/\/skaitytaknyga.lt\/#website"},"primaryImageOfPage":{"@id":"https:\/\/skaitytaknyga.lt\/produktas\/ypatinga-lietuva-keliaujame-po-graziausias-lietuvos-vietoves\/#primaryimage"},"image":{"@id":"https:\/\/skaitytaknyga.lt\/produktas\/ypatinga-lietuva-keliaujame-po-graziausias-lietuvos-vietoves\/#primaryimage"},"thumbnailUrl":"https:\/\/skaitytaknyga.lt\/wp-content\/uploads\/2024\/04\/ypatinga-lietuva-1-z1.jpg","datePublished":"2024-04-17T13:40:54+00:00","dateModified":"2026-04-17T11:10:30+00:00","description":"\u201eYpatinga Lietuva. Keliaujame po gra\u017eiausias Lietuvos vietoves\" \u2013 tai gra\u017eiausi\u0173 objekt\u0173 Lietuvoje \u017einynas norintiems pa\u017einti gra\u017e\u0173, \u017eali\u0105, gyv\u0105, mi\u0161kais ir e\u017eerais nusagstyt\u0105, upeli\u0173 i\u0161rai\u017eyt\u0105 m\u016bs\u0173 kra\u0161t\u0105. Nacionaliniai, regioniniai parkai, rezervatai \u2013 pa\u010dios vertingiausios m\u016bs\u0173 \u0161alies vietos. \u010cia saugomi unikal\u016bs gamtos kampeliai \u2013 \u012fvairiausi\u0173 gyv\u016bn\u0173, pauk\u0161\u010di\u0173, augal\u0173 buvein\u0117s; saviti miestai, miesteliai, kaimeliai \u2013 m\u016bs\u0173 namai, kur puosel\u0117jamos lietuvi\u0161kos tradicijos, kalba, kult\u016bra. Tai ypatinga Lietuva \u2013 keliaukime ir atraskime gra\u017eiausias Lietuvos vietoves.","breadcrumb":{"@id":"https:\/\/skaitytaknyga.lt\/produktas\/ypatinga-lietuva-keliaujame-po-graziausias-lietuvos-vietoves\/#breadcrumb"},"inLanguage":"en-GB","potentialAction":[{"@type":"ReadAction","target":["https:\/\/skaitytaknyga.lt\/produktas\/ypatinga-lietuva-keliaujame-po-graziausias-lietuvos-vietoves\/"]}]},{"@type":"ImageObject","inLanguage":"en-GB","@id":"https:\/\/skaitytaknyga.lt\/produktas\/ypatinga-lietuva-keliaujame-po-graziausias-lietuvos-vietoves\/#primaryimage","url":"https:\/\/skaitytaknyga.lt\/wp-content\/uploads\/2024\/04\/ypatinga-lietuva-1-z1.jpg","contentUrl":"https:\/\/skaitytaknyga.lt\/wp-content\/uploads\/2024\/04\/ypatinga-lietuva-1-z1.jpg","width":318,"height":450,"caption":"ypatinga lietuva 1 z1"},{"@type":"BreadcrumbList","@id":"https:\/\/skaitytaknyga.lt\/produktas\/ypatinga-lietuva-keliaujame-po-graziausias-lietuvos-vietoves\/#breadcrumb","itemListElement":[{"@type":"ListItem","position":1,"name":"Home","item":"https:\/\/skaitytaknyga.lt\/"},{"@type":"ListItem","position":2,"name":"Parduotuv\u0117","item":"https:\/\/skaitytaknyga.lt\/knygu-parduotuve\/"},{"@type":"ListItem","position":3,"name":"Ypatinga Lietuva. Keliaujame po gra\u017eiausias Lietuvos vietoves"}]},{"@type":"WebSite","@id":"https:\/\/skaitytaknyga.lt\/#website","url":"https:\/\/skaitytaknyga.lt\/","name":"skaitytaknyga.lt","description":"Skaitytaknyga.lt \u2013 tai ma\u017eas \u0161eimos verslas, kuris prasid\u0117jo nuo meil\u0117s knygoms ir siekio i\u0161gelb\u0117ti knygas nuo likimo prie konteinerio. Kas vienam nereikalingas daiktas \u2013 kitam lobis, o mes esame tarpininkai, kurie padeda abiems tapti laimingesniems ???? \u017dinome kaip nelengva i\u0161gyventi ma\u017eiems verslams, tad nuo \u0161iol, \u010dia rasite ir kit\u0173, ma\u017e\u0173 \u0161eim\u0173 versl\u0173, rank\u0173 darbo, dovan\u0173 sau ir artimiesiems.","publisher":{"@id":"https:\/\/skaitytaknyga.lt\/#organization"},"potentialAction":[{"@type":"SearchAction","target":{"@type":"EntryPoint","urlTemplate":"https:\/\/skaitytaknyga.lt\/?s={search_term_string}"},"query-input":{"@type":"PropertyValueSpecification","valueRequired":true,"valueName":"search_term_string"}}],"inLanguage":"en-GB"},{"@type":"Organization","@id":"https:\/\/skaitytaknyga.lt\/#organization","name":"skaitytaknyga.lt","url":"https:\/\/skaitytaknyga.lt\/","logo":{"@type":"ImageObject","inLanguage":"en-GB","@id":"https:\/\/skaitytaknyga.lt\/#\/schema\/logo\/image\/","url":"https:\/\/skaitytaknyga.lt\/wp-content\/uploads\/2024\/05\/cropped-cropped-cropped-02_00843_jt3bggkj1j3HLc7SyY6rEUpg.jpeg","contentUrl":"https:\/\/skaitytaknyga.lt\/wp-content\/uploads\/2024\/05\/cropped-cropped-cropped-02_00843_jt3bggkj1j3HLc7SyY6rEUpg.jpeg","width":1600,"height":1600,"caption":"skaitytaknyga.lt"},"image":{"@id":"https:\/\/skaitytaknyga.lt\/#\/schema\/logo\/image\/"},"sameAs":["https:\/\/www.facebook.com\/skaitytaknyga\/"]}]}},"_links":{"self":[{"href":"https:\/\/skaitytaknyga.lt\/en\/wp-json\/wp\/v2\/product\/4004","targetHints":{"allow":["GET"]}}],"collection":[{"href":"https:\/\/skaitytaknyga.lt\/en\/wp-json\/wp\/v2\/product"}],"about":[{"href":"https:\/\/skaitytaknyga.lt\/en\/wp-json\/wp\/v2\/types\/product"}],"replies":[{"embeddable":true,"href":"https:\/\/skaitytaknyga.lt\/en\/wp-json\/wp\/v2\/comments?post=4004"}],"wp:featuredmedia":[{"embeddable":true,"href":"https:\/\/skaitytaknyga.lt\/en\/wp-json\/wp\/v2\/media\/4048"}],"wp:attachment":[{"href":"https:\/\/skaitytaknyga.lt\/en\/wp-json\/wp\/v2\/media?parent=4004"}],"wp:term":[{"taxonomy":"product_brand","embeddable":true,"href":"https:\/\/skaitytaknyga.lt\/en\/wp-json\/wp\/v2\/product_brand?post=4004"},{"taxonomy":"product_cat","embeddable":true,"href":"https:\/\/skaitytaknyga.lt\/en\/wp-json\/wp\/v2\/product_cat?post=4004"},{"taxonomy":"product_tag","embeddable":true,"href":"https:\/\/skaitytaknyga.lt\/en\/wp-json\/wp\/v2\/product_tag?post=4004"}],"curies":[{"name":"wp","href":"https:\/\/api.w.org\/{rel}","templated":true}]}}