{"id":3980,"date":"2024-04-17T13:40:29","date_gmt":"2024-04-17T13:40:29","guid":{"rendered":"https:\/\/skaitytaknyga.lt\/?post_type=product&#038;p=3980"},"modified":"2024-05-03T07:22:32","modified_gmt":"2024-05-03T07:22:32","slug":"viskas-apie-konservavima-namuose","status":"publish","type":"product","link":"https:\/\/skaitytaknyga.lt\/en\/produktas\/viskas-apie-konservavima-namuose\/","title":{"rendered":"Viskas apie konservavim\u0105 namuose"},"content":{"rendered":"<p>Konservavimas &#8211; vienas pagrindini\u0173 b\u016bd\u0173 paruo\u0161ti maisto produktus ilgai laikyti saugojimui. \u0160ioje knygoje pateikiama daugyb\u0117 jau i\u0161bandyt\u0173 ir patikim\u0173 recept\u0173 konkretiems produktams konservuoti. Laikydamiesi nesud\u0117ting\u0173 nurodym\u0173, J\u016bs neabejotinai pasieksite norimo rezultato.<\/p>\n<p>\u010cia pateikiami receptai, kaip paruo\u0161ti s\u016bdytus gaminius su ma\u017eesniu druskos kiekiu nei \u012fprastai, taip pat d\u017eemus bei drebu\u010dius su nedaug cukraus. \u0160i knyga bus puiki pagalbin\u0117 priemon\u0117, kuri pad\u0117s Jums dr\u0105siai jaustis, ruo\u0161iant konservuotus gaminius namie.<\/p>\n","protected":false},"excerpt":{"rendered":"<p>Konservavimas &#8211; vienas pagrindini\u0173 b\u016bd\u0173 paruo\u0161ti maisto produktus ilgai laikyti saugojimui. \u0160ioje knygoje pateikiama daugyb\u0117 jau i\u0161bandyt\u0173 ir patikim\u0173 recept\u0173 konkretiems produktams konservuoti. Laikydamiesi nesud\u0117ting\u0173 nurodym\u0173, J\u016bs neabejotinai pasieksite norimo rezultato.<\/p>\n<p>\u010cia pateikiami receptai, kaip paruo\u0161ti s\u016bdytus gaminius su ma\u017eesniu druskos kiekiu nei \u012fprastai, taip pat d\u017eemus bei drebu\u010dius su nedaug cukraus. \u0160i knyga bus puiki pagalbin\u0117 priemon\u0117, kuri pad\u0117s Jums dr\u0105siai jaustis, ruo\u0161iant konservuotus gaminius namie.<\/p>\n","protected":false},"featured_media":4029,"comment_status":"closed","ping_status":"closed","template":"","meta":{"_acf_changed":false,"site-sidebar-layout":"default","site-content-layout":"","ast-site-content-layout":"default","site-content-style":"default","site-sidebar-style":"default","ast-global-header-display":"","ast-banner-title-visibility":"","ast-main-header-display":"","ast-hfb-above-header-display":"","ast-hfb-below-header-display":"","ast-hfb-mobile-header-display":"","site-post-title":"","ast-breadcrumbs-content":"","ast-featured-img":"","footer-sml-layout":"","ast-disable-related-posts":"","theme-transparent-header-meta":"","adv-header-id-meta":"","stick-header-meta":"","header-above-stick-meta":"","header-main-stick-meta":"","header-below-stick-meta":"","astra-migrate-meta-layouts":"default","ast-page-background-enabled":"default","ast-page-background-meta":{"desktop":{"background-color":"","background-image":"","background-repeat":"repeat","background-position":"center center","background-size":"auto","background-attachment":"scroll","background-type":"","background-media":"","overlay-type":"","overlay-color":"","overlay-opacity":"","overlay-gradient":""},"tablet":{"background-color":"","background-image":"","background-repeat":"repeat","background-position":"center center","background-size":"auto","background-attachment":"scroll","background-type":"","background-media":"","overlay-type":"","overlay-color":"","overlay-opacity":"","overlay-gradient":""},"mobile":{"background-color":"","background-image":"","background-repeat":"repeat","background-position":"center center","background-size":"auto","background-attachment":"scroll","background-type":"","background-media":"","overlay-type":"","overlay-color":"","overlay-opacity":"","overlay-gradient":""}},"ast-content-background-meta":{"desktop":{"background-color":"var(--ast-global-color-4)","background-image":"","background-repeat":"repeat","background-position":"center center","background-size":"auto","background-attachment":"scroll","background-type":"","background-media":"","overlay-type":"","overlay-color":"","overlay-opacity":"","overlay-gradient":""},"tablet":{"background-color":"var(--ast-global-color-4)","background-image":"","background-repeat":"repeat","background-position":"center center","background-size":"auto","background-attachment":"scroll","background-type":"","background-media":"","overlay-type":"","overlay-color":"","overlay-opacity":"","overlay-gradient":""},"mobile":{"background-color":"var(--ast-global-color-4)","background-image":"","background-repeat":"repeat","background-position":"center center","background-size":"auto","background-attachment":"scroll","background-type":"","background-media":"","overlay-type":"","overlay-color":"","overlay-opacity":"","overlay-gradient":""}}},"product_brand":[],"product_cat":[58],"product_tag":[],"class_list":{"0":"post-3980","1":"product","2":"type-product","3":"status-publish","4":"has-post-thumbnail","6":"product_cat-receptai","7":"desktop-align-left","8":"tablet-align-left","9":"mobile-align-left","11":"first","12":"instock","13":"shipping-taxable","14":"purchasable","15":"product-type-simple"},"acf":[],"yoast_head":"<!-- This site is optimized with the Yoast SEO plugin v27.0 - https:\/\/yoast.com\/product\/yoast-seo-wordpress\/ -->\n<title>Viskas apie konservavim\u0105 namuose - Skaitytaknyga<\/title>\n<meta name=\"description\" content=\"Konservavimas - vienas pagrindini\u0173 b\u016bd\u0173 paruo\u0161ti maisto produktus ilgai laikyti saugojimui. \u0160ioje knygoje pateikiama daugyb\u0117 jau i\u0161bandyt\u0173 ir patikim\u0173 recept\u0173 konkretiems produktams konservuoti. Laikydamiesi nesud\u0117ting\u0173 nurodym\u0173, J\u016bs neabejotinai pasieksite norimo rezultato.  \u010cia pateikiami receptai, kaip paruo\u0161ti s\u016bdytus gaminius su ma\u017eesniu druskos kiekiu nei \u012fprastai, taip pat d\u017eemus bei drebu\u010dius su nedaug cukraus. \u0160i knyga bus puiki pagalbin\u0117 priemon\u0117, kuri pad\u0117s Jums dr\u0105siai jaustis, ruo\u0161iant konservuotus gaminius namie.\" \/>\n<meta name=\"robots\" content=\"index, follow, max-snippet:-1, max-image-preview:large, max-video-preview:-1\" \/>\n<link rel=\"canonical\" href=\"https:\/\/skaitytaknyga.lt\/en\/produktas\/viskas-apie-konservavima-namuose\/\" \/>\n<meta property=\"og:locale\" content=\"en_GB\" \/>\n<meta property=\"og:locale:alternate\" content=\"lt_LT\" \/>\n<meta property=\"og:type\" content=\"article\" \/>\n<meta property=\"og:title\" content=\"Viskas apie konservavim\u0105 namuose - Skaitytaknyga\" \/>\n<meta property=\"og:description\" content=\"Konservavimas - vienas pagrindini\u0173 b\u016bd\u0173 paruo\u0161ti maisto produktus ilgai laikyti saugojimui. \u0160ioje knygoje pateikiama daugyb\u0117 jau i\u0161bandyt\u0173 ir patikim\u0173 recept\u0173 konkretiems produktams konservuoti. Laikydamiesi nesud\u0117ting\u0173 nurodym\u0173, J\u016bs neabejotinai pasieksite norimo rezultato.  \u010cia pateikiami receptai, kaip paruo\u0161ti s\u016bdytus gaminius su ma\u017eesniu druskos kiekiu nei \u012fprastai, taip pat d\u017eemus bei drebu\u010dius su nedaug cukraus. \u0160i knyga bus puiki pagalbin\u0117 priemon\u0117, kuri pad\u0117s Jums dr\u0105siai jaustis, ruo\u0161iant konservuotus gaminius namie.\" \/>\n<meta property=\"og:url\" content=\"https:\/\/skaitytaknyga.lt\/en\/produktas\/viskas-apie-konservavima-namuose\/\" \/>\n<meta property=\"og:site_name\" content=\"Skaitytaknyga\" \/>\n<meta property=\"article:publisher\" content=\"https:\/\/www.facebook.com\/skaitytaknyga\/\" \/>\n<meta property=\"article:modified_time\" content=\"2024-05-03T07:22:32+00:00\" \/>\n<meta property=\"og:image\" content=\"https:\/\/skaitytaknyga.lt\/wp-content\/uploads\/2024\/04\/1462877154_kons.jpg\" \/>\n\t<meta property=\"og:image:width\" content=\"289\" \/>\n\t<meta property=\"og:image:height\" content=\"430\" \/>\n\t<meta property=\"og:image:type\" content=\"image\/jpeg\" \/>\n<meta name=\"twitter:card\" content=\"summary_large_image\" \/>\n<script type=\"application\/ld+json\" class=\"yoast-schema-graph\">{\"@context\":\"https:\/\/schema.org\",\"@graph\":[{\"@type\":\"WebPage\",\"@id\":\"https:\/\/skaitytaknyga.lt\/produktas\/viskas-apie-konservavima-namuose\/\",\"url\":\"https:\/\/skaitytaknyga.lt\/produktas\/viskas-apie-konservavima-namuose\/\",\"name\":\"Viskas apie konservavim\u0105 namuose - Skaitytaknyga\",\"isPartOf\":{\"@id\":\"https:\/\/skaitytaknyga.lt\/#website\"},\"primaryImageOfPage\":{\"@id\":\"https:\/\/skaitytaknyga.lt\/produktas\/viskas-apie-konservavima-namuose\/#primaryimage\"},\"image\":{\"@id\":\"https:\/\/skaitytaknyga.lt\/produktas\/viskas-apie-konservavima-namuose\/#primaryimage\"},\"thumbnailUrl\":\"https:\/\/skaitytaknyga.lt\/wp-content\/uploads\/2024\/04\/1462877154_kons.jpg\",\"datePublished\":\"2024-04-17T13:40:29+00:00\",\"dateModified\":\"2024-05-03T07:22:32+00:00\",\"description\":\"Konservavimas - vienas pagrindini\u0173 b\u016bd\u0173 paruo\u0161ti maisto produktus ilgai laikyti saugojimui. \u0160ioje knygoje pateikiama daugyb\u0117 jau i\u0161bandyt\u0173 ir patikim\u0173 recept\u0173 konkretiems produktams konservuoti. Laikydamiesi nesud\u0117ting\u0173 nurodym\u0173, J\u016bs neabejotinai pasieksite norimo rezultato. \u010cia pateikiami receptai, kaip paruo\u0161ti s\u016bdytus gaminius su ma\u017eesniu druskos kiekiu nei \u012fprastai, taip pat d\u017eemus bei drebu\u010dius su nedaug cukraus. \u0160i knyga bus puiki pagalbin\u0117 priemon\u0117, kuri pad\u0117s Jums dr\u0105siai jaustis, ruo\u0161iant konservuotus gaminius namie.\",\"breadcrumb\":{\"@id\":\"https:\/\/skaitytaknyga.lt\/produktas\/viskas-apie-konservavima-namuose\/#breadcrumb\"},\"inLanguage\":\"en-GB\",\"potentialAction\":[{\"@type\":\"ReadAction\",\"target\":[\"https:\/\/skaitytaknyga.lt\/produktas\/viskas-apie-konservavima-namuose\/\"]}]},{\"@type\":\"ImageObject\",\"inLanguage\":\"en-GB\",\"@id\":\"https:\/\/skaitytaknyga.lt\/produktas\/viskas-apie-konservavima-namuose\/#primaryimage\",\"url\":\"https:\/\/skaitytaknyga.lt\/wp-content\/uploads\/2024\/04\/1462877154_kons.jpg\",\"contentUrl\":\"https:\/\/skaitytaknyga.lt\/wp-content\/uploads\/2024\/04\/1462877154_kons.jpg\",\"width\":289,\"height\":430,\"caption\":\"1462877154 kons\"},{\"@type\":\"BreadcrumbList\",\"@id\":\"https:\/\/skaitytaknyga.lt\/produktas\/viskas-apie-konservavima-namuose\/#breadcrumb\",\"itemListElement\":[{\"@type\":\"ListItem\",\"position\":1,\"name\":\"Home\",\"item\":\"https:\/\/skaitytaknyga.lt\/\"},{\"@type\":\"ListItem\",\"position\":2,\"name\":\"Parduotuv\u0117\",\"item\":\"https:\/\/skaitytaknyga.lt\/knygu-parduotuve\/\"},{\"@type\":\"ListItem\",\"position\":3,\"name\":\"Viskas apie konservavim\u0105 namuose\"}]},{\"@type\":\"WebSite\",\"@id\":\"https:\/\/skaitytaknyga.lt\/#website\",\"url\":\"https:\/\/skaitytaknyga.lt\/\",\"name\":\"skaitytaknyga.lt\",\"description\":\"Skaitytaknyga.lt \u2013 tai ma\u017eas \u0161eimos verslas, kuris prasid\u0117jo nuo meil\u0117s knygoms ir siekio i\u0161gelb\u0117ti knygas nuo likimo prie konteinerio. Kas vienam nereikalingas daiktas \u2013 kitam lobis, o mes esame tarpininkai, kurie padeda abiems tapti laimingesniems ???? \u017dinome kaip nelengva i\u0161gyventi ma\u017eiems verslams, tad nuo \u0161iol, \u010dia rasite ir kit\u0173, ma\u017e\u0173 \u0161eim\u0173 versl\u0173, rank\u0173 darbo, dovan\u0173 sau ir artimiesiems.\",\"publisher\":{\"@id\":\"https:\/\/skaitytaknyga.lt\/#organization\"},\"potentialAction\":[{\"@type\":\"SearchAction\",\"target\":{\"@type\":\"EntryPoint\",\"urlTemplate\":\"https:\/\/skaitytaknyga.lt\/?s={search_term_string}\"},\"query-input\":{\"@type\":\"PropertyValueSpecification\",\"valueRequired\":true,\"valueName\":\"search_term_string\"}}],\"inLanguage\":\"en-GB\"},{\"@type\":\"Organization\",\"@id\":\"https:\/\/skaitytaknyga.lt\/#organization\",\"name\":\"skaitytaknyga.lt\",\"url\":\"https:\/\/skaitytaknyga.lt\/\",\"logo\":{\"@type\":\"ImageObject\",\"inLanguage\":\"en-GB\",\"@id\":\"https:\/\/skaitytaknyga.lt\/#\/schema\/logo\/image\/\",\"url\":\"https:\/\/skaitytaknyga.lt\/wp-content\/uploads\/2024\/05\/cropped-cropped-cropped-02_00843_jt3bggkj1j3HLc7SyY6rEUpg.jpeg\",\"contentUrl\":\"https:\/\/skaitytaknyga.lt\/wp-content\/uploads\/2024\/05\/cropped-cropped-cropped-02_00843_jt3bggkj1j3HLc7SyY6rEUpg.jpeg\",\"width\":1600,\"height\":1600,\"caption\":\"skaitytaknyga.lt\"},\"image\":{\"@id\":\"https:\/\/skaitytaknyga.lt\/#\/schema\/logo\/image\/\"},\"sameAs\":[\"https:\/\/www.facebook.com\/skaitytaknyga\/\"]}]}<\/script>\n<!-- \/ Yoast SEO plugin. -->","yoast_head_json":{"title":"Viskas apie konservavim\u0105 namuose - Skaitytaknyga","description":"Konservavimas - vienas pagrindini\u0173 b\u016bd\u0173 paruo\u0161ti maisto produktus ilgai laikyti saugojimui. \u0160ioje knygoje pateikiama daugyb\u0117 jau i\u0161bandyt\u0173 ir patikim\u0173 recept\u0173 konkretiems produktams konservuoti. Laikydamiesi nesud\u0117ting\u0173 nurodym\u0173, J\u016bs neabejotinai pasieksite norimo rezultato.  \u010cia pateikiami receptai, kaip paruo\u0161ti s\u016bdytus gaminius su ma\u017eesniu druskos kiekiu nei \u012fprastai, taip pat d\u017eemus bei drebu\u010dius su nedaug cukraus. \u0160i knyga bus puiki pagalbin\u0117 priemon\u0117, kuri pad\u0117s Jums dr\u0105siai jaustis, ruo\u0161iant konservuotus gaminius namie.","robots":{"index":"index","follow":"follow","max-snippet":"max-snippet:-1","max-image-preview":"max-image-preview:large","max-video-preview":"max-video-preview:-1"},"canonical":"https:\/\/skaitytaknyga.lt\/en\/produktas\/viskas-apie-konservavima-namuose\/","og_locale":"en_GB","og_type":"article","og_title":"Viskas apie konservavim\u0105 namuose - Skaitytaknyga","og_description":"Konservavimas - vienas pagrindini\u0173 b\u016bd\u0173 paruo\u0161ti maisto produktus ilgai laikyti saugojimui. \u0160ioje knygoje pateikiama daugyb\u0117 jau i\u0161bandyt\u0173 ir patikim\u0173 recept\u0173 konkretiems produktams konservuoti. Laikydamiesi nesud\u0117ting\u0173 nurodym\u0173, J\u016bs neabejotinai pasieksite norimo rezultato.  \u010cia pateikiami receptai, kaip paruo\u0161ti s\u016bdytus gaminius su ma\u017eesniu druskos kiekiu nei \u012fprastai, taip pat d\u017eemus bei drebu\u010dius su nedaug cukraus. \u0160i knyga bus puiki pagalbin\u0117 priemon\u0117, kuri pad\u0117s Jums dr\u0105siai jaustis, ruo\u0161iant konservuotus gaminius namie.","og_url":"https:\/\/skaitytaknyga.lt\/en\/produktas\/viskas-apie-konservavima-namuose\/","og_site_name":"Skaitytaknyga","article_publisher":"https:\/\/www.facebook.com\/skaitytaknyga\/","article_modified_time":"2024-05-03T07:22:32+00:00","og_image":[{"width":289,"height":430,"url":"https:\/\/skaitytaknyga.lt\/wp-content\/uploads\/2024\/04\/1462877154_kons.jpg","type":"image\/jpeg"}],"twitter_card":"summary_large_image","schema":{"@context":"https:\/\/schema.org","@graph":[{"@type":"WebPage","@id":"https:\/\/skaitytaknyga.lt\/produktas\/viskas-apie-konservavima-namuose\/","url":"https:\/\/skaitytaknyga.lt\/produktas\/viskas-apie-konservavima-namuose\/","name":"Viskas apie konservavim\u0105 namuose - Skaitytaknyga","isPartOf":{"@id":"https:\/\/skaitytaknyga.lt\/#website"},"primaryImageOfPage":{"@id":"https:\/\/skaitytaknyga.lt\/produktas\/viskas-apie-konservavima-namuose\/#primaryimage"},"image":{"@id":"https:\/\/skaitytaknyga.lt\/produktas\/viskas-apie-konservavima-namuose\/#primaryimage"},"thumbnailUrl":"https:\/\/skaitytaknyga.lt\/wp-content\/uploads\/2024\/04\/1462877154_kons.jpg","datePublished":"2024-04-17T13:40:29+00:00","dateModified":"2024-05-03T07:22:32+00:00","description":"Konservavimas - vienas pagrindini\u0173 b\u016bd\u0173 paruo\u0161ti maisto produktus ilgai laikyti saugojimui. \u0160ioje knygoje pateikiama daugyb\u0117 jau i\u0161bandyt\u0173 ir patikim\u0173 recept\u0173 konkretiems produktams konservuoti. Laikydamiesi nesud\u0117ting\u0173 nurodym\u0173, J\u016bs neabejotinai pasieksite norimo rezultato. \u010cia pateikiami receptai, kaip paruo\u0161ti s\u016bdytus gaminius su ma\u017eesniu druskos kiekiu nei \u012fprastai, taip pat d\u017eemus bei drebu\u010dius su nedaug cukraus. \u0160i knyga bus puiki pagalbin\u0117 priemon\u0117, kuri pad\u0117s Jums dr\u0105siai jaustis, ruo\u0161iant konservuotus gaminius namie.","breadcrumb":{"@id":"https:\/\/skaitytaknyga.lt\/produktas\/viskas-apie-konservavima-namuose\/#breadcrumb"},"inLanguage":"en-GB","potentialAction":[{"@type":"ReadAction","target":["https:\/\/skaitytaknyga.lt\/produktas\/viskas-apie-konservavima-namuose\/"]}]},{"@type":"ImageObject","inLanguage":"en-GB","@id":"https:\/\/skaitytaknyga.lt\/produktas\/viskas-apie-konservavima-namuose\/#primaryimage","url":"https:\/\/skaitytaknyga.lt\/wp-content\/uploads\/2024\/04\/1462877154_kons.jpg","contentUrl":"https:\/\/skaitytaknyga.lt\/wp-content\/uploads\/2024\/04\/1462877154_kons.jpg","width":289,"height":430,"caption":"1462877154 kons"},{"@type":"BreadcrumbList","@id":"https:\/\/skaitytaknyga.lt\/produktas\/viskas-apie-konservavima-namuose\/#breadcrumb","itemListElement":[{"@type":"ListItem","position":1,"name":"Home","item":"https:\/\/skaitytaknyga.lt\/"},{"@type":"ListItem","position":2,"name":"Parduotuv\u0117","item":"https:\/\/skaitytaknyga.lt\/knygu-parduotuve\/"},{"@type":"ListItem","position":3,"name":"Viskas apie konservavim\u0105 namuose"}]},{"@type":"WebSite","@id":"https:\/\/skaitytaknyga.lt\/#website","url":"https:\/\/skaitytaknyga.lt\/","name":"skaitytaknyga.lt","description":"Skaitytaknyga.lt \u2013 tai ma\u017eas \u0161eimos verslas, kuris prasid\u0117jo nuo meil\u0117s knygoms ir siekio i\u0161gelb\u0117ti knygas nuo likimo prie konteinerio. Kas vienam nereikalingas daiktas \u2013 kitam lobis, o mes esame tarpininkai, kurie padeda abiems tapti laimingesniems ???? \u017dinome kaip nelengva i\u0161gyventi ma\u017eiems verslams, tad nuo \u0161iol, \u010dia rasite ir kit\u0173, ma\u017e\u0173 \u0161eim\u0173 versl\u0173, rank\u0173 darbo, dovan\u0173 sau ir artimiesiems.","publisher":{"@id":"https:\/\/skaitytaknyga.lt\/#organization"},"potentialAction":[{"@type":"SearchAction","target":{"@type":"EntryPoint","urlTemplate":"https:\/\/skaitytaknyga.lt\/?s={search_term_string}"},"query-input":{"@type":"PropertyValueSpecification","valueRequired":true,"valueName":"search_term_string"}}],"inLanguage":"en-GB"},{"@type":"Organization","@id":"https:\/\/skaitytaknyga.lt\/#organization","name":"skaitytaknyga.lt","url":"https:\/\/skaitytaknyga.lt\/","logo":{"@type":"ImageObject","inLanguage":"en-GB","@id":"https:\/\/skaitytaknyga.lt\/#\/schema\/logo\/image\/","url":"https:\/\/skaitytaknyga.lt\/wp-content\/uploads\/2024\/05\/cropped-cropped-cropped-02_00843_jt3bggkj1j3HLc7SyY6rEUpg.jpeg","contentUrl":"https:\/\/skaitytaknyga.lt\/wp-content\/uploads\/2024\/05\/cropped-cropped-cropped-02_00843_jt3bggkj1j3HLc7SyY6rEUpg.jpeg","width":1600,"height":1600,"caption":"skaitytaknyga.lt"},"image":{"@id":"https:\/\/skaitytaknyga.lt\/#\/schema\/logo\/image\/"},"sameAs":["https:\/\/www.facebook.com\/skaitytaknyga\/"]}]}},"_links":{"self":[{"href":"https:\/\/skaitytaknyga.lt\/en\/wp-json\/wp\/v2\/product\/3980","targetHints":{"allow":["GET"]}}],"collection":[{"href":"https:\/\/skaitytaknyga.lt\/en\/wp-json\/wp\/v2\/product"}],"about":[{"href":"https:\/\/skaitytaknyga.lt\/en\/wp-json\/wp\/v2\/types\/product"}],"replies":[{"embeddable":true,"href":"https:\/\/skaitytaknyga.lt\/en\/wp-json\/wp\/v2\/comments?post=3980"}],"wp:featuredmedia":[{"embeddable":true,"href":"https:\/\/skaitytaknyga.lt\/en\/wp-json\/wp\/v2\/media\/4029"}],"wp:attachment":[{"href":"https:\/\/skaitytaknyga.lt\/en\/wp-json\/wp\/v2\/media?parent=3980"}],"wp:term":[{"taxonomy":"product_brand","embeddable":true,"href":"https:\/\/skaitytaknyga.lt\/en\/wp-json\/wp\/v2\/product_brand?post=3980"},{"taxonomy":"product_cat","embeddable":true,"href":"https:\/\/skaitytaknyga.lt\/en\/wp-json\/wp\/v2\/product_cat?post=3980"},{"taxonomy":"product_tag","embeddable":true,"href":"https:\/\/skaitytaknyga.lt\/en\/wp-json\/wp\/v2\/product_tag?post=3980"}],"curies":[{"name":"wp","href":"https:\/\/api.w.org\/{rel}","templated":true}]}}