{"id":3975,"date":"2024-04-17T13:40:29","date_gmt":"2024-04-17T13:40:29","guid":{"rendered":"https:\/\/skaitytaknyga.lt\/?post_type=product&#038;p=3975"},"modified":"2024-05-03T07:22:29","modified_gmt":"2024-05-03T07:22:29","slug":"kim-kristensen-follow-me-leading-from-the-front","status":"publish","type":"product","link":"https:\/\/skaitytaknyga.lt\/en\/produktas\/kim-kristensen-follow-me-leading-from-the-front\/","title":{"rendered":"Kim Kristensen \u201eFollow me leading from the front\u201c"},"content":{"rendered":"<p>Kim Kristensen is a Danish author, motivational speaker and executive coach who teaches leadership skills to business leaders, diplomats and entrepreneurs around the world. Follow Me will guide you through the pillars of effective leadership.<\/p>\n<p>The power of example is unmistakeable, writes Kristensen, who served as a commander with the Royal Danish Army in Afghanistan and the Balkans. He believes you have to lead from the front. You have to go first. Knowing that you\u2019ll be there in both good times and bad \u2013 not just at the office party but also when the going gets tough \u2013 engenders trust and confidence among your employees.<\/p>\n<p>Basing his observations on his own experience, Kristensen offers a range of effective tools to create a unique strategy with a consistent focus on tough training and choosing the right people. This is the foundation of world-class leadership.<\/p>\n","protected":false},"excerpt":{"rendered":"<p>Kim Kristensen is a Danish author, motivational speaker and executive coach who teaches leadership skills to business leaders, diplomats and entrepreneurs around the world. Follow Me will guide you through the pillars of effective leadership.<\/p>\n<p>The power of example is unmistakeable, writes Kristensen, who served as a commander with the Royal Danish Army in Afghanistan and the Balkans. He believes you have to lead from the front. You have to go first. Knowing that you\u2019ll be there in both good times and bad \u2013 not just at the office party but also when the going gets tough \u2013 engenders trust and confidence among your employees.<\/p>\n<p>Basing his observations on his own experience, Kristensen offers a range of effective tools to create a unique strategy with a consistent focus on tough training and choosing the right people. This is the foundation of world-class leadership.<\/p>\n","protected":false},"featured_media":4024,"comment_status":"closed","ping_status":"closed","template":"","meta":{"_acf_changed":false,"site-sidebar-layout":"default","site-content-layout":"","ast-site-content-layout":"default","site-content-style":"default","site-sidebar-style":"default","ast-global-header-display":"","ast-banner-title-visibility":"","ast-main-header-display":"","ast-hfb-above-header-display":"","ast-hfb-below-header-display":"","ast-hfb-mobile-header-display":"","site-post-title":"","ast-breadcrumbs-content":"","ast-featured-img":"","footer-sml-layout":"","ast-disable-related-posts":"","theme-transparent-header-meta":"","adv-header-id-meta":"","stick-header-meta":"","header-above-stick-meta":"","header-main-stick-meta":"","header-below-stick-meta":"","astra-migrate-meta-layouts":"default","ast-page-background-enabled":"default","ast-page-background-meta":{"desktop":{"background-color":"","background-image":"","background-repeat":"repeat","background-position":"center center","background-size":"auto","background-attachment":"scroll","background-type":"","background-media":"","overlay-type":"","overlay-color":"","overlay-opacity":"","overlay-gradient":""},"tablet":{"background-color":"","background-image":"","background-repeat":"repeat","background-position":"center center","background-size":"auto","background-attachment":"scroll","background-type":"","background-media":"","overlay-type":"","overlay-color":"","overlay-opacity":"","overlay-gradient":""},"mobile":{"background-color":"","background-image":"","background-repeat":"repeat","background-position":"center center","background-size":"auto","background-attachment":"scroll","background-type":"","background-media":"","overlay-type":"","overlay-color":"","overlay-opacity":"","overlay-gradient":""}},"ast-content-background-meta":{"desktop":{"background-color":"var(--ast-global-color-4)","background-image":"","background-repeat":"repeat","background-position":"center center","background-size":"auto","background-attachment":"scroll","background-type":"","background-media":"","overlay-type":"","overlay-color":"","overlay-opacity":"","overlay-gradient":""},"tablet":{"background-color":"var(--ast-global-color-4)","background-image":"","background-repeat":"repeat","background-position":"center center","background-size":"auto","background-attachment":"scroll","background-type":"","background-media":"","overlay-type":"","overlay-color":"","overlay-opacity":"","overlay-gradient":""},"mobile":{"background-color":"var(--ast-global-color-4)","background-image":"","background-repeat":"repeat","background-position":"center center","background-size":"auto","background-attachment":"scroll","background-type":"","background-media":"","overlay-type":"","overlay-color":"","overlay-opacity":"","overlay-gradient":""}}},"product_brand":[],"product_cat":[34,30,26],"product_tag":[],"class_list":{"0":"post-3975","1":"product","2":"type-product","3":"status-publish","4":"has-post-thumbnail","6":"product_cat-knygos-anglu-kalba","7":"product_cat-psichologija-ir-saviugda","8":"product_cat-verslas-vadyba-ir-finansai","9":"desktop-align-left","10":"tablet-align-left","11":"mobile-align-left","13":"first","14":"outofstock","15":"shipping-taxable","16":"purchasable","17":"product-type-simple"},"acf":[],"yoast_head":"<!-- This site is optimized with the Yoast SEO plugin v27.0 - https:\/\/yoast.com\/product\/yoast-seo-wordpress\/ -->\n<title>Kim Kristensen \u201eFollow me leading from the front\u201c - Skaitytaknyga<\/title>\n<meta name=\"description\" content=\"Kim Kristensen is a Danish author, motivational speaker and executive coach who teaches leadership skills to business leaders, diplomats and entrepreneurs around the world. Follow Me will guide you through the pillars of effective leadership.  The power of example is unmistakeable, writes Kristensen, who served as a commander with the Royal Danish Army in Afghanistan and the Balkans. He believes you have to lead from the front. You have to go first. Knowing that you\u2019ll be there in both good times and bad \u2013 not just at the office party but also when the going gets tough \u2013 engenders trust and confidence among your employees.  Basing his observations on his own experience, Kristensen offers a range of effective tools to create a unique strategy with a consistent focus on tough training and choosing the right people. This is the foundation of world-class leadership.\" \/>\n<meta name=\"robots\" content=\"index, follow, max-snippet:-1, max-image-preview:large, max-video-preview:-1\" \/>\n<link rel=\"canonical\" href=\"https:\/\/skaitytaknyga.lt\/en\/produktas\/kim-kristensen-follow-me-leading-from-the-front\/\" \/>\n<meta property=\"og:locale\" content=\"en_GB\" \/>\n<meta property=\"og:locale:alternate\" content=\"lt_LT\" \/>\n<meta property=\"og:type\" content=\"article\" \/>\n<meta property=\"og:title\" content=\"Kim Kristensen \u201eFollow me leading from the front\u201c - Skaitytaknyga\" \/>\n<meta property=\"og:description\" content=\"Kim Kristensen is a Danish author, motivational speaker and executive coach who teaches leadership skills to business leaders, diplomats and entrepreneurs around the world. Follow Me will guide you through the pillars of effective leadership.  The power of example is unmistakeable, writes Kristensen, who served as a commander with the Royal Danish Army in Afghanistan and the Balkans. He believes you have to lead from the front. You have to go first. Knowing that you\u2019ll be there in both good times and bad \u2013 not just at the office party but also when the going gets tough \u2013 engenders trust and confidence among your employees.  Basing his observations on his own experience, Kristensen offers a range of effective tools to create a unique strategy with a consistent focus on tough training and choosing the right people. This is the foundation of world-class leadership.\" \/>\n<meta property=\"og:url\" content=\"https:\/\/skaitytaknyga.lt\/en\/produktas\/kim-kristensen-follow-me-leading-from-the-front\/\" \/>\n<meta property=\"og:site_name\" content=\"Skaitytaknyga\" \/>\n<meta property=\"article:publisher\" content=\"https:\/\/www.facebook.com\/skaitytaknyga\/\" \/>\n<meta property=\"article:modified_time\" content=\"2024-05-03T07:22:29+00:00\" \/>\n<meta property=\"og:image\" content=\"https:\/\/skaitytaknyga.lt\/wp-content\/uploads\/2024\/04\/atsisiusti-14.jpg\" \/>\n\t<meta property=\"og:image:width\" content=\"183\" \/>\n\t<meta property=\"og:image:height\" content=\"275\" \/>\n\t<meta property=\"og:image:type\" content=\"image\/jpeg\" \/>\n<meta name=\"twitter:card\" content=\"summary_large_image\" \/>\n<meta name=\"twitter:label1\" content=\"Estimated reading time\" \/>\n\t<meta name=\"twitter:data1\" content=\"1 minute\" \/>\n<script type=\"application\/ld+json\" class=\"yoast-schema-graph\">{\"@context\":\"https:\/\/schema.org\",\"@graph\":[{\"@type\":\"WebPage\",\"@id\":\"https:\/\/skaitytaknyga.lt\/produktas\/kim-kristensen-follow-me-leading-from-the-front\/\",\"url\":\"https:\/\/skaitytaknyga.lt\/produktas\/kim-kristensen-follow-me-leading-from-the-front\/\",\"name\":\"Kim Kristensen \u201eFollow me leading from the front\u201c - Skaitytaknyga\",\"isPartOf\":{\"@id\":\"https:\/\/skaitytaknyga.lt\/#website\"},\"primaryImageOfPage\":{\"@id\":\"https:\/\/skaitytaknyga.lt\/produktas\/kim-kristensen-follow-me-leading-from-the-front\/#primaryimage\"},\"image\":{\"@id\":\"https:\/\/skaitytaknyga.lt\/produktas\/kim-kristensen-follow-me-leading-from-the-front\/#primaryimage\"},\"thumbnailUrl\":\"https:\/\/skaitytaknyga.lt\/wp-content\/uploads\/2024\/04\/atsisiusti-14.jpg\",\"datePublished\":\"2024-04-17T13:40:29+00:00\",\"dateModified\":\"2024-05-03T07:22:29+00:00\",\"description\":\"Kim Kristensen is a Danish author, motivational speaker and executive coach who teaches leadership skills to business leaders, diplomats and entrepreneurs around the world. Follow Me will guide you through the pillars of effective leadership. The power of example is unmistakeable, writes Kristensen, who served as a commander with the Royal Danish Army in Afghanistan and the Balkans. He believes you have to lead from the front. You have to go first. Knowing that you\u2019ll be there in both good times and bad \u2013 not just at the office party but also when the going gets tough \u2013 engenders trust and confidence among your employees. Basing his observations on his own experience, Kristensen offers a range of effective tools to create a unique strategy with a consistent focus on tough training and choosing the right people. This is the foundation of world-class leadership.\",\"breadcrumb\":{\"@id\":\"https:\/\/skaitytaknyga.lt\/produktas\/kim-kristensen-follow-me-leading-from-the-front\/#breadcrumb\"},\"inLanguage\":\"en-GB\",\"potentialAction\":[{\"@type\":\"ReadAction\",\"target\":[\"https:\/\/skaitytaknyga.lt\/produktas\/kim-kristensen-follow-me-leading-from-the-front\/\"]}]},{\"@type\":\"ImageObject\",\"inLanguage\":\"en-GB\",\"@id\":\"https:\/\/skaitytaknyga.lt\/produktas\/kim-kristensen-follow-me-leading-from-the-front\/#primaryimage\",\"url\":\"https:\/\/skaitytaknyga.lt\/wp-content\/uploads\/2024\/04\/atsisiusti-14.jpg\",\"contentUrl\":\"https:\/\/skaitytaknyga.lt\/wp-content\/uploads\/2024\/04\/atsisiusti-14.jpg\",\"width\":183,\"height\":275},{\"@type\":\"BreadcrumbList\",\"@id\":\"https:\/\/skaitytaknyga.lt\/produktas\/kim-kristensen-follow-me-leading-from-the-front\/#breadcrumb\",\"itemListElement\":[{\"@type\":\"ListItem\",\"position\":1,\"name\":\"Home\",\"item\":\"https:\/\/skaitytaknyga.lt\/\"},{\"@type\":\"ListItem\",\"position\":2,\"name\":\"Parduotuv\u0117\",\"item\":\"https:\/\/skaitytaknyga.lt\/knygu-parduotuve\/\"},{\"@type\":\"ListItem\",\"position\":3,\"name\":\"Kim Kristensen \u201eFollow me leading from the front\u201c\"}]},{\"@type\":\"WebSite\",\"@id\":\"https:\/\/skaitytaknyga.lt\/#website\",\"url\":\"https:\/\/skaitytaknyga.lt\/\",\"name\":\"skaitytaknyga.lt\",\"description\":\"Skaitytaknyga.lt \u2013 tai ma\u017eas \u0161eimos verslas, kuris prasid\u0117jo nuo meil\u0117s knygoms ir siekio i\u0161gelb\u0117ti knygas nuo likimo prie konteinerio. Kas vienam nereikalingas daiktas \u2013 kitam lobis, o mes esame tarpininkai, kurie padeda abiems tapti laimingesniems ???? \u017dinome kaip nelengva i\u0161gyventi ma\u017eiems verslams, tad nuo \u0161iol, \u010dia rasite ir kit\u0173, ma\u017e\u0173 \u0161eim\u0173 versl\u0173, rank\u0173 darbo, dovan\u0173 sau ir artimiesiems.\",\"publisher\":{\"@id\":\"https:\/\/skaitytaknyga.lt\/#organization\"},\"potentialAction\":[{\"@type\":\"SearchAction\",\"target\":{\"@type\":\"EntryPoint\",\"urlTemplate\":\"https:\/\/skaitytaknyga.lt\/?s={search_term_string}\"},\"query-input\":{\"@type\":\"PropertyValueSpecification\",\"valueRequired\":true,\"valueName\":\"search_term_string\"}}],\"inLanguage\":\"en-GB\"},{\"@type\":\"Organization\",\"@id\":\"https:\/\/skaitytaknyga.lt\/#organization\",\"name\":\"skaitytaknyga.lt\",\"url\":\"https:\/\/skaitytaknyga.lt\/\",\"logo\":{\"@type\":\"ImageObject\",\"inLanguage\":\"en-GB\",\"@id\":\"https:\/\/skaitytaknyga.lt\/#\/schema\/logo\/image\/\",\"url\":\"https:\/\/skaitytaknyga.lt\/wp-content\/uploads\/2024\/05\/cropped-cropped-cropped-02_00843_jt3bggkj1j3HLc7SyY6rEUpg.jpeg\",\"contentUrl\":\"https:\/\/skaitytaknyga.lt\/wp-content\/uploads\/2024\/05\/cropped-cropped-cropped-02_00843_jt3bggkj1j3HLc7SyY6rEUpg.jpeg\",\"width\":1600,\"height\":1600,\"caption\":\"skaitytaknyga.lt\"},\"image\":{\"@id\":\"https:\/\/skaitytaknyga.lt\/#\/schema\/logo\/image\/\"},\"sameAs\":[\"https:\/\/www.facebook.com\/skaitytaknyga\/\"]}]}<\/script>\n<!-- \/ Yoast SEO plugin. -->","yoast_head_json":{"title":"Kim Kristensen \u201eFollow me leading from the front\u201c - Skaitytaknyga","description":"Kim Kristensen is a Danish author, motivational speaker and executive coach who teaches leadership skills to business leaders, diplomats and entrepreneurs around the world. Follow Me will guide you through the pillars of effective leadership.  The power of example is unmistakeable, writes Kristensen, who served as a commander with the Royal Danish Army in Afghanistan and the Balkans. He believes you have to lead from the front. You have to go first. Knowing that you\u2019ll be there in both good times and bad \u2013 not just at the office party but also when the going gets tough \u2013 engenders trust and confidence among your employees.  Basing his observations on his own experience, Kristensen offers a range of effective tools to create a unique strategy with a consistent focus on tough training and choosing the right people. This is the foundation of world-class leadership.","robots":{"index":"index","follow":"follow","max-snippet":"max-snippet:-1","max-image-preview":"max-image-preview:large","max-video-preview":"max-video-preview:-1"},"canonical":"https:\/\/skaitytaknyga.lt\/en\/produktas\/kim-kristensen-follow-me-leading-from-the-front\/","og_locale":"en_GB","og_type":"article","og_title":"Kim Kristensen \u201eFollow me leading from the front\u201c - Skaitytaknyga","og_description":"Kim Kristensen is a Danish author, motivational speaker and executive coach who teaches leadership skills to business leaders, diplomats and entrepreneurs around the world. Follow Me will guide you through the pillars of effective leadership.  The power of example is unmistakeable, writes Kristensen, who served as a commander with the Royal Danish Army in Afghanistan and the Balkans. He believes you have to lead from the front. You have to go first. Knowing that you\u2019ll be there in both good times and bad \u2013 not just at the office party but also when the going gets tough \u2013 engenders trust and confidence among your employees.  Basing his observations on his own experience, Kristensen offers a range of effective tools to create a unique strategy with a consistent focus on tough training and choosing the right people. This is the foundation of world-class leadership.","og_url":"https:\/\/skaitytaknyga.lt\/en\/produktas\/kim-kristensen-follow-me-leading-from-the-front\/","og_site_name":"Skaitytaknyga","article_publisher":"https:\/\/www.facebook.com\/skaitytaknyga\/","article_modified_time":"2024-05-03T07:22:29+00:00","og_image":[{"width":183,"height":275,"url":"https:\/\/skaitytaknyga.lt\/wp-content\/uploads\/2024\/04\/atsisiusti-14.jpg","type":"image\/jpeg"}],"twitter_card":"summary_large_image","twitter_misc":{"Estimated reading time":"1 minute"},"schema":{"@context":"https:\/\/schema.org","@graph":[{"@type":"WebPage","@id":"https:\/\/skaitytaknyga.lt\/produktas\/kim-kristensen-follow-me-leading-from-the-front\/","url":"https:\/\/skaitytaknyga.lt\/produktas\/kim-kristensen-follow-me-leading-from-the-front\/","name":"Kim Kristensen \u201eFollow me leading from the front\u201c - Skaitytaknyga","isPartOf":{"@id":"https:\/\/skaitytaknyga.lt\/#website"},"primaryImageOfPage":{"@id":"https:\/\/skaitytaknyga.lt\/produktas\/kim-kristensen-follow-me-leading-from-the-front\/#primaryimage"},"image":{"@id":"https:\/\/skaitytaknyga.lt\/produktas\/kim-kristensen-follow-me-leading-from-the-front\/#primaryimage"},"thumbnailUrl":"https:\/\/skaitytaknyga.lt\/wp-content\/uploads\/2024\/04\/atsisiusti-14.jpg","datePublished":"2024-04-17T13:40:29+00:00","dateModified":"2024-05-03T07:22:29+00:00","description":"Kim Kristensen is a Danish author, motivational speaker and executive coach who teaches leadership skills to business leaders, diplomats and entrepreneurs around the world. Follow Me will guide you through the pillars of effective leadership. The power of example is unmistakeable, writes Kristensen, who served as a commander with the Royal Danish Army in Afghanistan and the Balkans. He believes you have to lead from the front. You have to go first. Knowing that you\u2019ll be there in both good times and bad \u2013 not just at the office party but also when the going gets tough \u2013 engenders trust and confidence among your employees. Basing his observations on his own experience, Kristensen offers a range of effective tools to create a unique strategy with a consistent focus on tough training and choosing the right people. This is the foundation of world-class leadership.","breadcrumb":{"@id":"https:\/\/skaitytaknyga.lt\/produktas\/kim-kristensen-follow-me-leading-from-the-front\/#breadcrumb"},"inLanguage":"en-GB","potentialAction":[{"@type":"ReadAction","target":["https:\/\/skaitytaknyga.lt\/produktas\/kim-kristensen-follow-me-leading-from-the-front\/"]}]},{"@type":"ImageObject","inLanguage":"en-GB","@id":"https:\/\/skaitytaknyga.lt\/produktas\/kim-kristensen-follow-me-leading-from-the-front\/#primaryimage","url":"https:\/\/skaitytaknyga.lt\/wp-content\/uploads\/2024\/04\/atsisiusti-14.jpg","contentUrl":"https:\/\/skaitytaknyga.lt\/wp-content\/uploads\/2024\/04\/atsisiusti-14.jpg","width":183,"height":275},{"@type":"BreadcrumbList","@id":"https:\/\/skaitytaknyga.lt\/produktas\/kim-kristensen-follow-me-leading-from-the-front\/#breadcrumb","itemListElement":[{"@type":"ListItem","position":1,"name":"Home","item":"https:\/\/skaitytaknyga.lt\/"},{"@type":"ListItem","position":2,"name":"Parduotuv\u0117","item":"https:\/\/skaitytaknyga.lt\/knygu-parduotuve\/"},{"@type":"ListItem","position":3,"name":"Kim Kristensen \u201eFollow me leading from the front\u201c"}]},{"@type":"WebSite","@id":"https:\/\/skaitytaknyga.lt\/#website","url":"https:\/\/skaitytaknyga.lt\/","name":"skaitytaknyga.lt","description":"Skaitytaknyga.lt \u2013 tai ma\u017eas \u0161eimos verslas, kuris prasid\u0117jo nuo meil\u0117s knygoms ir siekio i\u0161gelb\u0117ti knygas nuo likimo prie konteinerio. Kas vienam nereikalingas daiktas \u2013 kitam lobis, o mes esame tarpininkai, kurie padeda abiems tapti laimingesniems ???? \u017dinome kaip nelengva i\u0161gyventi ma\u017eiems verslams, tad nuo \u0161iol, \u010dia rasite ir kit\u0173, ma\u017e\u0173 \u0161eim\u0173 versl\u0173, rank\u0173 darbo, dovan\u0173 sau ir artimiesiems.","publisher":{"@id":"https:\/\/skaitytaknyga.lt\/#organization"},"potentialAction":[{"@type":"SearchAction","target":{"@type":"EntryPoint","urlTemplate":"https:\/\/skaitytaknyga.lt\/?s={search_term_string}"},"query-input":{"@type":"PropertyValueSpecification","valueRequired":true,"valueName":"search_term_string"}}],"inLanguage":"en-GB"},{"@type":"Organization","@id":"https:\/\/skaitytaknyga.lt\/#organization","name":"skaitytaknyga.lt","url":"https:\/\/skaitytaknyga.lt\/","logo":{"@type":"ImageObject","inLanguage":"en-GB","@id":"https:\/\/skaitytaknyga.lt\/#\/schema\/logo\/image\/","url":"https:\/\/skaitytaknyga.lt\/wp-content\/uploads\/2024\/05\/cropped-cropped-cropped-02_00843_jt3bggkj1j3HLc7SyY6rEUpg.jpeg","contentUrl":"https:\/\/skaitytaknyga.lt\/wp-content\/uploads\/2024\/05\/cropped-cropped-cropped-02_00843_jt3bggkj1j3HLc7SyY6rEUpg.jpeg","width":1600,"height":1600,"caption":"skaitytaknyga.lt"},"image":{"@id":"https:\/\/skaitytaknyga.lt\/#\/schema\/logo\/image\/"},"sameAs":["https:\/\/www.facebook.com\/skaitytaknyga\/"]}]}},"_links":{"self":[{"href":"https:\/\/skaitytaknyga.lt\/en\/wp-json\/wp\/v2\/product\/3975","targetHints":{"allow":["GET"]}}],"collection":[{"href":"https:\/\/skaitytaknyga.lt\/en\/wp-json\/wp\/v2\/product"}],"about":[{"href":"https:\/\/skaitytaknyga.lt\/en\/wp-json\/wp\/v2\/types\/product"}],"replies":[{"embeddable":true,"href":"https:\/\/skaitytaknyga.lt\/en\/wp-json\/wp\/v2\/comments?post=3975"}],"wp:featuredmedia":[{"embeddable":true,"href":"https:\/\/skaitytaknyga.lt\/en\/wp-json\/wp\/v2\/media\/4024"}],"wp:attachment":[{"href":"https:\/\/skaitytaknyga.lt\/en\/wp-json\/wp\/v2\/media?parent=3975"}],"wp:term":[{"taxonomy":"product_brand","embeddable":true,"href":"https:\/\/skaitytaknyga.lt\/en\/wp-json\/wp\/v2\/product_brand?post=3975"},{"taxonomy":"product_cat","embeddable":true,"href":"https:\/\/skaitytaknyga.lt\/en\/wp-json\/wp\/v2\/product_cat?post=3975"},{"taxonomy":"product_tag","embeddable":true,"href":"https:\/\/skaitytaknyga.lt\/en\/wp-json\/wp\/v2\/product_tag?post=3975"}],"curies":[{"name":"wp","href":"https:\/\/api.w.org\/{rel}","templated":true}]}}