{"id":3969,"date":"2024-04-17T13:40:29","date_gmt":"2024-04-17T13:40:29","guid":{"rendered":"https:\/\/skaitytaknyga.lt\/?post_type=product&#038;p=3969"},"modified":"2024-05-03T07:22:24","modified_gmt":"2024-05-03T07:22:24","slug":"keliautojo-atlasas-vadovas-po-izymiausias-pasaulio-vietas","status":"publish","type":"product","link":"https:\/\/skaitytaknyga.lt\/en\/produktas\/keliautojo-atlasas-vadovas-po-izymiausias-pasaulio-vietas\/","title":{"rendered":"Keliautojo atlasas: vadovas po \u012f\u017eymiausias pasaulio vietas"},"content":{"rendered":"<p>\u0160i knyga yra vadovas bebaimiams tyrin\u0117tojams ir m\u0117g\u0117jams &#8220;keliauti nepakylant i\u0161 kr\u0117slo&#8221; po 50 pa\u010di\u0173 vaizdingiausi\u0173 pasaulio viet\u0173 &#8211; tarp j\u0173 yra ir tos, kurias visuomet svajojote pamatyti, ir to, kuri\u0173 net ne\u012ftar\u0117 te esant.<br \/>\nKiekviename straipsnyje apra\u0161omos tos yaptingos savyb\u0117s, d\u0117l kuri\u0173 \u0161i\u0105 vietov\u0119 tiesiog b\u016btina pamatyti &#8211; nuo grynai i\u0161orinio gamtos \u017eavesio bei didingumo iki ne\u012fprastos laukin\u0117s gamtos ar turtingo kult\u016brinio paveldo.<br \/>\nKnygoje be Himalaj\u0173, Did\u017eiojo Kanjono, Venecijos, apra\u0161omos ir ma\u017eiau \u017einomos vietov\u0117s &#8211; Aliaska, Raudonosios up\u0117s \u017eiotys Vietname, Dubrovniko miestas Kroatijoje ir t.t.<\/p>\n","protected":false},"excerpt":{"rendered":"<p>\u0160i knyga yra vadovas bebaimiams tyrin\u0117tojams ir m\u0117g\u0117jams &#8220;keliauti nepakylant i\u0161 kr\u0117slo&#8221; po 50 pa\u010di\u0173 vaizdingiausi\u0173 pasaulio viet\u0173 &#8211; tarp j\u0173 yra ir tos, kurias visuomet svajojote pamatyti, ir to, kuri\u0173 net ne\u012ftar\u0117 te esant.<br \/>\nKiekviename straipsnyje apra\u0161omos tos yaptingos savyb\u0117s, d\u0117l kuri\u0173 \u0161i\u0105 vietov\u0119 tiesiog b\u016btina pamatyti &#8211; nuo grynai i\u0161orinio gamtos \u017eavesio bei didingumo iki ne\u012fprastos laukin\u0117s gamtos ar turtingo kult\u016brinio paveldo.<br \/>\nKnygoje be Himalaj\u0173, Did\u017eiojo Kanjono, Venecijos, apra\u0161omos ir ma\u017eiau \u017einomos vietov\u0117s &#8211; Aliaska, Raudonosios up\u0117s \u017eiotys Vietname, Dubrovniko miestas Kroatijoje ir t.t.<\/p>\n","protected":false},"featured_media":3999,"comment_status":"closed","ping_status":"closed","template":"","meta":{"_acf_changed":false,"site-sidebar-layout":"default","site-content-layout":"","ast-site-content-layout":"default","site-content-style":"default","site-sidebar-style":"default","ast-global-header-display":"","ast-banner-title-visibility":"","ast-main-header-display":"","ast-hfb-above-header-display":"","ast-hfb-below-header-display":"","ast-hfb-mobile-header-display":"","site-post-title":"","ast-breadcrumbs-content":"","ast-featured-img":"","footer-sml-layout":"","ast-disable-related-posts":"","theme-transparent-header-meta":"","adv-header-id-meta":"","stick-header-meta":"","header-above-stick-meta":"","header-main-stick-meta":"","header-below-stick-meta":"","astra-migrate-meta-layouts":"default","ast-page-background-enabled":"default","ast-page-background-meta":{"desktop":{"background-color":"","background-image":"","background-repeat":"repeat","background-position":"center center","background-size":"auto","background-attachment":"scroll","background-type":"","background-media":"","overlay-type":"","overlay-color":"","overlay-opacity":"","overlay-gradient":""},"tablet":{"background-color":"","background-image":"","background-repeat":"repeat","background-position":"center center","background-size":"auto","background-attachment":"scroll","background-type":"","background-media":"","overlay-type":"","overlay-color":"","overlay-opacity":"","overlay-gradient":""},"mobile":{"background-color":"","background-image":"","background-repeat":"repeat","background-position":"center center","background-size":"auto","background-attachment":"scroll","background-type":"","background-media":"","overlay-type":"","overlay-color":"","overlay-opacity":"","overlay-gradient":""}},"ast-content-background-meta":{"desktop":{"background-color":"var(--ast-global-color-4)","background-image":"","background-repeat":"repeat","background-position":"center center","background-size":"auto","background-attachment":"scroll","background-type":"","background-media":"","overlay-type":"","overlay-color":"","overlay-opacity":"","overlay-gradient":""},"tablet":{"background-color":"var(--ast-global-color-4)","background-image":"","background-repeat":"repeat","background-position":"center center","background-size":"auto","background-attachment":"scroll","background-type":"","background-media":"","overlay-type":"","overlay-color":"","overlay-opacity":"","overlay-gradient":""},"mobile":{"background-color":"var(--ast-global-color-4)","background-image":"","background-repeat":"repeat","background-position":"center center","background-size":"auto","background-attachment":"scroll","background-type":"","background-media":"","overlay-type":"","overlay-color":"","overlay-opacity":"","overlay-gradient":""}}},"product_brand":[],"product_cat":[73],"product_tag":[],"class_list":{"0":"post-3969","1":"product","2":"type-product","3":"status-publish","4":"has-post-thumbnail","6":"product_cat-zinynai-ir-enciklopedijos","7":"desktop-align-left","8":"tablet-align-left","9":"mobile-align-left","11":"first","12":"outofstock","13":"shipping-taxable","14":"purchasable","15":"product-type-simple"},"acf":[],"yoast_head":"<!-- This site is optimized with the Yoast SEO plugin v27.0 - https:\/\/yoast.com\/product\/yoast-seo-wordpress\/ -->\n<title>Keliautojo atlasas: vadovas po \u012f\u017eymiausias pasaulio vietas - Skaitytaknyga<\/title>\n<meta name=\"description\" content=\"\u0160i knyga yra vadovas bebaimiams tyrin\u0117tojams ir m\u0117g\u0117jams &quot;keliauti nepakylant i\u0161 kr\u0117slo&quot; po 50 pa\u010di\u0173 vaizdingiausi\u0173 pasaulio viet\u0173 - tarp j\u0173 yra ir tos, kurias visuomet svajojote pamatyti, ir to, kuri\u0173 net ne\u012ftar\u0117 te esant. Kiekviename straipsnyje apra\u0161omos tos yaptingos savyb\u0117s, d\u0117l kuri\u0173 \u0161i\u0105 vietov\u0119 tiesiog b\u016btina pamatyti - nuo grynai i\u0161orinio gamtos \u017eavesio bei didingumo iki ne\u012fprastos laukin\u0117s gamtos ar turtingo kult\u016brinio paveldo. Knygoje be Himalaj\u0173, Did\u017eiojo Kanjono, Venecijos, apra\u0161omos ir ma\u017eiau \u017einomos vietov\u0117s - Aliaska, Raudonosios up\u0117s \u017eiotys Vietname, Dubrovniko miestas Kroatijoje ir t.t.\" \/>\n<meta name=\"robots\" content=\"index, follow, max-snippet:-1, max-image-preview:large, max-video-preview:-1\" \/>\n<link rel=\"canonical\" href=\"https:\/\/skaitytaknyga.lt\/en\/produktas\/keliautojo-atlasas-vadovas-po-izymiausias-pasaulio-vietas\/\" \/>\n<meta property=\"og:locale\" content=\"en_GB\" \/>\n<meta property=\"og:locale:alternate\" content=\"lt_LT\" \/>\n<meta property=\"og:type\" content=\"article\" \/>\n<meta property=\"og:title\" content=\"Keliautojo atlasas: vadovas po \u012f\u017eymiausias pasaulio vietas - Skaitytaknyga\" \/>\n<meta property=\"og:description\" content=\"\u0160i knyga yra vadovas bebaimiams tyrin\u0117tojams ir m\u0117g\u0117jams &quot;keliauti nepakylant i\u0161 kr\u0117slo&quot; po 50 pa\u010di\u0173 vaizdingiausi\u0173 pasaulio viet\u0173 - tarp j\u0173 yra ir tos, kurias visuomet svajojote pamatyti, ir to, kuri\u0173 net ne\u012ftar\u0117 te esant. Kiekviename straipsnyje apra\u0161omos tos yaptingos savyb\u0117s, d\u0117l kuri\u0173 \u0161i\u0105 vietov\u0119 tiesiog b\u016btina pamatyti - nuo grynai i\u0161orinio gamtos \u017eavesio bei didingumo iki ne\u012fprastos laukin\u0117s gamtos ar turtingo kult\u016brinio paveldo. Knygoje be Himalaj\u0173, Did\u017eiojo Kanjono, Venecijos, apra\u0161omos ir ma\u017eiau \u017einomos vietov\u0117s - Aliaska, Raudonosios up\u0117s \u017eiotys Vietname, Dubrovniko miestas Kroatijoje ir t.t.\" \/>\n<meta property=\"og:url\" content=\"https:\/\/skaitytaknyga.lt\/en\/produktas\/keliautojo-atlasas-vadovas-po-izymiausias-pasaulio-vietas\/\" \/>\n<meta property=\"og:site_name\" content=\"Skaitytaknyga\" \/>\n<meta property=\"article:publisher\" content=\"https:\/\/www.facebook.com\/skaitytaknyga\/\" \/>\n<meta property=\"article:modified_time\" content=\"2024-05-03T07:22:24+00:00\" \/>\n<meta property=\"og:image\" content=\"https:\/\/skaitytaknyga.lt\/wp-content\/uploads\/2024\/04\/153930-keliautojo-atlasas.jpg\" \/>\n\t<meta property=\"og:image:width\" content=\"1199\" \/>\n\t<meta property=\"og:image:height\" content=\"1600\" \/>\n\t<meta property=\"og:image:type\" content=\"image\/jpeg\" \/>\n<meta name=\"twitter:card\" content=\"summary_large_image\" \/>\n<meta name=\"twitter:label1\" content=\"Estimated reading time\" \/>\n\t<meta name=\"twitter:data1\" content=\"1 minute\" \/>\n<script type=\"application\/ld+json\" class=\"yoast-schema-graph\">{\"@context\":\"https:\/\/schema.org\",\"@graph\":[{\"@type\":\"WebPage\",\"@id\":\"https:\/\/skaitytaknyga.lt\/produktas\/keliautojo-atlasas-vadovas-po-izymiausias-pasaulio-vietas\/\",\"url\":\"https:\/\/skaitytaknyga.lt\/produktas\/keliautojo-atlasas-vadovas-po-izymiausias-pasaulio-vietas\/\",\"name\":\"Keliautojo atlasas: vadovas po \u012f\u017eymiausias pasaulio vietas - Skaitytaknyga\",\"isPartOf\":{\"@id\":\"https:\/\/skaitytaknyga.lt\/#website\"},\"primaryImageOfPage\":{\"@id\":\"https:\/\/skaitytaknyga.lt\/produktas\/keliautojo-atlasas-vadovas-po-izymiausias-pasaulio-vietas\/#primaryimage\"},\"image\":{\"@id\":\"https:\/\/skaitytaknyga.lt\/produktas\/keliautojo-atlasas-vadovas-po-izymiausias-pasaulio-vietas\/#primaryimage\"},\"thumbnailUrl\":\"https:\/\/skaitytaknyga.lt\/wp-content\/uploads\/2024\/04\/153930-keliautojo-atlasas.jpg\",\"datePublished\":\"2024-04-17T13:40:29+00:00\",\"dateModified\":\"2024-05-03T07:22:24+00:00\",\"description\":\"\u0160i knyga yra vadovas bebaimiams tyrin\u0117tojams ir m\u0117g\u0117jams \\\"keliauti nepakylant i\u0161 kr\u0117slo\\\" po 50 pa\u010di\u0173 vaizdingiausi\u0173 pasaulio viet\u0173 - tarp j\u0173 yra ir tos, kurias visuomet svajojote pamatyti, ir to, kuri\u0173 net ne\u012ftar\u0117 te esant. Kiekviename straipsnyje apra\u0161omos tos yaptingos savyb\u0117s, d\u0117l kuri\u0173 \u0161i\u0105 vietov\u0119 tiesiog b\u016btina pamatyti - nuo grynai i\u0161orinio gamtos \u017eavesio bei didingumo iki ne\u012fprastos laukin\u0117s gamtos ar turtingo kult\u016brinio paveldo. Knygoje be Himalaj\u0173, Did\u017eiojo Kanjono, Venecijos, apra\u0161omos ir ma\u017eiau \u017einomos vietov\u0117s - Aliaska, Raudonosios up\u0117s \u017eiotys Vietname, Dubrovniko miestas Kroatijoje ir t.t.\",\"breadcrumb\":{\"@id\":\"https:\/\/skaitytaknyga.lt\/produktas\/keliautojo-atlasas-vadovas-po-izymiausias-pasaulio-vietas\/#breadcrumb\"},\"inLanguage\":\"en-GB\",\"potentialAction\":[{\"@type\":\"ReadAction\",\"target\":[\"https:\/\/skaitytaknyga.lt\/produktas\/keliautojo-atlasas-vadovas-po-izymiausias-pasaulio-vietas\/\"]}]},{\"@type\":\"ImageObject\",\"inLanguage\":\"en-GB\",\"@id\":\"https:\/\/skaitytaknyga.lt\/produktas\/keliautojo-atlasas-vadovas-po-izymiausias-pasaulio-vietas\/#primaryimage\",\"url\":\"https:\/\/skaitytaknyga.lt\/wp-content\/uploads\/2024\/04\/153930-keliautojo-atlasas.jpg\",\"contentUrl\":\"https:\/\/skaitytaknyga.lt\/wp-content\/uploads\/2024\/04\/153930-keliautojo-atlasas.jpg\",\"width\":1199,\"height\":1600,\"caption\":\"153930 keliautojo atlasas\"},{\"@type\":\"BreadcrumbList\",\"@id\":\"https:\/\/skaitytaknyga.lt\/produktas\/keliautojo-atlasas-vadovas-po-izymiausias-pasaulio-vietas\/#breadcrumb\",\"itemListElement\":[{\"@type\":\"ListItem\",\"position\":1,\"name\":\"Home\",\"item\":\"https:\/\/skaitytaknyga.lt\/\"},{\"@type\":\"ListItem\",\"position\":2,\"name\":\"Parduotuv\u0117\",\"item\":\"https:\/\/skaitytaknyga.lt\/knygu-parduotuve\/\"},{\"@type\":\"ListItem\",\"position\":3,\"name\":\"Keliautojo atlasas: vadovas po \u012f\u017eymiausias pasaulio vietas\"}]},{\"@type\":\"WebSite\",\"@id\":\"https:\/\/skaitytaknyga.lt\/#website\",\"url\":\"https:\/\/skaitytaknyga.lt\/\",\"name\":\"skaitytaknyga.lt\",\"description\":\"Skaitytaknyga.lt \u2013 tai ma\u017eas \u0161eimos verslas, kuris prasid\u0117jo nuo meil\u0117s knygoms ir siekio i\u0161gelb\u0117ti knygas nuo likimo prie konteinerio. Kas vienam nereikalingas daiktas \u2013 kitam lobis, o mes esame tarpininkai, kurie padeda abiems tapti laimingesniems ???? \u017dinome kaip nelengva i\u0161gyventi ma\u017eiems verslams, tad nuo \u0161iol, \u010dia rasite ir kit\u0173, ma\u017e\u0173 \u0161eim\u0173 versl\u0173, rank\u0173 darbo, dovan\u0173 sau ir artimiesiems.\",\"publisher\":{\"@id\":\"https:\/\/skaitytaknyga.lt\/#organization\"},\"potentialAction\":[{\"@type\":\"SearchAction\",\"target\":{\"@type\":\"EntryPoint\",\"urlTemplate\":\"https:\/\/skaitytaknyga.lt\/?s={search_term_string}\"},\"query-input\":{\"@type\":\"PropertyValueSpecification\",\"valueRequired\":true,\"valueName\":\"search_term_string\"}}],\"inLanguage\":\"en-GB\"},{\"@type\":\"Organization\",\"@id\":\"https:\/\/skaitytaknyga.lt\/#organization\",\"name\":\"skaitytaknyga.lt\",\"url\":\"https:\/\/skaitytaknyga.lt\/\",\"logo\":{\"@type\":\"ImageObject\",\"inLanguage\":\"en-GB\",\"@id\":\"https:\/\/skaitytaknyga.lt\/#\/schema\/logo\/image\/\",\"url\":\"https:\/\/skaitytaknyga.lt\/wp-content\/uploads\/2024\/05\/cropped-cropped-cropped-02_00843_jt3bggkj1j3HLc7SyY6rEUpg.jpeg\",\"contentUrl\":\"https:\/\/skaitytaknyga.lt\/wp-content\/uploads\/2024\/05\/cropped-cropped-cropped-02_00843_jt3bggkj1j3HLc7SyY6rEUpg.jpeg\",\"width\":1600,\"height\":1600,\"caption\":\"skaitytaknyga.lt\"},\"image\":{\"@id\":\"https:\/\/skaitytaknyga.lt\/#\/schema\/logo\/image\/\"},\"sameAs\":[\"https:\/\/www.facebook.com\/skaitytaknyga\/\"]}]}<\/script>\n<!-- \/ Yoast SEO plugin. -->","yoast_head_json":{"title":"Keliautojo atlasas: vadovas po \u012f\u017eymiausias pasaulio vietas - Skaitytaknyga","description":"\u0160i knyga yra vadovas bebaimiams tyrin\u0117tojams ir m\u0117g\u0117jams \"keliauti nepakylant i\u0161 kr\u0117slo\" po 50 pa\u010di\u0173 vaizdingiausi\u0173 pasaulio viet\u0173 - tarp j\u0173 yra ir tos, kurias visuomet svajojote pamatyti, ir to, kuri\u0173 net ne\u012ftar\u0117 te esant. Kiekviename straipsnyje apra\u0161omos tos yaptingos savyb\u0117s, d\u0117l kuri\u0173 \u0161i\u0105 vietov\u0119 tiesiog b\u016btina pamatyti - nuo grynai i\u0161orinio gamtos \u017eavesio bei didingumo iki ne\u012fprastos laukin\u0117s gamtos ar turtingo kult\u016brinio paveldo. Knygoje be Himalaj\u0173, Did\u017eiojo Kanjono, Venecijos, apra\u0161omos ir ma\u017eiau \u017einomos vietov\u0117s - Aliaska, Raudonosios up\u0117s \u017eiotys Vietname, Dubrovniko miestas Kroatijoje ir t.t.","robots":{"index":"index","follow":"follow","max-snippet":"max-snippet:-1","max-image-preview":"max-image-preview:large","max-video-preview":"max-video-preview:-1"},"canonical":"https:\/\/skaitytaknyga.lt\/en\/produktas\/keliautojo-atlasas-vadovas-po-izymiausias-pasaulio-vietas\/","og_locale":"en_GB","og_type":"article","og_title":"Keliautojo atlasas: vadovas po \u012f\u017eymiausias pasaulio vietas - Skaitytaknyga","og_description":"\u0160i knyga yra vadovas bebaimiams tyrin\u0117tojams ir m\u0117g\u0117jams \"keliauti nepakylant i\u0161 kr\u0117slo\" po 50 pa\u010di\u0173 vaizdingiausi\u0173 pasaulio viet\u0173 - tarp j\u0173 yra ir tos, kurias visuomet svajojote pamatyti, ir to, kuri\u0173 net ne\u012ftar\u0117 te esant. Kiekviename straipsnyje apra\u0161omos tos yaptingos savyb\u0117s, d\u0117l kuri\u0173 \u0161i\u0105 vietov\u0119 tiesiog b\u016btina pamatyti - nuo grynai i\u0161orinio gamtos \u017eavesio bei didingumo iki ne\u012fprastos laukin\u0117s gamtos ar turtingo kult\u016brinio paveldo. Knygoje be Himalaj\u0173, Did\u017eiojo Kanjono, Venecijos, apra\u0161omos ir ma\u017eiau \u017einomos vietov\u0117s - Aliaska, Raudonosios up\u0117s \u017eiotys Vietname, Dubrovniko miestas Kroatijoje ir t.t.","og_url":"https:\/\/skaitytaknyga.lt\/en\/produktas\/keliautojo-atlasas-vadovas-po-izymiausias-pasaulio-vietas\/","og_site_name":"Skaitytaknyga","article_publisher":"https:\/\/www.facebook.com\/skaitytaknyga\/","article_modified_time":"2024-05-03T07:22:24+00:00","og_image":[{"width":1199,"height":1600,"url":"https:\/\/skaitytaknyga.lt\/wp-content\/uploads\/2024\/04\/153930-keliautojo-atlasas.jpg","type":"image\/jpeg"}],"twitter_card":"summary_large_image","twitter_misc":{"Estimated reading time":"1 minute"},"schema":{"@context":"https:\/\/schema.org","@graph":[{"@type":"WebPage","@id":"https:\/\/skaitytaknyga.lt\/produktas\/keliautojo-atlasas-vadovas-po-izymiausias-pasaulio-vietas\/","url":"https:\/\/skaitytaknyga.lt\/produktas\/keliautojo-atlasas-vadovas-po-izymiausias-pasaulio-vietas\/","name":"Keliautojo atlasas: vadovas po \u012f\u017eymiausias pasaulio vietas - Skaitytaknyga","isPartOf":{"@id":"https:\/\/skaitytaknyga.lt\/#website"},"primaryImageOfPage":{"@id":"https:\/\/skaitytaknyga.lt\/produktas\/keliautojo-atlasas-vadovas-po-izymiausias-pasaulio-vietas\/#primaryimage"},"image":{"@id":"https:\/\/skaitytaknyga.lt\/produktas\/keliautojo-atlasas-vadovas-po-izymiausias-pasaulio-vietas\/#primaryimage"},"thumbnailUrl":"https:\/\/skaitytaknyga.lt\/wp-content\/uploads\/2024\/04\/153930-keliautojo-atlasas.jpg","datePublished":"2024-04-17T13:40:29+00:00","dateModified":"2024-05-03T07:22:24+00:00","description":"\u0160i knyga yra vadovas bebaimiams tyrin\u0117tojams ir m\u0117g\u0117jams \"keliauti nepakylant i\u0161 kr\u0117slo\" po 50 pa\u010di\u0173 vaizdingiausi\u0173 pasaulio viet\u0173 - tarp j\u0173 yra ir tos, kurias visuomet svajojote pamatyti, ir to, kuri\u0173 net ne\u012ftar\u0117 te esant. Kiekviename straipsnyje apra\u0161omos tos yaptingos savyb\u0117s, d\u0117l kuri\u0173 \u0161i\u0105 vietov\u0119 tiesiog b\u016btina pamatyti - nuo grynai i\u0161orinio gamtos \u017eavesio bei didingumo iki ne\u012fprastos laukin\u0117s gamtos ar turtingo kult\u016brinio paveldo. Knygoje be Himalaj\u0173, Did\u017eiojo Kanjono, Venecijos, apra\u0161omos ir ma\u017eiau \u017einomos vietov\u0117s - Aliaska, Raudonosios up\u0117s \u017eiotys Vietname, Dubrovniko miestas Kroatijoje ir t.t.","breadcrumb":{"@id":"https:\/\/skaitytaknyga.lt\/produktas\/keliautojo-atlasas-vadovas-po-izymiausias-pasaulio-vietas\/#breadcrumb"},"inLanguage":"en-GB","potentialAction":[{"@type":"ReadAction","target":["https:\/\/skaitytaknyga.lt\/produktas\/keliautojo-atlasas-vadovas-po-izymiausias-pasaulio-vietas\/"]}]},{"@type":"ImageObject","inLanguage":"en-GB","@id":"https:\/\/skaitytaknyga.lt\/produktas\/keliautojo-atlasas-vadovas-po-izymiausias-pasaulio-vietas\/#primaryimage","url":"https:\/\/skaitytaknyga.lt\/wp-content\/uploads\/2024\/04\/153930-keliautojo-atlasas.jpg","contentUrl":"https:\/\/skaitytaknyga.lt\/wp-content\/uploads\/2024\/04\/153930-keliautojo-atlasas.jpg","width":1199,"height":1600,"caption":"153930 keliautojo atlasas"},{"@type":"BreadcrumbList","@id":"https:\/\/skaitytaknyga.lt\/produktas\/keliautojo-atlasas-vadovas-po-izymiausias-pasaulio-vietas\/#breadcrumb","itemListElement":[{"@type":"ListItem","position":1,"name":"Home","item":"https:\/\/skaitytaknyga.lt\/"},{"@type":"ListItem","position":2,"name":"Parduotuv\u0117","item":"https:\/\/skaitytaknyga.lt\/knygu-parduotuve\/"},{"@type":"ListItem","position":3,"name":"Keliautojo atlasas: vadovas po \u012f\u017eymiausias pasaulio vietas"}]},{"@type":"WebSite","@id":"https:\/\/skaitytaknyga.lt\/#website","url":"https:\/\/skaitytaknyga.lt\/","name":"skaitytaknyga.lt","description":"Skaitytaknyga.lt \u2013 tai ma\u017eas \u0161eimos verslas, kuris prasid\u0117jo nuo meil\u0117s knygoms ir siekio i\u0161gelb\u0117ti knygas nuo likimo prie konteinerio. Kas vienam nereikalingas daiktas \u2013 kitam lobis, o mes esame tarpininkai, kurie padeda abiems tapti laimingesniems ???? \u017dinome kaip nelengva i\u0161gyventi ma\u017eiems verslams, tad nuo \u0161iol, \u010dia rasite ir kit\u0173, ma\u017e\u0173 \u0161eim\u0173 versl\u0173, rank\u0173 darbo, dovan\u0173 sau ir artimiesiems.","publisher":{"@id":"https:\/\/skaitytaknyga.lt\/#organization"},"potentialAction":[{"@type":"SearchAction","target":{"@type":"EntryPoint","urlTemplate":"https:\/\/skaitytaknyga.lt\/?s={search_term_string}"},"query-input":{"@type":"PropertyValueSpecification","valueRequired":true,"valueName":"search_term_string"}}],"inLanguage":"en-GB"},{"@type":"Organization","@id":"https:\/\/skaitytaknyga.lt\/#organization","name":"skaitytaknyga.lt","url":"https:\/\/skaitytaknyga.lt\/","logo":{"@type":"ImageObject","inLanguage":"en-GB","@id":"https:\/\/skaitytaknyga.lt\/#\/schema\/logo\/image\/","url":"https:\/\/skaitytaknyga.lt\/wp-content\/uploads\/2024\/05\/cropped-cropped-cropped-02_00843_jt3bggkj1j3HLc7SyY6rEUpg.jpeg","contentUrl":"https:\/\/skaitytaknyga.lt\/wp-content\/uploads\/2024\/05\/cropped-cropped-cropped-02_00843_jt3bggkj1j3HLc7SyY6rEUpg.jpeg","width":1600,"height":1600,"caption":"skaitytaknyga.lt"},"image":{"@id":"https:\/\/skaitytaknyga.lt\/#\/schema\/logo\/image\/"},"sameAs":["https:\/\/www.facebook.com\/skaitytaknyga\/"]}]}},"_links":{"self":[{"href":"https:\/\/skaitytaknyga.lt\/en\/wp-json\/wp\/v2\/product\/3969","targetHints":{"allow":["GET"]}}],"collection":[{"href":"https:\/\/skaitytaknyga.lt\/en\/wp-json\/wp\/v2\/product"}],"about":[{"href":"https:\/\/skaitytaknyga.lt\/en\/wp-json\/wp\/v2\/types\/product"}],"replies":[{"embeddable":true,"href":"https:\/\/skaitytaknyga.lt\/en\/wp-json\/wp\/v2\/comments?post=3969"}],"wp:featuredmedia":[{"embeddable":true,"href":"https:\/\/skaitytaknyga.lt\/en\/wp-json\/wp\/v2\/media\/3999"}],"wp:attachment":[{"href":"https:\/\/skaitytaknyga.lt\/en\/wp-json\/wp\/v2\/media?parent=3969"}],"wp:term":[{"taxonomy":"product_brand","embeddable":true,"href":"https:\/\/skaitytaknyga.lt\/en\/wp-json\/wp\/v2\/product_brand?post=3969"},{"taxonomy":"product_cat","embeddable":true,"href":"https:\/\/skaitytaknyga.lt\/en\/wp-json\/wp\/v2\/product_cat?post=3969"},{"taxonomy":"product_tag","embeddable":true,"href":"https:\/\/skaitytaknyga.lt\/en\/wp-json\/wp\/v2\/product_tag?post=3969"}],"curies":[{"name":"wp","href":"https:\/\/api.w.org\/{rel}","templated":true}]}}