{"id":3938,"date":"2024-04-17T13:39:34","date_gmt":"2024-04-17T13:39:34","guid":{"rendered":"https:\/\/skaitytaknyga.lt\/?post_type=product&#038;p=3938"},"modified":"2024-05-03T07:22:18","modified_gmt":"2024-05-03T07:22:18","slug":"juozas-vercinkevicius-kardinolas-vincentas-sladkevicius-mokekime-laukti-ir-augti","status":"publish","type":"product","link":"https:\/\/skaitytaknyga.lt\/en\/produktas\/juozas-vercinkevicius-kardinolas-vincentas-sladkevicius-mokekime-laukti-ir-augti\/","title":{"rendered":"Juozas Vercinkevi\u010dius \u201eKardinolas Vincentas Sladkevi\u010dius. Mok\u0117kime laukti ir augti\u201c"},"content":{"rendered":"<p>\u017durnalisto ir \u201eVorutos\u201c laikra\u0161\u010dio steig\u0117jo, leid\u0117jo ir vyriausiojo redaktoriaus Juozo Vercinkevi\u010diaus publicistiniai straipsniai, interviu su kardinolu Vincentu Sladkevi\u010diumi bei tais, kurie dirbo su kardinolu arba j\u012f pa\u017einojo ir kurie puosel\u0117jo J. E. atminim\u0105, kovojo su sovietiniu re\u017eimu d\u0117l Lietuvos ba\u017eny\u010dios i\u0161likimo.<\/p>\n<p>Knygoje \u201eKardinolas Vincentas Sladkevi\u010dius. Mok\u0117kime laukti ir augti\u201c gausu iliustracij\u0173, yra dokumentin\u0117s med\u017eiagos, nurodytos svarbesn\u0117s kardinolo Vincento Sladkevi\u010diaus gyvenimo ir veiklos datos.<\/p>\n<p>Interviu &#8220;Mok\u0117kime laukti ir augti&#8221; skelbiamas lenk\u0173 ir rus\u0173 kalbomis. Knygos prieduose prid\u0117ti prelato Jono Jonio atsiminimai apie arkivyskup\u0105 Teofili\u0173 Matulion\u012f, bei prelato Igno Urbono publikacijos i\u0161 JAV lietuvi\u0173 periodikos (\u017durnalas &#8220;Lietuvi\u0173 dienos&#8221;) apie i\u0161kilmes Vatikane.<\/p>\n","protected":false},"excerpt":{"rendered":"<p>\u017durnalisto ir \u201eVorutos\u201c laikra\u0161\u010dio steig\u0117jo, leid\u0117jo ir vyriausiojo redaktoriaus Juozo Vercinkevi\u010diaus publicistiniai straipsniai, interviu su kardinolu Vincentu Sladkevi\u010diumi bei tais, kurie dirbo su kardinolu arba j\u012f pa\u017einojo ir kurie puosel\u0117jo J. E. atminim\u0105, kovojo su sovietiniu re\u017eimu d\u0117l Lietuvos ba\u017eny\u010dios i\u0161likimo.<\/p>\n<p>Knygoje \u201eKardinolas Vincentas Sladkevi\u010dius. Mok\u0117kime laukti ir augti\u201c gausu iliustracij\u0173, yra dokumentin\u0117s med\u017eiagos, nurodytos svarbesn\u0117s kardinolo Vincento Sladkevi\u010diaus gyvenimo ir veiklos datos.<\/p>\n<p>Interviu &#8220;Mok\u0117kime laukti ir augti&#8221; skelbiamas lenk\u0173 ir rus\u0173 kalbomis. Knygos prieduose prid\u0117ti prelato Jono Jonio atsiminimai apie arkivyskup\u0105 Teofili\u0173 Matulion\u012f, bei prelato Igno Urbono publikacijos i\u0161 JAV lietuvi\u0173 periodikos (\u017durnalas &#8220;Lietuvi\u0173 dienos&#8221;) apie i\u0161kilmes Vatikane.<\/p>\n","protected":false},"featured_media":3990,"comment_status":"closed","ping_status":"closed","template":"","meta":{"_acf_changed":false,"site-sidebar-layout":"default","site-content-layout":"","ast-site-content-layout":"default","site-content-style":"default","site-sidebar-style":"default","ast-global-header-display":"","ast-banner-title-visibility":"","ast-main-header-display":"","ast-hfb-above-header-display":"","ast-hfb-below-header-display":"","ast-hfb-mobile-header-display":"","site-post-title":"","ast-breadcrumbs-content":"","ast-featured-img":"","footer-sml-layout":"","ast-disable-related-posts":"","theme-transparent-header-meta":"","adv-header-id-meta":"","stick-header-meta":"","header-above-stick-meta":"","header-main-stick-meta":"","header-below-stick-meta":"","astra-migrate-meta-layouts":"default","ast-page-background-enabled":"default","ast-page-background-meta":{"desktop":{"background-color":"","background-image":"","background-repeat":"repeat","background-position":"center center","background-size":"auto","background-attachment":"scroll","background-type":"","background-media":"","overlay-type":"","overlay-color":"","overlay-opacity":"","overlay-gradient":""},"tablet":{"background-color":"","background-image":"","background-repeat":"repeat","background-position":"center center","background-size":"auto","background-attachment":"scroll","background-type":"","background-media":"","overlay-type":"","overlay-color":"","overlay-opacity":"","overlay-gradient":""},"mobile":{"background-color":"","background-image":"","background-repeat":"repeat","background-position":"center center","background-size":"auto","background-attachment":"scroll","background-type":"","background-media":"","overlay-type":"","overlay-color":"","overlay-opacity":"","overlay-gradient":""}},"ast-content-background-meta":{"desktop":{"background-color":"var(--ast-global-color-4)","background-image":"","background-repeat":"repeat","background-position":"center center","background-size":"auto","background-attachment":"scroll","background-type":"","background-media":"","overlay-type":"","overlay-color":"","overlay-opacity":"","overlay-gradient":""},"tablet":{"background-color":"var(--ast-global-color-4)","background-image":"","background-repeat":"repeat","background-position":"center center","background-size":"auto","background-attachment":"scroll","background-type":"","background-media":"","overlay-type":"","overlay-color":"","overlay-opacity":"","overlay-gradient":""},"mobile":{"background-color":"var(--ast-global-color-4)","background-image":"","background-repeat":"repeat","background-position":"center center","background-size":"auto","background-attachment":"scroll","background-type":"","background-media":"","overlay-type":"","overlay-color":"","overlay-opacity":"","overlay-gradient":""}}},"product_brand":[],"product_cat":[165],"product_tag":[],"class_list":{"0":"post-3938","1":"product","2":"type-product","3":"status-publish","4":"has-post-thumbnail","6":"product_cat-religija-filosofija-ir-ezoterika","7":"desktop-align-left","8":"tablet-align-left","9":"mobile-align-left","11":"first","12":"instock","13":"shipping-taxable","14":"purchasable","15":"product-type-simple"},"acf":[],"yoast_head":"<!-- This site is optimized with the Yoast SEO plugin v27.0 - https:\/\/yoast.com\/product\/yoast-seo-wordpress\/ -->\n<title>Juozas Vercinkevi\u010dius \u201eKardinolas Vincentas Sladkevi\u010dius. Mok\u0117kime laukti ir augti\u201c - Skaitytaknyga<\/title>\n<meta name=\"description\" content=\"\u017durnalisto ir \u201eVorutos\u201c laikra\u0161\u010dio steig\u0117jo, leid\u0117jo ir vyriausiojo redaktoriaus Juozo Vercinkevi\u010diaus publicistiniai straipsniai, interviu su kardinolu Vincentu Sladkevi\u010diumi bei tais, kurie dirbo su kardinolu arba j\u012f pa\u017einojo ir kurie puosel\u0117jo J. E. atminim\u0105, kovojo su sovietiniu re\u017eimu d\u0117l Lietuvos ba\u017eny\u010dios i\u0161likimo.  Knygoje \u201eKardinolas Vincentas Sladkevi\u010dius. Mok\u0117kime laukti ir augti\u201c gausu iliustracij\u0173, yra dokumentin\u0117s med\u017eiagos, nurodytos svarbesn\u0117s kardinolo Vincento Sladkevi\u010diaus gyvenimo ir veiklos datos.  Interviu &quot;Mok\u0117kime laukti ir augti&quot; skelbiamas lenk\u0173 ir rus\u0173 kalbomis. Knygos prieduose prid\u0117ti prelato Jono Jonio atsiminimai apie arkivyskup\u0105 Teofili\u0173 Matulion\u012f, bei prelato Igno Urbono publikacijos i\u0161 JAV lietuvi\u0173 periodikos (\u017durnalas &quot;Lietuvi\u0173 dienos&quot;) apie i\u0161kilmes Vatikane.\" \/>\n<meta name=\"robots\" content=\"index, follow, max-snippet:-1, max-image-preview:large, max-video-preview:-1\" \/>\n<link rel=\"canonical\" href=\"https:\/\/skaitytaknyga.lt\/en\/produktas\/juozas-vercinkevicius-kardinolas-vincentas-sladkevicius-mokekime-laukti-ir-augti\/\" \/>\n<meta property=\"og:locale\" content=\"en_GB\" \/>\n<meta property=\"og:locale:alternate\" content=\"lt_LT\" \/>\n<meta property=\"og:type\" content=\"article\" \/>\n<meta property=\"og:title\" content=\"Juozas Vercinkevi\u010dius \u201eKardinolas Vincentas Sladkevi\u010dius. Mok\u0117kime laukti ir augti\u201c - Skaitytaknyga\" \/>\n<meta property=\"og:description\" content=\"\u017durnalisto ir \u201eVorutos\u201c laikra\u0161\u010dio steig\u0117jo, leid\u0117jo ir vyriausiojo redaktoriaus Juozo Vercinkevi\u010diaus publicistiniai straipsniai, interviu su kardinolu Vincentu Sladkevi\u010diumi bei tais, kurie dirbo su kardinolu arba j\u012f pa\u017einojo ir kurie puosel\u0117jo J. E. atminim\u0105, kovojo su sovietiniu re\u017eimu d\u0117l Lietuvos ba\u017eny\u010dios i\u0161likimo.  Knygoje \u201eKardinolas Vincentas Sladkevi\u010dius. Mok\u0117kime laukti ir augti\u201c gausu iliustracij\u0173, yra dokumentin\u0117s med\u017eiagos, nurodytos svarbesn\u0117s kardinolo Vincento Sladkevi\u010diaus gyvenimo ir veiklos datos.  Interviu &quot;Mok\u0117kime laukti ir augti&quot; skelbiamas lenk\u0173 ir rus\u0173 kalbomis. Knygos prieduose prid\u0117ti prelato Jono Jonio atsiminimai apie arkivyskup\u0105 Teofili\u0173 Matulion\u012f, bei prelato Igno Urbono publikacijos i\u0161 JAV lietuvi\u0173 periodikos (\u017durnalas &quot;Lietuvi\u0173 dienos&quot;) apie i\u0161kilmes Vatikane.\" \/>\n<meta property=\"og:url\" content=\"https:\/\/skaitytaknyga.lt\/en\/produktas\/juozas-vercinkevicius-kardinolas-vincentas-sladkevicius-mokekime-laukti-ir-augti\/\" \/>\n<meta property=\"og:site_name\" content=\"Skaitytaknyga\" \/>\n<meta property=\"article:publisher\" content=\"https:\/\/www.facebook.com\/skaitytaknyga\/\" \/>\n<meta property=\"article:modified_time\" content=\"2024-05-03T07:22:18+00:00\" \/>\n<meta property=\"og:image\" content=\"https:\/\/skaitytaknyga.lt\/wp-content\/uploads\/2024\/04\/1462885314_9786099501871kardinolasvincentassladkeviciusmokekimelauktiiraugti.jpg\" \/>\n\t<meta property=\"og:image:width\" content=\"304\" \/>\n\t<meta property=\"og:image:height\" content=\"430\" \/>\n\t<meta property=\"og:image:type\" content=\"image\/jpeg\" \/>\n<meta name=\"twitter:card\" content=\"summary_large_image\" \/>\n<meta name=\"twitter:label1\" content=\"Estimated reading time\" \/>\n\t<meta name=\"twitter:data1\" content=\"1 minute\" \/>\n<script type=\"application\/ld+json\" class=\"yoast-schema-graph\">{\"@context\":\"https:\/\/schema.org\",\"@graph\":[{\"@type\":\"WebPage\",\"@id\":\"https:\/\/skaitytaknyga.lt\/produktas\/juozas-vercinkevicius-kardinolas-vincentas-sladkevicius-mokekime-laukti-ir-augti\/\",\"url\":\"https:\/\/skaitytaknyga.lt\/produktas\/juozas-vercinkevicius-kardinolas-vincentas-sladkevicius-mokekime-laukti-ir-augti\/\",\"name\":\"Juozas Vercinkevi\u010dius \u201eKardinolas Vincentas Sladkevi\u010dius. Mok\u0117kime laukti ir augti\u201c - Skaitytaknyga\",\"isPartOf\":{\"@id\":\"https:\/\/skaitytaknyga.lt\/#website\"},\"primaryImageOfPage\":{\"@id\":\"https:\/\/skaitytaknyga.lt\/produktas\/juozas-vercinkevicius-kardinolas-vincentas-sladkevicius-mokekime-laukti-ir-augti\/#primaryimage\"},\"image\":{\"@id\":\"https:\/\/skaitytaknyga.lt\/produktas\/juozas-vercinkevicius-kardinolas-vincentas-sladkevicius-mokekime-laukti-ir-augti\/#primaryimage\"},\"thumbnailUrl\":\"https:\/\/skaitytaknyga.lt\/wp-content\/uploads\/2024\/04\/1462885314_9786099501871kardinolasvincentassladkeviciusmokekimelauktiiraugti.jpg\",\"datePublished\":\"2024-04-17T13:39:34+00:00\",\"dateModified\":\"2024-05-03T07:22:18+00:00\",\"description\":\"\u017durnalisto ir \u201eVorutos\u201c laikra\u0161\u010dio steig\u0117jo, leid\u0117jo ir vyriausiojo redaktoriaus Juozo Vercinkevi\u010diaus publicistiniai straipsniai, interviu su kardinolu Vincentu Sladkevi\u010diumi bei tais, kurie dirbo su kardinolu arba j\u012f pa\u017einojo ir kurie puosel\u0117jo J. E. atminim\u0105, kovojo su sovietiniu re\u017eimu d\u0117l Lietuvos ba\u017eny\u010dios i\u0161likimo. Knygoje \u201eKardinolas Vincentas Sladkevi\u010dius. Mok\u0117kime laukti ir augti\u201c gausu iliustracij\u0173, yra dokumentin\u0117s med\u017eiagos, nurodytos svarbesn\u0117s kardinolo Vincento Sladkevi\u010diaus gyvenimo ir veiklos datos. Interviu \\\"Mok\u0117kime laukti ir augti\\\" skelbiamas lenk\u0173 ir rus\u0173 kalbomis. Knygos prieduose prid\u0117ti prelato Jono Jonio atsiminimai apie arkivyskup\u0105 Teofili\u0173 Matulion\u012f, bei prelato Igno Urbono publikacijos i\u0161 JAV lietuvi\u0173 periodikos (\u017durnalas \\\"Lietuvi\u0173 dienos\\\") apie i\u0161kilmes Vatikane.\",\"breadcrumb\":{\"@id\":\"https:\/\/skaitytaknyga.lt\/produktas\/juozas-vercinkevicius-kardinolas-vincentas-sladkevicius-mokekime-laukti-ir-augti\/#breadcrumb\"},\"inLanguage\":\"en-GB\",\"potentialAction\":[{\"@type\":\"ReadAction\",\"target\":[\"https:\/\/skaitytaknyga.lt\/produktas\/juozas-vercinkevicius-kardinolas-vincentas-sladkevicius-mokekime-laukti-ir-augti\/\"]}]},{\"@type\":\"ImageObject\",\"inLanguage\":\"en-GB\",\"@id\":\"https:\/\/skaitytaknyga.lt\/produktas\/juozas-vercinkevicius-kardinolas-vincentas-sladkevicius-mokekime-laukti-ir-augti\/#primaryimage\",\"url\":\"https:\/\/skaitytaknyga.lt\/wp-content\/uploads\/2024\/04\/1462885314_9786099501871kardinolasvincentassladkeviciusmokekimelauktiiraugti.jpg\",\"contentUrl\":\"https:\/\/skaitytaknyga.lt\/wp-content\/uploads\/2024\/04\/1462885314_9786099501871kardinolasvincentassladkeviciusmokekimelauktiiraugti.jpg\",\"width\":304,\"height\":430,\"caption\":\"1462885314 9786099501871kardinolasvincentassladkeviciusmokekimelauktiiraugti\"},{\"@type\":\"BreadcrumbList\",\"@id\":\"https:\/\/skaitytaknyga.lt\/produktas\/juozas-vercinkevicius-kardinolas-vincentas-sladkevicius-mokekime-laukti-ir-augti\/#breadcrumb\",\"itemListElement\":[{\"@type\":\"ListItem\",\"position\":1,\"name\":\"Home\",\"item\":\"https:\/\/skaitytaknyga.lt\/\"},{\"@type\":\"ListItem\",\"position\":2,\"name\":\"Parduotuv\u0117\",\"item\":\"https:\/\/skaitytaknyga.lt\/knygu-parduotuve\/\"},{\"@type\":\"ListItem\",\"position\":3,\"name\":\"Juozas Vercinkevi\u010dius \u201eKardinolas Vincentas Sladkevi\u010dius. Mok\u0117kime laukti ir augti\u201c\"}]},{\"@type\":\"WebSite\",\"@id\":\"https:\/\/skaitytaknyga.lt\/#website\",\"url\":\"https:\/\/skaitytaknyga.lt\/\",\"name\":\"skaitytaknyga.lt\",\"description\":\"Skaitytaknyga.lt \u2013 tai ma\u017eas \u0161eimos verslas, kuris prasid\u0117jo nuo meil\u0117s knygoms ir siekio i\u0161gelb\u0117ti knygas nuo likimo prie konteinerio. Kas vienam nereikalingas daiktas \u2013 kitam lobis, o mes esame tarpininkai, kurie padeda abiems tapti laimingesniems ???? \u017dinome kaip nelengva i\u0161gyventi ma\u017eiems verslams, tad nuo \u0161iol, \u010dia rasite ir kit\u0173, ma\u017e\u0173 \u0161eim\u0173 versl\u0173, rank\u0173 darbo, dovan\u0173 sau ir artimiesiems.\",\"publisher\":{\"@id\":\"https:\/\/skaitytaknyga.lt\/#organization\"},\"potentialAction\":[{\"@type\":\"SearchAction\",\"target\":{\"@type\":\"EntryPoint\",\"urlTemplate\":\"https:\/\/skaitytaknyga.lt\/?s={search_term_string}\"},\"query-input\":{\"@type\":\"PropertyValueSpecification\",\"valueRequired\":true,\"valueName\":\"search_term_string\"}}],\"inLanguage\":\"en-GB\"},{\"@type\":\"Organization\",\"@id\":\"https:\/\/skaitytaknyga.lt\/#organization\",\"name\":\"skaitytaknyga.lt\",\"url\":\"https:\/\/skaitytaknyga.lt\/\",\"logo\":{\"@type\":\"ImageObject\",\"inLanguage\":\"en-GB\",\"@id\":\"https:\/\/skaitytaknyga.lt\/#\/schema\/logo\/image\/\",\"url\":\"https:\/\/skaitytaknyga.lt\/wp-content\/uploads\/2024\/05\/cropped-cropped-cropped-02_00843_jt3bggkj1j3HLc7SyY6rEUpg.jpeg\",\"contentUrl\":\"https:\/\/skaitytaknyga.lt\/wp-content\/uploads\/2024\/05\/cropped-cropped-cropped-02_00843_jt3bggkj1j3HLc7SyY6rEUpg.jpeg\",\"width\":1600,\"height\":1600,\"caption\":\"skaitytaknyga.lt\"},\"image\":{\"@id\":\"https:\/\/skaitytaknyga.lt\/#\/schema\/logo\/image\/\"},\"sameAs\":[\"https:\/\/www.facebook.com\/skaitytaknyga\/\"]}]}<\/script>\n<!-- \/ Yoast SEO plugin. -->","yoast_head_json":{"title":"Juozas Vercinkevi\u010dius \u201eKardinolas Vincentas Sladkevi\u010dius. Mok\u0117kime laukti ir augti\u201c - Skaitytaknyga","description":"\u017durnalisto ir \u201eVorutos\u201c laikra\u0161\u010dio steig\u0117jo, leid\u0117jo ir vyriausiojo redaktoriaus Juozo Vercinkevi\u010diaus publicistiniai straipsniai, interviu su kardinolu Vincentu Sladkevi\u010diumi bei tais, kurie dirbo su kardinolu arba j\u012f pa\u017einojo ir kurie puosel\u0117jo J. E. atminim\u0105, kovojo su sovietiniu re\u017eimu d\u0117l Lietuvos ba\u017eny\u010dios i\u0161likimo.  Knygoje \u201eKardinolas Vincentas Sladkevi\u010dius. Mok\u0117kime laukti ir augti\u201c gausu iliustracij\u0173, yra dokumentin\u0117s med\u017eiagos, nurodytos svarbesn\u0117s kardinolo Vincento Sladkevi\u010diaus gyvenimo ir veiklos datos.  Interviu \"Mok\u0117kime laukti ir augti\" skelbiamas lenk\u0173 ir rus\u0173 kalbomis. Knygos prieduose prid\u0117ti prelato Jono Jonio atsiminimai apie arkivyskup\u0105 Teofili\u0173 Matulion\u012f, bei prelato Igno Urbono publikacijos i\u0161 JAV lietuvi\u0173 periodikos (\u017durnalas \"Lietuvi\u0173 dienos\") apie i\u0161kilmes Vatikane.","robots":{"index":"index","follow":"follow","max-snippet":"max-snippet:-1","max-image-preview":"max-image-preview:large","max-video-preview":"max-video-preview:-1"},"canonical":"https:\/\/skaitytaknyga.lt\/en\/produktas\/juozas-vercinkevicius-kardinolas-vincentas-sladkevicius-mokekime-laukti-ir-augti\/","og_locale":"en_GB","og_type":"article","og_title":"Juozas Vercinkevi\u010dius \u201eKardinolas Vincentas Sladkevi\u010dius. Mok\u0117kime laukti ir augti\u201c - Skaitytaknyga","og_description":"\u017durnalisto ir \u201eVorutos\u201c laikra\u0161\u010dio steig\u0117jo, leid\u0117jo ir vyriausiojo redaktoriaus Juozo Vercinkevi\u010diaus publicistiniai straipsniai, interviu su kardinolu Vincentu Sladkevi\u010diumi bei tais, kurie dirbo su kardinolu arba j\u012f pa\u017einojo ir kurie puosel\u0117jo J. E. atminim\u0105, kovojo su sovietiniu re\u017eimu d\u0117l Lietuvos ba\u017eny\u010dios i\u0161likimo.  Knygoje \u201eKardinolas Vincentas Sladkevi\u010dius. Mok\u0117kime laukti ir augti\u201c gausu iliustracij\u0173, yra dokumentin\u0117s med\u017eiagos, nurodytos svarbesn\u0117s kardinolo Vincento Sladkevi\u010diaus gyvenimo ir veiklos datos.  Interviu \"Mok\u0117kime laukti ir augti\" skelbiamas lenk\u0173 ir rus\u0173 kalbomis. Knygos prieduose prid\u0117ti prelato Jono Jonio atsiminimai apie arkivyskup\u0105 Teofili\u0173 Matulion\u012f, bei prelato Igno Urbono publikacijos i\u0161 JAV lietuvi\u0173 periodikos (\u017durnalas \"Lietuvi\u0173 dienos\") apie i\u0161kilmes Vatikane.","og_url":"https:\/\/skaitytaknyga.lt\/en\/produktas\/juozas-vercinkevicius-kardinolas-vincentas-sladkevicius-mokekime-laukti-ir-augti\/","og_site_name":"Skaitytaknyga","article_publisher":"https:\/\/www.facebook.com\/skaitytaknyga\/","article_modified_time":"2024-05-03T07:22:18+00:00","og_image":[{"width":304,"height":430,"url":"https:\/\/skaitytaknyga.lt\/wp-content\/uploads\/2024\/04\/1462885314_9786099501871kardinolasvincentassladkeviciusmokekimelauktiiraugti.jpg","type":"image\/jpeg"}],"twitter_card":"summary_large_image","twitter_misc":{"Estimated reading time":"1 minute"},"schema":{"@context":"https:\/\/schema.org","@graph":[{"@type":"WebPage","@id":"https:\/\/skaitytaknyga.lt\/produktas\/juozas-vercinkevicius-kardinolas-vincentas-sladkevicius-mokekime-laukti-ir-augti\/","url":"https:\/\/skaitytaknyga.lt\/produktas\/juozas-vercinkevicius-kardinolas-vincentas-sladkevicius-mokekime-laukti-ir-augti\/","name":"Juozas Vercinkevi\u010dius \u201eKardinolas Vincentas Sladkevi\u010dius. Mok\u0117kime laukti ir augti\u201c - Skaitytaknyga","isPartOf":{"@id":"https:\/\/skaitytaknyga.lt\/#website"},"primaryImageOfPage":{"@id":"https:\/\/skaitytaknyga.lt\/produktas\/juozas-vercinkevicius-kardinolas-vincentas-sladkevicius-mokekime-laukti-ir-augti\/#primaryimage"},"image":{"@id":"https:\/\/skaitytaknyga.lt\/produktas\/juozas-vercinkevicius-kardinolas-vincentas-sladkevicius-mokekime-laukti-ir-augti\/#primaryimage"},"thumbnailUrl":"https:\/\/skaitytaknyga.lt\/wp-content\/uploads\/2024\/04\/1462885314_9786099501871kardinolasvincentassladkeviciusmokekimelauktiiraugti.jpg","datePublished":"2024-04-17T13:39:34+00:00","dateModified":"2024-05-03T07:22:18+00:00","description":"\u017durnalisto ir \u201eVorutos\u201c laikra\u0161\u010dio steig\u0117jo, leid\u0117jo ir vyriausiojo redaktoriaus Juozo Vercinkevi\u010diaus publicistiniai straipsniai, interviu su kardinolu Vincentu Sladkevi\u010diumi bei tais, kurie dirbo su kardinolu arba j\u012f pa\u017einojo ir kurie puosel\u0117jo J. E. atminim\u0105, kovojo su sovietiniu re\u017eimu d\u0117l Lietuvos ba\u017eny\u010dios i\u0161likimo. Knygoje \u201eKardinolas Vincentas Sladkevi\u010dius. Mok\u0117kime laukti ir augti\u201c gausu iliustracij\u0173, yra dokumentin\u0117s med\u017eiagos, nurodytos svarbesn\u0117s kardinolo Vincento Sladkevi\u010diaus gyvenimo ir veiklos datos. Interviu \"Mok\u0117kime laukti ir augti\" skelbiamas lenk\u0173 ir rus\u0173 kalbomis. Knygos prieduose prid\u0117ti prelato Jono Jonio atsiminimai apie arkivyskup\u0105 Teofili\u0173 Matulion\u012f, bei prelato Igno Urbono publikacijos i\u0161 JAV lietuvi\u0173 periodikos (\u017durnalas \"Lietuvi\u0173 dienos\") apie i\u0161kilmes Vatikane.","breadcrumb":{"@id":"https:\/\/skaitytaknyga.lt\/produktas\/juozas-vercinkevicius-kardinolas-vincentas-sladkevicius-mokekime-laukti-ir-augti\/#breadcrumb"},"inLanguage":"en-GB","potentialAction":[{"@type":"ReadAction","target":["https:\/\/skaitytaknyga.lt\/produktas\/juozas-vercinkevicius-kardinolas-vincentas-sladkevicius-mokekime-laukti-ir-augti\/"]}]},{"@type":"ImageObject","inLanguage":"en-GB","@id":"https:\/\/skaitytaknyga.lt\/produktas\/juozas-vercinkevicius-kardinolas-vincentas-sladkevicius-mokekime-laukti-ir-augti\/#primaryimage","url":"https:\/\/skaitytaknyga.lt\/wp-content\/uploads\/2024\/04\/1462885314_9786099501871kardinolasvincentassladkeviciusmokekimelauktiiraugti.jpg","contentUrl":"https:\/\/skaitytaknyga.lt\/wp-content\/uploads\/2024\/04\/1462885314_9786099501871kardinolasvincentassladkeviciusmokekimelauktiiraugti.jpg","width":304,"height":430,"caption":"1462885314 9786099501871kardinolasvincentassladkeviciusmokekimelauktiiraugti"},{"@type":"BreadcrumbList","@id":"https:\/\/skaitytaknyga.lt\/produktas\/juozas-vercinkevicius-kardinolas-vincentas-sladkevicius-mokekime-laukti-ir-augti\/#breadcrumb","itemListElement":[{"@type":"ListItem","position":1,"name":"Home","item":"https:\/\/skaitytaknyga.lt\/"},{"@type":"ListItem","position":2,"name":"Parduotuv\u0117","item":"https:\/\/skaitytaknyga.lt\/knygu-parduotuve\/"},{"@type":"ListItem","position":3,"name":"Juozas Vercinkevi\u010dius \u201eKardinolas Vincentas Sladkevi\u010dius. Mok\u0117kime laukti ir augti\u201c"}]},{"@type":"WebSite","@id":"https:\/\/skaitytaknyga.lt\/#website","url":"https:\/\/skaitytaknyga.lt\/","name":"skaitytaknyga.lt","description":"Skaitytaknyga.lt \u2013 tai ma\u017eas \u0161eimos verslas, kuris prasid\u0117jo nuo meil\u0117s knygoms ir siekio i\u0161gelb\u0117ti knygas nuo likimo prie konteinerio. Kas vienam nereikalingas daiktas \u2013 kitam lobis, o mes esame tarpininkai, kurie padeda abiems tapti laimingesniems ???? \u017dinome kaip nelengva i\u0161gyventi ma\u017eiems verslams, tad nuo \u0161iol, \u010dia rasite ir kit\u0173, ma\u017e\u0173 \u0161eim\u0173 versl\u0173, rank\u0173 darbo, dovan\u0173 sau ir artimiesiems.","publisher":{"@id":"https:\/\/skaitytaknyga.lt\/#organization"},"potentialAction":[{"@type":"SearchAction","target":{"@type":"EntryPoint","urlTemplate":"https:\/\/skaitytaknyga.lt\/?s={search_term_string}"},"query-input":{"@type":"PropertyValueSpecification","valueRequired":true,"valueName":"search_term_string"}}],"inLanguage":"en-GB"},{"@type":"Organization","@id":"https:\/\/skaitytaknyga.lt\/#organization","name":"skaitytaknyga.lt","url":"https:\/\/skaitytaknyga.lt\/","logo":{"@type":"ImageObject","inLanguage":"en-GB","@id":"https:\/\/skaitytaknyga.lt\/#\/schema\/logo\/image\/","url":"https:\/\/skaitytaknyga.lt\/wp-content\/uploads\/2024\/05\/cropped-cropped-cropped-02_00843_jt3bggkj1j3HLc7SyY6rEUpg.jpeg","contentUrl":"https:\/\/skaitytaknyga.lt\/wp-content\/uploads\/2024\/05\/cropped-cropped-cropped-02_00843_jt3bggkj1j3HLc7SyY6rEUpg.jpeg","width":1600,"height":1600,"caption":"skaitytaknyga.lt"},"image":{"@id":"https:\/\/skaitytaknyga.lt\/#\/schema\/logo\/image\/"},"sameAs":["https:\/\/www.facebook.com\/skaitytaknyga\/"]}]}},"_links":{"self":[{"href":"https:\/\/skaitytaknyga.lt\/en\/wp-json\/wp\/v2\/product\/3938","targetHints":{"allow":["GET"]}}],"collection":[{"href":"https:\/\/skaitytaknyga.lt\/en\/wp-json\/wp\/v2\/product"}],"about":[{"href":"https:\/\/skaitytaknyga.lt\/en\/wp-json\/wp\/v2\/types\/product"}],"replies":[{"embeddable":true,"href":"https:\/\/skaitytaknyga.lt\/en\/wp-json\/wp\/v2\/comments?post=3938"}],"wp:featuredmedia":[{"embeddable":true,"href":"https:\/\/skaitytaknyga.lt\/en\/wp-json\/wp\/v2\/media\/3990"}],"wp:attachment":[{"href":"https:\/\/skaitytaknyga.lt\/en\/wp-json\/wp\/v2\/media?parent=3938"}],"wp:term":[{"taxonomy":"product_brand","embeddable":true,"href":"https:\/\/skaitytaknyga.lt\/en\/wp-json\/wp\/v2\/product_brand?post=3938"},{"taxonomy":"product_cat","embeddable":true,"href":"https:\/\/skaitytaknyga.lt\/en\/wp-json\/wp\/v2\/product_cat?post=3938"},{"taxonomy":"product_tag","embeddable":true,"href":"https:\/\/skaitytaknyga.lt\/en\/wp-json\/wp\/v2\/product_tag?post=3938"}],"curies":[{"name":"wp","href":"https:\/\/api.w.org\/{rel}","templated":true}]}}