{"id":3927,"date":"2024-04-17T16:39:34","date_gmt":"2024-04-17T13:39:34","guid":{"rendered":"https:\/\/skaitytaknyga.lt\/?post_type=product&#038;p=3927"},"modified":"2025-09-05T16:55:55","modified_gmt":"2025-09-05T13:55:55","slug":"__trashed-98","status":"publish","type":"product","link":"https:\/\/skaitytaknyga.lt\/en\/produktas\/__trashed-98\/","title":{"rendered":"Did\u017eioji \u017eaidim\u0173 knyga"},"content":{"rendered":"<p>Net 500 greit\u0173 ir l\u0117t\u0173, porini\u0173 ir komandini\u0173, vaik\u0173 ir suaugusi\u0173j\u0173 \u017eaidim\u0173. \u0160i knyga skirta vakar\u0117lio, renginio arba bet kokio draug\u0173 susib\u016brimo organizatoriui, kuriam r\u016bpi, kad sve\u010diams neb\u016bt\u0173 nuobodu. Knyga skirta visiems, kurie nori smagiai praleisti laik\u0105! Viskas paprasta kaip du kart du: atsiversk bet kur\u012f puslap\u012f ir tapk patyrusiu rengini\u0173 organizatoriumi! J\u016bs\u0173 rankose \u2013 net 500 \u017eaidim\u0173 visokio am\u017eiaus, i\u0161silavinimo ir sugeb\u0117jim\u0173 \u017emon\u0117ms. Garantuojame viena: J\u016bs tikrai daugiau niekuomet nenuobod\u017eiausite!<\/p>\n","protected":false},"excerpt":{"rendered":"<p>Net 500 greit\u0173 ir l\u0117t\u0173, porini\u0173 ir komandini\u0173, vaik\u0173 ir suaugusi\u0173j\u0173 \u017eaidim\u0173. \u0160i knyga skirta vakar\u0117lio, renginio arba bet kokio draug\u0173 susib\u016brimo organizatoriui, kuriam r\u016bpi, kad sve\u010diams neb\u016bt\u0173 nuobodu. Knyga skirta visiems, kurie nori smagiai praleisti laik\u0105! Viskas paprasta kaip du kart du: atsiversk bet kur\u012f puslap\u012f ir tapk patyrusiu rengini\u0173 organizatoriumi! J\u016bs\u0173 rankose \u2013 net 500 \u017eaidim\u0173 visokio am\u017eiaus, i\u0161silavinimo ir sugeb\u0117jim\u0173 \u017emon\u0117ms. Garantuojame viena: J\u016bs tikrai daugiau niekuomet nenuobod\u017eiausite!<\/p>\n","protected":false},"featured_media":3957,"comment_status":"closed","ping_status":"closed","template":"","meta":{"_acf_changed":false,"site-sidebar-layout":"default","site-content-layout":"","ast-site-content-layout":"default","site-content-style":"default","site-sidebar-style":"default","ast-global-header-display":"","ast-banner-title-visibility":"","ast-main-header-display":"","ast-hfb-above-header-display":"","ast-hfb-below-header-display":"","ast-hfb-mobile-header-display":"","site-post-title":"","ast-breadcrumbs-content":"","ast-featured-img":"","footer-sml-layout":"","ast-disable-related-posts":"","theme-transparent-header-meta":"","adv-header-id-meta":"","stick-header-meta":"","header-above-stick-meta":"","header-main-stick-meta":"","header-below-stick-meta":"","astra-migrate-meta-layouts":"default","ast-page-background-enabled":"default","ast-page-background-meta":{"desktop":{"background-color":"","background-image":"","background-repeat":"repeat","background-position":"center center","background-size":"auto","background-attachment":"scroll","background-type":"","background-media":"","overlay-type":"","overlay-color":"","overlay-opacity":"","overlay-gradient":""},"tablet":{"background-color":"","background-image":"","background-repeat":"repeat","background-position":"center center","background-size":"auto","background-attachment":"scroll","background-type":"","background-media":"","overlay-type":"","overlay-color":"","overlay-opacity":"","overlay-gradient":""},"mobile":{"background-color":"","background-image":"","background-repeat":"repeat","background-position":"center center","background-size":"auto","background-attachment":"scroll","background-type":"","background-media":"","overlay-type":"","overlay-color":"","overlay-opacity":"","overlay-gradient":""}},"ast-content-background-meta":{"desktop":{"background-color":"var(--ast-global-color-4)","background-image":"","background-repeat":"repeat","background-position":"center center","background-size":"auto","background-attachment":"scroll","background-type":"","background-media":"","overlay-type":"","overlay-color":"","overlay-opacity":"","overlay-gradient":""},"tablet":{"background-color":"var(--ast-global-color-4)","background-image":"","background-repeat":"repeat","background-position":"center center","background-size":"auto","background-attachment":"scroll","background-type":"","background-media":"","overlay-type":"","overlay-color":"","overlay-opacity":"","overlay-gradient":""},"mobile":{"background-color":"var(--ast-global-color-4)","background-image":"","background-repeat":"repeat","background-position":"center center","background-size":"auto","background-attachment":"scroll","background-type":"","background-media":"","overlay-type":"","overlay-color":"","overlay-opacity":"","overlay-gradient":""}}},"product_brand":[],"product_cat":[37,35],"product_tag":[],"class_list":{"0":"post-3927","1":"product","2":"type-product","3":"status-publish","4":"has-post-thumbnail","6":"product_cat-nestumas-ir-vaiku-prieziura-bei-auklejimas","7":"product_cat-vaikams-ir-paaugliams","8":"desktop-align-left","9":"tablet-align-left","10":"mobile-align-left","12":"first","13":"instock","14":"shipping-taxable","15":"purchasable","16":"product-type-simple"},"acf":[],"yoast_head":"<!-- This site is optimized with the Yoast SEO plugin v27.4 - https:\/\/yoast.com\/product\/yoast-seo-wordpress\/ -->\n<title>Did\u017eioji \u017eaidim\u0173 knyga<\/title>\n<meta name=\"description\" content=\"Net 500 greit\u0173 ir l\u0117t\u0173, porini\u0173 ir komandini\u0173, vaik\u0173 ir suaugusi\u0173j\u0173 \u017eaidim\u0173. \u0160i knyga skirta vakar\u0117lio, renginio arba bet kokio draug\u0173 susib\u016brimo organizatoriui, kuriam r\u016bpi, kad sve\u010diams neb\u016bt\u0173 nuobodu. Knyga skirta visiems, kurie nori smagiai praleisti laik\u0105! Viskas paprasta kaip du kart du: atsiversk bet kur\u012f puslap\u012f ir tapk patyrusiu rengini\u0173 organizatoriumi! J\u016bs\u0173 rankose \u2013 net 500 \u017eaidim\u0173 visokio am\u017eiaus, i\u0161silavinimo ir sugeb\u0117jim\u0173 \u017emon\u0117ms. Garantuojame viena: J\u016bs tikrai daugiau niekuomet nenuobod\u017eiausite!\" \/>\n<meta name=\"robots\" content=\"index, follow, max-snippet:-1, max-image-preview:large, max-video-preview:-1\" \/>\n<link rel=\"canonical\" href=\"https:\/\/skaitytaknyga.lt\/en\/produktas\/__trashed-98\/\" \/>\n<meta property=\"og:locale\" content=\"en_GB\" \/>\n<meta property=\"og:locale:alternate\" content=\"lt_LT\" \/>\n<meta property=\"og:type\" content=\"article\" \/>\n<meta property=\"og:title\" content=\"Did\u017eioji \u017eaidim\u0173 knyga\" \/>\n<meta property=\"og:description\" content=\"Net 500 greit\u0173 ir l\u0117t\u0173, porini\u0173 ir komandini\u0173, vaik\u0173 ir suaugusi\u0173j\u0173 \u017eaidim\u0173. \u0160i knyga skirta vakar\u0117lio, renginio arba bet kokio draug\u0173 susib\u016brimo organizatoriui, kuriam r\u016bpi, kad sve\u010diams neb\u016bt\u0173 nuobodu. Knyga skirta visiems, kurie nori smagiai praleisti laik\u0105! Viskas paprasta kaip du kart du: atsiversk bet kur\u012f puslap\u012f ir tapk patyrusiu rengini\u0173 organizatoriumi! J\u016bs\u0173 rankose \u2013 net 500 \u017eaidim\u0173 visokio am\u017eiaus, i\u0161silavinimo ir sugeb\u0117jim\u0173 \u017emon\u0117ms. Garantuojame viena: J\u016bs tikrai daugiau niekuomet nenuobod\u017eiausite!\" \/>\n<meta property=\"og:url\" content=\"https:\/\/skaitytaknyga.lt\/en\/produktas\/__trashed-98\/\" \/>\n<meta property=\"og:site_name\" content=\"Skaitytaknyga\" \/>\n<meta property=\"article:publisher\" content=\"https:\/\/www.facebook.com\/skaitytaknyga\/\" \/>\n<meta property=\"article:modified_time\" content=\"2025-09-05T13:55:55+00:00\" \/>\n<meta property=\"og:image\" content=\"https:\/\/skaitytaknyga.lt\/wp-content\/uploads\/2024\/04\/1502195280_didzioji_zaidimu_knyga_z1.jpg\" \/>\n\t<meta property=\"og:image:width\" content=\"320\" \/>\n\t<meta property=\"og:image:height\" content=\"317\" \/>\n\t<meta property=\"og:image:type\" content=\"image\/jpeg\" \/>\n<meta name=\"twitter:card\" content=\"summary_large_image\" \/>\n<script type=\"application\/ld+json\" class=\"yoast-schema-graph\">{\"@context\":\"https:\\\/\\\/schema.org\",\"@graph\":[{\"@type\":\"WebPage\",\"@id\":\"https:\\\/\\\/skaitytaknyga.lt\\\/produktas\\\/__trashed-98\\\/\",\"url\":\"https:\\\/\\\/skaitytaknyga.lt\\\/produktas\\\/__trashed-98\\\/\",\"name\":\"Did\u017eioji \u017eaidim\u0173 knyga\",\"isPartOf\":{\"@id\":\"https:\\\/\\\/skaitytaknyga.lt\\\/#website\"},\"primaryImageOfPage\":{\"@id\":\"https:\\\/\\\/skaitytaknyga.lt\\\/produktas\\\/__trashed-98\\\/#primaryimage\"},\"image\":{\"@id\":\"https:\\\/\\\/skaitytaknyga.lt\\\/produktas\\\/__trashed-98\\\/#primaryimage\"},\"thumbnailUrl\":\"https:\\\/\\\/skaitytaknyga.lt\\\/wp-content\\\/uploads\\\/2024\\\/04\\\/1502195280_didzioji_zaidimu_knyga_z1.jpg\",\"datePublished\":\"2024-04-17T13:39:34+00:00\",\"dateModified\":\"2025-09-05T13:55:55+00:00\",\"description\":\"Net 500 greit\u0173 ir l\u0117t\u0173, porini\u0173 ir komandini\u0173, vaik\u0173 ir suaugusi\u0173j\u0173 \u017eaidim\u0173. \u0160i knyga skirta vakar\u0117lio, renginio arba bet kokio draug\u0173 susib\u016brimo organizatoriui, kuriam r\u016bpi, kad sve\u010diams neb\u016bt\u0173 nuobodu. Knyga skirta visiems, kurie nori smagiai praleisti laik\u0105! Viskas paprasta kaip du kart du: atsiversk bet kur\u012f puslap\u012f ir tapk patyrusiu rengini\u0173 organizatoriumi! J\u016bs\u0173 rankose \u2013 net 500 \u017eaidim\u0173 visokio am\u017eiaus, i\u0161silavinimo ir sugeb\u0117jim\u0173 \u017emon\u0117ms. Garantuojame viena: J\u016bs tikrai daugiau niekuomet nenuobod\u017eiausite!\",\"breadcrumb\":{\"@id\":\"https:\\\/\\\/skaitytaknyga.lt\\\/produktas\\\/__trashed-98\\\/#breadcrumb\"},\"inLanguage\":\"en-GB\",\"potentialAction\":[{\"@type\":\"ReadAction\",\"target\":[\"https:\\\/\\\/skaitytaknyga.lt\\\/produktas\\\/__trashed-98\\\/\"]}]},{\"@type\":\"ImageObject\",\"inLanguage\":\"en-GB\",\"@id\":\"https:\\\/\\\/skaitytaknyga.lt\\\/produktas\\\/__trashed-98\\\/#primaryimage\",\"url\":\"https:\\\/\\\/skaitytaknyga.lt\\\/wp-content\\\/uploads\\\/2024\\\/04\\\/1502195280_didzioji_zaidimu_knyga_z1.jpg\",\"contentUrl\":\"https:\\\/\\\/skaitytaknyga.lt\\\/wp-content\\\/uploads\\\/2024\\\/04\\\/1502195280_didzioji_zaidimu_knyga_z1.jpg\",\"width\":320,\"height\":317,\"caption\":\"1502195280 didzioji zaidimu knyga z1\"},{\"@type\":\"BreadcrumbList\",\"@id\":\"https:\\\/\\\/skaitytaknyga.lt\\\/produktas\\\/__trashed-98\\\/#breadcrumb\",\"itemListElement\":[{\"@type\":\"ListItem\",\"position\":1,\"name\":\"Home\",\"item\":\"https:\\\/\\\/skaitytaknyga.lt\\\/\"},{\"@type\":\"ListItem\",\"position\":2,\"name\":\"Parduotuv\u0117\",\"item\":\"https:\\\/\\\/skaitytaknyga.lt\\\/knygu-parduotuve\\\/\"},{\"@type\":\"ListItem\",\"position\":3,\"name\":\"Did\u017eioji \u017eaidim\u0173 knyga\"}]},{\"@type\":\"WebSite\",\"@id\":\"https:\\\/\\\/skaitytaknyga.lt\\\/#website\",\"url\":\"https:\\\/\\\/skaitytaknyga.lt\\\/\",\"name\":\"skaitytaknyga.lt\",\"description\":\"Skaitytaknyga.lt \u2013 tai ma\u017eas \u0161eimos verslas, kuris prasid\u0117jo nuo meil\u0117s knygoms ir siekio i\u0161gelb\u0117ti knygas nuo likimo prie konteinerio. Kas vienam nereikalingas daiktas \u2013 kitam lobis, o mes esame tarpininkai, kurie padeda abiems tapti laimingesniems ???? \u017dinome kaip nelengva i\u0161gyventi ma\u017eiems verslams, tad nuo \u0161iol, \u010dia rasite ir kit\u0173, ma\u017e\u0173 \u0161eim\u0173 versl\u0173, rank\u0173 darbo, dovan\u0173 sau ir artimiesiems.\",\"publisher\":{\"@id\":\"https:\\\/\\\/skaitytaknyga.lt\\\/#organization\"},\"potentialAction\":[{\"@type\":\"SearchAction\",\"target\":{\"@type\":\"EntryPoint\",\"urlTemplate\":\"https:\\\/\\\/skaitytaknyga.lt\\\/?s={search_term_string}\"},\"query-input\":{\"@type\":\"PropertyValueSpecification\",\"valueRequired\":true,\"valueName\":\"search_term_string\"}}],\"inLanguage\":\"en-GB\"},{\"@type\":\"Organization\",\"@id\":\"https:\\\/\\\/skaitytaknyga.lt\\\/#organization\",\"name\":\"skaitytaknyga.lt\",\"url\":\"https:\\\/\\\/skaitytaknyga.lt\\\/\",\"logo\":{\"@type\":\"ImageObject\",\"inLanguage\":\"en-GB\",\"@id\":\"https:\\\/\\\/skaitytaknyga.lt\\\/#\\\/schema\\\/logo\\\/image\\\/\",\"url\":\"https:\\\/\\\/skaitytaknyga.lt\\\/wp-content\\\/uploads\\\/2024\\\/05\\\/cropped-cropped-cropped-02_00843_jt3bggkj1j3HLc7SyY6rEUpg.jpeg\",\"contentUrl\":\"https:\\\/\\\/skaitytaknyga.lt\\\/wp-content\\\/uploads\\\/2024\\\/05\\\/cropped-cropped-cropped-02_00843_jt3bggkj1j3HLc7SyY6rEUpg.jpeg\",\"width\":1600,\"height\":1600,\"caption\":\"skaitytaknyga.lt\"},\"image\":{\"@id\":\"https:\\\/\\\/skaitytaknyga.lt\\\/#\\\/schema\\\/logo\\\/image\\\/\"},\"sameAs\":[\"https:\\\/\\\/www.facebook.com\\\/skaitytaknyga\\\/\"]}]}<\/script>\n<!-- \/ Yoast SEO plugin. -->","yoast_head_json":{"title":"Did\u017eioji \u017eaidim\u0173 knyga","description":"Net 500 greit\u0173 ir l\u0117t\u0173, porini\u0173 ir komandini\u0173, vaik\u0173 ir suaugusi\u0173j\u0173 \u017eaidim\u0173. \u0160i knyga skirta vakar\u0117lio, renginio arba bet kokio draug\u0173 susib\u016brimo organizatoriui, kuriam r\u016bpi, kad sve\u010diams neb\u016bt\u0173 nuobodu. Knyga skirta visiems, kurie nori smagiai praleisti laik\u0105! Viskas paprasta kaip du kart du: atsiversk bet kur\u012f puslap\u012f ir tapk patyrusiu rengini\u0173 organizatoriumi! J\u016bs\u0173 rankose \u2013 net 500 \u017eaidim\u0173 visokio am\u017eiaus, i\u0161silavinimo ir sugeb\u0117jim\u0173 \u017emon\u0117ms. Garantuojame viena: J\u016bs tikrai daugiau niekuomet nenuobod\u017eiausite!","robots":{"index":"index","follow":"follow","max-snippet":"max-snippet:-1","max-image-preview":"max-image-preview:large","max-video-preview":"max-video-preview:-1"},"canonical":"https:\/\/skaitytaknyga.lt\/en\/produktas\/__trashed-98\/","og_locale":"en_GB","og_type":"article","og_title":"[:lt]Did\u017eioji \u017eaidim\u0173 knyga[:] - Skaitytaknyga","og_description":"Net 500 greit\u0173 ir l\u0117t\u0173, porini\u0173 ir komandini\u0173, vaik\u0173 ir suaugusi\u0173j\u0173 \u017eaidim\u0173. \u0160i knyga skirta vakar\u0117lio, renginio arba bet kokio draug\u0173 susib\u016brimo organizatoriui, kuriam r\u016bpi, kad sve\u010diams neb\u016bt\u0173 nuobodu. Knyga skirta visiems, kurie nori smagiai praleisti laik\u0105! Viskas paprasta kaip du kart du: atsiversk bet kur\u012f puslap\u012f ir tapk patyrusiu rengini\u0173 organizatoriumi! J\u016bs\u0173 rankose \u2013 net 500 \u017eaidim\u0173 visokio am\u017eiaus, i\u0161silavinimo ir sugeb\u0117jim\u0173 \u017emon\u0117ms. Garantuojame viena: J\u016bs tikrai daugiau niekuomet nenuobod\u017eiausite!","og_url":"https:\/\/skaitytaknyga.lt\/en\/produktas\/__trashed-98\/","og_site_name":"Skaitytaknyga","article_publisher":"https:\/\/www.facebook.com\/skaitytaknyga\/","article_modified_time":"2025-09-05T13:55:55+00:00","og_image":[{"width":320,"height":317,"url":"https:\/\/skaitytaknyga.lt\/wp-content\/uploads\/2024\/04\/1502195280_didzioji_zaidimu_knyga_z1.jpg","type":"image\/jpeg"}],"twitter_card":"summary_large_image","schema":{"@context":"https:\/\/schema.org","@graph":[{"@type":"WebPage","@id":"https:\/\/skaitytaknyga.lt\/produktas\/__trashed-98\/","url":"https:\/\/skaitytaknyga.lt\/produktas\/__trashed-98\/","name":"Did\u017eioji \u017eaidim\u0173 knyga","isPartOf":{"@id":"https:\/\/skaitytaknyga.lt\/#website"},"primaryImageOfPage":{"@id":"https:\/\/skaitytaknyga.lt\/produktas\/__trashed-98\/#primaryimage"},"image":{"@id":"https:\/\/skaitytaknyga.lt\/produktas\/__trashed-98\/#primaryimage"},"thumbnailUrl":"https:\/\/skaitytaknyga.lt\/wp-content\/uploads\/2024\/04\/1502195280_didzioji_zaidimu_knyga_z1.jpg","datePublished":"2024-04-17T13:39:34+00:00","dateModified":"2025-09-05T13:55:55+00:00","description":"Net 500 greit\u0173 ir l\u0117t\u0173, porini\u0173 ir komandini\u0173, vaik\u0173 ir suaugusi\u0173j\u0173 \u017eaidim\u0173. \u0160i knyga skirta vakar\u0117lio, renginio arba bet kokio draug\u0173 susib\u016brimo organizatoriui, kuriam r\u016bpi, kad sve\u010diams neb\u016bt\u0173 nuobodu. Knyga skirta visiems, kurie nori smagiai praleisti laik\u0105! Viskas paprasta kaip du kart du: atsiversk bet kur\u012f puslap\u012f ir tapk patyrusiu rengini\u0173 organizatoriumi! J\u016bs\u0173 rankose \u2013 net 500 \u017eaidim\u0173 visokio am\u017eiaus, i\u0161silavinimo ir sugeb\u0117jim\u0173 \u017emon\u0117ms. Garantuojame viena: J\u016bs tikrai daugiau niekuomet nenuobod\u017eiausite!","breadcrumb":{"@id":"https:\/\/skaitytaknyga.lt\/produktas\/__trashed-98\/#breadcrumb"},"inLanguage":"en-GB","potentialAction":[{"@type":"ReadAction","target":["https:\/\/skaitytaknyga.lt\/produktas\/__trashed-98\/"]}]},{"@type":"ImageObject","inLanguage":"en-GB","@id":"https:\/\/skaitytaknyga.lt\/produktas\/__trashed-98\/#primaryimage","url":"https:\/\/skaitytaknyga.lt\/wp-content\/uploads\/2024\/04\/1502195280_didzioji_zaidimu_knyga_z1.jpg","contentUrl":"https:\/\/skaitytaknyga.lt\/wp-content\/uploads\/2024\/04\/1502195280_didzioji_zaidimu_knyga_z1.jpg","width":320,"height":317,"caption":"1502195280 didzioji zaidimu knyga z1"},{"@type":"BreadcrumbList","@id":"https:\/\/skaitytaknyga.lt\/produktas\/__trashed-98\/#breadcrumb","itemListElement":[{"@type":"ListItem","position":1,"name":"Home","item":"https:\/\/skaitytaknyga.lt\/"},{"@type":"ListItem","position":2,"name":"Parduotuv\u0117","item":"https:\/\/skaitytaknyga.lt\/knygu-parduotuve\/"},{"@type":"ListItem","position":3,"name":"Did\u017eioji \u017eaidim\u0173 knyga"}]},{"@type":"WebSite","@id":"https:\/\/skaitytaknyga.lt\/#website","url":"https:\/\/skaitytaknyga.lt\/","name":"skaitytaknyga.lt","description":"Skaitytaknyga.lt \u2013 tai ma\u017eas \u0161eimos verslas, kuris prasid\u0117jo nuo meil\u0117s knygoms ir siekio i\u0161gelb\u0117ti knygas nuo likimo prie konteinerio. Kas vienam nereikalingas daiktas \u2013 kitam lobis, o mes esame tarpininkai, kurie padeda abiems tapti laimingesniems ???? \u017dinome kaip nelengva i\u0161gyventi ma\u017eiems verslams, tad nuo \u0161iol, \u010dia rasite ir kit\u0173, ma\u017e\u0173 \u0161eim\u0173 versl\u0173, rank\u0173 darbo, dovan\u0173 sau ir artimiesiems.","publisher":{"@id":"https:\/\/skaitytaknyga.lt\/#organization"},"potentialAction":[{"@type":"SearchAction","target":{"@type":"EntryPoint","urlTemplate":"https:\/\/skaitytaknyga.lt\/?s={search_term_string}"},"query-input":{"@type":"PropertyValueSpecification","valueRequired":true,"valueName":"search_term_string"}}],"inLanguage":"en-GB"},{"@type":"Organization","@id":"https:\/\/skaitytaknyga.lt\/#organization","name":"skaitytaknyga.lt","url":"https:\/\/skaitytaknyga.lt\/","logo":{"@type":"ImageObject","inLanguage":"en-GB","@id":"https:\/\/skaitytaknyga.lt\/#\/schema\/logo\/image\/","url":"https:\/\/skaitytaknyga.lt\/wp-content\/uploads\/2024\/05\/cropped-cropped-cropped-02_00843_jt3bggkj1j3HLc7SyY6rEUpg.jpeg","contentUrl":"https:\/\/skaitytaknyga.lt\/wp-content\/uploads\/2024\/05\/cropped-cropped-cropped-02_00843_jt3bggkj1j3HLc7SyY6rEUpg.jpeg","width":1600,"height":1600,"caption":"skaitytaknyga.lt"},"image":{"@id":"https:\/\/skaitytaknyga.lt\/#\/schema\/logo\/image\/"},"sameAs":["https:\/\/www.facebook.com\/skaitytaknyga\/"]}]}},"_links":{"self":[{"href":"https:\/\/skaitytaknyga.lt\/en\/wp-json\/wp\/v2\/product\/3927","targetHints":{"allow":["GET"]}}],"collection":[{"href":"https:\/\/skaitytaknyga.lt\/en\/wp-json\/wp\/v2\/product"}],"about":[{"href":"https:\/\/skaitytaknyga.lt\/en\/wp-json\/wp\/v2\/types\/product"}],"replies":[{"embeddable":true,"href":"https:\/\/skaitytaknyga.lt\/en\/wp-json\/wp\/v2\/comments?post=3927"}],"wp:featuredmedia":[{"embeddable":true,"href":"https:\/\/skaitytaknyga.lt\/en\/wp-json\/wp\/v2\/media\/3957"}],"wp:attachment":[{"href":"https:\/\/skaitytaknyga.lt\/en\/wp-json\/wp\/v2\/media?parent=3927"}],"wp:term":[{"taxonomy":"product_brand","embeddable":true,"href":"https:\/\/skaitytaknyga.lt\/en\/wp-json\/wp\/v2\/product_brand?post=3927"},{"taxonomy":"product_cat","embeddable":true,"href":"https:\/\/skaitytaknyga.lt\/en\/wp-json\/wp\/v2\/product_cat?post=3927"},{"taxonomy":"product_tag","embeddable":true,"href":"https:\/\/skaitytaknyga.lt\/en\/wp-json\/wp\/v2\/product_tag?post=3927"}],"curies":[{"name":"wp","href":"https:\/\/api.w.org\/{rel}","templated":true}]}}