{"id":3920,"date":"2024-04-17T16:39:33","date_gmt":"2024-04-17T13:39:33","guid":{"rendered":"https:\/\/skaitytaknyga.lt\/?post_type=product&#038;p=3920"},"modified":"2025-05-13T14:58:14","modified_gmt":"2025-05-13T11:58:14","slug":"__trashed-103","status":"publish","type":"product","link":"https:\/\/skaitytaknyga.lt\/en\/produktas\/__trashed-103\/","title":{"rendered":"Globali jausmo proto dvasia"},"content":{"rendered":"<p>Knyga \u201eGlobali jausmo proto dvasia\u201c skirta visiems gyvenimo mokiniams ir mokytojams: kiekvienam \u017emogui ir visai \u0161viesiai visuomenei, kuriems r\u016bpi s\u0105moningai kurti harmoning\u0105 \u017emonijos ateit\u012f. Autorius, remdamasis savo patirtimi, kalba apie tai, kaip metodi\u0161kai tarp \u017emoni\u0173 kuriama dvasin\u0117 sistema, kokiomis nuostatomis \u0161iandien b\u016btina vadovautis \u0161eimoje, \u012fmon\u0117je, valstyb\u0117je, globaliame pasaulyje. Knyga gali tapti sielos dvasios transformacijos \u2013 per\u0117jimo \u012f kokybi\u0161kesn\u0119 b\u016bsen\u0105 \u2013 kursu. Knygos autorius \u2013 Augustinas Rakauskas, Lietuvos verslininkas, prekybos tinklo \u201eSenukai\u201c, \u201eVisuomen\u0117s harmonizavimo parko\u201c \u012fk\u016br\u0117jas, \u201e\u017dini\u0173 radijo\u201c savininkas ir radijo laidos \u201eVerslumo dvasia\u201c autorius.<\/p>\n","protected":false},"excerpt":{"rendered":"<p>MA\u017dA D\u0116M\u0116 KAMPE<\/p>\n<p>Knyga \u201eGlobali jausmo proto dvasia\u201c skirta visiems gyvenimo mokiniams ir mokytojams: kiekvienam \u017emogui ir visai \u0161viesiai visuomenei, kuriems r\u016bpi s\u0105moningai kurti harmoning\u0105 \u017emonijos ateit\u012f. Autorius, remdamasis savo patirtimi, kalba apie tai, kaip metodi\u0161kai tarp \u017emoni\u0173 kuriama dvasin\u0117 sistema, kokiomis nuostatomis \u0161iandien b\u016btina vadovautis \u0161eimoje, \u012fmon\u0117je, valstyb\u0117je, globaliame pasaulyje. Knyga gali tapti sielos dvasios transformacijos \u2013 per\u0117jimo \u012f kokybi\u0161kesn\u0119 b\u016bsen\u0105 \u2013 kursu. Knygos autorius \u2013 Augustinas Rakauskas, Lietuvos verslininkas, prekybos tinklo \u201eSenukai\u201c, \u201eVisuomen\u0117s harmonizavimo parko\u201c \u012fk\u016br\u0117jas, \u201e\u017dini\u0173 radijo\u201c savininkas ir radijo laidos \u201eVerslumo dvasia\u201c autorius.<\/p>\n","protected":false},"featured_media":3950,"comment_status":"closed","ping_status":"closed","template":"","meta":{"_acf_changed":false,"site-sidebar-layout":"default","site-content-layout":"","ast-site-content-layout":"default","site-content-style":"default","site-sidebar-style":"default","ast-global-header-display":"","ast-banner-title-visibility":"","ast-main-header-display":"","ast-hfb-above-header-display":"","ast-hfb-below-header-display":"","ast-hfb-mobile-header-display":"","site-post-title":"","ast-breadcrumbs-content":"","ast-featured-img":"","footer-sml-layout":"","ast-disable-related-posts":"","theme-transparent-header-meta":"","adv-header-id-meta":"","stick-header-meta":"","header-above-stick-meta":"","header-main-stick-meta":"","header-below-stick-meta":"","astra-migrate-meta-layouts":"default","ast-page-background-enabled":"default","ast-page-background-meta":{"desktop":{"background-color":"","background-image":"","background-repeat":"repeat","background-position":"center center","background-size":"auto","background-attachment":"scroll","background-type":"","background-media":"","overlay-type":"","overlay-color":"","overlay-opacity":"","overlay-gradient":""},"tablet":{"background-color":"","background-image":"","background-repeat":"repeat","background-position":"center center","background-size":"auto","background-attachment":"scroll","background-type":"","background-media":"","overlay-type":"","overlay-color":"","overlay-opacity":"","overlay-gradient":""},"mobile":{"background-color":"","background-image":"","background-repeat":"repeat","background-position":"center center","background-size":"auto","background-attachment":"scroll","background-type":"","background-media":"","overlay-type":"","overlay-color":"","overlay-opacity":"","overlay-gradient":""}},"ast-content-background-meta":{"desktop":{"background-color":"var(--ast-global-color-4)","background-image":"","background-repeat":"repeat","background-position":"center center","background-size":"auto","background-attachment":"scroll","background-type":"","background-media":"","overlay-type":"","overlay-color":"","overlay-opacity":"","overlay-gradient":""},"tablet":{"background-color":"var(--ast-global-color-4)","background-image":"","background-repeat":"repeat","background-position":"center center","background-size":"auto","background-attachment":"scroll","background-type":"","background-media":"","overlay-type":"","overlay-color":"","overlay-opacity":"","overlay-gradient":""},"mobile":{"background-color":"var(--ast-global-color-4)","background-image":"","background-repeat":"repeat","background-position":"center center","background-size":"auto","background-attachment":"scroll","background-type":"","background-media":"","overlay-type":"","overlay-color":"","overlay-opacity":"","overlay-gradient":""}}},"product_brand":[],"product_cat":[165],"product_tag":[2377,2373,1467,2372,2374,2376,2375],"class_list":{"0":"post-3920","1":"product","2":"type-product","3":"status-publish","4":"has-post-thumbnail","6":"product_cat-religija-filosofija-ir-ezoterika","7":"product_tag-augustinas-rakauskas","8":"product_tag-dvasia","9":"product_tag-filosofija","10":"product_tag-globalizacija","11":"product_tag-jausmas","12":"product_tag-kultura","13":"product_tag-mastymas","14":"desktop-align-left","15":"tablet-align-left","16":"mobile-align-left","18":"first","19":"instock","20":"shipping-taxable","21":"purchasable","22":"product-type-simple"},"acf":[],"yoast_head":"<!-- This site is optimized with the Yoast SEO plugin v27.0 - https:\/\/yoast.com\/product\/yoast-seo-wordpress\/ -->\n<title>Globali jausmo proto dvasia<\/title>\n<meta name=\"description\" content=\"MA\u017dA D\u0116M\u0116 KAMPE  Knyga \u201eGlobali jausmo proto dvasia\u201c skirta visiems gyvenimo mokiniams ir mokytojams: kiekvienam \u017emogui ir visai \u0161viesiai visuomenei, kuriems r\u016bpi s\u0105moningai kurti harmoning\u0105 \u017emonijos ateit\u012f. Autorius, remdamasis savo patirtimi, kalba apie tai, kaip metodi\u0161kai tarp \u017emoni\u0173 kuriama dvasin\u0117 sistema, kokiomis nuostatomis \u0161iandien b\u016btina vadovautis \u0161eimoje, \u012fmon\u0117je, valstyb\u0117je, globaliame pasaulyje. Knyga gali tapti sielos dvasios transformacijos \u2013 per\u0117jimo \u012f kokybi\u0161kesn\u0119 b\u016bsen\u0105 \u2013 kursu. Knygos autorius \u2013 Augustinas Rakauskas, Lietuvos verslininkas, prekybos tinklo \u201eSenukai\u201c, \u201eVisuomen\u0117s harmonizavimo parko\u201c \u012fk\u016br\u0117jas, \u201e\u017dini\u0173 radijo\u201c savininkas ir radijo laidos \u201eVerslumo dvasia\u201c autorius.\" \/>\n<meta name=\"robots\" content=\"index, follow, max-snippet:-1, max-image-preview:large, max-video-preview:-1\" \/>\n<link rel=\"canonical\" href=\"https:\/\/skaitytaknyga.lt\/en\/produktas\/__trashed-103\/\" \/>\n<meta property=\"og:locale\" content=\"en_GB\" \/>\n<meta property=\"og:locale:alternate\" content=\"lt_LT\" \/>\n<meta property=\"og:type\" content=\"article\" \/>\n<meta property=\"og:title\" content=\"Globali jausmo proto dvasia\" \/>\n<meta property=\"og:description\" content=\"MA\u017dA D\u0116M\u0116 KAMPE  Knyga \u201eGlobali jausmo proto dvasia\u201c skirta visiems gyvenimo mokiniams ir mokytojams: kiekvienam \u017emogui ir visai \u0161viesiai visuomenei, kuriems r\u016bpi s\u0105moningai kurti harmoning\u0105 \u017emonijos ateit\u012f. Autorius, remdamasis savo patirtimi, kalba apie tai, kaip metodi\u0161kai tarp \u017emoni\u0173 kuriama dvasin\u0117 sistema, kokiomis nuostatomis \u0161iandien b\u016btina vadovautis \u0161eimoje, \u012fmon\u0117je, valstyb\u0117je, globaliame pasaulyje. Knyga gali tapti sielos dvasios transformacijos \u2013 per\u0117jimo \u012f kokybi\u0161kesn\u0119 b\u016bsen\u0105 \u2013 kursu. Knygos autorius \u2013 Augustinas Rakauskas, Lietuvos verslininkas, prekybos tinklo \u201eSenukai\u201c, \u201eVisuomen\u0117s harmonizavimo parko\u201c \u012fk\u016br\u0117jas, \u201e\u017dini\u0173 radijo\u201c savininkas ir radijo laidos \u201eVerslumo dvasia\u201c autorius.\" \/>\n<meta property=\"og:url\" content=\"https:\/\/skaitytaknyga.lt\/en\/produktas\/__trashed-103\/\" \/>\n<meta property=\"og:site_name\" content=\"Skaitytaknyga\" \/>\n<meta property=\"article:publisher\" content=\"https:\/\/www.facebook.com\/skaitytaknyga\/\" \/>\n<meta property=\"article:modified_time\" content=\"2025-05-13T11:58:14+00:00\" \/>\n<meta property=\"og:image\" content=\"https:\/\/skaitytaknyga.lt\/wp-content\/uploads\/2024\/04\/000000000002158692-59de835fcb451-asset-knyguklubas-cdb_9786094086090_globali-jausmo-proto-dvasia_p1.jpg\" \/>\n\t<meta property=\"og:image:width\" content=\"285\" \/>\n\t<meta property=\"og:image:height\" content=\"405\" \/>\n\t<meta property=\"og:image:type\" content=\"image\/jpeg\" \/>\n<meta name=\"twitter:card\" content=\"summary_large_image\" \/>\n<script type=\"application\/ld+json\" class=\"yoast-schema-graph\">{\"@context\":\"https:\/\/schema.org\",\"@graph\":[{\"@type\":\"WebPage\",\"@id\":\"https:\/\/skaitytaknyga.lt\/produktas\/__trashed-103\/\",\"url\":\"https:\/\/skaitytaknyga.lt\/produktas\/__trashed-103\/\",\"name\":\"Globali jausmo proto dvasia\",\"isPartOf\":{\"@id\":\"https:\/\/skaitytaknyga.lt\/#website\"},\"primaryImageOfPage\":{\"@id\":\"https:\/\/skaitytaknyga.lt\/produktas\/__trashed-103\/#primaryimage\"},\"image\":{\"@id\":\"https:\/\/skaitytaknyga.lt\/produktas\/__trashed-103\/#primaryimage\"},\"thumbnailUrl\":\"https:\/\/skaitytaknyga.lt\/wp-content\/uploads\/2024\/04\/000000000002158692-59de835fcb451-asset-knyguklubas-cdb_9786094086090_globali-jausmo-proto-dvasia_p1.jpg\",\"datePublished\":\"2024-04-17T13:39:33+00:00\",\"dateModified\":\"2025-05-13T11:58:14+00:00\",\"description\":\"MA\u017dA D\u0116M\u0116 KAMPE Knyga \u201eGlobali jausmo proto dvasia\u201c skirta visiems gyvenimo mokiniams ir mokytojams: kiekvienam \u017emogui ir visai \u0161viesiai visuomenei, kuriems r\u016bpi s\u0105moningai kurti harmoning\u0105 \u017emonijos ateit\u012f. Autorius, remdamasis savo patirtimi, kalba apie tai, kaip metodi\u0161kai tarp \u017emoni\u0173 kuriama dvasin\u0117 sistema, kokiomis nuostatomis \u0161iandien b\u016btina vadovautis \u0161eimoje, \u012fmon\u0117je, valstyb\u0117je, globaliame pasaulyje. Knyga gali tapti sielos dvasios transformacijos \u2013 per\u0117jimo \u012f kokybi\u0161kesn\u0119 b\u016bsen\u0105 \u2013 kursu. Knygos autorius \u2013 Augustinas Rakauskas, Lietuvos verslininkas, prekybos tinklo \u201eSenukai\u201c, \u201eVisuomen\u0117s harmonizavimo parko\u201c \u012fk\u016br\u0117jas, \u201e\u017dini\u0173 radijo\u201c savininkas ir radijo laidos \u201eVerslumo dvasia\u201c autorius.\",\"breadcrumb\":{\"@id\":\"https:\/\/skaitytaknyga.lt\/produktas\/__trashed-103\/#breadcrumb\"},\"inLanguage\":\"en-GB\",\"potentialAction\":[{\"@type\":\"ReadAction\",\"target\":[\"https:\/\/skaitytaknyga.lt\/produktas\/__trashed-103\/\"]}]},{\"@type\":\"ImageObject\",\"inLanguage\":\"en-GB\",\"@id\":\"https:\/\/skaitytaknyga.lt\/produktas\/__trashed-103\/#primaryimage\",\"url\":\"https:\/\/skaitytaknyga.lt\/wp-content\/uploads\/2024\/04\/000000000002158692-59de835fcb451-asset-knyguklubas-cdb_9786094086090_globali-jausmo-proto-dvasia_p1.jpg\",\"contentUrl\":\"https:\/\/skaitytaknyga.lt\/wp-content\/uploads\/2024\/04\/000000000002158692-59de835fcb451-asset-knyguklubas-cdb_9786094086090_globali-jausmo-proto-dvasia_p1.jpg\",\"width\":285,\"height\":405,\"caption\":\"000000000002158692 59de835fcb451 asset knyguklubas cdb 9786094086090 globali jausmo proto dvasia p1\"},{\"@type\":\"BreadcrumbList\",\"@id\":\"https:\/\/skaitytaknyga.lt\/produktas\/__trashed-103\/#breadcrumb\",\"itemListElement\":[{\"@type\":\"ListItem\",\"position\":1,\"name\":\"Home\",\"item\":\"https:\/\/skaitytaknyga.lt\/\"},{\"@type\":\"ListItem\",\"position\":2,\"name\":\"Parduotuv\u0117\",\"item\":\"https:\/\/skaitytaknyga.lt\/knygu-parduotuve\/\"},{\"@type\":\"ListItem\",\"position\":3,\"name\":\"Globali jausmo proto dvasia\"}]},{\"@type\":\"WebSite\",\"@id\":\"https:\/\/skaitytaknyga.lt\/#website\",\"url\":\"https:\/\/skaitytaknyga.lt\/\",\"name\":\"skaitytaknyga.lt\",\"description\":\"Skaitytaknyga.lt \u2013 tai ma\u017eas \u0161eimos verslas, kuris prasid\u0117jo nuo meil\u0117s knygoms ir siekio i\u0161gelb\u0117ti knygas nuo likimo prie konteinerio. Kas vienam nereikalingas daiktas \u2013 kitam lobis, o mes esame tarpininkai, kurie padeda abiems tapti laimingesniems ???? \u017dinome kaip nelengva i\u0161gyventi ma\u017eiems verslams, tad nuo \u0161iol, \u010dia rasite ir kit\u0173, ma\u017e\u0173 \u0161eim\u0173 versl\u0173, rank\u0173 darbo, dovan\u0173 sau ir artimiesiems.\",\"publisher\":{\"@id\":\"https:\/\/skaitytaknyga.lt\/#organization\"},\"potentialAction\":[{\"@type\":\"SearchAction\",\"target\":{\"@type\":\"EntryPoint\",\"urlTemplate\":\"https:\/\/skaitytaknyga.lt\/?s={search_term_string}\"},\"query-input\":{\"@type\":\"PropertyValueSpecification\",\"valueRequired\":true,\"valueName\":\"search_term_string\"}}],\"inLanguage\":\"en-GB\"},{\"@type\":\"Organization\",\"@id\":\"https:\/\/skaitytaknyga.lt\/#organization\",\"name\":\"skaitytaknyga.lt\",\"url\":\"https:\/\/skaitytaknyga.lt\/\",\"logo\":{\"@type\":\"ImageObject\",\"inLanguage\":\"en-GB\",\"@id\":\"https:\/\/skaitytaknyga.lt\/#\/schema\/logo\/image\/\",\"url\":\"https:\/\/skaitytaknyga.lt\/wp-content\/uploads\/2024\/05\/cropped-cropped-cropped-02_00843_jt3bggkj1j3HLc7SyY6rEUpg.jpeg\",\"contentUrl\":\"https:\/\/skaitytaknyga.lt\/wp-content\/uploads\/2024\/05\/cropped-cropped-cropped-02_00843_jt3bggkj1j3HLc7SyY6rEUpg.jpeg\",\"width\":1600,\"height\":1600,\"caption\":\"skaitytaknyga.lt\"},\"image\":{\"@id\":\"https:\/\/skaitytaknyga.lt\/#\/schema\/logo\/image\/\"},\"sameAs\":[\"https:\/\/www.facebook.com\/skaitytaknyga\/\"]}]}<\/script>\n<!-- \/ Yoast SEO plugin. -->","yoast_head_json":{"title":"Globali jausmo proto dvasia","description":"MA\u017dA D\u0116M\u0116 KAMPE  Knyga \u201eGlobali jausmo proto dvasia\u201c skirta visiems gyvenimo mokiniams ir mokytojams: kiekvienam \u017emogui ir visai \u0161viesiai visuomenei, kuriems r\u016bpi s\u0105moningai kurti harmoning\u0105 \u017emonijos ateit\u012f. Autorius, remdamasis savo patirtimi, kalba apie tai, kaip metodi\u0161kai tarp \u017emoni\u0173 kuriama dvasin\u0117 sistema, kokiomis nuostatomis \u0161iandien b\u016btina vadovautis \u0161eimoje, \u012fmon\u0117je, valstyb\u0117je, globaliame pasaulyje. Knyga gali tapti sielos dvasios transformacijos \u2013 per\u0117jimo \u012f kokybi\u0161kesn\u0119 b\u016bsen\u0105 \u2013 kursu. Knygos autorius \u2013 Augustinas Rakauskas, Lietuvos verslininkas, prekybos tinklo \u201eSenukai\u201c, \u201eVisuomen\u0117s harmonizavimo parko\u201c \u012fk\u016br\u0117jas, \u201e\u017dini\u0173 radijo\u201c savininkas ir radijo laidos \u201eVerslumo dvasia\u201c autorius.","robots":{"index":"index","follow":"follow","max-snippet":"max-snippet:-1","max-image-preview":"max-image-preview:large","max-video-preview":"max-video-preview:-1"},"canonical":"https:\/\/skaitytaknyga.lt\/en\/produktas\/__trashed-103\/","og_locale":"en_GB","og_type":"article","og_title":"[:lt]Globali jausmo proto dvasia[:] - Skaitytaknyga","og_description":"MA\u017dA D\u0116M\u0116 KAMPE  Knyga \u201eGlobali jausmo proto dvasia\u201c skirta visiems gyvenimo mokiniams ir mokytojams: kiekvienam \u017emogui ir visai \u0161viesiai visuomenei, kuriems r\u016bpi s\u0105moningai kurti harmoning\u0105 \u017emonijos ateit\u012f. Autorius, remdamasis savo patirtimi, kalba apie tai, kaip metodi\u0161kai tarp \u017emoni\u0173 kuriama dvasin\u0117 sistema, kokiomis nuostatomis \u0161iandien b\u016btina vadovautis \u0161eimoje, \u012fmon\u0117je, valstyb\u0117je, globaliame pasaulyje. Knyga gali tapti sielos dvasios transformacijos \u2013 per\u0117jimo \u012f kokybi\u0161kesn\u0119 b\u016bsen\u0105 \u2013 kursu. Knygos autorius \u2013 Augustinas Rakauskas, Lietuvos verslininkas, prekybos tinklo \u201eSenukai\u201c, \u201eVisuomen\u0117s harmonizavimo parko\u201c \u012fk\u016br\u0117jas, \u201e\u017dini\u0173 radijo\u201c savininkas ir radijo laidos \u201eVerslumo dvasia\u201c autorius.","og_url":"https:\/\/skaitytaknyga.lt\/en\/produktas\/__trashed-103\/","og_site_name":"Skaitytaknyga","article_publisher":"https:\/\/www.facebook.com\/skaitytaknyga\/","article_modified_time":"2025-05-13T11:58:14+00:00","og_image":[{"width":285,"height":405,"url":"https:\/\/skaitytaknyga.lt\/wp-content\/uploads\/2024\/04\/000000000002158692-59de835fcb451-asset-knyguklubas-cdb_9786094086090_globali-jausmo-proto-dvasia_p1.jpg","type":"image\/jpeg"}],"twitter_card":"summary_large_image","schema":{"@context":"https:\/\/schema.org","@graph":[{"@type":"WebPage","@id":"https:\/\/skaitytaknyga.lt\/produktas\/__trashed-103\/","url":"https:\/\/skaitytaknyga.lt\/produktas\/__trashed-103\/","name":"Globali jausmo proto dvasia","isPartOf":{"@id":"https:\/\/skaitytaknyga.lt\/#website"},"primaryImageOfPage":{"@id":"https:\/\/skaitytaknyga.lt\/produktas\/__trashed-103\/#primaryimage"},"image":{"@id":"https:\/\/skaitytaknyga.lt\/produktas\/__trashed-103\/#primaryimage"},"thumbnailUrl":"https:\/\/skaitytaknyga.lt\/wp-content\/uploads\/2024\/04\/000000000002158692-59de835fcb451-asset-knyguklubas-cdb_9786094086090_globali-jausmo-proto-dvasia_p1.jpg","datePublished":"2024-04-17T13:39:33+00:00","dateModified":"2025-05-13T11:58:14+00:00","description":"MA\u017dA D\u0116M\u0116 KAMPE Knyga \u201eGlobali jausmo proto dvasia\u201c skirta visiems gyvenimo mokiniams ir mokytojams: kiekvienam \u017emogui ir visai \u0161viesiai visuomenei, kuriems r\u016bpi s\u0105moningai kurti harmoning\u0105 \u017emonijos ateit\u012f. Autorius, remdamasis savo patirtimi, kalba apie tai, kaip metodi\u0161kai tarp \u017emoni\u0173 kuriama dvasin\u0117 sistema, kokiomis nuostatomis \u0161iandien b\u016btina vadovautis \u0161eimoje, \u012fmon\u0117je, valstyb\u0117je, globaliame pasaulyje. Knyga gali tapti sielos dvasios transformacijos \u2013 per\u0117jimo \u012f kokybi\u0161kesn\u0119 b\u016bsen\u0105 \u2013 kursu. Knygos autorius \u2013 Augustinas Rakauskas, Lietuvos verslininkas, prekybos tinklo \u201eSenukai\u201c, \u201eVisuomen\u0117s harmonizavimo parko\u201c \u012fk\u016br\u0117jas, \u201e\u017dini\u0173 radijo\u201c savininkas ir radijo laidos \u201eVerslumo dvasia\u201c autorius.","breadcrumb":{"@id":"https:\/\/skaitytaknyga.lt\/produktas\/__trashed-103\/#breadcrumb"},"inLanguage":"en-GB","potentialAction":[{"@type":"ReadAction","target":["https:\/\/skaitytaknyga.lt\/produktas\/__trashed-103\/"]}]},{"@type":"ImageObject","inLanguage":"en-GB","@id":"https:\/\/skaitytaknyga.lt\/produktas\/__trashed-103\/#primaryimage","url":"https:\/\/skaitytaknyga.lt\/wp-content\/uploads\/2024\/04\/000000000002158692-59de835fcb451-asset-knyguklubas-cdb_9786094086090_globali-jausmo-proto-dvasia_p1.jpg","contentUrl":"https:\/\/skaitytaknyga.lt\/wp-content\/uploads\/2024\/04\/000000000002158692-59de835fcb451-asset-knyguklubas-cdb_9786094086090_globali-jausmo-proto-dvasia_p1.jpg","width":285,"height":405,"caption":"000000000002158692 59de835fcb451 asset knyguklubas cdb 9786094086090 globali jausmo proto dvasia p1"},{"@type":"BreadcrumbList","@id":"https:\/\/skaitytaknyga.lt\/produktas\/__trashed-103\/#breadcrumb","itemListElement":[{"@type":"ListItem","position":1,"name":"Home","item":"https:\/\/skaitytaknyga.lt\/"},{"@type":"ListItem","position":2,"name":"Parduotuv\u0117","item":"https:\/\/skaitytaknyga.lt\/knygu-parduotuve\/"},{"@type":"ListItem","position":3,"name":"Globali jausmo proto dvasia"}]},{"@type":"WebSite","@id":"https:\/\/skaitytaknyga.lt\/#website","url":"https:\/\/skaitytaknyga.lt\/","name":"skaitytaknyga.lt","description":"Skaitytaknyga.lt \u2013 tai ma\u017eas \u0161eimos verslas, kuris prasid\u0117jo nuo meil\u0117s knygoms ir siekio i\u0161gelb\u0117ti knygas nuo likimo prie konteinerio. Kas vienam nereikalingas daiktas \u2013 kitam lobis, o mes esame tarpininkai, kurie padeda abiems tapti laimingesniems ???? \u017dinome kaip nelengva i\u0161gyventi ma\u017eiems verslams, tad nuo \u0161iol, \u010dia rasite ir kit\u0173, ma\u017e\u0173 \u0161eim\u0173 versl\u0173, rank\u0173 darbo, dovan\u0173 sau ir artimiesiems.","publisher":{"@id":"https:\/\/skaitytaknyga.lt\/#organization"},"potentialAction":[{"@type":"SearchAction","target":{"@type":"EntryPoint","urlTemplate":"https:\/\/skaitytaknyga.lt\/?s={search_term_string}"},"query-input":{"@type":"PropertyValueSpecification","valueRequired":true,"valueName":"search_term_string"}}],"inLanguage":"en-GB"},{"@type":"Organization","@id":"https:\/\/skaitytaknyga.lt\/#organization","name":"skaitytaknyga.lt","url":"https:\/\/skaitytaknyga.lt\/","logo":{"@type":"ImageObject","inLanguage":"en-GB","@id":"https:\/\/skaitytaknyga.lt\/#\/schema\/logo\/image\/","url":"https:\/\/skaitytaknyga.lt\/wp-content\/uploads\/2024\/05\/cropped-cropped-cropped-02_00843_jt3bggkj1j3HLc7SyY6rEUpg.jpeg","contentUrl":"https:\/\/skaitytaknyga.lt\/wp-content\/uploads\/2024\/05\/cropped-cropped-cropped-02_00843_jt3bggkj1j3HLc7SyY6rEUpg.jpeg","width":1600,"height":1600,"caption":"skaitytaknyga.lt"},"image":{"@id":"https:\/\/skaitytaknyga.lt\/#\/schema\/logo\/image\/"},"sameAs":["https:\/\/www.facebook.com\/skaitytaknyga\/"]}]}},"_links":{"self":[{"href":"https:\/\/skaitytaknyga.lt\/en\/wp-json\/wp\/v2\/product\/3920","targetHints":{"allow":["GET"]}}],"collection":[{"href":"https:\/\/skaitytaknyga.lt\/en\/wp-json\/wp\/v2\/product"}],"about":[{"href":"https:\/\/skaitytaknyga.lt\/en\/wp-json\/wp\/v2\/types\/product"}],"replies":[{"embeddable":true,"href":"https:\/\/skaitytaknyga.lt\/en\/wp-json\/wp\/v2\/comments?post=3920"}],"wp:featuredmedia":[{"embeddable":true,"href":"https:\/\/skaitytaknyga.lt\/en\/wp-json\/wp\/v2\/media\/3950"}],"wp:attachment":[{"href":"https:\/\/skaitytaknyga.lt\/en\/wp-json\/wp\/v2\/media?parent=3920"}],"wp:term":[{"taxonomy":"product_brand","embeddable":true,"href":"https:\/\/skaitytaknyga.lt\/en\/wp-json\/wp\/v2\/product_brand?post=3920"},{"taxonomy":"product_cat","embeddable":true,"href":"https:\/\/skaitytaknyga.lt\/en\/wp-json\/wp\/v2\/product_cat?post=3920"},{"taxonomy":"product_tag","embeddable":true,"href":"https:\/\/skaitytaknyga.lt\/en\/wp-json\/wp\/v2\/product_tag?post=3920"}],"curies":[{"name":"wp","href":"https:\/\/api.w.org\/{rel}","templated":true}]}}