{"id":3883,"date":"2024-04-17T16:39:13","date_gmt":"2024-04-17T13:39:13","guid":{"rendered":"https:\/\/skaitytaknyga.lt\/?post_type=product&#038;p=3883"},"modified":"2025-03-03T21:33:25","modified_gmt":"2025-03-03T19:33:25","slug":"nuostabios-marko-polo-keliones","status":"publish","type":"product","link":"https:\/\/skaitytaknyga.lt\/en\/produktas\/nuostabios-marko-polo-keliones\/","title":{"rendered":"Mainkas V. \u201eNuostabios marko polo kelion\u0117s&#8221;"},"content":{"rendered":"<p>Markas Polas (Marco Polo; 1254 m. rugs\u0117jo 15 d. \u2013 1324 m. sausio 8 d.) \u2013 Venecijos pirklys ir keliautojas, su savo t\u0117vu ir d\u0117de vienas pirm\u0173j\u0173 europie\u010di\u0173, keliavusi\u0173 \u0160ilko keliu \u012f Kinij\u0105 bei apsilankiusi\u0173 pas did\u012fj\u012f chan\u0105 \u2013 Chubilaj\u0173 (\u010cingis Chano an\u016bkas).Marko Polo kelion\u0117s apra\u0161ytos knygoje \u201eMarko Polo kelion\u0117s\u201c. Dauguma istorik\u0173 tiki, kad Markas Polas apsilank\u0117 Kinijoje, ta\u010diau knygoje nepamin\u0117ta daug .dalyk\u0173, kaip: kin\u0173 arbata, kin\u0173 ra\u0161tas, Did\u017eioji kin\u0173 siena, valgymo lazdel\u0117s ir kt. Markas Polas pirmasis i\u0161 europie\u010di\u0173 apsilank\u0119s Tolimuosiuose Rytuose, pabuvoj\u0119s Mongolijoje, Kinijoje, Japonijoje, Persijoje bei kitose pietry\u010di\u0173 Azijos valstyb\u0117se patyr\u0117 daug \u012fdomi\u0173 nuotyki\u0173.<\/p>\n","protected":false},"excerpt":{"rendered":"<p>Markas Polas (Marco Polo; 1254 m. rugs\u0117jo 15 d. \u2013 1324 m. sausio 8 d.) \u2013 Venecijos pirklys ir keliautojas, su savo t\u0117vu ir d\u0117de vienas pirm\u0173j\u0173 europie\u010di\u0173, keliavusi\u0173 \u0160ilko keliu \u012f Kinij\u0105 bei apsilankiusi\u0173 pas did\u012fj\u012f chan\u0105 \u2013 Chubilaj\u0173 (\u010cingis Chano an\u016bkas).Marko Polo kelion\u0117s apra\u0161ytos knygoje \u201eMarko Polo kelion\u0117s\u201c. Dauguma istorik\u0173 tiki, kad Markas Polas apsilank\u0117 Kinijoje, ta\u010diau knygoje nepamin\u0117ta daug .dalyk\u0173, kaip: kin\u0173 arbata, kin\u0173 ra\u0161tas, Did\u017eioji kin\u0173 siena, valgymo lazdel\u0117s ir kt. Markas Polas pirmasis i\u0161 europie\u010di\u0173 apsilank\u0119s Tolimuosiuose Rytuose, pabuvoj\u0119s Mongolijoje, Kinijoje, Japonijoje, Persijoje bei kitose pietry\u010di\u0173 Azijos valstyb\u0117se patyr\u0117 daug \u012fdomi\u0173 nuotyki\u0173.<\/p>\n","protected":false},"featured_media":3913,"comment_status":"closed","ping_status":"closed","template":"","meta":{"_acf_changed":false,"site-sidebar-layout":"default","site-content-layout":"","ast-site-content-layout":"default","site-content-style":"default","site-sidebar-style":"default","ast-global-header-display":"","ast-banner-title-visibility":"","ast-main-header-display":"","ast-hfb-above-header-display":"","ast-hfb-below-header-display":"","ast-hfb-mobile-header-display":"","site-post-title":"","ast-breadcrumbs-content":"","ast-featured-img":"","footer-sml-layout":"","ast-disable-related-posts":"","theme-transparent-header-meta":"default","adv-header-id-meta":"","stick-header-meta":"","header-above-stick-meta":"","header-main-stick-meta":"","header-below-stick-meta":"","astra-migrate-meta-layouts":"set","ast-page-background-enabled":"default","ast-page-background-meta":{"desktop":{"background-color":"","background-image":"","background-repeat":"repeat","background-position":"center center","background-size":"auto","background-attachment":"scroll","background-type":"","background-media":"","overlay-type":"","overlay-color":"","overlay-opacity":"","overlay-gradient":""},"tablet":{"background-color":"","background-image":"","background-repeat":"repeat","background-position":"center center","background-size":"auto","background-attachment":"scroll","background-type":"","background-media":"","overlay-type":"","overlay-color":"","overlay-opacity":"","overlay-gradient":""},"mobile":{"background-color":"","background-image":"","background-repeat":"repeat","background-position":"center center","background-size":"auto","background-attachment":"scroll","background-type":"","background-media":"","overlay-type":"","overlay-color":"","overlay-opacity":"","overlay-gradient":""}},"ast-content-background-meta":{"desktop":{"background-color":"var(--ast-global-color-4)","background-image":"","background-repeat":"repeat","background-position":"center center","background-size":"auto","background-attachment":"scroll","background-type":"","background-media":"","overlay-type":"","overlay-color":"","overlay-opacity":"","overlay-gradient":""},"tablet":{"background-color":"var(--ast-global-color-4)","background-image":"","background-repeat":"repeat","background-position":"center center","background-size":"auto","background-attachment":"scroll","background-type":"","background-media":"","overlay-type":"","overlay-color":"","overlay-opacity":"","overlay-gradient":""},"mobile":{"background-color":"var(--ast-global-color-4)","background-image":"","background-repeat":"repeat","background-position":"center center","background-size":"auto","background-attachment":"scroll","background-type":"","background-media":"","overlay-type":"","overlay-color":"","overlay-opacity":"","overlay-gradient":""}}},"product_brand":[],"product_cat":[484],"product_tag":[],"class_list":{"0":"post-3883","1":"product","2":"type-product","3":"status-publish","4":"has-post-thumbnail","6":"product_cat-drasiuju-keliai","7":"desktop-align-left","8":"tablet-align-left","9":"mobile-align-left","11":"first","12":"instock","13":"shipping-taxable","14":"purchasable","15":"product-type-simple"},"acf":[],"yoast_head":"<!-- This site is optimized with the Yoast SEO plugin v27.0 - https:\/\/yoast.com\/product\/yoast-seo-wordpress\/ -->\n<title>Mainkas V. \u201eNuostabios marko polo kelion\u0117s&quot;<\/title>\n<meta name=\"description\" content=\"Markas Polas (Marco Polo; 1254 m. rugs\u0117jo 15 d. \u2013 1324 m. sausio 8 d.) \u2013 Venecijos pirklys ir keliautojas, su savo t\u0117vu ir d\u0117de vienas pirm\u0173j\u0173 europie\u010di\u0173, keliavusi\u0173 \u0160ilko keliu \u012f Kinij\u0105 bei apsilankiusi\u0173 pas did\u012fj\u012f chan\u0105 \u2013 Chubilaj\u0173 (\u010cingis Chano an\u016bkas).Marko Polo kelion\u0117s apra\u0161ytos knygoje \u201eMarko Polo kelion\u0117s\u201c. Dauguma istorik\u0173 tiki, kad Markas Polas apsilank\u0117 Kinijoje, ta\u010diau knygoje nepamin\u0117ta daug .dalyk\u0173, kaip: kin\u0173 arbata, kin\u0173 ra\u0161tas, Did\u017eioji kin\u0173 siena, valgymo lazdel\u0117s ir kt. Markas Polas pirmasis i\u0161 europie\u010di\u0173 apsilank\u0119s Tolimuosiuose Rytuose, pabuvoj\u0119s Mongolijoje, Kinijoje, Japonijoje, Persijoje bei kitose pietry\u010di\u0173 Azijos valstyb\u0117se patyr\u0117 daug \u012fdomi\u0173 nuotyki\u0173.\" \/>\n<meta name=\"robots\" content=\"index, follow, max-snippet:-1, max-image-preview:large, max-video-preview:-1\" \/>\n<link rel=\"canonical\" href=\"https:\/\/skaitytaknyga.lt\/en\/produktas\/nuostabios-marko-polo-keliones\/\" \/>\n<meta property=\"og:locale\" content=\"en_GB\" \/>\n<meta property=\"og:locale:alternate\" content=\"lt_LT\" \/>\n<meta property=\"og:type\" content=\"article\" \/>\n<meta property=\"og:title\" content=\"Mainkas V. \u201eNuostabios marko polo kelion\u0117s&quot;\" \/>\n<meta property=\"og:description\" content=\"Markas Polas (Marco Polo; 1254 m. rugs\u0117jo 15 d. \u2013 1324 m. sausio 8 d.) \u2013 Venecijos pirklys ir keliautojas, su savo t\u0117vu ir d\u0117de vienas pirm\u0173j\u0173 europie\u010di\u0173, keliavusi\u0173 \u0160ilko keliu \u012f Kinij\u0105 bei apsilankiusi\u0173 pas did\u012fj\u012f chan\u0105 \u2013 Chubilaj\u0173 (\u010cingis Chano an\u016bkas).Marko Polo kelion\u0117s apra\u0161ytos knygoje \u201eMarko Polo kelion\u0117s\u201c. Dauguma istorik\u0173 tiki, kad Markas Polas apsilank\u0117 Kinijoje, ta\u010diau knygoje nepamin\u0117ta daug .dalyk\u0173, kaip: kin\u0173 arbata, kin\u0173 ra\u0161tas, Did\u017eioji kin\u0173 siena, valgymo lazdel\u0117s ir kt. Markas Polas pirmasis i\u0161 europie\u010di\u0173 apsilank\u0119s Tolimuosiuose Rytuose, pabuvoj\u0119s Mongolijoje, Kinijoje, Japonijoje, Persijoje bei kitose pietry\u010di\u0173 Azijos valstyb\u0117se patyr\u0117 daug \u012fdomi\u0173 nuotyki\u0173.\" \/>\n<meta property=\"og:url\" content=\"https:\/\/skaitytaknyga.lt\/en\/produktas\/nuostabios-marko-polo-keliones\/\" \/>\n<meta property=\"og:site_name\" content=\"Skaitytaknyga\" \/>\n<meta property=\"article:publisher\" content=\"https:\/\/www.facebook.com\/skaitytaknyga\/\" \/>\n<meta property=\"article:modified_time\" content=\"2025-03-03T19:33:25+00:00\" \/>\n<meta property=\"og:image\" content=\"https:\/\/skaitytaknyga.lt\/wp-content\/uploads\/2024\/04\/130753-img-6965-e1609021238283.jpg\" \/>\n\t<meta property=\"og:image:width\" content=\"214\" \/>\n\t<meta property=\"og:image:height\" content=\"340\" \/>\n\t<meta property=\"og:image:type\" content=\"image\/jpeg\" \/>\n<meta name=\"twitter:card\" content=\"summary_large_image\" \/>\n<meta name=\"twitter:label1\" content=\"Estimated reading time\" \/>\n\t<meta name=\"twitter:data1\" content=\"1 minute\" \/>\n<script type=\"application\/ld+json\" class=\"yoast-schema-graph\">{\"@context\":\"https:\/\/schema.org\",\"@graph\":[{\"@type\":\"WebPage\",\"@id\":\"https:\/\/skaitytaknyga.lt\/produktas\/nuostabios-marko-polo-keliones\/\",\"url\":\"https:\/\/skaitytaknyga.lt\/produktas\/nuostabios-marko-polo-keliones\/\",\"name\":\"Mainkas V. \u201eNuostabios marko polo kelion\u0117s\\\"\",\"isPartOf\":{\"@id\":\"https:\/\/skaitytaknyga.lt\/#website\"},\"primaryImageOfPage\":{\"@id\":\"https:\/\/skaitytaknyga.lt\/produktas\/nuostabios-marko-polo-keliones\/#primaryimage\"},\"image\":{\"@id\":\"https:\/\/skaitytaknyga.lt\/produktas\/nuostabios-marko-polo-keliones\/#primaryimage\"},\"thumbnailUrl\":\"https:\/\/skaitytaknyga.lt\/wp-content\/uploads\/2024\/04\/130753-img-6965-e1609021238283.jpg\",\"datePublished\":\"2024-04-17T13:39:13+00:00\",\"dateModified\":\"2025-03-03T19:33:25+00:00\",\"description\":\"Markas Polas (Marco Polo; 1254 m. rugs\u0117jo 15 d. \u2013 1324 m. sausio 8 d.) \u2013 Venecijos pirklys ir keliautojas, su savo t\u0117vu ir d\u0117de vienas pirm\u0173j\u0173 europie\u010di\u0173, keliavusi\u0173 \u0160ilko keliu \u012f Kinij\u0105 bei apsilankiusi\u0173 pas did\u012fj\u012f chan\u0105 \u2013 Chubilaj\u0173 (\u010cingis Chano an\u016bkas).Marko Polo kelion\u0117s apra\u0161ytos knygoje \u201eMarko Polo kelion\u0117s\u201c. Dauguma istorik\u0173 tiki, kad Markas Polas apsilank\u0117 Kinijoje, ta\u010diau knygoje nepamin\u0117ta daug .dalyk\u0173, kaip: kin\u0173 arbata, kin\u0173 ra\u0161tas, Did\u017eioji kin\u0173 siena, valgymo lazdel\u0117s ir kt. Markas Polas pirmasis i\u0161 europie\u010di\u0173 apsilank\u0119s Tolimuosiuose Rytuose, pabuvoj\u0119s Mongolijoje, Kinijoje, Japonijoje, Persijoje bei kitose pietry\u010di\u0173 Azijos valstyb\u0117se patyr\u0117 daug \u012fdomi\u0173 nuotyki\u0173.\",\"breadcrumb\":{\"@id\":\"https:\/\/skaitytaknyga.lt\/produktas\/nuostabios-marko-polo-keliones\/#breadcrumb\"},\"inLanguage\":\"en-GB\",\"potentialAction\":[{\"@type\":\"ReadAction\",\"target\":[\"https:\/\/skaitytaknyga.lt\/produktas\/nuostabios-marko-polo-keliones\/\"]}]},{\"@type\":\"ImageObject\",\"inLanguage\":\"en-GB\",\"@id\":\"https:\/\/skaitytaknyga.lt\/produktas\/nuostabios-marko-polo-keliones\/#primaryimage\",\"url\":\"https:\/\/skaitytaknyga.lt\/wp-content\/uploads\/2024\/04\/130753-img-6965-e1609021238283.jpg\",\"contentUrl\":\"https:\/\/skaitytaknyga.lt\/wp-content\/uploads\/2024\/04\/130753-img-6965-e1609021238283.jpg\",\"width\":214,\"height\":340},{\"@type\":\"BreadcrumbList\",\"@id\":\"https:\/\/skaitytaknyga.lt\/produktas\/nuostabios-marko-polo-keliones\/#breadcrumb\",\"itemListElement\":[{\"@type\":\"ListItem\",\"position\":1,\"name\":\"Home\",\"item\":\"https:\/\/skaitytaknyga.lt\/\"},{\"@type\":\"ListItem\",\"position\":2,\"name\":\"Parduotuv\u0117\",\"item\":\"https:\/\/skaitytaknyga.lt\/knygu-parduotuve\/\"},{\"@type\":\"ListItem\",\"position\":3,\"name\":\"Mainkas V. \u201eNuostabios marko polo kelion\u0117s&#8221;\"}]},{\"@type\":\"WebSite\",\"@id\":\"https:\/\/skaitytaknyga.lt\/#website\",\"url\":\"https:\/\/skaitytaknyga.lt\/\",\"name\":\"skaitytaknyga.lt\",\"description\":\"Skaitytaknyga.lt \u2013 tai ma\u017eas \u0161eimos verslas, kuris prasid\u0117jo nuo meil\u0117s knygoms ir siekio i\u0161gelb\u0117ti knygas nuo likimo prie konteinerio. Kas vienam nereikalingas daiktas \u2013 kitam lobis, o mes esame tarpininkai, kurie padeda abiems tapti laimingesniems ???? \u017dinome kaip nelengva i\u0161gyventi ma\u017eiems verslams, tad nuo \u0161iol, \u010dia rasite ir kit\u0173, ma\u017e\u0173 \u0161eim\u0173 versl\u0173, rank\u0173 darbo, dovan\u0173 sau ir artimiesiems.\",\"publisher\":{\"@id\":\"https:\/\/skaitytaknyga.lt\/#organization\"},\"potentialAction\":[{\"@type\":\"SearchAction\",\"target\":{\"@type\":\"EntryPoint\",\"urlTemplate\":\"https:\/\/skaitytaknyga.lt\/?s={search_term_string}\"},\"query-input\":{\"@type\":\"PropertyValueSpecification\",\"valueRequired\":true,\"valueName\":\"search_term_string\"}}],\"inLanguage\":\"en-GB\"},{\"@type\":\"Organization\",\"@id\":\"https:\/\/skaitytaknyga.lt\/#organization\",\"name\":\"skaitytaknyga.lt\",\"url\":\"https:\/\/skaitytaknyga.lt\/\",\"logo\":{\"@type\":\"ImageObject\",\"inLanguage\":\"en-GB\",\"@id\":\"https:\/\/skaitytaknyga.lt\/#\/schema\/logo\/image\/\",\"url\":\"https:\/\/skaitytaknyga.lt\/wp-content\/uploads\/2024\/05\/cropped-cropped-cropped-02_00843_jt3bggkj1j3HLc7SyY6rEUpg.jpeg\",\"contentUrl\":\"https:\/\/skaitytaknyga.lt\/wp-content\/uploads\/2024\/05\/cropped-cropped-cropped-02_00843_jt3bggkj1j3HLc7SyY6rEUpg.jpeg\",\"width\":1600,\"height\":1600,\"caption\":\"skaitytaknyga.lt\"},\"image\":{\"@id\":\"https:\/\/skaitytaknyga.lt\/#\/schema\/logo\/image\/\"},\"sameAs\":[\"https:\/\/www.facebook.com\/skaitytaknyga\/\"]}]}<\/script>\n<!-- \/ Yoast SEO plugin. -->","yoast_head_json":{"title":"Mainkas V. \u201eNuostabios marko polo kelion\u0117s\"","description":"Markas Polas (Marco Polo; 1254 m. rugs\u0117jo 15 d. \u2013 1324 m. sausio 8 d.) \u2013 Venecijos pirklys ir keliautojas, su savo t\u0117vu ir d\u0117de vienas pirm\u0173j\u0173 europie\u010di\u0173, keliavusi\u0173 \u0160ilko keliu \u012f Kinij\u0105 bei apsilankiusi\u0173 pas did\u012fj\u012f chan\u0105 \u2013 Chubilaj\u0173 (\u010cingis Chano an\u016bkas).Marko Polo kelion\u0117s apra\u0161ytos knygoje \u201eMarko Polo kelion\u0117s\u201c. Dauguma istorik\u0173 tiki, kad Markas Polas apsilank\u0117 Kinijoje, ta\u010diau knygoje nepamin\u0117ta daug .dalyk\u0173, kaip: kin\u0173 arbata, kin\u0173 ra\u0161tas, Did\u017eioji kin\u0173 siena, valgymo lazdel\u0117s ir kt. Markas Polas pirmasis i\u0161 europie\u010di\u0173 apsilank\u0119s Tolimuosiuose Rytuose, pabuvoj\u0119s Mongolijoje, Kinijoje, Japonijoje, Persijoje bei kitose pietry\u010di\u0173 Azijos valstyb\u0117se patyr\u0117 daug \u012fdomi\u0173 nuotyki\u0173.","robots":{"index":"index","follow":"follow","max-snippet":"max-snippet:-1","max-image-preview":"max-image-preview:large","max-video-preview":"max-video-preview:-1"},"canonical":"https:\/\/skaitytaknyga.lt\/en\/produktas\/nuostabios-marko-polo-keliones\/","og_locale":"en_GB","og_type":"article","og_title":"[:lt]Mainkas V. \u201eNuostabios marko polo kelion\u0117s\"[:] - Skaitytaknyga","og_description":"Markas Polas (Marco Polo; 1254 m. rugs\u0117jo 15 d. \u2013 1324 m. sausio 8 d.) \u2013 Venecijos pirklys ir keliautojas, su savo t\u0117vu ir d\u0117de vienas pirm\u0173j\u0173 europie\u010di\u0173, keliavusi\u0173 \u0160ilko keliu \u012f Kinij\u0105 bei apsilankiusi\u0173 pas did\u012fj\u012f chan\u0105 \u2013 Chubilaj\u0173 (\u010cingis Chano an\u016bkas).Marko Polo kelion\u0117s apra\u0161ytos knygoje \u201eMarko Polo kelion\u0117s\u201c. Dauguma istorik\u0173 tiki, kad Markas Polas apsilank\u0117 Kinijoje, ta\u010diau knygoje nepamin\u0117ta daug .dalyk\u0173, kaip: kin\u0173 arbata, kin\u0173 ra\u0161tas, Did\u017eioji kin\u0173 siena, valgymo lazdel\u0117s ir kt. Markas Polas pirmasis i\u0161 europie\u010di\u0173 apsilank\u0119s Tolimuosiuose Rytuose, pabuvoj\u0119s Mongolijoje, Kinijoje, Japonijoje, Persijoje bei kitose pietry\u010di\u0173 Azijos valstyb\u0117se patyr\u0117 daug \u012fdomi\u0173 nuotyki\u0173.","og_url":"https:\/\/skaitytaknyga.lt\/en\/produktas\/nuostabios-marko-polo-keliones\/","og_site_name":"Skaitytaknyga","article_publisher":"https:\/\/www.facebook.com\/skaitytaknyga\/","article_modified_time":"2025-03-03T19:33:25+00:00","og_image":[{"width":214,"height":340,"url":"https:\/\/skaitytaknyga.lt\/wp-content\/uploads\/2024\/04\/130753-img-6965-e1609021238283.jpg","type":"image\/jpeg"}],"twitter_card":"summary_large_image","twitter_misc":{"Estimated reading time":"1 minute"},"schema":{"@context":"https:\/\/schema.org","@graph":[{"@type":"WebPage","@id":"https:\/\/skaitytaknyga.lt\/produktas\/nuostabios-marko-polo-keliones\/","url":"https:\/\/skaitytaknyga.lt\/produktas\/nuostabios-marko-polo-keliones\/","name":"Mainkas V. \u201eNuostabios marko polo kelion\u0117s\"","isPartOf":{"@id":"https:\/\/skaitytaknyga.lt\/#website"},"primaryImageOfPage":{"@id":"https:\/\/skaitytaknyga.lt\/produktas\/nuostabios-marko-polo-keliones\/#primaryimage"},"image":{"@id":"https:\/\/skaitytaknyga.lt\/produktas\/nuostabios-marko-polo-keliones\/#primaryimage"},"thumbnailUrl":"https:\/\/skaitytaknyga.lt\/wp-content\/uploads\/2024\/04\/130753-img-6965-e1609021238283.jpg","datePublished":"2024-04-17T13:39:13+00:00","dateModified":"2025-03-03T19:33:25+00:00","description":"Markas Polas (Marco Polo; 1254 m. rugs\u0117jo 15 d. \u2013 1324 m. sausio 8 d.) \u2013 Venecijos pirklys ir keliautojas, su savo t\u0117vu ir d\u0117de vienas pirm\u0173j\u0173 europie\u010di\u0173, keliavusi\u0173 \u0160ilko keliu \u012f Kinij\u0105 bei apsilankiusi\u0173 pas did\u012fj\u012f chan\u0105 \u2013 Chubilaj\u0173 (\u010cingis Chano an\u016bkas).Marko Polo kelion\u0117s apra\u0161ytos knygoje \u201eMarko Polo kelion\u0117s\u201c. Dauguma istorik\u0173 tiki, kad Markas Polas apsilank\u0117 Kinijoje, ta\u010diau knygoje nepamin\u0117ta daug .dalyk\u0173, kaip: kin\u0173 arbata, kin\u0173 ra\u0161tas, Did\u017eioji kin\u0173 siena, valgymo lazdel\u0117s ir kt. Markas Polas pirmasis i\u0161 europie\u010di\u0173 apsilank\u0119s Tolimuosiuose Rytuose, pabuvoj\u0119s Mongolijoje, Kinijoje, Japonijoje, Persijoje bei kitose pietry\u010di\u0173 Azijos valstyb\u0117se patyr\u0117 daug \u012fdomi\u0173 nuotyki\u0173.","breadcrumb":{"@id":"https:\/\/skaitytaknyga.lt\/produktas\/nuostabios-marko-polo-keliones\/#breadcrumb"},"inLanguage":"en-GB","potentialAction":[{"@type":"ReadAction","target":["https:\/\/skaitytaknyga.lt\/produktas\/nuostabios-marko-polo-keliones\/"]}]},{"@type":"ImageObject","inLanguage":"en-GB","@id":"https:\/\/skaitytaknyga.lt\/produktas\/nuostabios-marko-polo-keliones\/#primaryimage","url":"https:\/\/skaitytaknyga.lt\/wp-content\/uploads\/2024\/04\/130753-img-6965-e1609021238283.jpg","contentUrl":"https:\/\/skaitytaknyga.lt\/wp-content\/uploads\/2024\/04\/130753-img-6965-e1609021238283.jpg","width":214,"height":340},{"@type":"BreadcrumbList","@id":"https:\/\/skaitytaknyga.lt\/produktas\/nuostabios-marko-polo-keliones\/#breadcrumb","itemListElement":[{"@type":"ListItem","position":1,"name":"Home","item":"https:\/\/skaitytaknyga.lt\/"},{"@type":"ListItem","position":2,"name":"Parduotuv\u0117","item":"https:\/\/skaitytaknyga.lt\/knygu-parduotuve\/"},{"@type":"ListItem","position":3,"name":"Mainkas V. \u201eNuostabios marko polo kelion\u0117s&#8221;"}]},{"@type":"WebSite","@id":"https:\/\/skaitytaknyga.lt\/#website","url":"https:\/\/skaitytaknyga.lt\/","name":"skaitytaknyga.lt","description":"Skaitytaknyga.lt \u2013 tai ma\u017eas \u0161eimos verslas, kuris prasid\u0117jo nuo meil\u0117s knygoms ir siekio i\u0161gelb\u0117ti knygas nuo likimo prie konteinerio. Kas vienam nereikalingas daiktas \u2013 kitam lobis, o mes esame tarpininkai, kurie padeda abiems tapti laimingesniems ???? \u017dinome kaip nelengva i\u0161gyventi ma\u017eiems verslams, tad nuo \u0161iol, \u010dia rasite ir kit\u0173, ma\u017e\u0173 \u0161eim\u0173 versl\u0173, rank\u0173 darbo, dovan\u0173 sau ir artimiesiems.","publisher":{"@id":"https:\/\/skaitytaknyga.lt\/#organization"},"potentialAction":[{"@type":"SearchAction","target":{"@type":"EntryPoint","urlTemplate":"https:\/\/skaitytaknyga.lt\/?s={search_term_string}"},"query-input":{"@type":"PropertyValueSpecification","valueRequired":true,"valueName":"search_term_string"}}],"inLanguage":"en-GB"},{"@type":"Organization","@id":"https:\/\/skaitytaknyga.lt\/#organization","name":"skaitytaknyga.lt","url":"https:\/\/skaitytaknyga.lt\/","logo":{"@type":"ImageObject","inLanguage":"en-GB","@id":"https:\/\/skaitytaknyga.lt\/#\/schema\/logo\/image\/","url":"https:\/\/skaitytaknyga.lt\/wp-content\/uploads\/2024\/05\/cropped-cropped-cropped-02_00843_jt3bggkj1j3HLc7SyY6rEUpg.jpeg","contentUrl":"https:\/\/skaitytaknyga.lt\/wp-content\/uploads\/2024\/05\/cropped-cropped-cropped-02_00843_jt3bggkj1j3HLc7SyY6rEUpg.jpeg","width":1600,"height":1600,"caption":"skaitytaknyga.lt"},"image":{"@id":"https:\/\/skaitytaknyga.lt\/#\/schema\/logo\/image\/"},"sameAs":["https:\/\/www.facebook.com\/skaitytaknyga\/"]}]}},"_links":{"self":[{"href":"https:\/\/skaitytaknyga.lt\/en\/wp-json\/wp\/v2\/product\/3883","targetHints":{"allow":["GET"]}}],"collection":[{"href":"https:\/\/skaitytaknyga.lt\/en\/wp-json\/wp\/v2\/product"}],"about":[{"href":"https:\/\/skaitytaknyga.lt\/en\/wp-json\/wp\/v2\/types\/product"}],"replies":[{"embeddable":true,"href":"https:\/\/skaitytaknyga.lt\/en\/wp-json\/wp\/v2\/comments?post=3883"}],"wp:featuredmedia":[{"embeddable":true,"href":"https:\/\/skaitytaknyga.lt\/en\/wp-json\/wp\/v2\/media\/3913"}],"wp:attachment":[{"href":"https:\/\/skaitytaknyga.lt\/en\/wp-json\/wp\/v2\/media?parent=3883"}],"wp:term":[{"taxonomy":"product_brand","embeddable":true,"href":"https:\/\/skaitytaknyga.lt\/en\/wp-json\/wp\/v2\/product_brand?post=3883"},{"taxonomy":"product_cat","embeddable":true,"href":"https:\/\/skaitytaknyga.lt\/en\/wp-json\/wp\/v2\/product_cat?post=3883"},{"taxonomy":"product_tag","embeddable":true,"href":"https:\/\/skaitytaknyga.lt\/en\/wp-json\/wp\/v2\/product_tag?post=3883"}],"curies":[{"name":"wp","href":"https:\/\/api.w.org\/{rel}","templated":true}]}}