{"id":3856,"date":"2024-04-17T13:38:48","date_gmt":"2024-04-17T13:38:48","guid":{"rendered":"https:\/\/skaitytaknyga.lt\/?post_type=product&#038;p=3856"},"modified":"2025-03-02T16:37:17","modified_gmt":"2025-03-02T14:37:17","slug":"jack-london-baltoji-iltis-nr-103","status":"publish","type":"product","link":"https:\/\/skaitytaknyga.lt\/en\/produktas\/jack-london-baltoji-iltis-nr-103\/","title":{"rendered":"Jack London \u201eBaltoji iltis\u201c (Nr. 103)"},"content":{"rendered":"<p>U\u017eburianti klasika, nemari D\u017eeko Londono istorija apie \u017emogaus ir laukinio keturkojo draugyst\u0119. Ji nutiko r\u016bs\u010diuoju Aukso kar\u0161tin\u0117s laikotarpiu nepaprasto gro\u017eio kalnuose. Baltoji Iltis \u2013 vilkas, u\u017eaug\u0119s at\u0161iauriame pasaulyje, kiekvien\u0105 akimirk\u0105 kovoj\u0119s d\u0117l galimyb\u0117s i\u0161likti, patenka \u012f visai kit\u0105 aplink\u0105, kurioje nubunda geriausios jo prigimties savyb\u0117s.<br \/>\nBaltoji Iltis paveld\u0117jo gele\u017ein\u012f k\u016bn\u0105 ir Tyr\u0173 gyvybingum\u0105, ir jis \u2013 jo visuma ir kiekviena dalis skyrium \u2013 savo dvasia ir k\u016bnu kibo \u012f gyvenim\u0105 taip atkakliai, kaip ir dera visoms stiprioms b\u016btyb\u0117ms.<\/p>\n","protected":false},"excerpt":{"rendered":"<p>U\u017eburianti klasika, nemari D\u017eeko Londono istorija apie \u017emogaus ir laukinio keturkojo draugyst\u0119. Ji nutiko r\u016bs\u010diuoju Aukso kar\u0161tin\u0117s laikotarpiu nepaprasto gro\u017eio kalnuose. Baltoji Iltis \u2013 vilkas, u\u017eaug\u0119s at\u0161iauriame pasaulyje, kiekvien\u0105 akimirk\u0105 kovoj\u0119s d\u0117l galimyb\u0117s i\u0161likti, patenka \u012f visai kit\u0105 aplink\u0105, kurioje nubunda geriausios jo prigimties savyb\u0117s.<br \/>\nBaltoji Iltis paveld\u0117jo gele\u017ein\u012f k\u016bn\u0105 ir Tyr\u0173 gyvybingum\u0105, ir jis \u2013 jo visuma ir kiekviena dalis skyrium \u2013 savo dvasia ir k\u016bnu kibo \u012f gyvenim\u0105 taip atkakliai, kaip ir dera visoms stiprioms b\u016btyb\u0117ms.<\/p>\n","protected":false},"featured_media":3904,"comment_status":"closed","ping_status":"closed","template":"","meta":{"_acf_changed":false,"site-sidebar-layout":"default","site-content-layout":"","ast-site-content-layout":"default","site-content-style":"default","site-sidebar-style":"default","ast-global-header-display":"","ast-banner-title-visibility":"","ast-main-header-display":"","ast-hfb-above-header-display":"","ast-hfb-below-header-display":"","ast-hfb-mobile-header-display":"","site-post-title":"","ast-breadcrumbs-content":"","ast-featured-img":"","footer-sml-layout":"","ast-disable-related-posts":"","theme-transparent-header-meta":"","adv-header-id-meta":"","stick-header-meta":"","header-above-stick-meta":"","header-main-stick-meta":"","header-below-stick-meta":"","astra-migrate-meta-layouts":"default","ast-page-background-enabled":"default","ast-page-background-meta":{"desktop":{"background-color":"","background-image":"","background-repeat":"repeat","background-position":"center center","background-size":"auto","background-attachment":"scroll","background-type":"","background-media":"","overlay-type":"","overlay-color":"","overlay-opacity":"","overlay-gradient":""},"tablet":{"background-color":"","background-image":"","background-repeat":"repeat","background-position":"center center","background-size":"auto","background-attachment":"scroll","background-type":"","background-media":"","overlay-type":"","overlay-color":"","overlay-opacity":"","overlay-gradient":""},"mobile":{"background-color":"","background-image":"","background-repeat":"repeat","background-position":"center center","background-size":"auto","background-attachment":"scroll","background-type":"","background-media":"","overlay-type":"","overlay-color":"","overlay-opacity":"","overlay-gradient":""}},"ast-content-background-meta":{"desktop":{"background-color":"var(--ast-global-color-4)","background-image":"","background-repeat":"repeat","background-position":"center center","background-size":"auto","background-attachment":"scroll","background-type":"","background-media":"","overlay-type":"","overlay-color":"","overlay-opacity":"","overlay-gradient":""},"tablet":{"background-color":"var(--ast-global-color-4)","background-image":"","background-repeat":"repeat","background-position":"center center","background-size":"auto","background-attachment":"scroll","background-type":"","background-media":"","overlay-type":"","overlay-color":"","overlay-opacity":"","overlay-gradient":""},"mobile":{"background-color":"var(--ast-global-color-4)","background-image":"","background-repeat":"repeat","background-position":"center center","background-size":"auto","background-attachment":"scroll","background-type":"","background-media":"","overlay-type":"","overlay-color":"","overlay-opacity":"","overlay-gradient":""}}},"product_brand":[],"product_cat":[31,28],"product_tag":[],"class_list":{"0":"post-3856","1":"product","2":"type-product","3":"status-publish","4":"has-post-thumbnail","6":"product_cat-grozine-literatura","7":"product_cat-klasika","8":"desktop-align-left","9":"tablet-align-left","10":"mobile-align-left","12":"first","13":"instock","14":"shipping-taxable","15":"purchasable","16":"product-type-simple"},"acf":[],"yoast_head":"<!-- This site is optimized with the Yoast SEO plugin v27.0 - https:\/\/yoast.com\/product\/yoast-seo-wordpress\/ -->\n<title>Jack London \u201eBaltoji iltis\u201c (Nr. 103)<\/title>\n<meta name=\"description\" content=\"U\u017eburianti klasika, nemari D\u017eeko Londono istorija apie \u017emogaus ir laukinio keturkojo draugyst\u0119. Ji nutiko r\u016bs\u010diuoju Aukso kar\u0161tin\u0117s laikotarpiu nepaprasto gro\u017eio kalnuose. Baltoji Iltis \u2013 vilkas, u\u017eaug\u0119s at\u0161iauriame pasaulyje, kiekvien\u0105 akimirk\u0105 kovoj\u0119s d\u0117l galimyb\u0117s i\u0161likti, patenka \u012f visai kit\u0105 aplink\u0105, kurioje nubunda geriausios jo prigimties savyb\u0117s.  Baltoji Iltis paveld\u0117jo gele\u017ein\u012f k\u016bn\u0105 ir Tyr\u0173 gyvybingum\u0105, ir jis \u2013 jo visuma ir kiekviena dalis skyrium \u2013 savo dvasia ir k\u016bnu kibo \u012f gyvenim\u0105 taip atkakliai, kaip ir dera visoms stiprioms b\u016btyb\u0117ms.\" \/>\n<meta name=\"robots\" content=\"index, follow, max-snippet:-1, max-image-preview:large, max-video-preview:-1\" \/>\n<link rel=\"canonical\" href=\"https:\/\/skaitytaknyga.lt\/en\/produktas\/jack-london-baltoji-iltis-nr-103\/\" \/>\n<meta property=\"og:locale\" content=\"en_GB\" \/>\n<meta property=\"og:locale:alternate\" content=\"lt_LT\" \/>\n<meta property=\"og:type\" content=\"article\" \/>\n<meta property=\"og:title\" content=\"Jack London \u201eBaltoji iltis\u201c (Nr. 103)\" \/>\n<meta property=\"og:description\" content=\"U\u017eburianti klasika, nemari D\u017eeko Londono istorija apie \u017emogaus ir laukinio keturkojo draugyst\u0119. Ji nutiko r\u016bs\u010diuoju Aukso kar\u0161tin\u0117s laikotarpiu nepaprasto gro\u017eio kalnuose. Baltoji Iltis \u2013 vilkas, u\u017eaug\u0119s at\u0161iauriame pasaulyje, kiekvien\u0105 akimirk\u0105 kovoj\u0119s d\u0117l galimyb\u0117s i\u0161likti, patenka \u012f visai kit\u0105 aplink\u0105, kurioje nubunda geriausios jo prigimties savyb\u0117s.  Baltoji Iltis paveld\u0117jo gele\u017ein\u012f k\u016bn\u0105 ir Tyr\u0173 gyvybingum\u0105, ir jis \u2013 jo visuma ir kiekviena dalis skyrium \u2013 savo dvasia ir k\u016bnu kibo \u012f gyvenim\u0105 taip atkakliai, kaip ir dera visoms stiprioms b\u016btyb\u0117ms.\" \/>\n<meta property=\"og:url\" content=\"https:\/\/skaitytaknyga.lt\/en\/produktas\/jack-london-baltoji-iltis-nr-103\/\" \/>\n<meta property=\"og:site_name\" content=\"Skaitytaknyga\" \/>\n<meta property=\"article:publisher\" content=\"https:\/\/www.facebook.com\/skaitytaknyga\/\" \/>\n<meta property=\"article:modified_time\" content=\"2025-03-02T14:37:17+00:00\" \/>\n<meta property=\"og:image\" content=\"https:\/\/skaitytaknyga.lt\/wp-content\/uploads\/2024\/04\/d.k._nr._103.jpg\" \/>\n\t<meta property=\"og:image:width\" content=\"362\" \/>\n\t<meta property=\"og:image:height\" content=\"559\" \/>\n\t<meta property=\"og:image:type\" content=\"image\/jpeg\" \/>\n<meta name=\"twitter:card\" content=\"summary_large_image\" \/>\n<script type=\"application\/ld+json\" class=\"yoast-schema-graph\">{\"@context\":\"https:\/\/schema.org\",\"@graph\":[{\"@type\":\"WebPage\",\"@id\":\"https:\/\/skaitytaknyga.lt\/produktas\/jack-london-baltoji-iltis-nr-103\/\",\"url\":\"https:\/\/skaitytaknyga.lt\/produktas\/jack-london-baltoji-iltis-nr-103\/\",\"name\":\"Jack London \u201eBaltoji iltis\u201c (Nr. 103)\",\"isPartOf\":{\"@id\":\"https:\/\/skaitytaknyga.lt\/#website\"},\"primaryImageOfPage\":{\"@id\":\"https:\/\/skaitytaknyga.lt\/produktas\/jack-london-baltoji-iltis-nr-103\/#primaryimage\"},\"image\":{\"@id\":\"https:\/\/skaitytaknyga.lt\/produktas\/jack-london-baltoji-iltis-nr-103\/#primaryimage\"},\"thumbnailUrl\":\"https:\/\/skaitytaknyga.lt\/wp-content\/uploads\/2024\/04\/d.k._nr._103.jpg\",\"datePublished\":\"2024-04-17T13:38:48+00:00\",\"dateModified\":\"2025-03-02T14:37:17+00:00\",\"description\":\"U\u017eburianti klasika, nemari D\u017eeko Londono istorija apie \u017emogaus ir laukinio keturkojo draugyst\u0119. Ji nutiko r\u016bs\u010diuoju Aukso kar\u0161tin\u0117s laikotarpiu nepaprasto gro\u017eio kalnuose. Baltoji Iltis \u2013 vilkas, u\u017eaug\u0119s at\u0161iauriame pasaulyje, kiekvien\u0105 akimirk\u0105 kovoj\u0119s d\u0117l galimyb\u0117s i\u0161likti, patenka \u012f visai kit\u0105 aplink\u0105, kurioje nubunda geriausios jo prigimties savyb\u0117s. Baltoji Iltis paveld\u0117jo gele\u017ein\u012f k\u016bn\u0105 ir Tyr\u0173 gyvybingum\u0105, ir jis \u2013 jo visuma ir kiekviena dalis skyrium \u2013 savo dvasia ir k\u016bnu kibo \u012f gyvenim\u0105 taip atkakliai, kaip ir dera visoms stiprioms b\u016btyb\u0117ms.\",\"breadcrumb\":{\"@id\":\"https:\/\/skaitytaknyga.lt\/produktas\/jack-london-baltoji-iltis-nr-103\/#breadcrumb\"},\"inLanguage\":\"en-GB\",\"potentialAction\":[{\"@type\":\"ReadAction\",\"target\":[\"https:\/\/skaitytaknyga.lt\/produktas\/jack-london-baltoji-iltis-nr-103\/\"]}]},{\"@type\":\"ImageObject\",\"inLanguage\":\"en-GB\",\"@id\":\"https:\/\/skaitytaknyga.lt\/produktas\/jack-london-baltoji-iltis-nr-103\/#primaryimage\",\"url\":\"https:\/\/skaitytaknyga.lt\/wp-content\/uploads\/2024\/04\/d.k._nr._103.jpg\",\"contentUrl\":\"https:\/\/skaitytaknyga.lt\/wp-content\/uploads\/2024\/04\/d.k._nr._103.jpg\",\"width\":362,\"height\":559,\"caption\":\"d.k. nr. 103\"},{\"@type\":\"BreadcrumbList\",\"@id\":\"https:\/\/skaitytaknyga.lt\/produktas\/jack-london-baltoji-iltis-nr-103\/#breadcrumb\",\"itemListElement\":[{\"@type\":\"ListItem\",\"position\":1,\"name\":\"Home\",\"item\":\"https:\/\/skaitytaknyga.lt\/\"},{\"@type\":\"ListItem\",\"position\":2,\"name\":\"Parduotuv\u0117\",\"item\":\"https:\/\/skaitytaknyga.lt\/knygu-parduotuve\/\"},{\"@type\":\"ListItem\",\"position\":3,\"name\":\"Jack London \u201eBaltoji iltis\u201c (Nr. 103)\"}]},{\"@type\":\"WebSite\",\"@id\":\"https:\/\/skaitytaknyga.lt\/#website\",\"url\":\"https:\/\/skaitytaknyga.lt\/\",\"name\":\"skaitytaknyga.lt\",\"description\":\"Skaitytaknyga.lt \u2013 tai ma\u017eas \u0161eimos verslas, kuris prasid\u0117jo nuo meil\u0117s knygoms ir siekio i\u0161gelb\u0117ti knygas nuo likimo prie konteinerio. Kas vienam nereikalingas daiktas \u2013 kitam lobis, o mes esame tarpininkai, kurie padeda abiems tapti laimingesniems ???? \u017dinome kaip nelengva i\u0161gyventi ma\u017eiems verslams, tad nuo \u0161iol, \u010dia rasite ir kit\u0173, ma\u017e\u0173 \u0161eim\u0173 versl\u0173, rank\u0173 darbo, dovan\u0173 sau ir artimiesiems.\",\"publisher\":{\"@id\":\"https:\/\/skaitytaknyga.lt\/#organization\"},\"potentialAction\":[{\"@type\":\"SearchAction\",\"target\":{\"@type\":\"EntryPoint\",\"urlTemplate\":\"https:\/\/skaitytaknyga.lt\/?s={search_term_string}\"},\"query-input\":{\"@type\":\"PropertyValueSpecification\",\"valueRequired\":true,\"valueName\":\"search_term_string\"}}],\"inLanguage\":\"en-GB\"},{\"@type\":\"Organization\",\"@id\":\"https:\/\/skaitytaknyga.lt\/#organization\",\"name\":\"skaitytaknyga.lt\",\"url\":\"https:\/\/skaitytaknyga.lt\/\",\"logo\":{\"@type\":\"ImageObject\",\"inLanguage\":\"en-GB\",\"@id\":\"https:\/\/skaitytaknyga.lt\/#\/schema\/logo\/image\/\",\"url\":\"https:\/\/skaitytaknyga.lt\/wp-content\/uploads\/2024\/05\/cropped-cropped-cropped-02_00843_jt3bggkj1j3HLc7SyY6rEUpg.jpeg\",\"contentUrl\":\"https:\/\/skaitytaknyga.lt\/wp-content\/uploads\/2024\/05\/cropped-cropped-cropped-02_00843_jt3bggkj1j3HLc7SyY6rEUpg.jpeg\",\"width\":1600,\"height\":1600,\"caption\":\"skaitytaknyga.lt\"},\"image\":{\"@id\":\"https:\/\/skaitytaknyga.lt\/#\/schema\/logo\/image\/\"},\"sameAs\":[\"https:\/\/www.facebook.com\/skaitytaknyga\/\"]}]}<\/script>\n<!-- \/ Yoast SEO plugin. -->","yoast_head_json":{"title":"Jack London \u201eBaltoji iltis\u201c (Nr. 103)","description":"U\u017eburianti klasika, nemari D\u017eeko Londono istorija apie \u017emogaus ir laukinio keturkojo draugyst\u0119. Ji nutiko r\u016bs\u010diuoju Aukso kar\u0161tin\u0117s laikotarpiu nepaprasto gro\u017eio kalnuose. Baltoji Iltis \u2013 vilkas, u\u017eaug\u0119s at\u0161iauriame pasaulyje, kiekvien\u0105 akimirk\u0105 kovoj\u0119s d\u0117l galimyb\u0117s i\u0161likti, patenka \u012f visai kit\u0105 aplink\u0105, kurioje nubunda geriausios jo prigimties savyb\u0117s.  Baltoji Iltis paveld\u0117jo gele\u017ein\u012f k\u016bn\u0105 ir Tyr\u0173 gyvybingum\u0105, ir jis \u2013 jo visuma ir kiekviena dalis skyrium \u2013 savo dvasia ir k\u016bnu kibo \u012f gyvenim\u0105 taip atkakliai, kaip ir dera visoms stiprioms b\u016btyb\u0117ms.","robots":{"index":"index","follow":"follow","max-snippet":"max-snippet:-1","max-image-preview":"max-image-preview:large","max-video-preview":"max-video-preview:-1"},"canonical":"https:\/\/skaitytaknyga.lt\/en\/produktas\/jack-london-baltoji-iltis-nr-103\/","og_locale":"en_GB","og_type":"article","og_title":"[:lt]Jack London \u201eBaltoji iltis\u201c (Nr. 103)[:] - Skaitytaknyga","og_description":"U\u017eburianti klasika, nemari D\u017eeko Londono istorija apie \u017emogaus ir laukinio keturkojo draugyst\u0119. Ji nutiko r\u016bs\u010diuoju Aukso kar\u0161tin\u0117s laikotarpiu nepaprasto gro\u017eio kalnuose. Baltoji Iltis \u2013 vilkas, u\u017eaug\u0119s at\u0161iauriame pasaulyje, kiekvien\u0105 akimirk\u0105 kovoj\u0119s d\u0117l galimyb\u0117s i\u0161likti, patenka \u012f visai kit\u0105 aplink\u0105, kurioje nubunda geriausios jo prigimties savyb\u0117s.  Baltoji Iltis paveld\u0117jo gele\u017ein\u012f k\u016bn\u0105 ir Tyr\u0173 gyvybingum\u0105, ir jis \u2013 jo visuma ir kiekviena dalis skyrium \u2013 savo dvasia ir k\u016bnu kibo \u012f gyvenim\u0105 taip atkakliai, kaip ir dera visoms stiprioms b\u016btyb\u0117ms.","og_url":"https:\/\/skaitytaknyga.lt\/en\/produktas\/jack-london-baltoji-iltis-nr-103\/","og_site_name":"Skaitytaknyga","article_publisher":"https:\/\/www.facebook.com\/skaitytaknyga\/","article_modified_time":"2025-03-02T14:37:17+00:00","og_image":[{"width":362,"height":559,"url":"https:\/\/skaitytaknyga.lt\/wp-content\/uploads\/2024\/04\/d.k._nr._103.jpg","type":"image\/jpeg"}],"twitter_card":"summary_large_image","schema":{"@context":"https:\/\/schema.org","@graph":[{"@type":"WebPage","@id":"https:\/\/skaitytaknyga.lt\/produktas\/jack-london-baltoji-iltis-nr-103\/","url":"https:\/\/skaitytaknyga.lt\/produktas\/jack-london-baltoji-iltis-nr-103\/","name":"Jack London \u201eBaltoji iltis\u201c (Nr. 103)","isPartOf":{"@id":"https:\/\/skaitytaknyga.lt\/#website"},"primaryImageOfPage":{"@id":"https:\/\/skaitytaknyga.lt\/produktas\/jack-london-baltoji-iltis-nr-103\/#primaryimage"},"image":{"@id":"https:\/\/skaitytaknyga.lt\/produktas\/jack-london-baltoji-iltis-nr-103\/#primaryimage"},"thumbnailUrl":"https:\/\/skaitytaknyga.lt\/wp-content\/uploads\/2024\/04\/d.k._nr._103.jpg","datePublished":"2024-04-17T13:38:48+00:00","dateModified":"2025-03-02T14:37:17+00:00","description":"U\u017eburianti klasika, nemari D\u017eeko Londono istorija apie \u017emogaus ir laukinio keturkojo draugyst\u0119. Ji nutiko r\u016bs\u010diuoju Aukso kar\u0161tin\u0117s laikotarpiu nepaprasto gro\u017eio kalnuose. Baltoji Iltis \u2013 vilkas, u\u017eaug\u0119s at\u0161iauriame pasaulyje, kiekvien\u0105 akimirk\u0105 kovoj\u0119s d\u0117l galimyb\u0117s i\u0161likti, patenka \u012f visai kit\u0105 aplink\u0105, kurioje nubunda geriausios jo prigimties savyb\u0117s. Baltoji Iltis paveld\u0117jo gele\u017ein\u012f k\u016bn\u0105 ir Tyr\u0173 gyvybingum\u0105, ir jis \u2013 jo visuma ir kiekviena dalis skyrium \u2013 savo dvasia ir k\u016bnu kibo \u012f gyvenim\u0105 taip atkakliai, kaip ir dera visoms stiprioms b\u016btyb\u0117ms.","breadcrumb":{"@id":"https:\/\/skaitytaknyga.lt\/produktas\/jack-london-baltoji-iltis-nr-103\/#breadcrumb"},"inLanguage":"en-GB","potentialAction":[{"@type":"ReadAction","target":["https:\/\/skaitytaknyga.lt\/produktas\/jack-london-baltoji-iltis-nr-103\/"]}]},{"@type":"ImageObject","inLanguage":"en-GB","@id":"https:\/\/skaitytaknyga.lt\/produktas\/jack-london-baltoji-iltis-nr-103\/#primaryimage","url":"https:\/\/skaitytaknyga.lt\/wp-content\/uploads\/2024\/04\/d.k._nr._103.jpg","contentUrl":"https:\/\/skaitytaknyga.lt\/wp-content\/uploads\/2024\/04\/d.k._nr._103.jpg","width":362,"height":559,"caption":"d.k. nr. 103"},{"@type":"BreadcrumbList","@id":"https:\/\/skaitytaknyga.lt\/produktas\/jack-london-baltoji-iltis-nr-103\/#breadcrumb","itemListElement":[{"@type":"ListItem","position":1,"name":"Home","item":"https:\/\/skaitytaknyga.lt\/"},{"@type":"ListItem","position":2,"name":"Parduotuv\u0117","item":"https:\/\/skaitytaknyga.lt\/knygu-parduotuve\/"},{"@type":"ListItem","position":3,"name":"Jack London \u201eBaltoji iltis\u201c (Nr. 103)"}]},{"@type":"WebSite","@id":"https:\/\/skaitytaknyga.lt\/#website","url":"https:\/\/skaitytaknyga.lt\/","name":"skaitytaknyga.lt","description":"Skaitytaknyga.lt \u2013 tai ma\u017eas \u0161eimos verslas, kuris prasid\u0117jo nuo meil\u0117s knygoms ir siekio i\u0161gelb\u0117ti knygas nuo likimo prie konteinerio. Kas vienam nereikalingas daiktas \u2013 kitam lobis, o mes esame tarpininkai, kurie padeda abiems tapti laimingesniems ???? \u017dinome kaip nelengva i\u0161gyventi ma\u017eiems verslams, tad nuo \u0161iol, \u010dia rasite ir kit\u0173, ma\u017e\u0173 \u0161eim\u0173 versl\u0173, rank\u0173 darbo, dovan\u0173 sau ir artimiesiems.","publisher":{"@id":"https:\/\/skaitytaknyga.lt\/#organization"},"potentialAction":[{"@type":"SearchAction","target":{"@type":"EntryPoint","urlTemplate":"https:\/\/skaitytaknyga.lt\/?s={search_term_string}"},"query-input":{"@type":"PropertyValueSpecification","valueRequired":true,"valueName":"search_term_string"}}],"inLanguage":"en-GB"},{"@type":"Organization","@id":"https:\/\/skaitytaknyga.lt\/#organization","name":"skaitytaknyga.lt","url":"https:\/\/skaitytaknyga.lt\/","logo":{"@type":"ImageObject","inLanguage":"en-GB","@id":"https:\/\/skaitytaknyga.lt\/#\/schema\/logo\/image\/","url":"https:\/\/skaitytaknyga.lt\/wp-content\/uploads\/2024\/05\/cropped-cropped-cropped-02_00843_jt3bggkj1j3HLc7SyY6rEUpg.jpeg","contentUrl":"https:\/\/skaitytaknyga.lt\/wp-content\/uploads\/2024\/05\/cropped-cropped-cropped-02_00843_jt3bggkj1j3HLc7SyY6rEUpg.jpeg","width":1600,"height":1600,"caption":"skaitytaknyga.lt"},"image":{"@id":"https:\/\/skaitytaknyga.lt\/#\/schema\/logo\/image\/"},"sameAs":["https:\/\/www.facebook.com\/skaitytaknyga\/"]}]}},"_links":{"self":[{"href":"https:\/\/skaitytaknyga.lt\/en\/wp-json\/wp\/v2\/product\/3856","targetHints":{"allow":["GET"]}}],"collection":[{"href":"https:\/\/skaitytaknyga.lt\/en\/wp-json\/wp\/v2\/product"}],"about":[{"href":"https:\/\/skaitytaknyga.lt\/en\/wp-json\/wp\/v2\/types\/product"}],"replies":[{"embeddable":true,"href":"https:\/\/skaitytaknyga.lt\/en\/wp-json\/wp\/v2\/comments?post=3856"}],"wp:featuredmedia":[{"embeddable":true,"href":"https:\/\/skaitytaknyga.lt\/en\/wp-json\/wp\/v2\/media\/3904"}],"wp:attachment":[{"href":"https:\/\/skaitytaknyga.lt\/en\/wp-json\/wp\/v2\/media?parent=3856"}],"wp:term":[{"taxonomy":"product_brand","embeddable":true,"href":"https:\/\/skaitytaknyga.lt\/en\/wp-json\/wp\/v2\/product_brand?post=3856"},{"taxonomy":"product_cat","embeddable":true,"href":"https:\/\/skaitytaknyga.lt\/en\/wp-json\/wp\/v2\/product_cat?post=3856"},{"taxonomy":"product_tag","embeddable":true,"href":"https:\/\/skaitytaknyga.lt\/en\/wp-json\/wp\/v2\/product_tag?post=3856"}],"curies":[{"name":"wp","href":"https:\/\/api.w.org\/{rel}","templated":true}]}}