{"id":3843,"date":"2024-04-17T16:38:47","date_gmt":"2024-04-17T13:38:47","guid":{"rendered":"https:\/\/skaitytaknyga.lt\/?post_type=product&#038;p=3843"},"modified":"2024-06-27T08:41:05","modified_gmt":"2024-06-27T05:41:05","slug":"julijanas-semionovas-majoras-viesulas","status":"publish","type":"product","link":"https:\/\/skaitytaknyga.lt\/en\/produktas\/julijanas-semionovas-majoras-viesulas\/","title":{"rendered":"Julijanas Semionovas \u201eMajoras Viesulas\u201c"},"content":{"rendered":"<p>J. Semionovas \u2013 daugelio politini\u0173 detektyv\u0173 autorius. Vienas populiariusi\u0173 tarybini\u0173 persona\u017e\u0173 \u2013 jo sukurtas herojus \u0161tandartenfiureris \u0160tirlicas, TSRS \u017evalgas i\u0161 roman\u0173 &#8220;Septyniolika pavasario akimirk\u0173&#8221;, &#8220;Briliantai proletariato diktat\u016brai&#8221;, &#8220;Majoras Viesulas&#8221; ir kt. Pagal jo romanus ir scenarijus sukurta daug menini\u0173 film\u0173: &#8220;Septyniolika pavasario akimirk\u0173&#8221;, &#8220;Majoras Viesulas&#8221;, &#8220;TASSas \u012fgaliotas pareik\u0161ti&#8221;, &#8220;Petrovka 38\u2033, &#8220;Ogariovo g. 8\u2033, &#8220;Isajevas&#8221; ir kt.<\/p>\n","protected":false},"excerpt":{"rendered":"<p>J. Semionovas \u2013 daugelio politini\u0173 detektyv\u0173 autorius. Vienas populiariusi\u0173 tarybini\u0173 persona\u017e\u0173 \u2013 jo sukurtas herojus \u0161tandartenfiureris \u0160tirlicas, TSRS \u017evalgas i\u0161 roman\u0173 &#8220;Septyniolika pavasario akimirk\u0173&#8221;, &#8220;Briliantai proletariato diktat\u016brai&#8221;, &#8220;Majoras Viesulas&#8221; ir kt. Pagal jo romanus ir scenarijus sukurta daug menini\u0173 film\u0173: &#8220;Septyniolika pavasario akimirk\u0173&#8221;, &#8220;Majoras Viesulas&#8221;, &#8220;TASSas \u012fgaliotas pareik\u0161ti&#8221;, &#8220;Petrovka 38\u2033, &#8220;Ogariovo g. 8\u2033, &#8220;Isajevas&#8221; ir kt.<\/p>\n","protected":false},"featured_media":3873,"comment_status":"closed","ping_status":"closed","template":"","meta":{"_acf_changed":false,"site-sidebar-layout":"default","site-content-layout":"","ast-site-content-layout":"default","site-content-style":"default","site-sidebar-style":"default","ast-global-header-display":"","ast-banner-title-visibility":"","ast-main-header-display":"","ast-hfb-above-header-display":"","ast-hfb-below-header-display":"","ast-hfb-mobile-header-display":"","site-post-title":"","ast-breadcrumbs-content":"","ast-featured-img":"","footer-sml-layout":"","ast-disable-related-posts":"","theme-transparent-header-meta":"","adv-header-id-meta":"","stick-header-meta":"","header-above-stick-meta":"","header-main-stick-meta":"","header-below-stick-meta":"","astra-migrate-meta-layouts":"default","ast-page-background-enabled":"default","ast-page-background-meta":{"desktop":{"background-color":"","background-image":"","background-repeat":"repeat","background-position":"center center","background-size":"auto","background-attachment":"scroll","background-type":"","background-media":"","overlay-type":"","overlay-color":"","overlay-opacity":"","overlay-gradient":""},"tablet":{"background-color":"","background-image":"","background-repeat":"repeat","background-position":"center center","background-size":"auto","background-attachment":"scroll","background-type":"","background-media":"","overlay-type":"","overlay-color":"","overlay-opacity":"","overlay-gradient":""},"mobile":{"background-color":"","background-image":"","background-repeat":"repeat","background-position":"center center","background-size":"auto","background-attachment":"scroll","background-type":"","background-media":"","overlay-type":"","overlay-color":"","overlay-opacity":"","overlay-gradient":""}},"ast-content-background-meta":{"desktop":{"background-color":"var(--ast-global-color-4)","background-image":"","background-repeat":"repeat","background-position":"center center","background-size":"auto","background-attachment":"scroll","background-type":"","background-media":"","overlay-type":"","overlay-color":"","overlay-opacity":"","overlay-gradient":""},"tablet":{"background-color":"var(--ast-global-color-4)","background-image":"","background-repeat":"repeat","background-position":"center center","background-size":"auto","background-attachment":"scroll","background-type":"","background-media":"","overlay-type":"","overlay-color":"","overlay-opacity":"","overlay-gradient":""},"mobile":{"background-color":"var(--ast-global-color-4)","background-image":"","background-repeat":"repeat","background-position":"center center","background-size":"auto","background-attachment":"scroll","background-type":"","background-media":"","overlay-type":"","overlay-color":"","overlay-opacity":"","overlay-gradient":""}}},"product_brand":[],"product_cat":[484],"product_tag":[],"class_list":{"0":"post-3843","1":"product","2":"type-product","3":"status-publish","4":"has-post-thumbnail","6":"product_cat-drasiuju-keliai","7":"desktop-align-left","8":"tablet-align-left","9":"mobile-align-left","11":"first","12":"instock","13":"shipping-taxable","14":"purchasable","15":"product-type-simple"},"acf":[],"yoast_head":"<!-- This site is optimized with the Yoast SEO plugin v27.0 - https:\/\/yoast.com\/product\/yoast-seo-wordpress\/ -->\n<title>Julijanas Semionovas \u201eMajoras Viesulas\u201c - Skaitytaknyga<\/title>\n<meta name=\"description\" content=\"J. Semionovas \u2013 daugelio politini\u0173 detektyv\u0173 autorius. Vienas populiariusi\u0173 tarybini\u0173 persona\u017e\u0173 \u2013 jo sukurtas herojus \u0161tandartenfiureris \u0160tirlicas, TSRS \u017evalgas i\u0161 roman\u0173 &quot;Septyniolika pavasario akimirk\u0173&quot;, &quot;Briliantai proletariato diktat\u016brai&quot;, &quot;Majoras Viesulas&quot; ir kt. Pagal jo romanus ir scenarijus sukurta daug menini\u0173 film\u0173: &quot;Septyniolika pavasario akimirk\u0173&quot;, &quot;Majoras Viesulas&quot;, &quot;TASSas \u012fgaliotas pareik\u0161ti&quot;, &quot;Petrovka 38\u2033, &quot;Ogariovo g. 8\u2033, &quot;Isajevas&quot; ir kt.\" \/>\n<meta name=\"robots\" content=\"index, follow, max-snippet:-1, max-image-preview:large, max-video-preview:-1\" \/>\n<link rel=\"canonical\" href=\"https:\/\/skaitytaknyga.lt\/en\/produktas\/julijanas-semionovas-majoras-viesulas\/\" \/>\n<meta property=\"og:locale\" content=\"en_GB\" \/>\n<meta property=\"og:locale:alternate\" content=\"lt_LT\" \/>\n<meta property=\"og:type\" content=\"article\" \/>\n<meta property=\"og:title\" content=\"Julijanas Semionovas \u201eMajoras Viesulas\u201c - Skaitytaknyga\" \/>\n<meta property=\"og:description\" content=\"J. Semionovas \u2013 daugelio politini\u0173 detektyv\u0173 autorius. Vienas populiariusi\u0173 tarybini\u0173 persona\u017e\u0173 \u2013 jo sukurtas herojus \u0161tandartenfiureris \u0160tirlicas, TSRS \u017evalgas i\u0161 roman\u0173 &quot;Septyniolika pavasario akimirk\u0173&quot;, &quot;Briliantai proletariato diktat\u016brai&quot;, &quot;Majoras Viesulas&quot; ir kt. Pagal jo romanus ir scenarijus sukurta daug menini\u0173 film\u0173: &quot;Septyniolika pavasario akimirk\u0173&quot;, &quot;Majoras Viesulas&quot;, &quot;TASSas \u012fgaliotas pareik\u0161ti&quot;, &quot;Petrovka 38\u2033, &quot;Ogariovo g. 8\u2033, &quot;Isajevas&quot; ir kt.\" \/>\n<meta property=\"og:url\" content=\"https:\/\/skaitytaknyga.lt\/en\/produktas\/julijanas-semionovas-majoras-viesulas\/\" \/>\n<meta property=\"og:site_name\" content=\"Skaitytaknyga\" \/>\n<meta property=\"article:publisher\" content=\"https:\/\/www.facebook.com\/skaitytaknyga\/\" \/>\n<meta property=\"article:modified_time\" content=\"2024-06-27T05:41:05+00:00\" \/>\n<meta property=\"og:image\" content=\"https:\/\/skaitytaknyga.lt\/wp-content\/uploads\/2024\/04\/1527489124_hjhjhjhjhj.jpg\" \/>\n\t<meta property=\"og:image:width\" content=\"255\" \/>\n\t<meta property=\"og:image:height\" content=\"430\" \/>\n\t<meta property=\"og:image:type\" content=\"image\/jpeg\" \/>\n<meta name=\"twitter:card\" content=\"summary_large_image\" \/>\n<script type=\"application\/ld+json\" class=\"yoast-schema-graph\">{\"@context\":\"https:\/\/schema.org\",\"@graph\":[{\"@type\":\"WebPage\",\"@id\":\"https:\/\/skaitytaknyga.lt\/produktas\/julijanas-semionovas-majoras-viesulas\/\",\"url\":\"https:\/\/skaitytaknyga.lt\/produktas\/julijanas-semionovas-majoras-viesulas\/\",\"name\":\"Julijanas Semionovas \u201eMajoras Viesulas\u201c - Skaitytaknyga\",\"isPartOf\":{\"@id\":\"https:\/\/skaitytaknyga.lt\/#website\"},\"primaryImageOfPage\":{\"@id\":\"https:\/\/skaitytaknyga.lt\/produktas\/julijanas-semionovas-majoras-viesulas\/#primaryimage\"},\"image\":{\"@id\":\"https:\/\/skaitytaknyga.lt\/produktas\/julijanas-semionovas-majoras-viesulas\/#primaryimage\"},\"thumbnailUrl\":\"https:\/\/skaitytaknyga.lt\/wp-content\/uploads\/2024\/04\/1527489124_hjhjhjhjhj.jpg\",\"datePublished\":\"2024-04-17T13:38:47+00:00\",\"dateModified\":\"2024-06-27T05:41:05+00:00\",\"description\":\"J. Semionovas \u2013 daugelio politini\u0173 detektyv\u0173 autorius. Vienas populiariusi\u0173 tarybini\u0173 persona\u017e\u0173 \u2013 jo sukurtas herojus \u0161tandartenfiureris \u0160tirlicas, TSRS \u017evalgas i\u0161 roman\u0173 \\\"Septyniolika pavasario akimirk\u0173\\\", \\\"Briliantai proletariato diktat\u016brai\\\", \\\"Majoras Viesulas\\\" ir kt. Pagal jo romanus ir scenarijus sukurta daug menini\u0173 film\u0173: \\\"Septyniolika pavasario akimirk\u0173\\\", \\\"Majoras Viesulas\\\", \\\"TASSas \u012fgaliotas pareik\u0161ti\\\", \\\"Petrovka 38\u2033, \\\"Ogariovo g. 8\u2033, \\\"Isajevas\\\" ir kt.\",\"breadcrumb\":{\"@id\":\"https:\/\/skaitytaknyga.lt\/produktas\/julijanas-semionovas-majoras-viesulas\/#breadcrumb\"},\"inLanguage\":\"en-GB\",\"potentialAction\":[{\"@type\":\"ReadAction\",\"target\":[\"https:\/\/skaitytaknyga.lt\/produktas\/julijanas-semionovas-majoras-viesulas\/\"]}]},{\"@type\":\"ImageObject\",\"inLanguage\":\"en-GB\",\"@id\":\"https:\/\/skaitytaknyga.lt\/produktas\/julijanas-semionovas-majoras-viesulas\/#primaryimage\",\"url\":\"https:\/\/skaitytaknyga.lt\/wp-content\/uploads\/2024\/04\/1527489124_hjhjhjhjhj.jpg\",\"contentUrl\":\"https:\/\/skaitytaknyga.lt\/wp-content\/uploads\/2024\/04\/1527489124_hjhjhjhjhj.jpg\",\"width\":255,\"height\":430,\"caption\":\"1527489124 hjhjhjhjhj\"},{\"@type\":\"BreadcrumbList\",\"@id\":\"https:\/\/skaitytaknyga.lt\/produktas\/julijanas-semionovas-majoras-viesulas\/#breadcrumb\",\"itemListElement\":[{\"@type\":\"ListItem\",\"position\":1,\"name\":\"Home\",\"item\":\"https:\/\/skaitytaknyga.lt\/\"},{\"@type\":\"ListItem\",\"position\":2,\"name\":\"Parduotuv\u0117\",\"item\":\"https:\/\/skaitytaknyga.lt\/knygu-parduotuve\/\"},{\"@type\":\"ListItem\",\"position\":3,\"name\":\"Julijanas Semionovas \u201eMajoras Viesulas\u201c\"}]},{\"@type\":\"WebSite\",\"@id\":\"https:\/\/skaitytaknyga.lt\/#website\",\"url\":\"https:\/\/skaitytaknyga.lt\/\",\"name\":\"skaitytaknyga.lt\",\"description\":\"Skaitytaknyga.lt \u2013 tai ma\u017eas \u0161eimos verslas, kuris prasid\u0117jo nuo meil\u0117s knygoms ir siekio i\u0161gelb\u0117ti knygas nuo likimo prie konteinerio. Kas vienam nereikalingas daiktas \u2013 kitam lobis, o mes esame tarpininkai, kurie padeda abiems tapti laimingesniems ???? \u017dinome kaip nelengva i\u0161gyventi ma\u017eiems verslams, tad nuo \u0161iol, \u010dia rasite ir kit\u0173, ma\u017e\u0173 \u0161eim\u0173 versl\u0173, rank\u0173 darbo, dovan\u0173 sau ir artimiesiems.\",\"publisher\":{\"@id\":\"https:\/\/skaitytaknyga.lt\/#organization\"},\"potentialAction\":[{\"@type\":\"SearchAction\",\"target\":{\"@type\":\"EntryPoint\",\"urlTemplate\":\"https:\/\/skaitytaknyga.lt\/?s={search_term_string}\"},\"query-input\":{\"@type\":\"PropertyValueSpecification\",\"valueRequired\":true,\"valueName\":\"search_term_string\"}}],\"inLanguage\":\"en-GB\"},{\"@type\":\"Organization\",\"@id\":\"https:\/\/skaitytaknyga.lt\/#organization\",\"name\":\"skaitytaknyga.lt\",\"url\":\"https:\/\/skaitytaknyga.lt\/\",\"logo\":{\"@type\":\"ImageObject\",\"inLanguage\":\"en-GB\",\"@id\":\"https:\/\/skaitytaknyga.lt\/#\/schema\/logo\/image\/\",\"url\":\"https:\/\/skaitytaknyga.lt\/wp-content\/uploads\/2024\/05\/cropped-cropped-cropped-02_00843_jt3bggkj1j3HLc7SyY6rEUpg.jpeg\",\"contentUrl\":\"https:\/\/skaitytaknyga.lt\/wp-content\/uploads\/2024\/05\/cropped-cropped-cropped-02_00843_jt3bggkj1j3HLc7SyY6rEUpg.jpeg\",\"width\":1600,\"height\":1600,\"caption\":\"skaitytaknyga.lt\"},\"image\":{\"@id\":\"https:\/\/skaitytaknyga.lt\/#\/schema\/logo\/image\/\"},\"sameAs\":[\"https:\/\/www.facebook.com\/skaitytaknyga\/\"]}]}<\/script>\n<!-- \/ Yoast SEO plugin. -->","yoast_head_json":{"title":"Julijanas Semionovas \u201eMajoras Viesulas\u201c - Skaitytaknyga","description":"J. Semionovas \u2013 daugelio politini\u0173 detektyv\u0173 autorius. Vienas populiariusi\u0173 tarybini\u0173 persona\u017e\u0173 \u2013 jo sukurtas herojus \u0161tandartenfiureris \u0160tirlicas, TSRS \u017evalgas i\u0161 roman\u0173 \"Septyniolika pavasario akimirk\u0173\", \"Briliantai proletariato diktat\u016brai\", \"Majoras Viesulas\" ir kt. Pagal jo romanus ir scenarijus sukurta daug menini\u0173 film\u0173: \"Septyniolika pavasario akimirk\u0173\", \"Majoras Viesulas\", \"TASSas \u012fgaliotas pareik\u0161ti\", \"Petrovka 38\u2033, \"Ogariovo g. 8\u2033, \"Isajevas\" ir kt.","robots":{"index":"index","follow":"follow","max-snippet":"max-snippet:-1","max-image-preview":"max-image-preview:large","max-video-preview":"max-video-preview:-1"},"canonical":"https:\/\/skaitytaknyga.lt\/en\/produktas\/julijanas-semionovas-majoras-viesulas\/","og_locale":"en_GB","og_type":"article","og_title":"Julijanas Semionovas \u201eMajoras Viesulas\u201c - Skaitytaknyga","og_description":"J. Semionovas \u2013 daugelio politini\u0173 detektyv\u0173 autorius. Vienas populiariusi\u0173 tarybini\u0173 persona\u017e\u0173 \u2013 jo sukurtas herojus \u0161tandartenfiureris \u0160tirlicas, TSRS \u017evalgas i\u0161 roman\u0173 \"Septyniolika pavasario akimirk\u0173\", \"Briliantai proletariato diktat\u016brai\", \"Majoras Viesulas\" ir kt. Pagal jo romanus ir scenarijus sukurta daug menini\u0173 film\u0173: \"Septyniolika pavasario akimirk\u0173\", \"Majoras Viesulas\", \"TASSas \u012fgaliotas pareik\u0161ti\", \"Petrovka 38\u2033, \"Ogariovo g. 8\u2033, \"Isajevas\" ir kt.","og_url":"https:\/\/skaitytaknyga.lt\/en\/produktas\/julijanas-semionovas-majoras-viesulas\/","og_site_name":"Skaitytaknyga","article_publisher":"https:\/\/www.facebook.com\/skaitytaknyga\/","article_modified_time":"2024-06-27T05:41:05+00:00","og_image":[{"width":255,"height":430,"url":"https:\/\/skaitytaknyga.lt\/wp-content\/uploads\/2024\/04\/1527489124_hjhjhjhjhj.jpg","type":"image\/jpeg"}],"twitter_card":"summary_large_image","schema":{"@context":"https:\/\/schema.org","@graph":[{"@type":"WebPage","@id":"https:\/\/skaitytaknyga.lt\/produktas\/julijanas-semionovas-majoras-viesulas\/","url":"https:\/\/skaitytaknyga.lt\/produktas\/julijanas-semionovas-majoras-viesulas\/","name":"Julijanas Semionovas \u201eMajoras Viesulas\u201c - Skaitytaknyga","isPartOf":{"@id":"https:\/\/skaitytaknyga.lt\/#website"},"primaryImageOfPage":{"@id":"https:\/\/skaitytaknyga.lt\/produktas\/julijanas-semionovas-majoras-viesulas\/#primaryimage"},"image":{"@id":"https:\/\/skaitytaknyga.lt\/produktas\/julijanas-semionovas-majoras-viesulas\/#primaryimage"},"thumbnailUrl":"https:\/\/skaitytaknyga.lt\/wp-content\/uploads\/2024\/04\/1527489124_hjhjhjhjhj.jpg","datePublished":"2024-04-17T13:38:47+00:00","dateModified":"2024-06-27T05:41:05+00:00","description":"J. Semionovas \u2013 daugelio politini\u0173 detektyv\u0173 autorius. Vienas populiariusi\u0173 tarybini\u0173 persona\u017e\u0173 \u2013 jo sukurtas herojus \u0161tandartenfiureris \u0160tirlicas, TSRS \u017evalgas i\u0161 roman\u0173 \"Septyniolika pavasario akimirk\u0173\", \"Briliantai proletariato diktat\u016brai\", \"Majoras Viesulas\" ir kt. Pagal jo romanus ir scenarijus sukurta daug menini\u0173 film\u0173: \"Septyniolika pavasario akimirk\u0173\", \"Majoras Viesulas\", \"TASSas \u012fgaliotas pareik\u0161ti\", \"Petrovka 38\u2033, \"Ogariovo g. 8\u2033, \"Isajevas\" ir kt.","breadcrumb":{"@id":"https:\/\/skaitytaknyga.lt\/produktas\/julijanas-semionovas-majoras-viesulas\/#breadcrumb"},"inLanguage":"en-GB","potentialAction":[{"@type":"ReadAction","target":["https:\/\/skaitytaknyga.lt\/produktas\/julijanas-semionovas-majoras-viesulas\/"]}]},{"@type":"ImageObject","inLanguage":"en-GB","@id":"https:\/\/skaitytaknyga.lt\/produktas\/julijanas-semionovas-majoras-viesulas\/#primaryimage","url":"https:\/\/skaitytaknyga.lt\/wp-content\/uploads\/2024\/04\/1527489124_hjhjhjhjhj.jpg","contentUrl":"https:\/\/skaitytaknyga.lt\/wp-content\/uploads\/2024\/04\/1527489124_hjhjhjhjhj.jpg","width":255,"height":430,"caption":"1527489124 hjhjhjhjhj"},{"@type":"BreadcrumbList","@id":"https:\/\/skaitytaknyga.lt\/produktas\/julijanas-semionovas-majoras-viesulas\/#breadcrumb","itemListElement":[{"@type":"ListItem","position":1,"name":"Home","item":"https:\/\/skaitytaknyga.lt\/"},{"@type":"ListItem","position":2,"name":"Parduotuv\u0117","item":"https:\/\/skaitytaknyga.lt\/knygu-parduotuve\/"},{"@type":"ListItem","position":3,"name":"Julijanas Semionovas \u201eMajoras Viesulas\u201c"}]},{"@type":"WebSite","@id":"https:\/\/skaitytaknyga.lt\/#website","url":"https:\/\/skaitytaknyga.lt\/","name":"skaitytaknyga.lt","description":"Skaitytaknyga.lt \u2013 tai ma\u017eas \u0161eimos verslas, kuris prasid\u0117jo nuo meil\u0117s knygoms ir siekio i\u0161gelb\u0117ti knygas nuo likimo prie konteinerio. Kas vienam nereikalingas daiktas \u2013 kitam lobis, o mes esame tarpininkai, kurie padeda abiems tapti laimingesniems ???? \u017dinome kaip nelengva i\u0161gyventi ma\u017eiems verslams, tad nuo \u0161iol, \u010dia rasite ir kit\u0173, ma\u017e\u0173 \u0161eim\u0173 versl\u0173, rank\u0173 darbo, dovan\u0173 sau ir artimiesiems.","publisher":{"@id":"https:\/\/skaitytaknyga.lt\/#organization"},"potentialAction":[{"@type":"SearchAction","target":{"@type":"EntryPoint","urlTemplate":"https:\/\/skaitytaknyga.lt\/?s={search_term_string}"},"query-input":{"@type":"PropertyValueSpecification","valueRequired":true,"valueName":"search_term_string"}}],"inLanguage":"en-GB"},{"@type":"Organization","@id":"https:\/\/skaitytaknyga.lt\/#organization","name":"skaitytaknyga.lt","url":"https:\/\/skaitytaknyga.lt\/","logo":{"@type":"ImageObject","inLanguage":"en-GB","@id":"https:\/\/skaitytaknyga.lt\/#\/schema\/logo\/image\/","url":"https:\/\/skaitytaknyga.lt\/wp-content\/uploads\/2024\/05\/cropped-cropped-cropped-02_00843_jt3bggkj1j3HLc7SyY6rEUpg.jpeg","contentUrl":"https:\/\/skaitytaknyga.lt\/wp-content\/uploads\/2024\/05\/cropped-cropped-cropped-02_00843_jt3bggkj1j3HLc7SyY6rEUpg.jpeg","width":1600,"height":1600,"caption":"skaitytaknyga.lt"},"image":{"@id":"https:\/\/skaitytaknyga.lt\/#\/schema\/logo\/image\/"},"sameAs":["https:\/\/www.facebook.com\/skaitytaknyga\/"]}]}},"_links":{"self":[{"href":"https:\/\/skaitytaknyga.lt\/en\/wp-json\/wp\/v2\/product\/3843","targetHints":{"allow":["GET"]}}],"collection":[{"href":"https:\/\/skaitytaknyga.lt\/en\/wp-json\/wp\/v2\/product"}],"about":[{"href":"https:\/\/skaitytaknyga.lt\/en\/wp-json\/wp\/v2\/types\/product"}],"replies":[{"embeddable":true,"href":"https:\/\/skaitytaknyga.lt\/en\/wp-json\/wp\/v2\/comments?post=3843"}],"wp:featuredmedia":[{"embeddable":true,"href":"https:\/\/skaitytaknyga.lt\/en\/wp-json\/wp\/v2\/media\/3873"}],"wp:attachment":[{"href":"https:\/\/skaitytaknyga.lt\/en\/wp-json\/wp\/v2\/media?parent=3843"}],"wp:term":[{"taxonomy":"product_brand","embeddable":true,"href":"https:\/\/skaitytaknyga.lt\/en\/wp-json\/wp\/v2\/product_brand?post=3843"},{"taxonomy":"product_cat","embeddable":true,"href":"https:\/\/skaitytaknyga.lt\/en\/wp-json\/wp\/v2\/product_cat?post=3843"},{"taxonomy":"product_tag","embeddable":true,"href":"https:\/\/skaitytaknyga.lt\/en\/wp-json\/wp\/v2\/product_tag?post=3843"}],"curies":[{"name":"wp","href":"https:\/\/api.w.org\/{rel}","templated":true}]}}