{"id":3783,"date":"2024-04-17T13:37:30","date_gmt":"2024-04-17T13:37:30","guid":{"rendered":"https:\/\/skaitytaknyga.lt\/?post_type=product&#038;p=3783"},"modified":"2025-05-03T10:19:47","modified_gmt":"2025-05-03T07:19:47","slug":"r-esenovas-dykumos-vaiduokliai-nr-117","status":"publish","type":"product","link":"https:\/\/skaitytaknyga.lt\/en\/produktas\/r-esenovas-dykumos-vaiduokliai-nr-117\/","title":{"rendered":"R. Esenovas \u201eDykumos vaiduokliai\u201c (Nr. 117)"},"content":{"rendered":"","protected":false},"excerpt":{"rendered":"<p>Nuotyki\u0173 romanas. Pa\u010diame Karakum\u0173 pakra\u0161tyje, netoli m\u0117lynuojan\u010di\u0173 Kopetdago priekalni\u0173, \u0161lovingame \u0160echrislamo mieste, \u017einomame savo pla\u010diomis aik\u0161t\u0117mis, visomis vaivoryk\u0161t\u0117s varsomis saul\u0117je tviskan\u010diomis me\u010det\u0117mis, smailiais minaretais ir dantytais citadeli\u0173 bok\u0161tais, ky\u0161an\u010diais vir\u0161 pav\u0117sing\u0173 platan\u0173, skambiabalsiame metalo meistr\u0173 kvartale gyveno \u012f\u017eymus metalo kal\u0117jas ir sidabro lydytojas Muchamedas ibn Machmudas. Jis i\u0161garsino savo gimin\u0119 ne vien nam\u0173 apyvokos reikmenimis. Nisos centurionai, Mervo kariai u\u017esisakin\u0117jo pas j\u012f kardus i\u0161 Damasko plieno, lengvus kaip p\u016bkas, a\u0161trius kaip geluonis. Jo nukaltos ietys, \u0161arviniai mar\u0161kiniai ir \u0161almai buvo garbinami Irane ir Kinijoje, Indijoje ir Arabijoje&#8230; ..<\/p>\n","protected":false},"featured_media":3828,"comment_status":"closed","ping_status":"closed","template":"","meta":{"_acf_changed":false,"site-sidebar-layout":"default","site-content-layout":"","ast-site-content-layout":"default","site-content-style":"default","site-sidebar-style":"default","ast-global-header-display":"","ast-banner-title-visibility":"","ast-main-header-display":"","ast-hfb-above-header-display":"","ast-hfb-below-header-display":"","ast-hfb-mobile-header-display":"","site-post-title":"","ast-breadcrumbs-content":"","ast-featured-img":"","footer-sml-layout":"","ast-disable-related-posts":"","theme-transparent-header-meta":"default","adv-header-id-meta":"","stick-header-meta":"","header-above-stick-meta":"","header-main-stick-meta":"","header-below-stick-meta":"","astra-migrate-meta-layouts":"set","ast-page-background-enabled":"default","ast-page-background-meta":{"desktop":{"background-color":"","background-image":"","background-repeat":"repeat","background-position":"center center","background-size":"auto","background-attachment":"scroll","background-type":"","background-media":"","overlay-type":"","overlay-color":"","overlay-opacity":"","overlay-gradient":""},"tablet":{"background-color":"","background-image":"","background-repeat":"repeat","background-position":"center center","background-size":"auto","background-attachment":"scroll","background-type":"","background-media":"","overlay-type":"","overlay-color":"","overlay-opacity":"","overlay-gradient":""},"mobile":{"background-color":"","background-image":"","background-repeat":"repeat","background-position":"center center","background-size":"auto","background-attachment":"scroll","background-type":"","background-media":"","overlay-type":"","overlay-color":"","overlay-opacity":"","overlay-gradient":""}},"ast-content-background-meta":{"desktop":{"background-color":"var(--ast-global-color-4)","background-image":"","background-repeat":"repeat","background-position":"center center","background-size":"auto","background-attachment":"scroll","background-type":"","background-media":"","overlay-type":"","overlay-color":"","overlay-opacity":"","overlay-gradient":""},"tablet":{"background-color":"var(--ast-global-color-4)","background-image":"","background-repeat":"repeat","background-position":"center center","background-size":"auto","background-attachment":"scroll","background-type":"","background-media":"","overlay-type":"","overlay-color":"","overlay-opacity":"","overlay-gradient":""},"mobile":{"background-color":"var(--ast-global-color-4)","background-image":"","background-repeat":"repeat","background-position":"center center","background-size":"auto","background-attachment":"scroll","background-type":"","background-media":"","overlay-type":"","overlay-color":"","overlay-opacity":"","overlay-gradient":""}}},"product_brand":[],"product_cat":[484],"product_tag":[],"class_list":{"0":"post-3783","1":"product","2":"type-product","3":"status-publish","4":"has-post-thumbnail","6":"product_cat-drasiuju-keliai","7":"desktop-align-left","8":"tablet-align-left","9":"mobile-align-left","11":"first","12":"instock","13":"shipping-taxable","14":"purchasable","15":"product-type-simple"},"acf":[],"yoast_head":"<!-- This site is optimized with the Yoast SEO plugin v27.0 - https:\/\/yoast.com\/product\/yoast-seo-wordpress\/ -->\n<title>R. Esenovas \u201eDykumos vaiduokliai\u201c (Nr. 117) - Skaitytaknyga<\/title>\n<meta name=\"description\" content=\"Nuotyki\u0173 romanas. Pa\u010diame Karakum\u0173 pakra\u0161tyje, netoli m\u0117lynuojan\u010di\u0173 Kopetdago priekalni\u0173, \u0161lovingame \u0160echrislamo mieste, \u017einomame savo pla\u010diomis aik\u0161t\u0117mis, visomis vaivoryk\u0161t\u0117s varsomis saul\u0117je tviskan\u010diomis me\u010det\u0117mis, smailiais minaretais ir dantytais citadeli\u0173 bok\u0161tais, ky\u0161an\u010diais vir\u0161 pav\u0117sing\u0173 platan\u0173, skambiabalsiame metalo meistr\u0173 kvartale gyveno \u012f\u017eymus metalo kal\u0117jas ir sidabro lydytojas Muchamedas ibn Machmudas. Jis i\u0161garsino savo gimin\u0119 ne vien nam\u0173 apyvokos reikmenimis. Nisos centurionai, Mervo kariai u\u017esisakin\u0117jo pas j\u012f kardus i\u0161 Damasko plieno, lengvus kaip p\u016bkas, a\u0161trius kaip geluonis. Jo nukaltos ietys, \u0161arviniai mar\u0161kiniai ir \u0161almai buvo garbinami Irane ir Kinijoje, Indijoje ir Arabijoje... ..\" \/>\n<meta name=\"robots\" content=\"index, follow, max-snippet:-1, max-image-preview:large, max-video-preview:-1\" \/>\n<link rel=\"canonical\" href=\"https:\/\/skaitytaknyga.lt\/en\/produktas\/r-esenovas-dykumos-vaiduokliai-nr-117\/\" \/>\n<meta property=\"og:locale\" content=\"en_GB\" \/>\n<meta property=\"og:locale:alternate\" content=\"lt_LT\" \/>\n<meta property=\"og:type\" content=\"article\" \/>\n<meta property=\"og:title\" content=\"R. Esenovas \u201eDykumos vaiduokliai\u201c (Nr. 117) - Skaitytaknyga\" \/>\n<meta property=\"og:description\" content=\"Nuotyki\u0173 romanas. Pa\u010diame Karakum\u0173 pakra\u0161tyje, netoli m\u0117lynuojan\u010di\u0173 Kopetdago priekalni\u0173, \u0161lovingame \u0160echrislamo mieste, \u017einomame savo pla\u010diomis aik\u0161t\u0117mis, visomis vaivoryk\u0161t\u0117s varsomis saul\u0117je tviskan\u010diomis me\u010det\u0117mis, smailiais minaretais ir dantytais citadeli\u0173 bok\u0161tais, ky\u0161an\u010diais vir\u0161 pav\u0117sing\u0173 platan\u0173, skambiabalsiame metalo meistr\u0173 kvartale gyveno \u012f\u017eymus metalo kal\u0117jas ir sidabro lydytojas Muchamedas ibn Machmudas. Jis i\u0161garsino savo gimin\u0119 ne vien nam\u0173 apyvokos reikmenimis. Nisos centurionai, Mervo kariai u\u017esisakin\u0117jo pas j\u012f kardus i\u0161 Damasko plieno, lengvus kaip p\u016bkas, a\u0161trius kaip geluonis. Jo nukaltos ietys, \u0161arviniai mar\u0161kiniai ir \u0161almai buvo garbinami Irane ir Kinijoje, Indijoje ir Arabijoje... ..\" \/>\n<meta property=\"og:url\" content=\"https:\/\/skaitytaknyga.lt\/en\/produktas\/r-esenovas-dykumos-vaiduokliai-nr-117\/\" \/>\n<meta property=\"og:site_name\" content=\"Skaitytaknyga\" \/>\n<meta property=\"article:publisher\" content=\"https:\/\/www.facebook.com\/skaitytaknyga\/\" \/>\n<meta property=\"article:modified_time\" content=\"2025-05-03T07:19:47+00:00\" \/>\n<meta property=\"og:image\" content=\"https:\/\/skaitytaknyga.lt\/wp-content\/uploads\/2024\/04\/Be-pavadinimo-4.png\" \/>\n\t<meta property=\"og:image:width\" content=\"363\" \/>\n\t<meta property=\"og:image:height\" content=\"585\" \/>\n\t<meta property=\"og:image:type\" content=\"image\/png\" \/>\n<meta name=\"twitter:card\" content=\"summary_large_image\" \/>\n<script type=\"application\/ld+json\" class=\"yoast-schema-graph\">{\"@context\":\"https:\/\/schema.org\",\"@graph\":[{\"@type\":\"WebPage\",\"@id\":\"https:\/\/skaitytaknyga.lt\/produktas\/r-esenovas-dykumos-vaiduokliai-nr-117\/\",\"url\":\"https:\/\/skaitytaknyga.lt\/produktas\/r-esenovas-dykumos-vaiduokliai-nr-117\/\",\"name\":\"R. Esenovas \u201eDykumos vaiduokliai\u201c (Nr. 117) - Skaitytaknyga\",\"isPartOf\":{\"@id\":\"https:\/\/skaitytaknyga.lt\/#website\"},\"primaryImageOfPage\":{\"@id\":\"https:\/\/skaitytaknyga.lt\/produktas\/r-esenovas-dykumos-vaiduokliai-nr-117\/#primaryimage\"},\"image\":{\"@id\":\"https:\/\/skaitytaknyga.lt\/produktas\/r-esenovas-dykumos-vaiduokliai-nr-117\/#primaryimage\"},\"thumbnailUrl\":\"https:\/\/skaitytaknyga.lt\/wp-content\/uploads\/2024\/04\/Be-pavadinimo-4.png\",\"datePublished\":\"2024-04-17T13:37:30+00:00\",\"dateModified\":\"2025-05-03T07:19:47+00:00\",\"description\":\"Nuotyki\u0173 romanas. Pa\u010diame Karakum\u0173 pakra\u0161tyje, netoli m\u0117lynuojan\u010di\u0173 Kopetdago priekalni\u0173, \u0161lovingame \u0160echrislamo mieste, \u017einomame savo pla\u010diomis aik\u0161t\u0117mis, visomis vaivoryk\u0161t\u0117s varsomis saul\u0117je tviskan\u010diomis me\u010det\u0117mis, smailiais minaretais ir dantytais citadeli\u0173 bok\u0161tais, ky\u0161an\u010diais vir\u0161 pav\u0117sing\u0173 platan\u0173, skambiabalsiame metalo meistr\u0173 kvartale gyveno \u012f\u017eymus metalo kal\u0117jas ir sidabro lydytojas Muchamedas ibn Machmudas. Jis i\u0161garsino savo gimin\u0119 ne vien nam\u0173 apyvokos reikmenimis. Nisos centurionai, Mervo kariai u\u017esisakin\u0117jo pas j\u012f kardus i\u0161 Damasko plieno, lengvus kaip p\u016bkas, a\u0161trius kaip geluonis. Jo nukaltos ietys, \u0161arviniai mar\u0161kiniai ir \u0161almai buvo garbinami Irane ir Kinijoje, Indijoje ir Arabijoje... ..\",\"breadcrumb\":{\"@id\":\"https:\/\/skaitytaknyga.lt\/produktas\/r-esenovas-dykumos-vaiduokliai-nr-117\/#breadcrumb\"},\"inLanguage\":\"en-GB\",\"potentialAction\":[{\"@type\":\"ReadAction\",\"target\":[\"https:\/\/skaitytaknyga.lt\/produktas\/r-esenovas-dykumos-vaiduokliai-nr-117\/\"]}]},{\"@type\":\"ImageObject\",\"inLanguage\":\"en-GB\",\"@id\":\"https:\/\/skaitytaknyga.lt\/produktas\/r-esenovas-dykumos-vaiduokliai-nr-117\/#primaryimage\",\"url\":\"https:\/\/skaitytaknyga.lt\/wp-content\/uploads\/2024\/04\/Be-pavadinimo-4.png\",\"contentUrl\":\"https:\/\/skaitytaknyga.lt\/wp-content\/uploads\/2024\/04\/Be-pavadinimo-4.png\",\"width\":363,\"height\":585,\"caption\":\"Be pavadinimo 4\"},{\"@type\":\"BreadcrumbList\",\"@id\":\"https:\/\/skaitytaknyga.lt\/produktas\/r-esenovas-dykumos-vaiduokliai-nr-117\/#breadcrumb\",\"itemListElement\":[{\"@type\":\"ListItem\",\"position\":1,\"name\":\"Home\",\"item\":\"https:\/\/skaitytaknyga.lt\/\"},{\"@type\":\"ListItem\",\"position\":2,\"name\":\"Parduotuv\u0117\",\"item\":\"https:\/\/skaitytaknyga.lt\/knygu-parduotuve\/\"},{\"@type\":\"ListItem\",\"position\":3,\"name\":\"R. Esenovas \u201eDykumos vaiduokliai\u201c (Nr. 117)\"}]},{\"@type\":\"WebSite\",\"@id\":\"https:\/\/skaitytaknyga.lt\/#website\",\"url\":\"https:\/\/skaitytaknyga.lt\/\",\"name\":\"skaitytaknyga.lt\",\"description\":\"Skaitytaknyga.lt \u2013 tai ma\u017eas \u0161eimos verslas, kuris prasid\u0117jo nuo meil\u0117s knygoms ir siekio i\u0161gelb\u0117ti knygas nuo likimo prie konteinerio. Kas vienam nereikalingas daiktas \u2013 kitam lobis, o mes esame tarpininkai, kurie padeda abiems tapti laimingesniems ???? \u017dinome kaip nelengva i\u0161gyventi ma\u017eiems verslams, tad nuo \u0161iol, \u010dia rasite ir kit\u0173, ma\u017e\u0173 \u0161eim\u0173 versl\u0173, rank\u0173 darbo, dovan\u0173 sau ir artimiesiems.\",\"publisher\":{\"@id\":\"https:\/\/skaitytaknyga.lt\/#organization\"},\"potentialAction\":[{\"@type\":\"SearchAction\",\"target\":{\"@type\":\"EntryPoint\",\"urlTemplate\":\"https:\/\/skaitytaknyga.lt\/?s={search_term_string}\"},\"query-input\":{\"@type\":\"PropertyValueSpecification\",\"valueRequired\":true,\"valueName\":\"search_term_string\"}}],\"inLanguage\":\"en-GB\"},{\"@type\":\"Organization\",\"@id\":\"https:\/\/skaitytaknyga.lt\/#organization\",\"name\":\"skaitytaknyga.lt\",\"url\":\"https:\/\/skaitytaknyga.lt\/\",\"logo\":{\"@type\":\"ImageObject\",\"inLanguage\":\"en-GB\",\"@id\":\"https:\/\/skaitytaknyga.lt\/#\/schema\/logo\/image\/\",\"url\":\"https:\/\/skaitytaknyga.lt\/wp-content\/uploads\/2024\/05\/cropped-cropped-cropped-02_00843_jt3bggkj1j3HLc7SyY6rEUpg.jpeg\",\"contentUrl\":\"https:\/\/skaitytaknyga.lt\/wp-content\/uploads\/2024\/05\/cropped-cropped-cropped-02_00843_jt3bggkj1j3HLc7SyY6rEUpg.jpeg\",\"width\":1600,\"height\":1600,\"caption\":\"skaitytaknyga.lt\"},\"image\":{\"@id\":\"https:\/\/skaitytaknyga.lt\/#\/schema\/logo\/image\/\"},\"sameAs\":[\"https:\/\/www.facebook.com\/skaitytaknyga\/\"]}]}<\/script>\n<!-- \/ Yoast SEO plugin. -->","yoast_head_json":{"title":"R. Esenovas \u201eDykumos vaiduokliai\u201c (Nr. 117) - Skaitytaknyga","description":"Nuotyki\u0173 romanas. Pa\u010diame Karakum\u0173 pakra\u0161tyje, netoli m\u0117lynuojan\u010di\u0173 Kopetdago priekalni\u0173, \u0161lovingame \u0160echrislamo mieste, \u017einomame savo pla\u010diomis aik\u0161t\u0117mis, visomis vaivoryk\u0161t\u0117s varsomis saul\u0117je tviskan\u010diomis me\u010det\u0117mis, smailiais minaretais ir dantytais citadeli\u0173 bok\u0161tais, ky\u0161an\u010diais vir\u0161 pav\u0117sing\u0173 platan\u0173, skambiabalsiame metalo meistr\u0173 kvartale gyveno \u012f\u017eymus metalo kal\u0117jas ir sidabro lydytojas Muchamedas ibn Machmudas. Jis i\u0161garsino savo gimin\u0119 ne vien nam\u0173 apyvokos reikmenimis. Nisos centurionai, Mervo kariai u\u017esisakin\u0117jo pas j\u012f kardus i\u0161 Damasko plieno, lengvus kaip p\u016bkas, a\u0161trius kaip geluonis. Jo nukaltos ietys, \u0161arviniai mar\u0161kiniai ir \u0161almai buvo garbinami Irane ir Kinijoje, Indijoje ir Arabijoje... ..","robots":{"index":"index","follow":"follow","max-snippet":"max-snippet:-1","max-image-preview":"max-image-preview:large","max-video-preview":"max-video-preview:-1"},"canonical":"https:\/\/skaitytaknyga.lt\/en\/produktas\/r-esenovas-dykumos-vaiduokliai-nr-117\/","og_locale":"en_GB","og_type":"article","og_title":"R. Esenovas \u201eDykumos vaiduokliai\u201c (Nr. 117) - Skaitytaknyga","og_description":"Nuotyki\u0173 romanas. Pa\u010diame Karakum\u0173 pakra\u0161tyje, netoli m\u0117lynuojan\u010di\u0173 Kopetdago priekalni\u0173, \u0161lovingame \u0160echrislamo mieste, \u017einomame savo pla\u010diomis aik\u0161t\u0117mis, visomis vaivoryk\u0161t\u0117s varsomis saul\u0117je tviskan\u010diomis me\u010det\u0117mis, smailiais minaretais ir dantytais citadeli\u0173 bok\u0161tais, ky\u0161an\u010diais vir\u0161 pav\u0117sing\u0173 platan\u0173, skambiabalsiame metalo meistr\u0173 kvartale gyveno \u012f\u017eymus metalo kal\u0117jas ir sidabro lydytojas Muchamedas ibn Machmudas. Jis i\u0161garsino savo gimin\u0119 ne vien nam\u0173 apyvokos reikmenimis. Nisos centurionai, Mervo kariai u\u017esisakin\u0117jo pas j\u012f kardus i\u0161 Damasko plieno, lengvus kaip p\u016bkas, a\u0161trius kaip geluonis. Jo nukaltos ietys, \u0161arviniai mar\u0161kiniai ir \u0161almai buvo garbinami Irane ir Kinijoje, Indijoje ir Arabijoje... ..","og_url":"https:\/\/skaitytaknyga.lt\/en\/produktas\/r-esenovas-dykumos-vaiduokliai-nr-117\/","og_site_name":"Skaitytaknyga","article_publisher":"https:\/\/www.facebook.com\/skaitytaknyga\/","article_modified_time":"2025-05-03T07:19:47+00:00","og_image":[{"width":363,"height":585,"url":"https:\/\/skaitytaknyga.lt\/wp-content\/uploads\/2024\/04\/Be-pavadinimo-4.png","type":"image\/png"}],"twitter_card":"summary_large_image","schema":{"@context":"https:\/\/schema.org","@graph":[{"@type":"WebPage","@id":"https:\/\/skaitytaknyga.lt\/produktas\/r-esenovas-dykumos-vaiduokliai-nr-117\/","url":"https:\/\/skaitytaknyga.lt\/produktas\/r-esenovas-dykumos-vaiduokliai-nr-117\/","name":"R. Esenovas \u201eDykumos vaiduokliai\u201c (Nr. 117) - Skaitytaknyga","isPartOf":{"@id":"https:\/\/skaitytaknyga.lt\/#website"},"primaryImageOfPage":{"@id":"https:\/\/skaitytaknyga.lt\/produktas\/r-esenovas-dykumos-vaiduokliai-nr-117\/#primaryimage"},"image":{"@id":"https:\/\/skaitytaknyga.lt\/produktas\/r-esenovas-dykumos-vaiduokliai-nr-117\/#primaryimage"},"thumbnailUrl":"https:\/\/skaitytaknyga.lt\/wp-content\/uploads\/2024\/04\/Be-pavadinimo-4.png","datePublished":"2024-04-17T13:37:30+00:00","dateModified":"2025-05-03T07:19:47+00:00","description":"Nuotyki\u0173 romanas. Pa\u010diame Karakum\u0173 pakra\u0161tyje, netoli m\u0117lynuojan\u010di\u0173 Kopetdago priekalni\u0173, \u0161lovingame \u0160echrislamo mieste, \u017einomame savo pla\u010diomis aik\u0161t\u0117mis, visomis vaivoryk\u0161t\u0117s varsomis saul\u0117je tviskan\u010diomis me\u010det\u0117mis, smailiais minaretais ir dantytais citadeli\u0173 bok\u0161tais, ky\u0161an\u010diais vir\u0161 pav\u0117sing\u0173 platan\u0173, skambiabalsiame metalo meistr\u0173 kvartale gyveno \u012f\u017eymus metalo kal\u0117jas ir sidabro lydytojas Muchamedas ibn Machmudas. Jis i\u0161garsino savo gimin\u0119 ne vien nam\u0173 apyvokos reikmenimis. Nisos centurionai, Mervo kariai u\u017esisakin\u0117jo pas j\u012f kardus i\u0161 Damasko plieno, lengvus kaip p\u016bkas, a\u0161trius kaip geluonis. Jo nukaltos ietys, \u0161arviniai mar\u0161kiniai ir \u0161almai buvo garbinami Irane ir Kinijoje, Indijoje ir Arabijoje... ..","breadcrumb":{"@id":"https:\/\/skaitytaknyga.lt\/produktas\/r-esenovas-dykumos-vaiduokliai-nr-117\/#breadcrumb"},"inLanguage":"en-GB","potentialAction":[{"@type":"ReadAction","target":["https:\/\/skaitytaknyga.lt\/produktas\/r-esenovas-dykumos-vaiduokliai-nr-117\/"]}]},{"@type":"ImageObject","inLanguage":"en-GB","@id":"https:\/\/skaitytaknyga.lt\/produktas\/r-esenovas-dykumos-vaiduokliai-nr-117\/#primaryimage","url":"https:\/\/skaitytaknyga.lt\/wp-content\/uploads\/2024\/04\/Be-pavadinimo-4.png","contentUrl":"https:\/\/skaitytaknyga.lt\/wp-content\/uploads\/2024\/04\/Be-pavadinimo-4.png","width":363,"height":585,"caption":"Be pavadinimo 4"},{"@type":"BreadcrumbList","@id":"https:\/\/skaitytaknyga.lt\/produktas\/r-esenovas-dykumos-vaiduokliai-nr-117\/#breadcrumb","itemListElement":[{"@type":"ListItem","position":1,"name":"Home","item":"https:\/\/skaitytaknyga.lt\/"},{"@type":"ListItem","position":2,"name":"Parduotuv\u0117","item":"https:\/\/skaitytaknyga.lt\/knygu-parduotuve\/"},{"@type":"ListItem","position":3,"name":"R. Esenovas \u201eDykumos vaiduokliai\u201c (Nr. 117)"}]},{"@type":"WebSite","@id":"https:\/\/skaitytaknyga.lt\/#website","url":"https:\/\/skaitytaknyga.lt\/","name":"skaitytaknyga.lt","description":"Skaitytaknyga.lt \u2013 tai ma\u017eas \u0161eimos verslas, kuris prasid\u0117jo nuo meil\u0117s knygoms ir siekio i\u0161gelb\u0117ti knygas nuo likimo prie konteinerio. Kas vienam nereikalingas daiktas \u2013 kitam lobis, o mes esame tarpininkai, kurie padeda abiems tapti laimingesniems ???? \u017dinome kaip nelengva i\u0161gyventi ma\u017eiems verslams, tad nuo \u0161iol, \u010dia rasite ir kit\u0173, ma\u017e\u0173 \u0161eim\u0173 versl\u0173, rank\u0173 darbo, dovan\u0173 sau ir artimiesiems.","publisher":{"@id":"https:\/\/skaitytaknyga.lt\/#organization"},"potentialAction":[{"@type":"SearchAction","target":{"@type":"EntryPoint","urlTemplate":"https:\/\/skaitytaknyga.lt\/?s={search_term_string}"},"query-input":{"@type":"PropertyValueSpecification","valueRequired":true,"valueName":"search_term_string"}}],"inLanguage":"en-GB"},{"@type":"Organization","@id":"https:\/\/skaitytaknyga.lt\/#organization","name":"skaitytaknyga.lt","url":"https:\/\/skaitytaknyga.lt\/","logo":{"@type":"ImageObject","inLanguage":"en-GB","@id":"https:\/\/skaitytaknyga.lt\/#\/schema\/logo\/image\/","url":"https:\/\/skaitytaknyga.lt\/wp-content\/uploads\/2024\/05\/cropped-cropped-cropped-02_00843_jt3bggkj1j3HLc7SyY6rEUpg.jpeg","contentUrl":"https:\/\/skaitytaknyga.lt\/wp-content\/uploads\/2024\/05\/cropped-cropped-cropped-02_00843_jt3bggkj1j3HLc7SyY6rEUpg.jpeg","width":1600,"height":1600,"caption":"skaitytaknyga.lt"},"image":{"@id":"https:\/\/skaitytaknyga.lt\/#\/schema\/logo\/image\/"},"sameAs":["https:\/\/www.facebook.com\/skaitytaknyga\/"]}]}},"_links":{"self":[{"href":"https:\/\/skaitytaknyga.lt\/en\/wp-json\/wp\/v2\/product\/3783","targetHints":{"allow":["GET"]}}],"collection":[{"href":"https:\/\/skaitytaknyga.lt\/en\/wp-json\/wp\/v2\/product"}],"about":[{"href":"https:\/\/skaitytaknyga.lt\/en\/wp-json\/wp\/v2\/types\/product"}],"replies":[{"embeddable":true,"href":"https:\/\/skaitytaknyga.lt\/en\/wp-json\/wp\/v2\/comments?post=3783"}],"wp:featuredmedia":[{"embeddable":true,"href":"https:\/\/skaitytaknyga.lt\/en\/wp-json\/wp\/v2\/media\/3828"}],"wp:attachment":[{"href":"https:\/\/skaitytaknyga.lt\/en\/wp-json\/wp\/v2\/media?parent=3783"}],"wp:term":[{"taxonomy":"product_brand","embeddable":true,"href":"https:\/\/skaitytaknyga.lt\/en\/wp-json\/wp\/v2\/product_brand?post=3783"},{"taxonomy":"product_cat","embeddable":true,"href":"https:\/\/skaitytaknyga.lt\/en\/wp-json\/wp\/v2\/product_cat?post=3783"},{"taxonomy":"product_tag","embeddable":true,"href":"https:\/\/skaitytaknyga.lt\/en\/wp-json\/wp\/v2\/product_tag?post=3783"}],"curies":[{"name":"wp","href":"https:\/\/api.w.org\/{rel}","templated":true}]}}