{"id":3698,"date":"2024-04-17T13:35:50","date_gmt":"2024-04-17T13:35:50","guid":{"rendered":"https:\/\/skaitytaknyga.lt\/?post_type=product&#038;p=3698"},"modified":"2026-02-26T18:02:56","modified_gmt":"2026-02-26T16:02:56","slug":"j-hasekas-sauniojo-kareivio-sveiko-nuotykiai","status":"publish","type":"product","link":"https:\/\/skaitytaknyga.lt\/en\/produktas\/j-hasekas-sauniojo-kareivio-sveiko-nuotykiai\/","title":{"rendered":"\u0160auniojo kareivio \u0160veiko nuotykiai"},"content":{"rendered":"<p>Jaroslavui Ha\u0161ekui pasaulin\u0119 \u0161lov\u0119 pelniusi knyga \u201e\u0160auniojo kareivio \u0160veiko nuotykiai\u201c \u2013 nesupainiojama su jokia kita, i\u0161versta \u012f 60 kalb\u0173, nei\u0161senkantis humoro ir geros nuotaikos \u0161altinis.<\/p>\n<p>\u0160veikas \u2013 atvira\u0161irdis kv\u0117\u0161a, pasaulinis kvailys, genialus idiotas, sugebantis su gera\u0161irdi\u0161ka \u0161ypsena atskleisti prie\u0161taravimus tarp menk\u0173 kasdienyb\u0117s r\u016bpes\u010di\u0173 ir did\u017ei\u0173j\u0173 \u201eistorini\u0173\u201c \u012fvyki\u0173 patoso. Kandi ir a\u0161tri J. Ha\u0161eko satyra ir ironija neatskiriamos nuo i\u0161laisvinan\u010dio juoko.<\/p>\n<p>\u0160veikas \u2013 savoti\u0161kas am\u017einas \u201etre\u010dias brolis\u201c, kvailelis, i\u0161 vis\u0173 b\u0117d\u0173 i\u0161lendantis sausas. Jo genialios gyvenimo filosofijos esm\u0117: nesijaudinkite d\u0117l nieko, tegu bus, kas turi b\u016bti, o kol kas \u2013 i\u0161lenkime alaus bokal\u0105. \u0160veiko po\u017ei\u016bris \u012f gyvenim\u0105 \u012fsitvirtino mene, literat\u016broje, filosofijoje ir viso pasaulio alin\u0117se. Pats J. Ha\u0161ekas tik po kurio laiko suvok\u0117 gili\u0105sias savo knygos potekstes ir pateik\u0117 garsi\u0105j\u0105 moderniosios civilizacijos diagnoz\u0119: pasaulinis karas.<\/p>\n<p>\u0160veikas \u2013 paties ra\u0161ytojo mito atitikmuo: J. Ha\u0161ekas buvo nenuilstantis sug\u0117rovas, \u0161maik\u0161tus \u0161elmis, bohemos \u017emogus, kuriam k\u016bryba buvo visas gyvenimas, o gyvenimas \u2013 viena nenutr\u016bkstanti i\u0161daiga. Jis mok\u0117jo ner\u016bpestingu mostu nuvyti gyvenimo g\u0117l\u0105 ir naikino save taip pat aistringai, kaip ir puotavo. Gyventi \u0161ia akimirka buvo ra\u0161ytojo pa\u0161aukimas. Tod\u0117l ir garsiojoje \u0160veiko epop\u0117joje svarbiausia mintis yra tokia: vienintel\u0117 \u017emogaus gyvenimo prasm\u0117 \u2013 gyventi.<\/p>\n<ul class=\"about-product d-none d-xl-block mt-4\">\n<li><strong>Autorius:<\/strong>\u00a0Jaroslav Ha\u0161ek<\/li>\n<li><strong>Leid\u0117jas:<\/strong>\u00a0Mintis<\/li>\n<li><strong>Metai:<\/strong>\u00a01987<\/li>\n<li><strong>Puslapiai:<\/strong>\u00a0671<\/li>\n<li class=\"toggleable type-new-formats \"><strong>Formatas:<\/strong>\u00a013 x 20 cm, kieti vir\u0161eliai<\/li>\n<li><strong>Kalba:<\/strong>\u00a0Lietuvi\u0173<\/li>\n<li><strong>Vert\u0117jas:<\/strong>\u00a0K. Akelis, A. Tie\u0161is<\/li>\n<\/ul>\n","protected":false},"excerpt":{"rendered":"<p>Jaroslavui Ha\u0161ekui pasaulin\u0119 \u0161lov\u0119 pelniusi knyga \u201e\u0160auniojo kareivio \u0160veiko nuotykiai\u201c \u2013 nesupainiojama su jokia kita, i\u0161versta \u012f 60 kalb\u0173, nei\u0161senkantis humoro ir geros nuotaikos \u0161altinis. \u0160veikas \u2013 atvira\u0161irdis kv\u0117\u0161a, pasaulinis kvailys, genialus idiotas, sugebantis su gera\u0161irdi\u0161ka \u0161ypsena atskleisti prie\u0161taravimus tarp menk\u0173 kasdienyb\u0117s r\u016bpes\u010di\u0173 ir did\u017ei\u0173j\u0173 \u201eistorini\u0173\u201c \u012fvyki\u0173 patoso. Kandi ir a\u0161tri J. Ha\u0161eko satyra ir ironija neatskiriamos nuo i\u0161laisvinan\u010dio juoko. \u0160veikas \u2013 savoti\u0161kas am\u017einas \u201etre\u010dias brolis\u201c, kvailelis, i\u0161 vis\u0173 b\u0117d\u0173 i\u0161lendantis sausas. Jo genialios gyvenimo filosofijos esm\u0117: nesijaudinkite d\u0117l nieko, tegu bus, kas turi b\u016bti, o kol kas \u2013 i\u0161lenkime alaus bokal\u0105. \u0160veiko po\u017ei\u016bris \u012f gyvenim\u0105 \u012fsitvirtino mene, literat\u016broje, filosofijoje ir viso pasaulio alin\u0117se. Pats J. Ha\u0161ekas tik po kurio laiko suvok\u0117 gili\u0105sias savo knygos potekstes ir pateik\u0117 garsi\u0105j\u0105 moderniosios civilizacijos diagnoz\u0119: pasaulinis karas. \u0160veikas \u2013 paties ra\u0161ytojo mito atitikmuo: J. Ha\u0161ekas buvo nenuilstantis sug\u0117rovas, \u0161maik\u0161tus \u0161elmis, bohemos \u017emogus, kuriam k\u016bryba buvo visas gyvenimas, o gyvenimas \u2013 viena nenutr\u016bkstanti i\u0161daiga. Jis mok\u0117jo ner\u016bpestingu mostu nuvyti gyvenimo g\u0117l\u0105 ir naikino save taip pat aistringai, kaip ir puotavo. Gyventi \u0161ia akimirka buvo ra\u0161ytojo pa\u0161aukimas. Tod\u0117l ir garsiojoje \u0160veiko epop\u0117joje svarbiausia mintis yra tokia: vienintel\u0117 \u017emogaus gyvenimo prasm\u0117 \u2013 gyventi. Autorius:\u00a0Jaroslav Ha\u0161ek Leid\u0117jas:\u00a0Mintis Metai:\u00a01987 Puslapiai:\u00a0671 Formatas:\u00a013 x 20 cm, kieti vir\u0161eliai Kalba:\u00a0Lietuvi\u0173 Vert\u0117jas:\u00a0K. Akelis, A. Tie\u0161is<\/p>\n","protected":false},"featured_media":23185,"comment_status":"closed","ping_status":"closed","template":"","meta":{"_acf_changed":false,"site-sidebar-layout":"default","site-content-layout":"","ast-site-content-layout":"default","site-content-style":"default","site-sidebar-style":"default","ast-global-header-display":"","ast-banner-title-visibility":"","ast-main-header-display":"","ast-hfb-above-header-display":"","ast-hfb-below-header-display":"","ast-hfb-mobile-header-display":"","site-post-title":"","ast-breadcrumbs-content":"","ast-featured-img":"","footer-sml-layout":"","ast-disable-related-posts":"","theme-transparent-header-meta":"default","adv-header-id-meta":"","stick-header-meta":"","header-above-stick-meta":"","header-main-stick-meta":"","header-below-stick-meta":"","astra-migrate-meta-layouts":"set","ast-page-background-enabled":"default","ast-page-background-meta":{"desktop":{"background-color":"","background-image":"","background-repeat":"repeat","background-position":"center center","background-size":"auto","background-attachment":"scroll","background-type":"","background-media":"","overlay-type":"","overlay-color":"","overlay-opacity":"","overlay-gradient":""},"tablet":{"background-color":"","background-image":"","background-repeat":"repeat","background-position":"center center","background-size":"auto","background-attachment":"scroll","background-type":"","background-media":"","overlay-type":"","overlay-color":"","overlay-opacity":"","overlay-gradient":""},"mobile":{"background-color":"","background-image":"","background-repeat":"repeat","background-position":"center center","background-size":"auto","background-attachment":"scroll","background-type":"","background-media":"","overlay-type":"","overlay-color":"","overlay-opacity":"","overlay-gradient":""}},"ast-content-background-meta":{"desktop":{"background-color":"var(--ast-global-color-4)","background-image":"","background-repeat":"repeat","background-position":"center center","background-size":"auto","background-attachment":"scroll","background-type":"","background-media":"","overlay-type":"","overlay-color":"","overlay-opacity":"","overlay-gradient":""},"tablet":{"background-color":"var(--ast-global-color-4)","background-image":"","background-repeat":"repeat","background-position":"center center","background-size":"auto","background-attachment":"scroll","background-type":"","background-media":"","overlay-type":"","overlay-color":"","overlay-opacity":"","overlay-gradient":""},"mobile":{"background-color":"var(--ast-global-color-4)","background-image":"","background-repeat":"repeat","background-position":"center center","background-size":"auto","background-attachment":"scroll","background-type":"","background-media":"","overlay-type":"","overlay-color":"","overlay-opacity":"","overlay-gradient":""}}},"product_brand":[],"product_cat":[31,28],"product_tag":[],"class_list":{"0":"post-3698","1":"product","2":"type-product","3":"status-publish","4":"has-post-thumbnail","6":"product_cat-grozine-literatura","7":"product_cat-klasika","8":"desktop-align-left","9":"tablet-align-left","10":"mobile-align-left","12":"first","13":"instock","14":"shipping-taxable","15":"purchasable","16":"product-type-simple"},"acf":[],"yoast_head":"<!-- This site is optimized with the Yoast SEO plugin v27.0 - https:\/\/yoast.com\/product\/yoast-seo-wordpress\/ -->\n<title>\u0160auniojo kareivio \u0160veiko nuotykiai<\/title>\n<meta name=\"description\" content=\"Jaroslavui Ha\u0161ekui pasaulin\u0119 \u0161lov\u0119 pelniusi knyga \u201e\u0160auniojo kareivio \u0160veiko nuotykiai\u201c \u2013 nesupainiojama su jokia kita, i\u0161versta \u012f 60 kalb\u0173, nei\u0161senkantis\" \/>\n<meta name=\"robots\" content=\"index, follow, max-snippet:-1, max-image-preview:large, max-video-preview:-1\" \/>\n<link rel=\"canonical\" href=\"https:\/\/skaitytaknyga.lt\/en\/produktas\/j-hasekas-sauniojo-kareivio-sveiko-nuotykiai\/\" \/>\n<meta property=\"og:locale\" content=\"en_GB\" \/>\n<meta property=\"og:locale:alternate\" content=\"lt_LT\" \/>\n<meta property=\"og:type\" content=\"article\" \/>\n<meta property=\"og:title\" content=\"\u0160auniojo kareivio \u0160veiko nuotykiai\" \/>\n<meta property=\"og:description\" content=\"Jaroslavui Ha\u0161ekui pasaulin\u0119 \u0161lov\u0119 pelniusi knyga \u201e\u0160auniojo kareivio \u0160veiko nuotykiai\u201c \u2013 nesupainiojama su jokia kita, i\u0161versta \u012f 60 kalb\u0173, nei\u0161senkantis\" \/>\n<meta property=\"og:url\" content=\"https:\/\/skaitytaknyga.lt\/en\/produktas\/j-hasekas-sauniojo-kareivio-sveiko-nuotykiai\/\" \/>\n<meta property=\"og:site_name\" content=\"Skaitytaknyga\" \/>\n<meta property=\"article:publisher\" content=\"https:\/\/www.facebook.com\/skaitytaknyga\/\" \/>\n<meta property=\"article:modified_time\" content=\"2026-02-26T16:02:56+00:00\" \/>\n<meta property=\"og:image\" content=\"https:\/\/skaitytaknyga.lt\/wp-content\/uploads\/2024\/07\/skaitytaknyga.png\" \/>\n\t<meta property=\"og:image:width\" content=\"747\" \/>\n\t<meta property=\"og:image:height\" content=\"496\" \/>\n\t<meta property=\"og:image:type\" content=\"image\/png\" \/>\n<meta name=\"twitter:card\" content=\"summary_large_image\" \/>\n<meta name=\"twitter:label1\" content=\"Estimated reading time\" \/>\n\t<meta name=\"twitter:data1\" content=\"2 minutes\" \/>\n<script type=\"application\/ld+json\" class=\"yoast-schema-graph\">{\"@context\":\"https:\/\/schema.org\",\"@graph\":[{\"@type\":\"WebPage\",\"@id\":\"https:\/\/skaitytaknyga.lt\/produktas\/j-hasekas-sauniojo-kareivio-sveiko-nuotykiai\/\",\"url\":\"https:\/\/skaitytaknyga.lt\/produktas\/j-hasekas-sauniojo-kareivio-sveiko-nuotykiai\/\",\"name\":\"\u0160auniojo kareivio \u0160veiko nuotykiai\",\"isPartOf\":{\"@id\":\"https:\/\/skaitytaknyga.lt\/#website\"},\"primaryImageOfPage\":{\"@id\":\"https:\/\/skaitytaknyga.lt\/produktas\/j-hasekas-sauniojo-kareivio-sveiko-nuotykiai\/#primaryimage\"},\"image\":{\"@id\":\"https:\/\/skaitytaknyga.lt\/produktas\/j-hasekas-sauniojo-kareivio-sveiko-nuotykiai\/#primaryimage\"},\"thumbnailUrl\":\"https:\/\/skaitytaknyga.lt\/wp-content\/uploads\/2024\/04\/Sauniojo-kareivio-Sveiko-nuotykiai-1.webp\",\"datePublished\":\"2024-04-17T13:35:50+00:00\",\"dateModified\":\"2026-02-26T16:02:56+00:00\",\"description\":\"Jaroslavui Ha\u0161ekui pasaulin\u0119 \u0161lov\u0119 pelniusi knyga \u201e\u0160auniojo kareivio \u0160veiko nuotykiai\u201c \u2013 nesupainiojama su jokia kita, i\u0161versta \u012f 60 kalb\u0173, nei\u0161senkantis\",\"breadcrumb\":{\"@id\":\"https:\/\/skaitytaknyga.lt\/produktas\/j-hasekas-sauniojo-kareivio-sveiko-nuotykiai\/#breadcrumb\"},\"inLanguage\":\"en-GB\",\"potentialAction\":[{\"@type\":\"ReadAction\",\"target\":[\"https:\/\/skaitytaknyga.lt\/produktas\/j-hasekas-sauniojo-kareivio-sveiko-nuotykiai\/\"]}]},{\"@type\":\"ImageObject\",\"inLanguage\":\"en-GB\",\"@id\":\"https:\/\/skaitytaknyga.lt\/produktas\/j-hasekas-sauniojo-kareivio-sveiko-nuotykiai\/#primaryimage\",\"url\":\"https:\/\/skaitytaknyga.lt\/wp-content\/uploads\/2024\/04\/Sauniojo-kareivio-Sveiko-nuotykiai-1.webp\",\"contentUrl\":\"https:\/\/skaitytaknyga.lt\/wp-content\/uploads\/2024\/04\/Sauniojo-kareivio-Sveiko-nuotykiai-1.webp\",\"width\":300,\"height\":465,\"caption\":\"\u0160auniojo kareivio \u0160veiko nuotykiai\"},{\"@type\":\"BreadcrumbList\",\"@id\":\"https:\/\/skaitytaknyga.lt\/produktas\/j-hasekas-sauniojo-kareivio-sveiko-nuotykiai\/#breadcrumb\",\"itemListElement\":[{\"@type\":\"ListItem\",\"position\":1,\"name\":\"Home\",\"item\":\"https:\/\/skaitytaknyga.lt\/\"},{\"@type\":\"ListItem\",\"position\":2,\"name\":\"Parduotuv\u0117\",\"item\":\"https:\/\/skaitytaknyga.lt\/knygu-parduotuve\/\"},{\"@type\":\"ListItem\",\"position\":3,\"name\":\"\u0160auniojo kareivio \u0160veiko nuotykiai\"}]},{\"@type\":\"WebSite\",\"@id\":\"https:\/\/skaitytaknyga.lt\/#website\",\"url\":\"https:\/\/skaitytaknyga.lt\/\",\"name\":\"skaitytaknyga.lt\",\"description\":\"Skaitytaknyga.lt \u2013 tai ma\u017eas \u0161eimos verslas, kuris prasid\u0117jo nuo meil\u0117s knygoms ir siekio i\u0161gelb\u0117ti knygas nuo likimo prie konteinerio. Kas vienam nereikalingas daiktas \u2013 kitam lobis, o mes esame tarpininkai, kurie padeda abiems tapti laimingesniems ???? \u017dinome kaip nelengva i\u0161gyventi ma\u017eiems verslams, tad nuo \u0161iol, \u010dia rasite ir kit\u0173, ma\u017e\u0173 \u0161eim\u0173 versl\u0173, rank\u0173 darbo, dovan\u0173 sau ir artimiesiems.\",\"publisher\":{\"@id\":\"https:\/\/skaitytaknyga.lt\/#organization\"},\"potentialAction\":[{\"@type\":\"SearchAction\",\"target\":{\"@type\":\"EntryPoint\",\"urlTemplate\":\"https:\/\/skaitytaknyga.lt\/?s={search_term_string}\"},\"query-input\":{\"@type\":\"PropertyValueSpecification\",\"valueRequired\":true,\"valueName\":\"search_term_string\"}}],\"inLanguage\":\"en-GB\"},{\"@type\":\"Organization\",\"@id\":\"https:\/\/skaitytaknyga.lt\/#organization\",\"name\":\"skaitytaknyga.lt\",\"url\":\"https:\/\/skaitytaknyga.lt\/\",\"logo\":{\"@type\":\"ImageObject\",\"inLanguage\":\"en-GB\",\"@id\":\"https:\/\/skaitytaknyga.lt\/#\/schema\/logo\/image\/\",\"url\":\"https:\/\/skaitytaknyga.lt\/wp-content\/uploads\/2024\/05\/cropped-cropped-cropped-02_00843_jt3bggkj1j3HLc7SyY6rEUpg.jpeg\",\"contentUrl\":\"https:\/\/skaitytaknyga.lt\/wp-content\/uploads\/2024\/05\/cropped-cropped-cropped-02_00843_jt3bggkj1j3HLc7SyY6rEUpg.jpeg\",\"width\":1600,\"height\":1600,\"caption\":\"skaitytaknyga.lt\"},\"image\":{\"@id\":\"https:\/\/skaitytaknyga.lt\/#\/schema\/logo\/image\/\"},\"sameAs\":[\"https:\/\/www.facebook.com\/skaitytaknyga\/\"]}]}<\/script>\n<!-- \/ Yoast SEO plugin. -->","yoast_head_json":{"title":"\u0160auniojo kareivio \u0160veiko nuotykiai","description":"Jaroslavui Ha\u0161ekui pasaulin\u0119 \u0161lov\u0119 pelniusi knyga \u201e\u0160auniojo kareivio \u0160veiko nuotykiai\u201c \u2013 nesupainiojama su jokia kita, i\u0161versta \u012f 60 kalb\u0173, nei\u0161senkantis","robots":{"index":"index","follow":"follow","max-snippet":"max-snippet:-1","max-image-preview":"max-image-preview:large","max-video-preview":"max-video-preview:-1"},"canonical":"https:\/\/skaitytaknyga.lt\/en\/produktas\/j-hasekas-sauniojo-kareivio-sveiko-nuotykiai\/","og_locale":"en_GB","og_type":"article","og_title":"[:lt]\u0160auniojo kareivio \u0160veiko nuotykiai[:] - Skaitytaknyga","og_description":"Jaroslavui Ha\u0161ekui pasaulin\u0119 \u0161lov\u0119 pelniusi knyga \u201e\u0160auniojo kareivio \u0160veiko nuotykiai\u201c \u2013 nesupainiojama su jokia kita, i\u0161versta \u012f 60 kalb\u0173, nei\u0161senkantis","og_url":"https:\/\/skaitytaknyga.lt\/en\/produktas\/j-hasekas-sauniojo-kareivio-sveiko-nuotykiai\/","og_site_name":"Skaitytaknyga","article_publisher":"https:\/\/www.facebook.com\/skaitytaknyga\/","article_modified_time":"2026-02-26T16:02:56+00:00","og_image":[{"width":747,"height":496,"url":"https:\/\/skaitytaknyga.lt\/wp-content\/uploads\/2024\/07\/skaitytaknyga.png","type":"image\/png"}],"twitter_card":"summary_large_image","twitter_misc":{"Estimated reading time":"2 minutes"},"schema":{"@context":"https:\/\/schema.org","@graph":[{"@type":"WebPage","@id":"https:\/\/skaitytaknyga.lt\/produktas\/j-hasekas-sauniojo-kareivio-sveiko-nuotykiai\/","url":"https:\/\/skaitytaknyga.lt\/produktas\/j-hasekas-sauniojo-kareivio-sveiko-nuotykiai\/","name":"\u0160auniojo kareivio \u0160veiko nuotykiai","isPartOf":{"@id":"https:\/\/skaitytaknyga.lt\/#website"},"primaryImageOfPage":{"@id":"https:\/\/skaitytaknyga.lt\/produktas\/j-hasekas-sauniojo-kareivio-sveiko-nuotykiai\/#primaryimage"},"image":{"@id":"https:\/\/skaitytaknyga.lt\/produktas\/j-hasekas-sauniojo-kareivio-sveiko-nuotykiai\/#primaryimage"},"thumbnailUrl":"https:\/\/skaitytaknyga.lt\/wp-content\/uploads\/2024\/04\/Sauniojo-kareivio-Sveiko-nuotykiai-1.webp","datePublished":"2024-04-17T13:35:50+00:00","dateModified":"2026-02-26T16:02:56+00:00","description":"Jaroslavui Ha\u0161ekui pasaulin\u0119 \u0161lov\u0119 pelniusi knyga \u201e\u0160auniojo kareivio \u0160veiko nuotykiai\u201c \u2013 nesupainiojama su jokia kita, i\u0161versta \u012f 60 kalb\u0173, nei\u0161senkantis","breadcrumb":{"@id":"https:\/\/skaitytaknyga.lt\/produktas\/j-hasekas-sauniojo-kareivio-sveiko-nuotykiai\/#breadcrumb"},"inLanguage":"en-GB","potentialAction":[{"@type":"ReadAction","target":["https:\/\/skaitytaknyga.lt\/produktas\/j-hasekas-sauniojo-kareivio-sveiko-nuotykiai\/"]}]},{"@type":"ImageObject","inLanguage":"en-GB","@id":"https:\/\/skaitytaknyga.lt\/produktas\/j-hasekas-sauniojo-kareivio-sveiko-nuotykiai\/#primaryimage","url":"https:\/\/skaitytaknyga.lt\/wp-content\/uploads\/2024\/04\/Sauniojo-kareivio-Sveiko-nuotykiai-1.webp","contentUrl":"https:\/\/skaitytaknyga.lt\/wp-content\/uploads\/2024\/04\/Sauniojo-kareivio-Sveiko-nuotykiai-1.webp","width":300,"height":465,"caption":"\u0160auniojo kareivio \u0160veiko nuotykiai"},{"@type":"BreadcrumbList","@id":"https:\/\/skaitytaknyga.lt\/produktas\/j-hasekas-sauniojo-kareivio-sveiko-nuotykiai\/#breadcrumb","itemListElement":[{"@type":"ListItem","position":1,"name":"Home","item":"https:\/\/skaitytaknyga.lt\/"},{"@type":"ListItem","position":2,"name":"Parduotuv\u0117","item":"https:\/\/skaitytaknyga.lt\/knygu-parduotuve\/"},{"@type":"ListItem","position":3,"name":"\u0160auniojo kareivio \u0160veiko nuotykiai"}]},{"@type":"WebSite","@id":"https:\/\/skaitytaknyga.lt\/#website","url":"https:\/\/skaitytaknyga.lt\/","name":"skaitytaknyga.lt","description":"Skaitytaknyga.lt \u2013 tai ma\u017eas \u0161eimos verslas, kuris prasid\u0117jo nuo meil\u0117s knygoms ir siekio i\u0161gelb\u0117ti knygas nuo likimo prie konteinerio. Kas vienam nereikalingas daiktas \u2013 kitam lobis, o mes esame tarpininkai, kurie padeda abiems tapti laimingesniems ???? \u017dinome kaip nelengva i\u0161gyventi ma\u017eiems verslams, tad nuo \u0161iol, \u010dia rasite ir kit\u0173, ma\u017e\u0173 \u0161eim\u0173 versl\u0173, rank\u0173 darbo, dovan\u0173 sau ir artimiesiems.","publisher":{"@id":"https:\/\/skaitytaknyga.lt\/#organization"},"potentialAction":[{"@type":"SearchAction","target":{"@type":"EntryPoint","urlTemplate":"https:\/\/skaitytaknyga.lt\/?s={search_term_string}"},"query-input":{"@type":"PropertyValueSpecification","valueRequired":true,"valueName":"search_term_string"}}],"inLanguage":"en-GB"},{"@type":"Organization","@id":"https:\/\/skaitytaknyga.lt\/#organization","name":"skaitytaknyga.lt","url":"https:\/\/skaitytaknyga.lt\/","logo":{"@type":"ImageObject","inLanguage":"en-GB","@id":"https:\/\/skaitytaknyga.lt\/#\/schema\/logo\/image\/","url":"https:\/\/skaitytaknyga.lt\/wp-content\/uploads\/2024\/05\/cropped-cropped-cropped-02_00843_jt3bggkj1j3HLc7SyY6rEUpg.jpeg","contentUrl":"https:\/\/skaitytaknyga.lt\/wp-content\/uploads\/2024\/05\/cropped-cropped-cropped-02_00843_jt3bggkj1j3HLc7SyY6rEUpg.jpeg","width":1600,"height":1600,"caption":"skaitytaknyga.lt"},"image":{"@id":"https:\/\/skaitytaknyga.lt\/#\/schema\/logo\/image\/"},"sameAs":["https:\/\/www.facebook.com\/skaitytaknyga\/"]}]}},"_links":{"self":[{"href":"https:\/\/skaitytaknyga.lt\/en\/wp-json\/wp\/v2\/product\/3698","targetHints":{"allow":["GET"]}}],"collection":[{"href":"https:\/\/skaitytaknyga.lt\/en\/wp-json\/wp\/v2\/product"}],"about":[{"href":"https:\/\/skaitytaknyga.lt\/en\/wp-json\/wp\/v2\/types\/product"}],"replies":[{"embeddable":true,"href":"https:\/\/skaitytaknyga.lt\/en\/wp-json\/wp\/v2\/comments?post=3698"}],"wp:featuredmedia":[{"embeddable":true,"href":"https:\/\/skaitytaknyga.lt\/en\/wp-json\/wp\/v2\/media\/23185"}],"wp:attachment":[{"href":"https:\/\/skaitytaknyga.lt\/en\/wp-json\/wp\/v2\/media?parent=3698"}],"wp:term":[{"taxonomy":"product_brand","embeddable":true,"href":"https:\/\/skaitytaknyga.lt\/en\/wp-json\/wp\/v2\/product_brand?post=3698"},{"taxonomy":"product_cat","embeddable":true,"href":"https:\/\/skaitytaknyga.lt\/en\/wp-json\/wp\/v2\/product_cat?post=3698"},{"taxonomy":"product_tag","embeddable":true,"href":"https:\/\/skaitytaknyga.lt\/en\/wp-json\/wp\/v2\/product_tag?post=3698"}],"curies":[{"name":"wp","href":"https:\/\/api.w.org\/{rel}","templated":true}]}}