{"id":3693,"date":"2024-04-17T13:35:50","date_gmt":"2024-04-17T13:35:50","guid":{"rendered":"https:\/\/skaitytaknyga.lt\/?post_type=product&#038;p=3693"},"modified":"2025-07-31T08:00:44","modified_gmt":"2025-07-31T05:00:44","slug":"liselotte-welskopf-henrich-jaunasis-vadas-2","status":"publish","type":"product","link":"https:\/\/skaitytaknyga.lt\/en\/produktas\/liselotte-welskopf-henrich-jaunasis-vadas-2\/","title":{"rendered":"Liselotte Welskopf-Henrich \u201eJaunasis vadas\u201c"},"content":{"rendered":"<p>SU DEFEKTAIS<\/p>\n<p>Narsiosios vokie\u010di\u0173 ra\u0161ytojos ir mokslinink\u0117s Lizelot\u0117s Velskopf-Henrich \u0161e\u0161i\u0173 roman\u0173 ciklas \u201cDid\u017eiosios Lok\u0117s s\u016bn\u016bs\u201d \u2013 ind\u0117ni\u0161kosios literat\u016bros klasika tap\u0119s k\u016brinys, kupinas kvap\u0105 gniau\u017eian\u010di\u0173 nuotyki\u0173 ir kartu istori\u0161kai bei etnologi\u0161kai tiksliai vaizduojantis \u0160iaur\u0117s Amerikos ind\u0117n\u0173 gyvenim\u0105 Prerijose, j\u0173 problemas ir kov\u0105 su baltaveid\u017eiais, norin\u010diais i\u0161stumti juos i\u0161 gimt\u0173j\u0173 \u017eemi\u0173. Vis\u0173 \u0161e\u0161i\u0173 knyg\u0173 centre \u2013 tragi\u0161kas i\u0161tremto Lok\u0117s gimin\u0117s vado Matotaupos ir permainingas jo s\u016bnaus Harkos likimas. \u201cJaunasis vadas\u201d \u2013 penktoji ciklo knyga. Harka tampa dr\u0105siu ir gerbiamu Lok\u0117s gimin\u0117s vadu Tokei Ito. Jis veda \u012f lemting\u0105 kov\u0105 su baltaisiais \u017emon\u0117mis, sulau\u017eiusiais visas sutartis su ind\u0117nais. Dr\u0105sa ir protas jaunajam vadui padeda pasiekti tiksl\u0105. Ta\u010diau leisdamasis der\u0117tis \u012f balt\u0173j\u0173 fort\u0105, jis pernelyg rizikuoja&#8230;<\/p>\n","protected":false},"excerpt":{"rendered":"<p>SU DEFEKTAIS<\/p>\n<p>Narsiosios vokie\u010di\u0173 ra\u0161ytojos ir mokslinink\u0117s Lizelot\u0117s Velskopf-Henrich \u0161e\u0161i\u0173 roman\u0173 ciklas \u201cDid\u017eiosios Lok\u0117s s\u016bn\u016bs\u201d \u2013 ind\u0117ni\u0161kosios literat\u016bros klasika tap\u0119s k\u016brinys, kupinas kvap\u0105 gniau\u017eian\u010di\u0173 nuotyki\u0173 ir kartu istori\u0161kai bei etnologi\u0161kai tiksliai vaizduojantis \u0160iaur\u0117s Amerikos ind\u0117n\u0173 gyvenim\u0105 Prerijose, j\u0173 problemas ir kov\u0105 su baltaveid\u017eiais, norin\u010diais i\u0161stumti juos i\u0161 gimt\u0173j\u0173 \u017eemi\u0173. Vis\u0173 \u0161e\u0161i\u0173 knyg\u0173 centre \u2013 tragi\u0161kas i\u0161tremto Lok\u0117s gimin\u0117s vado Matotaupos ir permainingas jo s\u016bnaus Harkos likimas. \u201cJaunasis vadas\u201d \u2013 penktoji ciklo knyga. Harka tampa dr\u0105siu ir gerbiamu Lok\u0117s gimin\u0117s vadu Tokei Ito. Jis veda \u012f lemting\u0105 kov\u0105 su baltaisiais \u017emon\u0117mis, sulau\u017eiusiais visas sutartis su ind\u0117nais. Dr\u0105sa ir protas jaunajam vadui padeda pasiekti tiksl\u0105. Ta\u010diau leisdamasis der\u0117tis \u012f balt\u0173j\u0173 fort\u0105, jis pernelyg rizikuoja&#8230;<\/p>\n","protected":false},"featured_media":3738,"comment_status":"closed","ping_status":"closed","template":"","meta":{"_acf_changed":false,"site-sidebar-layout":"default","site-content-layout":"","ast-site-content-layout":"default","site-content-style":"default","site-sidebar-style":"default","ast-global-header-display":"","ast-banner-title-visibility":"","ast-main-header-display":"","ast-hfb-above-header-display":"","ast-hfb-below-header-display":"","ast-hfb-mobile-header-display":"","site-post-title":"","ast-breadcrumbs-content":"","ast-featured-img":"","footer-sml-layout":"","ast-disable-related-posts":"","theme-transparent-header-meta":"","adv-header-id-meta":"","stick-header-meta":"","header-above-stick-meta":"","header-main-stick-meta":"","header-below-stick-meta":"","astra-migrate-meta-layouts":"default","ast-page-background-enabled":"default","ast-page-background-meta":{"desktop":{"background-color":"","background-image":"","background-repeat":"repeat","background-position":"center center","background-size":"auto","background-attachment":"scroll","background-type":"","background-media":"","overlay-type":"","overlay-color":"","overlay-opacity":"","overlay-gradient":""},"tablet":{"background-color":"","background-image":"","background-repeat":"repeat","background-position":"center center","background-size":"auto","background-attachment":"scroll","background-type":"","background-media":"","overlay-type":"","overlay-color":"","overlay-opacity":"","overlay-gradient":""},"mobile":{"background-color":"","background-image":"","background-repeat":"repeat","background-position":"center center","background-size":"auto","background-attachment":"scroll","background-type":"","background-media":"","overlay-type":"","overlay-color":"","overlay-opacity":"","overlay-gradient":""}},"ast-content-background-meta":{"desktop":{"background-color":"var(--ast-global-color-4)","background-image":"","background-repeat":"repeat","background-position":"center center","background-size":"auto","background-attachment":"scroll","background-type":"","background-media":"","overlay-type":"","overlay-color":"","overlay-opacity":"","overlay-gradient":""},"tablet":{"background-color":"var(--ast-global-color-4)","background-image":"","background-repeat":"repeat","background-position":"center center","background-size":"auto","background-attachment":"scroll","background-type":"","background-media":"","overlay-type":"","overlay-color":"","overlay-opacity":"","overlay-gradient":""},"mobile":{"background-color":"var(--ast-global-color-4)","background-image":"","background-repeat":"repeat","background-position":"center center","background-size":"auto","background-attachment":"scroll","background-type":"","background-media":"","overlay-type":"","overlay-color":"","overlay-opacity":"","overlay-gradient":""}}},"product_brand":[],"product_cat":[484,28],"product_tag":[1595,3375,3256,7032,7037,7036],"class_list":{"0":"post-3693","1":"product","2":"type-product","3":"status-publish","4":"has-post-thumbnail","6":"product_cat-drasiuju-keliai","7":"product_cat-klasika","8":"product_tag-derybos","9":"product_tag-indenai","10":"product_tag-kova","11":"product_tag-liselotte-welskopf-henrich","12":"product_tag-lokes-gimine","13":"product_tag-vadas","14":"desktop-align-left","15":"tablet-align-left","16":"mobile-align-left","18":"first","19":"outofstock","20":"shipping-taxable","21":"purchasable","22":"product-type-simple"},"acf":[],"yoast_head":"<!-- This site is optimized with the Yoast SEO plugin v27.0 - https:\/\/yoast.com\/product\/yoast-seo-wordpress\/ -->\n<title>Liselotte Welskopf-Henrich \u201eJaunasis vadas\u201c - Skaitytaknyga<\/title>\n<meta name=\"description\" content=\"SU DEFEKTAIS  Narsiosios vokie\u010di\u0173 ra\u0161ytojos ir mokslinink\u0117s Lizelot\u0117s Velskopf-Henrich \u0161e\u0161i\u0173 roman\u0173 ciklas \u201cDid\u017eiosios Lok\u0117s s\u016bn\u016bs\u201d \u2013 ind\u0117ni\u0161kosios literat\u016bros klasika tap\u0119s k\u016brinys, kupinas kvap\u0105 gniau\u017eian\u010di\u0173 nuotyki\u0173 ir kartu istori\u0161kai bei etnologi\u0161kai tiksliai vaizduojantis \u0160iaur\u0117s Amerikos ind\u0117n\u0173 gyvenim\u0105 Prerijose, j\u0173 problemas ir kov\u0105 su baltaveid\u017eiais, norin\u010diais i\u0161stumti juos i\u0161 gimt\u0173j\u0173 \u017eemi\u0173. Vis\u0173 \u0161e\u0161i\u0173 knyg\u0173 centre \u2013 tragi\u0161kas i\u0161tremto Lok\u0117s gimin\u0117s vado Matotaupos ir permainingas jo s\u016bnaus Harkos likimas. \u201cJaunasis vadas\u201d \u2013 penktoji ciklo knyga. Harka tampa dr\u0105siu ir gerbiamu Lok\u0117s gimin\u0117s vadu Tokei Ito. Jis veda \u012f lemting\u0105 kov\u0105 su baltaisiais \u017emon\u0117mis, sulau\u017eiusiais visas sutartis su ind\u0117nais. Dr\u0105sa ir protas jaunajam vadui padeda pasiekti tiksl\u0105. Ta\u010diau leisdamasis der\u0117tis \u012f balt\u0173j\u0173 fort\u0105, jis pernelyg rizikuoja...\" \/>\n<meta name=\"robots\" content=\"index, follow, max-snippet:-1, max-image-preview:large, max-video-preview:-1\" \/>\n<link rel=\"canonical\" href=\"https:\/\/skaitytaknyga.lt\/en\/produktas\/liselotte-welskopf-henrich-jaunasis-vadas-2\/\" \/>\n<meta property=\"og:locale\" content=\"en_GB\" \/>\n<meta property=\"og:locale:alternate\" content=\"lt_LT\" \/>\n<meta property=\"og:type\" content=\"article\" \/>\n<meta property=\"og:title\" content=\"Liselotte Welskopf-Henrich \u201eJaunasis vadas\u201c - Skaitytaknyga\" \/>\n<meta property=\"og:description\" content=\"SU DEFEKTAIS  Narsiosios vokie\u010di\u0173 ra\u0161ytojos ir mokslinink\u0117s Lizelot\u0117s Velskopf-Henrich \u0161e\u0161i\u0173 roman\u0173 ciklas \u201cDid\u017eiosios Lok\u0117s s\u016bn\u016bs\u201d \u2013 ind\u0117ni\u0161kosios literat\u016bros klasika tap\u0119s k\u016brinys, kupinas kvap\u0105 gniau\u017eian\u010di\u0173 nuotyki\u0173 ir kartu istori\u0161kai bei etnologi\u0161kai tiksliai vaizduojantis \u0160iaur\u0117s Amerikos ind\u0117n\u0173 gyvenim\u0105 Prerijose, j\u0173 problemas ir kov\u0105 su baltaveid\u017eiais, norin\u010diais i\u0161stumti juos i\u0161 gimt\u0173j\u0173 \u017eemi\u0173. Vis\u0173 \u0161e\u0161i\u0173 knyg\u0173 centre \u2013 tragi\u0161kas i\u0161tremto Lok\u0117s gimin\u0117s vado Matotaupos ir permainingas jo s\u016bnaus Harkos likimas. \u201cJaunasis vadas\u201d \u2013 penktoji ciklo knyga. Harka tampa dr\u0105siu ir gerbiamu Lok\u0117s gimin\u0117s vadu Tokei Ito. Jis veda \u012f lemting\u0105 kov\u0105 su baltaisiais \u017emon\u0117mis, sulau\u017eiusiais visas sutartis su ind\u0117nais. Dr\u0105sa ir protas jaunajam vadui padeda pasiekti tiksl\u0105. Ta\u010diau leisdamasis der\u0117tis \u012f balt\u0173j\u0173 fort\u0105, jis pernelyg rizikuoja...\" \/>\n<meta property=\"og:url\" content=\"https:\/\/skaitytaknyga.lt\/en\/produktas\/liselotte-welskopf-henrich-jaunasis-vadas-2\/\" \/>\n<meta property=\"og:site_name\" content=\"Skaitytaknyga\" \/>\n<meta property=\"article:publisher\" content=\"https:\/\/www.facebook.com\/skaitytaknyga\/\" \/>\n<meta property=\"article:modified_time\" content=\"2025-07-31T05:00:44+00:00\" \/>\n<meta property=\"og:image\" content=\"https:\/\/skaitytaknyga.lt\/wp-content\/uploads\/2024\/04\/20170720_123737-e1608820793797.jpg\" \/>\n\t<meta property=\"og:image:width\" content=\"1196\" \/>\n\t<meta property=\"og:image:height\" content=\"1856\" \/>\n\t<meta property=\"og:image:type\" content=\"image\/jpeg\" \/>\n<meta name=\"twitter:card\" content=\"summary_large_image\" \/>\n<meta name=\"twitter:label1\" content=\"Estimated reading time\" \/>\n\t<meta name=\"twitter:data1\" content=\"1 minute\" \/>\n<script type=\"application\/ld+json\" class=\"yoast-schema-graph\">{\"@context\":\"https:\/\/schema.org\",\"@graph\":[{\"@type\":\"WebPage\",\"@id\":\"https:\/\/skaitytaknyga.lt\/produktas\/liselotte-welskopf-henrich-jaunasis-vadas-2\/\",\"url\":\"https:\/\/skaitytaknyga.lt\/produktas\/liselotte-welskopf-henrich-jaunasis-vadas-2\/\",\"name\":\"Liselotte Welskopf-Henrich \u201eJaunasis vadas\u201c - Skaitytaknyga\",\"isPartOf\":{\"@id\":\"https:\/\/skaitytaknyga.lt\/#website\"},\"primaryImageOfPage\":{\"@id\":\"https:\/\/skaitytaknyga.lt\/produktas\/liselotte-welskopf-henrich-jaunasis-vadas-2\/#primaryimage\"},\"image\":{\"@id\":\"https:\/\/skaitytaknyga.lt\/produktas\/liselotte-welskopf-henrich-jaunasis-vadas-2\/#primaryimage\"},\"thumbnailUrl\":\"https:\/\/skaitytaknyga.lt\/wp-content\/uploads\/2024\/04\/20170720_123737-e1608820793797.jpg\",\"datePublished\":\"2024-04-17T13:35:50+00:00\",\"dateModified\":\"2025-07-31T05:00:44+00:00\",\"description\":\"SU DEFEKTAIS Narsiosios vokie\u010di\u0173 ra\u0161ytojos ir mokslinink\u0117s Lizelot\u0117s Velskopf-Henrich \u0161e\u0161i\u0173 roman\u0173 ciklas \u201cDid\u017eiosios Lok\u0117s s\u016bn\u016bs\u201d \u2013 ind\u0117ni\u0161kosios literat\u016bros klasika tap\u0119s k\u016brinys, kupinas kvap\u0105 gniau\u017eian\u010di\u0173 nuotyki\u0173 ir kartu istori\u0161kai bei etnologi\u0161kai tiksliai vaizduojantis \u0160iaur\u0117s Amerikos ind\u0117n\u0173 gyvenim\u0105 Prerijose, j\u0173 problemas ir kov\u0105 su baltaveid\u017eiais, norin\u010diais i\u0161stumti juos i\u0161 gimt\u0173j\u0173 \u017eemi\u0173. Vis\u0173 \u0161e\u0161i\u0173 knyg\u0173 centre \u2013 tragi\u0161kas i\u0161tremto Lok\u0117s gimin\u0117s vado Matotaupos ir permainingas jo s\u016bnaus Harkos likimas. \u201cJaunasis vadas\u201d \u2013 penktoji ciklo knyga. Harka tampa dr\u0105siu ir gerbiamu Lok\u0117s gimin\u0117s vadu Tokei Ito. Jis veda \u012f lemting\u0105 kov\u0105 su baltaisiais \u017emon\u0117mis, sulau\u017eiusiais visas sutartis su ind\u0117nais. Dr\u0105sa ir protas jaunajam vadui padeda pasiekti tiksl\u0105. Ta\u010diau leisdamasis der\u0117tis \u012f balt\u0173j\u0173 fort\u0105, jis pernelyg rizikuoja...\",\"breadcrumb\":{\"@id\":\"https:\/\/skaitytaknyga.lt\/produktas\/liselotte-welskopf-henrich-jaunasis-vadas-2\/#breadcrumb\"},\"inLanguage\":\"en-GB\",\"potentialAction\":[{\"@type\":\"ReadAction\",\"target\":[\"https:\/\/skaitytaknyga.lt\/produktas\/liselotte-welskopf-henrich-jaunasis-vadas-2\/\"]}]},{\"@type\":\"ImageObject\",\"inLanguage\":\"en-GB\",\"@id\":\"https:\/\/skaitytaknyga.lt\/produktas\/liselotte-welskopf-henrich-jaunasis-vadas-2\/#primaryimage\",\"url\":\"https:\/\/skaitytaknyga.lt\/wp-content\/uploads\/2024\/04\/20170720_123737-e1608820793797.jpg\",\"contentUrl\":\"https:\/\/skaitytaknyga.lt\/wp-content\/uploads\/2024\/04\/20170720_123737-e1608820793797.jpg\",\"width\":1196,\"height\":1856,\"caption\":\"20170720 123737 e1608820793797\"},{\"@type\":\"BreadcrumbList\",\"@id\":\"https:\/\/skaitytaknyga.lt\/produktas\/liselotte-welskopf-henrich-jaunasis-vadas-2\/#breadcrumb\",\"itemListElement\":[{\"@type\":\"ListItem\",\"position\":1,\"name\":\"Home\",\"item\":\"https:\/\/skaitytaknyga.lt\/\"},{\"@type\":\"ListItem\",\"position\":2,\"name\":\"Parduotuv\u0117\",\"item\":\"https:\/\/skaitytaknyga.lt\/knygu-parduotuve\/\"},{\"@type\":\"ListItem\",\"position\":3,\"name\":\"Liselotte Welskopf-Henrich \u201eJaunasis vadas\u201c\"}]},{\"@type\":\"WebSite\",\"@id\":\"https:\/\/skaitytaknyga.lt\/#website\",\"url\":\"https:\/\/skaitytaknyga.lt\/\",\"name\":\"skaitytaknyga.lt\",\"description\":\"Skaitytaknyga.lt \u2013 tai ma\u017eas \u0161eimos verslas, kuris prasid\u0117jo nuo meil\u0117s knygoms ir siekio i\u0161gelb\u0117ti knygas nuo likimo prie konteinerio. Kas vienam nereikalingas daiktas \u2013 kitam lobis, o mes esame tarpininkai, kurie padeda abiems tapti laimingesniems ???? \u017dinome kaip nelengva i\u0161gyventi ma\u017eiems verslams, tad nuo \u0161iol, \u010dia rasite ir kit\u0173, ma\u017e\u0173 \u0161eim\u0173 versl\u0173, rank\u0173 darbo, dovan\u0173 sau ir artimiesiems.\",\"publisher\":{\"@id\":\"https:\/\/skaitytaknyga.lt\/#organization\"},\"potentialAction\":[{\"@type\":\"SearchAction\",\"target\":{\"@type\":\"EntryPoint\",\"urlTemplate\":\"https:\/\/skaitytaknyga.lt\/?s={search_term_string}\"},\"query-input\":{\"@type\":\"PropertyValueSpecification\",\"valueRequired\":true,\"valueName\":\"search_term_string\"}}],\"inLanguage\":\"en-GB\"},{\"@type\":\"Organization\",\"@id\":\"https:\/\/skaitytaknyga.lt\/#organization\",\"name\":\"skaitytaknyga.lt\",\"url\":\"https:\/\/skaitytaknyga.lt\/\",\"logo\":{\"@type\":\"ImageObject\",\"inLanguage\":\"en-GB\",\"@id\":\"https:\/\/skaitytaknyga.lt\/#\/schema\/logo\/image\/\",\"url\":\"https:\/\/skaitytaknyga.lt\/wp-content\/uploads\/2024\/05\/cropped-cropped-cropped-02_00843_jt3bggkj1j3HLc7SyY6rEUpg.jpeg\",\"contentUrl\":\"https:\/\/skaitytaknyga.lt\/wp-content\/uploads\/2024\/05\/cropped-cropped-cropped-02_00843_jt3bggkj1j3HLc7SyY6rEUpg.jpeg\",\"width\":1600,\"height\":1600,\"caption\":\"skaitytaknyga.lt\"},\"image\":{\"@id\":\"https:\/\/skaitytaknyga.lt\/#\/schema\/logo\/image\/\"},\"sameAs\":[\"https:\/\/www.facebook.com\/skaitytaknyga\/\"]}]}<\/script>\n<!-- \/ Yoast SEO plugin. -->","yoast_head_json":{"title":"Liselotte Welskopf-Henrich \u201eJaunasis vadas\u201c - Skaitytaknyga","description":"SU DEFEKTAIS  Narsiosios vokie\u010di\u0173 ra\u0161ytojos ir mokslinink\u0117s Lizelot\u0117s Velskopf-Henrich \u0161e\u0161i\u0173 roman\u0173 ciklas \u201cDid\u017eiosios Lok\u0117s s\u016bn\u016bs\u201d \u2013 ind\u0117ni\u0161kosios literat\u016bros klasika tap\u0119s k\u016brinys, kupinas kvap\u0105 gniau\u017eian\u010di\u0173 nuotyki\u0173 ir kartu istori\u0161kai bei etnologi\u0161kai tiksliai vaizduojantis \u0160iaur\u0117s Amerikos ind\u0117n\u0173 gyvenim\u0105 Prerijose, j\u0173 problemas ir kov\u0105 su baltaveid\u017eiais, norin\u010diais i\u0161stumti juos i\u0161 gimt\u0173j\u0173 \u017eemi\u0173. Vis\u0173 \u0161e\u0161i\u0173 knyg\u0173 centre \u2013 tragi\u0161kas i\u0161tremto Lok\u0117s gimin\u0117s vado Matotaupos ir permainingas jo s\u016bnaus Harkos likimas. \u201cJaunasis vadas\u201d \u2013 penktoji ciklo knyga. Harka tampa dr\u0105siu ir gerbiamu Lok\u0117s gimin\u0117s vadu Tokei Ito. Jis veda \u012f lemting\u0105 kov\u0105 su baltaisiais \u017emon\u0117mis, sulau\u017eiusiais visas sutartis su ind\u0117nais. Dr\u0105sa ir protas jaunajam vadui padeda pasiekti tiksl\u0105. Ta\u010diau leisdamasis der\u0117tis \u012f balt\u0173j\u0173 fort\u0105, jis pernelyg rizikuoja...","robots":{"index":"index","follow":"follow","max-snippet":"max-snippet:-1","max-image-preview":"max-image-preview:large","max-video-preview":"max-video-preview:-1"},"canonical":"https:\/\/skaitytaknyga.lt\/en\/produktas\/liselotte-welskopf-henrich-jaunasis-vadas-2\/","og_locale":"en_GB","og_type":"article","og_title":"Liselotte Welskopf-Henrich \u201eJaunasis vadas\u201c - Skaitytaknyga","og_description":"SU DEFEKTAIS  Narsiosios vokie\u010di\u0173 ra\u0161ytojos ir mokslinink\u0117s Lizelot\u0117s Velskopf-Henrich \u0161e\u0161i\u0173 roman\u0173 ciklas \u201cDid\u017eiosios Lok\u0117s s\u016bn\u016bs\u201d \u2013 ind\u0117ni\u0161kosios literat\u016bros klasika tap\u0119s k\u016brinys, kupinas kvap\u0105 gniau\u017eian\u010di\u0173 nuotyki\u0173 ir kartu istori\u0161kai bei etnologi\u0161kai tiksliai vaizduojantis \u0160iaur\u0117s Amerikos ind\u0117n\u0173 gyvenim\u0105 Prerijose, j\u0173 problemas ir kov\u0105 su baltaveid\u017eiais, norin\u010diais i\u0161stumti juos i\u0161 gimt\u0173j\u0173 \u017eemi\u0173. Vis\u0173 \u0161e\u0161i\u0173 knyg\u0173 centre \u2013 tragi\u0161kas i\u0161tremto Lok\u0117s gimin\u0117s vado Matotaupos ir permainingas jo s\u016bnaus Harkos likimas. \u201cJaunasis vadas\u201d \u2013 penktoji ciklo knyga. Harka tampa dr\u0105siu ir gerbiamu Lok\u0117s gimin\u0117s vadu Tokei Ito. Jis veda \u012f lemting\u0105 kov\u0105 su baltaisiais \u017emon\u0117mis, sulau\u017eiusiais visas sutartis su ind\u0117nais. Dr\u0105sa ir protas jaunajam vadui padeda pasiekti tiksl\u0105. Ta\u010diau leisdamasis der\u0117tis \u012f balt\u0173j\u0173 fort\u0105, jis pernelyg rizikuoja...","og_url":"https:\/\/skaitytaknyga.lt\/en\/produktas\/liselotte-welskopf-henrich-jaunasis-vadas-2\/","og_site_name":"Skaitytaknyga","article_publisher":"https:\/\/www.facebook.com\/skaitytaknyga\/","article_modified_time":"2025-07-31T05:00:44+00:00","og_image":[{"width":1196,"height":1856,"url":"https:\/\/skaitytaknyga.lt\/wp-content\/uploads\/2024\/04\/20170720_123737-e1608820793797.jpg","type":"image\/jpeg"}],"twitter_card":"summary_large_image","twitter_misc":{"Estimated reading time":"1 minute"},"schema":{"@context":"https:\/\/schema.org","@graph":[{"@type":"WebPage","@id":"https:\/\/skaitytaknyga.lt\/produktas\/liselotte-welskopf-henrich-jaunasis-vadas-2\/","url":"https:\/\/skaitytaknyga.lt\/produktas\/liselotte-welskopf-henrich-jaunasis-vadas-2\/","name":"Liselotte Welskopf-Henrich \u201eJaunasis vadas\u201c - Skaitytaknyga","isPartOf":{"@id":"https:\/\/skaitytaknyga.lt\/#website"},"primaryImageOfPage":{"@id":"https:\/\/skaitytaknyga.lt\/produktas\/liselotte-welskopf-henrich-jaunasis-vadas-2\/#primaryimage"},"image":{"@id":"https:\/\/skaitytaknyga.lt\/produktas\/liselotte-welskopf-henrich-jaunasis-vadas-2\/#primaryimage"},"thumbnailUrl":"https:\/\/skaitytaknyga.lt\/wp-content\/uploads\/2024\/04\/20170720_123737-e1608820793797.jpg","datePublished":"2024-04-17T13:35:50+00:00","dateModified":"2025-07-31T05:00:44+00:00","description":"SU DEFEKTAIS Narsiosios vokie\u010di\u0173 ra\u0161ytojos ir mokslinink\u0117s Lizelot\u0117s Velskopf-Henrich \u0161e\u0161i\u0173 roman\u0173 ciklas \u201cDid\u017eiosios Lok\u0117s s\u016bn\u016bs\u201d \u2013 ind\u0117ni\u0161kosios literat\u016bros klasika tap\u0119s k\u016brinys, kupinas kvap\u0105 gniau\u017eian\u010di\u0173 nuotyki\u0173 ir kartu istori\u0161kai bei etnologi\u0161kai tiksliai vaizduojantis \u0160iaur\u0117s Amerikos ind\u0117n\u0173 gyvenim\u0105 Prerijose, j\u0173 problemas ir kov\u0105 su baltaveid\u017eiais, norin\u010diais i\u0161stumti juos i\u0161 gimt\u0173j\u0173 \u017eemi\u0173. Vis\u0173 \u0161e\u0161i\u0173 knyg\u0173 centre \u2013 tragi\u0161kas i\u0161tremto Lok\u0117s gimin\u0117s vado Matotaupos ir permainingas jo s\u016bnaus Harkos likimas. \u201cJaunasis vadas\u201d \u2013 penktoji ciklo knyga. Harka tampa dr\u0105siu ir gerbiamu Lok\u0117s gimin\u0117s vadu Tokei Ito. Jis veda \u012f lemting\u0105 kov\u0105 su baltaisiais \u017emon\u0117mis, sulau\u017eiusiais visas sutartis su ind\u0117nais. Dr\u0105sa ir protas jaunajam vadui padeda pasiekti tiksl\u0105. Ta\u010diau leisdamasis der\u0117tis \u012f balt\u0173j\u0173 fort\u0105, jis pernelyg rizikuoja...","breadcrumb":{"@id":"https:\/\/skaitytaknyga.lt\/produktas\/liselotte-welskopf-henrich-jaunasis-vadas-2\/#breadcrumb"},"inLanguage":"en-GB","potentialAction":[{"@type":"ReadAction","target":["https:\/\/skaitytaknyga.lt\/produktas\/liselotte-welskopf-henrich-jaunasis-vadas-2\/"]}]},{"@type":"ImageObject","inLanguage":"en-GB","@id":"https:\/\/skaitytaknyga.lt\/produktas\/liselotte-welskopf-henrich-jaunasis-vadas-2\/#primaryimage","url":"https:\/\/skaitytaknyga.lt\/wp-content\/uploads\/2024\/04\/20170720_123737-e1608820793797.jpg","contentUrl":"https:\/\/skaitytaknyga.lt\/wp-content\/uploads\/2024\/04\/20170720_123737-e1608820793797.jpg","width":1196,"height":1856,"caption":"20170720 123737 e1608820793797"},{"@type":"BreadcrumbList","@id":"https:\/\/skaitytaknyga.lt\/produktas\/liselotte-welskopf-henrich-jaunasis-vadas-2\/#breadcrumb","itemListElement":[{"@type":"ListItem","position":1,"name":"Home","item":"https:\/\/skaitytaknyga.lt\/"},{"@type":"ListItem","position":2,"name":"Parduotuv\u0117","item":"https:\/\/skaitytaknyga.lt\/knygu-parduotuve\/"},{"@type":"ListItem","position":3,"name":"Liselotte Welskopf-Henrich \u201eJaunasis vadas\u201c"}]},{"@type":"WebSite","@id":"https:\/\/skaitytaknyga.lt\/#website","url":"https:\/\/skaitytaknyga.lt\/","name":"skaitytaknyga.lt","description":"Skaitytaknyga.lt \u2013 tai ma\u017eas \u0161eimos verslas, kuris prasid\u0117jo nuo meil\u0117s knygoms ir siekio i\u0161gelb\u0117ti knygas nuo likimo prie konteinerio. Kas vienam nereikalingas daiktas \u2013 kitam lobis, o mes esame tarpininkai, kurie padeda abiems tapti laimingesniems ???? \u017dinome kaip nelengva i\u0161gyventi ma\u017eiems verslams, tad nuo \u0161iol, \u010dia rasite ir kit\u0173, ma\u017e\u0173 \u0161eim\u0173 versl\u0173, rank\u0173 darbo, dovan\u0173 sau ir artimiesiems.","publisher":{"@id":"https:\/\/skaitytaknyga.lt\/#organization"},"potentialAction":[{"@type":"SearchAction","target":{"@type":"EntryPoint","urlTemplate":"https:\/\/skaitytaknyga.lt\/?s={search_term_string}"},"query-input":{"@type":"PropertyValueSpecification","valueRequired":true,"valueName":"search_term_string"}}],"inLanguage":"en-GB"},{"@type":"Organization","@id":"https:\/\/skaitytaknyga.lt\/#organization","name":"skaitytaknyga.lt","url":"https:\/\/skaitytaknyga.lt\/","logo":{"@type":"ImageObject","inLanguage":"en-GB","@id":"https:\/\/skaitytaknyga.lt\/#\/schema\/logo\/image\/","url":"https:\/\/skaitytaknyga.lt\/wp-content\/uploads\/2024\/05\/cropped-cropped-cropped-02_00843_jt3bggkj1j3HLc7SyY6rEUpg.jpeg","contentUrl":"https:\/\/skaitytaknyga.lt\/wp-content\/uploads\/2024\/05\/cropped-cropped-cropped-02_00843_jt3bggkj1j3HLc7SyY6rEUpg.jpeg","width":1600,"height":1600,"caption":"skaitytaknyga.lt"},"image":{"@id":"https:\/\/skaitytaknyga.lt\/#\/schema\/logo\/image\/"},"sameAs":["https:\/\/www.facebook.com\/skaitytaknyga\/"]}]}},"_links":{"self":[{"href":"https:\/\/skaitytaknyga.lt\/en\/wp-json\/wp\/v2\/product\/3693","targetHints":{"allow":["GET"]}}],"collection":[{"href":"https:\/\/skaitytaknyga.lt\/en\/wp-json\/wp\/v2\/product"}],"about":[{"href":"https:\/\/skaitytaknyga.lt\/en\/wp-json\/wp\/v2\/types\/product"}],"replies":[{"embeddable":true,"href":"https:\/\/skaitytaknyga.lt\/en\/wp-json\/wp\/v2\/comments?post=3693"}],"wp:featuredmedia":[{"embeddable":true,"href":"https:\/\/skaitytaknyga.lt\/en\/wp-json\/wp\/v2\/media\/3738"}],"wp:attachment":[{"href":"https:\/\/skaitytaknyga.lt\/en\/wp-json\/wp\/v2\/media?parent=3693"}],"wp:term":[{"taxonomy":"product_brand","embeddable":true,"href":"https:\/\/skaitytaknyga.lt\/en\/wp-json\/wp\/v2\/product_brand?post=3693"},{"taxonomy":"product_cat","embeddable":true,"href":"https:\/\/skaitytaknyga.lt\/en\/wp-json\/wp\/v2\/product_cat?post=3693"},{"taxonomy":"product_tag","embeddable":true,"href":"https:\/\/skaitytaknyga.lt\/en\/wp-json\/wp\/v2\/product_tag?post=3693"}],"curies":[{"name":"wp","href":"https:\/\/api.w.org\/{rel}","templated":true}]}}