{"id":3684,"date":"2024-04-17T13:35:49","date_gmt":"2024-04-17T13:35:49","guid":{"rendered":"https:\/\/skaitytaknyga.lt\/?post_type=product&#038;p=3684"},"modified":"2026-03-05T16:00:55","modified_gmt":"2026-03-05T14:00:55","slug":"s-hunter-hot-springs","status":"publish","type":"product","link":"https:\/\/skaitytaknyga.lt\/en\/produktas\/s-hunter-hot-springs\/","title":{"rendered":"Hot springs"},"content":{"rendered":"<p>Earl Swagger is tough as hell. But even tough guys have their secrets. Plagued by the memory of his abusive father, apprehensive about his own impending parenthood, Earl is a decorated ex-Marine of absolute integrity\u2014and overwhelming melancholy. Now he\u2019s about to face his biggest, bloodiest challenge yet.<\/p>\n<p>It is the summer of 1946, organized crime\u2019s garish golden age, when American justice seems to have gone to seed for good. Nowhere is this more true than in Hot Springs, Arkansas, the reigning capital of corruption. When the district attorney vows to bring down the mob, Earl is recruited to run the show. As casino raids erupt into nerve-shattering combat amid screaming prostitutes and fleeing johns, the body count mounts\u2014along with the suspense.<\/p>\n","protected":false},"excerpt":{"rendered":"<p>Earl Swagger is tough as hell. But even tough guys have their secrets. Plagued by the memory of his abusive father, apprehensive about his own impending parenthood, Earl is a decorated ex-Marine of absolute integrity\u2014and overwhelming melancholy. Now he\u2019s about to face his biggest, bloodiest challenge yet.<\/p>\n<p>It is the summer of 1946, organized crime\u2019s garish golden age, when American justice seems to have gone to seed for good. Nowhere is this more true than in Hot Springs, Arkansas, the reigning capital of corruption. When the district attorney vows to bring down the mob, Earl is recruited to run the show. As casino raids erupt into nerve-shattering combat amid screaming prostitutes and fleeing johns, the body count mounts\u2014along with the suspense.<\/p>\n","protected":false},"featured_media":3717,"comment_status":"closed","ping_status":"closed","template":"","meta":{"_acf_changed":false,"site-sidebar-layout":"default","site-content-layout":"","ast-site-content-layout":"default","site-content-style":"default","site-sidebar-style":"default","ast-global-header-display":"","ast-banner-title-visibility":"","ast-main-header-display":"","ast-hfb-above-header-display":"","ast-hfb-below-header-display":"","ast-hfb-mobile-header-display":"","site-post-title":"","ast-breadcrumbs-content":"","ast-featured-img":"","footer-sml-layout":"","ast-disable-related-posts":"","theme-transparent-header-meta":"","adv-header-id-meta":"","stick-header-meta":"","header-above-stick-meta":"","header-main-stick-meta":"","header-below-stick-meta":"","astra-migrate-meta-layouts":"default","ast-page-background-enabled":"default","ast-page-background-meta":{"desktop":{"background-color":"","background-image":"","background-repeat":"repeat","background-position":"center center","background-size":"auto","background-attachment":"scroll","background-type":"","background-media":"","overlay-type":"","overlay-color":"","overlay-opacity":"","overlay-gradient":""},"tablet":{"background-color":"","background-image":"","background-repeat":"repeat","background-position":"center center","background-size":"auto","background-attachment":"scroll","background-type":"","background-media":"","overlay-type":"","overlay-color":"","overlay-opacity":"","overlay-gradient":""},"mobile":{"background-color":"","background-image":"","background-repeat":"repeat","background-position":"center center","background-size":"auto","background-attachment":"scroll","background-type":"","background-media":"","overlay-type":"","overlay-color":"","overlay-opacity":"","overlay-gradient":""}},"ast-content-background-meta":{"desktop":{"background-color":"var(--ast-global-color-4)","background-image":"","background-repeat":"repeat","background-position":"center center","background-size":"auto","background-attachment":"scroll","background-type":"","background-media":"","overlay-type":"","overlay-color":"","overlay-opacity":"","overlay-gradient":""},"tablet":{"background-color":"var(--ast-global-color-4)","background-image":"","background-repeat":"repeat","background-position":"center center","background-size":"auto","background-attachment":"scroll","background-type":"","background-media":"","overlay-type":"","overlay-color":"","overlay-opacity":"","overlay-gradient":""},"mobile":{"background-color":"var(--ast-global-color-4)","background-image":"","background-repeat":"repeat","background-position":"center center","background-size":"auto","background-attachment":"scroll","background-type":"","background-media":"","overlay-type":"","overlay-color":"","overlay-opacity":"","overlay-gradient":""}}},"product_brand":[],"product_cat":[9581],"product_tag":[1613,1612,1614,1615,1588,1611,1587],"class_list":{"0":"post-3684","1":"product","2":"type-product","3":"status-publish","4":"has-post-thumbnail","6":"product_cat-kriminaliniai-romanai","7":"product_tag-20-a-pradzia","8":"product_tag-earl-swagger-serija","9":"product_tag-gangsteriai","10":"product_tag-korupcija","11":"product_tag-kriminalinis-romanas","12":"product_tag-stephen-hunter","13":"product_tag-trileris","14":"desktop-align-left","15":"tablet-align-left","16":"mobile-align-left","18":"first","19":"instock","20":"shipping-taxable","21":"purchasable","22":"product-type-simple"},"acf":[],"yoast_head":"<!-- This site is optimized with the Yoast SEO plugin v27.0 - https:\/\/yoast.com\/product\/yoast-seo-wordpress\/ -->\n<title>Hot springs<\/title>\n<meta name=\"description\" content=\"Earl Swagger is tough as hell. But even tough guys have their secrets. Plagued by the memory of his abusive father, apprehensive about his own impending parenthood, Earl is a decorated ex-Marine of absolute integrity\u2014and overwhelming melancholy. Now he\u2019s about to face his biggest, bloodiest challenge yet.  It is the summer of 1946, organized crime\u2019s garish golden age, when American justice seems to have gone to seed for good. Nowhere is this more true than in Hot Springs, Arkansas, the reigning capital of corruption. When the district attorney vows to bring down the mob, Earl is recruited to run the show. As casino raids erupt into nerve-shattering combat amid screaming prostitutes and fleeing johns, the body count mounts\u2014along with the suspense.\" \/>\n<meta name=\"robots\" content=\"index, follow, max-snippet:-1, max-image-preview:large, max-video-preview:-1\" \/>\n<link rel=\"canonical\" href=\"https:\/\/skaitytaknyga.lt\/en\/produktas\/s-hunter-hot-springs\/\" \/>\n<meta property=\"og:locale\" content=\"en_GB\" \/>\n<meta property=\"og:locale:alternate\" content=\"lt_LT\" \/>\n<meta property=\"og:type\" content=\"article\" \/>\n<meta property=\"og:title\" content=\"Hot springs\" \/>\n<meta property=\"og:description\" content=\"Earl Swagger is tough as hell. But even tough guys have their secrets. Plagued by the memory of his abusive father, apprehensive about his own impending parenthood, Earl is a decorated ex-Marine of absolute integrity\u2014and overwhelming melancholy. Now he\u2019s about to face his biggest, bloodiest challenge yet.  It is the summer of 1946, organized crime\u2019s garish golden age, when American justice seems to have gone to seed for good. Nowhere is this more true than in Hot Springs, Arkansas, the reigning capital of corruption. When the district attorney vows to bring down the mob, Earl is recruited to run the show. As casino raids erupt into nerve-shattering combat amid screaming prostitutes and fleeing johns, the body count mounts\u2014along with the suspense.\" \/>\n<meta property=\"og:url\" content=\"https:\/\/skaitytaknyga.lt\/en\/produktas\/s-hunter-hot-springs\/\" \/>\n<meta property=\"og:site_name\" content=\"Skaitytaknyga\" \/>\n<meta property=\"article:publisher\" content=\"https:\/\/www.facebook.com\/skaitytaknyga\/\" \/>\n<meta property=\"article:modified_time\" content=\"2026-03-05T14:00:55+00:00\" \/>\n<meta property=\"og:image\" content=\"https:\/\/skaitytaknyga.lt\/wp-content\/uploads\/2024\/04\/wp-1608652422779960273831549980173-scaled-e1608665296869.jpg\" \/>\n\t<meta property=\"og:image:width\" content=\"1267\" \/>\n\t<meta property=\"og:image:height\" content=\"2169\" \/>\n\t<meta property=\"og:image:type\" content=\"image\/jpeg\" \/>\n<meta name=\"twitter:card\" content=\"summary_large_image\" \/>\n<meta name=\"twitter:label1\" content=\"Estimated reading time\" \/>\n\t<meta name=\"twitter:data1\" content=\"1 minute\" \/>\n<script type=\"application\/ld+json\" class=\"yoast-schema-graph\">{\"@context\":\"https:\/\/schema.org\",\"@graph\":[{\"@type\":\"WebPage\",\"@id\":\"https:\/\/skaitytaknyga.lt\/produktas\/s-hunter-hot-springs\/\",\"url\":\"https:\/\/skaitytaknyga.lt\/produktas\/s-hunter-hot-springs\/\",\"name\":\"Hot springs\",\"isPartOf\":{\"@id\":\"https:\/\/skaitytaknyga.lt\/#website\"},\"primaryImageOfPage\":{\"@id\":\"https:\/\/skaitytaknyga.lt\/produktas\/s-hunter-hot-springs\/#primaryimage\"},\"image\":{\"@id\":\"https:\/\/skaitytaknyga.lt\/produktas\/s-hunter-hot-springs\/#primaryimage\"},\"thumbnailUrl\":\"https:\/\/skaitytaknyga.lt\/wp-content\/uploads\/2024\/04\/wp-1608652422779960273831549980173-scaled-e1608665296869.jpg\",\"datePublished\":\"2024-04-17T13:35:49+00:00\",\"dateModified\":\"2026-03-05T14:00:55+00:00\",\"description\":\"Earl Swagger is tough as hell. But even tough guys have their secrets. Plagued by the memory of his abusive father, apprehensive about his own impending parenthood, Earl is a decorated ex-Marine of absolute integrity\u2014and overwhelming melancholy. Now he\u2019s about to face his biggest, bloodiest challenge yet. It is the summer of 1946, organized crime\u2019s garish golden age, when American justice seems to have gone to seed for good. Nowhere is this more true than in Hot Springs, Arkansas, the reigning capital of corruption. When the district attorney vows to bring down the mob, Earl is recruited to run the show. As casino raids erupt into nerve-shattering combat amid screaming prostitutes and fleeing johns, the body count mounts\u2014along with the suspense.\",\"breadcrumb\":{\"@id\":\"https:\/\/skaitytaknyga.lt\/produktas\/s-hunter-hot-springs\/#breadcrumb\"},\"inLanguage\":\"en-GB\",\"potentialAction\":[{\"@type\":\"ReadAction\",\"target\":[\"https:\/\/skaitytaknyga.lt\/produktas\/s-hunter-hot-springs\/\"]}]},{\"@type\":\"ImageObject\",\"inLanguage\":\"en-GB\",\"@id\":\"https:\/\/skaitytaknyga.lt\/produktas\/s-hunter-hot-springs\/#primaryimage\",\"url\":\"https:\/\/skaitytaknyga.lt\/wp-content\/uploads\/2024\/04\/wp-1608652422779960273831549980173-scaled-e1608665296869.jpg\",\"contentUrl\":\"https:\/\/skaitytaknyga.lt\/wp-content\/uploads\/2024\/04\/wp-1608652422779960273831549980173-scaled-e1608665296869.jpg\",\"width\":1267,\"height\":2169,\"caption\":\"wp 1608652422779960273831549980173 scaled e1608665296869\"},{\"@type\":\"BreadcrumbList\",\"@id\":\"https:\/\/skaitytaknyga.lt\/produktas\/s-hunter-hot-springs\/#breadcrumb\",\"itemListElement\":[{\"@type\":\"ListItem\",\"position\":1,\"name\":\"Home\",\"item\":\"https:\/\/skaitytaknyga.lt\/\"},{\"@type\":\"ListItem\",\"position\":2,\"name\":\"Parduotuv\u0117\",\"item\":\"https:\/\/skaitytaknyga.lt\/knygu-parduotuve\/\"},{\"@type\":\"ListItem\",\"position\":3,\"name\":\"Hot springs\"}]},{\"@type\":\"WebSite\",\"@id\":\"https:\/\/skaitytaknyga.lt\/#website\",\"url\":\"https:\/\/skaitytaknyga.lt\/\",\"name\":\"skaitytaknyga.lt\",\"description\":\"Skaitytaknyga.lt \u2013 tai ma\u017eas \u0161eimos verslas, kuris prasid\u0117jo nuo meil\u0117s knygoms ir siekio i\u0161gelb\u0117ti knygas nuo likimo prie konteinerio. Kas vienam nereikalingas daiktas \u2013 kitam lobis, o mes esame tarpininkai, kurie padeda abiems tapti laimingesniems ???? \u017dinome kaip nelengva i\u0161gyventi ma\u017eiems verslams, tad nuo \u0161iol, \u010dia rasite ir kit\u0173, ma\u017e\u0173 \u0161eim\u0173 versl\u0173, rank\u0173 darbo, dovan\u0173 sau ir artimiesiems.\",\"publisher\":{\"@id\":\"https:\/\/skaitytaknyga.lt\/#organization\"},\"potentialAction\":[{\"@type\":\"SearchAction\",\"target\":{\"@type\":\"EntryPoint\",\"urlTemplate\":\"https:\/\/skaitytaknyga.lt\/?s={search_term_string}\"},\"query-input\":{\"@type\":\"PropertyValueSpecification\",\"valueRequired\":true,\"valueName\":\"search_term_string\"}}],\"inLanguage\":\"en-GB\"},{\"@type\":\"Organization\",\"@id\":\"https:\/\/skaitytaknyga.lt\/#organization\",\"name\":\"skaitytaknyga.lt\",\"url\":\"https:\/\/skaitytaknyga.lt\/\",\"logo\":{\"@type\":\"ImageObject\",\"inLanguage\":\"en-GB\",\"@id\":\"https:\/\/skaitytaknyga.lt\/#\/schema\/logo\/image\/\",\"url\":\"https:\/\/skaitytaknyga.lt\/wp-content\/uploads\/2024\/05\/cropped-cropped-cropped-02_00843_jt3bggkj1j3HLc7SyY6rEUpg.jpeg\",\"contentUrl\":\"https:\/\/skaitytaknyga.lt\/wp-content\/uploads\/2024\/05\/cropped-cropped-cropped-02_00843_jt3bggkj1j3HLc7SyY6rEUpg.jpeg\",\"width\":1600,\"height\":1600,\"caption\":\"skaitytaknyga.lt\"},\"image\":{\"@id\":\"https:\/\/skaitytaknyga.lt\/#\/schema\/logo\/image\/\"},\"sameAs\":[\"https:\/\/www.facebook.com\/skaitytaknyga\/\"]}]}<\/script>\n<!-- \/ Yoast SEO plugin. -->","yoast_head_json":{"title":"Hot springs","description":"Earl Swagger is tough as hell. But even tough guys have their secrets. Plagued by the memory of his abusive father, apprehensive about his own impending parenthood, Earl is a decorated ex-Marine of absolute integrity\u2014and overwhelming melancholy. Now he\u2019s about to face his biggest, bloodiest challenge yet.  It is the summer of 1946, organized crime\u2019s garish golden age, when American justice seems to have gone to seed for good. Nowhere is this more true than in Hot Springs, Arkansas, the reigning capital of corruption. When the district attorney vows to bring down the mob, Earl is recruited to run the show. As casino raids erupt into nerve-shattering combat amid screaming prostitutes and fleeing johns, the body count mounts\u2014along with the suspense.","robots":{"index":"index","follow":"follow","max-snippet":"max-snippet:-1","max-image-preview":"max-image-preview:large","max-video-preview":"max-video-preview:-1"},"canonical":"https:\/\/skaitytaknyga.lt\/en\/produktas\/s-hunter-hot-springs\/","og_locale":"en_GB","og_type":"article","og_title":"[:lt]Hot springs[:] - Skaitytaknyga","og_description":"Earl Swagger is tough as hell. But even tough guys have their secrets. Plagued by the memory of his abusive father, apprehensive about his own impending parenthood, Earl is a decorated ex-Marine of absolute integrity\u2014and overwhelming melancholy. Now he\u2019s about to face his biggest, bloodiest challenge yet.  It is the summer of 1946, organized crime\u2019s garish golden age, when American justice seems to have gone to seed for good. Nowhere is this more true than in Hot Springs, Arkansas, the reigning capital of corruption. When the district attorney vows to bring down the mob, Earl is recruited to run the show. As casino raids erupt into nerve-shattering combat amid screaming prostitutes and fleeing johns, the body count mounts\u2014along with the suspense.","og_url":"https:\/\/skaitytaknyga.lt\/en\/produktas\/s-hunter-hot-springs\/","og_site_name":"Skaitytaknyga","article_publisher":"https:\/\/www.facebook.com\/skaitytaknyga\/","article_modified_time":"2026-03-05T14:00:55+00:00","og_image":[{"width":1267,"height":2169,"url":"https:\/\/skaitytaknyga.lt\/wp-content\/uploads\/2024\/04\/wp-1608652422779960273831549980173-scaled-e1608665296869.jpg","type":"image\/jpeg"}],"twitter_card":"summary_large_image","twitter_misc":{"Estimated reading time":"1 minute"},"schema":{"@context":"https:\/\/schema.org","@graph":[{"@type":"WebPage","@id":"https:\/\/skaitytaknyga.lt\/produktas\/s-hunter-hot-springs\/","url":"https:\/\/skaitytaknyga.lt\/produktas\/s-hunter-hot-springs\/","name":"Hot springs","isPartOf":{"@id":"https:\/\/skaitytaknyga.lt\/#website"},"primaryImageOfPage":{"@id":"https:\/\/skaitytaknyga.lt\/produktas\/s-hunter-hot-springs\/#primaryimage"},"image":{"@id":"https:\/\/skaitytaknyga.lt\/produktas\/s-hunter-hot-springs\/#primaryimage"},"thumbnailUrl":"https:\/\/skaitytaknyga.lt\/wp-content\/uploads\/2024\/04\/wp-1608652422779960273831549980173-scaled-e1608665296869.jpg","datePublished":"2024-04-17T13:35:49+00:00","dateModified":"2026-03-05T14:00:55+00:00","description":"Earl Swagger is tough as hell. But even tough guys have their secrets. Plagued by the memory of his abusive father, apprehensive about his own impending parenthood, Earl is a decorated ex-Marine of absolute integrity\u2014and overwhelming melancholy. Now he\u2019s about to face his biggest, bloodiest challenge yet. It is the summer of 1946, organized crime\u2019s garish golden age, when American justice seems to have gone to seed for good. Nowhere is this more true than in Hot Springs, Arkansas, the reigning capital of corruption. When the district attorney vows to bring down the mob, Earl is recruited to run the show. As casino raids erupt into nerve-shattering combat amid screaming prostitutes and fleeing johns, the body count mounts\u2014along with the suspense.","breadcrumb":{"@id":"https:\/\/skaitytaknyga.lt\/produktas\/s-hunter-hot-springs\/#breadcrumb"},"inLanguage":"en-GB","potentialAction":[{"@type":"ReadAction","target":["https:\/\/skaitytaknyga.lt\/produktas\/s-hunter-hot-springs\/"]}]},{"@type":"ImageObject","inLanguage":"en-GB","@id":"https:\/\/skaitytaknyga.lt\/produktas\/s-hunter-hot-springs\/#primaryimage","url":"https:\/\/skaitytaknyga.lt\/wp-content\/uploads\/2024\/04\/wp-1608652422779960273831549980173-scaled-e1608665296869.jpg","contentUrl":"https:\/\/skaitytaknyga.lt\/wp-content\/uploads\/2024\/04\/wp-1608652422779960273831549980173-scaled-e1608665296869.jpg","width":1267,"height":2169,"caption":"wp 1608652422779960273831549980173 scaled e1608665296869"},{"@type":"BreadcrumbList","@id":"https:\/\/skaitytaknyga.lt\/produktas\/s-hunter-hot-springs\/#breadcrumb","itemListElement":[{"@type":"ListItem","position":1,"name":"Home","item":"https:\/\/skaitytaknyga.lt\/"},{"@type":"ListItem","position":2,"name":"Parduotuv\u0117","item":"https:\/\/skaitytaknyga.lt\/knygu-parduotuve\/"},{"@type":"ListItem","position":3,"name":"Hot springs"}]},{"@type":"WebSite","@id":"https:\/\/skaitytaknyga.lt\/#website","url":"https:\/\/skaitytaknyga.lt\/","name":"skaitytaknyga.lt","description":"Skaitytaknyga.lt \u2013 tai ma\u017eas \u0161eimos verslas, kuris prasid\u0117jo nuo meil\u0117s knygoms ir siekio i\u0161gelb\u0117ti knygas nuo likimo prie konteinerio. Kas vienam nereikalingas daiktas \u2013 kitam lobis, o mes esame tarpininkai, kurie padeda abiems tapti laimingesniems ???? \u017dinome kaip nelengva i\u0161gyventi ma\u017eiems verslams, tad nuo \u0161iol, \u010dia rasite ir kit\u0173, ma\u017e\u0173 \u0161eim\u0173 versl\u0173, rank\u0173 darbo, dovan\u0173 sau ir artimiesiems.","publisher":{"@id":"https:\/\/skaitytaknyga.lt\/#organization"},"potentialAction":[{"@type":"SearchAction","target":{"@type":"EntryPoint","urlTemplate":"https:\/\/skaitytaknyga.lt\/?s={search_term_string}"},"query-input":{"@type":"PropertyValueSpecification","valueRequired":true,"valueName":"search_term_string"}}],"inLanguage":"en-GB"},{"@type":"Organization","@id":"https:\/\/skaitytaknyga.lt\/#organization","name":"skaitytaknyga.lt","url":"https:\/\/skaitytaknyga.lt\/","logo":{"@type":"ImageObject","inLanguage":"en-GB","@id":"https:\/\/skaitytaknyga.lt\/#\/schema\/logo\/image\/","url":"https:\/\/skaitytaknyga.lt\/wp-content\/uploads\/2024\/05\/cropped-cropped-cropped-02_00843_jt3bggkj1j3HLc7SyY6rEUpg.jpeg","contentUrl":"https:\/\/skaitytaknyga.lt\/wp-content\/uploads\/2024\/05\/cropped-cropped-cropped-02_00843_jt3bggkj1j3HLc7SyY6rEUpg.jpeg","width":1600,"height":1600,"caption":"skaitytaknyga.lt"},"image":{"@id":"https:\/\/skaitytaknyga.lt\/#\/schema\/logo\/image\/"},"sameAs":["https:\/\/www.facebook.com\/skaitytaknyga\/"]}]}},"_links":{"self":[{"href":"https:\/\/skaitytaknyga.lt\/en\/wp-json\/wp\/v2\/product\/3684","targetHints":{"allow":["GET"]}}],"collection":[{"href":"https:\/\/skaitytaknyga.lt\/en\/wp-json\/wp\/v2\/product"}],"about":[{"href":"https:\/\/skaitytaknyga.lt\/en\/wp-json\/wp\/v2\/types\/product"}],"replies":[{"embeddable":true,"href":"https:\/\/skaitytaknyga.lt\/en\/wp-json\/wp\/v2\/comments?post=3684"}],"wp:featuredmedia":[{"embeddable":true,"href":"https:\/\/skaitytaknyga.lt\/en\/wp-json\/wp\/v2\/media\/3717"}],"wp:attachment":[{"href":"https:\/\/skaitytaknyga.lt\/en\/wp-json\/wp\/v2\/media?parent=3684"}],"wp:term":[{"taxonomy":"product_brand","embeddable":true,"href":"https:\/\/skaitytaknyga.lt\/en\/wp-json\/wp\/v2\/product_brand?post=3684"},{"taxonomy":"product_cat","embeddable":true,"href":"https:\/\/skaitytaknyga.lt\/en\/wp-json\/wp\/v2\/product_cat?post=3684"},{"taxonomy":"product_tag","embeddable":true,"href":"https:\/\/skaitytaknyga.lt\/en\/wp-json\/wp\/v2\/product_tag?post=3684"}],"curies":[{"name":"wp","href":"https:\/\/api.w.org\/{rel}","templated":true}]}}