{"id":3655,"date":"2024-04-17T13:35:26","date_gmt":"2024-04-17T13:35:26","guid":{"rendered":"https:\/\/skaitytaknyga.lt\/?post_type=product&#038;p=3655"},"modified":"2026-03-05T10:46:58","modified_gmt":"2026-03-05T08:46:58","slug":"j-grisham-the-partner","status":"publish","type":"product","link":"https:\/\/skaitytaknyga.lt\/en\/produktas\/j-grisham-the-partner\/","title":{"rendered":"The partner"},"content":{"rendered":"<p>A man will do almost anything for ninety million dollars. So will its rightful owners. They found him in a small town in Brazil. He had a new name, Danilo Silva, and his appearance had been changed by plastic surgery. The search had taken four years. They&#8217;d chased him around the world, always just missing him. It had cost their clients $3.5 million. But so far none of them had complained.<\/p>\n<p>The man they were about to kidnap had not always been called Danilo Silva. Before he had had another life, a life which ended in a car crash in February 1992. His gravestone lay in a cemetery in Biloxi, Mississippi. His name before his death was Patrick S. Lanigan. He had been a partner at an up-and-coming law firm. He had a pretty wife, a young daughter, and a bright future. Six weeks after his death, $90 million disappeared from the law firm.<\/p>\n<p>It was then that his partners knew he was still alive. And the chase was on<\/p>\n","protected":false},"excerpt":{"rendered":"<p>A man will do almost anything for ninety million dollars. So will its rightful owners. They found him in a small town in Brazil. He had a new name, Danilo Silva, and his appearance had been changed by plastic surgery. The search had taken four years. They&#8217;d chased him around the world, always just missing him. It had cost their clients $3.5 million. But so far none of them had complained.<\/p>\n<p>The man they were about to kidnap had not always been called Danilo Silva. Before he had had another life, a life which ended in a car crash in February 1992. His gravestone lay in a cemetery in Biloxi, Mississippi. His name before his death was Patrick S. Lanigan. He had been a partner at an up-and-coming law firm. He had a pretty wife, a young daughter, and a bright future. Six weeks after his death, $90 million disappeared from the law firm.<\/p>\n<p>It was then that his partners knew he was still alive. And the chase was on<\/p>\n","protected":false},"featured_media":3709,"comment_status":"closed","ping_status":"closed","template":"","meta":{"_acf_changed":false,"site-sidebar-layout":"default","site-content-layout":"","ast-site-content-layout":"default","site-content-style":"default","site-sidebar-style":"default","ast-global-header-display":"","ast-banner-title-visibility":"","ast-main-header-display":"","ast-hfb-above-header-display":"","ast-hfb-below-header-display":"","ast-hfb-mobile-header-display":"","site-post-title":"","ast-breadcrumbs-content":"","ast-featured-img":"","footer-sml-layout":"","ast-disable-related-posts":"","theme-transparent-header-meta":"","adv-header-id-meta":"","stick-header-meta":"","header-above-stick-meta":"","header-main-stick-meta":"","header-below-stick-meta":"","astra-migrate-meta-layouts":"default","ast-page-background-enabled":"default","ast-page-background-meta":{"desktop":{"background-color":"","background-image":"","background-repeat":"repeat","background-position":"center center","background-size":"auto","background-attachment":"scroll","background-type":"","background-media":"","overlay-type":"","overlay-color":"","overlay-opacity":"","overlay-gradient":""},"tablet":{"background-color":"","background-image":"","background-repeat":"repeat","background-position":"center center","background-size":"auto","background-attachment":"scroll","background-type":"","background-media":"","overlay-type":"","overlay-color":"","overlay-opacity":"","overlay-gradient":""},"mobile":{"background-color":"","background-image":"","background-repeat":"repeat","background-position":"center center","background-size":"auto","background-attachment":"scroll","background-type":"","background-media":"","overlay-type":"","overlay-color":"","overlay-opacity":"","overlay-gradient":""}},"ast-content-background-meta":{"desktop":{"background-color":"var(--ast-global-color-4)","background-image":"","background-repeat":"repeat","background-position":"center center","background-size":"auto","background-attachment":"scroll","background-type":"","background-media":"","overlay-type":"","overlay-color":"","overlay-opacity":"","overlay-gradient":""},"tablet":{"background-color":"var(--ast-global-color-4)","background-image":"","background-repeat":"repeat","background-position":"center center","background-size":"auto","background-attachment":"scroll","background-type":"","background-media":"","overlay-type":"","overlay-color":"","overlay-opacity":"","overlay-gradient":""},"mobile":{"background-color":"var(--ast-global-color-4)","background-image":"","background-repeat":"repeat","background-position":"center center","background-size":"auto","background-attachment":"scroll","background-type":"","background-media":"","overlay-type":"","overlay-color":"","overlay-opacity":"","overlay-gradient":""}}},"product_brand":[],"product_cat":[9581],"product_tag":[],"class_list":{"0":"post-3655","1":"product","2":"type-product","3":"status-publish","4":"has-post-thumbnail","6":"product_cat-kriminaliniai-romanai","7":"desktop-align-left","8":"tablet-align-left","9":"mobile-align-left","11":"first","12":"outofstock","13":"shipping-taxable","14":"purchasable","15":"product-type-simple"},"acf":[],"yoast_head":"<!-- This site is optimized with the Yoast SEO plugin v27.0 - https:\/\/yoast.com\/product\/yoast-seo-wordpress\/ -->\n<title>The partner<\/title>\n<meta name=\"description\" content=\"A man will do almost anything for ninety million dollars. So will its rightful owners. They found him in a small town in Brazil. He had a new name, Danilo Silva, and his appearance had been changed by plastic surgery. The search had taken four years. They&#039;d chased him around the world, always just missing him. It had cost their clients $3.5 million. But so far none of them had complained.  The man they were about to kidnap had not always been called Danilo Silva. Before he had had another life, a life which ended in a car crash in February 1992. His gravestone lay in a cemetery in Biloxi, Mississippi. His name before his death was Patrick S. Lanigan. He had been a partner at an up-and-coming law firm. He had a pretty wife, a young daughter, and a bright future. Six weeks after his death, $90 million disappeared from the law firm.  It was then that his partners knew he was still alive. And the chase was on\" \/>\n<meta name=\"robots\" content=\"index, follow, max-snippet:-1, max-image-preview:large, max-video-preview:-1\" \/>\n<link rel=\"canonical\" href=\"https:\/\/skaitytaknyga.lt\/en\/produktas\/j-grisham-the-partner\/\" \/>\n<meta property=\"og:locale\" content=\"en_GB\" \/>\n<meta property=\"og:locale:alternate\" content=\"lt_LT\" \/>\n<meta property=\"og:type\" content=\"article\" \/>\n<meta property=\"og:title\" content=\"The partner\" \/>\n<meta property=\"og:description\" content=\"A man will do almost anything for ninety million dollars. So will its rightful owners. They found him in a small town in Brazil. He had a new name, Danilo Silva, and his appearance had been changed by plastic surgery. The search had taken four years. They&#039;d chased him around the world, always just missing him. It had cost their clients $3.5 million. But so far none of them had complained.  The man they were about to kidnap had not always been called Danilo Silva. Before he had had another life, a life which ended in a car crash in February 1992. His gravestone lay in a cemetery in Biloxi, Mississippi. His name before his death was Patrick S. Lanigan. He had been a partner at an up-and-coming law firm. He had a pretty wife, a young daughter, and a bright future. Six weeks after his death, $90 million disappeared from the law firm.  It was then that his partners knew he was still alive. And the chase was on\" \/>\n<meta property=\"og:url\" content=\"https:\/\/skaitytaknyga.lt\/en\/produktas\/j-grisham-the-partner\/\" \/>\n<meta property=\"og:site_name\" content=\"Skaitytaknyga\" \/>\n<meta property=\"article:publisher\" content=\"https:\/\/www.facebook.com\/skaitytaknyga\/\" \/>\n<meta property=\"article:modified_time\" content=\"2026-03-05T08:46:58+00:00\" \/>\n<meta property=\"og:image\" content=\"https:\/\/skaitytaknyga.lt\/wp-content\/uploads\/2024\/04\/132048791_314385469807347_2213712300646784845_n-e1608663507604.jpg\" \/>\n\t<meta property=\"og:image:width\" content=\"567\" \/>\n\t<meta property=\"og:image:height\" content=\"919\" \/>\n\t<meta property=\"og:image:type\" content=\"image\/jpeg\" \/>\n<meta name=\"twitter:card\" content=\"summary_large_image\" \/>\n<meta name=\"twitter:label1\" content=\"Estimated reading time\" \/>\n\t<meta name=\"twitter:data1\" content=\"1 minute\" \/>\n<script type=\"application\/ld+json\" class=\"yoast-schema-graph\">{\"@context\":\"https:\/\/schema.org\",\"@graph\":[{\"@type\":\"WebPage\",\"@id\":\"https:\/\/skaitytaknyga.lt\/produktas\/j-grisham-the-partner\/\",\"url\":\"https:\/\/skaitytaknyga.lt\/produktas\/j-grisham-the-partner\/\",\"name\":\"The partner\",\"isPartOf\":{\"@id\":\"https:\/\/skaitytaknyga.lt\/#website\"},\"primaryImageOfPage\":{\"@id\":\"https:\/\/skaitytaknyga.lt\/produktas\/j-grisham-the-partner\/#primaryimage\"},\"image\":{\"@id\":\"https:\/\/skaitytaknyga.lt\/produktas\/j-grisham-the-partner\/#primaryimage\"},\"thumbnailUrl\":\"https:\/\/skaitytaknyga.lt\/wp-content\/uploads\/2024\/04\/132048791_314385469807347_2213712300646784845_n-e1608663507604.jpg\",\"datePublished\":\"2024-04-17T13:35:26+00:00\",\"dateModified\":\"2026-03-05T08:46:58+00:00\",\"description\":\"A man will do almost anything for ninety million dollars. So will its rightful owners. They found him in a small town in Brazil. He had a new name, Danilo Silva, and his appearance had been changed by plastic surgery. The search had taken four years. They'd chased him around the world, always just missing him. It had cost their clients $3.5 million. But so far none of them had complained. The man they were about to kidnap had not always been called Danilo Silva. Before he had had another life, a life which ended in a car crash in February 1992. His gravestone lay in a cemetery in Biloxi, Mississippi. His name before his death was Patrick S. Lanigan. He had been a partner at an up-and-coming law firm. He had a pretty wife, a young daughter, and a bright future. Six weeks after his death, $90 million disappeared from the law firm. It was then that his partners knew he was still alive. And the chase was on\",\"breadcrumb\":{\"@id\":\"https:\/\/skaitytaknyga.lt\/produktas\/j-grisham-the-partner\/#breadcrumb\"},\"inLanguage\":\"en-GB\",\"potentialAction\":[{\"@type\":\"ReadAction\",\"target\":[\"https:\/\/skaitytaknyga.lt\/produktas\/j-grisham-the-partner\/\"]}]},{\"@type\":\"ImageObject\",\"inLanguage\":\"en-GB\",\"@id\":\"https:\/\/skaitytaknyga.lt\/produktas\/j-grisham-the-partner\/#primaryimage\",\"url\":\"https:\/\/skaitytaknyga.lt\/wp-content\/uploads\/2024\/04\/132048791_314385469807347_2213712300646784845_n-e1608663507604.jpg\",\"contentUrl\":\"https:\/\/skaitytaknyga.lt\/wp-content\/uploads\/2024\/04\/132048791_314385469807347_2213712300646784845_n-e1608663507604.jpg\",\"width\":567,\"height\":919,\"caption\":\"132048791 314385469807347 2213712300646784845 n e1608663507604\"},{\"@type\":\"BreadcrumbList\",\"@id\":\"https:\/\/skaitytaknyga.lt\/produktas\/j-grisham-the-partner\/#breadcrumb\",\"itemListElement\":[{\"@type\":\"ListItem\",\"position\":1,\"name\":\"Home\",\"item\":\"https:\/\/skaitytaknyga.lt\/\"},{\"@type\":\"ListItem\",\"position\":2,\"name\":\"Parduotuv\u0117\",\"item\":\"https:\/\/skaitytaknyga.lt\/knygu-parduotuve\/\"},{\"@type\":\"ListItem\",\"position\":3,\"name\":\"The partner\"}]},{\"@type\":\"WebSite\",\"@id\":\"https:\/\/skaitytaknyga.lt\/#website\",\"url\":\"https:\/\/skaitytaknyga.lt\/\",\"name\":\"skaitytaknyga.lt\",\"description\":\"Skaitytaknyga.lt \u2013 tai ma\u017eas \u0161eimos verslas, kuris prasid\u0117jo nuo meil\u0117s knygoms ir siekio i\u0161gelb\u0117ti knygas nuo likimo prie konteinerio. Kas vienam nereikalingas daiktas \u2013 kitam lobis, o mes esame tarpininkai, kurie padeda abiems tapti laimingesniems ???? \u017dinome kaip nelengva i\u0161gyventi ma\u017eiems verslams, tad nuo \u0161iol, \u010dia rasite ir kit\u0173, ma\u017e\u0173 \u0161eim\u0173 versl\u0173, rank\u0173 darbo, dovan\u0173 sau ir artimiesiems.\",\"publisher\":{\"@id\":\"https:\/\/skaitytaknyga.lt\/#organization\"},\"potentialAction\":[{\"@type\":\"SearchAction\",\"target\":{\"@type\":\"EntryPoint\",\"urlTemplate\":\"https:\/\/skaitytaknyga.lt\/?s={search_term_string}\"},\"query-input\":{\"@type\":\"PropertyValueSpecification\",\"valueRequired\":true,\"valueName\":\"search_term_string\"}}],\"inLanguage\":\"en-GB\"},{\"@type\":\"Organization\",\"@id\":\"https:\/\/skaitytaknyga.lt\/#organization\",\"name\":\"skaitytaknyga.lt\",\"url\":\"https:\/\/skaitytaknyga.lt\/\",\"logo\":{\"@type\":\"ImageObject\",\"inLanguage\":\"en-GB\",\"@id\":\"https:\/\/skaitytaknyga.lt\/#\/schema\/logo\/image\/\",\"url\":\"https:\/\/skaitytaknyga.lt\/wp-content\/uploads\/2024\/05\/cropped-cropped-cropped-02_00843_jt3bggkj1j3HLc7SyY6rEUpg.jpeg\",\"contentUrl\":\"https:\/\/skaitytaknyga.lt\/wp-content\/uploads\/2024\/05\/cropped-cropped-cropped-02_00843_jt3bggkj1j3HLc7SyY6rEUpg.jpeg\",\"width\":1600,\"height\":1600,\"caption\":\"skaitytaknyga.lt\"},\"image\":{\"@id\":\"https:\/\/skaitytaknyga.lt\/#\/schema\/logo\/image\/\"},\"sameAs\":[\"https:\/\/www.facebook.com\/skaitytaknyga\/\"]}]}<\/script>\n<!-- \/ Yoast SEO plugin. -->","yoast_head_json":{"title":"The partner","description":"A man will do almost anything for ninety million dollars. So will its rightful owners. They found him in a small town in Brazil. He had a new name, Danilo Silva, and his appearance had been changed by plastic surgery. The search had taken four years. They'd chased him around the world, always just missing him. It had cost their clients $3.5 million. But so far none of them had complained.  The man they were about to kidnap had not always been called Danilo Silva. Before he had had another life, a life which ended in a car crash in February 1992. His gravestone lay in a cemetery in Biloxi, Mississippi. His name before his death was Patrick S. Lanigan. He had been a partner at an up-and-coming law firm. He had a pretty wife, a young daughter, and a bright future. Six weeks after his death, $90 million disappeared from the law firm.  It was then that his partners knew he was still alive. And the chase was on","robots":{"index":"index","follow":"follow","max-snippet":"max-snippet:-1","max-image-preview":"max-image-preview:large","max-video-preview":"max-video-preview:-1"},"canonical":"https:\/\/skaitytaknyga.lt\/en\/produktas\/j-grisham-the-partner\/","og_locale":"en_GB","og_type":"article","og_title":"[:lt]The partner[:] - Skaitytaknyga","og_description":"A man will do almost anything for ninety million dollars. So will its rightful owners. They found him in a small town in Brazil. He had a new name, Danilo Silva, and his appearance had been changed by plastic surgery. The search had taken four years. They'd chased him around the world, always just missing him. It had cost their clients $3.5 million. But so far none of them had complained.  The man they were about to kidnap had not always been called Danilo Silva. Before he had had another life, a life which ended in a car crash in February 1992. His gravestone lay in a cemetery in Biloxi, Mississippi. His name before his death was Patrick S. Lanigan. He had been a partner at an up-and-coming law firm. He had a pretty wife, a young daughter, and a bright future. Six weeks after his death, $90 million disappeared from the law firm.  It was then that his partners knew he was still alive. And the chase was on","og_url":"https:\/\/skaitytaknyga.lt\/en\/produktas\/j-grisham-the-partner\/","og_site_name":"Skaitytaknyga","article_publisher":"https:\/\/www.facebook.com\/skaitytaknyga\/","article_modified_time":"2026-03-05T08:46:58+00:00","og_image":[{"width":567,"height":919,"url":"https:\/\/skaitytaknyga.lt\/wp-content\/uploads\/2024\/04\/132048791_314385469807347_2213712300646784845_n-e1608663507604.jpg","type":"image\/jpeg"}],"twitter_card":"summary_large_image","twitter_misc":{"Estimated reading time":"1 minute"},"schema":{"@context":"https:\/\/schema.org","@graph":[{"@type":"WebPage","@id":"https:\/\/skaitytaknyga.lt\/produktas\/j-grisham-the-partner\/","url":"https:\/\/skaitytaknyga.lt\/produktas\/j-grisham-the-partner\/","name":"The partner","isPartOf":{"@id":"https:\/\/skaitytaknyga.lt\/#website"},"primaryImageOfPage":{"@id":"https:\/\/skaitytaknyga.lt\/produktas\/j-grisham-the-partner\/#primaryimage"},"image":{"@id":"https:\/\/skaitytaknyga.lt\/produktas\/j-grisham-the-partner\/#primaryimage"},"thumbnailUrl":"https:\/\/skaitytaknyga.lt\/wp-content\/uploads\/2024\/04\/132048791_314385469807347_2213712300646784845_n-e1608663507604.jpg","datePublished":"2024-04-17T13:35:26+00:00","dateModified":"2026-03-05T08:46:58+00:00","description":"A man will do almost anything for ninety million dollars. So will its rightful owners. They found him in a small town in Brazil. He had a new name, Danilo Silva, and his appearance had been changed by plastic surgery. The search had taken four years. They'd chased him around the world, always just missing him. It had cost their clients $3.5 million. But so far none of them had complained. The man they were about to kidnap had not always been called Danilo Silva. Before he had had another life, a life which ended in a car crash in February 1992. His gravestone lay in a cemetery in Biloxi, Mississippi. His name before his death was Patrick S. Lanigan. He had been a partner at an up-and-coming law firm. He had a pretty wife, a young daughter, and a bright future. Six weeks after his death, $90 million disappeared from the law firm. It was then that his partners knew he was still alive. And the chase was on","breadcrumb":{"@id":"https:\/\/skaitytaknyga.lt\/produktas\/j-grisham-the-partner\/#breadcrumb"},"inLanguage":"en-GB","potentialAction":[{"@type":"ReadAction","target":["https:\/\/skaitytaknyga.lt\/produktas\/j-grisham-the-partner\/"]}]},{"@type":"ImageObject","inLanguage":"en-GB","@id":"https:\/\/skaitytaknyga.lt\/produktas\/j-grisham-the-partner\/#primaryimage","url":"https:\/\/skaitytaknyga.lt\/wp-content\/uploads\/2024\/04\/132048791_314385469807347_2213712300646784845_n-e1608663507604.jpg","contentUrl":"https:\/\/skaitytaknyga.lt\/wp-content\/uploads\/2024\/04\/132048791_314385469807347_2213712300646784845_n-e1608663507604.jpg","width":567,"height":919,"caption":"132048791 314385469807347 2213712300646784845 n e1608663507604"},{"@type":"BreadcrumbList","@id":"https:\/\/skaitytaknyga.lt\/produktas\/j-grisham-the-partner\/#breadcrumb","itemListElement":[{"@type":"ListItem","position":1,"name":"Home","item":"https:\/\/skaitytaknyga.lt\/"},{"@type":"ListItem","position":2,"name":"Parduotuv\u0117","item":"https:\/\/skaitytaknyga.lt\/knygu-parduotuve\/"},{"@type":"ListItem","position":3,"name":"The partner"}]},{"@type":"WebSite","@id":"https:\/\/skaitytaknyga.lt\/#website","url":"https:\/\/skaitytaknyga.lt\/","name":"skaitytaknyga.lt","description":"Skaitytaknyga.lt \u2013 tai ma\u017eas \u0161eimos verslas, kuris prasid\u0117jo nuo meil\u0117s knygoms ir siekio i\u0161gelb\u0117ti knygas nuo likimo prie konteinerio. Kas vienam nereikalingas daiktas \u2013 kitam lobis, o mes esame tarpininkai, kurie padeda abiems tapti laimingesniems ???? \u017dinome kaip nelengva i\u0161gyventi ma\u017eiems verslams, tad nuo \u0161iol, \u010dia rasite ir kit\u0173, ma\u017e\u0173 \u0161eim\u0173 versl\u0173, rank\u0173 darbo, dovan\u0173 sau ir artimiesiems.","publisher":{"@id":"https:\/\/skaitytaknyga.lt\/#organization"},"potentialAction":[{"@type":"SearchAction","target":{"@type":"EntryPoint","urlTemplate":"https:\/\/skaitytaknyga.lt\/?s={search_term_string}"},"query-input":{"@type":"PropertyValueSpecification","valueRequired":true,"valueName":"search_term_string"}}],"inLanguage":"en-GB"},{"@type":"Organization","@id":"https:\/\/skaitytaknyga.lt\/#organization","name":"skaitytaknyga.lt","url":"https:\/\/skaitytaknyga.lt\/","logo":{"@type":"ImageObject","inLanguage":"en-GB","@id":"https:\/\/skaitytaknyga.lt\/#\/schema\/logo\/image\/","url":"https:\/\/skaitytaknyga.lt\/wp-content\/uploads\/2024\/05\/cropped-cropped-cropped-02_00843_jt3bggkj1j3HLc7SyY6rEUpg.jpeg","contentUrl":"https:\/\/skaitytaknyga.lt\/wp-content\/uploads\/2024\/05\/cropped-cropped-cropped-02_00843_jt3bggkj1j3HLc7SyY6rEUpg.jpeg","width":1600,"height":1600,"caption":"skaitytaknyga.lt"},"image":{"@id":"https:\/\/skaitytaknyga.lt\/#\/schema\/logo\/image\/"},"sameAs":["https:\/\/www.facebook.com\/skaitytaknyga\/"]}]}},"_links":{"self":[{"href":"https:\/\/skaitytaknyga.lt\/en\/wp-json\/wp\/v2\/product\/3655","targetHints":{"allow":["GET"]}}],"collection":[{"href":"https:\/\/skaitytaknyga.lt\/en\/wp-json\/wp\/v2\/product"}],"about":[{"href":"https:\/\/skaitytaknyga.lt\/en\/wp-json\/wp\/v2\/types\/product"}],"replies":[{"embeddable":true,"href":"https:\/\/skaitytaknyga.lt\/en\/wp-json\/wp\/v2\/comments?post=3655"}],"wp:featuredmedia":[{"embeddable":true,"href":"https:\/\/skaitytaknyga.lt\/en\/wp-json\/wp\/v2\/media\/3709"}],"wp:attachment":[{"href":"https:\/\/skaitytaknyga.lt\/en\/wp-json\/wp\/v2\/media?parent=3655"}],"wp:term":[{"taxonomy":"product_brand","embeddable":true,"href":"https:\/\/skaitytaknyga.lt\/en\/wp-json\/wp\/v2\/product_brand?post=3655"},{"taxonomy":"product_cat","embeddable":true,"href":"https:\/\/skaitytaknyga.lt\/en\/wp-json\/wp\/v2\/product_cat?post=3655"},{"taxonomy":"product_tag","embeddable":true,"href":"https:\/\/skaitytaknyga.lt\/en\/wp-json\/wp\/v2\/product_tag?post=3655"}],"curies":[{"name":"wp","href":"https:\/\/api.w.org\/{rel}","templated":true}]}}